{"id":380715,"date":"2026-01-28T14:05:16","date_gmt":"2026-01-28T17:05:16","guid":{"rendered":"https:\/\/adventurecenter.com.ar\/?post_type=product&#038;p=380715"},"modified":"2026-04-09T09:13:34","modified_gmt":"2026-04-09T12:13:34","slug":"buceo-bautismo-en-bariloche","status":"publish","type":"product","link":"https:\/\/adventurecenter.com.ar\/pt\/product\/batismo-de-mergulho-em-bariloche\/","title":{"rendered":"Descubra o mergulho em Bariloche"},"content":{"rendered":"<h2>Mergulhe no Lago Moreno e descubra sua primeira experi\u00eancia de mergulho no cora\u00e7\u00e3o da Patag\u00f4nia.<\/h2>\n<p data-start=\"786\" data-end=\"1042\">Senti a emo\u00e7\u00e3o de flutuar embaixo d'\u00e1gua cercado por montanhas, florestas e a calma profunda do Lago Moreno.<br data-start=\"891\" data-end=\"894\" \/>O <em data-start=\"897\" data-end=\"913\">Batismo de mergulho<\/em> \u00e9 a porta de entrada para o mundo subaqu\u00e1tico: uma experi\u00eancia diferente, intensa e surpreendentemente relaxante ao mesmo tempo.<\/p>\n<p data-start=\"1044\" data-end=\"1308\">Durante duas horas, voc\u00ea aprender\u00e1 os fundamentos do mergulho aut\u00f4nomo com nossos instrutores certificados e experimentar\u00e1 20 a 30 minutos de mergulho real.<br data-start=\"1201\" data-end=\"1204\" \/>Uma experi\u00eancia que combina natureza, descoberta e o prazer de experimentar algo completamente novo.<\/p>\n<h3 data-start=\"1315\" data-end=\"1357\"><strong data-start=\"1322\" data-end=\"1357\">Por que escolher essa experi\u00eancia<\/strong><\/h3>\n<ul data-start=\"1359\" data-end=\"1698\">\n<li data-start=\"1359\" data-end=\"1432\">\n<p data-start=\"1361\" data-end=\"1432\">Uma atividade diferente, ideal para quem busca novas sensa\u00e7\u00f5es.<\/p>\n<\/li>\n<li data-start=\"1433\" data-end=\"1494\">\n<p data-start=\"1435\" data-end=\"1494\">Guias e instrutores certificados com ampla experi\u00eancia.<\/p>\n<\/li>\n<li data-start=\"1495\" data-end=\"1532\">\n<p data-start=\"1497\" data-end=\"1532\">Equipamento t\u00e9cnico completo inclu\u00eddo.<\/p>\n<\/li>\n<li data-start=\"1533\" data-end=\"1615\">\n<p data-start=\"1535\" data-end=\"1615\">Cen\u00e1rio \u00fanico: Lago Moreno, um dos lugares mais puros da Patag\u00f4nia.<\/p>\n<\/li>\n<li data-start=\"1616\" data-end=\"1698\">\n<p data-start=\"1618\" data-end=\"1698\">Atividade curta, perfeita para adicionar ao seu itiner\u00e1rio de aventura em Bariloche.<\/p>\n<\/li>\n<\/ul>\n<h3 data-start=\"1705\" data-end=\"1732\"><strong data-start=\"1712\" data-end=\"1732\">Como ser\u00e1 seu dia<\/strong><\/h3>\n<p data-start=\"1734\" data-end=\"1937\">O ponto de encontro \u00e9 no local combinado, do centro de Bariloche at\u00e9 o km 8 da Avenida Bustillo.<br data-start=\"1835\" data-end=\"1838\" \/>Nossa equipe do Centro de Aventura est\u00e1 esperando por voc\u00ea l\u00e1, pronta para acompanh\u00e1-lo nessa experi\u00eancia \u00fanica.<\/p>\n<p data-start=\"1939\" data-end=\"2125\">Voc\u00ea come\u00e7a com uma breve palestra introdut\u00f3ria e pratica na superf\u00edcie para se familiarizar com o equipamento. Em seguida, chega o momento mais esperado: mergulhar nas \u00e1guas do Lago Moreno.<\/p>\n<p data-start=\"2127\" data-end=\"2399\">Durante 20 a 30 minutos, voc\u00ea descobrir\u00e1 um mundo de sil\u00eancio e luz, com paisagens subaqu\u00e1ticas que parecem ser de outro planeta.<br data-start=\"2254\" data-end=\"2257\" \/>No final, voc\u00ea voltar\u00e1 \u00e0 superf\u00edcie com um sorriso no rosto e uma sensa\u00e7\u00e3o de calma e realiza\u00e7\u00e3o que s\u00f3 a natureza patag\u00f4nica pode gerar.<\/p>\n<p data-start=\"2401\" data-end=\"2499\">A experi\u00eancia completa dura cerca de duas horas e inclui todos os equipamentos, acompanhamento e traslado.<\/p>\n<h3 data-start=\"2506\" data-end=\"2537\"><strong data-start=\"2513\" data-end=\"2537\">Informa\u00e7\u00f5es pr\u00e1ticas<\/strong><\/h3>\n<ul data-start=\"2539\" data-end=\"3111\">\n<li data-start=\"2539\" data-end=\"2615\">\n<p data-start=\"2541\" data-end=\"2615\"><strong data-start=\"2541\" data-end=\"2554\">Hor\u00e1rios:<\/strong> 11:00 \u00e0s 15:00 \/ 13:00 \u00e0s 17:00 (segunda, quarta e domingo).<\/p>\n<\/li>\n<li data-start=\"2616\" data-end=\"2673\">\n<p data-start=\"2618\" data-end=\"2673\"><strong data-start=\"2618\" data-end=\"2631\">Dura\u00e7\u00e3o:<\/strong> Aproximadamente 2 horas (20 a 30 minutos de imers\u00e3o).<\/p>\n<\/li>\n<li data-start=\"2674\" data-end=\"2701\">\n<p data-start=\"2676\" data-end=\"2701\"><strong data-start=\"2676\" data-end=\"2692\">Idade m\u00ednima:<\/strong> 8 anos.<\/p>\n<\/li>\n<li data-start=\"2702\" data-end=\"2814\">\n<p data-start=\"2704\" data-end=\"2814\"><strong data-start=\"2704\" data-end=\"2727\">Ponto de encontro:<\/strong> do centro de Bariloche at\u00e9 o km 8 da Avenida Bustillo (outros pontos sob consulta).<\/p>\n<\/li>\n<li data-start=\"2815\" data-end=\"2899\">\n<p data-start=\"2817\" data-end=\"2899\"><strong data-start=\"2817\" data-end=\"2829\">Ele inclui:<\/strong> instrutores certificados, equipamento t\u00e9cnico completo e transporte.<\/p>\n<\/li>\n<li data-start=\"2900\" data-end=\"2938\">\n<p data-start=\"2902\" data-end=\"2938\"><strong data-start=\"2902\" data-end=\"2917\">N\u00e3o inclu\u00eddo:<\/strong> alimentos e bebidas.<\/p>\n<\/li>\n<li data-start=\"2939\" data-end=\"3026\">\n<p data-start=\"2941\" data-end=\"3026\"><strong data-start=\"2941\" data-end=\"2959\">Recomenda\u00e7\u00e3o:<\/strong> realizar a atividade pelo menos 12 horas antes do voo.<\/p>\n<\/li>\n<\/ul>\n<h3 data-start=\"3118\" data-end=\"3148\"><strong data-start=\"3124\" data-end=\"3148\">Perguntas frequentes<\/strong><\/h3>\n<p data-start=\"3150\" data-end=\"3253\"><strong data-start=\"3150\" data-end=\"3183\">Preciso de experi\u00eancia anterior?<\/strong><br data-start=\"3183\" data-end=\"3186\" \/>N\u00e3o, ele foi projetado para aqueles que querem experimentar seu primeiro mergulho.<\/p>\n<p data-start=\"3255\" data-end=\"3339\"><strong data-start=\"3255\" data-end=\"3287\">Isso pode ser feito durante todo o ano?<\/strong><br data-start=\"3287\" data-end=\"3290\" \/>Sim, com condi\u00e7\u00f5es adaptadas a cada esta\u00e7\u00e3o.<\/p>\n<p data-start=\"3341\" data-end=\"3423\"><strong data-start=\"3341\" data-end=\"3362\">O que devo levar?<\/strong><br data-start=\"3362\" data-end=\"3365\" \/>Roupa de banho, toalha, protetor solar e casaco leve.<\/p>\n<p data-start=\"3425\" data-end=\"3523\"><strong data-start=\"3425\" data-end=\"3459\">Onde exatamente ele ocorre?<\/strong><br data-start=\"3459\" data-end=\"3462\" \/>No Lago Moreno, a poucos minutos do centro de Bariloche.<\/p>\n<p data-start=\"3525\" data-end=\"3633\"><strong data-start=\"3525\" data-end=\"3559\">Posso ir com amigos ou um parceiro?<\/strong><br data-start=\"3559\" data-end=\"3562\" \/>Sim, \u00e9 uma excelente experi\u00eancia para ser compartilhada em grupo ou em casal.<\/p>","protected":false},"excerpt":{"rendered":"<p>Viva a aventura do mergulho aut\u00f4nomo em Bariloche. Mergulhe no Lago Moreno com instrutores certificados e descubra a Patag\u00f4nia de outra perspectiva. Equipamento completo e traslado inclu\u00eddos.<\/p>","protected":false},"featured_media":380716,"comment_status":"closed","ping_status":"closed","template":"","meta":[],"product_brand":[],"product_cat":[85,84,70,79,90,101,80],"product_tag":[],"class_list":{"0":"post-380715","1":"product","2":"type-product","3":"status-publish","4":"has-post-thumbnail","6":"product_cat-adultos","7":"product_cat-aventura","8":"product_cat-con-traslado","9":"product_cat-familia","10":"product_cat-ninos","11":"product_cat-sin-comida","12":"product_cat-verano","14":"first","15":"instock","16":"virtual","17":"sold-individually","18":"purchasable","19":"product-type-booking"},"booking_location":"","booking_location_type":"","booking_duration":1,"booking_duration_unit":"hour","booking_buffer":0,"booking_cost":0,"booking_resources":[],"exclude_global_add_ons":false,"addons":[{"name":"STD: Passageiros","type":"input_multiplier","position":0,"required":false,"title_format":"label","default":"","description_enable":false,"description":"","placeholder_enable":false,"placeholder":"","display":"select","restrictions_type":"any_text","adjust_price":true,"price":"132000","price_type":"quantity_based","restrictions":false,"min":"0","max":"0","options":[],"id":1773231509}],"yoast_head":"<!-- This site is optimized with the Yoast SEO Premium plugin v24.5 (Yoast SEO v24.8) - https:\/\/yoast.com\/wordpress\/plugins\/seo\/ -->\n<title>Buceo Bautismo en Bariloche - Adventure Center<\/title>\n<meta name=\"description\" content=\"Sumergite en el Lago Moreno y viv\u00ed tu primer buceo con Adventure Center. Instructores certificados, equipo completo y toda la energ\u00eda de la Patagonia.\" \/>\n<meta name=\"robots\" content=\"index, follow, max-snippet:-1, max-image-preview:large, max-video-preview:-1\" \/>\n<link rel=\"canonical\" href=\"https:\/\/adventurecenter.com.ar\/pt\/product\/batismo-de-mergulho-em-bariloche\/\" \/>\n<meta property=\"og:locale\" content=\"pt_BR\" \/>\n<meta property=\"og:type\" content=\"article\" \/>\n<meta property=\"og:title\" content=\"Buceo Bautismo en Bariloche\" \/>\n<meta property=\"og:description\" content=\"Sumergite en el Lago Moreno y viv\u00ed tu primer buceo con Adventure Center. Instructores certificados, equipo completo y toda la energ\u00eda de la Patagonia.\" \/>\n<meta property=\"og:url\" content=\"https:\/\/adventurecenter.com.ar\/pt\/product\/batismo-de-mergulho-em-bariloche\/\" \/>\n<meta property=\"og:site_name\" content=\"Adventure Center\" \/>\n<meta property=\"article:modified_time\" content=\"2026-04-09T12:13:34+00:00\" \/>\n<meta property=\"og:image\" content=\"https:\/\/adventurecenter.com.ar\/wp-content\/uploads\/2026\/01\/tikiprincipal.jpeg\" \/>\n\t<meta property=\"og:image:width\" content=\"1120\" \/>\n\t<meta property=\"og:image:height\" content=\"1280\" \/>\n\t<meta property=\"og:image:type\" content=\"image\/jpeg\" \/>\n<meta name=\"twitter:card\" content=\"summary_large_image\" \/>\n<meta name=\"twitter:label1\" content=\"Pre\u00e7o\" \/>\n\t<meta name=\"twitter:data1\" content=\"&#036;&nbsp;132.000,00\" \/>\n\t<meta name=\"twitter:label2\" content=\"Disponibilidade\" \/>\n\t<meta name=\"twitter:data2\" content=\"Em Estoque\" \/>\n<script type=\"application\/ld+json\" class=\"yoast-schema-graph\">{\"@context\":\"https:\/\/schema.org\",\"@graph\":[{\"@type\":[\"WebPage\",\"ItemPage\"],\"@id\":\"https:\/\/adventurecenter.com.ar\/product\/buceo-bautismo-en-bariloche\/\",\"url\":\"https:\/\/adventurecenter.com.ar\/product\/buceo-bautismo-en-bariloche\/\",\"name\":\"Buceo Bautismo en Bariloche - Adventure Center\",\"isPartOf\":{\"@id\":\"https:\/\/adventurecenter.com.ar\/#website\"},\"primaryImageOfPage\":{\"@id\":\"https:\/\/adventurecenter.com.ar\/product\/buceo-bautismo-en-bariloche\/#primaryimage\"},\"image\":{\"@id\":\"https:\/\/adventurecenter.com.ar\/product\/buceo-bautismo-en-bariloche\/#primaryimage\"},\"thumbnailUrl\":\"https:\/\/adventurecenter.com.ar\/wp-content\/uploads\/2026\/01\/tikiprincipal.jpeg\",\"datePublished\":\"2026-01-28T17:05:16+00:00\",\"dateModified\":\"2026-04-09T12:13:34+00:00\",\"description\":\"Sumergite en el Lago Moreno y viv\u00ed tu primer buceo con Adventure Center. Instructores certificados, equipo completo y toda la energ\u00eda de la Patagonia.\",\"breadcrumb\":{\"@id\":\"https:\/\/adventurecenter.com.ar\/product\/buceo-bautismo-en-bariloche\/#breadcrumb\"},\"inLanguage\":\"pt-BR\",\"potentialAction\":[{\"@type\":\"ReadAction\",\"target\":[\"https:\/\/adventurecenter.com.ar\/product\/buceo-bautismo-en-bariloche\/\"]}]},{\"@type\":\"ImageObject\",\"inLanguage\":\"pt-BR\",\"@id\":\"https:\/\/adventurecenter.com.ar\/product\/buceo-bautismo-en-bariloche\/#primaryimage\",\"url\":\"https:\/\/adventurecenter.com.ar\/wp-content\/uploads\/2026\/01\/tikiprincipal.jpeg\",\"contentUrl\":\"https:\/\/adventurecenter.com.ar\/wp-content\/uploads\/2026\/01\/tikiprincipal.jpeg\",\"width\":1120,\"height\":1280},{\"@type\":\"BreadcrumbList\",\"@id\":\"https:\/\/adventurecenter.com.ar\/product\/buceo-bautismo-en-bariloche\/#breadcrumb\",\"itemListElement\":[{\"@type\":\"ListItem\",\"position\":1,\"name\":\"Home\",\"item\":\"https:\/\/adventurecenter.com.ar\/\"},{\"@type\":\"ListItem\",\"position\":2,\"name\":\"Lista de excursiones\",\"item\":\"https:\/\/adventurecenter.com.ar\/shop\/\"},{\"@type\":\"ListItem\",\"position\":3,\"name\":\"Buceo Bautismo en Bariloche\"}]},{\"@type\":\"WebSite\",\"@id\":\"https:\/\/adventurecenter.com.ar\/#website\",\"url\":\"https:\/\/adventurecenter.com.ar\/\",\"name\":\"Adventure Center\",\"description\":\"Turismo en Bariloche Patagonia Argentina\",\"publisher\":{\"@id\":\"https:\/\/adventurecenter.com.ar\/#organization\"},\"potentialAction\":[{\"@type\":\"SearchAction\",\"target\":{\"@type\":\"EntryPoint\",\"urlTemplate\":\"https:\/\/adventurecenter.com.ar\/?s={search_term_string}\"},\"query-input\":{\"@type\":\"PropertyValueSpecification\",\"valueRequired\":true,\"valueName\":\"search_term_string\"}}],\"inLanguage\":\"pt-BR\"},{\"@type\":\"Organization\",\"@id\":\"https:\/\/adventurecenter.com.ar\/#organization\",\"name\":\"Adventure Center\",\"url\":\"https:\/\/adventurecenter.com.ar\/\",\"logo\":{\"@type\":\"ImageObject\",\"inLanguage\":\"pt-BR\",\"@id\":\"https:\/\/adventurecenter.com.ar\/#\/schema\/logo\/image\/\",\"url\":\"https:\/\/adventurecenter.com.ar\/wp-content\/uploads\/2022\/10\/logo-definitivo-copia.png\",\"contentUrl\":\"https:\/\/adventurecenter.com.ar\/wp-content\/uploads\/2022\/10\/logo-definitivo-copia.png\",\"width\":150,\"height\":55,\"caption\":\"Adventure Center\"},\"image\":{\"@id\":\"https:\/\/adventurecenter.com.ar\/#\/schema\/logo\/image\/\"}}]}<\/script>\n<meta property=\"product:price:amount\" content=\"132000.00\" \/>\n<meta property=\"product:price:currency\" content=\"ARS\" \/>\n<meta property=\"og:availability\" content=\"instock\" \/>\n<meta property=\"product:availability\" content=\"instock\" \/>\n<meta property=\"product:retailer_item_id\" content=\"ADV2026BABU9T4K\" \/>\n<meta property=\"product:condition\" content=\"new\" \/>\n<!-- \/ Yoast SEO Premium plugin. -->","yoast_head_json":{"title":"Descubra o mergulho em Bariloche - Centro de Aventura","description":"Mergulhe no Lago Moreno e experimente seu primeiro mergulho com a Adventure Center. Instrutores certificados, equipamento completo e toda a energia da Patag\u00f4nia.","robots":{"index":"index","follow":"follow","max-snippet":"max-snippet:-1","max-image-preview":"max-image-preview:large","max-video-preview":"max-video-preview:-1"},"canonical":"https:\/\/adventurecenter.com.ar\/pt\/product\/batismo-de-mergulho-em-bariloche\/","og_locale":"pt_BR","og_type":"article","og_title":"Buceo Bautismo en Bariloche","og_description":"Sumergite en el Lago Moreno y viv\u00ed tu primer buceo con Adventure Center. Instructores certificados, equipo completo y toda la energ\u00eda de la Patagonia.","og_url":"https:\/\/adventurecenter.com.ar\/pt\/product\/batismo-de-mergulho-em-bariloche\/","og_site_name":"Adventure Center","article_modified_time":"2026-04-09T12:13:34+00:00","og_image":[{"width":1120,"height":1280,"url":"https:\/\/adventurecenter.com.ar\/wp-content\/uploads\/2026\/01\/tikiprincipal.jpeg","type":"image\/jpeg"}],"twitter_card":"summary_large_image","twitter_misc":{"Pre\u00e7o":"&#36;&nbsp;132.000,00","Disponibilidade":"Em Estoque"},"schema":{"@context":"https:\/\/schema.org","@graph":[{"@type":["WebPage","ItemPage"],"@id":"https:\/\/adventurecenter.com.ar\/product\/buceo-bautismo-en-bariloche\/","url":"https:\/\/adventurecenter.com.ar\/product\/buceo-bautismo-en-bariloche\/","name":"Descubra o mergulho em Bariloche - Centro de Aventura","isPartOf":{"@id":"https:\/\/adventurecenter.com.ar\/#website"},"primaryImageOfPage":{"@id":"https:\/\/adventurecenter.com.ar\/product\/buceo-bautismo-en-bariloche\/#primaryimage"},"image":{"@id":"https:\/\/adventurecenter.com.ar\/product\/buceo-bautismo-en-bariloche\/#primaryimage"},"thumbnailUrl":"https:\/\/adventurecenter.com.ar\/wp-content\/uploads\/2026\/01\/tikiprincipal.jpeg","datePublished":"2026-01-28T17:05:16+00:00","dateModified":"2026-04-09T12:13:34+00:00","description":"Mergulhe no Lago Moreno e experimente seu primeiro mergulho com a Adventure Center. Instrutores certificados, equipamento completo e toda a energia da Patag\u00f4nia.","breadcrumb":{"@id":"https:\/\/adventurecenter.com.ar\/product\/buceo-bautismo-en-bariloche\/#breadcrumb"},"inLanguage":"pt-BR","potentialAction":[{"@type":"ReadAction","target":["https:\/\/adventurecenter.com.ar\/product\/buceo-bautismo-en-bariloche\/"]}]},{"@type":"ImageObject","inLanguage":"pt-BR","@id":"https:\/\/adventurecenter.com.ar\/product\/buceo-bautismo-en-bariloche\/#primaryimage","url":"https:\/\/adventurecenter.com.ar\/wp-content\/uploads\/2026\/01\/tikiprincipal.jpeg","contentUrl":"https:\/\/adventurecenter.com.ar\/wp-content\/uploads\/2026\/01\/tikiprincipal.jpeg","width":1120,"height":1280},{"@type":"BreadcrumbList","@id":"https:\/\/adventurecenter.com.ar\/product\/buceo-bautismo-en-bariloche\/#breadcrumb","itemListElement":[{"@type":"ListItem","position":1,"name":"Home","item":"https:\/\/adventurecenter.com.ar\/"},{"@type":"ListItem","position":2,"name":"Lista de excursiones","item":"https:\/\/adventurecenter.com.ar\/shop\/"},{"@type":"ListItem","position":3,"name":"Buceo Bautismo en Bariloche"}]},{"@type":"WebSite","@id":"https:\/\/adventurecenter.com.ar\/#website","url":"https:\/\/adventurecenter.com.ar\/","name":"Centro de Aventura","description":"Turismo em Bariloche Patag\u00f4nia Argentina","publisher":{"@id":"https:\/\/adventurecenter.com.ar\/#organization"},"potentialAction":[{"@type":"SearchAction","target":{"@type":"EntryPoint","urlTemplate":"https:\/\/adventurecenter.com.ar\/?s={search_term_string}"},"query-input":{"@type":"PropertyValueSpecification","valueRequired":true,"valueName":"search_term_string"}}],"inLanguage":"pt-BR"},{"@type":"Organization","@id":"https:\/\/adventurecenter.com.ar\/#organization","name":"Centro de Aventura","url":"https:\/\/adventurecenter.com.ar\/","logo":{"@type":"ImageObject","inLanguage":"pt-BR","@id":"https:\/\/adventurecenter.com.ar\/#\/schema\/logo\/image\/","url":"https:\/\/adventurecenter.com.ar\/wp-content\/uploads\/2022\/10\/logo-definitivo-copia.png","contentUrl":"https:\/\/adventurecenter.com.ar\/wp-content\/uploads\/2022\/10\/logo-definitivo-copia.png","width":150,"height":55,"caption":"Adventure Center"},"image":{"@id":"https:\/\/adventurecenter.com.ar\/#\/schema\/logo\/image\/"}}]},"product_price_amount":"132000.00","product_price_currency":"ARS","og_availability":"instock","product_availability":"instock","product_retailer_item_id":"ADV2026BABU9T4K","product_condition":"new"},"_links":{"self":[{"href":"https:\/\/adventurecenter.com.ar\/pt\/wp-json\/wp\/v2\/product\/380715","targetHints":{"allow":["GET"]}}],"collection":[{"href":"https:\/\/adventurecenter.com.ar\/pt\/wp-json\/wp\/v2\/product"}],"about":[{"href":"https:\/\/adventurecenter.com.ar\/pt\/wp-json\/wp\/v2\/types\/product"}],"replies":[{"embeddable":true,"href":"https:\/\/adventurecenter.com.ar\/pt\/wp-json\/wp\/v2\/comments?post=380715"}],"wp:featuredmedia":[{"embeddable":true,"href":"https:\/\/adventurecenter.com.ar\/pt\/wp-json\/wp\/v2\/media\/380716"}],"wp:attachment":[{"href":"https:\/\/adventurecenter.com.ar\/pt\/wp-json\/wp\/v2\/media?parent=380715"}],"wp:term":[{"taxonomy":"product_brand","embeddable":true,"href":"https:\/\/adventurecenter.com.ar\/pt\/wp-json\/wp\/v2\/product_brand?post=380715"},{"taxonomy":"product_cat","embeddable":true,"href":"https:\/\/adventurecenter.com.ar\/pt\/wp-json\/wp\/v2\/product_cat?post=380715"},{"taxonomy":"product_tag","embeddable":true,"href":"https:\/\/adventurecenter.com.ar\/pt\/wp-json\/wp\/v2\/product_tag?post=380715"}],"curies":[{"name":"wp","href":"https:\/\/api.w.org\/{rel}","templated":true}]}}