{"id":378554,"date":"2026-04-09T20:12:33","date_gmt":"2026-04-09T23:12:33","guid":{"rendered":"https:\/\/adventurecenter.com.ar\/?post_type=product&#038;p=378554"},"modified":"2026-04-11T19:39:31","modified_gmt":"2026-04-11T22:39:31","slug":"vivencias-caminata-con-raquetas-y-sabores-regionales-refugio-neumeyer","status":"publish","type":"product","link":"https:\/\/adventurecenter.com.ar\/pt\/product\/experiencias-com-raquetes-de-neve-e-sabores-regionais-refugio-neumeyer\/","title":{"rendered":"Experi\u00eancias: Caminhada na neve e sabores regionais - Ref\u00fagio Neumeyer"},"content":{"rendered":"<h3 data-start=\"741\" data-end=\"771\">Recursos excepcionais<\/h3>\n<p data-start=\"773\" data-end=\"1275\"><strong data-start=\"773\" data-end=\"803\">Atividade adequada para todos:<\/strong> Caminhada f\u00e1cil com raquetes de neve em trilhas nevadas, ideal para todas as idades...<br data-start=\"884\" data-end=\"887\" \/><strong data-start=\"887\" data-end=\"914\">Gastronomia patag\u00f4nica:<\/strong> Degusta\u00e7\u00e3o de produtos regionais no aconchegante Ref\u00fagio Neumeyer.<br data-start=\"983\" data-end=\"986\" \/><strong data-start=\"986\" data-end=\"1012\">Divers\u00e3o na neve:<\/strong> Deslize com culipatinas em pistas especialmente preparadas.<br data-start=\"1074\" data-end=\"1077\" \/><strong data-start=\"1077\" data-end=\"1102\">Experi\u00eancia completa:<\/strong> Inclui traslado de Bariloche, guias especializados e equipamentos.<br data-start=\"1173\" data-end=\"1176\" \/><strong data-start=\"1176\" data-end=\"1202\">Paisagens inesquec\u00edveis:<\/strong> Vistas panor\u00e2micas da Cordilheira dos Andes e da Estepe Patag\u00f4nica.<\/p>\n<h2 data-start=\"1282\" data-end=\"1327\">Natureza, conforto e divers\u00e3o para todos<\/h2>\n<p data-start=\"1329\" data-end=\"1711\">O dia come\u00e7a com um confort\u00e1vel traslado de sua acomoda\u00e7\u00e3o em Bariloche para o Ref\u00fagio Neumeyer, localizado a 20 km de dist\u00e2ncia, no cora\u00e7\u00e3o do Vale Challhuaco. Chegando l\u00e1, guias especializados o preparar\u00e3o para uma caminhada com raquetes de neve por uma antiga floresta de lengas. Ao longo do caminho, ser\u00e3o feitas paradas para apreciar a paisagem e capturar momentos \u00fanicos.<\/p>\n<p data-start=\"1713\" data-end=\"2088\">A viagem culmina no Mirador del Valle, de onde voc\u00ea pode desfrutar de vistas espetaculares dos Andes e da estepe. Ao retornar ao ref\u00fagio, uma experi\u00eancia gastron\u00f4mica o aguarda com pratos t\u00edpicos em um ambiente acolhedor e descontra\u00eddo. Para terminar o dia, a divers\u00e3o continua com uma descida em culipatinas, uma atividade simples e segura que crian\u00e7as e adultos v\u00e3o adorar.<\/p>\n<h3 data-start=\"2095\" data-end=\"2125\">Perguntas frequentes (FAQ)<\/h3>\n<p data-start=\"2127\" data-end=\"2328\"><strong data-start=\"2127\" data-end=\"2159\">O que a experi\u00eancia inclui?<\/strong><br data-start=\"2159\" data-end=\"2162\" \/>Traslados de e para Bariloche, caminhada guiada com raquetes de neve, uso do ref\u00fagio, degusta\u00e7\u00e3o da gastronomia regional com bebidas, culipatinas e acesso \u00e0s pistas.<\/p>\n<p data-start=\"2330\" data-end=\"2492\"><strong data-start=\"2330\" data-end=\"2358\">\u00c9 adequado para crian\u00e7as?<\/strong><br data-start=\"2358\" data-end=\"2361\" \/>Sim, a atividade \u00e9 de baixa dificuldade e foi projetada para ser apreciada por crian\u00e7as e adultos.<\/p>\n<p data-start=\"2494\" data-end=\"2639\"><strong data-start=\"2494\" data-end=\"2558\">\u00c9 necess\u00e1ria experi\u00eancia pr\u00e9via ou condi\u00e7\u00e3o f\u00edsica especial?<\/strong><br data-start=\"2558\" data-end=\"2561\" \/>N\u00e3o. \u00c9 uma sa\u00edda acess\u00edvel para qualquer pessoa com sa\u00fade em geral.<\/p>\n<p data-start=\"2641\" data-end=\"2749\"><strong data-start=\"2641\" data-end=\"2662\">O que devo levar?<\/strong><br data-start=\"2662\" data-end=\"2665\" \/>Agasalhos, cal\u00e7ados \u00e0 prova d'\u00e1gua, luvas, chap\u00e9u e, se poss\u00edvel, roupas para neve.<\/p>\n<p><strong>Aviso importante:<\/strong> Este passeio j\u00e1 est\u00e1 dispon\u00edvel para pr\u00e9-reserva. As sa\u00eddas operam de 15 de junho a 20 de agosto, sujeitas ao calend\u00e1rio sazonal.<\/p>","protected":false},"excerpt":{"rendered":"<p>Descubra a magia do Vale de Challhuaco com uma experi\u00eancia criada para quem busca natureza, aventura suave e momentos inesquec\u00edveis. Caminhe por florestas nevadas com raquetes de neve, experimente sabores regionais em um abrigo aconchegante e deslize pela neve com patins. Ideal para fam\u00edlias, casais e grupos que desejam aproveitar o inverno sem exig\u00eancias f\u00edsicas.<\/p>","protected":false},"featured_media":379127,"comment_status":"closed","ping_status":"closed","template":"","meta":[],"product_brand":[],"product_cat":[85,84,100,70,79,74,90,78],"product_tag":[],"class_list":{"0":"post-378554","1":"product","2":"type-product","3":"status-publish","4":"has-post-thumbnail","6":"product_cat-adultos","7":"product_cat-aventura","8":"product_cat-con-comida","9":"product_cat-con-traslado","10":"product_cat-familia","11":"product_cat-invierno","12":"product_cat-ninos","13":"product_cat-terrestre-tipo","15":"first","16":"instock","17":"virtual","18":"sold-individually","19":"purchasable","20":"product-type-booking"},"booking_location":"","booking_location_type":"","booking_duration":1,"booking_duration_unit":"hour","booking_buffer":0,"booking_cost":0,"booking_resources":[],"exclude_global_add_ons":false,"addons":[{"name":"ADU | Adulto","type":"input_multiplier","position":0,"required":false,"title_format":"label","default":"","description_enable":false,"description":"","placeholder_enable":false,"placeholder":"","display":"select","restrictions_type":"any_text","adjust_price":true,"price":"250000","price_type":"quantity_based","restrictions":false,"min":"0","max":"0","options":[],"id":1775833038},{"name":"MEN412 | De 4 a 12","type":"input_multiplier","position":1,"required":false,"title_format":"label","default":"","description_enable":false,"description":"","placeholder_enable":false,"placeholder":"","display":"select","restrictions_type":"any_text","adjust_price":true,"price":"222000","price_type":"quantity_based","restrictions":false,"min":"0","max":"0","options":[],"id":1775833039}],"yoast_head":"<!-- This site is optimized with the Yoast SEO Premium plugin v24.5 (Yoast SEO v24.8) - https:\/\/yoast.com\/wordpress\/plugins\/seo\/ -->\n<title>Vivencias: Caminata Con Raquetas Y Sabores Regionales-Refugio Neumeyer - Adventure Center<\/title>\n<meta name=\"robots\" content=\"index, follow, max-snippet:-1, max-image-preview:large, max-video-preview:-1\" \/>\n<link rel=\"canonical\" href=\"https:\/\/adventurecenter.com.ar\/pt\/product\/experiencias-com-raquetes-de-neve-e-sabores-regionais-refugio-neumeyer\/\" \/>\n<meta property=\"og:locale\" content=\"pt_BR\" \/>\n<meta property=\"og:type\" content=\"article\" \/>\n<meta property=\"og:title\" content=\"Vivencias: Caminata Con Raquetas Y Sabores Regionales-Refugio Neumeyer\" \/>\n<meta property=\"og:description\" content=\"Descubr\u00ed la magia del Valle del Challhuaco con una experiencia pensada para quienes buscan naturaleza, aventura suave y momentos inolvidables. Camin\u00e1 entre bosques nevados con raquetas, degust\u00e1 sabores regionales en un refugio c\u00e1lido y deslizate en culipatines por la nieve. Ideal para familias, parejas y grupos que quieren disfrutar del invierno sin exigencias f\u00edsicas.\" \/>\n<meta property=\"og:url\" content=\"https:\/\/adventurecenter.com.ar\/pt\/product\/experiencias-com-raquetes-de-neve-e-sabores-regionais-refugio-neumeyer\/\" \/>\n<meta property=\"og:site_name\" content=\"Adventure Center\" \/>\n<meta property=\"article:modified_time\" content=\"2026-04-11T22:39:31+00:00\" \/>\n<meta property=\"og:image\" content=\"https:\/\/adventurecenter.com.ar\/wp-content\/uploads\/2025\/05\/1-B-Screen-Shot-2018-08-22-at-3-copia-scaled.jpg\" \/>\n\t<meta property=\"og:image:width\" content=\"1988\" \/>\n\t<meta property=\"og:image:height\" content=\"2560\" \/>\n\t<meta property=\"og:image:type\" content=\"image\/jpeg\" \/>\n<meta name=\"twitter:card\" content=\"summary_large_image\" \/>\n<meta name=\"twitter:label1\" content=\"Pre\u00e7o\" \/>\n\t<meta name=\"twitter:data1\" content=\"&#036;&nbsp;250.000,00\" \/>\n\t<meta name=\"twitter:label2\" content=\"Disponibilidade\" \/>\n\t<meta name=\"twitter:data2\" content=\"Em Estoque\" \/>\n<script type=\"application\/ld+json\" class=\"yoast-schema-graph\">{\"@context\":\"https:\/\/schema.org\",\"@graph\":[{\"@type\":[\"WebPage\",\"ItemPage\"],\"@id\":\"https:\/\/adventurecenter.com.ar\/product\/vivencias-caminata-con-raquetas-y-sabores-regionales-refugio-neumeyer\/\",\"url\":\"https:\/\/adventurecenter.com.ar\/product\/vivencias-caminata-con-raquetas-y-sabores-regionales-refugio-neumeyer\/\",\"name\":\"Vivencias: Caminata Con Raquetas Y Sabores Regionales-Refugio Neumeyer - Adventure Center\",\"isPartOf\":{\"@id\":\"https:\/\/adventurecenter.com.ar\/#website\"},\"primaryImageOfPage\":{\"@id\":\"https:\/\/adventurecenter.com.ar\/product\/vivencias-caminata-con-raquetas-y-sabores-regionales-refugio-neumeyer\/#primaryimage\"},\"image\":{\"@id\":\"https:\/\/adventurecenter.com.ar\/product\/vivencias-caminata-con-raquetas-y-sabores-regionales-refugio-neumeyer\/#primaryimage\"},\"thumbnailUrl\":\"https:\/\/adventurecenter.com.ar\/wp-content\/uploads\/2025\/05\/1-B-Screen-Shot-2018-08-22-at-3-copia-scaled.jpg\",\"datePublished\":\"2026-04-09T23:12:33+00:00\",\"dateModified\":\"2026-04-11T22:39:31+00:00\",\"breadcrumb\":{\"@id\":\"https:\/\/adventurecenter.com.ar\/product\/vivencias-caminata-con-raquetas-y-sabores-regionales-refugio-neumeyer\/#breadcrumb\"},\"inLanguage\":\"pt-BR\",\"potentialAction\":[{\"@type\":\"ReadAction\",\"target\":[\"https:\/\/adventurecenter.com.ar\/product\/vivencias-caminata-con-raquetas-y-sabores-regionales-refugio-neumeyer\/\"]}]},{\"@type\":\"ImageObject\",\"inLanguage\":\"pt-BR\",\"@id\":\"https:\/\/adventurecenter.com.ar\/product\/vivencias-caminata-con-raquetas-y-sabores-regionales-refugio-neumeyer\/#primaryimage\",\"url\":\"https:\/\/adventurecenter.com.ar\/wp-content\/uploads\/2025\/05\/1-B-Screen-Shot-2018-08-22-at-3-copia-scaled.jpg\",\"contentUrl\":\"https:\/\/adventurecenter.com.ar\/wp-content\/uploads\/2025\/05\/1-B-Screen-Shot-2018-08-22-at-3-copia-scaled.jpg\",\"width\":1988,\"height\":2560},{\"@type\":\"BreadcrumbList\",\"@id\":\"https:\/\/adventurecenter.com.ar\/product\/vivencias-caminata-con-raquetas-y-sabores-regionales-refugio-neumeyer\/#breadcrumb\",\"itemListElement\":[{\"@type\":\"ListItem\",\"position\":1,\"name\":\"Home\",\"item\":\"https:\/\/adventurecenter.com.ar\/\"},{\"@type\":\"ListItem\",\"position\":2,\"name\":\"Lista de excursiones\",\"item\":\"https:\/\/adventurecenter.com.ar\/shop\/\"},{\"@type\":\"ListItem\",\"position\":3,\"name\":\"Vivencias: Caminata Con Raquetas Y Sabores Regionales-Refugio Neumeyer\"}]},{\"@type\":\"WebSite\",\"@id\":\"https:\/\/adventurecenter.com.ar\/#website\",\"url\":\"https:\/\/adventurecenter.com.ar\/\",\"name\":\"Adventure Center\",\"description\":\"Turismo en Bariloche Patagonia Argentina\",\"publisher\":{\"@id\":\"https:\/\/adventurecenter.com.ar\/#organization\"},\"potentialAction\":[{\"@type\":\"SearchAction\",\"target\":{\"@type\":\"EntryPoint\",\"urlTemplate\":\"https:\/\/adventurecenter.com.ar\/?s={search_term_string}\"},\"query-input\":{\"@type\":\"PropertyValueSpecification\",\"valueRequired\":true,\"valueName\":\"search_term_string\"}}],\"inLanguage\":\"pt-BR\"},{\"@type\":\"Organization\",\"@id\":\"https:\/\/adventurecenter.com.ar\/#organization\",\"name\":\"Adventure Center\",\"url\":\"https:\/\/adventurecenter.com.ar\/\",\"logo\":{\"@type\":\"ImageObject\",\"inLanguage\":\"pt-BR\",\"@id\":\"https:\/\/adventurecenter.com.ar\/#\/schema\/logo\/image\/\",\"url\":\"https:\/\/adventurecenter.com.ar\/wp-content\/uploads\/2022\/10\/logo-definitivo-copia.png\",\"contentUrl\":\"https:\/\/adventurecenter.com.ar\/wp-content\/uploads\/2022\/10\/logo-definitivo-copia.png\",\"width\":150,\"height\":55,\"caption\":\"Adventure Center\"},\"image\":{\"@id\":\"https:\/\/adventurecenter.com.ar\/#\/schema\/logo\/image\/\"}}]}<\/script>\n<meta property=\"product:price:amount\" content=\"250000.00\" \/>\n<meta property=\"product:price:currency\" content=\"ARS\" \/>\n<meta property=\"og:availability\" content=\"instock\" \/>\n<meta property=\"product:availability\" content=\"instock\" \/>\n<meta property=\"product:retailer_item_id\" content=\"ADV2025VIENREK3Z9\" \/>\n<meta property=\"product:condition\" content=\"new\" \/>\n<!-- \/ Yoast SEO Premium plugin. -->","yoast_head_json":{"title":"Experi\u00eancias: Caminhada na neve e sabores regionais - Ref\u00fagio Neumeyer - Centro de Aventura","robots":{"index":"index","follow":"follow","max-snippet":"max-snippet:-1","max-image-preview":"max-image-preview:large","max-video-preview":"max-video-preview:-1"},"canonical":"https:\/\/adventurecenter.com.ar\/pt\/product\/experiencias-com-raquetes-de-neve-e-sabores-regionais-refugio-neumeyer\/","og_locale":"pt_BR","og_type":"article","og_title":"Vivencias: Caminata Con Raquetas Y Sabores Regionales-Refugio Neumeyer","og_description":"Descubr\u00ed la magia del Valle del Challhuaco con una experiencia pensada para quienes buscan naturaleza, aventura suave y momentos inolvidables. Camin\u00e1 entre bosques nevados con raquetas, degust\u00e1 sabores regionales en un refugio c\u00e1lido y deslizate en culipatines por la nieve. Ideal para familias, parejas y grupos que quieren disfrutar del invierno sin exigencias f\u00edsicas.","og_url":"https:\/\/adventurecenter.com.ar\/pt\/product\/experiencias-com-raquetes-de-neve-e-sabores-regionais-refugio-neumeyer\/","og_site_name":"Adventure Center","article_modified_time":"2026-04-11T22:39:31+00:00","og_image":[{"width":1988,"height":2560,"url":"https:\/\/adventurecenter.com.ar\/wp-content\/uploads\/2025\/05\/1-B-Screen-Shot-2018-08-22-at-3-copia-scaled.jpg","type":"image\/jpeg"}],"twitter_card":"summary_large_image","twitter_misc":{"Pre\u00e7o":"&#36;&nbsp;250.000,00","Disponibilidade":"Em Estoque"},"schema":{"@context":"https:\/\/schema.org","@graph":[{"@type":["WebPage","ItemPage"],"@id":"https:\/\/adventurecenter.com.ar\/product\/vivencias-caminata-con-raquetas-y-sabores-regionales-refugio-neumeyer\/","url":"https:\/\/adventurecenter.com.ar\/product\/vivencias-caminata-con-raquetas-y-sabores-regionales-refugio-neumeyer\/","name":"Experi\u00eancias: Caminhada na neve e sabores regionais - Ref\u00fagio Neumeyer - Centro de Aventura","isPartOf":{"@id":"https:\/\/adventurecenter.com.ar\/#website"},"primaryImageOfPage":{"@id":"https:\/\/adventurecenter.com.ar\/product\/vivencias-caminata-con-raquetas-y-sabores-regionales-refugio-neumeyer\/#primaryimage"},"image":{"@id":"https:\/\/adventurecenter.com.ar\/product\/vivencias-caminata-con-raquetas-y-sabores-regionales-refugio-neumeyer\/#primaryimage"},"thumbnailUrl":"https:\/\/adventurecenter.com.ar\/wp-content\/uploads\/2025\/05\/1-B-Screen-Shot-2018-08-22-at-3-copia-scaled.jpg","datePublished":"2026-04-09T23:12:33+00:00","dateModified":"2026-04-11T22:39:31+00:00","breadcrumb":{"@id":"https:\/\/adventurecenter.com.ar\/product\/vivencias-caminata-con-raquetas-y-sabores-regionales-refugio-neumeyer\/#breadcrumb"},"inLanguage":"pt-BR","potentialAction":[{"@type":"ReadAction","target":["https:\/\/adventurecenter.com.ar\/product\/vivencias-caminata-con-raquetas-y-sabores-regionales-refugio-neumeyer\/"]}]},{"@type":"ImageObject","inLanguage":"pt-BR","@id":"https:\/\/adventurecenter.com.ar\/product\/vivencias-caminata-con-raquetas-y-sabores-regionales-refugio-neumeyer\/#primaryimage","url":"https:\/\/adventurecenter.com.ar\/wp-content\/uploads\/2025\/05\/1-B-Screen-Shot-2018-08-22-at-3-copia-scaled.jpg","contentUrl":"https:\/\/adventurecenter.com.ar\/wp-content\/uploads\/2025\/05\/1-B-Screen-Shot-2018-08-22-at-3-copia-scaled.jpg","width":1988,"height":2560},{"@type":"BreadcrumbList","@id":"https:\/\/adventurecenter.com.ar\/product\/vivencias-caminata-con-raquetas-y-sabores-regionales-refugio-neumeyer\/#breadcrumb","itemListElement":[{"@type":"ListItem","position":1,"name":"Home","item":"https:\/\/adventurecenter.com.ar\/"},{"@type":"ListItem","position":2,"name":"Lista de excursiones","item":"https:\/\/adventurecenter.com.ar\/shop\/"},{"@type":"ListItem","position":3,"name":"Vivencias: Caminata Con Raquetas Y Sabores Regionales-Refugio Neumeyer"}]},{"@type":"WebSite","@id":"https:\/\/adventurecenter.com.ar\/#website","url":"https:\/\/adventurecenter.com.ar\/","name":"Centro de Aventura","description":"Turismo em Bariloche Patag\u00f4nia Argentina","publisher":{"@id":"https:\/\/adventurecenter.com.ar\/#organization"},"potentialAction":[{"@type":"SearchAction","target":{"@type":"EntryPoint","urlTemplate":"https:\/\/adventurecenter.com.ar\/?s={search_term_string}"},"query-input":{"@type":"PropertyValueSpecification","valueRequired":true,"valueName":"search_term_string"}}],"inLanguage":"pt-BR"},{"@type":"Organization","@id":"https:\/\/adventurecenter.com.ar\/#organization","name":"Centro de Aventura","url":"https:\/\/adventurecenter.com.ar\/","logo":{"@type":"ImageObject","inLanguage":"pt-BR","@id":"https:\/\/adventurecenter.com.ar\/#\/schema\/logo\/image\/","url":"https:\/\/adventurecenter.com.ar\/wp-content\/uploads\/2022\/10\/logo-definitivo-copia.png","contentUrl":"https:\/\/adventurecenter.com.ar\/wp-content\/uploads\/2022\/10\/logo-definitivo-copia.png","width":150,"height":55,"caption":"Adventure Center"},"image":{"@id":"https:\/\/adventurecenter.com.ar\/#\/schema\/logo\/image\/"}}]},"product_price_amount":"250000.00","product_price_currency":"ARS","og_availability":"instock","product_availability":"instock","product_retailer_item_id":"ADV2025VIENREK3Z9","product_condition":"new"},"_links":{"self":[{"href":"https:\/\/adventurecenter.com.ar\/pt\/wp-json\/wp\/v2\/product\/378554","targetHints":{"allow":["GET"]}}],"collection":[{"href":"https:\/\/adventurecenter.com.ar\/pt\/wp-json\/wp\/v2\/product"}],"about":[{"href":"https:\/\/adventurecenter.com.ar\/pt\/wp-json\/wp\/v2\/types\/product"}],"replies":[{"embeddable":true,"href":"https:\/\/adventurecenter.com.ar\/pt\/wp-json\/wp\/v2\/comments?post=378554"}],"wp:featuredmedia":[{"embeddable":true,"href":"https:\/\/adventurecenter.com.ar\/pt\/wp-json\/wp\/v2\/media\/379127"}],"wp:attachment":[{"href":"https:\/\/adventurecenter.com.ar\/pt\/wp-json\/wp\/v2\/media?parent=378554"}],"wp:term":[{"taxonomy":"product_brand","embeddable":true,"href":"https:\/\/adventurecenter.com.ar\/pt\/wp-json\/wp\/v2\/product_brand?post=378554"},{"taxonomy":"product_cat","embeddable":true,"href":"https:\/\/adventurecenter.com.ar\/pt\/wp-json\/wp\/v2\/product_cat?post=378554"},{"taxonomy":"product_tag","embeddable":true,"href":"https:\/\/adventurecenter.com.ar\/pt\/wp-json\/wp\/v2\/product_tag?post=378554"}],"curies":[{"name":"wp","href":"https:\/\/api.w.org\/{rel}","templated":true}]}}