{"id":378075,"date":"2026-04-09T20:12:32","date_gmt":"2026-04-09T23:12:32","guid":{"rendered":"https:\/\/adventurecenter.com.ar\/?post_type=product&#038;p=378075"},"modified":"2026-04-11T20:04:35","modified_gmt":"2026-04-11T23:04:35","slug":"escuelita-ski-snowboard-ninos","status":"publish","type":"product","link":"https:\/\/adventurecenter.com.ar\/pt\/product\/escola-de-snowboard-para-criancas\/","title":{"rendered":"Escola de esqui e snowboard: um dia inteiro para os pequenos"},"content":{"rendered":"<h3 data-start=\"360\" data-end=\"386\"><strong data-start=\"364\" data-end=\"386\">O que voc\u00ea vai experimentar<\/strong><\/h3>\n<p data-start=\"388\" data-end=\"681\">Uma experi\u00eancia inesquec\u00edvel na neve para crian\u00e7as de 4 a 11 anos de idade. Aulas orientadas por instrutores profissionais, equipamentos inclu\u00eddos, recrea\u00e7\u00e3o nas montanhas e almo\u00e7o quente em um ambiente seguro e natural. Tudo foi planejado para que elas aprendam, se divirtam e aproveitem o inverno como devem.<\/p>\n<h3 data-start=\"688\" data-end=\"768\"><strong data-start=\"692\" data-end=\"768\">Aprender brincando na neve, com tudo organizado<\/strong><\/h3>\n<p data-start=\"770\" data-end=\"1075\">A partir de 10 de junho, quando as colinas se vestem de branco, os pequenos t\u00eam seu lugar especial na montanha. A Escola de Esqui\/Snowboard do Adventure Center foi projetada para crian\u00e7as entre 4 e 11 anos de idade que desejam dar seus primeiros passos na neve, com a seguran\u00e7a e o apoio de que precisam.<\/p>\n<p data-start=\"1077\" data-end=\"1448\">O dia come\u00e7a com um traslado dos pontos de encontro pr\u00f3ximos \u00e0 acomoda\u00e7\u00e3o, localizados na Avenida Bustillo ou na Avenida Pioneros at\u00e9 o km 8. Ao chegar ao centro de atividades, cada crian\u00e7a recebe seu equipamento t\u00e9cnico e se junta a um pequeno grupo, acompanhado por instrutores especializados. S\u00e3o duas horas de aulas em grupo, adaptadas ao n\u00edvel de cada participante.<\/p>\n<p data-start=\"1450\" data-end=\"1737\">Ao meio-dia, h\u00e1 uma pausa para o almo\u00e7o e para recarregar as baterias. A tarde continua com momentos de brincadeira livre e acompanhamento na pista, terminando com o retorno ao ponto de encontro. Tudo \u00e9 supervisionado, organizado e planejado para proporcionar uma experi\u00eancia segura, educativa e divertida.<\/p>\n<p data-start=\"1739\" data-end=\"1973\">Esse passeio inclui traslado dos pontos de encontro, equipamento completo de esqui ou snowboard, aulas em grupo e almo\u00e7o. N\u00e3o inclui roupas de neve e o ingresso para o telef\u00e9rico, que devem ser pagos separadamente, se usados.<\/p>\n<h3 data-start=\"1980\" data-end=\"2008\"><strong data-start=\"1984\" data-end=\"2008\">Perguntas frequentes<\/strong><\/h3>\n<p data-start=\"2010\" data-end=\"2187\"><strong data-start=\"2010\" data-end=\"2051\">O que est\u00e1 inclu\u00eddo na experi\u00eancia?<\/strong><br data-start=\"2051\" data-end=\"2054\" \/>Inclui traslado dos pontos de encontro, equipamento t\u00e9cnico de esqui ou snowboard, duas horas de aulas em grupo com instrutores e almo\u00e7o.<\/p>\n<p data-start=\"2189\" data-end=\"2297\"><strong data-start=\"2189\" data-end=\"2241\">Que idade as crian\u00e7as precisam ter para participar?<\/strong><br data-start=\"2241\" data-end=\"2244\" \/>A atividade \u00e9 voltada para crian\u00e7as de 4 a 11 anos de idade.<\/p>\n<p data-start=\"2299\" data-end=\"2430\"><strong data-start=\"2299\" data-end=\"2338\">\u00c9 necess\u00e1rio que eles j\u00e1 saibam esquiar?<\/strong><br data-start=\"2338\" data-end=\"2341\" \/>N\u00e3o. As aulas s\u00e3o planejadas para iniciar as crian\u00e7as do zero e s\u00e3o adaptadas ao n\u00edvel delas.<\/p>\n<p data-start=\"2432\" data-end=\"2594\"><strong data-start=\"2432\" data-end=\"2454\">O que eles devem carregar?<\/strong><br data-start=\"2454\" data-end=\"2457\" \/>Roupas quentes adequadas para neve, cal\u00e7ados \u00e0 prova d'\u00e1gua, luvas e chap\u00e9u. As roupas para neve e o ingresso para o telef\u00e9rico n\u00e3o est\u00e3o inclu\u00eddos.<\/p>\n<p data-start=\"2596\" data-end=\"2764\"><strong data-start=\"2596\" data-end=\"2626\">A experi\u00eancia \u00e9 segura?<\/strong><br data-start=\"2626\" data-end=\"2629\" \/>Sim, todos os grupos s\u00e3o conduzidos por instrutores profissionais em um ambiente adequado para crian\u00e7as, com supervis\u00e3o constante.<\/p>\n<p><strong>Aviso importante:<\/strong> Este passeio j\u00e1 est\u00e1 dispon\u00edvel para pr\u00e9-reserva. As sa\u00eddas operam de 15 de junho a 20 de agosto, sujeitas ao calend\u00e1rio sazonal.<\/p>","protected":false},"excerpt":{"rendered":"<p>Experimente um dia de inverno exclusivo para crian\u00e7as, projetado para apresent\u00e1-las ao esqui e ao snowboard em um ambiente seguro e empolgante. Com traslado, equipamento t\u00e9cnico, aulas especializadas e almo\u00e7o, essa excurs\u00e3o \u00e9 a op\u00e7\u00e3o ideal para os pequenos aproveitarem a neve e a montanha.<\/p>","protected":false},"featured_media":379131,"comment_status":"open","ping_status":"closed","template":"","meta":[],"product_brand":[],"product_cat":[84,100,70,74,90,78],"product_tag":[],"class_list":{"0":"post-378075","1":"product","2":"type-product","3":"status-publish","4":"has-post-thumbnail","6":"product_cat-aventura","7":"product_cat-con-comida","8":"product_cat-con-traslado","9":"product_cat-invierno","10":"product_cat-ninos","11":"product_cat-terrestre-tipo","13":"first","14":"instock","15":"virtual","16":"sold-individually","17":"purchasable","18":"product-type-booking"},"booking_location":"","booking_location_type":"","booking_duration":1,"booking_duration_unit":"hour","booking_buffer":0,"booking_cost":0,"booking_resources":[],"exclude_global_add_ons":false,"addons":[{"name":"MEN412 | Crian\u00e7as de 4 a 12 anos","type":"input_multiplier","position":0,"required":false,"title_format":"label","default":"","description_enable":false,"description":"","placeholder_enable":false,"placeholder":"","display":"select","restrictions_type":"any_text","adjust_price":true,"price":"345600","price_type":"quantity_based","restrictions":false,"min":"0","max":"0","options":[],"id":1775836091}],"yoast_head":"<!-- This site is optimized with the Yoast SEO Premium plugin v24.5 (Yoast SEO v24.8) - https:\/\/yoast.com\/wordpress\/plugins\/seo\/ -->\n<title>Escuelita de Ski y Snowboard: una jornada completa para los m\u00e1s chicos - Adventure Center<\/title>\n<meta name=\"description\" content=\"Escuelita de Ski\/Snowboard en Bariloche para ni\u00f1os de 4 a 11 a\u00f1os. Incluye clases, equipo, almuerzo y traslado. Ideal para empezar a disfrutar de la nieve de forma segura y divertida.\" \/>\n<meta name=\"robots\" content=\"index, follow, max-snippet:-1, max-image-preview:large, max-video-preview:-1\" \/>\n<link rel=\"canonical\" href=\"https:\/\/adventurecenter.com.ar\/pt\/product\/escola-de-snowboard-para-criancas\/\" \/>\n<meta property=\"og:locale\" content=\"pt_BR\" \/>\n<meta property=\"og:type\" content=\"article\" \/>\n<meta property=\"og:title\" content=\"Escuelita de Ski y Snowboard: una jornada completa para los m\u00e1s chicos\" \/>\n<meta property=\"og:description\" content=\"Escuelita de Ski\/Snowboard en Bariloche para ni\u00f1os de 4 a 11 a\u00f1os. Incluye clases, equipo, almuerzo y traslado. Ideal para empezar a disfrutar de la nieve de forma segura y divertida.\" \/>\n<meta property=\"og:url\" content=\"https:\/\/adventurecenter.com.ar\/pt\/product\/escola-de-snowboard-para-criancas\/\" \/>\n<meta property=\"og:site_name\" content=\"Adventure Center\" \/>\n<meta property=\"article:modified_time\" content=\"2026-04-11T23:04:35+00:00\" \/>\n<meta property=\"og:image\" content=\"https:\/\/adventurecenter.com.ar\/wp-content\/uploads\/2025\/05\/1-A-Escuela-de-Ski-y-Snowboard-copia-scaled.jpg\" \/>\n\t<meta property=\"og:image:width\" content=\"2024\" \/>\n\t<meta property=\"og:image:height\" content=\"2560\" \/>\n\t<meta property=\"og:image:type\" content=\"image\/jpeg\" \/>\n<meta name=\"twitter:card\" content=\"summary_large_image\" \/>\n<meta name=\"twitter:label1\" content=\"Pre\u00e7o\" \/>\n\t<meta name=\"twitter:data1\" content=\"&#036;&nbsp;345.600,00\" \/>\n\t<meta name=\"twitter:label2\" content=\"Disponibilidade\" \/>\n\t<meta name=\"twitter:data2\" content=\"Em Estoque\" \/>\n<script type=\"application\/ld+json\" class=\"yoast-schema-graph\">{\"@context\":\"https:\/\/schema.org\",\"@graph\":[{\"@type\":[\"WebPage\",\"ItemPage\"],\"@id\":\"https:\/\/adventurecenter.com.ar\/product\/escuelita-ski-snowboard-ninos\/\",\"url\":\"https:\/\/adventurecenter.com.ar\/product\/escuelita-ski-snowboard-ninos\/\",\"name\":\"Escuelita de Ski y Snowboard: una jornada completa para los m\u00e1s chicos - Adventure Center\",\"isPartOf\":{\"@id\":\"https:\/\/adventurecenter.com.ar\/#website\"},\"primaryImageOfPage\":{\"@id\":\"https:\/\/adventurecenter.com.ar\/product\/escuelita-ski-snowboard-ninos\/#primaryimage\"},\"image\":{\"@id\":\"https:\/\/adventurecenter.com.ar\/product\/escuelita-ski-snowboard-ninos\/#primaryimage\"},\"thumbnailUrl\":\"https:\/\/adventurecenter.com.ar\/wp-content\/uploads\/2025\/05\/1-A-Escuela-de-Ski-y-Snowboard-copia-scaled.jpg\",\"datePublished\":\"2026-04-09T23:12:32+00:00\",\"dateModified\":\"2026-04-11T23:04:35+00:00\",\"description\":\"Escuelita de Ski\/Snowboard en Bariloche para ni\u00f1os de 4 a 11 a\u00f1os. Incluye clases, equipo, almuerzo y traslado. Ideal para empezar a disfrutar de la nieve de forma segura y divertida.\",\"breadcrumb\":{\"@id\":\"https:\/\/adventurecenter.com.ar\/product\/escuelita-ski-snowboard-ninos\/#breadcrumb\"},\"inLanguage\":\"pt-BR\",\"potentialAction\":[{\"@type\":\"ReadAction\",\"target\":[\"https:\/\/adventurecenter.com.ar\/product\/escuelita-ski-snowboard-ninos\/\"]}]},{\"@type\":\"ImageObject\",\"inLanguage\":\"pt-BR\",\"@id\":\"https:\/\/adventurecenter.com.ar\/product\/escuelita-ski-snowboard-ninos\/#primaryimage\",\"url\":\"https:\/\/adventurecenter.com.ar\/wp-content\/uploads\/2025\/05\/1-A-Escuela-de-Ski-y-Snowboard-copia-scaled.jpg\",\"contentUrl\":\"https:\/\/adventurecenter.com.ar\/wp-content\/uploads\/2025\/05\/1-A-Escuela-de-Ski-y-Snowboard-copia-scaled.jpg\",\"width\":2024,\"height\":2560},{\"@type\":\"BreadcrumbList\",\"@id\":\"https:\/\/adventurecenter.com.ar\/product\/escuelita-ski-snowboard-ninos\/#breadcrumb\",\"itemListElement\":[{\"@type\":\"ListItem\",\"position\":1,\"name\":\"Home\",\"item\":\"https:\/\/adventurecenter.com.ar\/\"},{\"@type\":\"ListItem\",\"position\":2,\"name\":\"Lista de excursiones\",\"item\":\"https:\/\/adventurecenter.com.ar\/shop\/\"},{\"@type\":\"ListItem\",\"position\":3,\"name\":\"Escuelita de Ski y Snowboard: una jornada completa para los m\u00e1s chicos\"}]},{\"@type\":\"WebSite\",\"@id\":\"https:\/\/adventurecenter.com.ar\/#website\",\"url\":\"https:\/\/adventurecenter.com.ar\/\",\"name\":\"Adventure Center\",\"description\":\"Turismo en Bariloche Patagonia Argentina\",\"publisher\":{\"@id\":\"https:\/\/adventurecenter.com.ar\/#organization\"},\"potentialAction\":[{\"@type\":\"SearchAction\",\"target\":{\"@type\":\"EntryPoint\",\"urlTemplate\":\"https:\/\/adventurecenter.com.ar\/?s={search_term_string}\"},\"query-input\":{\"@type\":\"PropertyValueSpecification\",\"valueRequired\":true,\"valueName\":\"search_term_string\"}}],\"inLanguage\":\"pt-BR\"},{\"@type\":\"Organization\",\"@id\":\"https:\/\/adventurecenter.com.ar\/#organization\",\"name\":\"Adventure Center\",\"url\":\"https:\/\/adventurecenter.com.ar\/\",\"logo\":{\"@type\":\"ImageObject\",\"inLanguage\":\"pt-BR\",\"@id\":\"https:\/\/adventurecenter.com.ar\/#\/schema\/logo\/image\/\",\"url\":\"https:\/\/adventurecenter.com.ar\/wp-content\/uploads\/2022\/10\/logo-definitivo-copia.png\",\"contentUrl\":\"https:\/\/adventurecenter.com.ar\/wp-content\/uploads\/2022\/10\/logo-definitivo-copia.png\",\"width\":150,\"height\":55,\"caption\":\"Adventure Center\"},\"image\":{\"@id\":\"https:\/\/adventurecenter.com.ar\/#\/schema\/logo\/image\/\"}}]}<\/script>\n<meta property=\"product:price:amount\" content=\"345600.00\" \/>\n<meta property=\"product:price:currency\" content=\"ARS\" \/>\n<meta property=\"og:availability\" content=\"instock\" \/>\n<meta property=\"product:availability\" content=\"instock\" \/>\n<meta property=\"product:retailer_item_id\" content=\"ADV2025ESSKSNJ9L2\" \/>\n<meta property=\"product:condition\" content=\"new\" \/>\n<!-- \/ Yoast SEO Premium plugin. -->","yoast_head_json":{"title":"Escola de esqui e snowboard: um dia inteiro para crian\u00e7as - Adventure Center","description":"Escola de esqui\/snowboard em Bariloche para crian\u00e7as de 4 a 11 anos de idade. Inclui aulas, equipamentos, almo\u00e7o e traslado. Ideal para come\u00e7ar a desfrutar da neve de uma forma segura e divertida.","robots":{"index":"index","follow":"follow","max-snippet":"max-snippet:-1","max-image-preview":"max-image-preview:large","max-video-preview":"max-video-preview:-1"},"canonical":"https:\/\/adventurecenter.com.ar\/pt\/product\/escola-de-snowboard-para-criancas\/","og_locale":"pt_BR","og_type":"article","og_title":"Escuelita de Ski y Snowboard: una jornada completa para los m\u00e1s chicos","og_description":"Escuelita de Ski\/Snowboard en Bariloche para ni\u00f1os de 4 a 11 a\u00f1os. Incluye clases, equipo, almuerzo y traslado. Ideal para empezar a disfrutar de la nieve de forma segura y divertida.","og_url":"https:\/\/adventurecenter.com.ar\/pt\/product\/escola-de-snowboard-para-criancas\/","og_site_name":"Adventure Center","article_modified_time":"2026-04-11T23:04:35+00:00","og_image":[{"width":2024,"height":2560,"url":"https:\/\/adventurecenter.com.ar\/wp-content\/uploads\/2025\/05\/1-A-Escuela-de-Ski-y-Snowboard-copia-scaled.jpg","type":"image\/jpeg"}],"twitter_card":"summary_large_image","twitter_misc":{"Pre\u00e7o":"&#36;&nbsp;345.600,00","Disponibilidade":"Em Estoque"},"schema":{"@context":"https:\/\/schema.org","@graph":[{"@type":["WebPage","ItemPage"],"@id":"https:\/\/adventurecenter.com.ar\/product\/escuelita-ski-snowboard-ninos\/","url":"https:\/\/adventurecenter.com.ar\/product\/escuelita-ski-snowboard-ninos\/","name":"Escola de esqui e snowboard: um dia inteiro para crian\u00e7as - Adventure Center","isPartOf":{"@id":"https:\/\/adventurecenter.com.ar\/#website"},"primaryImageOfPage":{"@id":"https:\/\/adventurecenter.com.ar\/product\/escuelita-ski-snowboard-ninos\/#primaryimage"},"image":{"@id":"https:\/\/adventurecenter.com.ar\/product\/escuelita-ski-snowboard-ninos\/#primaryimage"},"thumbnailUrl":"https:\/\/adventurecenter.com.ar\/wp-content\/uploads\/2025\/05\/1-A-Escuela-de-Ski-y-Snowboard-copia-scaled.jpg","datePublished":"2026-04-09T23:12:32+00:00","dateModified":"2026-04-11T23:04:35+00:00","description":"Escola de esqui\/snowboard em Bariloche para crian\u00e7as de 4 a 11 anos de idade. Inclui aulas, equipamentos, almo\u00e7o e traslado. Ideal para come\u00e7ar a desfrutar da neve de uma forma segura e divertida.","breadcrumb":{"@id":"https:\/\/adventurecenter.com.ar\/product\/escuelita-ski-snowboard-ninos\/#breadcrumb"},"inLanguage":"pt-BR","potentialAction":[{"@type":"ReadAction","target":["https:\/\/adventurecenter.com.ar\/product\/escuelita-ski-snowboard-ninos\/"]}]},{"@type":"ImageObject","inLanguage":"pt-BR","@id":"https:\/\/adventurecenter.com.ar\/product\/escuelita-ski-snowboard-ninos\/#primaryimage","url":"https:\/\/adventurecenter.com.ar\/wp-content\/uploads\/2025\/05\/1-A-Escuela-de-Ski-y-Snowboard-copia-scaled.jpg","contentUrl":"https:\/\/adventurecenter.com.ar\/wp-content\/uploads\/2025\/05\/1-A-Escuela-de-Ski-y-Snowboard-copia-scaled.jpg","width":2024,"height":2560},{"@type":"BreadcrumbList","@id":"https:\/\/adventurecenter.com.ar\/product\/escuelita-ski-snowboard-ninos\/#breadcrumb","itemListElement":[{"@type":"ListItem","position":1,"name":"Home","item":"https:\/\/adventurecenter.com.ar\/"},{"@type":"ListItem","position":2,"name":"Lista de excursiones","item":"https:\/\/adventurecenter.com.ar\/shop\/"},{"@type":"ListItem","position":3,"name":"Escuelita de Ski y Snowboard: una jornada completa para los m\u00e1s chicos"}]},{"@type":"WebSite","@id":"https:\/\/adventurecenter.com.ar\/#website","url":"https:\/\/adventurecenter.com.ar\/","name":"Centro de Aventura","description":"Turismo em Bariloche Patag\u00f4nia Argentina","publisher":{"@id":"https:\/\/adventurecenter.com.ar\/#organization"},"potentialAction":[{"@type":"SearchAction","target":{"@type":"EntryPoint","urlTemplate":"https:\/\/adventurecenter.com.ar\/?s={search_term_string}"},"query-input":{"@type":"PropertyValueSpecification","valueRequired":true,"valueName":"search_term_string"}}],"inLanguage":"pt-BR"},{"@type":"Organization","@id":"https:\/\/adventurecenter.com.ar\/#organization","name":"Centro de Aventura","url":"https:\/\/adventurecenter.com.ar\/","logo":{"@type":"ImageObject","inLanguage":"pt-BR","@id":"https:\/\/adventurecenter.com.ar\/#\/schema\/logo\/image\/","url":"https:\/\/adventurecenter.com.ar\/wp-content\/uploads\/2022\/10\/logo-definitivo-copia.png","contentUrl":"https:\/\/adventurecenter.com.ar\/wp-content\/uploads\/2022\/10\/logo-definitivo-copia.png","width":150,"height":55,"caption":"Adventure Center"},"image":{"@id":"https:\/\/adventurecenter.com.ar\/#\/schema\/logo\/image\/"}}]},"product_price_amount":"345600.00","product_price_currency":"ARS","og_availability":"instock","product_availability":"instock","product_retailer_item_id":"ADV2025ESSKSNJ9L2","product_condition":"new"},"_links":{"self":[{"href":"https:\/\/adventurecenter.com.ar\/pt\/wp-json\/wp\/v2\/product\/378075","targetHints":{"allow":["GET"]}}],"collection":[{"href":"https:\/\/adventurecenter.com.ar\/pt\/wp-json\/wp\/v2\/product"}],"about":[{"href":"https:\/\/adventurecenter.com.ar\/pt\/wp-json\/wp\/v2\/types\/product"}],"replies":[{"embeddable":true,"href":"https:\/\/adventurecenter.com.ar\/pt\/wp-json\/wp\/v2\/comments?post=378075"}],"wp:featuredmedia":[{"embeddable":true,"href":"https:\/\/adventurecenter.com.ar\/pt\/wp-json\/wp\/v2\/media\/379131"}],"wp:attachment":[{"href":"https:\/\/adventurecenter.com.ar\/pt\/wp-json\/wp\/v2\/media?parent=378075"}],"wp:term":[{"taxonomy":"product_brand","embeddable":true,"href":"https:\/\/adventurecenter.com.ar\/pt\/wp-json\/wp\/v2\/product_brand?post=378075"},{"taxonomy":"product_cat","embeddable":true,"href":"https:\/\/adventurecenter.com.ar\/pt\/wp-json\/wp\/v2\/product_cat?post=378075"},{"taxonomy":"product_tag","embeddable":true,"href":"https:\/\/adventurecenter.com.ar\/pt\/wp-json\/wp\/v2\/product_tag?post=378075"}],"curies":[{"name":"wp","href":"https:\/\/api.w.org\/{rel}","templated":true}]}}