{"id":377730,"date":"2025-04-15T13:19:28","date_gmt":"2025-04-15T16:19:28","guid":{"rendered":"https:\/\/adventurecenter.com.ar\/?post_type=product&#038;p=377730"},"modified":"2026-02-02T16:56:00","modified_gmt":"2026-02-02T19:56:00","slug":"seguro-de-cancelacion","status":"publish","type":"product","link":"https:\/\/adventurecenter.com.ar\/pt\/product\/seguro-de-cancelamento\/","title":{"rendered":"Seguro de cancelamento - Cancele sua excurs\u00e3o sem perder o valor total de sua viagem"},"content":{"rendered":"<h3 data-start=\"200\" data-end=\"242\">Tranquilidade no caso de eventos imprevistos<\/h3>\n<p data-start=\"244\" data-end=\"516\">Se, por qualquer motivo, voc\u00ea n\u00e3o puder fazer sua excurs\u00e3o, o Seguro de Cancelamento permite que voc\u00ea receba um reembolso de 80% do valor pago, desde que o cancelamento seja feito at\u00e9 as 19h do dia anterior. Uma solu\u00e7\u00e3o simples, r\u00e1pida e flex\u00edvel para proteger sua reserva.<\/p>\n<h3 data-start=\"523\" data-end=\"548\">O que o seguro cobre?<\/h3>\n<ul data-start=\"550\" data-end=\"858\">\n<li data-start=\"550\" data-end=\"613\">\n<p data-start=\"552\" data-end=\"613\">Cancelamento da excurs\u00e3o at\u00e9 as 19 horas do dia anterior.<\/p>\n<\/li>\n<li data-start=\"614\" data-end=\"652\">\n<p data-start=\"616\" data-end=\"652\">80% reembolso do valor pago.<\/p>\n<\/li>\n<li data-start=\"653\" data-end=\"727\">\n<p data-start=\"655\" data-end=\"727\">Processamento r\u00e1pido, sem necessidade de justificar o motivo do cancelamento.<\/p>\n<\/li>\n<li data-start=\"728\" data-end=\"785\">\n<p data-start=\"730\" data-end=\"785\">Ele \u00e9 contratado por pessoa e por excurs\u00e3o reservada.<\/p>\n<\/li>\n<li data-start=\"786\" data-end=\"858\">\n<p data-start=\"788\" data-end=\"858\">Dispon\u00edvel para aluguel em at\u00e9 30 minutos ap\u00f3s a emiss\u00e3o do voucher.<\/p>\n<\/li>\n<\/ul>\n<h3 data-start=\"865\" data-end=\"892\">Condi\u00e7\u00f5es importantes<\/h3>\n<ul data-start=\"894\" data-end=\"1157\">\n<li data-start=\"894\" data-end=\"981\">\n<p data-start=\"896\" data-end=\"981\">O seguro \u00e9 individual: \u00e9 aplicado para cada passageiro e para cada excurs\u00e3o contratada.<\/p>\n<\/li>\n<li data-start=\"982\" data-end=\"1080\">\n<p data-start=\"984\" data-end=\"1080\">Ele n\u00e3o pode ser solicitado mais de 30 minutos ap\u00f3s a emiss\u00e3o do voucher.<\/p>\n<\/li>\n<li data-start=\"1081\" data-end=\"1157\">\n<p data-start=\"1083\" data-end=\"1157\">Sem esse seguro, n\u00e3o h\u00e1 reembolso para cancelamentos.<\/p>\n<\/li>\n<\/ul>\n<h3 data-start=\"1164\" data-end=\"1188\">Perguntas frequentes<\/h3>\n<p data-start=\"1190\" data-end=\"1326\"><strong data-start=\"1190\" data-end=\"1243\">Quando posso contratar o Seguro de Cancelamento?<\/strong><br data-start=\"1243\" data-end=\"1246\" \/>Ele pode ser adicionado at\u00e9 30 minutos ap\u00f3s a emiss\u00e3o do voucher da excurs\u00e3o.<\/p>\n<p data-start=\"1328\" data-end=\"1451\"><strong data-start=\"1328\" data-end=\"1388\">Preciso fornecer alguma justificativa para o cancelamento?<\/strong><br data-start=\"1388\" data-end=\"1391\" \/>N\u00e3o. O procedimento \u00e9 simples e n\u00e3o requer justificativa.<\/p>\n<p data-start=\"1453\" data-end=\"1575\"><strong data-start=\"1453\" data-end=\"1492\">O reembolso \u00e9 do valor total pago?<\/strong><br data-start=\"1492\" data-end=\"1495\" \/>N\u00e3o. O reembolso cobre 80% do valor pago, de acordo com as condi\u00e7\u00f5es em vigor.<\/p>\n<p data-start=\"1577\" data-end=\"1711\"><strong data-start=\"1577\" data-end=\"1617\">O seguro \u00e9 obrigat\u00f3rio?<\/strong><br data-start=\"1617\" data-end=\"1620\" \/>N\u00e3o \u00e9 obrigat\u00f3rio, mas sem esse seguro n\u00e3o h\u00e1 reembolso em caso de cancelamento.<\/p>","protected":false},"excerpt":{"rendered":"<p data-start=\"1905\" data-end=\"2104\">Seguro de cancelamento para excurs\u00f5es em Bariloche. Voc\u00ea receber\u00e1 o 80% de volta se cancelar at\u00e9 as 19h do dia anterior. Dispon\u00edvel no momento da reserva.<\/p>","protected":false},"featured_media":380794,"comment_status":"closed","ping_status":"closed","template":"","meta":[],"product_brand":[],"product_cat":[38],"product_tag":[],"class_list":{"0":"post-377730","1":"product","2":"type-product","3":"status-publish","4":"has-post-thumbnail","6":"product_cat-otros","8":"first","9":"instock","10":"virtual","11":"purchasable","12":"product-type-simple"},"booking_location":null,"booking_location_type":null,"booking_duration":null,"booking_duration_unit":null,"booking_buffer":null,"booking_cost":null,"booking_resources":null,"exclude_global_add_ons":[],"addons":[],"yoast_head":"<!-- This site is optimized with the Yoast SEO Premium plugin v24.5 (Yoast SEO v24.8) - https:\/\/yoast.com\/wordpress\/plugins\/seo\/ -->\n<title>Seguro de Cancelaci\u00f3n \u2013 Cancel\u00e1 tu excursi\u00f3n sin perder todo el valor - Adventure Center<\/title>\n<meta name=\"description\" content=\"Seguro de Cancelaci\u00f3n para excursiones en Bariloche. Cancel\u00e1 hasta las 19 hs del d\u00eda anterior y recuper\u00e1 el 80% del monto abonado. Contratalo al reservar.\" \/>\n<meta name=\"robots\" content=\"index, follow, max-snippet:-1, max-image-preview:large, max-video-preview:-1\" \/>\n<link rel=\"canonical\" href=\"https:\/\/adventurecenter.com.ar\/pt\/product\/seguro-de-cancelamento\/\" \/>\n<meta property=\"og:locale\" content=\"pt_BR\" \/>\n<meta property=\"og:type\" content=\"article\" \/>\n<meta property=\"og:title\" content=\"Seguro de Cancelaci\u00f3n \u2013 Cancel\u00e1 tu excursi\u00f3n sin perder todo el valor\" \/>\n<meta property=\"og:description\" content=\"Seguro de Cancelaci\u00f3n para excursiones en Bariloche. Cancel\u00e1 hasta las 19 hs del d\u00eda anterior y recuper\u00e1 el 80% del monto abonado. Contratalo al reservar.\" \/>\n<meta property=\"og:url\" content=\"https:\/\/adventurecenter.com.ar\/pt\/product\/seguro-de-cancelamento\/\" \/>\n<meta property=\"og:site_name\" content=\"Adventure Center\" \/>\n<meta property=\"article:modified_time\" content=\"2026-02-02T19:56:00+00:00\" \/>\n<meta property=\"og:image\" content=\"https:\/\/adventurecenter.com.ar\/wp-content\/uploads\/2025\/04\/Sin-titulo-1475-scaled.jpg\" \/>\n\t<meta property=\"og:image:width\" content=\"2560\" \/>\n\t<meta property=\"og:image:height\" content=\"1707\" \/>\n\t<meta property=\"og:image:type\" content=\"image\/jpeg\" \/>\n<meta name=\"twitter:card\" content=\"summary_large_image\" \/>\n<meta name=\"twitter:label1\" content=\"Pre\u00e7o\" \/>\n\t<meta name=\"twitter:data1\" content=\"&#036;&nbsp;15.000,00\" \/>\n\t<meta name=\"twitter:label2\" content=\"Disponibilidade\" \/>\n\t<meta name=\"twitter:data2\" content=\"Em Estoque\" \/>\n<script type=\"application\/ld+json\" class=\"yoast-schema-graph\">{\"@context\":\"https:\/\/schema.org\",\"@graph\":[{\"@type\":[\"WebPage\",\"ItemPage\"],\"@id\":\"https:\/\/adventurecenter.com.ar\/product\/seguro-de-cancelacion\/\",\"url\":\"https:\/\/adventurecenter.com.ar\/product\/seguro-de-cancelacion\/\",\"name\":\"Seguro de Cancelaci\u00f3n \u2013 Cancel\u00e1 tu excursi\u00f3n sin perder todo el valor - Adventure Center\",\"isPartOf\":{\"@id\":\"https:\/\/adventurecenter.com.ar\/#website\"},\"primaryImageOfPage\":{\"@id\":\"https:\/\/adventurecenter.com.ar\/product\/seguro-de-cancelacion\/#primaryimage\"},\"image\":{\"@id\":\"https:\/\/adventurecenter.com.ar\/product\/seguro-de-cancelacion\/#primaryimage\"},\"thumbnailUrl\":\"https:\/\/adventurecenter.com.ar\/wp-content\/uploads\/2025\/04\/Sin-titulo-1475-scaled.jpg\",\"datePublished\":\"2025-04-15T16:19:28+00:00\",\"dateModified\":\"2026-02-02T19:56:00+00:00\",\"description\":\"Seguro de Cancelaci\u00f3n para excursiones en Bariloche. Cancel\u00e1 hasta las 19 hs del d\u00eda anterior y recuper\u00e1 el 80% del monto abonado. Contratalo al reservar.\",\"breadcrumb\":{\"@id\":\"https:\/\/adventurecenter.com.ar\/product\/seguro-de-cancelacion\/#breadcrumb\"},\"inLanguage\":\"pt-BR\",\"potentialAction\":[{\"@type\":\"ReadAction\",\"target\":[\"https:\/\/adventurecenter.com.ar\/product\/seguro-de-cancelacion\/\"]}]},{\"@type\":\"ImageObject\",\"inLanguage\":\"pt-BR\",\"@id\":\"https:\/\/adventurecenter.com.ar\/product\/seguro-de-cancelacion\/#primaryimage\",\"url\":\"https:\/\/adventurecenter.com.ar\/wp-content\/uploads\/2025\/04\/Sin-titulo-1475-scaled.jpg\",\"contentUrl\":\"https:\/\/adventurecenter.com.ar\/wp-content\/uploads\/2025\/04\/Sin-titulo-1475-scaled.jpg\",\"width\":2560,\"height\":1707},{\"@type\":\"BreadcrumbList\",\"@id\":\"https:\/\/adventurecenter.com.ar\/product\/seguro-de-cancelacion\/#breadcrumb\",\"itemListElement\":[{\"@type\":\"ListItem\",\"position\":1,\"name\":\"Home\",\"item\":\"https:\/\/adventurecenter.com.ar\/\"},{\"@type\":\"ListItem\",\"position\":2,\"name\":\"Lista de excursiones\",\"item\":\"https:\/\/adventurecenter.com.ar\/shop\/\"},{\"@type\":\"ListItem\",\"position\":3,\"name\":\"Seguro de Cancelaci\u00f3n \u2013 Cancel\u00e1 tu excursi\u00f3n sin perder todo el valor\"}]},{\"@type\":\"WebSite\",\"@id\":\"https:\/\/adventurecenter.com.ar\/#website\",\"url\":\"https:\/\/adventurecenter.com.ar\/\",\"name\":\"Adventure Center\",\"description\":\"Turismo en Bariloche Patagonia Argentina\",\"publisher\":{\"@id\":\"https:\/\/adventurecenter.com.ar\/#organization\"},\"potentialAction\":[{\"@type\":\"SearchAction\",\"target\":{\"@type\":\"EntryPoint\",\"urlTemplate\":\"https:\/\/adventurecenter.com.ar\/?s={search_term_string}\"},\"query-input\":{\"@type\":\"PropertyValueSpecification\",\"valueRequired\":true,\"valueName\":\"search_term_string\"}}],\"inLanguage\":\"pt-BR\"},{\"@type\":\"Organization\",\"@id\":\"https:\/\/adventurecenter.com.ar\/#organization\",\"name\":\"Adventure Center\",\"url\":\"https:\/\/adventurecenter.com.ar\/\",\"logo\":{\"@type\":\"ImageObject\",\"inLanguage\":\"pt-BR\",\"@id\":\"https:\/\/adventurecenter.com.ar\/#\/schema\/logo\/image\/\",\"url\":\"https:\/\/adventurecenter.com.ar\/wp-content\/uploads\/2022\/10\/logo-definitivo-copia.png\",\"contentUrl\":\"https:\/\/adventurecenter.com.ar\/wp-content\/uploads\/2022\/10\/logo-definitivo-copia.png\",\"width\":150,\"height\":55,\"caption\":\"Adventure Center\"},\"image\":{\"@id\":\"https:\/\/adventurecenter.com.ar\/#\/schema\/logo\/image\/\"}}]}<\/script>\n<meta property=\"product:price:amount\" content=\"15000.00\" \/>\n<meta property=\"product:price:currency\" content=\"ARS\" \/>\n<meta property=\"og:availability\" content=\"instock\" \/>\n<meta property=\"product:availability\" content=\"instock\" \/>\n<meta property=\"product:condition\" content=\"new\" \/>\n<!-- \/ Yoast SEO Premium plugin. -->","yoast_head_json":{"title":"Seguro de Cancelamento - Cancele seu passeio sem perder todo o valor - Adventure Center","description":"Seguro de cancelamento para excurs\u00f5es em Bariloche. Cancele at\u00e9 as 19h do dia anterior e voc\u00ea receber\u00e1 de volta 80% do valor pago. Reserve-o quando fizer sua reserva.","robots":{"index":"index","follow":"follow","max-snippet":"max-snippet:-1","max-image-preview":"max-image-preview:large","max-video-preview":"max-video-preview:-1"},"canonical":"https:\/\/adventurecenter.com.ar\/pt\/product\/seguro-de-cancelamento\/","og_locale":"pt_BR","og_type":"article","og_title":"Seguro de Cancelaci\u00f3n \u2013 Cancel\u00e1 tu excursi\u00f3n sin perder todo el valor","og_description":"Seguro de Cancelaci\u00f3n para excursiones en Bariloche. Cancel\u00e1 hasta las 19 hs del d\u00eda anterior y recuper\u00e1 el 80% del monto abonado. Contratalo al reservar.","og_url":"https:\/\/adventurecenter.com.ar\/pt\/product\/seguro-de-cancelamento\/","og_site_name":"Adventure Center","article_modified_time":"2026-02-02T19:56:00+00:00","og_image":[{"width":2560,"height":1707,"url":"https:\/\/adventurecenter.com.ar\/wp-content\/uploads\/2025\/04\/Sin-titulo-1475-scaled.jpg","type":"image\/jpeg"}],"twitter_card":"summary_large_image","twitter_misc":{"Pre\u00e7o":"&#36;&nbsp;15.000,00","Disponibilidade":"Em Estoque"},"schema":{"@context":"https:\/\/schema.org","@graph":[{"@type":["WebPage","ItemPage"],"@id":"https:\/\/adventurecenter.com.ar\/product\/seguro-de-cancelacion\/","url":"https:\/\/adventurecenter.com.ar\/product\/seguro-de-cancelacion\/","name":"Seguro de Cancelamento - Cancele seu passeio sem perder todo o valor - Adventure Center","isPartOf":{"@id":"https:\/\/adventurecenter.com.ar\/#website"},"primaryImageOfPage":{"@id":"https:\/\/adventurecenter.com.ar\/product\/seguro-de-cancelacion\/#primaryimage"},"image":{"@id":"https:\/\/adventurecenter.com.ar\/product\/seguro-de-cancelacion\/#primaryimage"},"thumbnailUrl":"https:\/\/adventurecenter.com.ar\/wp-content\/uploads\/2025\/04\/Sin-titulo-1475-scaled.jpg","datePublished":"2025-04-15T16:19:28+00:00","dateModified":"2026-02-02T19:56:00+00:00","description":"Seguro de cancelamento para excurs\u00f5es em Bariloche. Cancele at\u00e9 as 19h do dia anterior e voc\u00ea receber\u00e1 de volta 80% do valor pago. Reserve-o quando fizer sua reserva.","breadcrumb":{"@id":"https:\/\/adventurecenter.com.ar\/product\/seguro-de-cancelacion\/#breadcrumb"},"inLanguage":"pt-BR","potentialAction":[{"@type":"ReadAction","target":["https:\/\/adventurecenter.com.ar\/product\/seguro-de-cancelacion\/"]}]},{"@type":"ImageObject","inLanguage":"pt-BR","@id":"https:\/\/adventurecenter.com.ar\/product\/seguro-de-cancelacion\/#primaryimage","url":"https:\/\/adventurecenter.com.ar\/wp-content\/uploads\/2025\/04\/Sin-titulo-1475-scaled.jpg","contentUrl":"https:\/\/adventurecenter.com.ar\/wp-content\/uploads\/2025\/04\/Sin-titulo-1475-scaled.jpg","width":2560,"height":1707},{"@type":"BreadcrumbList","@id":"https:\/\/adventurecenter.com.ar\/product\/seguro-de-cancelacion\/#breadcrumb","itemListElement":[{"@type":"ListItem","position":1,"name":"Home","item":"https:\/\/adventurecenter.com.ar\/"},{"@type":"ListItem","position":2,"name":"Lista de excursiones","item":"https:\/\/adventurecenter.com.ar\/shop\/"},{"@type":"ListItem","position":3,"name":"Seguro de Cancelaci\u00f3n \u2013 Cancel\u00e1 tu excursi\u00f3n sin perder todo el valor"}]},{"@type":"WebSite","@id":"https:\/\/adventurecenter.com.ar\/#website","url":"https:\/\/adventurecenter.com.ar\/","name":"Centro de Aventura","description":"Turismo em Bariloche Patag\u00f4nia Argentina","publisher":{"@id":"https:\/\/adventurecenter.com.ar\/#organization"},"potentialAction":[{"@type":"SearchAction","target":{"@type":"EntryPoint","urlTemplate":"https:\/\/adventurecenter.com.ar\/?s={search_term_string}"},"query-input":{"@type":"PropertyValueSpecification","valueRequired":true,"valueName":"search_term_string"}}],"inLanguage":"pt-BR"},{"@type":"Organization","@id":"https:\/\/adventurecenter.com.ar\/#organization","name":"Centro de Aventura","url":"https:\/\/adventurecenter.com.ar\/","logo":{"@type":"ImageObject","inLanguage":"pt-BR","@id":"https:\/\/adventurecenter.com.ar\/#\/schema\/logo\/image\/","url":"https:\/\/adventurecenter.com.ar\/wp-content\/uploads\/2022\/10\/logo-definitivo-copia.png","contentUrl":"https:\/\/adventurecenter.com.ar\/wp-content\/uploads\/2022\/10\/logo-definitivo-copia.png","width":150,"height":55,"caption":"Adventure Center"},"image":{"@id":"https:\/\/adventurecenter.com.ar\/#\/schema\/logo\/image\/"}}]},"product_price_amount":"15000.00","product_price_currency":"ARS","og_availability":"instock","product_availability":"instock","product_condition":"new"},"_links":{"self":[{"href":"https:\/\/adventurecenter.com.ar\/pt\/wp-json\/wp\/v2\/product\/377730","targetHints":{"allow":["GET"]}}],"collection":[{"href":"https:\/\/adventurecenter.com.ar\/pt\/wp-json\/wp\/v2\/product"}],"about":[{"href":"https:\/\/adventurecenter.com.ar\/pt\/wp-json\/wp\/v2\/types\/product"}],"replies":[{"embeddable":true,"href":"https:\/\/adventurecenter.com.ar\/pt\/wp-json\/wp\/v2\/comments?post=377730"}],"wp:featuredmedia":[{"embeddable":true,"href":"https:\/\/adventurecenter.com.ar\/pt\/wp-json\/wp\/v2\/media\/380794"}],"wp:attachment":[{"href":"https:\/\/adventurecenter.com.ar\/pt\/wp-json\/wp\/v2\/media?parent=377730"}],"wp:term":[{"taxonomy":"product_brand","embeddable":true,"href":"https:\/\/adventurecenter.com.ar\/pt\/wp-json\/wp\/v2\/product_brand?post=377730"},{"taxonomy":"product_cat","embeddable":true,"href":"https:\/\/adventurecenter.com.ar\/pt\/wp-json\/wp\/v2\/product_cat?post=377730"},{"taxonomy":"product_tag","embeddable":true,"href":"https:\/\/adventurecenter.com.ar\/pt\/wp-json\/wp\/v2\/product_tag?post=377730"}],"curies":[{"name":"wp","href":"https:\/\/api.w.org\/{rel}","templated":true}]}}