{"id":377471,"date":"2026-04-09T20:12:31","date_gmt":"2026-04-09T23:12:31","guid":{"rendered":"https:\/\/adventurecenter.com.ar\/?post_type=product&#038;p=377471"},"modified":"2026-04-11T20:20:04","modified_gmt":"2026-04-11T23:20:04","slug":"la-cueva-after-ski","status":"publish","type":"product","link":"https:\/\/adventurecenter.com.ar\/pt\/product\/a-caverna-depois-do-esqui\/","title":{"rendered":"Venha para La Cueva depois de esquiar: relaxe na montanha com jantar e paisagens de sonho"},"content":{"rendered":"<h3 data-start=\"379\" data-end=\"469\">Uma viagem de inverno \u00fanica de Bariloche at\u00e9 as profundezas da floresta nevada.<\/h3>\n<p data-start=\"470\" data-end=\"834\">O passeio come\u00e7a em <strong data-start=\"498\" data-end=\"510\">14:30 hs<\/strong>, com traslado inclu\u00eddo de pontos acordados entre o centro e o km 8 de Bariloche. De l\u00e1, o levaremos diretamente para o <strong data-start=\"631\" data-end=\"649\">Cerro Catedral<\/strong>, onde a verdadeira aventura come\u00e7a: <strong data-start=\"688\" data-end=\"715\">7 km de pura adrenalina<\/strong> em motos de neve ou quadriciclos, percorrendo trilhas cobertas de neve pelas florestas andinas, guiados por especialistas.<\/p>\n<p data-start=\"836\" data-end=\"1264\">Cada curva da estrada o faz mergulhar ainda mais na natureza. No final da rota, o seguinte lhe aguarda <strong data-start=\"925\" data-end=\"937\">A Caverna<\/strong>, Um ref\u00fagio acolhedor e \u00edntimo na montanha, onde o fogo, o fondue e os sabores patag\u00f4nicos lhe d\u00e3o as boas-vindas para terminar o dia com uma experi\u00eancia inesquec\u00edvel. O p\u00f4r do sol cai sobre a montanha enquanto voc\u00ea compartilha uma mesa com p\u00e3es caseiros, chocolates, doces, cervejas artesanais e um fondue que voc\u00ea pode desfrutar com todos os seus sentidos.<\/p>\n<h3 data-start=\"1271\" data-end=\"1304\">O que essa aventura inclui?<\/h3>\n<ul data-start=\"1305\" data-end=\"1678\">\n<li data-start=\"1305\" data-end=\"1370\">\n<p data-start=\"1307\" data-end=\"1370\">Traslado de e para pontos de encontro estrat\u00e9gicos.<\/p>\n<\/li>\n<li data-start=\"1371\" data-end=\"1432\">\n<p data-start=\"1373\" data-end=\"1432\">Passeio guiado em snowmobiles ou quadriciclos (7 km).<\/p>\n<\/li>\n<li data-start=\"1433\" data-end=\"1493\">\n<p data-start=\"1435\" data-end=\"1493\">Todos os equipamentos: capacete, ve\u00edculo, guia profissional.<\/p>\n<\/li>\n<li data-start=\"1494\" data-end=\"1610\">\n<p data-start=\"1496\" data-end=\"1610\">Recep\u00e7\u00e3o no ref\u00fagio com degusta\u00e7\u00e3o patag\u00f4nica: fondue de queijo, doces, sobremesa, chocolate, cerveja, caf\u00e9 ou ch\u00e1.<\/p>\n<\/li>\n<li data-start=\"1611\" data-end=\"1678\">\n<p data-start=\"1613\" data-end=\"1678\">P\u00f4r do sol em frente ao Cerro Catedral a partir de um ponto de vista natural.<\/p>\n<\/li>\n<\/ul>\n<h3 data-start=\"1685\" data-end=\"1713\">Informa\u00e7\u00f5es importantes<\/h3>\n<ul data-start=\"1714\" data-end=\"1970\">\n<li data-start=\"1714\" data-end=\"1749\">\n<p data-start=\"1716\" data-end=\"1749\"><strong data-start=\"1716\" data-end=\"1729\">Dura\u00e7\u00e3o:<\/strong> 14:30 \u00e0s 18:30 hs.<\/p>\n<\/li>\n<li data-start=\"1750\" data-end=\"1826\">\n<p data-start=\"1752\" data-end=\"1826\"><strong data-start=\"1752\" data-end=\"1768\">Idade m\u00ednima:<\/strong> 6 anos. Para dirigir, \u00e9 necess\u00e1rio ter mais de 18 anos de idade.<\/p>\n<\/li>\n<li data-start=\"1827\" data-end=\"1883\">\n<p data-start=\"1829\" data-end=\"1883\"><strong data-start=\"1829\" data-end=\"1845\">Condi\u00e7\u00f5es:<\/strong> atividade n\u00e3o adequada para mulheres gr\u00e1vidas.<\/p>\n<\/li>\n<li data-start=\"1884\" data-end=\"1970\">\n<p data-start=\"1886\" data-end=\"1970\"><strong data-start=\"1886\" data-end=\"1913\">Traje recomendado:<\/strong> roupas imperme\u00e1veis, casaco, luvas, chap\u00e9u e cal\u00e7ados adequados.<\/p>\n<\/li>\n<\/ul>\n<h3 data-start=\"1977\" data-end=\"2003\">Perguntas frequentes<\/h3>\n<p data-start=\"2005\" data-end=\"2110\"><strong data-start=\"2005\" data-end=\"2043\">\u00c9 necess\u00e1rio ter experi\u00eancia anterior?<\/strong><br data-start=\"2043\" data-end=\"2046\" \/>N\u00e3o. Todo o passeio \u00e9 guiado e os ve\u00edculos s\u00e3o autom\u00e1ticos.<\/p>\n<p data-start=\"2112\" data-end=\"2206\"><strong data-start=\"2112\" data-end=\"2137\">Isso pode ser feito sozinho?<\/strong><br data-start=\"2137\" data-end=\"2140\" \/>Sim, se voc\u00ea n\u00e3o quiser dirigir, o guia pode dirigir sua motocicleta ou quadriciclo.<\/p>\n<p data-start=\"2208\" data-end=\"2290\"><strong data-start=\"2208\" data-end=\"2228\">Isso inclui alimentos?<\/strong><br data-start=\"2228\" data-end=\"2231\" \/>Sim. Degusta\u00e7\u00e3o completa com produtos regionais e fondue.<\/p>\n<p data-start=\"2292\" data-end=\"2399\"><strong data-start=\"2292\" data-end=\"2319\">De onde estou sendo tirado?<\/strong><br data-start=\"2319\" data-end=\"2322\" \/>A partir de pontos coordenados entre o centro e o km 8. N\u00e3o h\u00e1 coleta em hot\u00e9is.<\/p>\n<p data-start=\"2292\" data-end=\"2399\"><strong>Aviso importante:<\/strong> Este passeio j\u00e1 est\u00e1 dispon\u00edvel para pr\u00e9-reserva. As sa\u00eddas operam de 15 de junho a 20 de agosto, sujeitas ao calend\u00e1rio sazonal.<\/p>","protected":false},"excerpt":{"rendered":"<p data-start=\"2639\" data-end=\"2810\">Sa\u00edda \u00e0s 14h30 de pontos em Bariloche. Inclui traslado, tour na neve, guia, equipamento completo e fondue no ref\u00fagio La Cueva. Retorno \u00e0s 18:30 hs. Ideal para aventureiros.<\/p>","protected":false},"featured_media":379139,"comment_status":"open","ping_status":"closed","template":"","meta":[],"product_brand":[],"product_cat":[85,84,100,70,79,74,90,88,78],"product_tag":[],"class_list":{"0":"post-377471","1":"product","2":"type-product","3":"status-publish","4":"has-post-thumbnail","6":"product_cat-adultos","7":"product_cat-aventura","8":"product_cat-con-comida","9":"product_cat-con-traslado","10":"product_cat-familia","11":"product_cat-invierno","12":"product_cat-ninos","13":"product_cat-temporada","14":"product_cat-terrestre-tipo","16":"first","17":"instock","18":"virtual","19":"sold-individually","20":"purchasable","21":"product-type-booking"},"booking_location":"","booking_location_type":"","booking_duration":1,"booking_duration_unit":"hour","booking_buffer":0,"booking_cost":0,"booking_resources":[],"exclude_global_add_ons":false,"addons":[{"name":"ADU | Adulto","type":"input_multiplier","position":0,"required":false,"title_format":"label","default":"","description_enable":false,"description":"","placeholder_enable":false,"placeholder":"","display":"select","restrictions_type":"any_text","adjust_price":true,"price":"395000","price_type":"quantity_based","restrictions":false,"min":"0","max":"0","options":[],"id":1775835088},{"name":"MEN612 | Crian\u00e7as de 6 a 12 anos","type":"input_multiplier","position":1,"required":false,"title_format":"label","default":"","description_enable":false,"description":"","placeholder_enable":false,"placeholder":"","display":"select","restrictions_type":"any_text","adjust_price":true,"price":"350000","price_type":"quantity_based","restrictions":false,"min":"0","max":"0","options":[],"id":1775835089},{"name":"INF35 | Infoa 3 a 5","type":"input_multiplier","position":2,"required":false,"title_format":"label","default":"","description_enable":false,"description":"","placeholder_enable":false,"placeholder":"","display":"select","restrictions_type":"any_text","adjust_price":true,"price":"145000","price_type":"quantity_based","restrictions":false,"min":"0","max":"0","options":[],"id":1775835090}],"yoast_head":"<!-- This site is optimized with the Yoast SEO Premium plugin v24.5 (Yoast SEO v24.8) - https:\/\/yoast.com\/wordpress\/plugins\/seo\/ -->\n<title>Ven\u00ed a La Cueva After Ski: Relajate en la Monta\u00f1a con Cena y Paisajes de Ensue\u00f1o en el Catedral - Adventure Center<\/title>\n<meta name=\"description\" content=\"Excursi\u00f3n invernal a La Cueva con traslado desde Bariloche. 7\u202fkm en motos de nieve y cena fondue en refugio de monta\u00f1a. Aventura con vistas \u00fanicas al atardecer!\" \/>\n<meta name=\"robots\" content=\"index, follow, max-snippet:-1, max-image-preview:large, max-video-preview:-1\" \/>\n<link rel=\"canonical\" href=\"https:\/\/adventurecenter.com.ar\/pt\/product\/a-caverna-depois-do-esqui\/\" \/>\n<meta property=\"og:locale\" content=\"pt_BR\" \/>\n<meta property=\"og:type\" content=\"article\" \/>\n<meta property=\"og:title\" content=\"Ven\u00ed a La Cueva After Ski: Relajate en la Monta\u00f1a con Cena y Paisajes de Ensue\u00f1o\" \/>\n<meta property=\"og:description\" content=\"Excursi\u00f3n invernal a La Cueva con traslado desde Bariloche. 7\u202fkm en motos de nieve y cena fondue en refugio de monta\u00f1a. Aventura con vistas \u00fanicas al atardecer!\" \/>\n<meta property=\"og:url\" content=\"https:\/\/adventurecenter.com.ar\/pt\/product\/a-caverna-depois-do-esqui\/\" \/>\n<meta property=\"og:site_name\" content=\"Adventure Center\" \/>\n<meta property=\"article:modified_time\" content=\"2026-04-11T23:20:04+00:00\" \/>\n<meta property=\"og:image\" content=\"https:\/\/adventurecenter.com.ar\/wp-content\/uploads\/2025\/04\/1-A-DSC_5395-scaled.jpg\" \/>\n\t<meta property=\"og:image:width\" content=\"1889\" \/>\n\t<meta property=\"og:image:height\" content=\"2560\" \/>\n\t<meta property=\"og:image:type\" content=\"image\/jpeg\" \/>\n<meta name=\"twitter:card\" content=\"summary_large_image\" \/>\n<meta name=\"twitter:label1\" content=\"Pre\u00e7o\" \/>\n\t<meta name=\"twitter:data1\" content=\"&#036;&nbsp;395.000,00\" \/>\n\t<meta name=\"twitter:label2\" content=\"Disponibilidade\" \/>\n\t<meta name=\"twitter:data2\" content=\"Em Estoque\" \/>\n<script type=\"application\/ld+json\" class=\"yoast-schema-graph\">{\"@context\":\"https:\/\/schema.org\",\"@graph\":[{\"@type\":[\"WebPage\",\"ItemPage\"],\"@id\":\"https:\/\/adventurecenter.com.ar\/product\/la-cueva-after-ski\/\",\"url\":\"https:\/\/adventurecenter.com.ar\/product\/la-cueva-after-ski\/\",\"name\":\"Ven\u00ed a La Cueva After Ski: Relajate en la Monta\u00f1a con Cena y Paisajes de Ensue\u00f1o en el Catedral - Adventure Center\",\"isPartOf\":{\"@id\":\"https:\/\/adventurecenter.com.ar\/#website\"},\"primaryImageOfPage\":{\"@id\":\"https:\/\/adventurecenter.com.ar\/product\/la-cueva-after-ski\/#primaryimage\"},\"image\":{\"@id\":\"https:\/\/adventurecenter.com.ar\/product\/la-cueva-after-ski\/#primaryimage\"},\"thumbnailUrl\":\"https:\/\/adventurecenter.com.ar\/wp-content\/uploads\/2025\/04\/1-A-DSC_5395-scaled.jpg\",\"datePublished\":\"2026-04-09T23:12:31+00:00\",\"dateModified\":\"2026-04-11T23:20:04+00:00\",\"description\":\"Excursi\u00f3n invernal a La Cueva con traslado desde Bariloche. 7\u202fkm en motos de nieve y cena fondue en refugio de monta\u00f1a. Aventura con vistas \u00fanicas al atardecer!\",\"breadcrumb\":{\"@id\":\"https:\/\/adventurecenter.com.ar\/product\/la-cueva-after-ski\/#breadcrumb\"},\"inLanguage\":\"pt-BR\",\"potentialAction\":[{\"@type\":\"ReadAction\",\"target\":[\"https:\/\/adventurecenter.com.ar\/product\/la-cueva-after-ski\/\"]}]},{\"@type\":\"ImageObject\",\"inLanguage\":\"pt-BR\",\"@id\":\"https:\/\/adventurecenter.com.ar\/product\/la-cueva-after-ski\/#primaryimage\",\"url\":\"https:\/\/adventurecenter.com.ar\/wp-content\/uploads\/2025\/04\/1-A-DSC_5395-scaled.jpg\",\"contentUrl\":\"https:\/\/adventurecenter.com.ar\/wp-content\/uploads\/2025\/04\/1-A-DSC_5395-scaled.jpg\",\"width\":1889,\"height\":2560},{\"@type\":\"BreadcrumbList\",\"@id\":\"https:\/\/adventurecenter.com.ar\/product\/la-cueva-after-ski\/#breadcrumb\",\"itemListElement\":[{\"@type\":\"ListItem\",\"position\":1,\"name\":\"Home\",\"item\":\"https:\/\/adventurecenter.com.ar\/\"},{\"@type\":\"ListItem\",\"position\":2,\"name\":\"Lista de excursiones\",\"item\":\"https:\/\/adventurecenter.com.ar\/shop\/\"},{\"@type\":\"ListItem\",\"position\":3,\"name\":\"Ven\u00ed a La Cueva After Ski: Relajate en la Monta\u00f1a con Cena y Paisajes de Ensue\u00f1o\"}]},{\"@type\":\"WebSite\",\"@id\":\"https:\/\/adventurecenter.com.ar\/#website\",\"url\":\"https:\/\/adventurecenter.com.ar\/\",\"name\":\"Adventure Center\",\"description\":\"Turismo en Bariloche Patagonia Argentina\",\"publisher\":{\"@id\":\"https:\/\/adventurecenter.com.ar\/#organization\"},\"potentialAction\":[{\"@type\":\"SearchAction\",\"target\":{\"@type\":\"EntryPoint\",\"urlTemplate\":\"https:\/\/adventurecenter.com.ar\/?s={search_term_string}\"},\"query-input\":{\"@type\":\"PropertyValueSpecification\",\"valueRequired\":true,\"valueName\":\"search_term_string\"}}],\"inLanguage\":\"pt-BR\"},{\"@type\":\"Organization\",\"@id\":\"https:\/\/adventurecenter.com.ar\/#organization\",\"name\":\"Adventure Center\",\"url\":\"https:\/\/adventurecenter.com.ar\/\",\"logo\":{\"@type\":\"ImageObject\",\"inLanguage\":\"pt-BR\",\"@id\":\"https:\/\/adventurecenter.com.ar\/#\/schema\/logo\/image\/\",\"url\":\"https:\/\/adventurecenter.com.ar\/wp-content\/uploads\/2022\/10\/logo-definitivo-copia.png\",\"contentUrl\":\"https:\/\/adventurecenter.com.ar\/wp-content\/uploads\/2022\/10\/logo-definitivo-copia.png\",\"width\":150,\"height\":55,\"caption\":\"Adventure Center\"},\"image\":{\"@id\":\"https:\/\/adventurecenter.com.ar\/#\/schema\/logo\/image\/\"}}]}<\/script>\n<meta property=\"product:price:amount\" content=\"395000.00\" \/>\n<meta property=\"product:price:currency\" content=\"ARS\" \/>\n<meta property=\"og:availability\" content=\"instock\" \/>\n<meta property=\"product:availability\" content=\"instock\" \/>\n<meta property=\"product:retailer_item_id\" content=\"ADV2025LACUAHE69\" \/>\n<meta property=\"product:condition\" content=\"new\" \/>\n<!-- \/ Yoast SEO Premium plugin. -->","yoast_head_json":{"title":"Venha para La Cueva depois de esquiar: relaxe na montanha com jantar e paisagens de sonho na Catedral - Centro de Aventura","description":"Excurs\u00e3o de inverno a La Cueva com traslado de Bariloche. 7 km em motos de neve e jantar de fondue em uma cabana na montanha. Aventura com vistas \u00fanicas ao p\u00f4r do sol!","robots":{"index":"index","follow":"follow","max-snippet":"max-snippet:-1","max-image-preview":"max-image-preview:large","max-video-preview":"max-video-preview:-1"},"canonical":"https:\/\/adventurecenter.com.ar\/pt\/product\/a-caverna-depois-do-esqui\/","og_locale":"pt_BR","og_type":"article","og_title":"Ven\u00ed a La Cueva After Ski: Relajate en la Monta\u00f1a con Cena y Paisajes de Ensue\u00f1o","og_description":"Excursi\u00f3n invernal a La Cueva con traslado desde Bariloche. 7\u202fkm en motos de nieve y cena fondue en refugio de monta\u00f1a. Aventura con vistas \u00fanicas al atardecer!","og_url":"https:\/\/adventurecenter.com.ar\/pt\/product\/a-caverna-depois-do-esqui\/","og_site_name":"Adventure Center","article_modified_time":"2026-04-11T23:20:04+00:00","og_image":[{"width":1889,"height":2560,"url":"https:\/\/adventurecenter.com.ar\/wp-content\/uploads\/2025\/04\/1-A-DSC_5395-scaled.jpg","type":"image\/jpeg"}],"twitter_card":"summary_large_image","twitter_misc":{"Pre\u00e7o":"&#36;&nbsp;395.000,00","Disponibilidade":"Em Estoque"},"schema":{"@context":"https:\/\/schema.org","@graph":[{"@type":["WebPage","ItemPage"],"@id":"https:\/\/adventurecenter.com.ar\/product\/la-cueva-after-ski\/","url":"https:\/\/adventurecenter.com.ar\/product\/la-cueva-after-ski\/","name":"Venha para La Cueva depois de esquiar: relaxe na montanha com jantar e paisagens de sonho na Catedral - Centro de Aventura","isPartOf":{"@id":"https:\/\/adventurecenter.com.ar\/#website"},"primaryImageOfPage":{"@id":"https:\/\/adventurecenter.com.ar\/product\/la-cueva-after-ski\/#primaryimage"},"image":{"@id":"https:\/\/adventurecenter.com.ar\/product\/la-cueva-after-ski\/#primaryimage"},"thumbnailUrl":"https:\/\/adventurecenter.com.ar\/wp-content\/uploads\/2025\/04\/1-A-DSC_5395-scaled.jpg","datePublished":"2026-04-09T23:12:31+00:00","dateModified":"2026-04-11T23:20:04+00:00","description":"Excurs\u00e3o de inverno a La Cueva com traslado de Bariloche. 7 km em motos de neve e jantar de fondue em uma cabana na montanha. Aventura com vistas \u00fanicas ao p\u00f4r do sol!","breadcrumb":{"@id":"https:\/\/adventurecenter.com.ar\/product\/la-cueva-after-ski\/#breadcrumb"},"inLanguage":"pt-BR","potentialAction":[{"@type":"ReadAction","target":["https:\/\/adventurecenter.com.ar\/product\/la-cueva-after-ski\/"]}]},{"@type":"ImageObject","inLanguage":"pt-BR","@id":"https:\/\/adventurecenter.com.ar\/product\/la-cueva-after-ski\/#primaryimage","url":"https:\/\/adventurecenter.com.ar\/wp-content\/uploads\/2025\/04\/1-A-DSC_5395-scaled.jpg","contentUrl":"https:\/\/adventurecenter.com.ar\/wp-content\/uploads\/2025\/04\/1-A-DSC_5395-scaled.jpg","width":1889,"height":2560},{"@type":"BreadcrumbList","@id":"https:\/\/adventurecenter.com.ar\/product\/la-cueva-after-ski\/#breadcrumb","itemListElement":[{"@type":"ListItem","position":1,"name":"Home","item":"https:\/\/adventurecenter.com.ar\/"},{"@type":"ListItem","position":2,"name":"Lista de excursiones","item":"https:\/\/adventurecenter.com.ar\/shop\/"},{"@type":"ListItem","position":3,"name":"Ven\u00ed a La Cueva After Ski: Relajate en la Monta\u00f1a con Cena y Paisajes de Ensue\u00f1o"}]},{"@type":"WebSite","@id":"https:\/\/adventurecenter.com.ar\/#website","url":"https:\/\/adventurecenter.com.ar\/","name":"Centro de Aventura","description":"Turismo em Bariloche Patag\u00f4nia Argentina","publisher":{"@id":"https:\/\/adventurecenter.com.ar\/#organization"},"potentialAction":[{"@type":"SearchAction","target":{"@type":"EntryPoint","urlTemplate":"https:\/\/adventurecenter.com.ar\/?s={search_term_string}"},"query-input":{"@type":"PropertyValueSpecification","valueRequired":true,"valueName":"search_term_string"}}],"inLanguage":"pt-BR"},{"@type":"Organization","@id":"https:\/\/adventurecenter.com.ar\/#organization","name":"Centro de Aventura","url":"https:\/\/adventurecenter.com.ar\/","logo":{"@type":"ImageObject","inLanguage":"pt-BR","@id":"https:\/\/adventurecenter.com.ar\/#\/schema\/logo\/image\/","url":"https:\/\/adventurecenter.com.ar\/wp-content\/uploads\/2022\/10\/logo-definitivo-copia.png","contentUrl":"https:\/\/adventurecenter.com.ar\/wp-content\/uploads\/2022\/10\/logo-definitivo-copia.png","width":150,"height":55,"caption":"Adventure Center"},"image":{"@id":"https:\/\/adventurecenter.com.ar\/#\/schema\/logo\/image\/"}}]},"product_price_amount":"395000.00","product_price_currency":"ARS","og_availability":"instock","product_availability":"instock","product_retailer_item_id":"ADV2025LACUAHE69","product_condition":"new"},"_links":{"self":[{"href":"https:\/\/adventurecenter.com.ar\/pt\/wp-json\/wp\/v2\/product\/377471","targetHints":{"allow":["GET"]}}],"collection":[{"href":"https:\/\/adventurecenter.com.ar\/pt\/wp-json\/wp\/v2\/product"}],"about":[{"href":"https:\/\/adventurecenter.com.ar\/pt\/wp-json\/wp\/v2\/types\/product"}],"replies":[{"embeddable":true,"href":"https:\/\/adventurecenter.com.ar\/pt\/wp-json\/wp\/v2\/comments?post=377471"}],"wp:featuredmedia":[{"embeddable":true,"href":"https:\/\/adventurecenter.com.ar\/pt\/wp-json\/wp\/v2\/media\/379139"}],"wp:attachment":[{"href":"https:\/\/adventurecenter.com.ar\/pt\/wp-json\/wp\/v2\/media?parent=377471"}],"wp:term":[{"taxonomy":"product_brand","embeddable":true,"href":"https:\/\/adventurecenter.com.ar\/pt\/wp-json\/wp\/v2\/product_brand?post=377471"},{"taxonomy":"product_cat","embeddable":true,"href":"https:\/\/adventurecenter.com.ar\/pt\/wp-json\/wp\/v2\/product_cat?post=377471"},{"taxonomy":"product_tag","embeddable":true,"href":"https:\/\/adventurecenter.com.ar\/pt\/wp-json\/wp\/v2\/product_tag?post=377471"}],"curies":[{"name":"wp","href":"https:\/\/api.w.org\/{rel}","templated":true}]}}