{"id":377469,"date":"2026-04-09T20:12:28","date_gmt":"2026-04-09T23:12:28","guid":{"rendered":"https:\/\/adventurecenter.com.ar\/?post_type=product&#038;p=377469"},"modified":"2026-04-10T15:43:23","modified_gmt":"2026-04-10T18:43:23","slug":"la-cueva-travesia-diurna-en-moto-de-nieve-y-cuatriciclos-sin-traslado","status":"publish","type":"product","link":"https:\/\/adventurecenter.com.ar\/pt\/product\/viagem-de-um-dia-a-la-cueva-em-snowmobile-e-quadriciclo-sem-traslado\/","title":{"rendered":"Tour de um dia em La Cueva: snowmobile e quadriciclo em Bariloche sem traslado"},"content":{"rendered":"<h2>Descri\u00e7\u00e3o geral<\/h2>\n<p>Descubra uma experi\u00eancia \u00fanica no cora\u00e7\u00e3o da temporada de inverno em Bariloche. Este passeio guiado em quadriciclos e motos de neve o convida a percorrer 7 quil\u00f4metros atrav\u00e9s de paisagens naturais de beleza deslumbrante, combinando aventura, exclusividade e conforto em todos os momentos.<\/p>\n<h3>Itiner\u00e1rio e detalhes da atividade<\/h3>\n<ul>\n<li><strong>Rota:<\/strong> A rota atravessa riachos, florestas de lengas e atinge uma altitude de 1.400 metros, fazendo paradas estrat\u00e9gicas em mirantes naturais que lhe permitir\u00e3o apreciar a magnitude da paisagem.<\/li>\n<li><strong>Ve\u00edculos:<\/strong> Experimente a a\u00e7\u00e3o em ATVs e motos de neve, especialmente projetados para terrenos desafiadores. Cada ve\u00edculo pode acomodar 2 pessoas, proporcionando uma experi\u00eancia \u00edntima e segura.<\/li>\n<li><strong>Acesso exclusivo:<\/strong> Visite uma \u00e1rea do centro de esqui, reservada apenas para ve\u00edculos todo-terreno, e experimente um encontro \u00fanico com a natureza da regi\u00e3o.<\/li>\n<li><strong>Hor\u00e1rios dispon\u00edveis:<\/strong> 9:45, 11:00, 12:15 y 13:30.<\/li>\n<li><strong>Ele inclui:<\/strong> Servi\u00e7os de guia profissional e 50 minutos de quadriciclo e snowmobiling.<\/li>\n<li><strong>N\u00e3o inclui:<\/strong> Roupas para neve, traslados (sem traslado) e refei\u00e7\u00f5es.<\/li>\n<\/ul>\n<h3>Informa\u00e7\u00f5es importantes<\/h3>\n<p>As excurs\u00f5es de inverno come\u00e7am a partir de 10 de junho, quando as condi\u00e7\u00f5es de neve nas montanhas est\u00e3o em seu melhor momento. <strong>Se voc\u00ea optar pela modalidade sem traslado, ter\u00e1 que ir at\u00e9 a base do Cerro Catedral, o ponto de partida da aventura.<\/strong><\/p>\n<h3>Perguntas frequentes (FAQ)<\/h3>\n<ul>\n<li><strong>O que a atividade inclui?<\/strong>A excurs\u00e3o inclui guias profissionais e um passeio de 50 minutos em quadriciclos e snowmobiles, com capacidade para 2 pessoas por ve\u00edculo.<\/li>\n<li><strong>Onde devo me inscrever se escolher a op\u00e7\u00e3o sem transfer\u00eancia?<\/strong>Voc\u00ea ter\u00e1 que se apresentar na base do Cerro Catedral, de onde come\u00e7a a viagem.<\/li>\n<li><strong>Quando essa excurs\u00e3o ser\u00e1 realizada?<\/strong>A atividade ocorre a partir de 10 de junho, quando h\u00e1 condi\u00e7\u00f5es de inverno com muita neve nas colinas.<\/li>\n<li><strong>Qual \u00e9 a rota e a dura\u00e7\u00e3o da atividade?<\/strong>A rota tem 7 quil\u00f4metros de extens\u00e3o, combinando ATVs e snowmobiles, e a atividade dura aproximadamente 50 minutos.<strong>Aviso importante<\/strong>Este passeio j\u00e1 est\u00e1 dispon\u00edvel para pr\u00e9-reserva. As sa\u00eddas operam de 15 de junho a 20 de agosto, sujeitas ao calend\u00e1rio sazonal.<\/li>\n<\/ul>","protected":false},"excerpt":{"rendered":"<p>Experimente um passeio exclusivo em motos de neve e quadriciclos pelo cen\u00e1rio de inverno dos seus sonhos. Percorra 7 km com paradas em mirantes naturais e desfrute de acesso exclusivo \u00e0 esta\u00e7\u00e3o de esqui, onde aventura e conforto esperam por voc\u00ea!<\/p>","protected":false},"featured_media":379144,"comment_status":"open","ping_status":"closed","template":"","meta":[],"product_brand":[],"product_cat":[85,84,79,74,90,101,81,78],"product_tag":[],"class_list":{"0":"post-377469","1":"product","2":"type-product","3":"status-publish","4":"has-post-thumbnail","6":"product_cat-adultos","7":"product_cat-aventura","8":"product_cat-familia","9":"product_cat-invierno","10":"product_cat-ninos","11":"product_cat-sin-comida","12":"product_cat-sin-traslado","13":"product_cat-terrestre-tipo","15":"first","16":"instock","17":"virtual","18":"sold-individually","19":"purchasable","20":"product-type-booking"},"booking_location":"","booking_location_type":"","booking_duration":1,"booking_duration_unit":"hour","booking_buffer":0,"booking_cost":0,"booking_resources":[],"exclude_global_add_ons":false,"addons":[{"name":"ADU | Adulto","type":"input_multiplier","position":0,"required":false,"title_format":"label","default":"","description_enable":false,"description":"","placeholder_enable":false,"placeholder":"","display":"select","restrictions_type":"any_text","adjust_price":true,"price":"265000","price_type":"quantity_based","restrictions":false,"min":"0","max":"0","options":[],"id":1775835497}],"yoast_head":"<!-- This site is optimized with the Yoast SEO Premium plugin v24.5 (Yoast SEO v24.8) - https:\/\/yoast.com\/wordpress\/plugins\/seo\/ -->\n<title>Traves\u00eda Diurna La Cueva: Moto de Nieve y Cuatriciclos en Bariloche sin Traslado - Adventure Center<\/title>\n<meta name=\"description\" content=\"Viv\u00ed una aventura invernal \u00fanica en el Cerro Catedral: recorr\u00e9 bosques nevados en motos de nieve y cuatriciclos, cruzando arroyos y disfrutando de miradores naturales. \u00a1Reserv\u00e1 tu traves\u00eda diurna sin traslado ahora!\" \/>\n<meta name=\"robots\" content=\"index, follow, max-snippet:-1, max-image-preview:large, max-video-preview:-1\" \/>\n<link rel=\"canonical\" href=\"https:\/\/adventurecenter.com.ar\/pt\/product\/viagem-de-um-dia-a-la-cueva-em-snowmobile-e-quadriciclo-sem-traslado\/\" \/>\n<meta property=\"og:locale\" content=\"pt_BR\" \/>\n<meta property=\"og:type\" content=\"article\" \/>\n<meta property=\"og:title\" content=\"Traves\u00eda Diurna La Cueva: Moto de Nieve y Cuatriciclos en Bariloche sin Traslado\" \/>\n<meta property=\"og:description\" content=\"Viv\u00ed una aventura invernal \u00fanica en el Cerro Catedral: recorr\u00e9 bosques nevados en motos de nieve y cuatriciclos, cruzando arroyos y disfrutando de miradores naturales. \u00a1Reserv\u00e1 tu traves\u00eda diurna sin traslado ahora!\" \/>\n<meta property=\"og:url\" content=\"https:\/\/adventurecenter.com.ar\/pt\/product\/viagem-de-um-dia-a-la-cueva-em-snowmobile-e-quadriciclo-sem-traslado\/\" \/>\n<meta property=\"og:site_name\" content=\"Adventure Center\" \/>\n<meta property=\"article:modified_time\" content=\"2026-04-10T18:43:23+00:00\" \/>\n<meta property=\"og:image\" content=\"https:\/\/adventurecenter.com.ar\/wp-content\/uploads\/2025\/04\/1-A-IMG_5810-scaled.jpg\" \/>\n\t<meta property=\"og:image:width\" content=\"1920\" \/>\n\t<meta property=\"og:image:height\" content=\"2560\" \/>\n\t<meta property=\"og:image:type\" content=\"image\/jpeg\" \/>\n<meta name=\"twitter:card\" content=\"summary_large_image\" \/>\n<meta name=\"twitter:label1\" content=\"Pre\u00e7o\" \/>\n\t<meta name=\"twitter:data1\" content=\"&#036;&nbsp;246.000,00\" \/>\n\t<meta name=\"twitter:label2\" content=\"Disponibilidade\" \/>\n\t<meta name=\"twitter:data2\" content=\"Em Estoque\" \/>\n<script type=\"application\/ld+json\" class=\"yoast-schema-graph\">{\"@context\":\"https:\/\/schema.org\",\"@graph\":[{\"@type\":[\"WebPage\",\"ItemPage\"],\"@id\":\"https:\/\/adventurecenter.com.ar\/product\/la-cueva-travesia-diurna-en-moto-de-nieve-y-cuatriciclos-sin-traslado\/\",\"url\":\"https:\/\/adventurecenter.com.ar\/product\/la-cueva-travesia-diurna-en-moto-de-nieve-y-cuatriciclos-sin-traslado\/\",\"name\":\"Traves\u00eda Diurna La Cueva: Moto de Nieve y Cuatriciclos en Bariloche sin Traslado - Adventure Center\",\"isPartOf\":{\"@id\":\"https:\/\/adventurecenter.com.ar\/#website\"},\"primaryImageOfPage\":{\"@id\":\"https:\/\/adventurecenter.com.ar\/product\/la-cueva-travesia-diurna-en-moto-de-nieve-y-cuatriciclos-sin-traslado\/#primaryimage\"},\"image\":{\"@id\":\"https:\/\/adventurecenter.com.ar\/product\/la-cueva-travesia-diurna-en-moto-de-nieve-y-cuatriciclos-sin-traslado\/#primaryimage\"},\"thumbnailUrl\":\"https:\/\/adventurecenter.com.ar\/wp-content\/uploads\/2025\/04\/1-A-IMG_5810-scaled.jpg\",\"datePublished\":\"2026-04-09T23:12:28+00:00\",\"dateModified\":\"2026-04-10T18:43:23+00:00\",\"description\":\"Viv\u00ed una aventura invernal \u00fanica en el Cerro Catedral: recorr\u00e9 bosques nevados en motos de nieve y cuatriciclos, cruzando arroyos y disfrutando de miradores naturales. \u00a1Reserv\u00e1 tu traves\u00eda diurna sin traslado ahora!\",\"breadcrumb\":{\"@id\":\"https:\/\/adventurecenter.com.ar\/product\/la-cueva-travesia-diurna-en-moto-de-nieve-y-cuatriciclos-sin-traslado\/#breadcrumb\"},\"inLanguage\":\"pt-BR\",\"potentialAction\":[{\"@type\":\"ReadAction\",\"target\":[\"https:\/\/adventurecenter.com.ar\/product\/la-cueva-travesia-diurna-en-moto-de-nieve-y-cuatriciclos-sin-traslado\/\"]}]},{\"@type\":\"ImageObject\",\"inLanguage\":\"pt-BR\",\"@id\":\"https:\/\/adventurecenter.com.ar\/product\/la-cueva-travesia-diurna-en-moto-de-nieve-y-cuatriciclos-sin-traslado\/#primaryimage\",\"url\":\"https:\/\/adventurecenter.com.ar\/wp-content\/uploads\/2025\/04\/1-A-IMG_5810-scaled.jpg\",\"contentUrl\":\"https:\/\/adventurecenter.com.ar\/wp-content\/uploads\/2025\/04\/1-A-IMG_5810-scaled.jpg\",\"width\":1920,\"height\":2560},{\"@type\":\"BreadcrumbList\",\"@id\":\"https:\/\/adventurecenter.com.ar\/product\/la-cueva-travesia-diurna-en-moto-de-nieve-y-cuatriciclos-sin-traslado\/#breadcrumb\",\"itemListElement\":[{\"@type\":\"ListItem\",\"position\":1,\"name\":\"Home\",\"item\":\"https:\/\/adventurecenter.com.ar\/\"},{\"@type\":\"ListItem\",\"position\":2,\"name\":\"Lista de excursiones\",\"item\":\"https:\/\/adventurecenter.com.ar\/shop\/\"},{\"@type\":\"ListItem\",\"position\":3,\"name\":\"Traves\u00eda Diurna La Cueva: Moto de Nieve y Cuatriciclos en Bariloche sin Traslado\"}]},{\"@type\":\"WebSite\",\"@id\":\"https:\/\/adventurecenter.com.ar\/#website\",\"url\":\"https:\/\/adventurecenter.com.ar\/\",\"name\":\"Adventure Center\",\"description\":\"Turismo en Bariloche Patagonia Argentina\",\"publisher\":{\"@id\":\"https:\/\/adventurecenter.com.ar\/#organization\"},\"potentialAction\":[{\"@type\":\"SearchAction\",\"target\":{\"@type\":\"EntryPoint\",\"urlTemplate\":\"https:\/\/adventurecenter.com.ar\/?s={search_term_string}\"},\"query-input\":{\"@type\":\"PropertyValueSpecification\",\"valueRequired\":true,\"valueName\":\"search_term_string\"}}],\"inLanguage\":\"pt-BR\"},{\"@type\":\"Organization\",\"@id\":\"https:\/\/adventurecenter.com.ar\/#organization\",\"name\":\"Adventure Center\",\"url\":\"https:\/\/adventurecenter.com.ar\/\",\"logo\":{\"@type\":\"ImageObject\",\"inLanguage\":\"pt-BR\",\"@id\":\"https:\/\/adventurecenter.com.ar\/#\/schema\/logo\/image\/\",\"url\":\"https:\/\/adventurecenter.com.ar\/wp-content\/uploads\/2022\/10\/logo-definitivo-copia.png\",\"contentUrl\":\"https:\/\/adventurecenter.com.ar\/wp-content\/uploads\/2022\/10\/logo-definitivo-copia.png\",\"width\":150,\"height\":55,\"caption\":\"Adventure Center\"},\"image\":{\"@id\":\"https:\/\/adventurecenter.com.ar\/#\/schema\/logo\/image\/\"}}]}<\/script>\n<meta property=\"product:price:amount\" content=\"246000.00\" \/>\n<meta property=\"product:price:currency\" content=\"ARS\" \/>\n<meta property=\"og:availability\" content=\"instock\" \/>\n<meta property=\"product:availability\" content=\"instock\" \/>\n<meta property=\"product:retailer_item_id\" content=\"ADV2025LACUTB94Z\" \/>\n<meta property=\"product:condition\" content=\"new\" \/>\n<!-- \/ Yoast SEO Premium plugin. -->","yoast_head_json":{"title":"Excurs\u00e3o de um dia a La Cueva: snowmobile e quadriciclo em Bariloche sem traslado - Adventure Center","description":"Experimente uma aventura de inverno \u00fanica no Cerro Catedral: passeie por florestas nevadas em motos de neve e quadriciclos, atravessando riachos e apreciando pontos de vista naturais.","robots":{"index":"index","follow":"follow","max-snippet":"max-snippet:-1","max-image-preview":"max-image-preview:large","max-video-preview":"max-video-preview:-1"},"canonical":"https:\/\/adventurecenter.com.ar\/pt\/product\/viagem-de-um-dia-a-la-cueva-em-snowmobile-e-quadriciclo-sem-traslado\/","og_locale":"pt_BR","og_type":"article","og_title":"Traves\u00eda Diurna La Cueva: Moto de Nieve y Cuatriciclos en Bariloche sin Traslado","og_description":"Viv\u00ed una aventura invernal \u00fanica en el Cerro Catedral: recorr\u00e9 bosques nevados en motos de nieve y cuatriciclos, cruzando arroyos y disfrutando de miradores naturales. \u00a1Reserv\u00e1 tu traves\u00eda diurna sin traslado ahora!","og_url":"https:\/\/adventurecenter.com.ar\/pt\/product\/viagem-de-um-dia-a-la-cueva-em-snowmobile-e-quadriciclo-sem-traslado\/","og_site_name":"Adventure Center","article_modified_time":"2026-04-10T18:43:23+00:00","og_image":[{"width":1920,"height":2560,"url":"https:\/\/adventurecenter.com.ar\/wp-content\/uploads\/2025\/04\/1-A-IMG_5810-scaled.jpg","type":"image\/jpeg"}],"twitter_card":"summary_large_image","twitter_misc":{"Pre\u00e7o":"&#36;&nbsp;246.000,00","Disponibilidade":"Em Estoque"},"schema":{"@context":"https:\/\/schema.org","@graph":[{"@type":["WebPage","ItemPage"],"@id":"https:\/\/adventurecenter.com.ar\/product\/la-cueva-travesia-diurna-en-moto-de-nieve-y-cuatriciclos-sin-traslado\/","url":"https:\/\/adventurecenter.com.ar\/product\/la-cueva-travesia-diurna-en-moto-de-nieve-y-cuatriciclos-sin-traslado\/","name":"Excurs\u00e3o de um dia a La Cueva: snowmobile e quadriciclo em Bariloche sem traslado - Adventure Center","isPartOf":{"@id":"https:\/\/adventurecenter.com.ar\/#website"},"primaryImageOfPage":{"@id":"https:\/\/adventurecenter.com.ar\/product\/la-cueva-travesia-diurna-en-moto-de-nieve-y-cuatriciclos-sin-traslado\/#primaryimage"},"image":{"@id":"https:\/\/adventurecenter.com.ar\/product\/la-cueva-travesia-diurna-en-moto-de-nieve-y-cuatriciclos-sin-traslado\/#primaryimage"},"thumbnailUrl":"https:\/\/adventurecenter.com.ar\/wp-content\/uploads\/2025\/04\/1-A-IMG_5810-scaled.jpg","datePublished":"2026-04-09T23:12:28+00:00","dateModified":"2026-04-10T18:43:23+00:00","description":"Experimente uma aventura de inverno \u00fanica no Cerro Catedral: passeie por florestas nevadas em motos de neve e quadriciclos, atravessando riachos e apreciando pontos de vista naturais.","breadcrumb":{"@id":"https:\/\/adventurecenter.com.ar\/product\/la-cueva-travesia-diurna-en-moto-de-nieve-y-cuatriciclos-sin-traslado\/#breadcrumb"},"inLanguage":"pt-BR","potentialAction":[{"@type":"ReadAction","target":["https:\/\/adventurecenter.com.ar\/product\/la-cueva-travesia-diurna-en-moto-de-nieve-y-cuatriciclos-sin-traslado\/"]}]},{"@type":"ImageObject","inLanguage":"pt-BR","@id":"https:\/\/adventurecenter.com.ar\/product\/la-cueva-travesia-diurna-en-moto-de-nieve-y-cuatriciclos-sin-traslado\/#primaryimage","url":"https:\/\/adventurecenter.com.ar\/wp-content\/uploads\/2025\/04\/1-A-IMG_5810-scaled.jpg","contentUrl":"https:\/\/adventurecenter.com.ar\/wp-content\/uploads\/2025\/04\/1-A-IMG_5810-scaled.jpg","width":1920,"height":2560},{"@type":"BreadcrumbList","@id":"https:\/\/adventurecenter.com.ar\/product\/la-cueva-travesia-diurna-en-moto-de-nieve-y-cuatriciclos-sin-traslado\/#breadcrumb","itemListElement":[{"@type":"ListItem","position":1,"name":"Home","item":"https:\/\/adventurecenter.com.ar\/"},{"@type":"ListItem","position":2,"name":"Lista de excursiones","item":"https:\/\/adventurecenter.com.ar\/shop\/"},{"@type":"ListItem","position":3,"name":"Traves\u00eda Diurna La Cueva: Moto de Nieve y Cuatriciclos en Bariloche sin Traslado"}]},{"@type":"WebSite","@id":"https:\/\/adventurecenter.com.ar\/#website","url":"https:\/\/adventurecenter.com.ar\/","name":"Centro de Aventura","description":"Turismo em Bariloche Patag\u00f4nia Argentina","publisher":{"@id":"https:\/\/adventurecenter.com.ar\/#organization"},"potentialAction":[{"@type":"SearchAction","target":{"@type":"EntryPoint","urlTemplate":"https:\/\/adventurecenter.com.ar\/?s={search_term_string}"},"query-input":{"@type":"PropertyValueSpecification","valueRequired":true,"valueName":"search_term_string"}}],"inLanguage":"pt-BR"},{"@type":"Organization","@id":"https:\/\/adventurecenter.com.ar\/#organization","name":"Centro de Aventura","url":"https:\/\/adventurecenter.com.ar\/","logo":{"@type":"ImageObject","inLanguage":"pt-BR","@id":"https:\/\/adventurecenter.com.ar\/#\/schema\/logo\/image\/","url":"https:\/\/adventurecenter.com.ar\/wp-content\/uploads\/2022\/10\/logo-definitivo-copia.png","contentUrl":"https:\/\/adventurecenter.com.ar\/wp-content\/uploads\/2022\/10\/logo-definitivo-copia.png","width":150,"height":55,"caption":"Adventure Center"},"image":{"@id":"https:\/\/adventurecenter.com.ar\/#\/schema\/logo\/image\/"}}]},"product_price_amount":"246000.00","product_price_currency":"ARS","og_availability":"instock","product_availability":"instock","product_retailer_item_id":"ADV2025LACUTB94Z","product_condition":"new"},"_links":{"self":[{"href":"https:\/\/adventurecenter.com.ar\/pt\/wp-json\/wp\/v2\/product\/377469","targetHints":{"allow":["GET"]}}],"collection":[{"href":"https:\/\/adventurecenter.com.ar\/pt\/wp-json\/wp\/v2\/product"}],"about":[{"href":"https:\/\/adventurecenter.com.ar\/pt\/wp-json\/wp\/v2\/types\/product"}],"replies":[{"embeddable":true,"href":"https:\/\/adventurecenter.com.ar\/pt\/wp-json\/wp\/v2\/comments?post=377469"}],"wp:featuredmedia":[{"embeddable":true,"href":"https:\/\/adventurecenter.com.ar\/pt\/wp-json\/wp\/v2\/media\/379144"}],"wp:attachment":[{"href":"https:\/\/adventurecenter.com.ar\/pt\/wp-json\/wp\/v2\/media?parent=377469"}],"wp:term":[{"taxonomy":"product_brand","embeddable":true,"href":"https:\/\/adventurecenter.com.ar\/pt\/wp-json\/wp\/v2\/product_brand?post=377469"},{"taxonomy":"product_cat","embeddable":true,"href":"https:\/\/adventurecenter.com.ar\/pt\/wp-json\/wp\/v2\/product_cat?post=377469"},{"taxonomy":"product_tag","embeddable":true,"href":"https:\/\/adventurecenter.com.ar\/pt\/wp-json\/wp\/v2\/product_tag?post=377469"}],"curies":[{"name":"wp","href":"https:\/\/api.w.org\/{rel}","templated":true}]}}