{"id":376952,"date":"2025-03-21T12:45:51","date_gmt":"2025-03-21T15:45:51","guid":{"rendered":"https:\/\/adventurecenter.com.ar\/?post_type=product&#038;p=376952"},"modified":"2026-04-09T09:13:40","modified_gmt":"2026-04-09T12:13:40","slug":"excursion-el-bolson-y-lago-puelo-desde-bariloche","status":"publish","type":"product","link":"https:\/\/adventurecenter.com.ar\/pt\/product\/bolson-e-lago-puelo\/","title":{"rendered":"El Bols\u00f3n e Lago Puelo: rota c\u00eanica, cultura artesanal e natureza viva"},"content":{"rendered":"<h2>Explorando a beleza de Bols\u00f3n e do Lago Puelo<\/h2>\n<p>Aventure-se em uma experi\u00eancia \u00fanica que come\u00e7a na charmosa cidade de San Carlos de Bariloche, um dos mais belos destinos da Patag\u00f4nia. Seguindo a prestigiada Rota Nacional 40, a estrada o levar\u00e1 por paisagens de tirar o f\u00f4lego que incluem os magn\u00edficos lagos Gutierrez, Mascardi e Guillelmo. Cada quil\u00f4metro \u00e9 um deleite visual que lhe permitir\u00e1 mergulhar no ambiente natural da regi\u00e3o.<\/p>\n<h3>El Bols\u00f3n: Cultura e natureza<\/h3>\n<p><strong>El Bols\u00f3n<\/strong>famosa por seu clima \u00fanico que permite o cultivo de frutas finas ex\u00f3ticas e l\u00fapulo. Aqui voc\u00ea encontrar\u00e1 o renomado <strong>Feira de artesanato<\/strong>um lugar onde a arte e o artesanato ganham vida. Observe os artistas enquanto criam suas obras em uma variedade de materiais, desde metal e cer\u00e2mica at\u00e9 tecidos tradicionais.<\/p>\n<h3>Descoberta no Parque Nacional Lago Puelo<\/h3>\n<p>O <strong>Parque Nacional Lago Puelo<\/strong> \u00e9 a pr\u00f3xima parada, conhecida por suas \u00e1guas cor de esmeralda e vistas de tirar o f\u00f4lego. A apenas 26 quil\u00f4metros de El Bols\u00f3n, esse ref\u00fagio natural marca a fronteira entre R\u00edo Negro e Chubut. O dia termina com uma viagem de volta que promete um p\u00f4r do sol espetacular sobre as montanhas e os lagos, uma imagem que ficar\u00e1 gravada em sua mem\u00f3ria.<\/p>\n<h2>Informa\u00e7\u00f5es sobre a excurs\u00e3o<\/h2>\n<ul>\n<li><strong>Rota:<\/strong> Viagem por terra pelo Parque Nacional Nahuel Huapi, com paradas em El Bols\u00f3n e Lago Puelo.<\/li>\n<li><strong>Dura\u00e7\u00e3o:<\/strong> Aproximadamente das 8:30 \u00e0s 18:30 horas.<\/li>\n<li><strong>Ele inclui:<\/strong> Transporte, guia tur\u00edstico (op\u00e7\u00f5es de guia espanhol ou bil\u00edngue a um custo extra).<\/li>\n<li><strong>N\u00e3o inclu\u00eddo:<\/strong> Refei\u00e7\u00f5es no trajeto e taxas de entrada nos parques nacionais.<\/li>\n<\/ul>\n<h2>Perguntas frequentes (FAQ)<\/h2>\n<h3>A excurs\u00e3o \u00e9 realizada em caso de chuva ou neve?<\/h3>\n<p>Sim, o passeio est\u00e1 dispon\u00edvel em todas as condi\u00e7\u00f5es clim\u00e1ticas. Observe que o clima na Patag\u00f4nia \u00e9 mut\u00e1vel e variado.<\/p>\n<h3>Qual \u00e9 a taxa de entrada para o parque nacional?<\/h3>\n<p>A taxa de entrada para o Parque Nacional Lago Puelo n\u00e3o est\u00e1 inclu\u00edda no pre\u00e7o da excurs\u00e3o e \u00e9 paga diretamente na entrada do parque.<\/p>","protected":false},"excerpt":{"rendered":"<p>Mergulhe em uma viagem extraordin\u00e1ria de Bariloche at\u00e9 o cativante Bolson e o Lago Puelo. Deleite seus sentidos com paisagens majestosas, artesanato local e a ess\u00eancia \u00fanica da Patag\u00f4nia nesta experi\u00eancia exclusiva.<\/p>","protected":false},"featured_media":379152,"comment_status":"open","ping_status":"closed","template":"","meta":[],"product_brand":[],"product_cat":[85,70,79,90,101,78,83],"product_tag":[],"class_list":{"0":"post-376952","1":"product","2":"type-product","3":"status-publish","4":"has-post-thumbnail","6":"product_cat-adultos","7":"product_cat-con-traslado","8":"product_cat-familia","9":"product_cat-ninos","10":"product_cat-sin-comida","11":"product_cat-terrestre-tipo","12":"product_cat-todo-el-ano","14":"first","15":"instock","16":"virtual","17":"sold-individually","18":"purchasable","19":"product-type-booking"},"booking_location":"","booking_location_type":"","booking_duration":1,"booking_duration_unit":"hour","booking_buffer":0,"booking_cost":0,"booking_resources":[],"exclude_global_add_ons":false,"addons":[{"name":"STD: Passageiros","type":"input_multiplier","position":0,"required":false,"title_format":"label","default":"","description_enable":false,"description":"","placeholder_enable":false,"placeholder":"","display":"select","restrictions_type":"any_text","adjust_price":true,"price":"59400","price_type":"flat_fee","restrictions":false,"min":"0","max":"0","options":[],"id":1773237174}],"yoast_head":"<!-- This site is optimized with the Yoast SEO Premium plugin v24.5 (Yoast SEO v24.8) - https:\/\/yoast.com\/wordpress\/plugins\/seo\/ -->\n<title>Excursi\u00f3n El Bols\u00f3n y Lago Puelo desde Bariloche - Adventure Center<\/title>\n<meta name=\"description\" content=\"Excursi\u00f3n a El Bols\u00f3n y Lago Puelo desde Bariloche. Cultura, artesan\u00edas y paisajes \u00fanicos de la Patagonia en una experiencia inolvidable.\" \/>\n<meta name=\"robots\" content=\"index, follow, max-snippet:-1, max-image-preview:large, max-video-preview:-1\" \/>\n<link rel=\"canonical\" href=\"https:\/\/adventurecenter.com.ar\/pt\/product\/bolson-e-lago-puelo\/\" \/>\n<meta property=\"og:locale\" content=\"pt_BR\" \/>\n<meta property=\"og:type\" content=\"article\" \/>\n<meta property=\"og:title\" content=\"El Bols\u00f3n y Lago Puelo: ruta esc\u00e9nica, cultura artesanal y naturaleza viva\" \/>\n<meta property=\"og:description\" content=\"Excursi\u00f3n a El Bols\u00f3n y Lago Puelo desde Bariloche. Cultura, artesan\u00edas y paisajes \u00fanicos de la Patagonia en una experiencia inolvidable.\" \/>\n<meta property=\"og:url\" content=\"https:\/\/adventurecenter.com.ar\/pt\/product\/bolson-e-lago-puelo\/\" \/>\n<meta property=\"og:site_name\" content=\"Adventure Center\" \/>\n<meta property=\"article:modified_time\" content=\"2026-04-09T12:13:40+00:00\" \/>\n<meta property=\"og:image\" content=\"https:\/\/adventurecenter.com.ar\/wp-content\/uploads\/2025\/03\/1-A-Plaza-Pagano-El-Bolson-Ph-Comarca-Una-scaled.jpg\" \/>\n\t<meta property=\"og:image:width\" content=\"2061\" \/>\n\t<meta property=\"og:image:height\" content=\"2560\" \/>\n\t<meta property=\"og:image:type\" content=\"image\/jpeg\" \/>\n<meta name=\"twitter:card\" content=\"summary_large_image\" \/>\n<meta name=\"twitter:label1\" content=\"Pre\u00e7o\" \/>\n\t<meta name=\"twitter:data1\" content=\"&#036;&nbsp;59.400,00\" \/>\n\t<meta name=\"twitter:label2\" content=\"Disponibilidade\" \/>\n\t<meta name=\"twitter:data2\" content=\"Em Estoque\" \/>\n<script type=\"application\/ld+json\" class=\"yoast-schema-graph\">{\"@context\":\"https:\/\/schema.org\",\"@graph\":[{\"@type\":[\"WebPage\",\"ItemPage\"],\"@id\":\"https:\/\/adventurecenter.com.ar\/product\/excursion-el-bolson-y-lago-puelo-desde-bariloche\/\",\"url\":\"https:\/\/adventurecenter.com.ar\/product\/excursion-el-bolson-y-lago-puelo-desde-bariloche\/\",\"name\":\"Excursi\u00f3n El Bols\u00f3n y Lago Puelo desde Bariloche - Adventure Center\",\"isPartOf\":{\"@id\":\"https:\/\/adventurecenter.com.ar\/#website\"},\"primaryImageOfPage\":{\"@id\":\"https:\/\/adventurecenter.com.ar\/product\/excursion-el-bolson-y-lago-puelo-desde-bariloche\/#primaryimage\"},\"image\":{\"@id\":\"https:\/\/adventurecenter.com.ar\/product\/excursion-el-bolson-y-lago-puelo-desde-bariloche\/#primaryimage\"},\"thumbnailUrl\":\"https:\/\/adventurecenter.com.ar\/wp-content\/uploads\/2025\/03\/1-A-Plaza-Pagano-El-Bolson-Ph-Comarca-Una-scaled.jpg\",\"datePublished\":\"2025-03-21T15:45:51+00:00\",\"dateModified\":\"2026-04-09T12:13:40+00:00\",\"description\":\"Excursi\u00f3n a El Bols\u00f3n y Lago Puelo desde Bariloche. Cultura, artesan\u00edas y paisajes \u00fanicos de la Patagonia en una experiencia inolvidable.\",\"breadcrumb\":{\"@id\":\"https:\/\/adventurecenter.com.ar\/product\/excursion-el-bolson-y-lago-puelo-desde-bariloche\/#breadcrumb\"},\"inLanguage\":\"pt-BR\",\"potentialAction\":[{\"@type\":\"ReadAction\",\"target\":[\"https:\/\/adventurecenter.com.ar\/product\/excursion-el-bolson-y-lago-puelo-desde-bariloche\/\"]}]},{\"@type\":\"ImageObject\",\"inLanguage\":\"pt-BR\",\"@id\":\"https:\/\/adventurecenter.com.ar\/product\/excursion-el-bolson-y-lago-puelo-desde-bariloche\/#primaryimage\",\"url\":\"https:\/\/adventurecenter.com.ar\/wp-content\/uploads\/2025\/03\/1-A-Plaza-Pagano-El-Bolson-Ph-Comarca-Una-scaled.jpg\",\"contentUrl\":\"https:\/\/adventurecenter.com.ar\/wp-content\/uploads\/2025\/03\/1-A-Plaza-Pagano-El-Bolson-Ph-Comarca-Una-scaled.jpg\",\"width\":2061,\"height\":2560},{\"@type\":\"BreadcrumbList\",\"@id\":\"https:\/\/adventurecenter.com.ar\/product\/excursion-el-bolson-y-lago-puelo-desde-bariloche\/#breadcrumb\",\"itemListElement\":[{\"@type\":\"ListItem\",\"position\":1,\"name\":\"Home\",\"item\":\"https:\/\/adventurecenter.com.ar\/\"},{\"@type\":\"ListItem\",\"position\":2,\"name\":\"Lista de excursiones\",\"item\":\"https:\/\/adventurecenter.com.ar\/shop\/\"},{\"@type\":\"ListItem\",\"position\":3,\"name\":\"El Bols\u00f3n y Lago Puelo: ruta esc\u00e9nica, cultura artesanal y naturaleza viva\"}]},{\"@type\":\"WebSite\",\"@id\":\"https:\/\/adventurecenter.com.ar\/#website\",\"url\":\"https:\/\/adventurecenter.com.ar\/\",\"name\":\"Adventure Center\",\"description\":\"Turismo en Bariloche Patagonia Argentina\",\"publisher\":{\"@id\":\"https:\/\/adventurecenter.com.ar\/#organization\"},\"potentialAction\":[{\"@type\":\"SearchAction\",\"target\":{\"@type\":\"EntryPoint\",\"urlTemplate\":\"https:\/\/adventurecenter.com.ar\/?s={search_term_string}\"},\"query-input\":{\"@type\":\"PropertyValueSpecification\",\"valueRequired\":true,\"valueName\":\"search_term_string\"}}],\"inLanguage\":\"pt-BR\"},{\"@type\":\"Organization\",\"@id\":\"https:\/\/adventurecenter.com.ar\/#organization\",\"name\":\"Adventure Center\",\"url\":\"https:\/\/adventurecenter.com.ar\/\",\"logo\":{\"@type\":\"ImageObject\",\"inLanguage\":\"pt-BR\",\"@id\":\"https:\/\/adventurecenter.com.ar\/#\/schema\/logo\/image\/\",\"url\":\"https:\/\/adventurecenter.com.ar\/wp-content\/uploads\/2022\/10\/logo-definitivo-copia.png\",\"contentUrl\":\"https:\/\/adventurecenter.com.ar\/wp-content\/uploads\/2022\/10\/logo-definitivo-copia.png\",\"width\":150,\"height\":55,\"caption\":\"Adventure Center\"},\"image\":{\"@id\":\"https:\/\/adventurecenter.com.ar\/#\/schema\/logo\/image\/\"}}]}<\/script>\n<meta property=\"product:price:amount\" content=\"59400.00\" \/>\n<meta property=\"product:price:currency\" content=\"ARS\" \/>\n<meta property=\"og:availability\" content=\"instock\" \/>\n<meta property=\"product:availability\" content=\"instock\" \/>\n<meta property=\"product:retailer_item_id\" content=\"ADV2025BOYLAPYFHS\" \/>\n<meta property=\"product:condition\" content=\"new\" \/>\n<!-- \/ Yoast SEO Premium plugin. -->","yoast_head_json":{"title":"Excurs\u00e3o El Bols\u00f3n e Lago Puelo desde Bariloche - Centro de Aventura","description":"Excurs\u00e3o a El Bols\u00f3n e Lago Puelo saindo de Bariloche. Cultura, artesanato e paisagens \u00fanicas da Patag\u00f4nia em uma experi\u00eancia inesquec\u00edvel.","robots":{"index":"index","follow":"follow","max-snippet":"max-snippet:-1","max-image-preview":"max-image-preview:large","max-video-preview":"max-video-preview:-1"},"canonical":"https:\/\/adventurecenter.com.ar\/pt\/product\/bolson-e-lago-puelo\/","og_locale":"pt_BR","og_type":"article","og_title":"El Bols\u00f3n y Lago Puelo: ruta esc\u00e9nica, cultura artesanal y naturaleza viva","og_description":"Excursi\u00f3n a El Bols\u00f3n y Lago Puelo desde Bariloche. Cultura, artesan\u00edas y paisajes \u00fanicos de la Patagonia en una experiencia inolvidable.","og_url":"https:\/\/adventurecenter.com.ar\/pt\/product\/bolson-e-lago-puelo\/","og_site_name":"Adventure Center","article_modified_time":"2026-04-09T12:13:40+00:00","og_image":[{"width":2061,"height":2560,"url":"https:\/\/adventurecenter.com.ar\/wp-content\/uploads\/2025\/03\/1-A-Plaza-Pagano-El-Bolson-Ph-Comarca-Una-scaled.jpg","type":"image\/jpeg"}],"twitter_card":"summary_large_image","twitter_misc":{"Pre\u00e7o":"&#36;&nbsp;59.400,00","Disponibilidade":"Em Estoque"},"schema":{"@context":"https:\/\/schema.org","@graph":[{"@type":["WebPage","ItemPage"],"@id":"https:\/\/adventurecenter.com.ar\/product\/excursion-el-bolson-y-lago-puelo-desde-bariloche\/","url":"https:\/\/adventurecenter.com.ar\/product\/excursion-el-bolson-y-lago-puelo-desde-bariloche\/","name":"Excurs\u00e3o El Bols\u00f3n e Lago Puelo desde Bariloche - Centro de Aventura","isPartOf":{"@id":"https:\/\/adventurecenter.com.ar\/#website"},"primaryImageOfPage":{"@id":"https:\/\/adventurecenter.com.ar\/product\/excursion-el-bolson-y-lago-puelo-desde-bariloche\/#primaryimage"},"image":{"@id":"https:\/\/adventurecenter.com.ar\/product\/excursion-el-bolson-y-lago-puelo-desde-bariloche\/#primaryimage"},"thumbnailUrl":"https:\/\/adventurecenter.com.ar\/wp-content\/uploads\/2025\/03\/1-A-Plaza-Pagano-El-Bolson-Ph-Comarca-Una-scaled.jpg","datePublished":"2025-03-21T15:45:51+00:00","dateModified":"2026-04-09T12:13:40+00:00","description":"Excurs\u00e3o a El Bols\u00f3n e Lago Puelo saindo de Bariloche. Cultura, artesanato e paisagens \u00fanicas da Patag\u00f4nia em uma experi\u00eancia inesquec\u00edvel.","breadcrumb":{"@id":"https:\/\/adventurecenter.com.ar\/product\/excursion-el-bolson-y-lago-puelo-desde-bariloche\/#breadcrumb"},"inLanguage":"pt-BR","potentialAction":[{"@type":"ReadAction","target":["https:\/\/adventurecenter.com.ar\/product\/excursion-el-bolson-y-lago-puelo-desde-bariloche\/"]}]},{"@type":"ImageObject","inLanguage":"pt-BR","@id":"https:\/\/adventurecenter.com.ar\/product\/excursion-el-bolson-y-lago-puelo-desde-bariloche\/#primaryimage","url":"https:\/\/adventurecenter.com.ar\/wp-content\/uploads\/2025\/03\/1-A-Plaza-Pagano-El-Bolson-Ph-Comarca-Una-scaled.jpg","contentUrl":"https:\/\/adventurecenter.com.ar\/wp-content\/uploads\/2025\/03\/1-A-Plaza-Pagano-El-Bolson-Ph-Comarca-Una-scaled.jpg","width":2061,"height":2560},{"@type":"BreadcrumbList","@id":"https:\/\/adventurecenter.com.ar\/product\/excursion-el-bolson-y-lago-puelo-desde-bariloche\/#breadcrumb","itemListElement":[{"@type":"ListItem","position":1,"name":"Home","item":"https:\/\/adventurecenter.com.ar\/"},{"@type":"ListItem","position":2,"name":"Lista de excursiones","item":"https:\/\/adventurecenter.com.ar\/shop\/"},{"@type":"ListItem","position":3,"name":"El Bols\u00f3n y Lago Puelo: ruta esc\u00e9nica, cultura artesanal y naturaleza viva"}]},{"@type":"WebSite","@id":"https:\/\/adventurecenter.com.ar\/#website","url":"https:\/\/adventurecenter.com.ar\/","name":"Centro de Aventura","description":"Turismo em Bariloche Patag\u00f4nia Argentina","publisher":{"@id":"https:\/\/adventurecenter.com.ar\/#organization"},"potentialAction":[{"@type":"SearchAction","target":{"@type":"EntryPoint","urlTemplate":"https:\/\/adventurecenter.com.ar\/?s={search_term_string}"},"query-input":{"@type":"PropertyValueSpecification","valueRequired":true,"valueName":"search_term_string"}}],"inLanguage":"pt-BR"},{"@type":"Organization","@id":"https:\/\/adventurecenter.com.ar\/#organization","name":"Centro de Aventura","url":"https:\/\/adventurecenter.com.ar\/","logo":{"@type":"ImageObject","inLanguage":"pt-BR","@id":"https:\/\/adventurecenter.com.ar\/#\/schema\/logo\/image\/","url":"https:\/\/adventurecenter.com.ar\/wp-content\/uploads\/2022\/10\/logo-definitivo-copia.png","contentUrl":"https:\/\/adventurecenter.com.ar\/wp-content\/uploads\/2022\/10\/logo-definitivo-copia.png","width":150,"height":55,"caption":"Adventure Center"},"image":{"@id":"https:\/\/adventurecenter.com.ar\/#\/schema\/logo\/image\/"}}]},"product_price_amount":"59400.00","product_price_currency":"ARS","og_availability":"instock","product_availability":"instock","product_retailer_item_id":"ADV2025BOYLAPYFHS","product_condition":"new"},"_links":{"self":[{"href":"https:\/\/adventurecenter.com.ar\/pt\/wp-json\/wp\/v2\/product\/376952","targetHints":{"allow":["GET"]}}],"collection":[{"href":"https:\/\/adventurecenter.com.ar\/pt\/wp-json\/wp\/v2\/product"}],"about":[{"href":"https:\/\/adventurecenter.com.ar\/pt\/wp-json\/wp\/v2\/types\/product"}],"replies":[{"embeddable":true,"href":"https:\/\/adventurecenter.com.ar\/pt\/wp-json\/wp\/v2\/comments?post=376952"}],"wp:featuredmedia":[{"embeddable":true,"href":"https:\/\/adventurecenter.com.ar\/pt\/wp-json\/wp\/v2\/media\/379152"}],"wp:attachment":[{"href":"https:\/\/adventurecenter.com.ar\/pt\/wp-json\/wp\/v2\/media?parent=376952"}],"wp:term":[{"taxonomy":"product_brand","embeddable":true,"href":"https:\/\/adventurecenter.com.ar\/pt\/wp-json\/wp\/v2\/product_brand?post=376952"},{"taxonomy":"product_cat","embeddable":true,"href":"https:\/\/adventurecenter.com.ar\/pt\/wp-json\/wp\/v2\/product_cat?post=376952"},{"taxonomy":"product_tag","embeddable":true,"href":"https:\/\/adventurecenter.com.ar\/pt\/wp-json\/wp\/v2\/product_tag?post=376952"}],"curies":[{"name":"wp","href":"https:\/\/api.w.org\/{rel}","templated":true}]}}