{"id":376950,"date":"2025-03-20T20:36:09","date_gmt":"2025-03-20T23:36:09","guid":{"rendered":"https:\/\/adventurecenter.com.ar\/?post_type=product&#038;p=376950"},"modified":"2026-04-09T09:13:40","modified_gmt":"2026-04-09T12:13:40","slug":"excursion-san-martin-de-los-andes-7-lagos-desde-bariloche","status":"publish","type":"product","link":"https:\/\/adventurecenter.com.ar\/pt\/product\/san-martin-de-los-andes-por-7-lagos\/","title":{"rendered":"San Mart\u00edn de los Andes pelos 7 lagos: natureza, pontos de vista e cart\u00f5es postais \u00fanicos da Patag\u00f4nia"},"content":{"rendered":"<h2>Explore a maravilhosa rota para San Mart\u00edn de los Andes<\/h2>\n<p>Mergulhe em uma experi\u00eancia excepcional, come\u00e7ando em Bariloche e se aventurando em dire\u00e7\u00e3o \u00e0 pitoresca San Martin de los Andes. Esse passeio no <strong>Rota Nacional 40<\/strong> Voc\u00ea conhecer\u00e1 paisagens id\u00edlicas, desde a cativante vila de <strong>Dina Huapi<\/strong>passando pelo rio <strong>Limay<\/strong>e na magnific\u00eancia do <strong>Parque Nacional Nahuel Huapi<\/strong>.<\/p>\n<h3>Um espet\u00e1culo natural como nenhum outro<\/h3>\n<p>Ao longo do caminho, voc\u00ea poder\u00e1 admirar as vistas cativantes da <strong>lagos Espejo, Correntoso, Escondido, Villarino, Falkner, Mach\u00f4nico<\/strong> e o espl\u00eandido <strong>Lago L\u00e1car<\/strong>localizado no epicentro da <strong>Parque Nacional Lan\u00edn<\/strong>. Cada parada permitir\u00e1 que voc\u00ea aprecie a ess\u00eancia da natureza e lhe proporcionar\u00e1 lembran\u00e7as inesquec\u00edveis.<\/p>\n<h3>A ess\u00eancia de San Mart\u00edn de los Andes<\/h3>\n<p>Ao chegar a San Martin de los Andes, voc\u00ea descobrir\u00e1 uma cidade encantadora cercada por montanhas majestosas e lagos cristalinos. Passeie por suas ruas pitorescas, visite as lojas de artesanato ou relaxe em um caf\u00e9 com uma x\u00edcara de caf\u00e9. <strong>vista incr\u00edvel<\/strong> do Lago L\u00e1car.<\/p>\n<h3>Detalhes do itiner\u00e1rio<\/h3>\n<ul>\n<li><strong>Rota:<\/strong> Excurs\u00e3o terrestre guiada visitando Villa La Angostura e a Rota dos 7 lagos.<\/li>\n<li><strong>Hor\u00e1rio:<\/strong> Das 8:00 \u00e0s 18:30, aproximadamente.<\/li>\n<li><strong>Servi\u00e7o inclu\u00eddo:<\/strong> Transporte e guia em espanhol (opcional bil\u00edngue a um custo adicional).<\/li>\n<li><strong>N\u00e3o inclu\u00eddo:<\/strong> Alimenta\u00e7\u00e3o (h\u00e1 pousadas ao longo da rota).<\/li>\n<\/ul>\n<p>N\u00e3o perca esta oportunidade \u00fanica de conhecer a Patag\u00f4nia em sua melhor forma.<\/p>\n<h2>Perguntas frequentes<\/h2>\n<ul>\n<li><strong>O que acontece se chover ou nevar durante a excurs\u00e3o?<\/strong><br \/>\nO passeio \u00e9 realizado apesar de chuva ou neve, pois essas s\u00e3o condi\u00e7\u00f5es comuns na regi\u00e3o da Patag\u00f4nia.<\/li>\n<li><strong>A excurs\u00e3o inclui navega\u00e7\u00e3o nos lagos?<\/strong><br \/>\nN\u00e3o, a experi\u00eancia \u00e9 feita por terra em um micro-\u00f4nibus, com paradas para fotografias e visitas a San Mart\u00edn de los Andes e Villa La Angostura.<\/li>\n<li><strong>Haver\u00e1 paradas ao longo do caminho?<\/strong><br \/>\nSim, h\u00e1 paradas intermedi\u00e1rias e uma parada principal em San Martin de los Andes para almo\u00e7o e explora\u00e7\u00e3o.<\/li>\n<li><strong>\u00c9 poss\u00edvel terminar minha viagem em outro destino?<\/strong><br \/>\nSim, voc\u00ea pode optar por terminar em Villa La Angostura ou San Martin de los Andes, levando sua bagagem com voc\u00ea.<\/li>\n<li><strong>\u00c9 poss\u00edvel voltar no dia seguinte?<\/strong><br \/>\nO passeio \u00e9 conclu\u00eddo no mesmo dia. Se desejar prolongar sua estadia, voc\u00ea ter\u00e1 que agendar e pagar pela viagem de volta.<\/li>\n<\/ul>","protected":false},"excerpt":{"rendered":"<h2>Uma viagem inesquec\u00edvel espera por voc\u00ea<\/h2>\n<p>Deixe que a natureza o surpreenda enquanto voc\u00ea caminha pelo <strong>rota dos 7 lagos<\/strong> para San Martin de los Andes. Descubra paisagens de tirar o f\u00f4lego e explore uma cidade encantadora cercada de belezas naturais, garanta seu lugar e viva essa experi\u00eancia \u00fanica!<\/p>","protected":false},"featured_media":379165,"comment_status":"open","ping_status":"closed","template":"","meta":[],"product_brand":[],"product_cat":[85,70,79,90,101,78,83],"product_tag":[],"class_list":{"0":"post-376950","1":"product","2":"type-product","3":"status-publish","4":"has-post-thumbnail","6":"product_cat-adultos","7":"product_cat-con-traslado","8":"product_cat-familia","9":"product_cat-ninos","10":"product_cat-sin-comida","11":"product_cat-terrestre-tipo","12":"product_cat-todo-el-ano","14":"first","15":"instock","16":"virtual","17":"sold-individually","18":"purchasable","19":"product-type-booking"},"booking_location":"","booking_location_type":"","booking_duration":1,"booking_duration_unit":"hour","booking_buffer":0,"booking_cost":0,"booking_resources":[],"exclude_global_add_ons":false,"addons":[{"name":"STD: Passageiros","type":"input_multiplier","position":0,"required":false,"title_format":"label","default":"","description_enable":false,"description":"","placeholder_enable":false,"placeholder":"","display":"select","restrictions_type":"any_text","adjust_price":true,"price":"71400","price_type":"flat_fee","restrictions":false,"min":"0","max":"0","options":[],"id":1773237111}],"yoast_head":"<!-- This site is optimized with the Yoast SEO Premium plugin v24.5 (Yoast SEO v24.8) - https:\/\/yoast.com\/wordpress\/plugins\/seo\/ -->\n<title>Excursi\u00f3n San Mart\u00edn de los Andes por 7 Lagos desde Bariloche - Adventure Center<\/title>\n<meta name=\"description\" content=\"Excursi\u00f3n a San Mart\u00edn de los Andes por la Ruta de los 7 Lagos desde Bariloche. Miradores, Villa La Angostura y lagos cristalinos en un d\u00eda guiado.\" \/>\n<meta name=\"robots\" content=\"index, follow, max-snippet:-1, max-image-preview:large, max-video-preview:-1\" \/>\n<link rel=\"canonical\" href=\"https:\/\/adventurecenter.com.ar\/pt\/product\/san-martin-de-los-andes-por-7-lagos\/\" \/>\n<meta property=\"og:locale\" content=\"pt_BR\" \/>\n<meta property=\"og:type\" content=\"article\" \/>\n<meta property=\"og:title\" content=\"San Mart\u00edn de los Andes por los 7 Lagos: Naturaleza, Miradores y Postales \u00danicas de la Patagonia\" \/>\n<meta property=\"og:description\" content=\"Excursi\u00f3n a San Mart\u00edn de los Andes por la Ruta de los 7 Lagos desde Bariloche. Miradores, Villa La Angostura y lagos cristalinos en un d\u00eda guiado.\" \/>\n<meta property=\"og:url\" content=\"https:\/\/adventurecenter.com.ar\/pt\/product\/san-martin-de-los-andes-por-7-lagos\/\" \/>\n<meta property=\"og:site_name\" content=\"Adventure Center\" \/>\n<meta property=\"article:modified_time\" content=\"2026-04-09T12:13:40+00:00\" \/>\n<meta property=\"og:image\" content=\"https:\/\/adventurecenter.com.ar\/wp-content\/uploads\/2025\/03\/1-D-DSC_0103-scaled.jpg\" \/>\n\t<meta property=\"og:image:width\" content=\"2045\" \/>\n\t<meta property=\"og:image:height\" content=\"2560\" \/>\n\t<meta property=\"og:image:type\" content=\"image\/jpeg\" \/>\n<meta name=\"twitter:card\" content=\"summary_large_image\" \/>\n<meta name=\"twitter:label1\" content=\"Pre\u00e7o\" \/>\n\t<meta name=\"twitter:data1\" content=\"&#036;&nbsp;71.400,00\" \/>\n\t<meta name=\"twitter:label2\" content=\"Disponibilidade\" \/>\n\t<meta name=\"twitter:data2\" content=\"Em Estoque\" \/>\n<script type=\"application\/ld+json\" class=\"yoast-schema-graph\">{\"@context\":\"https:\/\/schema.org\",\"@graph\":[{\"@type\":[\"WebPage\",\"ItemPage\"],\"@id\":\"https:\/\/adventurecenter.com.ar\/product\/excursion-san-martin-de-los-andes-7-lagos-desde-bariloche\/\",\"url\":\"https:\/\/adventurecenter.com.ar\/product\/excursion-san-martin-de-los-andes-7-lagos-desde-bariloche\/\",\"name\":\"Excursi\u00f3n San Mart\u00edn de los Andes por 7 Lagos desde Bariloche - Adventure Center\",\"isPartOf\":{\"@id\":\"https:\/\/adventurecenter.com.ar\/#website\"},\"primaryImageOfPage\":{\"@id\":\"https:\/\/adventurecenter.com.ar\/product\/excursion-san-martin-de-los-andes-7-lagos-desde-bariloche\/#primaryimage\"},\"image\":{\"@id\":\"https:\/\/adventurecenter.com.ar\/product\/excursion-san-martin-de-los-andes-7-lagos-desde-bariloche\/#primaryimage\"},\"thumbnailUrl\":\"https:\/\/adventurecenter.com.ar\/wp-content\/uploads\/2025\/03\/1-D-DSC_0103-scaled.jpg\",\"datePublished\":\"2025-03-20T23:36:09+00:00\",\"dateModified\":\"2026-04-09T12:13:40+00:00\",\"description\":\"Excursi\u00f3n a San Mart\u00edn de los Andes por la Ruta de los 7 Lagos desde Bariloche. Miradores, Villa La Angostura y lagos cristalinos en un d\u00eda guiado.\",\"breadcrumb\":{\"@id\":\"https:\/\/adventurecenter.com.ar\/product\/excursion-san-martin-de-los-andes-7-lagos-desde-bariloche\/#breadcrumb\"},\"inLanguage\":\"pt-BR\",\"potentialAction\":[{\"@type\":\"ReadAction\",\"target\":[\"https:\/\/adventurecenter.com.ar\/product\/excursion-san-martin-de-los-andes-7-lagos-desde-bariloche\/\"]}]},{\"@type\":\"ImageObject\",\"inLanguage\":\"pt-BR\",\"@id\":\"https:\/\/adventurecenter.com.ar\/product\/excursion-san-martin-de-los-andes-7-lagos-desde-bariloche\/#primaryimage\",\"url\":\"https:\/\/adventurecenter.com.ar\/wp-content\/uploads\/2025\/03\/1-D-DSC_0103-scaled.jpg\",\"contentUrl\":\"https:\/\/adventurecenter.com.ar\/wp-content\/uploads\/2025\/03\/1-D-DSC_0103-scaled.jpg\",\"width\":2045,\"height\":2560},{\"@type\":\"BreadcrumbList\",\"@id\":\"https:\/\/adventurecenter.com.ar\/product\/excursion-san-martin-de-los-andes-7-lagos-desde-bariloche\/#breadcrumb\",\"itemListElement\":[{\"@type\":\"ListItem\",\"position\":1,\"name\":\"Home\",\"item\":\"https:\/\/adventurecenter.com.ar\/\"},{\"@type\":\"ListItem\",\"position\":2,\"name\":\"Lista de excursiones\",\"item\":\"https:\/\/adventurecenter.com.ar\/shop\/\"},{\"@type\":\"ListItem\",\"position\":3,\"name\":\"San Mart\u00edn de los Andes por los 7 Lagos: Naturaleza, Miradores y Postales \u00danicas de la Patagonia\"}]},{\"@type\":\"WebSite\",\"@id\":\"https:\/\/adventurecenter.com.ar\/#website\",\"url\":\"https:\/\/adventurecenter.com.ar\/\",\"name\":\"Adventure Center\",\"description\":\"Turismo en Bariloche Patagonia Argentina\",\"publisher\":{\"@id\":\"https:\/\/adventurecenter.com.ar\/#organization\"},\"potentialAction\":[{\"@type\":\"SearchAction\",\"target\":{\"@type\":\"EntryPoint\",\"urlTemplate\":\"https:\/\/adventurecenter.com.ar\/?s={search_term_string}\"},\"query-input\":{\"@type\":\"PropertyValueSpecification\",\"valueRequired\":true,\"valueName\":\"search_term_string\"}}],\"inLanguage\":\"pt-BR\"},{\"@type\":\"Organization\",\"@id\":\"https:\/\/adventurecenter.com.ar\/#organization\",\"name\":\"Adventure Center\",\"url\":\"https:\/\/adventurecenter.com.ar\/\",\"logo\":{\"@type\":\"ImageObject\",\"inLanguage\":\"pt-BR\",\"@id\":\"https:\/\/adventurecenter.com.ar\/#\/schema\/logo\/image\/\",\"url\":\"https:\/\/adventurecenter.com.ar\/wp-content\/uploads\/2022\/10\/logo-definitivo-copia.png\",\"contentUrl\":\"https:\/\/adventurecenter.com.ar\/wp-content\/uploads\/2022\/10\/logo-definitivo-copia.png\",\"width\":150,\"height\":55,\"caption\":\"Adventure Center\"},\"image\":{\"@id\":\"https:\/\/adventurecenter.com.ar\/#\/schema\/logo\/image\/\"}}]}<\/script>\n<meta property=\"product:price:amount\" content=\"71400.00\" \/>\n<meta property=\"product:price:currency\" content=\"ARS\" \/>\n<meta property=\"og:availability\" content=\"instock\" \/>\n<meta property=\"product:availability\" content=\"instock\" \/>\n<meta property=\"product:retailer_item_id\" content=\"ADV2025SAMADEQ219\" \/>\n<meta property=\"product:condition\" content=\"new\" \/>\n<!-- \/ Yoast SEO Premium plugin. -->","yoast_head_json":{"title":"Excurs\u00e3o a San Martin de los Andes por 7 Lagos desde Bariloche - Centro de Aventura","description":"Excurs\u00e3o a San Martin de los Andes pela Rota dos 7 Lagos saindo de Bariloche. Mirantes, Villa La Angostura e lagos cristalinos em um dia com guia.","robots":{"index":"index","follow":"follow","max-snippet":"max-snippet:-1","max-image-preview":"max-image-preview:large","max-video-preview":"max-video-preview:-1"},"canonical":"https:\/\/adventurecenter.com.ar\/pt\/product\/san-martin-de-los-andes-por-7-lagos\/","og_locale":"pt_BR","og_type":"article","og_title":"San Mart\u00edn de los Andes por los 7 Lagos: Naturaleza, Miradores y Postales \u00danicas de la Patagonia","og_description":"Excursi\u00f3n a San Mart\u00edn de los Andes por la Ruta de los 7 Lagos desde Bariloche. Miradores, Villa La Angostura y lagos cristalinos en un d\u00eda guiado.","og_url":"https:\/\/adventurecenter.com.ar\/pt\/product\/san-martin-de-los-andes-por-7-lagos\/","og_site_name":"Adventure Center","article_modified_time":"2026-04-09T12:13:40+00:00","og_image":[{"width":2045,"height":2560,"url":"https:\/\/adventurecenter.com.ar\/wp-content\/uploads\/2025\/03\/1-D-DSC_0103-scaled.jpg","type":"image\/jpeg"}],"twitter_card":"summary_large_image","twitter_misc":{"Pre\u00e7o":"&#36;&nbsp;71.400,00","Disponibilidade":"Em Estoque"},"schema":{"@context":"https:\/\/schema.org","@graph":[{"@type":["WebPage","ItemPage"],"@id":"https:\/\/adventurecenter.com.ar\/product\/excursion-san-martin-de-los-andes-7-lagos-desde-bariloche\/","url":"https:\/\/adventurecenter.com.ar\/product\/excursion-san-martin-de-los-andes-7-lagos-desde-bariloche\/","name":"Excurs\u00e3o a San Martin de los Andes por 7 Lagos desde Bariloche - Centro de Aventura","isPartOf":{"@id":"https:\/\/adventurecenter.com.ar\/#website"},"primaryImageOfPage":{"@id":"https:\/\/adventurecenter.com.ar\/product\/excursion-san-martin-de-los-andes-7-lagos-desde-bariloche\/#primaryimage"},"image":{"@id":"https:\/\/adventurecenter.com.ar\/product\/excursion-san-martin-de-los-andes-7-lagos-desde-bariloche\/#primaryimage"},"thumbnailUrl":"https:\/\/adventurecenter.com.ar\/wp-content\/uploads\/2025\/03\/1-D-DSC_0103-scaled.jpg","datePublished":"2025-03-20T23:36:09+00:00","dateModified":"2026-04-09T12:13:40+00:00","description":"Excurs\u00e3o a San Martin de los Andes pela Rota dos 7 Lagos saindo de Bariloche. Mirantes, Villa La Angostura e lagos cristalinos em um dia com guia.","breadcrumb":{"@id":"https:\/\/adventurecenter.com.ar\/product\/excursion-san-martin-de-los-andes-7-lagos-desde-bariloche\/#breadcrumb"},"inLanguage":"pt-BR","potentialAction":[{"@type":"ReadAction","target":["https:\/\/adventurecenter.com.ar\/product\/excursion-san-martin-de-los-andes-7-lagos-desde-bariloche\/"]}]},{"@type":"ImageObject","inLanguage":"pt-BR","@id":"https:\/\/adventurecenter.com.ar\/product\/excursion-san-martin-de-los-andes-7-lagos-desde-bariloche\/#primaryimage","url":"https:\/\/adventurecenter.com.ar\/wp-content\/uploads\/2025\/03\/1-D-DSC_0103-scaled.jpg","contentUrl":"https:\/\/adventurecenter.com.ar\/wp-content\/uploads\/2025\/03\/1-D-DSC_0103-scaled.jpg","width":2045,"height":2560},{"@type":"BreadcrumbList","@id":"https:\/\/adventurecenter.com.ar\/product\/excursion-san-martin-de-los-andes-7-lagos-desde-bariloche\/#breadcrumb","itemListElement":[{"@type":"ListItem","position":1,"name":"Home","item":"https:\/\/adventurecenter.com.ar\/"},{"@type":"ListItem","position":2,"name":"Lista de excursiones","item":"https:\/\/adventurecenter.com.ar\/shop\/"},{"@type":"ListItem","position":3,"name":"San Mart\u00edn de los Andes por los 7 Lagos: Naturaleza, Miradores y Postales \u00danicas de la Patagonia"}]},{"@type":"WebSite","@id":"https:\/\/adventurecenter.com.ar\/#website","url":"https:\/\/adventurecenter.com.ar\/","name":"Centro de Aventura","description":"Turismo em Bariloche Patag\u00f4nia Argentina","publisher":{"@id":"https:\/\/adventurecenter.com.ar\/#organization"},"potentialAction":[{"@type":"SearchAction","target":{"@type":"EntryPoint","urlTemplate":"https:\/\/adventurecenter.com.ar\/?s={search_term_string}"},"query-input":{"@type":"PropertyValueSpecification","valueRequired":true,"valueName":"search_term_string"}}],"inLanguage":"pt-BR"},{"@type":"Organization","@id":"https:\/\/adventurecenter.com.ar\/#organization","name":"Centro de Aventura","url":"https:\/\/adventurecenter.com.ar\/","logo":{"@type":"ImageObject","inLanguage":"pt-BR","@id":"https:\/\/adventurecenter.com.ar\/#\/schema\/logo\/image\/","url":"https:\/\/adventurecenter.com.ar\/wp-content\/uploads\/2022\/10\/logo-definitivo-copia.png","contentUrl":"https:\/\/adventurecenter.com.ar\/wp-content\/uploads\/2022\/10\/logo-definitivo-copia.png","width":150,"height":55,"caption":"Adventure Center"},"image":{"@id":"https:\/\/adventurecenter.com.ar\/#\/schema\/logo\/image\/"}}]},"product_price_amount":"71400.00","product_price_currency":"ARS","og_availability":"instock","product_availability":"instock","product_retailer_item_id":"ADV2025SAMADEQ219","product_condition":"new"},"_links":{"self":[{"href":"https:\/\/adventurecenter.com.ar\/pt\/wp-json\/wp\/v2\/product\/376950","targetHints":{"allow":["GET"]}}],"collection":[{"href":"https:\/\/adventurecenter.com.ar\/pt\/wp-json\/wp\/v2\/product"}],"about":[{"href":"https:\/\/adventurecenter.com.ar\/pt\/wp-json\/wp\/v2\/types\/product"}],"replies":[{"embeddable":true,"href":"https:\/\/adventurecenter.com.ar\/pt\/wp-json\/wp\/v2\/comments?post=376950"}],"wp:featuredmedia":[{"embeddable":true,"href":"https:\/\/adventurecenter.com.ar\/pt\/wp-json\/wp\/v2\/media\/379165"}],"wp:attachment":[{"href":"https:\/\/adventurecenter.com.ar\/pt\/wp-json\/wp\/v2\/media?parent=376950"}],"wp:term":[{"taxonomy":"product_brand","embeddable":true,"href":"https:\/\/adventurecenter.com.ar\/pt\/wp-json\/wp\/v2\/product_brand?post=376950"},{"taxonomy":"product_cat","embeddable":true,"href":"https:\/\/adventurecenter.com.ar\/pt\/wp-json\/wp\/v2\/product_cat?post=376950"},{"taxonomy":"product_tag","embeddable":true,"href":"https:\/\/adventurecenter.com.ar\/pt\/wp-json\/wp\/v2\/product_tag?post=376950"}],"curies":[{"name":"wp","href":"https:\/\/api.w.org\/{rel}","templated":true}]}}