{"id":376949,"date":"2025-03-20T20:35:55","date_gmt":"2025-03-20T23:35:55","guid":{"rendered":"https:\/\/adventurecenter.com.ar\/?post_type=product&#038;p=376949"},"modified":"2026-04-09T09:13:45","modified_gmt":"2026-04-09T12:13:45","slug":"circuito-chico-bariloche-cerro-campanario","status":"publish","type":"product","link":"https:\/\/adventurecenter.com.ar\/pt\/product\/cerro-campanario-small-circuit\/","title":{"rendered":"Circuito Chico e Cerro Campanario: explore Bariloche como nunca antes"},"content":{"rendered":"<h3 data-start=\"417\" data-end=\"500\"><strong data-start=\"421\" data-end=\"500\">Paisagens \u00fanicas, trilhas ic\u00f4nicas e vistas que o deixar\u00e3o sem palavras.<\/strong><\/h3>\n<p data-start=\"502\" data-end=\"756\">Descubra os cantos mais emblem\u00e1ticos de Bariloche em meio dia com este passeio perfeito para quem quer combinar natureza, hist\u00f3ria e vistas panor\u00e2micas inesquec\u00edveis. O <strong data-start=\"677\" data-end=\"695\">Circuito pequeno<\/strong> \u00e9 a excurs\u00e3o ideal para come\u00e7ar sua aventura na cidade.<\/p>\n<p data-start=\"758\" data-end=\"1088\">A partida come\u00e7a em pontos de encontro localizados entre o centro e o km 8 da Av. Bustillo ou Av. Pioneros. Ao longo do caminho, voc\u00ea far\u00e1 fronteira com a <strong data-start=\"910\" data-end=\"931\">Lago Nahuel Huapi<\/strong>, contemplar a impon\u00eancia <strong data-start=\"957\" data-end=\"976\">Hotel Llao Llao<\/strong>, o tradicional <strong data-start=\"993\" data-end=\"1016\">Capela de S\u00e3o Eduardo<\/strong> e o <strong data-start=\"1022\" data-end=\"1040\">Puerto Pa\u00f1uelo<\/strong>, O ponto de partida para excurs\u00f5es no lago.<\/p>\n<p data-start=\"1090\" data-end=\"1241\">Voc\u00ea tamb\u00e9m visitar\u00e1 lugares como <strong data-start=\"1125\" data-end=\"1140\">Vila Tacul<\/strong>, o <strong data-start=\"1145\" data-end=\"1163\">Lago escondido<\/strong> e o <strong data-start=\"1169\" data-end=\"1184\">Cerro L\u00f3pez<\/strong>, com paradas para tirar fotos e se conectar com o ambiente.<\/p>\n<p data-start=\"1243\" data-end=\"1484\">A experi\u00eancia culmina com o <strong data-start=\"1272\" data-end=\"1292\">Cerro Campanario<\/strong>, Voc\u00ea tem a op\u00e7\u00e3o de pegar um telef\u00e9rico para um dos melhores pontos de vista do mundo. Do topo, as vistas panor\u00e2micas das montanhas, lagos e vales s\u00e3o simplesmente espetaculares.<\/p>\n<p data-start=\"1486\" data-end=\"1665\">O passeio \u00e9 realizado das 8h30min \u00e0s 12h30min ou das 14h30min \u00e0s 19h00min. Inclui traslado e guia profissional em espanhol (bil\u00edngue opcional). N\u00e3o inclui o ingresso do telef\u00e9rico nem as refei\u00e7\u00f5es.<\/p>\n<h3 data-start=\"1672\" data-end=\"1700\"><strong data-start=\"1676\" data-end=\"1700\">Perguntas frequentes<\/strong><\/h3>\n<p data-start=\"1702\" data-end=\"1844\"><strong data-start=\"1702\" data-end=\"1746\">Posso combinar esse passeio com outro?<\/strong><br data-start=\"1746\" data-end=\"1749\" \/>Sim, \u00e9 ideal adicionar uma tomada ao <strong data-start=\"1787\" data-end=\"1805\">Cerro Catedral<\/strong> ou para o <strong data-start=\"1813\" data-end=\"1830\">Ilha Victoria<\/strong> \u00e0 tarde.<\/p>\n<p data-start=\"1846\" data-end=\"1951\"><strong data-start=\"1846\" data-end=\"1878\">O telef\u00e9rico est\u00e1 inclu\u00eddo?<\/strong><br data-start=\"1878\" data-end=\"1881\" \/>N\u00e3o, a subida ao Cerro Campanario \u00e9 opcional e deve ser paga no local.<\/p>\n<p data-start=\"1953\" data-end=\"2056\"><strong data-start=\"1953\" data-end=\"1986\">Posso entrar no Llao Llao Llao Hotel?<\/strong><br data-start=\"1986\" data-end=\"1989\" \/>N\u00e3o. A visita inclui a vista externa e seus arredores c\u00eanicos.<\/p>\n<p data-start=\"2058\" data-end=\"2192\"><strong data-start=\"2058\" data-end=\"2082\">\u00c9 uma caminhada f\u00edsica?<\/strong><br data-start=\"2082\" data-end=\"2085\" \/>N\u00e3o exige esfor\u00e7o f\u00edsico. \u00c9 acess\u00edvel a todos e altamente recomendado para uma primeira visita a Bariloche.<\/p>","protected":false},"excerpt":{"rendered":"<p>Descubra Bariloche com o Circuito Chico e a subida do Cerro Campanario. Passeie pela encantadora <strong>Avenida Bustillo<\/strong>admirar a impon\u00eancia <strong>Hotel Llao Llao<\/strong> e v\u00e1 at\u00e9 o <strong>Cerro Campanario<\/strong> para uma vista inigual\u00e1vel. Uma viagem incompar\u00e1vel de natureza, conforto e aventura.<\/p>","protected":false},"featured_media":379611,"comment_status":"open","ping_status":"closed","template":"","meta":[],"product_brand":[],"product_cat":[85,70,79,90,101,78,83],"product_tag":[],"class_list":{"0":"post-376949","1":"product","2":"type-product","3":"status-publish","4":"has-post-thumbnail","6":"product_cat-adultos","7":"product_cat-con-traslado","8":"product_cat-familia","9":"product_cat-ninos","10":"product_cat-sin-comida","11":"product_cat-terrestre-tipo","12":"product_cat-todo-el-ano","14":"first","15":"instock","16":"virtual","17":"sold-individually","18":"purchasable","19":"product-type-booking"},"booking_location":"","booking_location_type":"","booking_duration":1,"booking_duration_unit":"hour","booking_buffer":0,"booking_cost":0,"booking_resources":[],"exclude_global_add_ons":false,"addons":[{"name":"STD: Passageiros","type":"input_multiplier","position":0,"required":false,"title_format":"label","default":"","description_enable":false,"description":"","placeholder_enable":false,"placeholder":"","display":"select","restrictions_type":"any_text","adjust_price":true,"price":"23400","price_type":"flat_fee","restrictions":false,"min":"0","max":"0","options":[],"id":1773236982}],"yoast_head":"<!-- This site is optimized with the Yoast SEO Premium plugin v24.5 (Yoast SEO v24.8) - https:\/\/yoast.com\/wordpress\/plugins\/seo\/ -->\n<title>Circuito Chico Bariloche | Cerro Campanario y Miradores - Adventure Center<\/title>\n<meta name=\"description\" content=\"Circuito Chico y Cerro Campanario. Recorrido panor\u00e1mico por Bariloche, con miradores, lagos y vistas inolvidables. Ideal para tu aventura en la Patagonia.\" \/>\n<meta name=\"robots\" content=\"index, follow, max-snippet:-1, max-image-preview:large, max-video-preview:-1\" \/>\n<link rel=\"canonical\" href=\"https:\/\/adventurecenter.com.ar\/pt\/product\/cerro-campanario-small-circuit\/\" \/>\n<meta property=\"og:locale\" content=\"pt_BR\" \/>\n<meta property=\"og:type\" content=\"article\" \/>\n<meta property=\"og:title\" content=\"Circuito Chico y Cerro Campanario: explor\u00e1 Bariloche como nunca antes\" \/>\n<meta property=\"og:description\" content=\"Circuito Chico y Cerro Campanario. Recorrido panor\u00e1mico por Bariloche, con miradores, lagos y vistas inolvidables. Ideal para tu aventura en la Patagonia.\" \/>\n<meta property=\"og:url\" content=\"https:\/\/adventurecenter.com.ar\/pt\/product\/cerro-campanario-small-circuit\/\" \/>\n<meta property=\"og:site_name\" content=\"Adventure Center\" \/>\n<meta property=\"article:modified_time\" content=\"2026-04-09T12:13:45+00:00\" \/>\n<meta property=\"og:image\" content=\"https:\/\/adventurecenter.com.ar\/wp-content\/uploads\/2025\/03\/1-A-DSC_0001-scaled.jpg\" \/>\n\t<meta property=\"og:image:width\" content=\"1920\" \/>\n\t<meta property=\"og:image:height\" content=\"2560\" \/>\n\t<meta property=\"og:image:type\" content=\"image\/jpeg\" \/>\n<meta name=\"twitter:card\" content=\"summary_large_image\" \/>\n<meta name=\"twitter:label1\" content=\"Pre\u00e7o\" \/>\n\t<meta name=\"twitter:data1\" content=\"&#036;&nbsp;23.400,00\" \/>\n\t<meta name=\"twitter:label2\" content=\"Disponibilidade\" \/>\n\t<meta name=\"twitter:data2\" content=\"Em Estoque\" \/>\n<script type=\"application\/ld+json\" class=\"yoast-schema-graph\">{\"@context\":\"https:\/\/schema.org\",\"@graph\":[{\"@type\":[\"WebPage\",\"ItemPage\"],\"@id\":\"https:\/\/adventurecenter.com.ar\/product\/circuito-chico-bariloche-cerro-campanario\/\",\"url\":\"https:\/\/adventurecenter.com.ar\/product\/circuito-chico-bariloche-cerro-campanario\/\",\"name\":\"Circuito Chico Bariloche | Cerro Campanario y Miradores - Adventure Center\",\"isPartOf\":{\"@id\":\"https:\/\/adventurecenter.com.ar\/#website\"},\"primaryImageOfPage\":{\"@id\":\"https:\/\/adventurecenter.com.ar\/product\/circuito-chico-bariloche-cerro-campanario\/#primaryimage\"},\"image\":{\"@id\":\"https:\/\/adventurecenter.com.ar\/product\/circuito-chico-bariloche-cerro-campanario\/#primaryimage\"},\"thumbnailUrl\":\"https:\/\/adventurecenter.com.ar\/wp-content\/uploads\/2025\/03\/1-A-DSC_0001-scaled.jpg\",\"datePublished\":\"2025-03-20T23:35:55+00:00\",\"dateModified\":\"2026-04-09T12:13:45+00:00\",\"description\":\"Circuito Chico y Cerro Campanario. Recorrido panor\u00e1mico por Bariloche, con miradores, lagos y vistas inolvidables. Ideal para tu aventura en la Patagonia.\",\"breadcrumb\":{\"@id\":\"https:\/\/adventurecenter.com.ar\/product\/circuito-chico-bariloche-cerro-campanario\/#breadcrumb\"},\"inLanguage\":\"pt-BR\",\"potentialAction\":[{\"@type\":\"ReadAction\",\"target\":[\"https:\/\/adventurecenter.com.ar\/product\/circuito-chico-bariloche-cerro-campanario\/\"]}]},{\"@type\":\"ImageObject\",\"inLanguage\":\"pt-BR\",\"@id\":\"https:\/\/adventurecenter.com.ar\/product\/circuito-chico-bariloche-cerro-campanario\/#primaryimage\",\"url\":\"https:\/\/adventurecenter.com.ar\/wp-content\/uploads\/2025\/03\/1-A-DSC_0001-scaled.jpg\",\"contentUrl\":\"https:\/\/adventurecenter.com.ar\/wp-content\/uploads\/2025\/03\/1-A-DSC_0001-scaled.jpg\",\"width\":1920,\"height\":2560},{\"@type\":\"BreadcrumbList\",\"@id\":\"https:\/\/adventurecenter.com.ar\/product\/circuito-chico-bariloche-cerro-campanario\/#breadcrumb\",\"itemListElement\":[{\"@type\":\"ListItem\",\"position\":1,\"name\":\"Home\",\"item\":\"https:\/\/adventurecenter.com.ar\/\"},{\"@type\":\"ListItem\",\"position\":2,\"name\":\"Lista de excursiones\",\"item\":\"https:\/\/adventurecenter.com.ar\/shop\/\"},{\"@type\":\"ListItem\",\"position\":3,\"name\":\"Circuito Chico y Cerro Campanario: explor\u00e1 Bariloche como nunca antes\"}]},{\"@type\":\"WebSite\",\"@id\":\"https:\/\/adventurecenter.com.ar\/#website\",\"url\":\"https:\/\/adventurecenter.com.ar\/\",\"name\":\"Adventure Center\",\"description\":\"Turismo en Bariloche Patagonia Argentina\",\"publisher\":{\"@id\":\"https:\/\/adventurecenter.com.ar\/#organization\"},\"potentialAction\":[{\"@type\":\"SearchAction\",\"target\":{\"@type\":\"EntryPoint\",\"urlTemplate\":\"https:\/\/adventurecenter.com.ar\/?s={search_term_string}\"},\"query-input\":{\"@type\":\"PropertyValueSpecification\",\"valueRequired\":true,\"valueName\":\"search_term_string\"}}],\"inLanguage\":\"pt-BR\"},{\"@type\":\"Organization\",\"@id\":\"https:\/\/adventurecenter.com.ar\/#organization\",\"name\":\"Adventure Center\",\"url\":\"https:\/\/adventurecenter.com.ar\/\",\"logo\":{\"@type\":\"ImageObject\",\"inLanguage\":\"pt-BR\",\"@id\":\"https:\/\/adventurecenter.com.ar\/#\/schema\/logo\/image\/\",\"url\":\"https:\/\/adventurecenter.com.ar\/wp-content\/uploads\/2022\/10\/logo-definitivo-copia.png\",\"contentUrl\":\"https:\/\/adventurecenter.com.ar\/wp-content\/uploads\/2022\/10\/logo-definitivo-copia.png\",\"width\":150,\"height\":55,\"caption\":\"Adventure Center\"},\"image\":{\"@id\":\"https:\/\/adventurecenter.com.ar\/#\/schema\/logo\/image\/\"}}]}<\/script>\n<meta property=\"product:price:amount\" content=\"23400.00\" \/>\n<meta property=\"product:price:currency\" content=\"ARS\" \/>\n<meta property=\"og:availability\" content=\"instock\" \/>\n<meta property=\"product:availability\" content=\"instock\" \/>\n<meta property=\"product:retailer_item_id\" content=\"ADV2025CICHYC1KOR\" \/>\n<meta property=\"product:condition\" content=\"new\" \/>\n<!-- \/ Yoast SEO Premium plugin. -->","yoast_head_json":{"title":"Circuito Chico Bariloche | Cerro Campanario e Mirantes - Centro de Aventura","description":"Circuito Chico e Cerro Campanario. Passeio panor\u00e2mico por Bariloche, com mirantes, lagos e vistas inesquec\u00edveis. Ideal para sua aventura na Patag\u00f4nia.","robots":{"index":"index","follow":"follow","max-snippet":"max-snippet:-1","max-image-preview":"max-image-preview:large","max-video-preview":"max-video-preview:-1"},"canonical":"https:\/\/adventurecenter.com.ar\/pt\/product\/cerro-campanario-small-circuit\/","og_locale":"pt_BR","og_type":"article","og_title":"Circuito Chico y Cerro Campanario: explor\u00e1 Bariloche como nunca antes","og_description":"Circuito Chico y Cerro Campanario. Recorrido panor\u00e1mico por Bariloche, con miradores, lagos y vistas inolvidables. Ideal para tu aventura en la Patagonia.","og_url":"https:\/\/adventurecenter.com.ar\/pt\/product\/cerro-campanario-small-circuit\/","og_site_name":"Adventure Center","article_modified_time":"2026-04-09T12:13:45+00:00","og_image":[{"width":1920,"height":2560,"url":"https:\/\/adventurecenter.com.ar\/wp-content\/uploads\/2025\/03\/1-A-DSC_0001-scaled.jpg","type":"image\/jpeg"}],"twitter_card":"summary_large_image","twitter_misc":{"Pre\u00e7o":"&#36;&nbsp;23.400,00","Disponibilidade":"Em Estoque"},"schema":{"@context":"https:\/\/schema.org","@graph":[{"@type":["WebPage","ItemPage"],"@id":"https:\/\/adventurecenter.com.ar\/product\/circuito-chico-bariloche-cerro-campanario\/","url":"https:\/\/adventurecenter.com.ar\/product\/circuito-chico-bariloche-cerro-campanario\/","name":"Circuito Chico Bariloche | Cerro Campanario e Mirantes - Centro de Aventura","isPartOf":{"@id":"https:\/\/adventurecenter.com.ar\/#website"},"primaryImageOfPage":{"@id":"https:\/\/adventurecenter.com.ar\/product\/circuito-chico-bariloche-cerro-campanario\/#primaryimage"},"image":{"@id":"https:\/\/adventurecenter.com.ar\/product\/circuito-chico-bariloche-cerro-campanario\/#primaryimage"},"thumbnailUrl":"https:\/\/adventurecenter.com.ar\/wp-content\/uploads\/2025\/03\/1-A-DSC_0001-scaled.jpg","datePublished":"2025-03-20T23:35:55+00:00","dateModified":"2026-04-09T12:13:45+00:00","description":"Circuito Chico e Cerro Campanario. Passeio panor\u00e2mico por Bariloche, com mirantes, lagos e vistas inesquec\u00edveis. Ideal para sua aventura na Patag\u00f4nia.","breadcrumb":{"@id":"https:\/\/adventurecenter.com.ar\/product\/circuito-chico-bariloche-cerro-campanario\/#breadcrumb"},"inLanguage":"pt-BR","potentialAction":[{"@type":"ReadAction","target":["https:\/\/adventurecenter.com.ar\/product\/circuito-chico-bariloche-cerro-campanario\/"]}]},{"@type":"ImageObject","inLanguage":"pt-BR","@id":"https:\/\/adventurecenter.com.ar\/product\/circuito-chico-bariloche-cerro-campanario\/#primaryimage","url":"https:\/\/adventurecenter.com.ar\/wp-content\/uploads\/2025\/03\/1-A-DSC_0001-scaled.jpg","contentUrl":"https:\/\/adventurecenter.com.ar\/wp-content\/uploads\/2025\/03\/1-A-DSC_0001-scaled.jpg","width":1920,"height":2560},{"@type":"BreadcrumbList","@id":"https:\/\/adventurecenter.com.ar\/product\/circuito-chico-bariloche-cerro-campanario\/#breadcrumb","itemListElement":[{"@type":"ListItem","position":1,"name":"Home","item":"https:\/\/adventurecenter.com.ar\/"},{"@type":"ListItem","position":2,"name":"Lista de excursiones","item":"https:\/\/adventurecenter.com.ar\/shop\/"},{"@type":"ListItem","position":3,"name":"Circuito Chico y Cerro Campanario: explor\u00e1 Bariloche como nunca antes"}]},{"@type":"WebSite","@id":"https:\/\/adventurecenter.com.ar\/#website","url":"https:\/\/adventurecenter.com.ar\/","name":"Centro de Aventura","description":"Turismo em Bariloche Patag\u00f4nia Argentina","publisher":{"@id":"https:\/\/adventurecenter.com.ar\/#organization"},"potentialAction":[{"@type":"SearchAction","target":{"@type":"EntryPoint","urlTemplate":"https:\/\/adventurecenter.com.ar\/?s={search_term_string}"},"query-input":{"@type":"PropertyValueSpecification","valueRequired":true,"valueName":"search_term_string"}}],"inLanguage":"pt-BR"},{"@type":"Organization","@id":"https:\/\/adventurecenter.com.ar\/#organization","name":"Centro de Aventura","url":"https:\/\/adventurecenter.com.ar\/","logo":{"@type":"ImageObject","inLanguage":"pt-BR","@id":"https:\/\/adventurecenter.com.ar\/#\/schema\/logo\/image\/","url":"https:\/\/adventurecenter.com.ar\/wp-content\/uploads\/2022\/10\/logo-definitivo-copia.png","contentUrl":"https:\/\/adventurecenter.com.ar\/wp-content\/uploads\/2022\/10\/logo-definitivo-copia.png","width":150,"height":55,"caption":"Adventure Center"},"image":{"@id":"https:\/\/adventurecenter.com.ar\/#\/schema\/logo\/image\/"}}]},"product_price_amount":"23400.00","product_price_currency":"ARS","og_availability":"instock","product_availability":"instock","product_retailer_item_id":"ADV2025CICHYC1KOR","product_condition":"new"},"_links":{"self":[{"href":"https:\/\/adventurecenter.com.ar\/pt\/wp-json\/wp\/v2\/product\/376949","targetHints":{"allow":["GET"]}}],"collection":[{"href":"https:\/\/adventurecenter.com.ar\/pt\/wp-json\/wp\/v2\/product"}],"about":[{"href":"https:\/\/adventurecenter.com.ar\/pt\/wp-json\/wp\/v2\/types\/product"}],"replies":[{"embeddable":true,"href":"https:\/\/adventurecenter.com.ar\/pt\/wp-json\/wp\/v2\/comments?post=376949"}],"wp:featuredmedia":[{"embeddable":true,"href":"https:\/\/adventurecenter.com.ar\/pt\/wp-json\/wp\/v2\/media\/379611"}],"wp:attachment":[{"href":"https:\/\/adventurecenter.com.ar\/pt\/wp-json\/wp\/v2\/media?parent=376949"}],"wp:term":[{"taxonomy":"product_brand","embeddable":true,"href":"https:\/\/adventurecenter.com.ar\/pt\/wp-json\/wp\/v2\/product_brand?post=376949"},{"taxonomy":"product_cat","embeddable":true,"href":"https:\/\/adventurecenter.com.ar\/pt\/wp-json\/wp\/v2\/product_cat?post=376949"},{"taxonomy":"product_tag","embeddable":true,"href":"https:\/\/adventurecenter.com.ar\/pt\/wp-json\/wp\/v2\/product_tag?post=376949"}],"curies":[{"name":"wp","href":"https:\/\/api.w.org\/{rel}","templated":true}]}}