{"id":376945,"date":"2025-03-20T20:35:07","date_gmt":"2025-03-20T23:35:07","guid":{"rendered":"https:\/\/adventurecenter.com.ar\/?post_type=product&#038;p=376945"},"modified":"2026-04-14T11:59:00","modified_gmt":"2026-04-14T14:59:00","slug":"rafting-rio-manso-limite-chile-sin-traslado","status":"publish","type":"product","link":"https:\/\/adventurecenter.com.ar\/pt\/product\/rafting-ate-a-fronteira-do-chile-sem-traslado\/","title":{"rendered":"Rafting at\u00e9 a fronteira com o Chile Sem traslado"},"content":{"rendered":"<h2>Explora\u00e7\u00e3o fluvial na fronteira entre o Chile e o Chile<\/h2>\n<p>Prepare-se para experimentar um <strong>Dia emocionante de rafting<\/strong> que o conectar\u00e1 com a natureza em sua melhor forma. Neste passeio, destacamos a majestade do Rio Manso, onde as corredeiras de n\u00edvel <strong>3 y 4<\/strong> s\u00e3o os protagonistas, levando a aventura at\u00e9 a fronteira com o Chile.<\/p>\n<h3>In\u00edcio da experi\u00eancia<\/h3>\n<p>O dia come\u00e7a em nosso ponto de encontro designado. Antes de come\u00e7ar, nossos guias especializados lhe fornecer\u00e3o os equipamentos essenciais: roupas de mergulho, capacetes e coletes salva-vidas, sempre priorizando a sua seguran\u00e7a.<\/p>\n<h3>Navega\u00e7\u00e3o no rio Manso<\/h3>\n<ul>\n<li><strong>Viagem:<\/strong> Uma jornada aqu\u00e1tica de <strong>10 km<\/strong> no rio Manso, com uma dura\u00e7\u00e3o aproximada de <strong>2 horas<\/strong>.<\/li>\n<li><strong>Intensidade:<\/strong> Descer por corredeiras de categoria palpitante <strong>III\/IV<\/strong>.<\/li>\n<li>Ao chegar \u00e0 fronteira com o Chile, ser\u00e1 providenciado um traslado de volta ao ponto de partida.<\/li>\n<\/ul>\n<h3>Propostas gastron\u00f4micas<\/h3>\n<p>No final da atividade, voc\u00ea pode optar por almo\u00e7ar no parador. Isso n\u00e3o est\u00e1 inclu\u00eddo no custo da excurs\u00e3o, mas oferecemos op\u00e7\u00f5es de <strong>churrasco<\/strong>, <strong>massa<\/strong> ou salada, cada um por um pre\u00e7o adicional.<\/p>\n<h3>Sugest\u00f5es para os participantes<\/h3>\n<ul>\n<li>Atividade destinada a <strong>jovens e adultos<\/strong> do <strong>14 anos<\/strong>.<\/li>\n<li>Recomendamos levar um <strong>toalha<\/strong> e uma muda de roupa para depois da excurs\u00e3o.<\/li>\n<\/ul>\n<h3>Detalhes da modalidade n\u00e3o m\u00f3vel<\/h3>\n<p>Para aqueles que escolherem a op\u00e7\u00e3o sem traslado, o ponto de encontro \u00e9 em nosso parador, localizado na <strong data-start=\"372\" data-end=\"389\">Base Villegas<\/strong>, no <strong data-start=\"400\" data-end=\"417\">Ruta 83, Km 1, San Carlos de Bariloche, R\u00edo Negro.\u00a0<\/strong>.<br data-start=\"418\" data-end=\"421\" \/>Localiza\u00e7\u00e3o no Google Maps: <a class=\"\" href=\"https:\/\/maps.app.goo.gl\/NqbsUN6VB5Fnt7hVA\" target=\"_new\" rel=\"noopener\" data-start=\"449\" data-end=\"535\">https:\/\/maps.app.goo.gl\/NqbsUN6VB5Fnt7hVA<\/a><\/p>\n<h3>Informa\u00e7\u00f5es essenciais<\/h3>\n<ul>\n<li><strong>Dura\u00e7\u00e3o:<\/strong> Do <strong>9:00 a.m. \u00e0s 6:00 p.m.<\/strong> aproximadamente.<\/li>\n<li><strong>Ele inclui:<\/strong> Atividade de rafting, caf\u00e9 da manh\u00e3 completo e equipamento (roupa de mergulho, colete, jaqueta imperme\u00e1vel, sapatos de neoprene, remo e capacete).<\/li>\n<li><strong>N\u00e3o inclu\u00eddo:<\/strong> Traslado, busca em acomoda\u00e7\u00e3o, almo\u00e7o e caf\u00e9 da manh\u00e3.<\/li>\n<\/ul>\n<h2>Perguntas frequentes<\/h2>\n<ul>\n<li><strong>Qual \u00e9 a idade m\u00ednima para participar?<\/strong><br \/>\nA atividade foi desenvolvida para pessoas com 14 anos ou mais.<\/li>\n<li><strong>Que tipo de equipamento \u00e9 fornecido?<\/strong><br \/>\nFornecemos roupas de mergulho, coletes salva-vidas, capacetes, botas e remos.<\/li>\n<li><strong>O almo\u00e7o est\u00e1 inclu\u00eddo no pre\u00e7o?<\/strong><br \/>\nN\u00e3o, o almo\u00e7o n\u00e3o est\u00e1 inclu\u00eddo; no entanto, voc\u00ea pode desfrutar de v\u00e1rias op\u00e7\u00f5es por um custo adicional.<\/li>\n<li><strong>Onde \u00e9 o ponto de encontro?<\/strong><br \/>\nSe voc\u00ea escolher a op\u00e7\u00e3o sem realoca\u00e7\u00e3o, dever\u00e1 ir para a se\u00e7\u00e3o <strong data-start=\"372\" data-end=\"389\">Base Villegas<\/strong>, no <strong data-start=\"400\" data-end=\"417\">Ruta 83, Km 1, San Carlos de Bariloche, R\u00edo Negro.<br \/>\nLocaliza\u00e7\u00e3o no Google Maps: <a class=\"\" href=\"https:\/\/maps.app.goo.gl\/NqbsUN6VB5Fnt7hVA\" target=\"_new\" rel=\"noopener\" data-start=\"449\" data-end=\"535\">https:\/\/maps.app.goo.gl\/NqbsUN6VB5Fnt7hVA<\/a><br \/>\n<\/strong><\/li>\n<\/ul>\n<p><strong>Aviso importante<\/strong>Esse passeio est\u00e1 dispon\u00edvel no momento e tem sa\u00eddas at\u00e9 30 de abril, de acordo com o calend\u00e1rio operacional.<\/p>","protected":false},"excerpt":{"rendered":"<p>Experimente a emo\u00e7\u00e3o de navegar pelo Rio Manso sem o inc\u00f4modo dos traslados. Ideal para quem tem pelo menos 14 anos de idade, essa aventura oferece adrenalina e paisagens espl\u00eandidas.<\/p>","protected":false},"featured_media":379552,"comment_status":"open","ping_status":"closed","template":"","meta":[],"product_brand":[],"product_cat":[85,84,79,82,101,81,80],"product_tag":[],"class_list":{"0":"post-376945","1":"product","2":"type-product","3":"status-publish","4":"has-post-thumbnail","6":"product_cat-adultos","7":"product_cat-aventura","8":"product_cat-familia","9":"product_cat-primavera","10":"product_cat-sin-comida","11":"product_cat-sin-traslado","12":"product_cat-verano","14":"first","15":"instock","16":"virtual","17":"sold-individually","18":"purchasable","19":"product-type-booking"},"booking_location":"","booking_location_type":"","booking_duration":1,"booking_duration_unit":"hour","booking_buffer":0,"booking_cost":0,"booking_resources":[],"exclude_global_add_ons":false,"addons":[{"name":"ADU | Adulto","type":"input_multiplier","position":0,"required":false,"title_format":"label","default":"","description_enable":false,"description":"","placeholder_enable":false,"placeholder":"","display":"select","restrictions_type":"any_text","adjust_price":true,"price":"140400","price_type":"quantity_based","restrictions":false,"min":"0","max":"0","options":[],"id":1773236380},{"name":"EXTRA: acompanhante","type":"input_multiplier","position":1,"required":false,"title_format":"label","default":"","description_enable":false,"description":"","placeholder_enable":false,"placeholder":"","display":"select","restrictions_type":"any_text","adjust_price":true,"price":"70200","price_type":"quantity_based","restrictions":false,"min":"0","max":"0","options":[],"id":1773236381},{"name":"MEN1418 | de 14 a 18","type":"input_multiplier","position":2,"required":false,"title_format":"label","default":"","description_enable":false,"description":"","placeholder_enable":false,"placeholder":"","display":"select","restrictions_type":"any_text","adjust_price":true,"price":"140400","price_type":"quantity_based","restrictions":false,"min":"0","max":"0","options":[],"id":1773236382}],"yoast_head":"<!-- This site is optimized with the Yoast SEO Premium plugin v24.5 (Yoast SEO v24.8) - https:\/\/yoast.com\/wordpress\/plugins\/seo\/ -->\n<title>Rafting R\u00edo Manso L\u00edmite con Chile | Sin traslado Bariloche - Adventure Center<\/title>\n<meta name=\"description\" content=\"Rafting R\u00edo Manso sin traslado. R\u00e1pidos clase III-IV y almuerzo opcional en la frontera con Chile. Aventura imperdible desde Bariloche.\" \/>\n<meta name=\"robots\" content=\"index, follow, max-snippet:-1, max-image-preview:large, max-video-preview:-1\" \/>\n<link rel=\"canonical\" href=\"https:\/\/adventurecenter.com.ar\/pt\/product\/rafting-ate-a-fronteira-do-chile-sem-traslado\/\" \/>\n<meta property=\"og:locale\" content=\"pt_BR\" \/>\n<meta property=\"og:type\" content=\"article\" \/>\n<meta property=\"og:title\" content=\"Rafting al l\u00edmite con Chile Sin traslado\" \/>\n<meta property=\"og:description\" content=\"Rafting R\u00edo Manso sin traslado. R\u00e1pidos clase III-IV y almuerzo opcional en la frontera con Chile. Aventura imperdible desde Bariloche.\" \/>\n<meta property=\"og:url\" content=\"https:\/\/adventurecenter.com.ar\/pt\/product\/rafting-ate-a-fronteira-do-chile-sem-traslado\/\" \/>\n<meta property=\"og:site_name\" content=\"Adventure Center\" \/>\n<meta property=\"article:modified_time\" content=\"2026-04-14T14:59:00+00:00\" \/>\n<meta property=\"og:image\" content=\"https:\/\/adventurecenter.com.ar\/wp-content\/uploads\/2025\/03\/1-C-RaftingAlLimiteconChile_image7_1140_1601674682-copia-1-scaled.jpg\" \/>\n\t<meta property=\"og:image:width\" content=\"1920\" \/>\n\t<meta property=\"og:image:height\" content=\"2560\" \/>\n\t<meta property=\"og:image:type\" content=\"image\/jpeg\" \/>\n<meta name=\"twitter:card\" content=\"summary_large_image\" \/>\n<meta name=\"twitter:label1\" content=\"Pre\u00e7o\" \/>\n\t<meta name=\"twitter:data1\" content=\"&#036;&nbsp;140.400,00\" \/>\n\t<meta name=\"twitter:label2\" content=\"Disponibilidade\" \/>\n\t<meta name=\"twitter:data2\" content=\"Em Estoque\" \/>\n<script type=\"application\/ld+json\" class=\"yoast-schema-graph\">{\"@context\":\"https:\/\/schema.org\",\"@graph\":[{\"@type\":[\"WebPage\",\"ItemPage\"],\"@id\":\"https:\/\/adventurecenter.com.ar\/product\/rafting-rio-manso-limite-chile-sin-traslado\/\",\"url\":\"https:\/\/adventurecenter.com.ar\/product\/rafting-rio-manso-limite-chile-sin-traslado\/\",\"name\":\"Rafting R\u00edo Manso L\u00edmite con Chile | Sin traslado Bariloche - Adventure Center\",\"isPartOf\":{\"@id\":\"https:\/\/adventurecenter.com.ar\/#website\"},\"primaryImageOfPage\":{\"@id\":\"https:\/\/adventurecenter.com.ar\/product\/rafting-rio-manso-limite-chile-sin-traslado\/#primaryimage\"},\"image\":{\"@id\":\"https:\/\/adventurecenter.com.ar\/product\/rafting-rio-manso-limite-chile-sin-traslado\/#primaryimage\"},\"thumbnailUrl\":\"https:\/\/adventurecenter.com.ar\/wp-content\/uploads\/2025\/03\/1-C-RaftingAlLimiteconChile_image7_1140_1601674682-copia-1-scaled.jpg\",\"datePublished\":\"2025-03-20T23:35:07+00:00\",\"dateModified\":\"2026-04-14T14:59:00+00:00\",\"description\":\"Rafting R\u00edo Manso sin traslado. R\u00e1pidos clase III-IV y almuerzo opcional en la frontera con Chile. Aventura imperdible desde Bariloche.\",\"breadcrumb\":{\"@id\":\"https:\/\/adventurecenter.com.ar\/product\/rafting-rio-manso-limite-chile-sin-traslado\/#breadcrumb\"},\"inLanguage\":\"pt-BR\",\"potentialAction\":[{\"@type\":\"ReadAction\",\"target\":[\"https:\/\/adventurecenter.com.ar\/product\/rafting-rio-manso-limite-chile-sin-traslado\/\"]}]},{\"@type\":\"ImageObject\",\"inLanguage\":\"pt-BR\",\"@id\":\"https:\/\/adventurecenter.com.ar\/product\/rafting-rio-manso-limite-chile-sin-traslado\/#primaryimage\",\"url\":\"https:\/\/adventurecenter.com.ar\/wp-content\/uploads\/2025\/03\/1-C-RaftingAlLimiteconChile_image7_1140_1601674682-copia-1-scaled.jpg\",\"contentUrl\":\"https:\/\/adventurecenter.com.ar\/wp-content\/uploads\/2025\/03\/1-C-RaftingAlLimiteconChile_image7_1140_1601674682-copia-1-scaled.jpg\",\"width\":1920,\"height\":2560},{\"@type\":\"BreadcrumbList\",\"@id\":\"https:\/\/adventurecenter.com.ar\/product\/rafting-rio-manso-limite-chile-sin-traslado\/#breadcrumb\",\"itemListElement\":[{\"@type\":\"ListItem\",\"position\":1,\"name\":\"Home\",\"item\":\"https:\/\/adventurecenter.com.ar\/\"},{\"@type\":\"ListItem\",\"position\":2,\"name\":\"Lista de excursiones\",\"item\":\"https:\/\/adventurecenter.com.ar\/shop\/\"},{\"@type\":\"ListItem\",\"position\":3,\"name\":\"Rafting al l\u00edmite con Chile Sin traslado\"}]},{\"@type\":\"WebSite\",\"@id\":\"https:\/\/adventurecenter.com.ar\/#website\",\"url\":\"https:\/\/adventurecenter.com.ar\/\",\"name\":\"Adventure Center\",\"description\":\"Turismo en Bariloche Patagonia Argentina\",\"publisher\":{\"@id\":\"https:\/\/adventurecenter.com.ar\/#organization\"},\"potentialAction\":[{\"@type\":\"SearchAction\",\"target\":{\"@type\":\"EntryPoint\",\"urlTemplate\":\"https:\/\/adventurecenter.com.ar\/?s={search_term_string}\"},\"query-input\":{\"@type\":\"PropertyValueSpecification\",\"valueRequired\":true,\"valueName\":\"search_term_string\"}}],\"inLanguage\":\"pt-BR\"},{\"@type\":\"Organization\",\"@id\":\"https:\/\/adventurecenter.com.ar\/#organization\",\"name\":\"Adventure Center\",\"url\":\"https:\/\/adventurecenter.com.ar\/\",\"logo\":{\"@type\":\"ImageObject\",\"inLanguage\":\"pt-BR\",\"@id\":\"https:\/\/adventurecenter.com.ar\/#\/schema\/logo\/image\/\",\"url\":\"https:\/\/adventurecenter.com.ar\/wp-content\/uploads\/2022\/10\/logo-definitivo-copia.png\",\"contentUrl\":\"https:\/\/adventurecenter.com.ar\/wp-content\/uploads\/2022\/10\/logo-definitivo-copia.png\",\"width\":150,\"height\":55,\"caption\":\"Adventure Center\"},\"image\":{\"@id\":\"https:\/\/adventurecenter.com.ar\/#\/schema\/logo\/image\/\"}}]}<\/script>\n<meta property=\"product:price:amount\" content=\"140400.00\" \/>\n<meta property=\"product:price:currency\" content=\"ARS\" \/>\n<meta property=\"og:availability\" content=\"instock\" \/>\n<meta property=\"product:availability\" content=\"instock\" \/>\n<meta property=\"product:retailer_item_id\" content=\"ADV2025RAALL\u00cd530P\" \/>\n<meta property=\"product:condition\" content=\"new\" \/>\n<!-- \/ Yoast SEO Premium plugin. -->","yoast_head_json":{"title":"Rafting Rio Manso - Fronteira com o Chile | Sem traslado Bariloche - Centro de Aventura","description":"Rafting no Rio Manso sem traslado. Corredeiras de classe III-IV e almo\u00e7o opcional na fronteira com o Chile. Uma aventura imperd\u00edvel a partir de Bariloche.","robots":{"index":"index","follow":"follow","max-snippet":"max-snippet:-1","max-image-preview":"max-image-preview:large","max-video-preview":"max-video-preview:-1"},"canonical":"https:\/\/adventurecenter.com.ar\/pt\/product\/rafting-ate-a-fronteira-do-chile-sem-traslado\/","og_locale":"pt_BR","og_type":"article","og_title":"Rafting al l\u00edmite con Chile Sin traslado","og_description":"Rafting R\u00edo Manso sin traslado. R\u00e1pidos clase III-IV y almuerzo opcional en la frontera con Chile. Aventura imperdible desde Bariloche.","og_url":"https:\/\/adventurecenter.com.ar\/pt\/product\/rafting-ate-a-fronteira-do-chile-sem-traslado\/","og_site_name":"Adventure Center","article_modified_time":"2026-04-14T14:59:00+00:00","og_image":[{"width":1920,"height":2560,"url":"https:\/\/adventurecenter.com.ar\/wp-content\/uploads\/2025\/03\/1-C-RaftingAlLimiteconChile_image7_1140_1601674682-copia-1-scaled.jpg","type":"image\/jpeg"}],"twitter_card":"summary_large_image","twitter_misc":{"Pre\u00e7o":"&#36;&nbsp;140.400,00","Disponibilidade":"Em Estoque"},"schema":{"@context":"https:\/\/schema.org","@graph":[{"@type":["WebPage","ItemPage"],"@id":"https:\/\/adventurecenter.com.ar\/product\/rafting-rio-manso-limite-chile-sin-traslado\/","url":"https:\/\/adventurecenter.com.ar\/product\/rafting-rio-manso-limite-chile-sin-traslado\/","name":"Rafting Rio Manso - Fronteira com o Chile | Sem traslado Bariloche - Centro de Aventura","isPartOf":{"@id":"https:\/\/adventurecenter.com.ar\/#website"},"primaryImageOfPage":{"@id":"https:\/\/adventurecenter.com.ar\/product\/rafting-rio-manso-limite-chile-sin-traslado\/#primaryimage"},"image":{"@id":"https:\/\/adventurecenter.com.ar\/product\/rafting-rio-manso-limite-chile-sin-traslado\/#primaryimage"},"thumbnailUrl":"https:\/\/adventurecenter.com.ar\/wp-content\/uploads\/2025\/03\/1-C-RaftingAlLimiteconChile_image7_1140_1601674682-copia-1-scaled.jpg","datePublished":"2025-03-20T23:35:07+00:00","dateModified":"2026-04-14T14:59:00+00:00","description":"Rafting no Rio Manso sem traslado. Corredeiras de classe III-IV e almo\u00e7o opcional na fronteira com o Chile. Uma aventura imperd\u00edvel a partir de Bariloche.","breadcrumb":{"@id":"https:\/\/adventurecenter.com.ar\/product\/rafting-rio-manso-limite-chile-sin-traslado\/#breadcrumb"},"inLanguage":"pt-BR","potentialAction":[{"@type":"ReadAction","target":["https:\/\/adventurecenter.com.ar\/product\/rafting-rio-manso-limite-chile-sin-traslado\/"]}]},{"@type":"ImageObject","inLanguage":"pt-BR","@id":"https:\/\/adventurecenter.com.ar\/product\/rafting-rio-manso-limite-chile-sin-traslado\/#primaryimage","url":"https:\/\/adventurecenter.com.ar\/wp-content\/uploads\/2025\/03\/1-C-RaftingAlLimiteconChile_image7_1140_1601674682-copia-1-scaled.jpg","contentUrl":"https:\/\/adventurecenter.com.ar\/wp-content\/uploads\/2025\/03\/1-C-RaftingAlLimiteconChile_image7_1140_1601674682-copia-1-scaled.jpg","width":1920,"height":2560},{"@type":"BreadcrumbList","@id":"https:\/\/adventurecenter.com.ar\/product\/rafting-rio-manso-limite-chile-sin-traslado\/#breadcrumb","itemListElement":[{"@type":"ListItem","position":1,"name":"Home","item":"https:\/\/adventurecenter.com.ar\/"},{"@type":"ListItem","position":2,"name":"Lista de excursiones","item":"https:\/\/adventurecenter.com.ar\/shop\/"},{"@type":"ListItem","position":3,"name":"Rafting al l\u00edmite con Chile Sin traslado"}]},{"@type":"WebSite","@id":"https:\/\/adventurecenter.com.ar\/#website","url":"https:\/\/adventurecenter.com.ar\/","name":"Centro de Aventura","description":"Turismo em Bariloche Patag\u00f4nia Argentina","publisher":{"@id":"https:\/\/adventurecenter.com.ar\/#organization"},"potentialAction":[{"@type":"SearchAction","target":{"@type":"EntryPoint","urlTemplate":"https:\/\/adventurecenter.com.ar\/?s={search_term_string}"},"query-input":{"@type":"PropertyValueSpecification","valueRequired":true,"valueName":"search_term_string"}}],"inLanguage":"pt-BR"},{"@type":"Organization","@id":"https:\/\/adventurecenter.com.ar\/#organization","name":"Centro de Aventura","url":"https:\/\/adventurecenter.com.ar\/","logo":{"@type":"ImageObject","inLanguage":"pt-BR","@id":"https:\/\/adventurecenter.com.ar\/#\/schema\/logo\/image\/","url":"https:\/\/adventurecenter.com.ar\/wp-content\/uploads\/2022\/10\/logo-definitivo-copia.png","contentUrl":"https:\/\/adventurecenter.com.ar\/wp-content\/uploads\/2022\/10\/logo-definitivo-copia.png","width":150,"height":55,"caption":"Adventure Center"},"image":{"@id":"https:\/\/adventurecenter.com.ar\/#\/schema\/logo\/image\/"}}]},"product_price_amount":"140400.00","product_price_currency":"ARS","og_availability":"instock","product_availability":"instock","product_retailer_item_id":"ADV2025RAALL\u00cd530P","product_condition":"new"},"_links":{"self":[{"href":"https:\/\/adventurecenter.com.ar\/pt\/wp-json\/wp\/v2\/product\/376945","targetHints":{"allow":["GET"]}}],"collection":[{"href":"https:\/\/adventurecenter.com.ar\/pt\/wp-json\/wp\/v2\/product"}],"about":[{"href":"https:\/\/adventurecenter.com.ar\/pt\/wp-json\/wp\/v2\/types\/product"}],"replies":[{"embeddable":true,"href":"https:\/\/adventurecenter.com.ar\/pt\/wp-json\/wp\/v2\/comments?post=376945"}],"wp:featuredmedia":[{"embeddable":true,"href":"https:\/\/adventurecenter.com.ar\/pt\/wp-json\/wp\/v2\/media\/379552"}],"wp:attachment":[{"href":"https:\/\/adventurecenter.com.ar\/pt\/wp-json\/wp\/v2\/media?parent=376945"}],"wp:term":[{"taxonomy":"product_brand","embeddable":true,"href":"https:\/\/adventurecenter.com.ar\/pt\/wp-json\/wp\/v2\/product_brand?post=376945"},{"taxonomy":"product_cat","embeddable":true,"href":"https:\/\/adventurecenter.com.ar\/pt\/wp-json\/wp\/v2\/product_cat?post=376945"},{"taxonomy":"product_tag","embeddable":true,"href":"https:\/\/adventurecenter.com.ar\/pt\/wp-json\/wp\/v2\/product_tag?post=376945"}],"curies":[{"name":"wp","href":"https:\/\/api.w.org\/{rel}","templated":true}]}}