{"id":376944,"date":"2025-03-20T20:34:53","date_gmt":"2025-03-20T23:34:53","guid":{"rendered":"https:\/\/adventurecenter.com.ar\/?post_type=product&#038;p=376944"},"modified":"2026-04-22T10:24:09","modified_gmt":"2026-04-22T13:24:09","slug":"experiencia-kayak-lago-moreno-bariloche","status":"publish","type":"product","link":"https:\/\/adventurecenter.com.ar\/pt\/product\/passeio-de-caiaque-no-lago-gutierrez\/","title":{"rendered":"Caiaque no Lago Moreno"},"content":{"rendered":"<h2 data-start=\"503\" data-end=\"564\"><strong data-start=\"503\" data-end=\"562\">Aventura em sua forma mais pura nas \u00e1guas do Lago Moreno<\/strong><\/h2>\n<p data-start=\"566\" data-end=\"850\">Se voc\u00ea \u00e9 apaixonado pela natureza e por experi\u00eancias ativas, esse passeio de caiaque \u00e9 uma das melhores maneiras de explorar Bariloche.<br data-start=\"697\" data-end=\"700\" \/>Reme entre montanhas, cercado por florestas patag\u00f4nicas e \u00e1guas cristalinas, em um ambiente que combina aventura, tranquilidade e paisagens espetaculares.<\/p>\n<p data-start=\"852\" data-end=\"1120\">N\u00e3o \u00e9 necess\u00e1rio ter experi\u00eancia pr\u00e9via: nossos guias profissionais o acompanham durante todo o passeio, garantindo seguran\u00e7a e divers\u00e3o.<br data-start=\"989\" data-end=\"992\" \/>Ideal para quem gosta de turismo de aventura, busca se desconectar do barulho e conhecer a Patag\u00f4nia em sua ess\u00eancia natural.<\/p>\n<h3 data-start=\"1127\" data-end=\"1144\"><strong data-start=\"1131\" data-end=\"1144\">Passeio<\/strong><\/h3>\n<p data-start=\"1146\" data-end=\"1450\">Hor\u00e1rios: 11:00 \u00e0s 14:20 aprox. \/ 13:00 \u00e0s 16:20 aprox.<br data-start=\"1199\" data-end=\"1202\" \/>O passeio sai do centro de Bariloche em dire\u00e7\u00e3o \u00e0 \u00e1rea do Circuito Chico.<br data-start=\"1283\" data-end=\"1286\" \/>Uma vez no Lago Moreno, voc\u00ea passear\u00e1 de caiaque por suas \u00e1guas calmas, com paradas estrat\u00e9gicas para apreciar a paisagem, descansar e tirar fotos.<\/p>\n<h3 data-start=\"1457\" data-end=\"1483\"><strong data-start=\"1461\" data-end=\"1483\">Local da reuni\u00e3o<\/strong><\/h3>\n<p data-start=\"1485\" data-end=\"1663\">Hot\u00e9is e pontos de encontro localizados desde o centro de Bariloche at\u00e9 o km 18 da Av. Bustillo ou Av. Pioneros.<br data-start=\"1599\" data-end=\"1602\" \/>Outros pontos de partida, favor consultar no momento da reserva.<\/p>\n<h3 data-start=\"1670\" data-end=\"1685\"><strong data-start=\"1674\" data-end=\"1685\">Inclui<\/strong><\/h3>\n<ul data-start=\"1687\" data-end=\"1930\">\n<li data-start=\"1687\" data-end=\"1738\">\n<p data-start=\"1689\" data-end=\"1738\">Caiaque Sit On Top (confort\u00e1vel, est\u00e1vel e seguro).<\/p>\n<\/li>\n<li data-start=\"1739\" data-end=\"1816\">\n<p data-start=\"1741\" data-end=\"1816\">Equipamento t\u00e9cnico completo: colete salva-vidas, remo e jaqueta imperme\u00e1vel.<\/p>\n<\/li>\n<li data-start=\"1817\" data-end=\"1879\">\n<p data-start=\"1819\" data-end=\"1879\">Guias profissionais especializados em atividades ao ar livre.<\/p>\n<\/li>\n<li data-start=\"1880\" data-end=\"1930\">\n<p data-start=\"1882\" data-end=\"1930\">Traslados de e para o ponto de encontro.<\/p>\n<\/li>\n<\/ul>\n<h3 data-start=\"1937\" data-end=\"1955\"><strong data-start=\"1941\" data-end=\"1955\">N\u00e3o inclui<\/strong><\/h3>\n<ul data-start=\"1957\" data-end=\"2039\">\n<li data-start=\"1957\" data-end=\"1980\">\n<p data-start=\"1959\" data-end=\"1980\">Sem alimentos ou bebidas.<\/p>\n<\/li>\n<li data-start=\"1981\" data-end=\"2039\">\n<p data-start=\"1983\" data-end=\"2039\">Roupas pessoais (recomendamos levar um casaco quente e uma muda de roupa seca).<\/p>\n<\/li>\n<\/ul>\n<h3 data-start=\"2183\" data-end=\"2206\"><strong data-start=\"2187\" data-end=\"2206\">Recomenda\u00e7\u00f5es<\/strong><\/h3>\n<ul data-start=\"2208\" data-end=\"2413\">\n<li data-start=\"2208\" data-end=\"2265\">\n<p data-start=\"2210\" data-end=\"2265\">Roupas esportivas ou confort\u00e1veis, sapatos fechados ou ajust\u00e1veis.<\/p>\n<\/li>\n<li data-start=\"2266\" data-end=\"2326\">\n<p data-start=\"2268\" data-end=\"2326\">Troca de roupas secas e agasalhos para depois da atividade.<\/p>\n<\/li>\n<li data-start=\"2327\" data-end=\"2385\">\n<p data-start=\"2329\" data-end=\"2385\">Protetor solar, bon\u00e9 e \u00f3culos de sol com fecho.<\/p>\n<\/li>\n<li data-start=\"2386\" data-end=\"2413\">\n<p data-start=\"2388\" data-end=\"2413\">Carteira de identidade.<\/p>\n<\/li>\n<\/ul>\n<p data-start=\"2415\" data-end=\"2520\">N\u00e3o \u00e9 necess\u00e1rio ter experi\u00eancia anterior. Atividade adequada para adultos e crian\u00e7as acompanhadas a partir de 4 anos de idade.<\/p>\n<h3 data-start=\"2527\" data-end=\"2555\"><strong data-start=\"2531\" data-end=\"2555\">Perguntas frequentes<\/strong><\/h3>\n<p data-start=\"2557\" data-end=\"2677\"><strong data-start=\"2557\" data-end=\"2587\">Que tipo de caiaque \u00e9 usado?<\/strong><br data-start=\"2587\" data-end=\"2590\" \/>Usamos caiaques Sit On Top, largos e est\u00e1veis, ideais para viagens recreativas.<\/p>\n<p data-start=\"2679\" data-end=\"2813\"><strong data-start=\"2679\" data-end=\"2708\">\u00c9 necess\u00e1rio ter experi\u00eancia?<\/strong><br data-start=\"2708\" data-end=\"2711\" \/>N\u00e3o, os guias d\u00e3o uma breve instru\u00e7\u00e3o antes de come\u00e7ar e o acompanham durante toda a atividade.<\/p>\n<p data-start=\"2815\" data-end=\"2933\"><strong data-start=\"2815\" data-end=\"2839\">O que acontece se chover?<\/strong><br data-start=\"2839\" data-end=\"2842\" \/>A atividade ocorre mesmo sob chuva torrencial, exceto em condi\u00e7\u00f5es clim\u00e1ticas extremas.<\/p>\n<p data-start=\"2935\" data-end=\"3089\"><strong data-start=\"2935\" data-end=\"2967\">\u00c9 uma experi\u00eancia intensa?<\/strong><br data-start=\"2967\" data-end=\"2970\" \/>\u00c9 uma atividade de baixa dificuldade, perfeita para aproveitar o ambiente natural sem exigir muito esfor\u00e7o f\u00edsico.<\/p>","protected":false},"excerpt":{"rendered":"<p>Vivi uma experi\u00eancia \u00fanica de<strong> Passeio de caiaque no Lago Moreno com o Adventure Center<\/strong>.<br data-start=\"4042\" data-end=\"4045\" \/>Natureza, a\u00e7\u00e3o e paisagens de tirar o f\u00f4lego em uma aventura inesquec\u00edvel ao ar livre.<\/p>","protected":false},"featured_media":379175,"comment_status":"open","ping_status":"closed","template":"","meta":[],"product_brand":[],"product_cat":[85,84,70,79,73,90,101,83],"product_tag":[],"class_list":{"0":"post-376944","1":"product","2":"type-product","3":"status-publish","4":"has-post-thumbnail","6":"product_cat-adultos","7":"product_cat-aventura","8":"product_cat-con-traslado","9":"product_cat-familia","10":"product_cat-lacustre","11":"product_cat-ninos","12":"product_cat-sin-comida","13":"product_cat-todo-el-ano","15":"first","16":"instock","17":"virtual","18":"sold-individually","19":"purchasable","20":"product-type-booking"},"booking_location":"","booking_location_type":"","booking_duration":1,"booking_duration_unit":"hour","booking_buffer":0,"booking_cost":0,"booking_resources":[],"exclude_global_add_ons":false,"addons":[{"name":"ADU | Adulto","type":"input_multiplier","position":0,"required":false,"title_format":"label","default":"","description_enable":false,"description":"","placeholder_enable":false,"placeholder":"","display":"select","restrictions_type":"any_text","adjust_price":true,"price":"107400","price_type":"quantity_based","restrictions":false,"min":"0","max":"0","options":[],"id":1773074737},{"name":"MEN512 | 5 a 12","type":"input_multiplier","position":1,"required":false,"title_format":"label","default":"","description_enable":false,"description":"","placeholder_enable":false,"placeholder":"","display":"select","restrictions_type":"any_text","adjust_price":true,"price":"107400","price_type":"quantity_based","restrictions":false,"min":"0","max":"0","options":[],"id":1773075048}],"yoast_head":"<!-- This site is optimized with the Yoast SEO Premium plugin v24.5 (Yoast SEO v24.8) - https:\/\/yoast.com\/wordpress\/plugins\/seo\/ -->\n<title>Kayak por el Lago Moreno en Bariloche | Adventure Center<\/title>\n<meta name=\"description\" content=\"Viv\u00ed una experiencia de kayak en Bariloche. Aventura, naturaleza y paisajes \u00fanicos del Lago Moreno para disfrutar la Patagonia de forma activa.\" \/>\n<meta name=\"robots\" content=\"index, follow, max-snippet:-1, max-image-preview:large, max-video-preview:-1\" \/>\n<link rel=\"canonical\" href=\"https:\/\/adventurecenter.com.ar\/pt\/product\/passeio-de-caiaque-no-lago-gutierrez\/\" \/>\n<meta property=\"og:locale\" content=\"pt_BR\" \/>\n<meta property=\"og:type\" content=\"article\" \/>\n<meta property=\"og:title\" content=\"Kayak por el Lago Moreno\" \/>\n<meta property=\"og:description\" content=\"Viv\u00ed una experiencia de kayak en Bariloche. Aventura, naturaleza y paisajes \u00fanicos del Lago Moreno para disfrutar la Patagonia de forma activa.\" \/>\n<meta property=\"og:url\" content=\"https:\/\/adventurecenter.com.ar\/pt\/product\/passeio-de-caiaque-no-lago-gutierrez\/\" \/>\n<meta property=\"og:site_name\" content=\"Adventure Center\" \/>\n<meta property=\"article:modified_time\" content=\"2026-04-22T13:24:09+00:00\" \/>\n<meta property=\"og:image\" content=\"https:\/\/adventurecenter.com.ar\/wp-content\/uploads\/2025\/03\/1-D-GOPR1139-scaled.jpg\" \/>\n\t<meta property=\"og:image:width\" content=\"1847\" \/>\n\t<meta property=\"og:image:height\" content=\"2560\" \/>\n\t<meta property=\"og:image:type\" content=\"image\/jpeg\" \/>\n<meta name=\"twitter:card\" content=\"summary_large_image\" \/>\n<meta name=\"twitter:label1\" content=\"Pre\u00e7o\" \/>\n\t<meta name=\"twitter:data1\" content=\"&#036;&nbsp;107.400,00\" \/>\n\t<meta name=\"twitter:label2\" content=\"Disponibilidade\" \/>\n\t<meta name=\"twitter:data2\" content=\"Em Estoque\" \/>\n<script type=\"application\/ld+json\" class=\"yoast-schema-graph\">{\"@context\":\"https:\/\/schema.org\",\"@graph\":[{\"@type\":[\"WebPage\",\"ItemPage\"],\"@id\":\"https:\/\/adventurecenter.com.ar\/product\/experiencia-kayak-lago-moreno-bariloche\/\",\"url\":\"https:\/\/adventurecenter.com.ar\/product\/experiencia-kayak-lago-moreno-bariloche\/\",\"name\":\"Kayak por el Lago Moreno en Bariloche | Adventure Center\",\"isPartOf\":{\"@id\":\"https:\/\/adventurecenter.com.ar\/#website\"},\"primaryImageOfPage\":{\"@id\":\"https:\/\/adventurecenter.com.ar\/product\/experiencia-kayak-lago-moreno-bariloche\/#primaryimage\"},\"image\":{\"@id\":\"https:\/\/adventurecenter.com.ar\/product\/experiencia-kayak-lago-moreno-bariloche\/#primaryimage\"},\"thumbnailUrl\":\"https:\/\/adventurecenter.com.ar\/wp-content\/uploads\/2025\/03\/1-D-GOPR1139-scaled.jpg\",\"datePublished\":\"2025-03-20T23:34:53+00:00\",\"dateModified\":\"2026-04-22T13:24:09+00:00\",\"description\":\"Viv\u00ed una experiencia de kayak en Bariloche. Aventura, naturaleza y paisajes \u00fanicos del Lago Moreno para disfrutar la Patagonia de forma activa.\",\"breadcrumb\":{\"@id\":\"https:\/\/adventurecenter.com.ar\/product\/experiencia-kayak-lago-moreno-bariloche\/#breadcrumb\"},\"inLanguage\":\"pt-BR\",\"potentialAction\":[{\"@type\":\"ReadAction\",\"target\":[\"https:\/\/adventurecenter.com.ar\/product\/experiencia-kayak-lago-moreno-bariloche\/\"]}]},{\"@type\":\"ImageObject\",\"inLanguage\":\"pt-BR\",\"@id\":\"https:\/\/adventurecenter.com.ar\/product\/experiencia-kayak-lago-moreno-bariloche\/#primaryimage\",\"url\":\"https:\/\/adventurecenter.com.ar\/wp-content\/uploads\/2025\/03\/1-D-GOPR1139-scaled.jpg\",\"contentUrl\":\"https:\/\/adventurecenter.com.ar\/wp-content\/uploads\/2025\/03\/1-D-GOPR1139-scaled.jpg\",\"width\":1847,\"height\":2560,\"caption\":\"DCIM100GOPROGOPR1139.JPG\"},{\"@type\":\"BreadcrumbList\",\"@id\":\"https:\/\/adventurecenter.com.ar\/product\/experiencia-kayak-lago-moreno-bariloche\/#breadcrumb\",\"itemListElement\":[{\"@type\":\"ListItem\",\"position\":1,\"name\":\"Home\",\"item\":\"https:\/\/adventurecenter.com.ar\/\"},{\"@type\":\"ListItem\",\"position\":2,\"name\":\"Lista de excursiones\",\"item\":\"https:\/\/adventurecenter.com.ar\/shop\/\"},{\"@type\":\"ListItem\",\"position\":3,\"name\":\"Kayak por el Lago Moreno\"}]},{\"@type\":\"WebSite\",\"@id\":\"https:\/\/adventurecenter.com.ar\/#website\",\"url\":\"https:\/\/adventurecenter.com.ar\/\",\"name\":\"Adventure Center\",\"description\":\"Turismo en Bariloche Patagonia Argentina\",\"publisher\":{\"@id\":\"https:\/\/adventurecenter.com.ar\/#organization\"},\"potentialAction\":[{\"@type\":\"SearchAction\",\"target\":{\"@type\":\"EntryPoint\",\"urlTemplate\":\"https:\/\/adventurecenter.com.ar\/?s={search_term_string}\"},\"query-input\":{\"@type\":\"PropertyValueSpecification\",\"valueRequired\":true,\"valueName\":\"search_term_string\"}}],\"inLanguage\":\"pt-BR\"},{\"@type\":\"Organization\",\"@id\":\"https:\/\/adventurecenter.com.ar\/#organization\",\"name\":\"Adventure Center\",\"url\":\"https:\/\/adventurecenter.com.ar\/\",\"logo\":{\"@type\":\"ImageObject\",\"inLanguage\":\"pt-BR\",\"@id\":\"https:\/\/adventurecenter.com.ar\/#\/schema\/logo\/image\/\",\"url\":\"https:\/\/adventurecenter.com.ar\/wp-content\/uploads\/2022\/10\/logo-definitivo-copia.png\",\"contentUrl\":\"https:\/\/adventurecenter.com.ar\/wp-content\/uploads\/2022\/10\/logo-definitivo-copia.png\",\"width\":150,\"height\":55,\"caption\":\"Adventure Center\"},\"image\":{\"@id\":\"https:\/\/adventurecenter.com.ar\/#\/schema\/logo\/image\/\"}}]}<\/script>\n<meta property=\"product:price:amount\" content=\"107400.00\" \/>\n<meta property=\"product:price:currency\" content=\"ARS\" \/>\n<meta property=\"og:availability\" content=\"instock\" \/>\n<meta property=\"product:availability\" content=\"instock\" \/>\n<meta property=\"product:retailer_item_id\" content=\"ADV2025TRENKAH9J5\" \/>\n<meta property=\"product:condition\" content=\"new\" \/>\n<!-- \/ Yoast SEO Premium plugin. -->","yoast_head_json":{"title":"Caiaque no Lago Moreno em Bariloche | Centro de Aventura","description":"Viva uma experi\u00eancia de caiaque em Bariloche. Aventura, natureza e paisagens \u00fanicas do Lago Moreno para desfrutar da Patag\u00f4nia de forma ativa.","robots":{"index":"index","follow":"follow","max-snippet":"max-snippet:-1","max-image-preview":"max-image-preview:large","max-video-preview":"max-video-preview:-1"},"canonical":"https:\/\/adventurecenter.com.ar\/pt\/product\/passeio-de-caiaque-no-lago-gutierrez\/","og_locale":"pt_BR","og_type":"article","og_title":"Kayak por el Lago Moreno","og_description":"Viv\u00ed una experiencia de kayak en Bariloche. Aventura, naturaleza y paisajes \u00fanicos del Lago Moreno para disfrutar la Patagonia de forma activa.","og_url":"https:\/\/adventurecenter.com.ar\/pt\/product\/passeio-de-caiaque-no-lago-gutierrez\/","og_site_name":"Adventure Center","article_modified_time":"2026-04-22T13:24:09+00:00","og_image":[{"width":1847,"height":2560,"url":"https:\/\/adventurecenter.com.ar\/wp-content\/uploads\/2025\/03\/1-D-GOPR1139-scaled.jpg","type":"image\/jpeg"}],"twitter_card":"summary_large_image","twitter_misc":{"Pre\u00e7o":"&#36;&nbsp;107.400,00","Disponibilidade":"Em Estoque"},"schema":{"@context":"https:\/\/schema.org","@graph":[{"@type":["WebPage","ItemPage"],"@id":"https:\/\/adventurecenter.com.ar\/product\/experiencia-kayak-lago-moreno-bariloche\/","url":"https:\/\/adventurecenter.com.ar\/product\/experiencia-kayak-lago-moreno-bariloche\/","name":"Caiaque no Lago Moreno em Bariloche | Centro de Aventura","isPartOf":{"@id":"https:\/\/adventurecenter.com.ar\/#website"},"primaryImageOfPage":{"@id":"https:\/\/adventurecenter.com.ar\/product\/experiencia-kayak-lago-moreno-bariloche\/#primaryimage"},"image":{"@id":"https:\/\/adventurecenter.com.ar\/product\/experiencia-kayak-lago-moreno-bariloche\/#primaryimage"},"thumbnailUrl":"https:\/\/adventurecenter.com.ar\/wp-content\/uploads\/2025\/03\/1-D-GOPR1139-scaled.jpg","datePublished":"2025-03-20T23:34:53+00:00","dateModified":"2026-04-22T13:24:09+00:00","description":"Viva uma experi\u00eancia de caiaque em Bariloche. Aventura, natureza e paisagens \u00fanicas do Lago Moreno para desfrutar da Patag\u00f4nia de forma ativa.","breadcrumb":{"@id":"https:\/\/adventurecenter.com.ar\/product\/experiencia-kayak-lago-moreno-bariloche\/#breadcrumb"},"inLanguage":"pt-BR","potentialAction":[{"@type":"ReadAction","target":["https:\/\/adventurecenter.com.ar\/product\/experiencia-kayak-lago-moreno-bariloche\/"]}]},{"@type":"ImageObject","inLanguage":"pt-BR","@id":"https:\/\/adventurecenter.com.ar\/product\/experiencia-kayak-lago-moreno-bariloche\/#primaryimage","url":"https:\/\/adventurecenter.com.ar\/wp-content\/uploads\/2025\/03\/1-D-GOPR1139-scaled.jpg","contentUrl":"https:\/\/adventurecenter.com.ar\/wp-content\/uploads\/2025\/03\/1-D-GOPR1139-scaled.jpg","width":1847,"height":2560,"caption":"DCIM100GOPROGOPR1139.JPG"},{"@type":"BreadcrumbList","@id":"https:\/\/adventurecenter.com.ar\/product\/experiencia-kayak-lago-moreno-bariloche\/#breadcrumb","itemListElement":[{"@type":"ListItem","position":1,"name":"Home","item":"https:\/\/adventurecenter.com.ar\/"},{"@type":"ListItem","position":2,"name":"Lista de excursiones","item":"https:\/\/adventurecenter.com.ar\/shop\/"},{"@type":"ListItem","position":3,"name":"Kayak por el Lago Moreno"}]},{"@type":"WebSite","@id":"https:\/\/adventurecenter.com.ar\/#website","url":"https:\/\/adventurecenter.com.ar\/","name":"Centro de Aventura","description":"Turismo em Bariloche Patag\u00f4nia Argentina","publisher":{"@id":"https:\/\/adventurecenter.com.ar\/#organization"},"potentialAction":[{"@type":"SearchAction","target":{"@type":"EntryPoint","urlTemplate":"https:\/\/adventurecenter.com.ar\/?s={search_term_string}"},"query-input":{"@type":"PropertyValueSpecification","valueRequired":true,"valueName":"search_term_string"}}],"inLanguage":"pt-BR"},{"@type":"Organization","@id":"https:\/\/adventurecenter.com.ar\/#organization","name":"Centro de Aventura","url":"https:\/\/adventurecenter.com.ar\/","logo":{"@type":"ImageObject","inLanguage":"pt-BR","@id":"https:\/\/adventurecenter.com.ar\/#\/schema\/logo\/image\/","url":"https:\/\/adventurecenter.com.ar\/wp-content\/uploads\/2022\/10\/logo-definitivo-copia.png","contentUrl":"https:\/\/adventurecenter.com.ar\/wp-content\/uploads\/2022\/10\/logo-definitivo-copia.png","width":150,"height":55,"caption":"Adventure Center"},"image":{"@id":"https:\/\/adventurecenter.com.ar\/#\/schema\/logo\/image\/"}}]},"product_price_amount":"107400.00","product_price_currency":"ARS","og_availability":"instock","product_availability":"instock","product_retailer_item_id":"ADV2025TRENKAH9J5","product_condition":"new"},"_links":{"self":[{"href":"https:\/\/adventurecenter.com.ar\/pt\/wp-json\/wp\/v2\/product\/376944","targetHints":{"allow":["GET"]}}],"collection":[{"href":"https:\/\/adventurecenter.com.ar\/pt\/wp-json\/wp\/v2\/product"}],"about":[{"href":"https:\/\/adventurecenter.com.ar\/pt\/wp-json\/wp\/v2\/types\/product"}],"replies":[{"embeddable":true,"href":"https:\/\/adventurecenter.com.ar\/pt\/wp-json\/wp\/v2\/comments?post=376944"}],"wp:featuredmedia":[{"embeddable":true,"href":"https:\/\/adventurecenter.com.ar\/pt\/wp-json\/wp\/v2\/media\/379175"}],"wp:attachment":[{"href":"https:\/\/adventurecenter.com.ar\/pt\/wp-json\/wp\/v2\/media?parent=376944"}],"wp:term":[{"taxonomy":"product_brand","embeddable":true,"href":"https:\/\/adventurecenter.com.ar\/pt\/wp-json\/wp\/v2\/product_brand?post=376944"},{"taxonomy":"product_cat","embeddable":true,"href":"https:\/\/adventurecenter.com.ar\/pt\/wp-json\/wp\/v2\/product_cat?post=376944"},{"taxonomy":"product_tag","embeddable":true,"href":"https:\/\/adventurecenter.com.ar\/pt\/wp-json\/wp\/v2\/product_tag?post=376944"}],"curies":[{"name":"wp","href":"https:\/\/api.w.org\/{rel}","templated":true}]}}