{"id":376941,"date":"2025-03-20T20:33:56","date_gmt":"2025-03-20T23:33:56","guid":{"rendered":"https:\/\/adventurecenter.com.ar\/?post_type=product&#038;p=376941"},"modified":"2026-04-09T09:13:37","modified_gmt":"2026-04-09T12:13:37","slug":"cabalgata-por-coihues-bariloche","status":"publish","type":"product","link":"https:\/\/adventurecenter.com.ar\/pt\/product\/passeio-na-floresta-de-cohiues\/","title":{"rendered":"Passeio a cavalo com vista para o Cerro Lopez - Aventura entre as florestas e os mirantes do Circuito Chico"},"content":{"rendered":"<h2 class=\"ai-optimize-6\">Experimente a Patag\u00f4nia em seu lado mais natural com uma cavalgada que combina a\u00e7\u00e3o calma, paisagens \u00fanicas e <strong data-start=\"10405\" data-end=\"10442\">vistas panor\u00e2micas do Cerro Lopez<\/strong>.<\/h2>\n<p data-start=\"10447\" data-end=\"10740\">O passeio come\u00e7a com o traslado do centro de Bariloche para o acampamento na montanha, onde os guias locais preparam cada participante e os cavalos.<br data-start=\"10610\" data-end=\"10613\" \/>Durante a caminhada, os caminhos passam por \u00e1rvores, prados e mirantes naturais que oferecem cart\u00f5es postais inesquec\u00edveis.<\/p>\n<p data-start=\"10742\" data-end=\"10973\">O ar fresco, o som do vento e o ambiente natural acompanham cada passo dessa experi\u00eancia ao ar livre.<br data-start=\"10852\" data-end=\"10855\" \/>No final do dia, o parador rural oferece uma pausa \u00e0 beira da fogueira, com o sabor t\u00edpico das tortas fritas da Patag\u00f4nia.<\/p>\n<p data-start=\"10975\" data-end=\"11095\">Uma experi\u00eancia ao ar livre ideal para quem gosta de contato direto com a natureza e a energia das montanhas.<\/p>\n<p data-start=\"11097\" data-end=\"11255\"><strong data-start=\"11097\" data-end=\"11109\">Ele inclui:<\/strong> Passeios a cavalo guiados, equipamentos e traslados do centro de Bariloche.<br data-start=\"11182\" data-end=\"11185\" \/><strong data-start=\"11185\" data-end=\"11200\">N\u00e3o inclu\u00eddo:<\/strong> Refei\u00e7\u00f5es e bebidas (opcional no Parador Rural).<\/p>\n<p data-start=\"11257\" data-end=\"11388\"><strong data-start=\"11257\" data-end=\"11281\">Perguntas frequentes<\/strong><br data-start=\"11281\" data-end=\"11284\" \/><strong>Preciso de experi\u00eancia anterior?<\/strong><br data-start=\"11313\" data-end=\"11316\" \/>N\u00e3o, os cavalos s\u00e3o mansos e o curso \u00e9 adequado para iniciantes.<\/p>\n<p data-start=\"11390\" data-end=\"11491\"><strong>O que devo levar?<\/strong><br data-start=\"11407\" data-end=\"11410\" \/>Roupas confort\u00e1veis, cal\u00e7as compridas, sapatos fechados, casaco leve e protetor solar.<\/p>\n<p data-start=\"11493\" data-end=\"11563\"><strong>As crian\u00e7as podem ir?<\/strong><br data-start=\"11510\" data-end=\"11513\" \/>Sim, a partir de 5 anos de idade, acompanhado por um adulto.<\/p>","protected":false},"excerpt":{"rendered":"<p>Percorra as trilhas do Cerro Lopez e descubra uma das experi\u00eancias mais aut\u00eanticas de Bariloche.<br data-start=\"842\" data-end=\"845\" \/>Entre florestas, mirantes e o som do vento, essa excurs\u00e3o guiada por baqueanos locais o conecta com a ess\u00eancia da Patag\u00f4nia.<\/p>","protected":false},"featured_media":380427,"comment_status":"open","ping_status":"closed","template":"","meta":[],"product_brand":[],"product_cat":[85,84,70,79,90,101,83],"product_tag":[],"class_list":{"0":"post-376941","1":"product","2":"type-product","3":"status-publish","4":"has-post-thumbnail","6":"product_cat-adultos","7":"product_cat-aventura","8":"product_cat-con-traslado","9":"product_cat-familia","10":"product_cat-ninos","11":"product_cat-sin-comida","12":"product_cat-todo-el-ano","14":"first","15":"instock","16":"virtual","17":"sold-individually","18":"purchasable","19":"product-type-booking"},"booking_location":"","booking_location_type":"","booking_duration":1,"booking_duration_unit":"hour","booking_buffer":0,"booking_cost":0,"booking_resources":[],"exclude_global_add_ons":false,"addons":[{"name":"STD: Passageiros","type":"input_multiplier","position":0,"required":false,"title_format":"label","default":"","description_enable":false,"description":"","placeholder_enable":false,"placeholder":"","display":"select","restrictions_type":"any_text","adjust_price":true,"price":"119400","price_type":"quantity_based","restrictions":false,"min":"0","max":"0","options":[],"id":1773235029},{"name":"EXTRA: acompanhante","type":"input_multiplier","position":1,"required":false,"title_format":"label","default":"","description_enable":false,"description":"","placeholder_enable":false,"placeholder":"","display":"select","restrictions_type":"any_text","adjust_price":true,"price":"65700","price_type":"quantity_based","restrictions":false,"min":"0","max":"0","options":[],"id":1773235030}],"yoast_head":"<!-- This site is optimized with the Yoast SEO Premium plugin v24.5 (Yoast SEO v24.8) - https:\/\/yoast.com\/wordpress\/plugins\/seo\/ -->\n<title>Aventura a caballo al Cerro L\u00f3pez | Bariloche - Adventure Center<\/title>\n<meta name=\"description\" content=\"Aventura a caballo con vista al Cerro L\u00f3pez en Bariloche. Senderos de bosque, miradores y Circuito Chico. Guiada segura y perfecta para compartir en d\u00fao.\" \/>\n<meta name=\"robots\" content=\"index, follow, max-snippet:-1, max-image-preview:large, max-video-preview:-1\" \/>\n<link rel=\"canonical\" href=\"https:\/\/adventurecenter.com.ar\/pt\/product\/passeio-na-floresta-de-cohiues\/\" \/>\n<meta property=\"og:locale\" content=\"pt_BR\" \/>\n<meta property=\"og:type\" content=\"article\" \/>\n<meta property=\"og:title\" content=\"Cabalgata con vista al Cerro L\u00f3pez - Aventura entre bosques y miradores del Circuito Chico\" \/>\n<meta property=\"og:description\" content=\"Aventura a caballo con vista al Cerro L\u00f3pez en Bariloche. Senderos de bosque, miradores y Circuito Chico. Guiada segura y perfecta para compartir en d\u00fao.\" \/>\n<meta property=\"og:url\" content=\"https:\/\/adventurecenter.com.ar\/pt\/product\/passeio-na-floresta-de-cohiues\/\" \/>\n<meta property=\"og:site_name\" content=\"Adventure Center\" \/>\n<meta property=\"article:modified_time\" content=\"2026-04-09T12:13:37+00:00\" \/>\n<meta property=\"og:image\" content=\"https:\/\/adventurecenter.com.ar\/wp-content\/uploads\/2025\/03\/Foto-Cabalgata-ADVC-3-1.png\" \/>\n\t<meta property=\"og:image:width\" content=\"850\" \/>\n\t<meta property=\"og:image:height\" content=\"1133\" \/>\n\t<meta property=\"og:image:type\" content=\"image\/png\" \/>\n<meta name=\"twitter:card\" content=\"summary_large_image\" \/>\n<meta name=\"twitter:label1\" content=\"Pre\u00e7o\" \/>\n\t<meta name=\"twitter:data1\" content=\"&#036;&nbsp;119.400,00\" \/>\n\t<meta name=\"twitter:label2\" content=\"Disponibilidade\" \/>\n\t<meta name=\"twitter:data2\" content=\"Em Estoque\" \/>\n<script type=\"application\/ld+json\" class=\"yoast-schema-graph\">{\"@context\":\"https:\/\/schema.org\",\"@graph\":[{\"@type\":[\"WebPage\",\"ItemPage\"],\"@id\":\"https:\/\/adventurecenter.com.ar\/product\/cabalgata-por-coihues-bariloche\/\",\"url\":\"https:\/\/adventurecenter.com.ar\/product\/cabalgata-por-coihues-bariloche\/\",\"name\":\"Aventura a caballo al Cerro L\u00f3pez | Bariloche - Adventure Center\",\"isPartOf\":{\"@id\":\"https:\/\/adventurecenter.com.ar\/#website\"},\"primaryImageOfPage\":{\"@id\":\"https:\/\/adventurecenter.com.ar\/product\/cabalgata-por-coihues-bariloche\/#primaryimage\"},\"image\":{\"@id\":\"https:\/\/adventurecenter.com.ar\/product\/cabalgata-por-coihues-bariloche\/#primaryimage\"},\"thumbnailUrl\":\"https:\/\/adventurecenter.com.ar\/wp-content\/uploads\/2025\/03\/Foto-Cabalgata-ADVC-3-1.png\",\"datePublished\":\"2025-03-20T23:33:56+00:00\",\"dateModified\":\"2026-04-09T12:13:37+00:00\",\"description\":\"Aventura a caballo con vista al Cerro L\u00f3pez en Bariloche. Senderos de bosque, miradores y Circuito Chico. Guiada segura y perfecta para compartir en d\u00fao.\",\"breadcrumb\":{\"@id\":\"https:\/\/adventurecenter.com.ar\/product\/cabalgata-por-coihues-bariloche\/#breadcrumb\"},\"inLanguage\":\"pt-BR\",\"potentialAction\":[{\"@type\":\"ReadAction\",\"target\":[\"https:\/\/adventurecenter.com.ar\/product\/cabalgata-por-coihues-bariloche\/\"]}]},{\"@type\":\"ImageObject\",\"inLanguage\":\"pt-BR\",\"@id\":\"https:\/\/adventurecenter.com.ar\/product\/cabalgata-por-coihues-bariloche\/#primaryimage\",\"url\":\"https:\/\/adventurecenter.com.ar\/wp-content\/uploads\/2025\/03\/Foto-Cabalgata-ADVC-3-1.png\",\"contentUrl\":\"https:\/\/adventurecenter.com.ar\/wp-content\/uploads\/2025\/03\/Foto-Cabalgata-ADVC-3-1.png\",\"width\":850,\"height\":1133},{\"@type\":\"BreadcrumbList\",\"@id\":\"https:\/\/adventurecenter.com.ar\/product\/cabalgata-por-coihues-bariloche\/#breadcrumb\",\"itemListElement\":[{\"@type\":\"ListItem\",\"position\":1,\"name\":\"Home\",\"item\":\"https:\/\/adventurecenter.com.ar\/\"},{\"@type\":\"ListItem\",\"position\":2,\"name\":\"Lista de excursiones\",\"item\":\"https:\/\/adventurecenter.com.ar\/shop\/\"},{\"@type\":\"ListItem\",\"position\":3,\"name\":\"Cabalgata con vista al Cerro L\u00f3pez &#8211; Aventura entre bosques y miradores del Circuito Chico\"}]},{\"@type\":\"WebSite\",\"@id\":\"https:\/\/adventurecenter.com.ar\/#website\",\"url\":\"https:\/\/adventurecenter.com.ar\/\",\"name\":\"Adventure Center\",\"description\":\"Turismo en Bariloche Patagonia Argentina\",\"publisher\":{\"@id\":\"https:\/\/adventurecenter.com.ar\/#organization\"},\"potentialAction\":[{\"@type\":\"SearchAction\",\"target\":{\"@type\":\"EntryPoint\",\"urlTemplate\":\"https:\/\/adventurecenter.com.ar\/?s={search_term_string}\"},\"query-input\":{\"@type\":\"PropertyValueSpecification\",\"valueRequired\":true,\"valueName\":\"search_term_string\"}}],\"inLanguage\":\"pt-BR\"},{\"@type\":\"Organization\",\"@id\":\"https:\/\/adventurecenter.com.ar\/#organization\",\"name\":\"Adventure Center\",\"url\":\"https:\/\/adventurecenter.com.ar\/\",\"logo\":{\"@type\":\"ImageObject\",\"inLanguage\":\"pt-BR\",\"@id\":\"https:\/\/adventurecenter.com.ar\/#\/schema\/logo\/image\/\",\"url\":\"https:\/\/adventurecenter.com.ar\/wp-content\/uploads\/2022\/10\/logo-definitivo-copia.png\",\"contentUrl\":\"https:\/\/adventurecenter.com.ar\/wp-content\/uploads\/2022\/10\/logo-definitivo-copia.png\",\"width\":150,\"height\":55,\"caption\":\"Adventure Center\"},\"image\":{\"@id\":\"https:\/\/adventurecenter.com.ar\/#\/schema\/logo\/image\/\"}}]}<\/script>\n<meta property=\"product:price:amount\" content=\"119400.00\" \/>\n<meta property=\"product:price:currency\" content=\"ARS\" \/>\n<meta property=\"og:availability\" content=\"instock\" \/>\n<meta property=\"product:availability\" content=\"instock\" \/>\n<meta property=\"product:retailer_item_id\" content=\"ADV2025CAPOELTVE7\" \/>\n<meta property=\"product:condition\" content=\"new\" \/>\n<!-- \/ Yoast SEO Premium plugin. -->","yoast_head_json":{"title":"Aventura a cavalo no Cerro L\u00f3pez - Bariloche - Centro de Aventura","description":"Aventura a cavalo com vista para o Cerro Lopez em Bariloche. Trilhas na floresta, mirantes e Circuito Chico. Guiado com seguran\u00e7a e perfeito para compartilhar em dupla.","robots":{"index":"index","follow":"follow","max-snippet":"max-snippet:-1","max-image-preview":"max-image-preview:large","max-video-preview":"max-video-preview:-1"},"canonical":"https:\/\/adventurecenter.com.ar\/pt\/product\/passeio-na-floresta-de-cohiues\/","og_locale":"pt_BR","og_type":"article","og_title":"Cabalgata con vista al Cerro L\u00f3pez - Aventura entre bosques y miradores del Circuito Chico","og_description":"Aventura a caballo con vista al Cerro L\u00f3pez en Bariloche. Senderos de bosque, miradores y Circuito Chico. Guiada segura y perfecta para compartir en d\u00fao.","og_url":"https:\/\/adventurecenter.com.ar\/pt\/product\/passeio-na-floresta-de-cohiues\/","og_site_name":"Adventure Center","article_modified_time":"2026-04-09T12:13:37+00:00","og_image":[{"width":850,"height":1133,"url":"https:\/\/adventurecenter.com.ar\/wp-content\/uploads\/2025\/03\/Foto-Cabalgata-ADVC-3-1.png","type":"image\/png"}],"twitter_card":"summary_large_image","twitter_misc":{"Pre\u00e7o":"&#36;&nbsp;119.400,00","Disponibilidade":"Em Estoque"},"schema":{"@context":"https:\/\/schema.org","@graph":[{"@type":["WebPage","ItemPage"],"@id":"https:\/\/adventurecenter.com.ar\/product\/cabalgata-por-coihues-bariloche\/","url":"https:\/\/adventurecenter.com.ar\/product\/cabalgata-por-coihues-bariloche\/","name":"Aventura a cavalo no Cerro L\u00f3pez - Bariloche - Centro de Aventura","isPartOf":{"@id":"https:\/\/adventurecenter.com.ar\/#website"},"primaryImageOfPage":{"@id":"https:\/\/adventurecenter.com.ar\/product\/cabalgata-por-coihues-bariloche\/#primaryimage"},"image":{"@id":"https:\/\/adventurecenter.com.ar\/product\/cabalgata-por-coihues-bariloche\/#primaryimage"},"thumbnailUrl":"https:\/\/adventurecenter.com.ar\/wp-content\/uploads\/2025\/03\/Foto-Cabalgata-ADVC-3-1.png","datePublished":"2025-03-20T23:33:56+00:00","dateModified":"2026-04-09T12:13:37+00:00","description":"Aventura a cavalo com vista para o Cerro Lopez em Bariloche. Trilhas na floresta, mirantes e Circuito Chico. Guiado com seguran\u00e7a e perfeito para compartilhar em dupla.","breadcrumb":{"@id":"https:\/\/adventurecenter.com.ar\/product\/cabalgata-por-coihues-bariloche\/#breadcrumb"},"inLanguage":"pt-BR","potentialAction":[{"@type":"ReadAction","target":["https:\/\/adventurecenter.com.ar\/product\/cabalgata-por-coihues-bariloche\/"]}]},{"@type":"ImageObject","inLanguage":"pt-BR","@id":"https:\/\/adventurecenter.com.ar\/product\/cabalgata-por-coihues-bariloche\/#primaryimage","url":"https:\/\/adventurecenter.com.ar\/wp-content\/uploads\/2025\/03\/Foto-Cabalgata-ADVC-3-1.png","contentUrl":"https:\/\/adventurecenter.com.ar\/wp-content\/uploads\/2025\/03\/Foto-Cabalgata-ADVC-3-1.png","width":850,"height":1133},{"@type":"BreadcrumbList","@id":"https:\/\/adventurecenter.com.ar\/product\/cabalgata-por-coihues-bariloche\/#breadcrumb","itemListElement":[{"@type":"ListItem","position":1,"name":"Home","item":"https:\/\/adventurecenter.com.ar\/"},{"@type":"ListItem","position":2,"name":"Lista de excursiones","item":"https:\/\/adventurecenter.com.ar\/shop\/"},{"@type":"ListItem","position":3,"name":"Cabalgata con vista al Cerro L\u00f3pez &#8211; Aventura entre bosques y miradores del Circuito Chico"}]},{"@type":"WebSite","@id":"https:\/\/adventurecenter.com.ar\/#website","url":"https:\/\/adventurecenter.com.ar\/","name":"Centro de Aventura","description":"Turismo em Bariloche Patag\u00f4nia Argentina","publisher":{"@id":"https:\/\/adventurecenter.com.ar\/#organization"},"potentialAction":[{"@type":"SearchAction","target":{"@type":"EntryPoint","urlTemplate":"https:\/\/adventurecenter.com.ar\/?s={search_term_string}"},"query-input":{"@type":"PropertyValueSpecification","valueRequired":true,"valueName":"search_term_string"}}],"inLanguage":"pt-BR"},{"@type":"Organization","@id":"https:\/\/adventurecenter.com.ar\/#organization","name":"Centro de Aventura","url":"https:\/\/adventurecenter.com.ar\/","logo":{"@type":"ImageObject","inLanguage":"pt-BR","@id":"https:\/\/adventurecenter.com.ar\/#\/schema\/logo\/image\/","url":"https:\/\/adventurecenter.com.ar\/wp-content\/uploads\/2022\/10\/logo-definitivo-copia.png","contentUrl":"https:\/\/adventurecenter.com.ar\/wp-content\/uploads\/2022\/10\/logo-definitivo-copia.png","width":150,"height":55,"caption":"Adventure Center"},"image":{"@id":"https:\/\/adventurecenter.com.ar\/#\/schema\/logo\/image\/"}}]},"product_price_amount":"119400.00","product_price_currency":"ARS","og_availability":"instock","product_availability":"instock","product_retailer_item_id":"ADV2025CAPOELTVE7","product_condition":"new"},"_links":{"self":[{"href":"https:\/\/adventurecenter.com.ar\/pt\/wp-json\/wp\/v2\/product\/376941","targetHints":{"allow":["GET"]}}],"collection":[{"href":"https:\/\/adventurecenter.com.ar\/pt\/wp-json\/wp\/v2\/product"}],"about":[{"href":"https:\/\/adventurecenter.com.ar\/pt\/wp-json\/wp\/v2\/types\/product"}],"replies":[{"embeddable":true,"href":"https:\/\/adventurecenter.com.ar\/pt\/wp-json\/wp\/v2\/comments?post=376941"}],"wp:featuredmedia":[{"embeddable":true,"href":"https:\/\/adventurecenter.com.ar\/pt\/wp-json\/wp\/v2\/media\/380427"}],"wp:attachment":[{"href":"https:\/\/adventurecenter.com.ar\/pt\/wp-json\/wp\/v2\/media?parent=376941"}],"wp:term":[{"taxonomy":"product_brand","embeddable":true,"href":"https:\/\/adventurecenter.com.ar\/pt\/wp-json\/wp\/v2\/product_brand?post=376941"},{"taxonomy":"product_cat","embeddable":true,"href":"https:\/\/adventurecenter.com.ar\/pt\/wp-json\/wp\/v2\/product_cat?post=376941"},{"taxonomy":"product_tag","embeddable":true,"href":"https:\/\/adventurecenter.com.ar\/pt\/wp-json\/wp\/v2\/product_tag?post=376941"}],"curies":[{"name":"wp","href":"https:\/\/api.w.org\/{rel}","templated":true}]}}