{"id":376939,"date":"2025-03-20T20:33:31","date_gmt":"2025-03-20T23:33:31","guid":{"rendered":"https:\/\/adventurecenter.com.ar\/?post_type=product&#038;p=376939"},"modified":"2026-04-09T09:13:45","modified_gmt":"2026-04-09T12:13:45","slug":"isla-victoria-bosque-arrayanes-bariloche","status":"publish","type":"product","link":"https:\/\/adventurecenter.com.ar\/pt\/product\/ilha-de-victoria-e-floresta-de-arrayanes\/","title":{"rendered":"Isla Victoria e Bosque de Arrayanes com traslado"},"content":{"rendered":"<h2>Explore a Victoria Island e a Enchanted Myrtle Forest<\/h2>\n<p>Aventure-se no cora\u00e7\u00e3o da Patag\u00f4nia com esta fascinante excurs\u00e3o que o levar\u00e1 da pitoresca cidade de Bariloche \u00e0s maravilhas naturais de <strong>Ilha Victoria<\/strong> e o <strong>Floresta Myrtle<\/strong>. A viagem come\u00e7a em <strong>Puerto Pa\u00f1uelo<\/strong>\u00c9 o ponto de partida para uma caminhada inesquec\u00edvel ao longo dos lagos de \u00e1guas cristalinas.<\/p>\n<h3>Descubra o encanto de nosso itiner\u00e1rio<\/h3>\n<p>Comece sua aventura com um passeio de barco de uma hora at\u00e9 a misteriosa pen\u00ednsula de <strong>Quetrihu\u00e9<\/strong>lar da \u00fanica floresta de murta do mundo. Esse lugar, cheio de hist\u00f3rias e magia, inspirou os criadores do famoso filme <em>Bambi<\/em> Disney.<\/p>\n<p>O barco o levar\u00e1 at\u00e9 <strong>Porto de Anchorena<\/strong> em <strong>Ilha Victoria<\/strong>onde voc\u00ea pode caminhar por trilhas repletas de flora nativa e descobrir o <strong>Praia de El Toro<\/strong>famosa por suas pinturas rupestres antigas e areia vulc\u00e2nica exclusiva.<\/p>\n<h3>Principais informa\u00e7\u00f5es sobre a experi\u00eancia<\/h3>\n<ul>\n<li><strong>Tipo de atividade:<\/strong> Passeios guiados pelo lago e caminhadas por florestas antigas.<\/li>\n<li><strong>Hor\u00e1rio:<\/strong> Das 13:00 h \u00e0s 19:00 h.<\/li>\n<li><strong>Servi\u00e7os inclu\u00eddos:<\/strong> Traslados de ida e volta, guias especializados na flora e fauna locais.<\/li>\n<li><strong>Observa\u00e7\u00f5es importantes:<\/strong> A alimenta\u00e7\u00e3o n\u00e3o est\u00e1 inclu\u00edda, mas h\u00e1 v\u00e1rios paradores; as taxas do parque e de embarque devem ser pagas no local.<\/li>\n<\/ul>\n<p>Uma oportunidade \u00fanica de mergulhar em um ambiente natural que o cativar\u00e1 com sua beleza. N\u00e3o perca a chance de fazer parte dessa aventura \u00fanica.<\/p>\n<h3>Perguntas frequentes sobre a excurs\u00e3o<\/h3>\n<ul>\n<li><strong>Onde posso pagar as taxas de entrada e de embarque?<\/strong><br \/>\nAs taxas devem ser pagas em dinheiro no dia de sua excurs\u00e3o em Puerto Pa\u00f1uelo. Algumas exce\u00e7\u00f5es se aplicam a residentes locais e grupos especiais.<\/li>\n<li><strong>Os aposentados estrangeiros t\u00eam direito a descontos?<\/strong><br \/>\nInfelizmente, os descontos para aposentados s\u00e3o limitados apenas aos residentes da Argentina. O credenciamento ser\u00e1 solicitado no momento do embarque.<\/li>\n<li><strong>\u00c9 poss\u00edvel comprar comida durante a excurs\u00e3o?<\/strong><br \/>\nSim, h\u00e1 op\u00e7\u00f5es de alimenta\u00e7\u00e3o dispon\u00edveis no navio e em v\u00e1rios pontos ao longo da rota. Trazer sua pr\u00f3pria comida tamb\u00e9m \u00e9 uma op\u00e7\u00e3o.<\/li>\n<li><strong>Qual embarca\u00e7\u00e3o \u00e9 usada para a travessia?<\/strong><br \/>\nNosso passeio geralmente ocorre no emblem\u00e1tico <strong>Modesta Victoria<\/strong>embora a disponibilidade possa variar.<\/li>\n<\/ul>","protected":false},"excerpt":{"rendered":"<p>Viva uma experi\u00eancia inesquec\u00edvel na Patag\u00f4nia com nossa excurs\u00e3o para <strong>Ilha Victoria<\/strong> e o <strong>Floresta Myrtle<\/strong>. Com traslado inclu\u00eddo, explore paisagens \u00fanicas e trilhas naturais em um fascinante passeio pelo lago, fa\u00e7a sua reserva e descubra a magia desses lugares \u00fanicos!<\/p>","protected":false},"featured_media":379182,"comment_status":"open","ping_status":"closed","template":"","meta":[],"product_brand":[],"product_cat":[85,70,79,71,73,90,101,83],"product_tag":[],"class_list":{"0":"post-376939","1":"product","2":"type-product","3":"status-publish","4":"has-post-thumbnail","6":"product_cat-adultos","7":"product_cat-con-traslado","8":"product_cat-familia","9":"product_cat-jubilados","10":"product_cat-lacustre","11":"product_cat-ninos","12":"product_cat-sin-comida","13":"product_cat-todo-el-ano","15":"first","16":"instock","17":"virtual","18":"sold-individually","19":"purchasable","20":"product-type-booking"},"booking_location":"","booking_location_type":"","booking_duration":60,"booking_duration_unit":"minute","booking_buffer":0,"booking_cost":0,"booking_resources":[],"exclude_global_add_ons":false,"addons":[{"name":"ADU | Adulto","type":"input_multiplier","position":0,"required":false,"title_format":"label","default":"","description_enable":false,"description":"","placeholder_enable":false,"placeholder":"","display":"select","restrictions_type":"any_text","adjust_price":true,"price":"158000","price_type":"quantity_based","restrictions":false,"min":"0","max":"0","options":[],"id":1773234582},{"name":"MEN512 | 5 a 12","type":"input_multiplier","position":1,"required":false,"title_format":"label","default":"","description_enable":false,"description":"","placeholder_enable":false,"placeholder":"","display":"select","restrictions_type":"any_text","adjust_price":true,"price":"92000","price_type":"quantity_based","restrictions":false,"min":"0","max":"0","options":[],"id":1773234583},{"name":"ADUJ : Aposentado","type":"input_multiplier","position":2,"required":false,"title_format":"label","default":"","description_enable":false,"description":"","placeholder_enable":false,"placeholder":"","display":"select","restrictions_type":"any_text","adjust_price":true,"price":"92000","price_type":"quantity_based","restrictions":false,"min":"0","max":"0","options":[],"id":1773234584}],"yoast_head":"<!-- This site is optimized with the Yoast SEO Premium plugin v24.5 (Yoast SEO v24.8) - https:\/\/yoast.com\/wordpress\/plugins\/seo\/ -->\n<title>Isla Victoria y Bosque de Arrayanes | Excursi\u00f3n desde Bariloche - Adventure Center<\/title>\n<meta name=\"description\" content=\"Desde Bariloche, naveg\u00e1 hasta Isla Victoria y el Bosque de Arrayanes. Camin\u00e1 entre \u00e1rboles milenarios y observ\u00e1 la Patagonia desde otra perspectiva.\" \/>\n<meta name=\"robots\" content=\"index, follow, max-snippet:-1, max-image-preview:large, max-video-preview:-1\" \/>\n<link rel=\"canonical\" href=\"https:\/\/adventurecenter.com.ar\/pt\/product\/ilha-de-victoria-e-floresta-de-arrayanes\/\" \/>\n<meta property=\"og:locale\" content=\"pt_BR\" \/>\n<meta property=\"og:type\" content=\"article\" \/>\n<meta property=\"og:title\" content=\"Isla Victoria y Bosque de Arrayanes con Traslado\" \/>\n<meta property=\"og:description\" content=\"Desde Bariloche, naveg\u00e1 hasta Isla Victoria y el Bosque de Arrayanes. Camin\u00e1 entre \u00e1rboles milenarios y observ\u00e1 la Patagonia desde otra perspectiva.\" \/>\n<meta property=\"og:url\" content=\"https:\/\/adventurecenter.com.ar\/pt\/product\/ilha-de-victoria-e-floresta-de-arrayanes\/\" \/>\n<meta property=\"og:site_name\" content=\"Adventure Center\" \/>\n<meta property=\"article:modified_time\" content=\"2026-04-09T12:13:45+00:00\" \/>\n<meta property=\"og:image\" content=\"https:\/\/adventurecenter.com.ar\/wp-content\/uploads\/2025\/03\/1-A-20230902_164753-scaled.jpg\" \/>\n\t<meta property=\"og:image:width\" content=\"1901\" \/>\n\t<meta property=\"og:image:height\" content=\"2560\" \/>\n\t<meta property=\"og:image:type\" content=\"image\/jpeg\" \/>\n<meta name=\"twitter:card\" content=\"summary_large_image\" \/>\n<meta name=\"twitter:label1\" content=\"Pre\u00e7o\" \/>\n\t<meta name=\"twitter:data1\" content=\"&#036;&nbsp;158.000,00\" \/>\n\t<meta name=\"twitter:label2\" content=\"Disponibilidade\" \/>\n\t<meta name=\"twitter:data2\" content=\"Em Estoque\" \/>\n<script type=\"application\/ld+json\" class=\"yoast-schema-graph\">{\"@context\":\"https:\/\/schema.org\",\"@graph\":[{\"@type\":[\"WebPage\",\"ItemPage\"],\"@id\":\"https:\/\/adventurecenter.com.ar\/product\/isla-victoria-bosque-arrayanes-bariloche\/\",\"url\":\"https:\/\/adventurecenter.com.ar\/product\/isla-victoria-bosque-arrayanes-bariloche\/\",\"name\":\"Isla Victoria y Bosque de Arrayanes | Excursi\u00f3n desde Bariloche - Adventure Center\",\"isPartOf\":{\"@id\":\"https:\/\/adventurecenter.com.ar\/#website\"},\"primaryImageOfPage\":{\"@id\":\"https:\/\/adventurecenter.com.ar\/product\/isla-victoria-bosque-arrayanes-bariloche\/#primaryimage\"},\"image\":{\"@id\":\"https:\/\/adventurecenter.com.ar\/product\/isla-victoria-bosque-arrayanes-bariloche\/#primaryimage\"},\"thumbnailUrl\":\"https:\/\/adventurecenter.com.ar\/wp-content\/uploads\/2025\/03\/1-A-20230902_164753-scaled.jpg\",\"datePublished\":\"2025-03-20T23:33:31+00:00\",\"dateModified\":\"2026-04-09T12:13:45+00:00\",\"description\":\"Desde Bariloche, naveg\u00e1 hasta Isla Victoria y el Bosque de Arrayanes. Camin\u00e1 entre \u00e1rboles milenarios y observ\u00e1 la Patagonia desde otra perspectiva.\",\"breadcrumb\":{\"@id\":\"https:\/\/adventurecenter.com.ar\/product\/isla-victoria-bosque-arrayanes-bariloche\/#breadcrumb\"},\"inLanguage\":\"pt-BR\",\"potentialAction\":[{\"@type\":\"ReadAction\",\"target\":[\"https:\/\/adventurecenter.com.ar\/product\/isla-victoria-bosque-arrayanes-bariloche\/\"]}]},{\"@type\":\"ImageObject\",\"inLanguage\":\"pt-BR\",\"@id\":\"https:\/\/adventurecenter.com.ar\/product\/isla-victoria-bosque-arrayanes-bariloche\/#primaryimage\",\"url\":\"https:\/\/adventurecenter.com.ar\/wp-content\/uploads\/2025\/03\/1-A-20230902_164753-scaled.jpg\",\"contentUrl\":\"https:\/\/adventurecenter.com.ar\/wp-content\/uploads\/2025\/03\/1-A-20230902_164753-scaled.jpg\",\"width\":1901,\"height\":2560},{\"@type\":\"BreadcrumbList\",\"@id\":\"https:\/\/adventurecenter.com.ar\/product\/isla-victoria-bosque-arrayanes-bariloche\/#breadcrumb\",\"itemListElement\":[{\"@type\":\"ListItem\",\"position\":1,\"name\":\"Home\",\"item\":\"https:\/\/adventurecenter.com.ar\/\"},{\"@type\":\"ListItem\",\"position\":2,\"name\":\"Lista de excursiones\",\"item\":\"https:\/\/adventurecenter.com.ar\/shop\/\"},{\"@type\":\"ListItem\",\"position\":3,\"name\":\"Isla Victoria y Bosque de Arrayanes con Traslado\"}]},{\"@type\":\"WebSite\",\"@id\":\"https:\/\/adventurecenter.com.ar\/#website\",\"url\":\"https:\/\/adventurecenter.com.ar\/\",\"name\":\"Adventure Center\",\"description\":\"Turismo en Bariloche Patagonia Argentina\",\"publisher\":{\"@id\":\"https:\/\/adventurecenter.com.ar\/#organization\"},\"potentialAction\":[{\"@type\":\"SearchAction\",\"target\":{\"@type\":\"EntryPoint\",\"urlTemplate\":\"https:\/\/adventurecenter.com.ar\/?s={search_term_string}\"},\"query-input\":{\"@type\":\"PropertyValueSpecification\",\"valueRequired\":true,\"valueName\":\"search_term_string\"}}],\"inLanguage\":\"pt-BR\"},{\"@type\":\"Organization\",\"@id\":\"https:\/\/adventurecenter.com.ar\/#organization\",\"name\":\"Adventure Center\",\"url\":\"https:\/\/adventurecenter.com.ar\/\",\"logo\":{\"@type\":\"ImageObject\",\"inLanguage\":\"pt-BR\",\"@id\":\"https:\/\/adventurecenter.com.ar\/#\/schema\/logo\/image\/\",\"url\":\"https:\/\/adventurecenter.com.ar\/wp-content\/uploads\/2022\/10\/logo-definitivo-copia.png\",\"contentUrl\":\"https:\/\/adventurecenter.com.ar\/wp-content\/uploads\/2022\/10\/logo-definitivo-copia.png\",\"width\":150,\"height\":55,\"caption\":\"Adventure Center\"},\"image\":{\"@id\":\"https:\/\/adventurecenter.com.ar\/#\/schema\/logo\/image\/\"}}]}<\/script>\n<meta property=\"product:price:amount\" content=\"158000.00\" \/>\n<meta property=\"product:price:currency\" content=\"ARS\" \/>\n<meta property=\"og:availability\" content=\"instock\" \/>\n<meta property=\"product:availability\" content=\"instock\" \/>\n<meta property=\"product:retailer_item_id\" content=\"ADV2025ISVIYBMX11\" \/>\n<meta property=\"product:condition\" content=\"new\" \/>\n<!-- \/ Yoast SEO Premium plugin. -->","yoast_head_json":{"title":"Ilha Victoria e Bosque de Arrayanes - Excurs\u00e3o desde Bariloche - Centro de Aventura","description":"De Bariloche, navegue at\u00e9 a Ilha Victoria e a Floresta de Arrayanes. Caminhe entre \u00e1rvores antigas e veja a Patag\u00f4nia de uma perspectiva diferente.","robots":{"index":"index","follow":"follow","max-snippet":"max-snippet:-1","max-image-preview":"max-image-preview:large","max-video-preview":"max-video-preview:-1"},"canonical":"https:\/\/adventurecenter.com.ar\/pt\/product\/ilha-de-victoria-e-floresta-de-arrayanes\/","og_locale":"pt_BR","og_type":"article","og_title":"Isla Victoria y Bosque de Arrayanes con Traslado","og_description":"Desde Bariloche, naveg\u00e1 hasta Isla Victoria y el Bosque de Arrayanes. Camin\u00e1 entre \u00e1rboles milenarios y observ\u00e1 la Patagonia desde otra perspectiva.","og_url":"https:\/\/adventurecenter.com.ar\/pt\/product\/ilha-de-victoria-e-floresta-de-arrayanes\/","og_site_name":"Adventure Center","article_modified_time":"2026-04-09T12:13:45+00:00","og_image":[{"width":1901,"height":2560,"url":"https:\/\/adventurecenter.com.ar\/wp-content\/uploads\/2025\/03\/1-A-20230902_164753-scaled.jpg","type":"image\/jpeg"}],"twitter_card":"summary_large_image","twitter_misc":{"Pre\u00e7o":"&#36;&nbsp;158.000,00","Disponibilidade":"Em Estoque"},"schema":{"@context":"https:\/\/schema.org","@graph":[{"@type":["WebPage","ItemPage"],"@id":"https:\/\/adventurecenter.com.ar\/product\/isla-victoria-bosque-arrayanes-bariloche\/","url":"https:\/\/adventurecenter.com.ar\/product\/isla-victoria-bosque-arrayanes-bariloche\/","name":"Ilha Victoria e Bosque de Arrayanes - Excurs\u00e3o desde Bariloche - Centro de Aventura","isPartOf":{"@id":"https:\/\/adventurecenter.com.ar\/#website"},"primaryImageOfPage":{"@id":"https:\/\/adventurecenter.com.ar\/product\/isla-victoria-bosque-arrayanes-bariloche\/#primaryimage"},"image":{"@id":"https:\/\/adventurecenter.com.ar\/product\/isla-victoria-bosque-arrayanes-bariloche\/#primaryimage"},"thumbnailUrl":"https:\/\/adventurecenter.com.ar\/wp-content\/uploads\/2025\/03\/1-A-20230902_164753-scaled.jpg","datePublished":"2025-03-20T23:33:31+00:00","dateModified":"2026-04-09T12:13:45+00:00","description":"De Bariloche, navegue at\u00e9 a Ilha Victoria e a Floresta de Arrayanes. Caminhe entre \u00e1rvores antigas e veja a Patag\u00f4nia de uma perspectiva diferente.","breadcrumb":{"@id":"https:\/\/adventurecenter.com.ar\/product\/isla-victoria-bosque-arrayanes-bariloche\/#breadcrumb"},"inLanguage":"pt-BR","potentialAction":[{"@type":"ReadAction","target":["https:\/\/adventurecenter.com.ar\/product\/isla-victoria-bosque-arrayanes-bariloche\/"]}]},{"@type":"ImageObject","inLanguage":"pt-BR","@id":"https:\/\/adventurecenter.com.ar\/product\/isla-victoria-bosque-arrayanes-bariloche\/#primaryimage","url":"https:\/\/adventurecenter.com.ar\/wp-content\/uploads\/2025\/03\/1-A-20230902_164753-scaled.jpg","contentUrl":"https:\/\/adventurecenter.com.ar\/wp-content\/uploads\/2025\/03\/1-A-20230902_164753-scaled.jpg","width":1901,"height":2560},{"@type":"BreadcrumbList","@id":"https:\/\/adventurecenter.com.ar\/product\/isla-victoria-bosque-arrayanes-bariloche\/#breadcrumb","itemListElement":[{"@type":"ListItem","position":1,"name":"Home","item":"https:\/\/adventurecenter.com.ar\/"},{"@type":"ListItem","position":2,"name":"Lista de excursiones","item":"https:\/\/adventurecenter.com.ar\/shop\/"},{"@type":"ListItem","position":3,"name":"Isla Victoria y Bosque de Arrayanes con Traslado"}]},{"@type":"WebSite","@id":"https:\/\/adventurecenter.com.ar\/#website","url":"https:\/\/adventurecenter.com.ar\/","name":"Centro de Aventura","description":"Turismo em Bariloche Patag\u00f4nia Argentina","publisher":{"@id":"https:\/\/adventurecenter.com.ar\/#organization"},"potentialAction":[{"@type":"SearchAction","target":{"@type":"EntryPoint","urlTemplate":"https:\/\/adventurecenter.com.ar\/?s={search_term_string}"},"query-input":{"@type":"PropertyValueSpecification","valueRequired":true,"valueName":"search_term_string"}}],"inLanguage":"pt-BR"},{"@type":"Organization","@id":"https:\/\/adventurecenter.com.ar\/#organization","name":"Centro de Aventura","url":"https:\/\/adventurecenter.com.ar\/","logo":{"@type":"ImageObject","inLanguage":"pt-BR","@id":"https:\/\/adventurecenter.com.ar\/#\/schema\/logo\/image\/","url":"https:\/\/adventurecenter.com.ar\/wp-content\/uploads\/2022\/10\/logo-definitivo-copia.png","contentUrl":"https:\/\/adventurecenter.com.ar\/wp-content\/uploads\/2022\/10\/logo-definitivo-copia.png","width":150,"height":55,"caption":"Adventure Center"},"image":{"@id":"https:\/\/adventurecenter.com.ar\/#\/schema\/logo\/image\/"}}]},"product_price_amount":"158000.00","product_price_currency":"ARS","og_availability":"instock","product_availability":"instock","product_retailer_item_id":"ADV2025ISVIYBMX11","product_condition":"new"},"_links":{"self":[{"href":"https:\/\/adventurecenter.com.ar\/pt\/wp-json\/wp\/v2\/product\/376939","targetHints":{"allow":["GET"]}}],"collection":[{"href":"https:\/\/adventurecenter.com.ar\/pt\/wp-json\/wp\/v2\/product"}],"about":[{"href":"https:\/\/adventurecenter.com.ar\/pt\/wp-json\/wp\/v2\/types\/product"}],"replies":[{"embeddable":true,"href":"https:\/\/adventurecenter.com.ar\/pt\/wp-json\/wp\/v2\/comments?post=376939"}],"wp:featuredmedia":[{"embeddable":true,"href":"https:\/\/adventurecenter.com.ar\/pt\/wp-json\/wp\/v2\/media\/379182"}],"wp:attachment":[{"href":"https:\/\/adventurecenter.com.ar\/pt\/wp-json\/wp\/v2\/media?parent=376939"}],"wp:term":[{"taxonomy":"product_brand","embeddable":true,"href":"https:\/\/adventurecenter.com.ar\/pt\/wp-json\/wp\/v2\/product_brand?post=376939"},{"taxonomy":"product_cat","embeddable":true,"href":"https:\/\/adventurecenter.com.ar\/pt\/wp-json\/wp\/v2\/product_cat?post=376939"},{"taxonomy":"product_tag","embeddable":true,"href":"https:\/\/adventurecenter.com.ar\/pt\/wp-json\/wp\/v2\/product_tag?post=376939"}],"curies":[{"name":"wp","href":"https:\/\/api.w.org\/{rel}","templated":true}]}}