{"id":376938,"date":"2025-03-20T20:33:15","date_gmt":"2025-03-20T23:33:15","guid":{"rendered":"https:\/\/adventurecenter.com.ar\/?post_type=product&#038;p=376938"},"modified":"2026-04-09T09:13:42","modified_gmt":"2026-04-09T12:13:42","slug":"puerto-blest-cascada-los-cantaros-bariloche","status":"publish","type":"product","link":"https:\/\/adventurecenter.com.ar\/pt\/product\/cachoeira-puerto-blest-los-cantaros-com-traslado\/","title":{"rendered":"Puerto Blest e Cachoeira \"Los Cantaros\" com traslado"},"content":{"rendered":"<h2>Explore a majestade de Puerto Blest e a cachoeira \"Los C\u00e1ntaros\".<\/h2>\n<p>Mergulhe em uma experi\u00eancia \u00fanica na Patag\u00f4nia Argentina. Ao selecionar seu traslado, voc\u00ea partir\u00e1 do cora\u00e7\u00e3o de Bariloche para o ic\u00f4nico Puerto Pa\u00f1uelo, a apenas 25 km do centro da cidade. No caminho, deixe-se cativar pela beleza indescrit\u00edvel da paisagem andina e pela tranquilidade dos lagos patag\u00f4nicos.<\/p>\n<h3>Uma viagem inesquec\u00edvel<\/h3>\n<p>Embarquei em um catamar\u00e3 para navegar por cerca de uma hora. Durante a viagem, descobri a ilhota Centinela, um lugar cheio de hist\u00f3ria que abriga os restos do ilustre Perito Moreno. O passeio culmina nas passarelas que levam ao impressionante <strong>Cachoeira Los C\u00e1ntaros<\/strong>com suas imponentes paredes de granito esculpidas por geleiras, refletindo o poder da natureza.<\/p>\n<h3>Encantamentos de Puerto Blest<\/h3>\n<ul>\n<li><strong>Ba\u00eda de Charme:<\/strong> Admire as vistas de tirar o f\u00f4lego da ba\u00eda e as \u00e1guas esverdeadas do Lago Frias, alimentadas pelas geleiras do majestoso Cerro Tronador.<\/li>\n<li><strong>Caminhadas na floresta tropical de Vald\u00edvia:<\/strong> Ao caminhar por suas trilhas, voc\u00ea se conectar\u00e1 com a rica biodiversidade de um ecossistema \u00fanico no mundo.<\/li>\n<\/ul>\n<h3>Uma aventura memor\u00e1vel<\/h3>\n<p>Sua excurs\u00e3o termina com o retorno ao longo do Brazo Blest, enquanto o Cerro Tronador se despede ao p\u00f4r do sol, proporcionando a imagem perfeita para recordar essa experi\u00eancia.<\/p>\n<h3>Detalhes importantes<\/h3>\n<ul>\n<li><strong>Hor\u00e1rio:<\/strong> Das 9:00 \u00e0s 17:00 horas, aproximadamente.<\/li>\n<li><strong>Ele inclui:<\/strong> Traslado de ida e volta, passeio guiado de catamar\u00e3 e caminhadas guiadas na floresta.<\/li>\n<li><strong>N\u00e3o inclu\u00eddo:<\/strong> Refei\u00e7\u00f5es (h\u00e1 op\u00e7\u00f5es gastron\u00f4micas durante o passeio), taxas de entrada no Parque Nacional e taxas de embarque.<\/li>\n<\/ul>\n<h3>Perguntas frequentes<\/h3>\n<h4>A excurs\u00e3o \u00e9 adequada para todas as idades?<\/h4>\n<p>Sim, o passeio foi projetado para ser apreciado por visitantes de todas as idades.<\/p>\n<h4>Que roupas devo usar?<\/h4>\n<p>Recomenda-se o uso de roupas confort\u00e1veis e cal\u00e7ados adequados para caminhadas, al\u00e9m de um casaco para poss\u00edveis mudan\u00e7as clim\u00e1ticas.<\/p>\n<h4>A cachoeira \"Los C\u00e1ntaros\" \u00e9 acess\u00edvel durante todo o ano?<\/h4>\n<p>Em geral, o passeio est\u00e1 dispon\u00edvel durante todo o ano, mas \u00e9 recomend\u00e1vel verificar a disponibilidade no inverno.<\/p>","protected":false},"excerpt":{"rendered":"<p>Embarque em uma aventura at\u00e9 Puerto Blest e a impressionante cachoeira \"Los C\u00e1ntaros\". Navegue em um catamar\u00e3 no Lago Nahuel Huapi e explore a majestosa floresta tropical valdiviana. Essa viagem oferece paisagens inesquec\u00edveis e momentos de total conex\u00e3o com a natureza. Reserve seu lugar e conhe\u00e7a a Patag\u00f4nia de uma forma incompar\u00e1vel.<\/p>","protected":false},"featured_media":379186,"comment_status":"open","ping_status":"closed","template":"","meta":[],"product_brand":[],"product_cat":[85,70,79,71,73,90,101,83],"product_tag":[],"class_list":{"0":"post-376938","1":"product","2":"type-product","3":"status-publish","4":"has-post-thumbnail","6":"product_cat-adultos","7":"product_cat-con-traslado","8":"product_cat-familia","9":"product_cat-jubilados","10":"product_cat-lacustre","11":"product_cat-ninos","12":"product_cat-sin-comida","13":"product_cat-todo-el-ano","15":"first","16":"instock","17":"virtual","18":"sold-individually","19":"purchasable","20":"product-type-booking"},"booking_location":"","booking_location_type":"","booking_duration":60,"booking_duration_unit":"minute","booking_buffer":0,"booking_cost":0,"booking_resources":[],"exclude_global_add_ons":false,"addons":[{"name":"ADU | Adulto","type":"input_multiplier","position":0,"required":false,"title_format":"label","default":"","description_enable":false,"description":"","placeholder_enable":false,"placeholder":"","display":"select","restrictions_type":"any_text","adjust_price":true,"price":"158000","price_type":"quantity_based","restrictions":false,"min":"0","max":"0","options":[],"id":1773234438},{"name":"MEN512 | 5 a 12","type":"input_multiplier","position":1,"required":false,"title_format":"label","default":"","description_enable":false,"description":"","placeholder_enable":false,"placeholder":"","display":"select","restrictions_type":"any_text","adjust_price":true,"price":"92000","price_type":"quantity_based","restrictions":false,"min":"0","max":"0","options":[],"id":1773234439},{"name":"ADUJ : Aposentado","type":"input_multiplier","position":2,"required":false,"title_format":"label","default":"","description_enable":false,"description":"","placeholder_enable":false,"placeholder":"","display":"select","restrictions_type":"any_text","adjust_price":true,"price":"92000","price_type":"quantity_based","restrictions":false,"min":"0","max":"0","options":[],"id":1773234440}],"yoast_head":"<!-- This site is optimized with the Yoast SEO Premium plugin v24.5 (Yoast SEO v24.8) - https:\/\/yoast.com\/wordpress\/plugins\/seo\/ -->\n<title>Puerto Blest y Cascada Los C\u00e1ntaros | Excursi\u00f3n desde Bariloche - Adventure Center<\/title>\n<meta name=\"description\" content=\"Explor\u00e1 Puerto Blest y la Cascada Los C\u00e1ntaros en una excursi\u00f3n desde Bariloche. Naveg\u00e1 el Nahuel Huapi y camin\u00e1 entre alerces milenarios.\" \/>\n<meta name=\"robots\" content=\"index, follow, max-snippet:-1, max-image-preview:large, max-video-preview:-1\" \/>\n<link rel=\"canonical\" href=\"https:\/\/adventurecenter.com.ar\/pt\/product\/cachoeira-puerto-blest-los-cantaros-com-traslado\/\" \/>\n<meta property=\"og:locale\" content=\"pt_BR\" \/>\n<meta property=\"og:type\" content=\"article\" \/>\n<meta property=\"og:title\" content=\"Puerto Blest y Cascada &quot;Los Cantaros&quot; con traslado\" \/>\n<meta property=\"og:description\" content=\"Explor\u00e1 Puerto Blest y la Cascada Los C\u00e1ntaros en una excursi\u00f3n desde Bariloche. Naveg\u00e1 el Nahuel Huapi y camin\u00e1 entre alerces milenarios.\" \/>\n<meta property=\"og:url\" content=\"https:\/\/adventurecenter.com.ar\/pt\/product\/cachoeira-puerto-blest-los-cantaros-com-traslado\/\" \/>\n<meta property=\"og:site_name\" content=\"Adventure Center\" \/>\n<meta property=\"article:modified_time\" content=\"2026-04-09T12:13:42+00:00\" \/>\n<meta property=\"og:image\" content=\"https:\/\/adventurecenter.com.ar\/wp-content\/uploads\/2025\/03\/1-A-0211209_105801-copia-scaled.jpg\" \/>\n\t<meta property=\"og:image:width\" content=\"1848\" \/>\n\t<meta property=\"og:image:height\" content=\"2560\" \/>\n\t<meta property=\"og:image:type\" content=\"image\/jpeg\" \/>\n<meta name=\"twitter:card\" content=\"summary_large_image\" \/>\n<meta name=\"twitter:label1\" content=\"Pre\u00e7o\" \/>\n\t<meta name=\"twitter:data1\" content=\"&#036;&nbsp;158.000,00\" \/>\n\t<meta name=\"twitter:label2\" content=\"Disponibilidade\" \/>\n\t<meta name=\"twitter:data2\" content=\"Em Estoque\" \/>\n<script type=\"application\/ld+json\" class=\"yoast-schema-graph\">{\"@context\":\"https:\/\/schema.org\",\"@graph\":[{\"@type\":[\"WebPage\",\"ItemPage\"],\"@id\":\"https:\/\/adventurecenter.com.ar\/product\/puerto-blest-cascada-los-cantaros-bariloche\/\",\"url\":\"https:\/\/adventurecenter.com.ar\/product\/puerto-blest-cascada-los-cantaros-bariloche\/\",\"name\":\"Puerto Blest y Cascada Los C\u00e1ntaros | Excursi\u00f3n desde Bariloche - Adventure Center\",\"isPartOf\":{\"@id\":\"https:\/\/adventurecenter.com.ar\/#website\"},\"primaryImageOfPage\":{\"@id\":\"https:\/\/adventurecenter.com.ar\/product\/puerto-blest-cascada-los-cantaros-bariloche\/#primaryimage\"},\"image\":{\"@id\":\"https:\/\/adventurecenter.com.ar\/product\/puerto-blest-cascada-los-cantaros-bariloche\/#primaryimage\"},\"thumbnailUrl\":\"https:\/\/adventurecenter.com.ar\/wp-content\/uploads\/2025\/03\/1-A-0211209_105801-copia-scaled.jpg\",\"datePublished\":\"2025-03-20T23:33:15+00:00\",\"dateModified\":\"2026-04-09T12:13:42+00:00\",\"description\":\"Explor\u00e1 Puerto Blest y la Cascada Los C\u00e1ntaros en una excursi\u00f3n desde Bariloche. Naveg\u00e1 el Nahuel Huapi y camin\u00e1 entre alerces milenarios.\",\"breadcrumb\":{\"@id\":\"https:\/\/adventurecenter.com.ar\/product\/puerto-blest-cascada-los-cantaros-bariloche\/#breadcrumb\"},\"inLanguage\":\"pt-BR\",\"potentialAction\":[{\"@type\":\"ReadAction\",\"target\":[\"https:\/\/adventurecenter.com.ar\/product\/puerto-blest-cascada-los-cantaros-bariloche\/\"]}]},{\"@type\":\"ImageObject\",\"inLanguage\":\"pt-BR\",\"@id\":\"https:\/\/adventurecenter.com.ar\/product\/puerto-blest-cascada-los-cantaros-bariloche\/#primaryimage\",\"url\":\"https:\/\/adventurecenter.com.ar\/wp-content\/uploads\/2025\/03\/1-A-0211209_105801-copia-scaled.jpg\",\"contentUrl\":\"https:\/\/adventurecenter.com.ar\/wp-content\/uploads\/2025\/03\/1-A-0211209_105801-copia-scaled.jpg\",\"width\":1848,\"height\":2560},{\"@type\":\"BreadcrumbList\",\"@id\":\"https:\/\/adventurecenter.com.ar\/product\/puerto-blest-cascada-los-cantaros-bariloche\/#breadcrumb\",\"itemListElement\":[{\"@type\":\"ListItem\",\"position\":1,\"name\":\"Home\",\"item\":\"https:\/\/adventurecenter.com.ar\/\"},{\"@type\":\"ListItem\",\"position\":2,\"name\":\"Lista de excursiones\",\"item\":\"https:\/\/adventurecenter.com.ar\/shop\/\"},{\"@type\":\"ListItem\",\"position\":3,\"name\":\"Puerto Blest y Cascada \u00abLos Cantaros\u00bb con traslado\"}]},{\"@type\":\"WebSite\",\"@id\":\"https:\/\/adventurecenter.com.ar\/#website\",\"url\":\"https:\/\/adventurecenter.com.ar\/\",\"name\":\"Adventure Center\",\"description\":\"Turismo en Bariloche Patagonia Argentina\",\"publisher\":{\"@id\":\"https:\/\/adventurecenter.com.ar\/#organization\"},\"potentialAction\":[{\"@type\":\"SearchAction\",\"target\":{\"@type\":\"EntryPoint\",\"urlTemplate\":\"https:\/\/adventurecenter.com.ar\/?s={search_term_string}\"},\"query-input\":{\"@type\":\"PropertyValueSpecification\",\"valueRequired\":true,\"valueName\":\"search_term_string\"}}],\"inLanguage\":\"pt-BR\"},{\"@type\":\"Organization\",\"@id\":\"https:\/\/adventurecenter.com.ar\/#organization\",\"name\":\"Adventure Center\",\"url\":\"https:\/\/adventurecenter.com.ar\/\",\"logo\":{\"@type\":\"ImageObject\",\"inLanguage\":\"pt-BR\",\"@id\":\"https:\/\/adventurecenter.com.ar\/#\/schema\/logo\/image\/\",\"url\":\"https:\/\/adventurecenter.com.ar\/wp-content\/uploads\/2022\/10\/logo-definitivo-copia.png\",\"contentUrl\":\"https:\/\/adventurecenter.com.ar\/wp-content\/uploads\/2022\/10\/logo-definitivo-copia.png\",\"width\":150,\"height\":55,\"caption\":\"Adventure Center\"},\"image\":{\"@id\":\"https:\/\/adventurecenter.com.ar\/#\/schema\/logo\/image\/\"}}]}<\/script>\n<meta property=\"product:price:amount\" content=\"158000.00\" \/>\n<meta property=\"product:price:currency\" content=\"ARS\" \/>\n<meta property=\"og:availability\" content=\"instock\" \/>\n<meta property=\"product:availability\" content=\"instock\" \/>\n<meta property=\"product:retailer_item_id\" content=\"ADV2025PUBLYCO2Q8\" \/>\n<meta property=\"product:condition\" content=\"new\" \/>\n<!-- \/ Yoast SEO Premium plugin. -->","yoast_head_json":{"title":"Puerto Blest e Cascata Los C\u00e1ntaros - Excurs\u00e3o desde Bariloche - Centro de Aventura","description":"Explore Puerto Blest e a Cachoeira Los C\u00e1ntaros em uma excurs\u00e3o saindo de Bariloche. Navegue pelo Nahuel Huapi e caminhe entre os antigos alerceiros.","robots":{"index":"index","follow":"follow","max-snippet":"max-snippet:-1","max-image-preview":"max-image-preview:large","max-video-preview":"max-video-preview:-1"},"canonical":"https:\/\/adventurecenter.com.ar\/pt\/product\/cachoeira-puerto-blest-los-cantaros-com-traslado\/","og_locale":"pt_BR","og_type":"article","og_title":"Puerto Blest y Cascada \"Los Cantaros\" con traslado","og_description":"Explor\u00e1 Puerto Blest y la Cascada Los C\u00e1ntaros en una excursi\u00f3n desde Bariloche. Naveg\u00e1 el Nahuel Huapi y camin\u00e1 entre alerces milenarios.","og_url":"https:\/\/adventurecenter.com.ar\/pt\/product\/cachoeira-puerto-blest-los-cantaros-com-traslado\/","og_site_name":"Adventure Center","article_modified_time":"2026-04-09T12:13:42+00:00","og_image":[{"width":1848,"height":2560,"url":"https:\/\/adventurecenter.com.ar\/wp-content\/uploads\/2025\/03\/1-A-0211209_105801-copia-scaled.jpg","type":"image\/jpeg"}],"twitter_card":"summary_large_image","twitter_misc":{"Pre\u00e7o":"&#36;&nbsp;158.000,00","Disponibilidade":"Em Estoque"},"schema":{"@context":"https:\/\/schema.org","@graph":[{"@type":["WebPage","ItemPage"],"@id":"https:\/\/adventurecenter.com.ar\/product\/puerto-blest-cascada-los-cantaros-bariloche\/","url":"https:\/\/adventurecenter.com.ar\/product\/puerto-blest-cascada-los-cantaros-bariloche\/","name":"Puerto Blest e Cascata Los C\u00e1ntaros - Excurs\u00e3o desde Bariloche - Centro de Aventura","isPartOf":{"@id":"https:\/\/adventurecenter.com.ar\/#website"},"primaryImageOfPage":{"@id":"https:\/\/adventurecenter.com.ar\/product\/puerto-blest-cascada-los-cantaros-bariloche\/#primaryimage"},"image":{"@id":"https:\/\/adventurecenter.com.ar\/product\/puerto-blest-cascada-los-cantaros-bariloche\/#primaryimage"},"thumbnailUrl":"https:\/\/adventurecenter.com.ar\/wp-content\/uploads\/2025\/03\/1-A-0211209_105801-copia-scaled.jpg","datePublished":"2025-03-20T23:33:15+00:00","dateModified":"2026-04-09T12:13:42+00:00","description":"Explore Puerto Blest e a Cachoeira Los C\u00e1ntaros em uma excurs\u00e3o saindo de Bariloche. Navegue pelo Nahuel Huapi e caminhe entre os antigos alerceiros.","breadcrumb":{"@id":"https:\/\/adventurecenter.com.ar\/product\/puerto-blest-cascada-los-cantaros-bariloche\/#breadcrumb"},"inLanguage":"pt-BR","potentialAction":[{"@type":"ReadAction","target":["https:\/\/adventurecenter.com.ar\/product\/puerto-blest-cascada-los-cantaros-bariloche\/"]}]},{"@type":"ImageObject","inLanguage":"pt-BR","@id":"https:\/\/adventurecenter.com.ar\/product\/puerto-blest-cascada-los-cantaros-bariloche\/#primaryimage","url":"https:\/\/adventurecenter.com.ar\/wp-content\/uploads\/2025\/03\/1-A-0211209_105801-copia-scaled.jpg","contentUrl":"https:\/\/adventurecenter.com.ar\/wp-content\/uploads\/2025\/03\/1-A-0211209_105801-copia-scaled.jpg","width":1848,"height":2560},{"@type":"BreadcrumbList","@id":"https:\/\/adventurecenter.com.ar\/product\/puerto-blest-cascada-los-cantaros-bariloche\/#breadcrumb","itemListElement":[{"@type":"ListItem","position":1,"name":"Home","item":"https:\/\/adventurecenter.com.ar\/"},{"@type":"ListItem","position":2,"name":"Lista de excursiones","item":"https:\/\/adventurecenter.com.ar\/shop\/"},{"@type":"ListItem","position":3,"name":"Puerto Blest y Cascada \u00abLos Cantaros\u00bb con traslado"}]},{"@type":"WebSite","@id":"https:\/\/adventurecenter.com.ar\/#website","url":"https:\/\/adventurecenter.com.ar\/","name":"Centro de Aventura","description":"Turismo em Bariloche Patag\u00f4nia Argentina","publisher":{"@id":"https:\/\/adventurecenter.com.ar\/#organization"},"potentialAction":[{"@type":"SearchAction","target":{"@type":"EntryPoint","urlTemplate":"https:\/\/adventurecenter.com.ar\/?s={search_term_string}"},"query-input":{"@type":"PropertyValueSpecification","valueRequired":true,"valueName":"search_term_string"}}],"inLanguage":"pt-BR"},{"@type":"Organization","@id":"https:\/\/adventurecenter.com.ar\/#organization","name":"Centro de Aventura","url":"https:\/\/adventurecenter.com.ar\/","logo":{"@type":"ImageObject","inLanguage":"pt-BR","@id":"https:\/\/adventurecenter.com.ar\/#\/schema\/logo\/image\/","url":"https:\/\/adventurecenter.com.ar\/wp-content\/uploads\/2022\/10\/logo-definitivo-copia.png","contentUrl":"https:\/\/adventurecenter.com.ar\/wp-content\/uploads\/2022\/10\/logo-definitivo-copia.png","width":150,"height":55,"caption":"Adventure Center"},"image":{"@id":"https:\/\/adventurecenter.com.ar\/#\/schema\/logo\/image\/"}}]},"product_price_amount":"158000.00","product_price_currency":"ARS","og_availability":"instock","product_availability":"instock","product_retailer_item_id":"ADV2025PUBLYCO2Q8","product_condition":"new"},"_links":{"self":[{"href":"https:\/\/adventurecenter.com.ar\/pt\/wp-json\/wp\/v2\/product\/376938","targetHints":{"allow":["GET"]}}],"collection":[{"href":"https:\/\/adventurecenter.com.ar\/pt\/wp-json\/wp\/v2\/product"}],"about":[{"href":"https:\/\/adventurecenter.com.ar\/pt\/wp-json\/wp\/v2\/types\/product"}],"replies":[{"embeddable":true,"href":"https:\/\/adventurecenter.com.ar\/pt\/wp-json\/wp\/v2\/comments?post=376938"}],"wp:featuredmedia":[{"embeddable":true,"href":"https:\/\/adventurecenter.com.ar\/pt\/wp-json\/wp\/v2\/media\/379186"}],"wp:attachment":[{"href":"https:\/\/adventurecenter.com.ar\/pt\/wp-json\/wp\/v2\/media?parent=376938"}],"wp:term":[{"taxonomy":"product_brand","embeddable":true,"href":"https:\/\/adventurecenter.com.ar\/pt\/wp-json\/wp\/v2\/product_brand?post=376938"},{"taxonomy":"product_cat","embeddable":true,"href":"https:\/\/adventurecenter.com.ar\/pt\/wp-json\/wp\/v2\/product_cat?post=376938"},{"taxonomy":"product_tag","embeddable":true,"href":"https:\/\/adventurecenter.com.ar\/pt\/wp-json\/wp\/v2\/product_tag?post=376938"}],"curies":[{"name":"wp","href":"https:\/\/api.w.org\/{rel}","templated":true}]}}