{"id":376937,"date":"2025-03-20T20:33:03","date_gmt":"2025-03-20T23:33:03","guid":{"rendered":"https:\/\/adventurecenter.com.ar\/?post_type=product&#038;p=376937"},"modified":"2026-04-09T09:13:45","modified_gmt":"2026-04-09T12:13:45","slug":"puerto-blest-lago-frias-bariloche","status":"publish","type":"product","link":"https:\/\/adventurecenter.com.ar\/pt\/product\/puerto-blest-cachoeira-los-cantaros-lago-frias\/","title":{"rendered":"Excurs\u00e3o a Puerto Blest e Lago Frias com traslado"},"content":{"rendered":"<h2>Explore a majestade de Puerto Blest e a cachoeira \"Los C\u00e1ntaros\".<\/h2>\n<p>Comece uma viagem inesquec\u00edvel a partir da pitoresca <strong>Puerto Pa\u00f1uelo<\/strong>localizado a poucos quil\u00f4metros do centro de San Carlos de Bariloche. Durante um cativante passeio de barco de aproximadamente sessenta minutos, voc\u00ea ter\u00e1 a oportunidade de visitar o emblem\u00e1tico <strong>Ilhota Sentinela<\/strong>conhecido como o local de descanso do lend\u00e1rio Perito Moreno.<\/p>\n<p>Continuaremos em uma rede de passarelas que lhe dar\u00e1 uma vista privilegiada do impressionante <strong>Cachoeira Los C\u00e1ntaros<\/strong>. Esse incr\u00edvel fen\u00f4meno natural \u00e9 emoldurado por majestosas paredes de granito e guarda um lari\u00e7o milenar, testemunha de mais de 1.500 anos de hist\u00f3ria.<\/p>\n<h3>Navega\u00e7\u00e3o panor\u00e2mica no lago<\/h3>\n<p>A bordo de um moderno catamar\u00e3, voc\u00ea ficar\u00e1 encantado com <strong>vistas incompar\u00e1veis do lago Nahuel Huapi<\/strong> e os picos majestosos da <strong>Cordilheira dos Andes<\/strong>. Mergulhe nas maravilhas de suas ilhas e nas paisagens \u00fanicas que caracterizam a regi\u00e3o.<\/p>\n<h2>Descubra o Lago Frias: um para\u00edso escondido<\/h2>\n<p>Quando voc\u00ea chega a Puerto Blest, um destino que tem fascinado visitantes de todo o mundo, o esplendor do <strong>Lago Frias<\/strong>. Sua surpreendente tonalidade verde \u00e9 o resultado dos sedimentos transportados pela geleira Cerro Tronador.<\/p>\n<p>Se quiser prolongar a experi\u00eancia, uma curta viagem de \u00f4nibus de 3 km o levar\u00e1 a <strong>Porto Alegre<\/strong>Voc\u00ea embarcar\u00e1 para explorar ainda mais de perto as \u00e1guas de beleza impressionante.<\/p>\n<h3>In\u00fameras op\u00e7\u00f5es de entretenimento<\/h3>\n<ul>\n<li>Caminhadas guiadas pela floresta tropical de Vald\u00edvia, um para\u00edso de biodiversidade excepcional.<\/li>\n<li>Navegando no tranquilo Lago Frias, descobrindo paisagens fascinantes.<\/li>\n<\/ul>\n<h2>Informa\u00e7\u00f5es importantes sobre o tour<\/h2>\n<ul>\n<li><strong>Dura\u00e7\u00e3o:<\/strong> Das 9:00 \u00e0s 17:30, aproximadamente.<\/li>\n<li><strong>Ele inclui:<\/strong> Traslado de ida e volta, guia aqu\u00e1tico e caminhadas.<\/li>\n<li><strong>N\u00e3o inclu\u00eddo:<\/strong> Refei\u00e7\u00f5es (dispon\u00edveis em Paradores) e taxas de entrada nos Parques Nacionais.<\/li>\n<\/ul>\n<h2>Perguntas frequentes<\/h2>\n<ul>\n<li><strong>Como s\u00e3o pagas as taxas de entrada no Parque Nacional?<\/strong><br \/>\nAs taxas devem ser pagas no dia da atividade em Puerto Pa\u00f1uelo, somente em dinheiro e em pesos argentinos. S\u00e3o oferecidas isen\u00e7\u00f5es para moradores locais e crian\u00e7as com menos de cinco anos de idade.<\/li>\n<li><strong>H\u00e1 algum desconto para aposentados estrangeiros?<\/strong><br \/>\nN\u00e3o, os descontos s\u00e3o reservados para aposentados argentinos, que devem apresentar sua carteira de identidade ao embarcar.<\/li>\n<li><strong>\u00c9 permitido levar sua pr\u00f3pria comida?<\/strong><br \/>\nSim, \u00e9 poss\u00edvel levar sua pr\u00f3pria comida ou comprar comida no barco e nos pontos de visita.<\/li>\n<li><strong>Qual barco \u00e9 usado para essas excurs\u00f5es?<\/strong><br \/>\nO hist\u00f3rico Modesta Victoria \u00e9 geralmente usado, mas pode estar sujeito a altera\u00e7\u00f5es sem aviso pr\u00e9vio.<\/li>\n<li><strong>Ele pode ser combinado com outras atividades?<\/strong><br \/>\nSim, especialmente se sua reserva estiver programada para a tarde. \u00c9 altamente recomend\u00e1vel combin\u00e1-lo com o Circuito Chico para uma experi\u00eancia completa.<\/li>\n<\/ul>","protected":false},"excerpt":{"rendered":"<p>Experimente uma aventura exclusiva em Puerto Blest e na cachoeira \"Los C\u00e1ntaros\". Experimente a emo\u00e7\u00e3o de uma travessia lacustre e descubra a beleza incompar\u00e1vel do Lago Frias. Reserve sua passagem hoje mesmo e mergulhe em um mundo fascinante da natureza.<\/p>","protected":false},"featured_media":379188,"comment_status":"open","ping_status":"closed","template":"","meta":[],"product_brand":[],"product_cat":[85,70,79,71,73,90,101,83],"product_tag":[],"class_list":{"0":"post-376937","1":"product","2":"type-product","3":"status-publish","4":"has-post-thumbnail","6":"product_cat-adultos","7":"product_cat-con-traslado","8":"product_cat-familia","9":"product_cat-jubilados","10":"product_cat-lacustre","11":"product_cat-ninos","12":"product_cat-sin-comida","13":"product_cat-todo-el-ano","15":"first","16":"instock","17":"virtual","18":"sold-individually","19":"purchasable","20":"product-type-booking"},"booking_location":"","booking_location_type":"","booking_duration":60,"booking_duration_unit":"minute","booking_buffer":0,"booking_cost":0,"booking_resources":[],"exclude_global_add_ons":false,"addons":[{"name":"ADU | Adulto","type":"input_multiplier","position":0,"required":true,"title_format":"label","default":"","description_enable":false,"description":"","placeholder_enable":false,"placeholder":"","display":"select","restrictions_type":"any_text","adjust_price":true,"price":"212000","price_type":"quantity_based","restrictions":false,"min":"0","max":"0","options":[],"id":1773233993},{"name":"MEN512 | 5 a 12","type":"input_multiplier","position":1,"required":false,"title_format":"label","default":"","description_enable":false,"description":"","placeholder_enable":false,"placeholder":"","display":"select","restrictions_type":"any_text","adjust_price":true,"price":"119000","price_type":"quantity_based","restrictions":false,"min":"0","max":"0","options":[],"id":1773233994},{"name":"ADUJ : Aposentado","type":"input_multiplier","position":2,"required":false,"title_format":"label","default":"","description_enable":false,"description":"","placeholder_enable":false,"placeholder":"","display":"select","restrictions_type":"any_text","adjust_price":true,"price":"119000","price_type":"quantity_based","restrictions":false,"min":"0","max":"0","options":[],"id":1773233995}],"yoast_head":"<!-- This site is optimized with the Yoast SEO Premium plugin v24.5 (Yoast SEO v24.8) - https:\/\/yoast.com\/wordpress\/plugins\/seo\/ -->\n<title>Puerto Blest y Lago Fr\u00edas | Excursi\u00f3n desde Bariloche - Adventure Center<\/title>\n<meta name=\"description\" content=\"Viv\u00ed la Patagonia navegando desde Bariloche hasta Puerto Blest y Lago Fr\u00edas. Caminatas, cascadas y lagos de color esmeralda rodeados por la cordillera.\" \/>\n<meta name=\"robots\" content=\"index, follow, max-snippet:-1, max-image-preview:large, max-video-preview:-1\" \/>\n<link rel=\"canonical\" href=\"https:\/\/adventurecenter.com.ar\/pt\/product\/puerto-blest-cachoeira-los-cantaros-lago-frias\/\" \/>\n<meta property=\"og:locale\" content=\"pt_BR\" \/>\n<meta property=\"og:type\" content=\"article\" \/>\n<meta property=\"og:title\" content=\"Excursi\u00f3n a Puerto Blest y Lago Fr\u00edas con traslado\" \/>\n<meta property=\"og:description\" content=\"Viv\u00ed la Patagonia navegando desde Bariloche hasta Puerto Blest y Lago Fr\u00edas. Caminatas, cascadas y lagos de color esmeralda rodeados por la cordillera.\" \/>\n<meta property=\"og:url\" content=\"https:\/\/adventurecenter.com.ar\/pt\/product\/puerto-blest-cachoeira-los-cantaros-lago-frias\/\" \/>\n<meta property=\"og:site_name\" content=\"Adventure Center\" \/>\n<meta property=\"article:modified_time\" content=\"2026-04-09T12:13:45+00:00\" \/>\n<meta property=\"og:image\" content=\"https:\/\/adventurecenter.com.ar\/wp-content\/uploads\/2025\/03\/1-D-20211209_105925-scaled.jpg\" \/>\n\t<meta property=\"og:image:width\" content=\"1920\" \/>\n\t<meta property=\"og:image:height\" content=\"2560\" \/>\n\t<meta property=\"og:image:type\" content=\"image\/jpeg\" \/>\n<meta name=\"twitter:card\" content=\"summary_large_image\" \/>\n<meta name=\"twitter:label1\" content=\"Pre\u00e7o\" \/>\n\t<meta name=\"twitter:data1\" content=\"&#036;&nbsp;212.000,00\" \/>\n\t<meta name=\"twitter:label2\" content=\"Disponibilidade\" \/>\n\t<meta name=\"twitter:data2\" content=\"Em Estoque\" \/>\n<script type=\"application\/ld+json\" class=\"yoast-schema-graph\">{\"@context\":\"https:\/\/schema.org\",\"@graph\":[{\"@type\":[\"WebPage\",\"ItemPage\"],\"@id\":\"https:\/\/adventurecenter.com.ar\/product\/puerto-blest-lago-frias-bariloche\/\",\"url\":\"https:\/\/adventurecenter.com.ar\/product\/puerto-blest-lago-frias-bariloche\/\",\"name\":\"Puerto Blest y Lago Fr\u00edas | Excursi\u00f3n desde Bariloche - Adventure Center\",\"isPartOf\":{\"@id\":\"https:\/\/adventurecenter.com.ar\/#website\"},\"primaryImageOfPage\":{\"@id\":\"https:\/\/adventurecenter.com.ar\/product\/puerto-blest-lago-frias-bariloche\/#primaryimage\"},\"image\":{\"@id\":\"https:\/\/adventurecenter.com.ar\/product\/puerto-blest-lago-frias-bariloche\/#primaryimage\"},\"thumbnailUrl\":\"https:\/\/adventurecenter.com.ar\/wp-content\/uploads\/2025\/03\/1-D-20211209_105925-scaled.jpg\",\"datePublished\":\"2025-03-20T23:33:03+00:00\",\"dateModified\":\"2026-04-09T12:13:45+00:00\",\"description\":\"Viv\u00ed la Patagonia navegando desde Bariloche hasta Puerto Blest y Lago Fr\u00edas. Caminatas, cascadas y lagos de color esmeralda rodeados por la cordillera.\",\"breadcrumb\":{\"@id\":\"https:\/\/adventurecenter.com.ar\/product\/puerto-blest-lago-frias-bariloche\/#breadcrumb\"},\"inLanguage\":\"pt-BR\",\"potentialAction\":[{\"@type\":\"ReadAction\",\"target\":[\"https:\/\/adventurecenter.com.ar\/product\/puerto-blest-lago-frias-bariloche\/\"]}]},{\"@type\":\"ImageObject\",\"inLanguage\":\"pt-BR\",\"@id\":\"https:\/\/adventurecenter.com.ar\/product\/puerto-blest-lago-frias-bariloche\/#primaryimage\",\"url\":\"https:\/\/adventurecenter.com.ar\/wp-content\/uploads\/2025\/03\/1-D-20211209_105925-scaled.jpg\",\"contentUrl\":\"https:\/\/adventurecenter.com.ar\/wp-content\/uploads\/2025\/03\/1-D-20211209_105925-scaled.jpg\",\"width\":1920,\"height\":2560},{\"@type\":\"BreadcrumbList\",\"@id\":\"https:\/\/adventurecenter.com.ar\/product\/puerto-blest-lago-frias-bariloche\/#breadcrumb\",\"itemListElement\":[{\"@type\":\"ListItem\",\"position\":1,\"name\":\"Home\",\"item\":\"https:\/\/adventurecenter.com.ar\/\"},{\"@type\":\"ListItem\",\"position\":2,\"name\":\"Lista de excursiones\",\"item\":\"https:\/\/adventurecenter.com.ar\/shop\/\"},{\"@type\":\"ListItem\",\"position\":3,\"name\":\"Excursi\u00f3n a Puerto Blest y Lago Fr\u00edas con traslado\"}]},{\"@type\":\"WebSite\",\"@id\":\"https:\/\/adventurecenter.com.ar\/#website\",\"url\":\"https:\/\/adventurecenter.com.ar\/\",\"name\":\"Adventure Center\",\"description\":\"Turismo en Bariloche Patagonia Argentina\",\"publisher\":{\"@id\":\"https:\/\/adventurecenter.com.ar\/#organization\"},\"potentialAction\":[{\"@type\":\"SearchAction\",\"target\":{\"@type\":\"EntryPoint\",\"urlTemplate\":\"https:\/\/adventurecenter.com.ar\/?s={search_term_string}\"},\"query-input\":{\"@type\":\"PropertyValueSpecification\",\"valueRequired\":true,\"valueName\":\"search_term_string\"}}],\"inLanguage\":\"pt-BR\"},{\"@type\":\"Organization\",\"@id\":\"https:\/\/adventurecenter.com.ar\/#organization\",\"name\":\"Adventure Center\",\"url\":\"https:\/\/adventurecenter.com.ar\/\",\"logo\":{\"@type\":\"ImageObject\",\"inLanguage\":\"pt-BR\",\"@id\":\"https:\/\/adventurecenter.com.ar\/#\/schema\/logo\/image\/\",\"url\":\"https:\/\/adventurecenter.com.ar\/wp-content\/uploads\/2022\/10\/logo-definitivo-copia.png\",\"contentUrl\":\"https:\/\/adventurecenter.com.ar\/wp-content\/uploads\/2022\/10\/logo-definitivo-copia.png\",\"width\":150,\"height\":55,\"caption\":\"Adventure Center\"},\"image\":{\"@id\":\"https:\/\/adventurecenter.com.ar\/#\/schema\/logo\/image\/\"}}]}<\/script>\n<meta property=\"product:price:amount\" content=\"212000.00\" \/>\n<meta property=\"product:price:currency\" content=\"ARS\" \/>\n<meta property=\"og:availability\" content=\"instock\" \/>\n<meta property=\"product:availability\" content=\"instock\" \/>\n<meta property=\"product:retailer_item_id\" content=\"ADV2025PUBLYC9CR1\" \/>\n<meta property=\"product:condition\" content=\"new\" \/>\n<!-- \/ Yoast SEO Premium plugin. -->","yoast_head_json":{"title":"Puerto Blest e Lago Frias - Excurs\u00e3o desde Bariloche - Centro de Aventura","description":"Conhe\u00e7a a Patag\u00f4nia navegando de Bariloche a Puerto Blest e Lago Frias. Caminhadas, cachoeiras e lagos cor de esmeralda cercados pela cadeia de montanhas.","robots":{"index":"index","follow":"follow","max-snippet":"max-snippet:-1","max-image-preview":"max-image-preview:large","max-video-preview":"max-video-preview:-1"},"canonical":"https:\/\/adventurecenter.com.ar\/pt\/product\/puerto-blest-cachoeira-los-cantaros-lago-frias\/","og_locale":"pt_BR","og_type":"article","og_title":"Excursi\u00f3n a Puerto Blest y Lago Fr\u00edas con traslado","og_description":"Viv\u00ed la Patagonia navegando desde Bariloche hasta Puerto Blest y Lago Fr\u00edas. Caminatas, cascadas y lagos de color esmeralda rodeados por la cordillera.","og_url":"https:\/\/adventurecenter.com.ar\/pt\/product\/puerto-blest-cachoeira-los-cantaros-lago-frias\/","og_site_name":"Adventure Center","article_modified_time":"2026-04-09T12:13:45+00:00","og_image":[{"width":1920,"height":2560,"url":"https:\/\/adventurecenter.com.ar\/wp-content\/uploads\/2025\/03\/1-D-20211209_105925-scaled.jpg","type":"image\/jpeg"}],"twitter_card":"summary_large_image","twitter_misc":{"Pre\u00e7o":"&#36;&nbsp;212.000,00","Disponibilidade":"Em Estoque"},"schema":{"@context":"https:\/\/schema.org","@graph":[{"@type":["WebPage","ItemPage"],"@id":"https:\/\/adventurecenter.com.ar\/product\/puerto-blest-lago-frias-bariloche\/","url":"https:\/\/adventurecenter.com.ar\/product\/puerto-blest-lago-frias-bariloche\/","name":"Puerto Blest e Lago Frias - Excurs\u00e3o desde Bariloche - Centro de Aventura","isPartOf":{"@id":"https:\/\/adventurecenter.com.ar\/#website"},"primaryImageOfPage":{"@id":"https:\/\/adventurecenter.com.ar\/product\/puerto-blest-lago-frias-bariloche\/#primaryimage"},"image":{"@id":"https:\/\/adventurecenter.com.ar\/product\/puerto-blest-lago-frias-bariloche\/#primaryimage"},"thumbnailUrl":"https:\/\/adventurecenter.com.ar\/wp-content\/uploads\/2025\/03\/1-D-20211209_105925-scaled.jpg","datePublished":"2025-03-20T23:33:03+00:00","dateModified":"2026-04-09T12:13:45+00:00","description":"Conhe\u00e7a a Patag\u00f4nia navegando de Bariloche a Puerto Blest e Lago Frias. Caminhadas, cachoeiras e lagos cor de esmeralda cercados pela cadeia de montanhas.","breadcrumb":{"@id":"https:\/\/adventurecenter.com.ar\/product\/puerto-blest-lago-frias-bariloche\/#breadcrumb"},"inLanguage":"pt-BR","potentialAction":[{"@type":"ReadAction","target":["https:\/\/adventurecenter.com.ar\/product\/puerto-blest-lago-frias-bariloche\/"]}]},{"@type":"ImageObject","inLanguage":"pt-BR","@id":"https:\/\/adventurecenter.com.ar\/product\/puerto-blest-lago-frias-bariloche\/#primaryimage","url":"https:\/\/adventurecenter.com.ar\/wp-content\/uploads\/2025\/03\/1-D-20211209_105925-scaled.jpg","contentUrl":"https:\/\/adventurecenter.com.ar\/wp-content\/uploads\/2025\/03\/1-D-20211209_105925-scaled.jpg","width":1920,"height":2560},{"@type":"BreadcrumbList","@id":"https:\/\/adventurecenter.com.ar\/product\/puerto-blest-lago-frias-bariloche\/#breadcrumb","itemListElement":[{"@type":"ListItem","position":1,"name":"Home","item":"https:\/\/adventurecenter.com.ar\/"},{"@type":"ListItem","position":2,"name":"Lista de excursiones","item":"https:\/\/adventurecenter.com.ar\/shop\/"},{"@type":"ListItem","position":3,"name":"Excursi\u00f3n a Puerto Blest y Lago Fr\u00edas con traslado"}]},{"@type":"WebSite","@id":"https:\/\/adventurecenter.com.ar\/#website","url":"https:\/\/adventurecenter.com.ar\/","name":"Centro de Aventura","description":"Turismo em Bariloche Patag\u00f4nia Argentina","publisher":{"@id":"https:\/\/adventurecenter.com.ar\/#organization"},"potentialAction":[{"@type":"SearchAction","target":{"@type":"EntryPoint","urlTemplate":"https:\/\/adventurecenter.com.ar\/?s={search_term_string}"},"query-input":{"@type":"PropertyValueSpecification","valueRequired":true,"valueName":"search_term_string"}}],"inLanguage":"pt-BR"},{"@type":"Organization","@id":"https:\/\/adventurecenter.com.ar\/#organization","name":"Centro de Aventura","url":"https:\/\/adventurecenter.com.ar\/","logo":{"@type":"ImageObject","inLanguage":"pt-BR","@id":"https:\/\/adventurecenter.com.ar\/#\/schema\/logo\/image\/","url":"https:\/\/adventurecenter.com.ar\/wp-content\/uploads\/2022\/10\/logo-definitivo-copia.png","contentUrl":"https:\/\/adventurecenter.com.ar\/wp-content\/uploads\/2022\/10\/logo-definitivo-copia.png","width":150,"height":55,"caption":"Adventure Center"},"image":{"@id":"https:\/\/adventurecenter.com.ar\/#\/schema\/logo\/image\/"}}]},"product_price_amount":"212000.00","product_price_currency":"ARS","og_availability":"instock","product_availability":"instock","product_retailer_item_id":"ADV2025PUBLYC9CR1","product_condition":"new"},"_links":{"self":[{"href":"https:\/\/adventurecenter.com.ar\/pt\/wp-json\/wp\/v2\/product\/376937","targetHints":{"allow":["GET"]}}],"collection":[{"href":"https:\/\/adventurecenter.com.ar\/pt\/wp-json\/wp\/v2\/product"}],"about":[{"href":"https:\/\/adventurecenter.com.ar\/pt\/wp-json\/wp\/v2\/types\/product"}],"replies":[{"embeddable":true,"href":"https:\/\/adventurecenter.com.ar\/pt\/wp-json\/wp\/v2\/comments?post=376937"}],"wp:featuredmedia":[{"embeddable":true,"href":"https:\/\/adventurecenter.com.ar\/pt\/wp-json\/wp\/v2\/media\/379188"}],"wp:attachment":[{"href":"https:\/\/adventurecenter.com.ar\/pt\/wp-json\/wp\/v2\/media?parent=376937"}],"wp:term":[{"taxonomy":"product_brand","embeddable":true,"href":"https:\/\/adventurecenter.com.ar\/pt\/wp-json\/wp\/v2\/product_brand?post=376937"},{"taxonomy":"product_cat","embeddable":true,"href":"https:\/\/adventurecenter.com.ar\/pt\/wp-json\/wp\/v2\/product_cat?post=376937"},{"taxonomy":"product_tag","embeddable":true,"href":"https:\/\/adventurecenter.com.ar\/pt\/wp-json\/wp\/v2\/product_tag?post=376937"}],"curies":[{"name":"wp","href":"https:\/\/api.w.org\/{rel}","templated":true}]}}