{"id":376936,"date":"2025-03-20T20:32:43","date_gmt":"2025-03-20T23:32:43","guid":{"rendered":"https:\/\/adventurecenter.com.ar\/?post_type=product&#038;p=376936"},"modified":"2026-04-09T09:13:45","modified_gmt":"2026-04-09T12:13:45","slug":"isla-victoria-y-bosque-de-arrayanes-sin-traslado","status":"publish","type":"product","link":"https:\/\/adventurecenter.com.ar\/pt\/product\/victoria-island-e-arrayanes-forest-sem-realocacao\/","title":{"rendered":"Navega\u00e7\u00e3o Nahuel Huapi: Ilha Victoria e Floresta Arrayanes sem traslado"},"content":{"rendered":"<h3 data-start=\"304\" data-end=\"381\">Um cl\u00e1ssico da Patag\u00f4nia, com o apoio total da Bariloche Excursiones<\/h3>\n<p data-start=\"383\" data-end=\"761\">Navegue pelas \u00e1guas do Lago Nahuel Huapi e descubra dois dos destinos mais emblem\u00e1ticos da regi\u00e3o: a imponente Ilha Victoria e o m\u00edstico Bosque de Arrayanes. Essa op\u00e7\u00e3o, ideal para quem j\u00e1 est\u00e1 em Bariloche e prefere ir diretamente a Puerto Pa\u00f1uelo, permite aproveitar a excurs\u00e3o com total autonomia e a qualidade de nosso servi\u00e7o especializado.<\/p>\n<h3 data-start=\"763\" data-end=\"808\">Tour e principais pontos de interesse<\/h3>\n<p data-start=\"810\" data-end=\"1136\">A partida parte de <strong data-start=\"832\" data-end=\"850\">Puerto Pa\u00f1uelo<\/strong>, localizado no 25\u00ba quil\u00f4metro da Avenida Bustillo. L\u00e1, voc\u00ea embarca em um catamar\u00e3 panor\u00e2mico para iniciar uma viagem pelo Lago Nahuel Huapi. O primeiro destino \u00e9 o <strong data-start=\"1006\" data-end=\"1032\">Pen\u00ednsula de Quetrihu\u00e9<\/strong>, onde voc\u00ea caminhar\u00e1 por trilhas perfeitamente preservadas na \u00fanica floresta de murta do mundo.<\/p>\n<p data-start=\"1138\" data-end=\"1365\">A excurs\u00e3o continua at\u00e9 <strong data-start=\"1166\" data-end=\"1183\">Ilha Victoria<\/strong>, uma \u00e1rea natural \u00fanica com trilhas que o levam at\u00e9 o <strong data-start=\"1246\" data-end=\"1264\">Praia de El Toro<\/strong>, Um lugar especial com areias vulc\u00e2nicas e vest\u00edgios de culturas antigas, como pinturas rupestres.<\/p>\n<h3 data-start=\"1367\" data-end=\"1387\">Informa\u00e7\u00f5es \u00fateis<\/h3>\n<ul data-start=\"1389\" data-end=\"1663\">\n<li data-start=\"1389\" data-end=\"1435\">\n<p data-start=\"1391\" data-end=\"1435\"><strong data-start=\"1391\" data-end=\"1412\">Dura\u00e7\u00e3o estimada<\/strong>: das 13:00 \u00e0s 19:00 hs.<\/p>\n<\/li>\n<li data-start=\"1436\" data-end=\"1521\">\n<p data-start=\"1438\" data-end=\"1521\"><strong data-start=\"1438\" data-end=\"1449\">Inclui<\/strong>Navega\u00e7\u00e3o em catamar\u00e3 e guia profissional durante toda a viagem.<\/p>\n<\/li>\n<li data-start=\"1522\" data-end=\"1663\">\n<p data-start=\"1524\" data-end=\"1663\"><strong data-start=\"1524\" data-end=\"1538\">N\u00e3o inclui<\/strong>Traslado para Puerto Pa\u00f1uelo, taxas de embarque e entrada no Parque Nacional, refei\u00e7\u00f5es (h\u00e1 op\u00e7\u00f5es no barco e na ilha).<\/p>\n<\/li>\n<\/ul>\n<h3 data-start=\"1665\" data-end=\"1694\">Como chegar l\u00e1 por conta pr\u00f3pria<\/h3>\n<p data-start=\"1696\" data-end=\"1943\">Puerto Pa\u00f1uelo fica a apenas 30 minutos do centro de Bariloche, no km 25 da Avenida Bustillo. Voc\u00ea pode chegar l\u00e1 de ve\u00edculo particular, remis ou \u00f4nibus. No momento da reserva, informaremos como fazer isso de forma clara e simples.<\/p>\n<h3 data-start=\"1950\" data-end=\"1974\">Perguntas frequentes<\/h3>\n<p data-start=\"1976\" data-end=\"2212\"><strong data-start=\"1976\" data-end=\"2028\">Onde posso pagar as taxas do parque e de embarque?<\/strong><br data-start=\"2028\" data-end=\"2031\" \/>Devem ser pagos em dinheiro no mesmo dia, na chegada a Puerto Pa\u00f1uelo. Residentes de Bariloche, pessoas com defici\u00eancia, crian\u00e7as menores de 6 anos e aposentados argentinos est\u00e3o isentos.<\/p>\n<p data-start=\"2214\" data-end=\"2368\"><strong data-start=\"2214\" data-end=\"2260\">H\u00e1 algum benef\u00edcio para os turistas estrangeiros?<\/strong><br data-start=\"2260\" data-end=\"2263\" \/>N\u00e3o. Os descontos nas taxas s\u00e3o exclusivos para residentes na Argentina com o credenciamento correspondente.<\/p>\n<p data-start=\"2370\" data-end=\"2524\"><strong data-start=\"2370\" data-end=\"2402\">Qual vaso \u00e9 usado?<\/strong><br data-start=\"2402\" data-end=\"2405\" \/>Na maioria dos casos, o hist\u00f3rico \u00e9 usado. <strong data-start=\"2457\" data-end=\"2477\">Modesta Victoria<\/strong>, mas pode ser alterado de acordo com a disponibilidade.<\/p>\n<p data-start=\"2526\" data-end=\"2689\"><strong data-start=\"2526\" data-end=\"2587\">Posso levar comida comigo ou h\u00e1 op\u00e7\u00f5es durante o passeio?<\/strong><br data-start=\"2587\" data-end=\"2590\" \/>Voc\u00ea pode levar seu pr\u00f3prio almo\u00e7o ou comprar alimentos e bebidas a bordo do catamar\u00e3 ou na Ilha Victoria.<\/p>","protected":false},"excerpt":{"rendered":"<p>Embarque em uma jornada \u00fanica para o <strong>Ilha Victoria<\/strong> e o <strong>Floresta Myrtle<\/strong>localizado na deslumbrante Patag\u00f4nia. Experimente a majestade da <strong>Lago Nahuel Huapi<\/strong> enquanto voc\u00ea explora trilhas naturais exuberantes e encontra os vest\u00edgios de civiliza\u00e7\u00f5es antigas. Esta \u00e9 uma oportunidade \u00fanica em uma paisagem de sonho.<\/p>","protected":false},"featured_media":379191,"comment_status":"open","ping_status":"closed","template":"","meta":[],"product_brand":[],"product_cat":[85,79,71,73,90,101,81,83],"product_tag":[],"class_list":{"0":"post-376936","1":"product","2":"type-product","3":"status-publish","4":"has-post-thumbnail","6":"product_cat-adultos","7":"product_cat-familia","8":"product_cat-jubilados","9":"product_cat-lacustre","10":"product_cat-ninos","11":"product_cat-sin-comida","12":"product_cat-sin-traslado","13":"product_cat-todo-el-ano","15":"first","16":"instock","17":"virtual","18":"sold-individually","19":"purchasable","20":"product-type-booking"},"booking_location":"","booking_location_type":"","booking_duration":60,"booking_duration_unit":"minute","booking_buffer":0,"booking_cost":0,"booking_resources":[],"exclude_global_add_ons":false,"addons":[{"name":"ADU | Adulto","type":"input_multiplier","position":0,"required":false,"title_format":"label","default":"","description_enable":false,"description":"","placeholder_enable":false,"placeholder":"","display":"select","restrictions_type":"any_text","adjust_price":true,"price":"136000","price_type":"quantity_based","restrictions":false,"min":"0","max":"0","options":[],"id":1773233738},{"name":"MEN512 | 5 a 12","type":"input_multiplier","position":1,"required":false,"title_format":"label","default":"","description_enable":false,"description":"","placeholder_enable":false,"placeholder":"","display":"select","restrictions_type":"any_text","adjust_price":true,"price":"70000","price_type":"quantity_based","restrictions":false,"min":"0","max":"0","options":[],"id":1773233739},{"name":"ADUJ : Aposentado","type":"input_multiplier","position":2,"required":false,"title_format":"label","default":"","description_enable":false,"description":"","placeholder_enable":false,"placeholder":"","display":"select","restrictions_type":"any_text","adjust_price":true,"price":"70000","price_type":"quantity_based","restrictions":false,"min":"0","max":"0","options":[],"id":1773233740}],"yoast_head":"<!-- This site is optimized with the Yoast SEO Premium plugin v24.5 (Yoast SEO v24.8) - https:\/\/yoast.com\/wordpress\/plugins\/seo\/ -->\n<title>Isla Victoria y Bosque de Arrayanes | Excursi\u00f3n sin traslado - Adventure Center<\/title>\n<meta name=\"description\" content=\"Naveg\u00e1 el Nahuel Huapi desde Puerto Pa\u00f1uelo y descubr\u00ed Isla Victoria y el Bosque de Arrayanes. Excursi\u00f3n sin traslado, ideal si ya est\u00e1s en Bariloche.\" \/>\n<meta name=\"robots\" content=\"index, follow, max-snippet:-1, max-image-preview:large, max-video-preview:-1\" \/>\n<link rel=\"canonical\" href=\"https:\/\/adventurecenter.com.ar\/pt\/product\/victoria-island-e-arrayanes-forest-sem-realocacao\/\" \/>\n<meta property=\"og:locale\" content=\"pt_BR\" \/>\n<meta property=\"og:type\" content=\"article\" \/>\n<meta property=\"og:title\" content=\"Navegaci\u00f3n por Nahuel Huapi: Isla Victoria y Bosque de Arrayanes sin traslado\" \/>\n<meta property=\"og:description\" content=\"Naveg\u00e1 el Nahuel Huapi desde Puerto Pa\u00f1uelo y descubr\u00ed Isla Victoria y el Bosque de Arrayanes. Excursi\u00f3n sin traslado, ideal si ya est\u00e1s en Bariloche.\" \/>\n<meta property=\"og:url\" content=\"https:\/\/adventurecenter.com.ar\/pt\/product\/victoria-island-e-arrayanes-forest-sem-realocacao\/\" \/>\n<meta property=\"og:site_name\" content=\"Adventure Center\" \/>\n<meta property=\"article:modified_time\" content=\"2026-04-09T12:13:45+00:00\" \/>\n<meta property=\"og:image\" content=\"https:\/\/adventurecenter.com.ar\/wp-content\/uploads\/2025\/03\/1-C-20230902_154300-1-scaled.jpg\" \/>\n\t<meta property=\"og:image:width\" content=\"1968\" \/>\n\t<meta property=\"og:image:height\" content=\"2560\" \/>\n\t<meta property=\"og:image:type\" content=\"image\/jpeg\" \/>\n<meta name=\"twitter:card\" content=\"summary_large_image\" \/>\n<meta name=\"twitter:label1\" content=\"Pre\u00e7o\" \/>\n\t<meta name=\"twitter:data1\" content=\"&#036;&nbsp;163.200,00\" \/>\n\t<meta name=\"twitter:label2\" content=\"Disponibilidade\" \/>\n\t<meta name=\"twitter:data2\" content=\"Em Estoque\" \/>\n<script type=\"application\/ld+json\" class=\"yoast-schema-graph\">{\"@context\":\"https:\/\/schema.org\",\"@graph\":[{\"@type\":[\"WebPage\",\"ItemPage\"],\"@id\":\"https:\/\/adventurecenter.com.ar\/product\/isla-victoria-y-bosque-de-arrayanes-sin-traslado\/\",\"url\":\"https:\/\/adventurecenter.com.ar\/product\/isla-victoria-y-bosque-de-arrayanes-sin-traslado\/\",\"name\":\"Isla Victoria y Bosque de Arrayanes | Excursi\u00f3n sin traslado - Adventure Center\",\"isPartOf\":{\"@id\":\"https:\/\/adventurecenter.com.ar\/#website\"},\"primaryImageOfPage\":{\"@id\":\"https:\/\/adventurecenter.com.ar\/product\/isla-victoria-y-bosque-de-arrayanes-sin-traslado\/#primaryimage\"},\"image\":{\"@id\":\"https:\/\/adventurecenter.com.ar\/product\/isla-victoria-y-bosque-de-arrayanes-sin-traslado\/#primaryimage\"},\"thumbnailUrl\":\"https:\/\/adventurecenter.com.ar\/wp-content\/uploads\/2025\/03\/1-C-20230902_154300-1-scaled.jpg\",\"datePublished\":\"2025-03-20T23:32:43+00:00\",\"dateModified\":\"2026-04-09T12:13:45+00:00\",\"description\":\"Naveg\u00e1 el Nahuel Huapi desde Puerto Pa\u00f1uelo y descubr\u00ed Isla Victoria y el Bosque de Arrayanes. Excursi\u00f3n sin traslado, ideal si ya est\u00e1s en Bariloche.\",\"breadcrumb\":{\"@id\":\"https:\/\/adventurecenter.com.ar\/product\/isla-victoria-y-bosque-de-arrayanes-sin-traslado\/#breadcrumb\"},\"inLanguage\":\"pt-BR\",\"potentialAction\":[{\"@type\":\"ReadAction\",\"target\":[\"https:\/\/adventurecenter.com.ar\/product\/isla-victoria-y-bosque-de-arrayanes-sin-traslado\/\"]}]},{\"@type\":\"ImageObject\",\"inLanguage\":\"pt-BR\",\"@id\":\"https:\/\/adventurecenter.com.ar\/product\/isla-victoria-y-bosque-de-arrayanes-sin-traslado\/#primaryimage\",\"url\":\"https:\/\/adventurecenter.com.ar\/wp-content\/uploads\/2025\/03\/1-C-20230902_154300-1-scaled.jpg\",\"contentUrl\":\"https:\/\/adventurecenter.com.ar\/wp-content\/uploads\/2025\/03\/1-C-20230902_154300-1-scaled.jpg\",\"width\":1968,\"height\":2560},{\"@type\":\"BreadcrumbList\",\"@id\":\"https:\/\/adventurecenter.com.ar\/product\/isla-victoria-y-bosque-de-arrayanes-sin-traslado\/#breadcrumb\",\"itemListElement\":[{\"@type\":\"ListItem\",\"position\":1,\"name\":\"Home\",\"item\":\"https:\/\/adventurecenter.com.ar\/\"},{\"@type\":\"ListItem\",\"position\":2,\"name\":\"Lista de excursiones\",\"item\":\"https:\/\/adventurecenter.com.ar\/shop\/\"},{\"@type\":\"ListItem\",\"position\":3,\"name\":\"Navegaci\u00f3n por Nahuel Huapi: Isla Victoria y Bosque de Arrayanes sin traslado\"}]},{\"@type\":\"WebSite\",\"@id\":\"https:\/\/adventurecenter.com.ar\/#website\",\"url\":\"https:\/\/adventurecenter.com.ar\/\",\"name\":\"Adventure Center\",\"description\":\"Turismo en Bariloche Patagonia Argentina\",\"publisher\":{\"@id\":\"https:\/\/adventurecenter.com.ar\/#organization\"},\"potentialAction\":[{\"@type\":\"SearchAction\",\"target\":{\"@type\":\"EntryPoint\",\"urlTemplate\":\"https:\/\/adventurecenter.com.ar\/?s={search_term_string}\"},\"query-input\":{\"@type\":\"PropertyValueSpecification\",\"valueRequired\":true,\"valueName\":\"search_term_string\"}}],\"inLanguage\":\"pt-BR\"},{\"@type\":\"Organization\",\"@id\":\"https:\/\/adventurecenter.com.ar\/#organization\",\"name\":\"Adventure Center\",\"url\":\"https:\/\/adventurecenter.com.ar\/\",\"logo\":{\"@type\":\"ImageObject\",\"inLanguage\":\"pt-BR\",\"@id\":\"https:\/\/adventurecenter.com.ar\/#\/schema\/logo\/image\/\",\"url\":\"https:\/\/adventurecenter.com.ar\/wp-content\/uploads\/2022\/10\/logo-definitivo-copia.png\",\"contentUrl\":\"https:\/\/adventurecenter.com.ar\/wp-content\/uploads\/2022\/10\/logo-definitivo-copia.png\",\"width\":150,\"height\":55,\"caption\":\"Adventure Center\"},\"image\":{\"@id\":\"https:\/\/adventurecenter.com.ar\/#\/schema\/logo\/image\/\"}}]}<\/script>\n<meta property=\"product:price:amount\" content=\"163200.00\" \/>\n<meta property=\"product:price:currency\" content=\"ARS\" \/>\n<meta property=\"og:availability\" content=\"instock\" \/>\n<meta property=\"product:availability\" content=\"instock\" \/>\n<meta property=\"product:retailer_item_id\" content=\"ADV2025ISVIYB4A10\" \/>\n<meta property=\"product:condition\" content=\"new\" \/>\n<!-- \/ Yoast SEO Premium plugin. -->","yoast_head_json":{"title":"Isla Victoria e Bosque de Arrayanes: Excurs\u00e3o sem traslado - Centro de Aventura","description":"Navegue pelo Nahuel Huapi a partir de Puerto Pa\u00f1uelo e descubra a Isla Victoria e a Floresta de Arrayanes. Excurs\u00e3o sem traslado, ideal se voc\u00ea j\u00e1 estiver em Bariloche.","robots":{"index":"index","follow":"follow","max-snippet":"max-snippet:-1","max-image-preview":"max-image-preview:large","max-video-preview":"max-video-preview:-1"},"canonical":"https:\/\/adventurecenter.com.ar\/pt\/product\/victoria-island-e-arrayanes-forest-sem-realocacao\/","og_locale":"pt_BR","og_type":"article","og_title":"Navegaci\u00f3n por Nahuel Huapi: Isla Victoria y Bosque de Arrayanes sin traslado","og_description":"Naveg\u00e1 el Nahuel Huapi desde Puerto Pa\u00f1uelo y descubr\u00ed Isla Victoria y el Bosque de Arrayanes. Excursi\u00f3n sin traslado, ideal si ya est\u00e1s en Bariloche.","og_url":"https:\/\/adventurecenter.com.ar\/pt\/product\/victoria-island-e-arrayanes-forest-sem-realocacao\/","og_site_name":"Adventure Center","article_modified_time":"2026-04-09T12:13:45+00:00","og_image":[{"width":1968,"height":2560,"url":"https:\/\/adventurecenter.com.ar\/wp-content\/uploads\/2025\/03\/1-C-20230902_154300-1-scaled.jpg","type":"image\/jpeg"}],"twitter_card":"summary_large_image","twitter_misc":{"Pre\u00e7o":"&#36;&nbsp;163.200,00","Disponibilidade":"Em Estoque"},"schema":{"@context":"https:\/\/schema.org","@graph":[{"@type":["WebPage","ItemPage"],"@id":"https:\/\/adventurecenter.com.ar\/product\/isla-victoria-y-bosque-de-arrayanes-sin-traslado\/","url":"https:\/\/adventurecenter.com.ar\/product\/isla-victoria-y-bosque-de-arrayanes-sin-traslado\/","name":"Isla Victoria e Bosque de Arrayanes: Excurs\u00e3o sem traslado - Centro de Aventura","isPartOf":{"@id":"https:\/\/adventurecenter.com.ar\/#website"},"primaryImageOfPage":{"@id":"https:\/\/adventurecenter.com.ar\/product\/isla-victoria-y-bosque-de-arrayanes-sin-traslado\/#primaryimage"},"image":{"@id":"https:\/\/adventurecenter.com.ar\/product\/isla-victoria-y-bosque-de-arrayanes-sin-traslado\/#primaryimage"},"thumbnailUrl":"https:\/\/adventurecenter.com.ar\/wp-content\/uploads\/2025\/03\/1-C-20230902_154300-1-scaled.jpg","datePublished":"2025-03-20T23:32:43+00:00","dateModified":"2026-04-09T12:13:45+00:00","description":"Navegue pelo Nahuel Huapi a partir de Puerto Pa\u00f1uelo e descubra a Isla Victoria e a Floresta de Arrayanes. Excurs\u00e3o sem traslado, ideal se voc\u00ea j\u00e1 estiver em Bariloche.","breadcrumb":{"@id":"https:\/\/adventurecenter.com.ar\/product\/isla-victoria-y-bosque-de-arrayanes-sin-traslado\/#breadcrumb"},"inLanguage":"pt-BR","potentialAction":[{"@type":"ReadAction","target":["https:\/\/adventurecenter.com.ar\/product\/isla-victoria-y-bosque-de-arrayanes-sin-traslado\/"]}]},{"@type":"ImageObject","inLanguage":"pt-BR","@id":"https:\/\/adventurecenter.com.ar\/product\/isla-victoria-y-bosque-de-arrayanes-sin-traslado\/#primaryimage","url":"https:\/\/adventurecenter.com.ar\/wp-content\/uploads\/2025\/03\/1-C-20230902_154300-1-scaled.jpg","contentUrl":"https:\/\/adventurecenter.com.ar\/wp-content\/uploads\/2025\/03\/1-C-20230902_154300-1-scaled.jpg","width":1968,"height":2560},{"@type":"BreadcrumbList","@id":"https:\/\/adventurecenter.com.ar\/product\/isla-victoria-y-bosque-de-arrayanes-sin-traslado\/#breadcrumb","itemListElement":[{"@type":"ListItem","position":1,"name":"Home","item":"https:\/\/adventurecenter.com.ar\/"},{"@type":"ListItem","position":2,"name":"Lista de excursiones","item":"https:\/\/adventurecenter.com.ar\/shop\/"},{"@type":"ListItem","position":3,"name":"Navegaci\u00f3n por Nahuel Huapi: Isla Victoria y Bosque de Arrayanes sin traslado"}]},{"@type":"WebSite","@id":"https:\/\/adventurecenter.com.ar\/#website","url":"https:\/\/adventurecenter.com.ar\/","name":"Centro de Aventura","description":"Turismo em Bariloche Patag\u00f4nia Argentina","publisher":{"@id":"https:\/\/adventurecenter.com.ar\/#organization"},"potentialAction":[{"@type":"SearchAction","target":{"@type":"EntryPoint","urlTemplate":"https:\/\/adventurecenter.com.ar\/?s={search_term_string}"},"query-input":{"@type":"PropertyValueSpecification","valueRequired":true,"valueName":"search_term_string"}}],"inLanguage":"pt-BR"},{"@type":"Organization","@id":"https:\/\/adventurecenter.com.ar\/#organization","name":"Centro de Aventura","url":"https:\/\/adventurecenter.com.ar\/","logo":{"@type":"ImageObject","inLanguage":"pt-BR","@id":"https:\/\/adventurecenter.com.ar\/#\/schema\/logo\/image\/","url":"https:\/\/adventurecenter.com.ar\/wp-content\/uploads\/2022\/10\/logo-definitivo-copia.png","contentUrl":"https:\/\/adventurecenter.com.ar\/wp-content\/uploads\/2022\/10\/logo-definitivo-copia.png","width":150,"height":55,"caption":"Adventure Center"},"image":{"@id":"https:\/\/adventurecenter.com.ar\/#\/schema\/logo\/image\/"}}]},"product_price_amount":"163200.00","product_price_currency":"ARS","og_availability":"instock","product_availability":"instock","product_retailer_item_id":"ADV2025ISVIYB4A10","product_condition":"new"},"_links":{"self":[{"href":"https:\/\/adventurecenter.com.ar\/pt\/wp-json\/wp\/v2\/product\/376936","targetHints":{"allow":["GET"]}}],"collection":[{"href":"https:\/\/adventurecenter.com.ar\/pt\/wp-json\/wp\/v2\/product"}],"about":[{"href":"https:\/\/adventurecenter.com.ar\/pt\/wp-json\/wp\/v2\/types\/product"}],"replies":[{"embeddable":true,"href":"https:\/\/adventurecenter.com.ar\/pt\/wp-json\/wp\/v2\/comments?post=376936"}],"wp:featuredmedia":[{"embeddable":true,"href":"https:\/\/adventurecenter.com.ar\/pt\/wp-json\/wp\/v2\/media\/379191"}],"wp:attachment":[{"href":"https:\/\/adventurecenter.com.ar\/pt\/wp-json\/wp\/v2\/media?parent=376936"}],"wp:term":[{"taxonomy":"product_brand","embeddable":true,"href":"https:\/\/adventurecenter.com.ar\/pt\/wp-json\/wp\/v2\/product_brand?post=376936"},{"taxonomy":"product_cat","embeddable":true,"href":"https:\/\/adventurecenter.com.ar\/pt\/wp-json\/wp\/v2\/product_cat?post=376936"},{"taxonomy":"product_tag","embeddable":true,"href":"https:\/\/adventurecenter.com.ar\/pt\/wp-json\/wp\/v2\/product_tag?post=376936"}],"curies":[{"name":"wp","href":"https:\/\/api.w.org\/{rel}","templated":true}]}}