{"id":376935,"date":"2025-03-20T20:32:24","date_gmt":"2025-03-20T23:32:24","guid":{"rendered":"https:\/\/adventurecenter.com.ar\/?post_type=product&#038;p=376935"},"modified":"2026-04-09T09:13:48","modified_gmt":"2026-04-09T12:13:48","slug":"puerto-blest-cascada-los-cantaros-sin-traslado","status":"publish","type":"product","link":"https:\/\/adventurecenter.com.ar\/pt\/product\/puerto-blest-waterfall-los-cantaros-no-transfer\/","title":{"rendered":"Puerto Blest e Cachoeira \"Los Cantaros\" Sem traslado"},"content":{"rendered":"<h2>Explore a natureza intocada de Puerto Blest<\/h2>\n<p>Tenha uma experi\u00eancia inesquec\u00edvel visitando <strong>Puerto Blest<\/strong> e o magn\u00edfico <strong>Cachoeira Los C\u00e1ntaros<\/strong>Os arredores ressoam com a verdadeira ess\u00eancia da natureza. Essa excurs\u00e3o, que n\u00e3o inclui traslado, \u00e9 ideal para aqueles que preferem chegar a <strong>Puerto Pa\u00f1uelo<\/strong>localizado em <strong>Avenida Bustillo, Quil\u00f4metro 25, San Carlos de Bariloche<\/strong>.<\/p>\n<h3>A travessia<\/h3>\n<ul>\n<li><strong>Navega\u00e7\u00e3o em catamar\u00e3:<\/strong> Deslize pelo sereno <strong>Lago Nahuel Huapi<\/strong>cercado por ilhas e paisagens espetaculares, protegido pela imponente <strong>Cordilheira dos Andes<\/strong>.<\/li>\n<li><strong>Visita \u00e0 Cascada de Los C\u00e1ntaros:<\/strong> O acesso privilegiado a essa incr\u00edvel cachoeira permitir\u00e1 que voc\u00ea admire sua espetacular queda d'\u00e1gua, ladeada por paredes de granito esculpidas por geleiras milenares.<\/li>\n<li><strong>Caminhadas guiadas:<\/strong> Explore as trilhas que revelam a vasta riqueza biol\u00f3gica da regi\u00e3o. <strong>Floresta Valdiviana<\/strong> nas proximidades de <strong>Puerto Blest<\/strong>.<\/li>\n<\/ul>\n<h3>Detalhes e hor\u00e1rios<\/h3>\n<p>A turn\u00ea vai de <strong>9:00 a.m. a 5:00 p.m. <\/strong>aproximadamente, o que lhe d\u00e1 um dia inteiro para mergulhar na natureza.<\/p>\n<ul>\n<li><strong>Ele inclui:<\/strong> Visita guiada ao lago e caminhadas interpretativas na floresta.<\/li>\n<li><strong>N\u00e3o inclu\u00eddo:<\/strong> Traslado para Puerto Pa\u00f1uelo, alimenta\u00e7\u00e3o e taxas de entrada nos parques nacionais.<\/li>\n<\/ul>\n<h3>Encena\u00e7\u00e3o espetacular<\/h3>\n<p>O dia culmina com um espl\u00eandido passeio de barco no <strong>Bra\u00e7o aben\u00e7oado<\/strong>O cen\u00e1rio \u00e9 o imponente <strong>Serra do Tronador<\/strong>O p\u00f4r do sol \u00e9 um espet\u00e1culo visual sem igual.<\/p>\n<h3>Perguntas frequentes<\/h3>\n<ul>\n<li><strong>Como fa\u00e7o para chegar a Puerto Pa\u00f1uelo?<\/strong><br \/>\nVoc\u00ea deve ir diretamente para a Avenida Bustillo, km 25. \u00c9 recomend\u00e1vel usar seu pr\u00f3prio transporte ou servi\u00e7os de t\u00e1xi.<\/li>\n<li><strong>Que roupa \u00e9 recomend\u00e1vel usar?<\/strong><br \/>\nSugere-se vestir-se em camadas, cal\u00e7ados confort\u00e1veis e roupas quentes, considerando as vari\u00e1veis clim\u00e1ticas t\u00edpicas da Patag\u00f4nia.<\/li>\n<li><strong>\u00c9 poss\u00edvel levar comida?<\/strong><br \/>\nSim, voc\u00ea pode trazer sua pr\u00f3pria comida, embora tenha a op\u00e7\u00e3o de compr\u00e1-la no local.<\/li>\n<\/ul>","protected":false},"excerpt":{"rendered":"<p>Mergulhe em uma experi\u00eancia \u00fanica, percorrendo Puerto Blest e a majestosa Cascata Los C\u00e1ntaros. Desfrute de um passeio de catamar\u00e3 e de caminhadas pela floresta tropical valdiviana, vivendo momentos inesquec\u00edveis no cora\u00e7\u00e3o da Patag\u00f4nia argentina.<\/p>","protected":false},"featured_media":379182,"comment_status":"open","ping_status":"closed","template":"","meta":[],"product_brand":[],"product_cat":[85,79,71,73,90,101,81,83],"product_tag":[],"class_list":{"0":"post-376935","1":"product","2":"type-product","3":"status-publish","4":"has-post-thumbnail","6":"product_cat-adultos","7":"product_cat-familia","8":"product_cat-jubilados","9":"product_cat-lacustre","10":"product_cat-ninos","11":"product_cat-sin-comida","12":"product_cat-sin-traslado","13":"product_cat-todo-el-ano","15":"first","16":"instock","17":"virtual","18":"sold-individually","19":"purchasable","20":"product-type-booking"},"booking_location":"","booking_location_type":"","booking_duration":60,"booking_duration_unit":"minute","booking_buffer":0,"booking_cost":0,"booking_resources":[],"exclude_global_add_ons":false,"addons":[{"name":"ADU | Adulto","type":"input_multiplier","position":0,"required":false,"title_format":"label","default":"","description_enable":false,"description":"","placeholder_enable":false,"placeholder":"","display":"select","restrictions_type":"any_text","adjust_price":true,"price":"136000","price_type":"quantity_based","restrictions":false,"min":"0","max":"0","options":[],"id":1773233626},{"name":"MEN512 | 5 a 12","type":"input_multiplier","position":1,"required":false,"title_format":"label","default":"","description_enable":false,"description":"","placeholder_enable":false,"placeholder":"","display":"select","restrictions_type":"any_text","adjust_price":true,"price":"70000","price_type":"quantity_based","restrictions":false,"min":"0","max":"0","options":[],"id":1773233627},{"name":"ADUJ : Aposentado","type":"input_multiplier","position":2,"required":false,"title_format":"label","default":"","description_enable":false,"description":"","placeholder_enable":false,"placeholder":"","display":"select","restrictions_type":"any_text","adjust_price":true,"price":"70000","price_type":"quantity_based","restrictions":false,"min":"0","max":"0","options":[],"id":1773233628}],"yoast_head":"<!-- This site is optimized with the Yoast SEO Premium plugin v24.5 (Yoast SEO v24.8) - https:\/\/yoast.com\/wordpress\/plugins\/seo\/ -->\n<title>Puerto Blest y Cascada Los C\u00e1ntaros | Excursi\u00f3n sin traslado - Adventure Center<\/title>\n<meta name=\"description\" content=\"Viv\u00ed Puerto Blest y la Cascada Los C\u00e1ntaros en una excursi\u00f3n sin traslado desde Bariloche. Incluye navegaci\u00f3n guiada por el Nahuel Huapi. Reserv\u00e1 ahora.\" \/>\n<meta name=\"robots\" content=\"index, follow, max-snippet:-1, max-image-preview:large, max-video-preview:-1\" \/>\n<link rel=\"canonical\" href=\"https:\/\/adventurecenter.com.ar\/pt\/product\/puerto-blest-waterfall-los-cantaros-no-transfer\/\" \/>\n<meta property=\"og:locale\" content=\"pt_BR\" \/>\n<meta property=\"og:type\" content=\"article\" \/>\n<meta property=\"og:title\" content=\"Puerto Blest y Cascada \u201cLos Cantaros\u201d Sin Traslado\" \/>\n<meta property=\"og:description\" content=\"Viv\u00ed Puerto Blest y la Cascada Los C\u00e1ntaros en una excursi\u00f3n sin traslado desde Bariloche. Incluye navegaci\u00f3n guiada por el Nahuel Huapi. Reserv\u00e1 ahora.\" \/>\n<meta property=\"og:url\" content=\"https:\/\/adventurecenter.com.ar\/pt\/product\/puerto-blest-waterfall-los-cantaros-no-transfer\/\" \/>\n<meta property=\"og:site_name\" content=\"Adventure Center\" \/>\n<meta property=\"article:modified_time\" content=\"2026-04-09T12:13:48+00:00\" \/>\n<meta property=\"og:image\" content=\"https:\/\/adventurecenter.com.ar\/wp-content\/uploads\/2025\/03\/1-A-20230902_164753-scaled.jpg\" \/>\n\t<meta property=\"og:image:width\" content=\"1901\" \/>\n\t<meta property=\"og:image:height\" content=\"2560\" \/>\n\t<meta property=\"og:image:type\" content=\"image\/jpeg\" \/>\n<meta name=\"twitter:card\" content=\"summary_large_image\" \/>\n<meta name=\"twitter:label1\" content=\"Pre\u00e7o\" \/>\n\t<meta name=\"twitter:data1\" content=\"&#036;&nbsp;136.000,00\" \/>\n\t<meta name=\"twitter:label2\" content=\"Disponibilidade\" \/>\n\t<meta name=\"twitter:data2\" content=\"Em Estoque\" \/>\n<script type=\"application\/ld+json\" class=\"yoast-schema-graph\">{\"@context\":\"https:\/\/schema.org\",\"@graph\":[{\"@type\":[\"WebPage\",\"ItemPage\"],\"@id\":\"https:\/\/adventurecenter.com.ar\/product\/puerto-blest-cascada-los-cantaros-sin-traslado\/\",\"url\":\"https:\/\/adventurecenter.com.ar\/product\/puerto-blest-cascada-los-cantaros-sin-traslado\/\",\"name\":\"Puerto Blest y Cascada Los C\u00e1ntaros | Excursi\u00f3n sin traslado - Adventure Center\",\"isPartOf\":{\"@id\":\"https:\/\/adventurecenter.com.ar\/#website\"},\"primaryImageOfPage\":{\"@id\":\"https:\/\/adventurecenter.com.ar\/product\/puerto-blest-cascada-los-cantaros-sin-traslado\/#primaryimage\"},\"image\":{\"@id\":\"https:\/\/adventurecenter.com.ar\/product\/puerto-blest-cascada-los-cantaros-sin-traslado\/#primaryimage\"},\"thumbnailUrl\":\"https:\/\/adventurecenter.com.ar\/wp-content\/uploads\/2025\/03\/1-A-20230902_164753-scaled.jpg\",\"datePublished\":\"2025-03-20T23:32:24+00:00\",\"dateModified\":\"2026-04-09T12:13:48+00:00\",\"description\":\"Viv\u00ed Puerto Blest y la Cascada Los C\u00e1ntaros en una excursi\u00f3n sin traslado desde Bariloche. Incluye navegaci\u00f3n guiada por el Nahuel Huapi. Reserv\u00e1 ahora.\",\"breadcrumb\":{\"@id\":\"https:\/\/adventurecenter.com.ar\/product\/puerto-blest-cascada-los-cantaros-sin-traslado\/#breadcrumb\"},\"inLanguage\":\"pt-BR\",\"potentialAction\":[{\"@type\":\"ReadAction\",\"target\":[\"https:\/\/adventurecenter.com.ar\/product\/puerto-blest-cascada-los-cantaros-sin-traslado\/\"]}]},{\"@type\":\"ImageObject\",\"inLanguage\":\"pt-BR\",\"@id\":\"https:\/\/adventurecenter.com.ar\/product\/puerto-blest-cascada-los-cantaros-sin-traslado\/#primaryimage\",\"url\":\"https:\/\/adventurecenter.com.ar\/wp-content\/uploads\/2025\/03\/1-A-20230902_164753-scaled.jpg\",\"contentUrl\":\"https:\/\/adventurecenter.com.ar\/wp-content\/uploads\/2025\/03\/1-A-20230902_164753-scaled.jpg\",\"width\":1901,\"height\":2560},{\"@type\":\"BreadcrumbList\",\"@id\":\"https:\/\/adventurecenter.com.ar\/product\/puerto-blest-cascada-los-cantaros-sin-traslado\/#breadcrumb\",\"itemListElement\":[{\"@type\":\"ListItem\",\"position\":1,\"name\":\"Home\",\"item\":\"https:\/\/adventurecenter.com.ar\/\"},{\"@type\":\"ListItem\",\"position\":2,\"name\":\"Lista de excursiones\",\"item\":\"https:\/\/adventurecenter.com.ar\/shop\/\"},{\"@type\":\"ListItem\",\"position\":3,\"name\":\"Puerto Blest y Cascada \u201cLos Cantaros\u201d Sin Traslado\"}]},{\"@type\":\"WebSite\",\"@id\":\"https:\/\/adventurecenter.com.ar\/#website\",\"url\":\"https:\/\/adventurecenter.com.ar\/\",\"name\":\"Adventure Center\",\"description\":\"Turismo en Bariloche Patagonia Argentina\",\"publisher\":{\"@id\":\"https:\/\/adventurecenter.com.ar\/#organization\"},\"potentialAction\":[{\"@type\":\"SearchAction\",\"target\":{\"@type\":\"EntryPoint\",\"urlTemplate\":\"https:\/\/adventurecenter.com.ar\/?s={search_term_string}\"},\"query-input\":{\"@type\":\"PropertyValueSpecification\",\"valueRequired\":true,\"valueName\":\"search_term_string\"}}],\"inLanguage\":\"pt-BR\"},{\"@type\":\"Organization\",\"@id\":\"https:\/\/adventurecenter.com.ar\/#organization\",\"name\":\"Adventure Center\",\"url\":\"https:\/\/adventurecenter.com.ar\/\",\"logo\":{\"@type\":\"ImageObject\",\"inLanguage\":\"pt-BR\",\"@id\":\"https:\/\/adventurecenter.com.ar\/#\/schema\/logo\/image\/\",\"url\":\"https:\/\/adventurecenter.com.ar\/wp-content\/uploads\/2022\/10\/logo-definitivo-copia.png\",\"contentUrl\":\"https:\/\/adventurecenter.com.ar\/wp-content\/uploads\/2022\/10\/logo-definitivo-copia.png\",\"width\":150,\"height\":55,\"caption\":\"Adventure Center\"},\"image\":{\"@id\":\"https:\/\/adventurecenter.com.ar\/#\/schema\/logo\/image\/\"}}]}<\/script>\n<meta property=\"product:price:amount\" content=\"136000.00\" \/>\n<meta property=\"product:price:currency\" content=\"ARS\" \/>\n<meta property=\"og:availability\" content=\"instock\" \/>\n<meta property=\"product:availability\" content=\"instock\" \/>\n<meta property=\"product:retailer_item_id\" content=\"ADV2025PUBLYC297O\" \/>\n<meta property=\"product:condition\" content=\"new\" \/>\n<!-- \/ Yoast SEO Premium plugin. -->","yoast_head_json":{"title":"Puerto Blest e Cachoeira Los C\u00e1ntaros : Excurs\u00e3o sem traslado - Centro de Aventura","description":"Conhe\u00e7a Puerto Blest e a Cascata Los C\u00e1ntaros em um passeio sem traslado de Bariloche. Inclui navega\u00e7\u00e3o guiada pelo Nahuel Huapi. Reserve agora.","robots":{"index":"index","follow":"follow","max-snippet":"max-snippet:-1","max-image-preview":"max-image-preview:large","max-video-preview":"max-video-preview:-1"},"canonical":"https:\/\/adventurecenter.com.ar\/pt\/product\/puerto-blest-waterfall-los-cantaros-no-transfer\/","og_locale":"pt_BR","og_type":"article","og_title":"Puerto Blest y Cascada \u201cLos Cantaros\u201d Sin Traslado","og_description":"Viv\u00ed Puerto Blest y la Cascada Los C\u00e1ntaros en una excursi\u00f3n sin traslado desde Bariloche. Incluye navegaci\u00f3n guiada por el Nahuel Huapi. Reserv\u00e1 ahora.","og_url":"https:\/\/adventurecenter.com.ar\/pt\/product\/puerto-blest-waterfall-los-cantaros-no-transfer\/","og_site_name":"Adventure Center","article_modified_time":"2026-04-09T12:13:48+00:00","og_image":[{"width":1901,"height":2560,"url":"https:\/\/adventurecenter.com.ar\/wp-content\/uploads\/2025\/03\/1-A-20230902_164753-scaled.jpg","type":"image\/jpeg"}],"twitter_card":"summary_large_image","twitter_misc":{"Pre\u00e7o":"&#36;&nbsp;136.000,00","Disponibilidade":"Em Estoque"},"schema":{"@context":"https:\/\/schema.org","@graph":[{"@type":["WebPage","ItemPage"],"@id":"https:\/\/adventurecenter.com.ar\/product\/puerto-blest-cascada-los-cantaros-sin-traslado\/","url":"https:\/\/adventurecenter.com.ar\/product\/puerto-blest-cascada-los-cantaros-sin-traslado\/","name":"Puerto Blest e Cachoeira Los C\u00e1ntaros : Excurs\u00e3o sem traslado - Centro de Aventura","isPartOf":{"@id":"https:\/\/adventurecenter.com.ar\/#website"},"primaryImageOfPage":{"@id":"https:\/\/adventurecenter.com.ar\/product\/puerto-blest-cascada-los-cantaros-sin-traslado\/#primaryimage"},"image":{"@id":"https:\/\/adventurecenter.com.ar\/product\/puerto-blest-cascada-los-cantaros-sin-traslado\/#primaryimage"},"thumbnailUrl":"https:\/\/adventurecenter.com.ar\/wp-content\/uploads\/2025\/03\/1-A-20230902_164753-scaled.jpg","datePublished":"2025-03-20T23:32:24+00:00","dateModified":"2026-04-09T12:13:48+00:00","description":"Conhe\u00e7a Puerto Blest e a Cascata Los C\u00e1ntaros em um passeio sem traslado de Bariloche. Inclui navega\u00e7\u00e3o guiada pelo Nahuel Huapi. Reserve agora.","breadcrumb":{"@id":"https:\/\/adventurecenter.com.ar\/product\/puerto-blest-cascada-los-cantaros-sin-traslado\/#breadcrumb"},"inLanguage":"pt-BR","potentialAction":[{"@type":"ReadAction","target":["https:\/\/adventurecenter.com.ar\/product\/puerto-blest-cascada-los-cantaros-sin-traslado\/"]}]},{"@type":"ImageObject","inLanguage":"pt-BR","@id":"https:\/\/adventurecenter.com.ar\/product\/puerto-blest-cascada-los-cantaros-sin-traslado\/#primaryimage","url":"https:\/\/adventurecenter.com.ar\/wp-content\/uploads\/2025\/03\/1-A-20230902_164753-scaled.jpg","contentUrl":"https:\/\/adventurecenter.com.ar\/wp-content\/uploads\/2025\/03\/1-A-20230902_164753-scaled.jpg","width":1901,"height":2560},{"@type":"BreadcrumbList","@id":"https:\/\/adventurecenter.com.ar\/product\/puerto-blest-cascada-los-cantaros-sin-traslado\/#breadcrumb","itemListElement":[{"@type":"ListItem","position":1,"name":"Home","item":"https:\/\/adventurecenter.com.ar\/"},{"@type":"ListItem","position":2,"name":"Lista de excursiones","item":"https:\/\/adventurecenter.com.ar\/shop\/"},{"@type":"ListItem","position":3,"name":"Puerto Blest y Cascada \u201cLos Cantaros\u201d Sin Traslado"}]},{"@type":"WebSite","@id":"https:\/\/adventurecenter.com.ar\/#website","url":"https:\/\/adventurecenter.com.ar\/","name":"Centro de Aventura","description":"Turismo em Bariloche Patag\u00f4nia Argentina","publisher":{"@id":"https:\/\/adventurecenter.com.ar\/#organization"},"potentialAction":[{"@type":"SearchAction","target":{"@type":"EntryPoint","urlTemplate":"https:\/\/adventurecenter.com.ar\/?s={search_term_string}"},"query-input":{"@type":"PropertyValueSpecification","valueRequired":true,"valueName":"search_term_string"}}],"inLanguage":"pt-BR"},{"@type":"Organization","@id":"https:\/\/adventurecenter.com.ar\/#organization","name":"Centro de Aventura","url":"https:\/\/adventurecenter.com.ar\/","logo":{"@type":"ImageObject","inLanguage":"pt-BR","@id":"https:\/\/adventurecenter.com.ar\/#\/schema\/logo\/image\/","url":"https:\/\/adventurecenter.com.ar\/wp-content\/uploads\/2022\/10\/logo-definitivo-copia.png","contentUrl":"https:\/\/adventurecenter.com.ar\/wp-content\/uploads\/2022\/10\/logo-definitivo-copia.png","width":150,"height":55,"caption":"Adventure Center"},"image":{"@id":"https:\/\/adventurecenter.com.ar\/#\/schema\/logo\/image\/"}}]},"product_price_amount":"136000.00","product_price_currency":"ARS","og_availability":"instock","product_availability":"instock","product_retailer_item_id":"ADV2025PUBLYC297O","product_condition":"new"},"_links":{"self":[{"href":"https:\/\/adventurecenter.com.ar\/pt\/wp-json\/wp\/v2\/product\/376935","targetHints":{"allow":["GET"]}}],"collection":[{"href":"https:\/\/adventurecenter.com.ar\/pt\/wp-json\/wp\/v2\/product"}],"about":[{"href":"https:\/\/adventurecenter.com.ar\/pt\/wp-json\/wp\/v2\/types\/product"}],"replies":[{"embeddable":true,"href":"https:\/\/adventurecenter.com.ar\/pt\/wp-json\/wp\/v2\/comments?post=376935"}],"wp:featuredmedia":[{"embeddable":true,"href":"https:\/\/adventurecenter.com.ar\/pt\/wp-json\/wp\/v2\/media\/379182"}],"wp:attachment":[{"href":"https:\/\/adventurecenter.com.ar\/pt\/wp-json\/wp\/v2\/media?parent=376935"}],"wp:term":[{"taxonomy":"product_brand","embeddable":true,"href":"https:\/\/adventurecenter.com.ar\/pt\/wp-json\/wp\/v2\/product_brand?post=376935"},{"taxonomy":"product_cat","embeddable":true,"href":"https:\/\/adventurecenter.com.ar\/pt\/wp-json\/wp\/v2\/product_cat?post=376935"},{"taxonomy":"product_tag","embeddable":true,"href":"https:\/\/adventurecenter.com.ar\/pt\/wp-json\/wp\/v2\/product_tag?post=376935"}],"curies":[{"name":"wp","href":"https:\/\/api.w.org\/{rel}","templated":true}]}}