{"id":376934,"date":"2025-03-20T20:32:08","date_gmt":"2025-03-20T23:32:08","guid":{"rendered":"https:\/\/adventurecenter.com.ar\/?post_type=product&#038;p=376934"},"modified":"2026-04-09T09:13:48","modified_gmt":"2026-04-09T12:13:48","slug":"puerto-blest-cascada-los-cantaros-lago-frias-sin-traslado","status":"publish","type":"product","link":"https:\/\/adventurecenter.com.ar\/pt\/product\/puerto-blest-cachoeira-cantaros-lago-frias-sem-traslado\/","title":{"rendered":"Puerto Blest e Cachoeira \"Los Cantaros\" + Lago Frias sem traslado"},"content":{"rendered":"<h2>Mergulhe na serenidade de Puerto Blest e na Cascada de los C\u00e1ntaros (cachoeira).<\/h2>\n<p>Iniciar a partir de <strong>Puerto Pa\u00f1uelo<\/strong>localizado a apenas 25 km de <strong>San Carlos de Bariloche<\/strong>para experimentar uma viagem inigual\u00e1vel nas \u00e1guas do <strong>Lago Nahuel Huapi<\/strong>. Durante o passeio, admire a <strong>Ilhota Sentinela<\/strong>o local de descanso do c\u00e9lebre <strong>Perito Moreno<\/strong>e caminhe por fascinantes passarelas que o guiar\u00e3o at\u00e9 o espetacular <strong>Cachoeira Los C\u00e1ntaros<\/strong>cercado por imponentes paredes de granito.<\/p>\n<h3>Uma jornada de conex\u00e3o com a natureza<\/h3>\n<p>Durante o cruzeiro, desfrute de vistas espl\u00eandidas da <strong>Cordilheira dos Andes<\/strong> e as ilhas que povoam essa regi\u00e3o majestosa. Em <strong>Puerto Blest<\/strong>explore a serenidade do <strong>Ba\u00eda<\/strong> e contemplar as \u00e1guas cor de esmeralda do <strong>Lago Frias<\/strong>manchado pela eros\u00e3o das geleiras do <strong>Serra do Tronador<\/strong>.<\/p>\n<h3>Experi\u00eancias de aventura<\/h3>\n<ul>\n<li><strong>Caminhadas guiadas<\/strong> pela exuberante floresta tropical de Vald\u00edvia, lar de uma biodiversidade incr\u00edvel.<\/li>\n<li><strong>Trilhas<\/strong> que se adaptam a uma variedade de habilidades, permitindo que voc\u00ea explore em seu pr\u00f3prio ritmo.<\/li>\n<\/ul>\n<h2>Alternativas e conveni\u00eancias de navega\u00e7\u00e3o<\/h2>\n<p>Sua odisseia termina com um retorno a <strong>Puerto Pa\u00f1uelo<\/strong> navegando no <strong>Bra\u00e7o aben\u00e7oado<\/strong>onde o <strong>Serra do Tronador<\/strong> oferece um p\u00f4r do sol cativante. A extens\u00e3o em dire\u00e7\u00e3o ao <strong>Lago Frias<\/strong> inclui uma curta viagem de \u00f4nibus de 3 km at\u00e9 <strong>Porto Alegre<\/strong>De l\u00e1, voc\u00ea partir\u00e1 em um barco moderno para admirar esse belo lago.<\/p>\n<h3>Dados \u00fateis<\/h3>\n<ul>\n<li><strong>Dura\u00e7\u00e3o:<\/strong> Das 9:00 \u00e0s 17:00 horas, aproximadamente.<\/li>\n<li><strong>Ele inclui:<\/strong> Passeios de barco guiados, caminhadas na floresta, navega\u00e7\u00e3o no Lago Frias.<\/li>\n<li><strong>N\u00e3o inclu\u00eddo:<\/strong> Transfer\u00eancia para <strong>Puerto Pa\u00f1uelo<\/strong>refei\u00e7\u00f5es (paradores est\u00e3o dispon\u00edveis) e taxas de entrada no Parque Nacional.<\/li>\n<\/ul>\n<h2>Perguntas frequentes<\/h2>\n<ul>\n<li><strong>Onde posso pagar a taxa de entrada e de embarque no Parque Nacional?<\/strong><br \/>\nEssas docas s\u00e3o canceladas em <strong>Puerto Pa\u00f1uelo<\/strong>A \u00fanica maneira de chegar ao aeroporto \u00e9 usando dinheiro em pesos argentinos no dia da atividade. Os residentes de <strong>San Carlos de Bariloche<\/strong>Os deficientes f\u00edsicos, pessoas com defici\u00eancia, crian\u00e7as com menos de cinco anos de idade e aposentados est\u00e3o isentos.<\/li>\n<li><strong>O desconto para aposentados \u00e9 exclusivo para argentinos?<\/strong><br \/>\nSim, a tarifa reduzida \u00e9 apenas para aposentados argentinos, e a carteira de identidade correspondente deve ser apresentada no embarque.<\/li>\n<li><strong>Qual \u00e9 a dura\u00e7\u00e3o das caminhadas?<\/strong><br \/>\nAs caminhadas em <strong>Puerto Blest<\/strong> variam em dificuldade. A rota para o <strong>Cachoeira Los C\u00e1ntaros<\/strong> inclui cerca de 700 degraus, com pontos de vista e \u00e1reas de descanso.<\/li>\n<\/ul>","protected":false},"excerpt":{"rendered":"<h2>Explora\u00e7\u00e3o em Puerto Blest e na cachoeira \"Los C\u00e1ntaros\".<\/h2>\n<p>Iniciar a partir de <strong>Puerto Pa\u00f1uelo<\/strong> em uma jornada inesquec\u00edvel rumo ao <strong>Cachoeira Los C\u00e1ntaros<\/strong>navegando nas \u00e1guas serenas do <strong>Lago Nahuel Huapi<\/strong>. Descubra o enigm\u00e1tico <strong>Lago Frias<\/strong> e caminhe pelas trilhas do <strong>Floresta Valdiviana<\/strong> sob a imponente majestade do <strong>Cordilheira dos Andes<\/strong>.<\/p>","protected":false},"featured_media":379184,"comment_status":"open","ping_status":"closed","template":"","meta":[],"product_brand":[],"product_cat":[85,79,71,73,90,101,81,83],"product_tag":[],"class_list":{"0":"post-376934","1":"product","2":"type-product","3":"status-publish","4":"has-post-thumbnail","6":"product_cat-adultos","7":"product_cat-familia","8":"product_cat-jubilados","9":"product_cat-lacustre","10":"product_cat-ninos","11":"product_cat-sin-comida","12":"product_cat-sin-traslado","13":"product_cat-todo-el-ano","15":"first","16":"instock","17":"virtual","18":"sold-individually","19":"purchasable","20":"product-type-booking"},"booking_location":"","booking_location_type":"","booking_duration":60,"booking_duration_unit":"minute","booking_buffer":0,"booking_cost":0,"booking_resources":[],"exclude_global_add_ons":false,"addons":[{"name":"ADU | Adulto","type":"input_multiplier","position":0,"required":false,"title_format":"label","default":"","description_enable":false,"description":"","placeholder_enable":false,"placeholder":"","display":"select","restrictions_type":"any_text","adjust_price":true,"price":"190000","price_type":"quantity_based","restrictions":false,"min":"0","max":"0","options":[],"id":1773233364},{"name":"MEN512 | 5 a 12","type":"input_multiplier","position":1,"required":false,"title_format":"label","default":"","description_enable":false,"description":"","placeholder_enable":false,"placeholder":"","display":"select","restrictions_type":"any_text","adjust_price":true,"price":"97000","price_type":"quantity_based","restrictions":false,"min":"0","max":"0","options":[],"id":1773233365},{"name":"ADUJ : Aposentado","type":"input_multiplier","position":2,"required":false,"title_format":"label","default":"","description_enable":false,"description":"","placeholder_enable":false,"placeholder":"","display":"select","restrictions_type":"any_text","adjust_price":true,"price":"97000","price_type":"quantity_based","restrictions":false,"min":"0","max":"0","options":[],"id":1773233366}],"yoast_head":"<!-- This site is optimized with the Yoast SEO Premium plugin v24.5 (Yoast SEO v24.8) - https:\/\/yoast.com\/wordpress\/plugins\/seo\/ -->\n<title>Puerto Blest, Los C\u00e1ntaros y Lago Fr\u00edas | Sin traslado - Adventure Center<\/title>\n<meta name=\"description\" content=\"Naveg\u00e1 desde Puerto Pa\u00f1uelo por el Nahuel Huapi y descubr\u00ed Puerto Blest, la Cascada Los C\u00e1ntaros y el Lago Fr\u00edas. Excursi\u00f3n sin traslado ideal.\" \/>\n<meta name=\"robots\" content=\"index, follow, max-snippet:-1, max-image-preview:large, max-video-preview:-1\" \/>\n<link rel=\"canonical\" href=\"https:\/\/adventurecenter.com.ar\/pt\/product\/puerto-blest-cachoeira-cantaros-lago-frias-sem-traslado\/\" \/>\n<meta property=\"og:locale\" content=\"pt_BR\" \/>\n<meta property=\"og:type\" content=\"article\" \/>\n<meta property=\"og:title\" content=\"Puerto Blest y Cascada \u201cLos Cantaros\u201d + Lago Frias sin Traslado\" \/>\n<meta property=\"og:description\" content=\"Naveg\u00e1 desde Puerto Pa\u00f1uelo por el Nahuel Huapi y descubr\u00ed Puerto Blest, la Cascada Los C\u00e1ntaros y el Lago Fr\u00edas. Excursi\u00f3n sin traslado ideal.\" \/>\n<meta property=\"og:url\" content=\"https:\/\/adventurecenter.com.ar\/pt\/product\/puerto-blest-cachoeira-cantaros-lago-frias-sem-traslado\/\" \/>\n<meta property=\"og:site_name\" content=\"Adventure Center\" \/>\n<meta property=\"article:modified_time\" content=\"2026-04-09T12:13:48+00:00\" \/>\n<meta property=\"og:image\" content=\"https:\/\/adventurecenter.com.ar\/wp-content\/uploads\/2025\/03\/1-C-Cascada-de-los-Cantaros-scaled.jpg\" \/>\n\t<meta property=\"og:image:width\" content=\"2016\" \/>\n\t<meta property=\"og:image:height\" content=\"2560\" \/>\n\t<meta property=\"og:image:type\" content=\"image\/jpeg\" \/>\n<meta name=\"twitter:card\" content=\"summary_large_image\" \/>\n<meta name=\"twitter:label1\" content=\"Pre\u00e7o\" \/>\n\t<meta name=\"twitter:data1\" content=\"&#036;&nbsp;190.000,00\" \/>\n\t<meta name=\"twitter:label2\" content=\"Disponibilidade\" \/>\n\t<meta name=\"twitter:data2\" content=\"Em Estoque\" \/>\n<script type=\"application\/ld+json\" class=\"yoast-schema-graph\">{\"@context\":\"https:\/\/schema.org\",\"@graph\":[{\"@type\":[\"WebPage\",\"ItemPage\"],\"@id\":\"https:\/\/adventurecenter.com.ar\/product\/puerto-blest-cascada-los-cantaros-lago-frias-sin-traslado\/\",\"url\":\"https:\/\/adventurecenter.com.ar\/product\/puerto-blest-cascada-los-cantaros-lago-frias-sin-traslado\/\",\"name\":\"Puerto Blest, Los C\u00e1ntaros y Lago Fr\u00edas | Sin traslado - Adventure Center\",\"isPartOf\":{\"@id\":\"https:\/\/adventurecenter.com.ar\/#website\"},\"primaryImageOfPage\":{\"@id\":\"https:\/\/adventurecenter.com.ar\/product\/puerto-blest-cascada-los-cantaros-lago-frias-sin-traslado\/#primaryimage\"},\"image\":{\"@id\":\"https:\/\/adventurecenter.com.ar\/product\/puerto-blest-cascada-los-cantaros-lago-frias-sin-traslado\/#primaryimage\"},\"thumbnailUrl\":\"https:\/\/adventurecenter.com.ar\/wp-content\/uploads\/2025\/03\/1-C-Cascada-de-los-Cantaros-scaled.jpg\",\"datePublished\":\"2025-03-20T23:32:08+00:00\",\"dateModified\":\"2026-04-09T12:13:48+00:00\",\"description\":\"Naveg\u00e1 desde Puerto Pa\u00f1uelo por el Nahuel Huapi y descubr\u00ed Puerto Blest, la Cascada Los C\u00e1ntaros y el Lago Fr\u00edas. Excursi\u00f3n sin traslado ideal.\",\"breadcrumb\":{\"@id\":\"https:\/\/adventurecenter.com.ar\/product\/puerto-blest-cascada-los-cantaros-lago-frias-sin-traslado\/#breadcrumb\"},\"inLanguage\":\"pt-BR\",\"potentialAction\":[{\"@type\":\"ReadAction\",\"target\":[\"https:\/\/adventurecenter.com.ar\/product\/puerto-blest-cascada-los-cantaros-lago-frias-sin-traslado\/\"]}]},{\"@type\":\"ImageObject\",\"inLanguage\":\"pt-BR\",\"@id\":\"https:\/\/adventurecenter.com.ar\/product\/puerto-blest-cascada-los-cantaros-lago-frias-sin-traslado\/#primaryimage\",\"url\":\"https:\/\/adventurecenter.com.ar\/wp-content\/uploads\/2025\/03\/1-C-Cascada-de-los-Cantaros-scaled.jpg\",\"contentUrl\":\"https:\/\/adventurecenter.com.ar\/wp-content\/uploads\/2025\/03\/1-C-Cascada-de-los-Cantaros-scaled.jpg\",\"width\":2016,\"height\":2560},{\"@type\":\"BreadcrumbList\",\"@id\":\"https:\/\/adventurecenter.com.ar\/product\/puerto-blest-cascada-los-cantaros-lago-frias-sin-traslado\/#breadcrumb\",\"itemListElement\":[{\"@type\":\"ListItem\",\"position\":1,\"name\":\"Home\",\"item\":\"https:\/\/adventurecenter.com.ar\/\"},{\"@type\":\"ListItem\",\"position\":2,\"name\":\"Lista de excursiones\",\"item\":\"https:\/\/adventurecenter.com.ar\/shop\/\"},{\"@type\":\"ListItem\",\"position\":3,\"name\":\"Puerto Blest y Cascada \u201cLos Cantaros\u201d + Lago Frias sin Traslado\"}]},{\"@type\":\"WebSite\",\"@id\":\"https:\/\/adventurecenter.com.ar\/#website\",\"url\":\"https:\/\/adventurecenter.com.ar\/\",\"name\":\"Adventure Center\",\"description\":\"Turismo en Bariloche Patagonia Argentina\",\"publisher\":{\"@id\":\"https:\/\/adventurecenter.com.ar\/#organization\"},\"potentialAction\":[{\"@type\":\"SearchAction\",\"target\":{\"@type\":\"EntryPoint\",\"urlTemplate\":\"https:\/\/adventurecenter.com.ar\/?s={search_term_string}\"},\"query-input\":{\"@type\":\"PropertyValueSpecification\",\"valueRequired\":true,\"valueName\":\"search_term_string\"}}],\"inLanguage\":\"pt-BR\"},{\"@type\":\"Organization\",\"@id\":\"https:\/\/adventurecenter.com.ar\/#organization\",\"name\":\"Adventure Center\",\"url\":\"https:\/\/adventurecenter.com.ar\/\",\"logo\":{\"@type\":\"ImageObject\",\"inLanguage\":\"pt-BR\",\"@id\":\"https:\/\/adventurecenter.com.ar\/#\/schema\/logo\/image\/\",\"url\":\"https:\/\/adventurecenter.com.ar\/wp-content\/uploads\/2022\/10\/logo-definitivo-copia.png\",\"contentUrl\":\"https:\/\/adventurecenter.com.ar\/wp-content\/uploads\/2022\/10\/logo-definitivo-copia.png\",\"width\":150,\"height\":55,\"caption\":\"Adventure Center\"},\"image\":{\"@id\":\"https:\/\/adventurecenter.com.ar\/#\/schema\/logo\/image\/\"}}]}<\/script>\n<meta property=\"product:price:amount\" content=\"190000.00\" \/>\n<meta property=\"product:price:currency\" content=\"ARS\" \/>\n<meta property=\"og:availability\" content=\"instock\" \/>\n<meta property=\"product:availability\" content=\"instock\" \/>\n<meta property=\"product:retailer_item_id\" content=\"ADV2025PUBLYC33V7\" \/>\n<meta property=\"product:condition\" content=\"new\" \/>\n<!-- \/ Yoast SEO Premium plugin. -->","yoast_head_json":{"title":"Puerto Blest, Los C\u00e1ntaros e Lago Fr\u00edas | Sem traslado - Centro de Aventura","description":"Navegue de Puerto Pa\u00f1uelo pelo Nahuel Huapi e descubra Puerto Blest, a cachoeira Los C\u00e1ntaros e o Lago Fr\u00edas. Excurs\u00e3o ideal sem traslado.","robots":{"index":"index","follow":"follow","max-snippet":"max-snippet:-1","max-image-preview":"max-image-preview:large","max-video-preview":"max-video-preview:-1"},"canonical":"https:\/\/adventurecenter.com.ar\/pt\/product\/puerto-blest-cachoeira-cantaros-lago-frias-sem-traslado\/","og_locale":"pt_BR","og_type":"article","og_title":"Puerto Blest y Cascada \u201cLos Cantaros\u201d + Lago Frias sin Traslado","og_description":"Naveg\u00e1 desde Puerto Pa\u00f1uelo por el Nahuel Huapi y descubr\u00ed Puerto Blest, la Cascada Los C\u00e1ntaros y el Lago Fr\u00edas. Excursi\u00f3n sin traslado ideal.","og_url":"https:\/\/adventurecenter.com.ar\/pt\/product\/puerto-blest-cachoeira-cantaros-lago-frias-sem-traslado\/","og_site_name":"Adventure Center","article_modified_time":"2026-04-09T12:13:48+00:00","og_image":[{"width":2016,"height":2560,"url":"https:\/\/adventurecenter.com.ar\/wp-content\/uploads\/2025\/03\/1-C-Cascada-de-los-Cantaros-scaled.jpg","type":"image\/jpeg"}],"twitter_card":"summary_large_image","twitter_misc":{"Pre\u00e7o":"&#36;&nbsp;190.000,00","Disponibilidade":"Em Estoque"},"schema":{"@context":"https:\/\/schema.org","@graph":[{"@type":["WebPage","ItemPage"],"@id":"https:\/\/adventurecenter.com.ar\/product\/puerto-blest-cascada-los-cantaros-lago-frias-sin-traslado\/","url":"https:\/\/adventurecenter.com.ar\/product\/puerto-blest-cascada-los-cantaros-lago-frias-sin-traslado\/","name":"Puerto Blest, Los C\u00e1ntaros e Lago Fr\u00edas | Sem traslado - Centro de Aventura","isPartOf":{"@id":"https:\/\/adventurecenter.com.ar\/#website"},"primaryImageOfPage":{"@id":"https:\/\/adventurecenter.com.ar\/product\/puerto-blest-cascada-los-cantaros-lago-frias-sin-traslado\/#primaryimage"},"image":{"@id":"https:\/\/adventurecenter.com.ar\/product\/puerto-blest-cascada-los-cantaros-lago-frias-sin-traslado\/#primaryimage"},"thumbnailUrl":"https:\/\/adventurecenter.com.ar\/wp-content\/uploads\/2025\/03\/1-C-Cascada-de-los-Cantaros-scaled.jpg","datePublished":"2025-03-20T23:32:08+00:00","dateModified":"2026-04-09T12:13:48+00:00","description":"Navegue de Puerto Pa\u00f1uelo pelo Nahuel Huapi e descubra Puerto Blest, a cachoeira Los C\u00e1ntaros e o Lago Fr\u00edas. Excurs\u00e3o ideal sem traslado.","breadcrumb":{"@id":"https:\/\/adventurecenter.com.ar\/product\/puerto-blest-cascada-los-cantaros-lago-frias-sin-traslado\/#breadcrumb"},"inLanguage":"pt-BR","potentialAction":[{"@type":"ReadAction","target":["https:\/\/adventurecenter.com.ar\/product\/puerto-blest-cascada-los-cantaros-lago-frias-sin-traslado\/"]}]},{"@type":"ImageObject","inLanguage":"pt-BR","@id":"https:\/\/adventurecenter.com.ar\/product\/puerto-blest-cascada-los-cantaros-lago-frias-sin-traslado\/#primaryimage","url":"https:\/\/adventurecenter.com.ar\/wp-content\/uploads\/2025\/03\/1-C-Cascada-de-los-Cantaros-scaled.jpg","contentUrl":"https:\/\/adventurecenter.com.ar\/wp-content\/uploads\/2025\/03\/1-C-Cascada-de-los-Cantaros-scaled.jpg","width":2016,"height":2560},{"@type":"BreadcrumbList","@id":"https:\/\/adventurecenter.com.ar\/product\/puerto-blest-cascada-los-cantaros-lago-frias-sin-traslado\/#breadcrumb","itemListElement":[{"@type":"ListItem","position":1,"name":"Home","item":"https:\/\/adventurecenter.com.ar\/"},{"@type":"ListItem","position":2,"name":"Lista de excursiones","item":"https:\/\/adventurecenter.com.ar\/shop\/"},{"@type":"ListItem","position":3,"name":"Puerto Blest y Cascada \u201cLos Cantaros\u201d + Lago Frias sin Traslado"}]},{"@type":"WebSite","@id":"https:\/\/adventurecenter.com.ar\/#website","url":"https:\/\/adventurecenter.com.ar\/","name":"Centro de Aventura","description":"Turismo em Bariloche Patag\u00f4nia Argentina","publisher":{"@id":"https:\/\/adventurecenter.com.ar\/#organization"},"potentialAction":[{"@type":"SearchAction","target":{"@type":"EntryPoint","urlTemplate":"https:\/\/adventurecenter.com.ar\/?s={search_term_string}"},"query-input":{"@type":"PropertyValueSpecification","valueRequired":true,"valueName":"search_term_string"}}],"inLanguage":"pt-BR"},{"@type":"Organization","@id":"https:\/\/adventurecenter.com.ar\/#organization","name":"Centro de Aventura","url":"https:\/\/adventurecenter.com.ar\/","logo":{"@type":"ImageObject","inLanguage":"pt-BR","@id":"https:\/\/adventurecenter.com.ar\/#\/schema\/logo\/image\/","url":"https:\/\/adventurecenter.com.ar\/wp-content\/uploads\/2022\/10\/logo-definitivo-copia.png","contentUrl":"https:\/\/adventurecenter.com.ar\/wp-content\/uploads\/2022\/10\/logo-definitivo-copia.png","width":150,"height":55,"caption":"Adventure Center"},"image":{"@id":"https:\/\/adventurecenter.com.ar\/#\/schema\/logo\/image\/"}}]},"product_price_amount":"190000.00","product_price_currency":"ARS","og_availability":"instock","product_availability":"instock","product_retailer_item_id":"ADV2025PUBLYC33V7","product_condition":"new"},"_links":{"self":[{"href":"https:\/\/adventurecenter.com.ar\/pt\/wp-json\/wp\/v2\/product\/376934","targetHints":{"allow":["GET"]}}],"collection":[{"href":"https:\/\/adventurecenter.com.ar\/pt\/wp-json\/wp\/v2\/product"}],"about":[{"href":"https:\/\/adventurecenter.com.ar\/pt\/wp-json\/wp\/v2\/types\/product"}],"replies":[{"embeddable":true,"href":"https:\/\/adventurecenter.com.ar\/pt\/wp-json\/wp\/v2\/comments?post=376934"}],"wp:featuredmedia":[{"embeddable":true,"href":"https:\/\/adventurecenter.com.ar\/pt\/wp-json\/wp\/v2\/media\/379184"}],"wp:attachment":[{"href":"https:\/\/adventurecenter.com.ar\/pt\/wp-json\/wp\/v2\/media?parent=376934"}],"wp:term":[{"taxonomy":"product_brand","embeddable":true,"href":"https:\/\/adventurecenter.com.ar\/pt\/wp-json\/wp\/v2\/product_brand?post=376934"},{"taxonomy":"product_cat","embeddable":true,"href":"https:\/\/adventurecenter.com.ar\/pt\/wp-json\/wp\/v2\/product_cat?post=376934"},{"taxonomy":"product_tag","embeddable":true,"href":"https:\/\/adventurecenter.com.ar\/pt\/wp-json\/wp\/v2\/product_tag?post=376934"}],"curies":[{"name":"wp","href":"https:\/\/api.w.org\/{rel}","templated":true}]}}