{"id":376933,"date":"2026-04-09T20:12:26","date_gmt":"2026-04-09T23:12:26","guid":{"rendered":"https:\/\/adventurecenter.com.ar\/?post_type=product&#038;p=376933"},"modified":"2026-04-10T15:41:21","modified_gmt":"2026-04-10T18:41:21","slug":"clase-bautismo-ski-snow-cerro-catedral","status":"publish","type":"product","link":"https:\/\/adventurecenter.com.ar\/pt\/product\/aula-de-batismo-esqui-neve-esqui-cerro-catedral\/","title":{"rendered":"Experimente seu batismo de esqui\/snowboard na neve em Cerro Catedral"},"content":{"rendered":"<h3 data-start=\"406\" data-end=\"513\"><strong data-start=\"410\" data-end=\"513\">Sua primeira experi\u00eancia na neve, com toda a emo\u00e7\u00e3o de esquiar ou praticar snowboard no Cerro Catedral.<\/strong><\/h3>\n<p data-start=\"515\" data-end=\"808\">Voc\u00ea sempre sonhou em aprender a esquiar ou praticar snowboard? Essa experi\u00eancia foi criada para voc\u00ea. Especialmente projetado para iniciantes, o <strong data-start=\"665\" data-end=\"701\">Aula de batismo no Cerro Catedral<\/strong> oferece seu primeiro contato real com os esportes de neve na maior esta\u00e7\u00e3o de esqui da Am\u00e9rica do Sul.<\/p>\n<p data-start=\"810\" data-end=\"1150\">Do centro de Bariloche, n\u00f3s o levaremos at\u00e9 a base da montanha em um traslado confort\u00e1vel e seguro. Uma vez l\u00e1, voc\u00ea receber\u00e1 o equipamento t\u00e9cnico completo e iniciar\u00e1 um <strong data-start=\"975\" data-end=\"1002\">Aula em grupo de 2 horas<\/strong> com instrutores especializados. Aprenda o b\u00e1sico, ganhe confian\u00e7a em um ambiente controlado e aproveite um dia na neve no seu pr\u00f3prio ritmo.<\/p>\n<p data-start=\"1152\" data-end=\"1280\">Ap\u00f3s a aula, voc\u00ea pode continuar praticando livremente pelo resto do dia em pistas adaptadas para iniciantes.<\/p>\n<p data-start=\"1282\" data-end=\"1422\">A atividade est\u00e1 dispon\u00edvel todos os dias entre 1\u00ba de abril e 15 de agosto, das 8:00 \u00e0s 16:00 horas. Recomendado para crian\u00e7as acima de 12 anos de idade.<\/p>\n<h3 data-start=\"1429\" data-end=\"1463\"><strong data-start=\"1433\" data-end=\"1463\">O que a atividade inclui?<\/strong><\/h3>\n<p data-start=\"1465\" data-end=\"1691\">Este programa inclui traslado de ida e volta dos pontos de encontro entre o centro de Bariloche e o km 8 da Av. Bustillo ou Pioneros, equipamento completo de esqui ou snowboard, aulas intensivas em grupo e acesso \u00e0s pistas de pr\u00e1tica.<\/p>\n<p data-start=\"1693\" data-end=\"1785\">N\u00e3o inclui roupas de neve, refei\u00e7\u00f5es ou ingressos para telef\u00e9ricos ou outros meios de eleva\u00e7\u00e3o.<\/p>\n<h3 data-start=\"1792\" data-end=\"1820\"><strong data-start=\"1796\" data-end=\"1820\">Perguntas frequentes<\/strong><\/h3>\n<p data-start=\"1822\" data-end=\"1958\"><strong data-start=\"1822\" data-end=\"1865\">\u00c9 necess\u00e1rio ter experi\u00eancia anterior?<\/strong><br data-start=\"1865\" data-end=\"1868\" \/>N\u00e3o. Esta aula foi projetada exclusivamente para aqueles que nunca esquiaram ou praticaram snowboard.<\/p>\n<p data-start=\"1960\" data-end=\"2063\"><strong data-start=\"1960\" data-end=\"2001\">Que idade devo ter para participar?<\/strong><br data-start=\"2001\" data-end=\"2004\" \/>A atividade \u00e9 adequada para pessoas com 12 anos ou mais.<\/p>\n<p data-start=\"2065\" data-end=\"2218\"><strong data-start=\"2065\" data-end=\"2120\">Posso continuar usando o equipamento depois da aula?<\/strong><br data-start=\"2120\" data-end=\"2123\" \/>Sim, o equipamento permanece dispon\u00edvel durante o resto do dia para que voc\u00ea continue praticando.<\/p>\n<p data-start=\"2220\" data-end=\"2347\"><strong data-start=\"2220\" data-end=\"2267\">O pre\u00e7o inclui o passe para o telef\u00e9rico?<\/strong><br data-start=\"2267\" data-end=\"2270\" \/>N\u00e3o, o acesso aos elevadores \u00e9 pago separadamente e n\u00e3o est\u00e1 inclu\u00eddo.<\/p>\n<p><strong>Aviso importante:<\/strong> Este passeio j\u00e1 est\u00e1 dispon\u00edvel para pr\u00e9-reserva. As sa\u00eddas operam de 15 de junho a 20 de agosto, sujeitas ao calend\u00e1rio sazonal.<\/p>","protected":false},"excerpt":{"rendered":"<p>Embarque na inesquec\u00edvel aventura de aprender a esquiar ou praticar snowboard no famoso Cerro Catedral. Inclui traslado, equipamento completo e uma aula guiada a partir de Bariloche, combinando aventura com luxo e conforto.<\/p>","protected":false},"featured_media":379196,"comment_status":"open","ping_status":"closed","template":"","meta":[],"product_brand":[],"product_cat":[85,84,70,79,74,90,101,78],"product_tag":[],"class_list":{"0":"post-376933","1":"product","2":"type-product","3":"status-publish","4":"has-post-thumbnail","6":"product_cat-adultos","7":"product_cat-aventura","8":"product_cat-con-traslado","9":"product_cat-familia","10":"product_cat-invierno","11":"product_cat-ninos","12":"product_cat-sin-comida","13":"product_cat-terrestre-tipo","15":"first","16":"instock","17":"virtual","18":"sold-individually","19":"purchasable","20":"product-type-booking"},"booking_location":"","booking_location_type":"","booking_duration":1,"booking_duration_unit":"hour","booking_buffer":0,"booking_cost":0,"booking_resources":[],"exclude_global_add_ons":false,"addons":[{"name":"ADU | Adulto","type":"input_multiplier","position":0,"required":false,"title_format":"label","default":"","description_enable":false,"description":"","placeholder_enable":false,"placeholder":"","display":"select","restrictions_type":"any_text","adjust_price":true,"price":"144000","price_type":"quantity_based","restrictions":false,"min":"0","max":"0","options":[],"id":1775835648}],"yoast_head":"<!-- This site is optimized with the Yoast SEO Premium plugin v24.5 (Yoast SEO v24.8) - https:\/\/yoast.com\/wordpress\/plugins\/seo\/ -->\n<title>Viv\u00ed tu Bautismo de ski \/ snow en la Nieve en el Cerro Catedral - Adventure Center<\/title>\n<meta name=\"description\" content=\"Clase bautismo de ski o snowboard en Cerro Catedral. Incluye equipo, clase grupal y traslado. Ideal para principiantes desde 12 a\u00f1os. \u00a1Viv\u00ed tu primera vez en la nieve!\" \/>\n<meta name=\"robots\" content=\"index, follow, max-snippet:-1, max-image-preview:large, max-video-preview:-1\" \/>\n<link rel=\"canonical\" href=\"https:\/\/adventurecenter.com.ar\/pt\/product\/aula-de-batismo-esqui-neve-esqui-cerro-catedral\/\" \/>\n<meta property=\"og:locale\" content=\"pt_BR\" \/>\n<meta property=\"og:type\" content=\"article\" \/>\n<meta property=\"og:title\" content=\"Viv\u00ed tu Bautismo de ski \/ snow en la Nieve en el Cerro Catedral\" \/>\n<meta property=\"og:description\" content=\"Clase bautismo de ski o snowboard en Cerro Catedral. Incluye equipo, clase grupal y traslado. Ideal para principiantes desde 12 a\u00f1os. \u00a1Viv\u00ed tu primera vez en la nieve!\" \/>\n<meta property=\"og:url\" content=\"https:\/\/adventurecenter.com.ar\/pt\/product\/aula-de-batismo-esqui-neve-esqui-cerro-catedral\/\" \/>\n<meta property=\"og:site_name\" content=\"Adventure Center\" \/>\n<meta property=\"article:modified_time\" content=\"2026-04-10T18:41:21+00:00\" \/>\n<meta property=\"og:image\" content=\"https:\/\/adventurecenter.com.ar\/wp-content\/uploads\/2025\/03\/1-C-IMG_9475-scaled.jpg\" \/>\n\t<meta property=\"og:image:width\" content=\"1920\" \/>\n\t<meta property=\"og:image:height\" content=\"2560\" \/>\n\t<meta property=\"og:image:type\" content=\"image\/jpeg\" \/>\n<meta name=\"twitter:card\" content=\"summary_large_image\" \/>\n<meta name=\"twitter:label1\" content=\"Pre\u00e7o\" \/>\n\t<meta name=\"twitter:data1\" content=\"&#036;&nbsp;144.000,00\" \/>\n\t<meta name=\"twitter:label2\" content=\"Disponibilidade\" \/>\n\t<meta name=\"twitter:data2\" content=\"Em Estoque\" \/>\n<script type=\"application\/ld+json\" class=\"yoast-schema-graph\">{\"@context\":\"https:\/\/schema.org\",\"@graph\":[{\"@type\":[\"WebPage\",\"ItemPage\"],\"@id\":\"https:\/\/adventurecenter.com.ar\/product\/clase-bautismo-ski-snow-cerro-catedral\/\",\"url\":\"https:\/\/adventurecenter.com.ar\/product\/clase-bautismo-ski-snow-cerro-catedral\/\",\"name\":\"Viv\u00ed tu Bautismo de ski \/ snow en la Nieve en el Cerro Catedral - Adventure Center\",\"isPartOf\":{\"@id\":\"https:\/\/adventurecenter.com.ar\/#website\"},\"primaryImageOfPage\":{\"@id\":\"https:\/\/adventurecenter.com.ar\/product\/clase-bautismo-ski-snow-cerro-catedral\/#primaryimage\"},\"image\":{\"@id\":\"https:\/\/adventurecenter.com.ar\/product\/clase-bautismo-ski-snow-cerro-catedral\/#primaryimage\"},\"thumbnailUrl\":\"https:\/\/adventurecenter.com.ar\/wp-content\/uploads\/2025\/03\/1-C-IMG_9475-scaled.jpg\",\"datePublished\":\"2026-04-09T23:12:26+00:00\",\"dateModified\":\"2026-04-10T18:41:21+00:00\",\"description\":\"Clase bautismo de ski o snowboard en Cerro Catedral. Incluye equipo, clase grupal y traslado. Ideal para principiantes desde 12 a\u00f1os. \u00a1Viv\u00ed tu primera vez en la nieve!\",\"breadcrumb\":{\"@id\":\"https:\/\/adventurecenter.com.ar\/product\/clase-bautismo-ski-snow-cerro-catedral\/#breadcrumb\"},\"inLanguage\":\"pt-BR\",\"potentialAction\":[{\"@type\":\"ReadAction\",\"target\":[\"https:\/\/adventurecenter.com.ar\/product\/clase-bautismo-ski-snow-cerro-catedral\/\"]}]},{\"@type\":\"ImageObject\",\"inLanguage\":\"pt-BR\",\"@id\":\"https:\/\/adventurecenter.com.ar\/product\/clase-bautismo-ski-snow-cerro-catedral\/#primaryimage\",\"url\":\"https:\/\/adventurecenter.com.ar\/wp-content\/uploads\/2025\/03\/1-C-IMG_9475-scaled.jpg\",\"contentUrl\":\"https:\/\/adventurecenter.com.ar\/wp-content\/uploads\/2025\/03\/1-C-IMG_9475-scaled.jpg\",\"width\":1920,\"height\":2560},{\"@type\":\"BreadcrumbList\",\"@id\":\"https:\/\/adventurecenter.com.ar\/product\/clase-bautismo-ski-snow-cerro-catedral\/#breadcrumb\",\"itemListElement\":[{\"@type\":\"ListItem\",\"position\":1,\"name\":\"Home\",\"item\":\"https:\/\/adventurecenter.com.ar\/\"},{\"@type\":\"ListItem\",\"position\":2,\"name\":\"Lista de excursiones\",\"item\":\"https:\/\/adventurecenter.com.ar\/shop\/\"},{\"@type\":\"ListItem\",\"position\":3,\"name\":\"Viv\u00ed tu Bautismo de ski \/ snow en la Nieve en el Cerro Catedral\"}]},{\"@type\":\"WebSite\",\"@id\":\"https:\/\/adventurecenter.com.ar\/#website\",\"url\":\"https:\/\/adventurecenter.com.ar\/\",\"name\":\"Adventure Center\",\"description\":\"Turismo en Bariloche Patagonia Argentina\",\"publisher\":{\"@id\":\"https:\/\/adventurecenter.com.ar\/#organization\"},\"potentialAction\":[{\"@type\":\"SearchAction\",\"target\":{\"@type\":\"EntryPoint\",\"urlTemplate\":\"https:\/\/adventurecenter.com.ar\/?s={search_term_string}\"},\"query-input\":{\"@type\":\"PropertyValueSpecification\",\"valueRequired\":true,\"valueName\":\"search_term_string\"}}],\"inLanguage\":\"pt-BR\"},{\"@type\":\"Organization\",\"@id\":\"https:\/\/adventurecenter.com.ar\/#organization\",\"name\":\"Adventure Center\",\"url\":\"https:\/\/adventurecenter.com.ar\/\",\"logo\":{\"@type\":\"ImageObject\",\"inLanguage\":\"pt-BR\",\"@id\":\"https:\/\/adventurecenter.com.ar\/#\/schema\/logo\/image\/\",\"url\":\"https:\/\/adventurecenter.com.ar\/wp-content\/uploads\/2022\/10\/logo-definitivo-copia.png\",\"contentUrl\":\"https:\/\/adventurecenter.com.ar\/wp-content\/uploads\/2022\/10\/logo-definitivo-copia.png\",\"width\":150,\"height\":55,\"caption\":\"Adventure Center\"},\"image\":{\"@id\":\"https:\/\/adventurecenter.com.ar\/#\/schema\/logo\/image\/\"}}]}<\/script>\n<meta property=\"product:price:amount\" content=\"144000.00\" \/>\n<meta property=\"product:price:currency\" content=\"ARS\" \/>\n<meta property=\"og:availability\" content=\"instock\" \/>\n<meta property=\"product:availability\" content=\"instock\" \/>\n<meta property=\"product:retailer_item_id\" content=\"ADV2025CLBADEBK70\" \/>\n<meta property=\"product:condition\" content=\"new\" \/>\n<!-- \/ Yoast SEO Premium plugin. -->","yoast_head_json":{"title":"Experimente seu batismo de esqui\/snowboard na neve no Cerro Catedral - Centro de Aventura","description":"Aula de batismo de esqui ou snowboard no Cerro Catedral. Inclui equipamento, aula em grupo e traslado. Ideal para iniciantes a partir de 12 anos de idade, experimente sua primeira vez na neve!","robots":{"index":"index","follow":"follow","max-snippet":"max-snippet:-1","max-image-preview":"max-image-preview:large","max-video-preview":"max-video-preview:-1"},"canonical":"https:\/\/adventurecenter.com.ar\/pt\/product\/aula-de-batismo-esqui-neve-esqui-cerro-catedral\/","og_locale":"pt_BR","og_type":"article","og_title":"Viv\u00ed tu Bautismo de ski \/ snow en la Nieve en el Cerro Catedral","og_description":"Clase bautismo de ski o snowboard en Cerro Catedral. Incluye equipo, clase grupal y traslado. Ideal para principiantes desde 12 a\u00f1os. \u00a1Viv\u00ed tu primera vez en la nieve!","og_url":"https:\/\/adventurecenter.com.ar\/pt\/product\/aula-de-batismo-esqui-neve-esqui-cerro-catedral\/","og_site_name":"Adventure Center","article_modified_time":"2026-04-10T18:41:21+00:00","og_image":[{"width":1920,"height":2560,"url":"https:\/\/adventurecenter.com.ar\/wp-content\/uploads\/2025\/03\/1-C-IMG_9475-scaled.jpg","type":"image\/jpeg"}],"twitter_card":"summary_large_image","twitter_misc":{"Pre\u00e7o":"&#36;&nbsp;144.000,00","Disponibilidade":"Em Estoque"},"schema":{"@context":"https:\/\/schema.org","@graph":[{"@type":["WebPage","ItemPage"],"@id":"https:\/\/adventurecenter.com.ar\/product\/clase-bautismo-ski-snow-cerro-catedral\/","url":"https:\/\/adventurecenter.com.ar\/product\/clase-bautismo-ski-snow-cerro-catedral\/","name":"Experimente seu batismo de esqui\/snowboard na neve no Cerro Catedral - Centro de Aventura","isPartOf":{"@id":"https:\/\/adventurecenter.com.ar\/#website"},"primaryImageOfPage":{"@id":"https:\/\/adventurecenter.com.ar\/product\/clase-bautismo-ski-snow-cerro-catedral\/#primaryimage"},"image":{"@id":"https:\/\/adventurecenter.com.ar\/product\/clase-bautismo-ski-snow-cerro-catedral\/#primaryimage"},"thumbnailUrl":"https:\/\/adventurecenter.com.ar\/wp-content\/uploads\/2025\/03\/1-C-IMG_9475-scaled.jpg","datePublished":"2026-04-09T23:12:26+00:00","dateModified":"2026-04-10T18:41:21+00:00","description":"Aula de batismo de esqui ou snowboard no Cerro Catedral. Inclui equipamento, aula em grupo e traslado. Ideal para iniciantes a partir de 12 anos de idade, experimente sua primeira vez na neve!","breadcrumb":{"@id":"https:\/\/adventurecenter.com.ar\/product\/clase-bautismo-ski-snow-cerro-catedral\/#breadcrumb"},"inLanguage":"pt-BR","potentialAction":[{"@type":"ReadAction","target":["https:\/\/adventurecenter.com.ar\/product\/clase-bautismo-ski-snow-cerro-catedral\/"]}]},{"@type":"ImageObject","inLanguage":"pt-BR","@id":"https:\/\/adventurecenter.com.ar\/product\/clase-bautismo-ski-snow-cerro-catedral\/#primaryimage","url":"https:\/\/adventurecenter.com.ar\/wp-content\/uploads\/2025\/03\/1-C-IMG_9475-scaled.jpg","contentUrl":"https:\/\/adventurecenter.com.ar\/wp-content\/uploads\/2025\/03\/1-C-IMG_9475-scaled.jpg","width":1920,"height":2560},{"@type":"BreadcrumbList","@id":"https:\/\/adventurecenter.com.ar\/product\/clase-bautismo-ski-snow-cerro-catedral\/#breadcrumb","itemListElement":[{"@type":"ListItem","position":1,"name":"Home","item":"https:\/\/adventurecenter.com.ar\/"},{"@type":"ListItem","position":2,"name":"Lista de excursiones","item":"https:\/\/adventurecenter.com.ar\/shop\/"},{"@type":"ListItem","position":3,"name":"Viv\u00ed tu Bautismo de ski \/ snow en la Nieve en el Cerro Catedral"}]},{"@type":"WebSite","@id":"https:\/\/adventurecenter.com.ar\/#website","url":"https:\/\/adventurecenter.com.ar\/","name":"Centro de Aventura","description":"Turismo em Bariloche Patag\u00f4nia Argentina","publisher":{"@id":"https:\/\/adventurecenter.com.ar\/#organization"},"potentialAction":[{"@type":"SearchAction","target":{"@type":"EntryPoint","urlTemplate":"https:\/\/adventurecenter.com.ar\/?s={search_term_string}"},"query-input":{"@type":"PropertyValueSpecification","valueRequired":true,"valueName":"search_term_string"}}],"inLanguage":"pt-BR"},{"@type":"Organization","@id":"https:\/\/adventurecenter.com.ar\/#organization","name":"Centro de Aventura","url":"https:\/\/adventurecenter.com.ar\/","logo":{"@type":"ImageObject","inLanguage":"pt-BR","@id":"https:\/\/adventurecenter.com.ar\/#\/schema\/logo\/image\/","url":"https:\/\/adventurecenter.com.ar\/wp-content\/uploads\/2022\/10\/logo-definitivo-copia.png","contentUrl":"https:\/\/adventurecenter.com.ar\/wp-content\/uploads\/2022\/10\/logo-definitivo-copia.png","width":150,"height":55,"caption":"Adventure Center"},"image":{"@id":"https:\/\/adventurecenter.com.ar\/#\/schema\/logo\/image\/"}}]},"product_price_amount":"144000.00","product_price_currency":"ARS","og_availability":"instock","product_availability":"instock","product_retailer_item_id":"ADV2025CLBADEBK70","product_condition":"new"},"_links":{"self":[{"href":"https:\/\/adventurecenter.com.ar\/pt\/wp-json\/wp\/v2\/product\/376933","targetHints":{"allow":["GET"]}}],"collection":[{"href":"https:\/\/adventurecenter.com.ar\/pt\/wp-json\/wp\/v2\/product"}],"about":[{"href":"https:\/\/adventurecenter.com.ar\/pt\/wp-json\/wp\/v2\/types\/product"}],"replies":[{"embeddable":true,"href":"https:\/\/adventurecenter.com.ar\/pt\/wp-json\/wp\/v2\/comments?post=376933"}],"wp:featuredmedia":[{"embeddable":true,"href":"https:\/\/adventurecenter.com.ar\/pt\/wp-json\/wp\/v2\/media\/379196"}],"wp:attachment":[{"href":"https:\/\/adventurecenter.com.ar\/pt\/wp-json\/wp\/v2\/media?parent=376933"}],"wp:term":[{"taxonomy":"product_brand","embeddable":true,"href":"https:\/\/adventurecenter.com.ar\/pt\/wp-json\/wp\/v2\/product_brand?post=376933"},{"taxonomy":"product_cat","embeddable":true,"href":"https:\/\/adventurecenter.com.ar\/pt\/wp-json\/wp\/v2\/product_cat?post=376933"},{"taxonomy":"product_tag","embeddable":true,"href":"https:\/\/adventurecenter.com.ar\/pt\/wp-json\/wp\/v2\/product_tag?post=376933"}],"curies":[{"name":"wp","href":"https:\/\/api.w.org\/{rel}","templated":true}]}}