{"id":376932,"date":"2026-04-09T20:12:24","date_gmt":"2026-04-09T23:12:24","guid":{"rendered":"https:\/\/adventurecenter.com.ar\/?post_type=product&#038;p=376932"},"modified":"2026-04-10T15:04:09","modified_gmt":"2026-04-10T18:04:09","slug":"caminata-a-la-laguna-congelada-neumeyer","status":"publish","type":"product","link":"https:\/\/adventurecenter.com.ar\/pt\/product\/caminhada-ate-a-lagoa-congelada-de-neumeyer\/","title":{"rendered":"Caminhada at\u00e9 a Neumeyer Frozen Lagoon: aventura na neve e cen\u00e1rio de inverno \u00fanico"},"content":{"rendered":"<h3 data-start=\"527\" data-end=\"633\"><strong data-start=\"531\" data-end=\"633\">Uma experi\u00eancia no cora\u00e7\u00e3o da Patag\u00f4nia branca, entre raquetes de neve, lagos congelados e florestas milenares.<\/strong><\/h3>\n<p data-start=\"635\" data-end=\"957\">Durante os meses mais m\u00e1gicos do inverno, n\u00f3s o convidamos a experimentar um tipo diferente de caminhada: um passeio com raquetes de neve at\u00e9 a lagoa congelada do Ref\u00fagio Neumeyer, um canto escondido entre montanhas e florestas do Parque Nacional Nahuel Huapi. Uma proposta para aqueles que desejam explorar a natureza invernal em seu estado mais puro.<\/p>\n<p data-start=\"959\" data-end=\"1354\">A aventura come\u00e7a em Bariloche, saindo em ve\u00edculos de pontos de encontro estrat\u00e9gicos localizados na Av. Bustillo e Av. Pioneros at\u00e9 o km 8. Ao chegar ao ref\u00fagio, guias especializados o preparam para uma caminhada com raquetes de neve por trilhas cobertas de neve. O percurso passa por uma paisagem de lengas, mirantes naturais e trechos onde a neve se torna a protagonista.<\/p>\n<p data-start=\"1356\" data-end=\"1719\">A caminhada termina no <strong data-start=\"1382\" data-end=\"1402\">Lagoa congelada<\/strong>, Um lugar de sil\u00eancio absoluto e beleza intocada. L\u00e1 voc\u00ea desfrutar\u00e1 de um ch\u00e1 quente com um doce regional, enquanto descansa e se conecta com o ambiente. No caminho de volta, um almo\u00e7o completo no ref\u00fagio o aguarda para repor as energias e, em seguida, a divers\u00e3o continua com uma descida em culipatinas para adultos e crian\u00e7as.<\/p>\n<p data-start=\"1721\" data-end=\"2016\">A experi\u00eancia \u00e9 oferecida em dois hor\u00e1rios: das 9:00 \u00e0s 16:00 horas ou das 11:00 \u00e0s 18:00 horas. Inclui traslados dos pontos de encontro, guia especializado, caminhada com raquetes de neve, almo\u00e7o completo, ch\u00e1 com alfajor regional e atividades recreativas. N\u00e3o inclui roupas de neve ou bebidas durante o almo\u00e7o.<\/p>\n<h3 data-start=\"2023\" data-end=\"2051\"><strong data-start=\"2027\" data-end=\"2051\">Perguntas frequentes<\/strong><\/h3>\n<p data-start=\"2053\" data-end=\"2260\"><strong data-start=\"2053\" data-end=\"2083\">Que roupas preciso levar?<\/strong><br data-start=\"2083\" data-end=\"2086\" \/>Recomendamos o uso de roupas t\u00e9rmicas, cal\u00e7ados \u00e0 prova d'\u00e1gua, luvas, chap\u00e9u e, se poss\u00edvel, roupas para neve. Fornecemos o equipamento necess\u00e1rio para andar com raquetes de neve.<\/p>\n<p data-start=\"2262\" data-end=\"2448\"><strong data-start=\"2262\" data-end=\"2291\">Posso escolher o hor\u00e1rio?<\/strong><br data-start=\"2291\" data-end=\"2294\" \/>Sim, h\u00e1 dois turnos dispon\u00edveis: um pela manh\u00e3 (9:00 \u00e0s 16:00) e outro \u00e0 tarde (11:00 \u00e0s 18:00). Escolha o que melhor lhe convier no momento da reserva.<\/p>\n<p data-start=\"2450\" data-end=\"2571\"><strong data-start=\"2450\" data-end=\"2477\">O que est\u00e1 inclu\u00eddo na refei\u00e7\u00e3o?<\/strong><br data-start=\"2477\" data-end=\"2480\" \/>O almo\u00e7o \u00e9 completo: entrada, prato principal e sobremesa. As bebidas n\u00e3o est\u00e3o inclu\u00eddas.<\/p>\n<p data-start=\"2573\" data-end=\"2769\"><strong data-start=\"2573\" data-end=\"2605\">O que acontece em caso de mau tempo?<\/strong><br data-start=\"2605\" data-end=\"2608\" \/>A atividade \u00e9 realizada de acordo com os protocolos de seguran\u00e7a estabelecidos. Em caso de condi\u00e7\u00f5es extremas, ser\u00e1 dado aviso pr\u00e9vio para reagendar ou fazer ajustes.<\/p>\n<p><strong>Aviso importante:<\/strong> Este passeio j\u00e1 est\u00e1 dispon\u00edvel para pr\u00e9-reserva. As sa\u00eddas operam de 15 de junho a 20 de agosto, sujeitas ao calend\u00e1rio sazonal.<\/p>","protected":false},"excerpt":{"rendered":"<p>Descubra a magia da Patag\u00f4nia partindo de Bariloche at\u00e9 o ref\u00fagio Neumeyer. Experimente uma caminhada \u00fanica pelas florestas nevadas e maravilhe-se com a lagoa congelada. Uma experi\u00eancia projetada para aqueles que buscam combinar aventura com conforto na mais pura natureza.<\/p>","protected":false},"featured_media":379199,"comment_status":"open","ping_status":"closed","template":"","meta":[],"product_brand":[],"product_cat":[85,84,100,70,79,74,90,78],"product_tag":[],"class_list":{"0":"post-376932","1":"product","2":"type-product","3":"status-publish","4":"has-post-thumbnail","6":"product_cat-adultos","7":"product_cat-aventura","8":"product_cat-con-comida","9":"product_cat-con-traslado","10":"product_cat-familia","11":"product_cat-invierno","12":"product_cat-ninos","13":"product_cat-terrestre-tipo","15":"first","16":"instock","17":"virtual","18":"sold-individually","19":"purchasable","20":"product-type-booking"},"booking_location":"","booking_location_type":"","booking_duration":1,"booking_duration_unit":"hour","booking_buffer":0,"booking_cost":0,"booking_resources":[],"exclude_global_add_ons":false,"addons":[{"name":"ADU | Adulto","type":"input_multiplier","position":0,"required":false,"title_format":"label","default":"","description_enable":false,"description":"","placeholder_enable":false,"placeholder":"","display":"select","restrictions_type":"any_text","adjust_price":true,"price":"250000","price_type":"quantity_based","restrictions":false,"min":"0","max":"0","options":[],"id":1775833449},{"name":"MEN412 | De 4 a 12","type":"input_multiplier","position":1,"required":false,"title_format":"label","default":"","description_enable":false,"description":"","placeholder_enable":false,"placeholder":"","display":"select","restrictions_type":"any_text","adjust_price":true,"price":"222000","price_type":"quantity_based","restrictions":false,"min":"0","max":"0","options":[],"id":1775833450}],"yoast_head":"<!-- This site is optimized with the Yoast SEO Premium plugin v24.5 (Yoast SEO v24.8) - https:\/\/yoast.com\/wordpress\/plugins\/seo\/ -->\n<title>Caminata a la Laguna Congelada Neumeyer: aventura en la nieve y paisajes invernales \u00fanicos - Adventure Center<\/title>\n<meta name=\"description\" content=\"Caminata a la Laguna Congelada en el Refugio Neumeyer. Raquetas, nieve, gastronom\u00eda y paisajes invernales. Una aventura desde Bariloche en dos turnos diarios.\" \/>\n<meta name=\"robots\" content=\"index, follow, max-snippet:-1, max-image-preview:large, max-video-preview:-1\" \/>\n<link rel=\"canonical\" href=\"https:\/\/adventurecenter.com.ar\/pt\/product\/caminhada-ate-a-lagoa-congelada-de-neumeyer\/\" \/>\n<meta property=\"og:locale\" content=\"pt_BR\" \/>\n<meta property=\"og:type\" content=\"article\" \/>\n<meta property=\"og:title\" content=\"Caminata a la Laguna Congelada Neumeyer: aventura en la nieve y paisajes invernales \u00fanicos\" \/>\n<meta property=\"og:description\" content=\"Caminata a la Laguna Congelada en el Refugio Neumeyer. Raquetas, nieve, gastronom\u00eda y paisajes invernales. Una aventura desde Bariloche en dos turnos diarios.\" \/>\n<meta property=\"og:url\" content=\"https:\/\/adventurecenter.com.ar\/pt\/product\/caminhada-ate-a-lagoa-congelada-de-neumeyer\/\" \/>\n<meta property=\"og:site_name\" content=\"Adventure Center\" \/>\n<meta property=\"article:modified_time\" content=\"2026-04-10T18:04:09+00:00\" \/>\n<meta property=\"og:image\" content=\"https:\/\/adventurecenter.com.ar\/wp-content\/uploads\/2025\/03\/1-A-1-Laguna-scaled.jpg\" \/>\n\t<meta property=\"og:image:width\" content=\"1949\" \/>\n\t<meta property=\"og:image:height\" content=\"2560\" \/>\n\t<meta property=\"og:image:type\" content=\"image\/jpeg\" \/>\n<meta name=\"twitter:card\" content=\"summary_large_image\" \/>\n<meta name=\"twitter:label1\" content=\"Pre\u00e7o\" \/>\n\t<meta name=\"twitter:data1\" content=\"&#036;&nbsp;250.000,00\" \/>\n\t<meta name=\"twitter:label2\" content=\"Disponibilidade\" \/>\n\t<meta name=\"twitter:data2\" content=\"Em Estoque\" \/>\n<script type=\"application\/ld+json\" class=\"yoast-schema-graph\">{\"@context\":\"https:\/\/schema.org\",\"@graph\":[{\"@type\":[\"WebPage\",\"ItemPage\"],\"@id\":\"https:\/\/adventurecenter.com.ar\/product\/caminata-a-la-laguna-congelada-neumeyer\/\",\"url\":\"https:\/\/adventurecenter.com.ar\/product\/caminata-a-la-laguna-congelada-neumeyer\/\",\"name\":\"Caminata a la Laguna Congelada Neumeyer: aventura en la nieve y paisajes invernales \u00fanicos - Adventure Center\",\"isPartOf\":{\"@id\":\"https:\/\/adventurecenter.com.ar\/#website\"},\"primaryImageOfPage\":{\"@id\":\"https:\/\/adventurecenter.com.ar\/product\/caminata-a-la-laguna-congelada-neumeyer\/#primaryimage\"},\"image\":{\"@id\":\"https:\/\/adventurecenter.com.ar\/product\/caminata-a-la-laguna-congelada-neumeyer\/#primaryimage\"},\"thumbnailUrl\":\"https:\/\/adventurecenter.com.ar\/wp-content\/uploads\/2025\/03\/1-A-1-Laguna-scaled.jpg\",\"datePublished\":\"2026-04-09T23:12:24+00:00\",\"dateModified\":\"2026-04-10T18:04:09+00:00\",\"description\":\"Caminata a la Laguna Congelada en el Refugio Neumeyer. Raquetas, nieve, gastronom\u00eda y paisajes invernales. Una aventura desde Bariloche en dos turnos diarios.\",\"breadcrumb\":{\"@id\":\"https:\/\/adventurecenter.com.ar\/product\/caminata-a-la-laguna-congelada-neumeyer\/#breadcrumb\"},\"inLanguage\":\"pt-BR\",\"potentialAction\":[{\"@type\":\"ReadAction\",\"target\":[\"https:\/\/adventurecenter.com.ar\/product\/caminata-a-la-laguna-congelada-neumeyer\/\"]}]},{\"@type\":\"ImageObject\",\"inLanguage\":\"pt-BR\",\"@id\":\"https:\/\/adventurecenter.com.ar\/product\/caminata-a-la-laguna-congelada-neumeyer\/#primaryimage\",\"url\":\"https:\/\/adventurecenter.com.ar\/wp-content\/uploads\/2025\/03\/1-A-1-Laguna-scaled.jpg\",\"contentUrl\":\"https:\/\/adventurecenter.com.ar\/wp-content\/uploads\/2025\/03\/1-A-1-Laguna-scaled.jpg\",\"width\":1949,\"height\":2560},{\"@type\":\"BreadcrumbList\",\"@id\":\"https:\/\/adventurecenter.com.ar\/product\/caminata-a-la-laguna-congelada-neumeyer\/#breadcrumb\",\"itemListElement\":[{\"@type\":\"ListItem\",\"position\":1,\"name\":\"Home\",\"item\":\"https:\/\/adventurecenter.com.ar\/\"},{\"@type\":\"ListItem\",\"position\":2,\"name\":\"Lista de excursiones\",\"item\":\"https:\/\/adventurecenter.com.ar\/shop\/\"},{\"@type\":\"ListItem\",\"position\":3,\"name\":\"Caminata a la Laguna Congelada Neumeyer: aventura en la nieve y paisajes invernales \u00fanicos\"}]},{\"@type\":\"WebSite\",\"@id\":\"https:\/\/adventurecenter.com.ar\/#website\",\"url\":\"https:\/\/adventurecenter.com.ar\/\",\"name\":\"Adventure Center\",\"description\":\"Turismo en Bariloche Patagonia Argentina\",\"publisher\":{\"@id\":\"https:\/\/adventurecenter.com.ar\/#organization\"},\"potentialAction\":[{\"@type\":\"SearchAction\",\"target\":{\"@type\":\"EntryPoint\",\"urlTemplate\":\"https:\/\/adventurecenter.com.ar\/?s={search_term_string}\"},\"query-input\":{\"@type\":\"PropertyValueSpecification\",\"valueRequired\":true,\"valueName\":\"search_term_string\"}}],\"inLanguage\":\"pt-BR\"},{\"@type\":\"Organization\",\"@id\":\"https:\/\/adventurecenter.com.ar\/#organization\",\"name\":\"Adventure Center\",\"url\":\"https:\/\/adventurecenter.com.ar\/\",\"logo\":{\"@type\":\"ImageObject\",\"inLanguage\":\"pt-BR\",\"@id\":\"https:\/\/adventurecenter.com.ar\/#\/schema\/logo\/image\/\",\"url\":\"https:\/\/adventurecenter.com.ar\/wp-content\/uploads\/2022\/10\/logo-definitivo-copia.png\",\"contentUrl\":\"https:\/\/adventurecenter.com.ar\/wp-content\/uploads\/2022\/10\/logo-definitivo-copia.png\",\"width\":150,\"height\":55,\"caption\":\"Adventure Center\"},\"image\":{\"@id\":\"https:\/\/adventurecenter.com.ar\/#\/schema\/logo\/image\/\"}}]}<\/script>\n<meta property=\"product:price:amount\" content=\"250000.00\" \/>\n<meta property=\"product:price:currency\" content=\"ARS\" \/>\n<meta property=\"og:availability\" content=\"instock\" \/>\n<meta property=\"product:availability\" content=\"instock\" \/>\n<meta property=\"product:retailer_item_id\" content=\"ADV2025CAALALE5DM\" \/>\n<meta property=\"product:condition\" content=\"new\" \/>\n<!-- \/ Yoast SEO Premium plugin. -->","yoast_head_json":{"title":"Caminhada at\u00e9 a Neumeyer Frozen Lagoon: aventura na neve e paisagens invernais \u00fanicas - Adventure Center","description":"Caminhada at\u00e9 a Frozen Lagoon no Ref\u00fagio Neumeyer. Raquetes de neve, neve, gastronomia e paisagens de inverno. Uma aventura a partir de Bariloche em dois turnos di\u00e1rios.","robots":{"index":"index","follow":"follow","max-snippet":"max-snippet:-1","max-image-preview":"max-image-preview:large","max-video-preview":"max-video-preview:-1"},"canonical":"https:\/\/adventurecenter.com.ar\/pt\/product\/caminhada-ate-a-lagoa-congelada-de-neumeyer\/","og_locale":"pt_BR","og_type":"article","og_title":"Caminata a la Laguna Congelada Neumeyer: aventura en la nieve y paisajes invernales \u00fanicos","og_description":"Caminata a la Laguna Congelada en el Refugio Neumeyer. Raquetas, nieve, gastronom\u00eda y paisajes invernales. Una aventura desde Bariloche en dos turnos diarios.","og_url":"https:\/\/adventurecenter.com.ar\/pt\/product\/caminhada-ate-a-lagoa-congelada-de-neumeyer\/","og_site_name":"Adventure Center","article_modified_time":"2026-04-10T18:04:09+00:00","og_image":[{"width":1949,"height":2560,"url":"https:\/\/adventurecenter.com.ar\/wp-content\/uploads\/2025\/03\/1-A-1-Laguna-scaled.jpg","type":"image\/jpeg"}],"twitter_card":"summary_large_image","twitter_misc":{"Pre\u00e7o":"&#36;&nbsp;250.000,00","Disponibilidade":"Em Estoque"},"schema":{"@context":"https:\/\/schema.org","@graph":[{"@type":["WebPage","ItemPage"],"@id":"https:\/\/adventurecenter.com.ar\/product\/caminata-a-la-laguna-congelada-neumeyer\/","url":"https:\/\/adventurecenter.com.ar\/product\/caminata-a-la-laguna-congelada-neumeyer\/","name":"Caminhada at\u00e9 a Neumeyer Frozen Lagoon: aventura na neve e paisagens invernais \u00fanicas - Adventure Center","isPartOf":{"@id":"https:\/\/adventurecenter.com.ar\/#website"},"primaryImageOfPage":{"@id":"https:\/\/adventurecenter.com.ar\/product\/caminata-a-la-laguna-congelada-neumeyer\/#primaryimage"},"image":{"@id":"https:\/\/adventurecenter.com.ar\/product\/caminata-a-la-laguna-congelada-neumeyer\/#primaryimage"},"thumbnailUrl":"https:\/\/adventurecenter.com.ar\/wp-content\/uploads\/2025\/03\/1-A-1-Laguna-scaled.jpg","datePublished":"2026-04-09T23:12:24+00:00","dateModified":"2026-04-10T18:04:09+00:00","description":"Caminhada at\u00e9 a Frozen Lagoon no Ref\u00fagio Neumeyer. Raquetes de neve, neve, gastronomia e paisagens de inverno. Uma aventura a partir de Bariloche em dois turnos di\u00e1rios.","breadcrumb":{"@id":"https:\/\/adventurecenter.com.ar\/product\/caminata-a-la-laguna-congelada-neumeyer\/#breadcrumb"},"inLanguage":"pt-BR","potentialAction":[{"@type":"ReadAction","target":["https:\/\/adventurecenter.com.ar\/product\/caminata-a-la-laguna-congelada-neumeyer\/"]}]},{"@type":"ImageObject","inLanguage":"pt-BR","@id":"https:\/\/adventurecenter.com.ar\/product\/caminata-a-la-laguna-congelada-neumeyer\/#primaryimage","url":"https:\/\/adventurecenter.com.ar\/wp-content\/uploads\/2025\/03\/1-A-1-Laguna-scaled.jpg","contentUrl":"https:\/\/adventurecenter.com.ar\/wp-content\/uploads\/2025\/03\/1-A-1-Laguna-scaled.jpg","width":1949,"height":2560},{"@type":"BreadcrumbList","@id":"https:\/\/adventurecenter.com.ar\/product\/caminata-a-la-laguna-congelada-neumeyer\/#breadcrumb","itemListElement":[{"@type":"ListItem","position":1,"name":"Home","item":"https:\/\/adventurecenter.com.ar\/"},{"@type":"ListItem","position":2,"name":"Lista de excursiones","item":"https:\/\/adventurecenter.com.ar\/shop\/"},{"@type":"ListItem","position":3,"name":"Caminata a la Laguna Congelada Neumeyer: aventura en la nieve y paisajes invernales \u00fanicos"}]},{"@type":"WebSite","@id":"https:\/\/adventurecenter.com.ar\/#website","url":"https:\/\/adventurecenter.com.ar\/","name":"Centro de Aventura","description":"Turismo em Bariloche Patag\u00f4nia Argentina","publisher":{"@id":"https:\/\/adventurecenter.com.ar\/#organization"},"potentialAction":[{"@type":"SearchAction","target":{"@type":"EntryPoint","urlTemplate":"https:\/\/adventurecenter.com.ar\/?s={search_term_string}"},"query-input":{"@type":"PropertyValueSpecification","valueRequired":true,"valueName":"search_term_string"}}],"inLanguage":"pt-BR"},{"@type":"Organization","@id":"https:\/\/adventurecenter.com.ar\/#organization","name":"Centro de Aventura","url":"https:\/\/adventurecenter.com.ar\/","logo":{"@type":"ImageObject","inLanguage":"pt-BR","@id":"https:\/\/adventurecenter.com.ar\/#\/schema\/logo\/image\/","url":"https:\/\/adventurecenter.com.ar\/wp-content\/uploads\/2022\/10\/logo-definitivo-copia.png","contentUrl":"https:\/\/adventurecenter.com.ar\/wp-content\/uploads\/2022\/10\/logo-definitivo-copia.png","width":150,"height":55,"caption":"Adventure Center"},"image":{"@id":"https:\/\/adventurecenter.com.ar\/#\/schema\/logo\/image\/"}}]},"product_price_amount":"250000.00","product_price_currency":"ARS","og_availability":"instock","product_availability":"instock","product_retailer_item_id":"ADV2025CAALALE5DM","product_condition":"new"},"_links":{"self":[{"href":"https:\/\/adventurecenter.com.ar\/pt\/wp-json\/wp\/v2\/product\/376932","targetHints":{"allow":["GET"]}}],"collection":[{"href":"https:\/\/adventurecenter.com.ar\/pt\/wp-json\/wp\/v2\/product"}],"about":[{"href":"https:\/\/adventurecenter.com.ar\/pt\/wp-json\/wp\/v2\/types\/product"}],"replies":[{"embeddable":true,"href":"https:\/\/adventurecenter.com.ar\/pt\/wp-json\/wp\/v2\/comments?post=376932"}],"wp:featuredmedia":[{"embeddable":true,"href":"https:\/\/adventurecenter.com.ar\/pt\/wp-json\/wp\/v2\/media\/379199"}],"wp:attachment":[{"href":"https:\/\/adventurecenter.com.ar\/pt\/wp-json\/wp\/v2\/media?parent=376932"}],"wp:term":[{"taxonomy":"product_brand","embeddable":true,"href":"https:\/\/adventurecenter.com.ar\/pt\/wp-json\/wp\/v2\/product_brand?post=376932"},{"taxonomy":"product_cat","embeddable":true,"href":"https:\/\/adventurecenter.com.ar\/pt\/wp-json\/wp\/v2\/product_cat?post=376932"},{"taxonomy":"product_tag","embeddable":true,"href":"https:\/\/adventurecenter.com.ar\/pt\/wp-json\/wp\/v2\/product_tag?post=376932"}],"curies":[{"name":"wp","href":"https:\/\/api.w.org\/{rel}","templated":true}]}}