{"id":376928,"date":"2025-03-20T20:29:57","date_gmt":"2025-03-20T23:29:57","guid":{"rendered":"https:\/\/adventurecenter.com.ar\/?post_type=product&#038;p=376928"},"modified":"2026-04-10T16:41:11","modified_gmt":"2026-04-10T19:41:11","slug":"extremo-encantado","status":"publish","type":"product","link":"https:\/\/adventurecenter.com.ar\/pt\/product\/fim-encantado\/","title":{"rendered":"Enchanted Snow: Aventura na neve ao estilo da Patag\u00f4nia"},"content":{"rendered":"<h3 data-start=\"414\" data-end=\"496\"><strong data-start=\"418\" data-end=\"496\">Uma experi\u00eancia \u00fanica de inverno, entre paisagens brancas, adrenalina e sabor.<\/strong><\/h3>\n<p data-start=\"498\" data-end=\"860\">Nieve Encantada \u00e9 uma proposta de aventura abrangente, projetada para aqueles que querem experimentar a Patag\u00f4nia nevada em toda a sua intensidade. Desde o momento em que voc\u00ea entra no 4\u00d74, sabe que algo diferente o espera: um ambiente de montanha que o convida a se conectar com a natureza, brincar com a neve e terminar o dia com boa comida e momentos inesquec\u00edveis.<\/p>\n<p data-start=\"862\" data-end=\"1084\">Dispon\u00edvel <strong data-start=\"873\" data-end=\"926\">de 10 de junho a 20 de agosto de 2026<\/strong>, Essa experi\u00eancia combina emo\u00e7\u00f5es ao ar livre e conforto em um ref\u00fagio exclusivo no Cerro Lopez. Ideal para compartilhar em casal, com a fam\u00edlia ou amigos.<\/p>\n<h3 data-start=\"1091\" data-end=\"1127\">Momentos que fazem a diferen\u00e7a<\/h3>\n<p data-start=\"1129\" data-end=\"1286\"><strong data-start=\"1129\" data-end=\"1149\">Travessia 4\u00d74:<\/strong> A subida faz parte do charme. Subimos pelas trilhas da montanha at\u00e9 chegarmos ao Ref\u00fagio Traves\u00eda, cercado por florestas e vistas nevadas.<\/p>\n<p data-start=\"1288\" data-end=\"1418\"><strong data-start=\"1288\" data-end=\"1314\">Divers\u00e3o com tren\u00f3s:<\/strong> Desfrute do esqui alpino em pistas naturais com culipatinas - risadas garantidas para todas as idades!<\/p>\n<p data-start=\"1420\" data-end=\"1539\"><strong data-start=\"1420\" data-end=\"1446\">Raquetes de neve:<\/strong> Caminhe por trilhas nevadas com raquetes de neve especiais em uma caminhada curta, mas m\u00e1gica.<\/p>\n<p data-start=\"1541\" data-end=\"1719\"><strong data-start=\"1541\" data-end=\"1566\">Gastronomia regional:<\/strong> Escolha entre almo\u00e7o ou lanche da tarde, com um card\u00e1pio t\u00edpico que pode incluir empanadas, fondue ou especialidades locais, em um ambiente aconchegante com m\u00fasica ao vivo.<\/p>\n<h3 data-start=\"1726\" data-end=\"1745\">Quando e como?<\/h3>\n<p data-start=\"1747\" data-end=\"1779\">Voc\u00ea pode escolher entre dois hor\u00e1rios:<\/p>\n<ul data-start=\"1780\" data-end=\"1844\">\n<li data-start=\"1780\" data-end=\"1812\">\n<p data-start=\"1782\" data-end=\"1812\">Turno da manh\u00e3: das 9h \u00e0s 15h.<\/p>\n<\/li>\n<li data-start=\"1813\" data-end=\"1844\">\n<p data-start=\"1815\" data-end=\"1844\">Turno da tarde: 13 \u00e0s 18:30 hs<\/p>\n<\/li>\n<\/ul>\n<p data-start=\"1846\" data-end=\"1980\">Os traslados partem de pontos de encontro dentro do raio entre o centro de Bariloche e o km 8 da Av. Bustillo ou Av. Pioneros.<\/p>\n<h3 data-start=\"1987\" data-end=\"2019\">O que est\u00e1 inclu\u00eddo nesta aventura<\/h3>\n<ul data-start=\"2021\" data-end=\"2230\">\n<li data-start=\"2021\" data-end=\"2070\">\n<p data-start=\"2023\" data-end=\"2070\">Transporte de e para os pontos acordados.<\/p>\n<\/li>\n<li data-start=\"2071\" data-end=\"2098\">\n<p data-start=\"2073\" data-end=\"2098\">Subida em ve\u00edculos 4\u00d74.<\/p>\n<\/li>\n<li data-start=\"2099\" data-end=\"2130\">\n<p data-start=\"2101\" data-end=\"2130\">Caminhada guiada com raquetes de neve.<\/p>\n<\/li>\n<li data-start=\"2131\" data-end=\"2151\">\n<p data-start=\"2133\" data-end=\"2151\">Tren\u00f3.<\/p>\n<\/li>\n<li data-start=\"2152\" data-end=\"2183\">\n<p data-start=\"2154\" data-end=\"2183\">M\u00fasica ao vivo no abrigo.<\/p>\n<\/li>\n<li data-start=\"2184\" data-end=\"2230\">\n<p data-start=\"2186\" data-end=\"2230\">Almo\u00e7o ou lanche da tarde, dependendo do turno escolhido.<\/p>\n<\/li>\n<\/ul>\n<p data-start=\"2232\" data-end=\"2291\"><strong data-start=\"2232\" data-end=\"2247\">N\u00e3o inclu\u00eddo:<\/strong> roupas de neve e bebidas durante a refei\u00e7\u00e3o.<\/p>\n<h3 data-start=\"2298\" data-end=\"2322\">Perguntas frequentes<\/h3>\n<p data-start=\"2324\" data-end=\"2482\"><strong data-start=\"2324\" data-end=\"2359\">\u00c9 adequado para todas as idades?<\/strong><br data-start=\"2359\" data-end=\"2362\" \/>Sim, \u00e9 uma experi\u00eancia ideal para adultos e crian\u00e7as a partir de 5 anos de idade. N\u00e3o \u00e9 necess\u00e1ria nenhuma condi\u00e7\u00e3o f\u00edsica especial.<\/p>\n<p data-start=\"2484\" data-end=\"2640\"><strong data-start=\"2484\" data-end=\"2510\">O que eu preciso levar?<\/strong><br data-start=\"2510\" data-end=\"2513\" \/>Agasalhos adequados para neve, cal\u00e7ados \u00e0 prova d'\u00e1gua, chap\u00e9u, luvas e \u00f3culos de sol. O vestu\u00e1rio t\u00e9cnico n\u00e3o est\u00e1 inclu\u00eddo.<\/p>\n<p data-start=\"2642\" data-end=\"2758\"><strong data-start=\"2642\" data-end=\"2677\">O traslado \u00e9 do hotel?<\/strong><br data-start=\"2677\" data-end=\"2680\" \/>N\u00e3o, o traslado parte de pontos de encontro pr\u00f3ximos, dependendo de sua acomoda\u00e7\u00e3o.<\/p>\n<p data-start=\"2642\" data-end=\"2758\"><strong>Aviso importante:<\/strong> Este passeio j\u00e1 est\u00e1 dispon\u00edvel para pr\u00e9-reserva. As sa\u00eddas operam de 15 de junho a 20 de agosto, sujeitas ao calend\u00e1rio sazonal.<\/p>","protected":false},"excerpt":{"rendered":"<p><strong>Fim Encantado<\/strong> oferece uma experi\u00eancia \u00fanica de inverno. Envolva-se em travessias 4\u00d74, tobog\u00e3 e caminhadas guiadas, culminando em uma aut\u00eantica pausa gastron\u00f4mica. Uma oportunidade inigual\u00e1vel de mergulhar em um ambiente natural privilegiado.<\/p>","protected":false},"featured_media":379215,"comment_status":"open","ping_status":"closed","template":"","meta":[],"product_brand":[],"product_cat":[85,84,70,79,74,90,78],"product_tag":[],"class_list":{"0":"post-376928","1":"product","2":"type-product","3":"status-publish","4":"has-post-thumbnail","6":"product_cat-adultos","7":"product_cat-aventura","8":"product_cat-con-traslado","9":"product_cat-familia","10":"product_cat-invierno","11":"product_cat-ninos","12":"product_cat-terrestre-tipo","14":"first","15":"instock","16":"virtual","17":"sold-individually","18":"purchasable","19":"product-type-booking"},"booking_location":"","booking_location_type":"","booking_duration":1,"booking_duration_unit":"hour","booking_buffer":0,"booking_cost":0,"booking_resources":[],"exclude_global_add_ons":false,"addons":[{"name":"ADU | Adulto","type":"input_multiplier","position":0,"required":false,"title_format":"label","default":"","description_enable":false,"description":"","placeholder_enable":false,"placeholder":"","display":"select","restrictions_type":"any_text","adjust_price":true,"price":"239500","price_type":"quantity_based","restrictions":true,"min":"0","max":"0","options":[],"id":1775839272},{"name":"MEN412 | 04 a 12","type":"input_multiplier","position":1,"required":false,"title_format":"label","default":"","description_enable":false,"description":"","placeholder_enable":false,"placeholder":"","display":"select","restrictions_type":"any_text","adjust_price":true,"price":"179500","price_type":"quantity_based","restrictions":false,"min":"0","max":"0","options":[],"id":1775839273}],"yoast_head":"<!-- This site is optimized with the Yoast SEO Premium plugin v24.5 (Yoast SEO v24.8) - https:\/\/yoast.com\/wordpress\/plugins\/seo\/ -->\n<title>Nieve encantada: Aventura en la Nieve al Estilo Patag\u00f3nico - Adventure Center<\/title>\n<meta name=\"description\" content=\"Excursi\u00f3n Extremo Encantado: 4x4, trineos, raquetas y almuerzo o merienda en refugio de monta\u00f1a. Una aventura de nieve inolvidable en Bariloche.\" \/>\n<meta name=\"robots\" content=\"index, follow, max-snippet:-1, max-image-preview:large, max-video-preview:-1\" \/>\n<link rel=\"canonical\" href=\"https:\/\/adventurecenter.com.ar\/pt\/product\/fim-encantado\/\" \/>\n<meta property=\"og:locale\" content=\"pt_BR\" \/>\n<meta property=\"og:type\" content=\"article\" \/>\n<meta property=\"og:title\" content=\"Nieve encantada: Aventura en la Nieve al Estilo Patag\u00f3nico\" \/>\n<meta property=\"og:description\" content=\"Excursi\u00f3n Extremo Encantado: 4x4, trineos, raquetas y almuerzo o merienda en refugio de monta\u00f1a. Una aventura de nieve inolvidable en Bariloche.\" \/>\n<meta property=\"og:url\" content=\"https:\/\/adventurecenter.com.ar\/pt\/product\/fim-encantado\/\" \/>\n<meta property=\"og:site_name\" content=\"Adventure Center\" \/>\n<meta property=\"article:modified_time\" content=\"2026-04-10T19:41:11+00:00\" \/>\n<meta property=\"og:image\" content=\"https:\/\/adventurecenter.com.ar\/wp-content\/uploads\/2025\/03\/1-A-thumb_13476_cactus_product_tours_by_locals_large.jpeg-scaled.jpg\" \/>\n\t<meta property=\"og:image:width\" content=\"1911\" \/>\n\t<meta property=\"og:image:height\" content=\"2560\" \/>\n\t<meta property=\"og:image:type\" content=\"image\/jpeg\" \/>\n<meta name=\"twitter:card\" content=\"summary_large_image\" \/>\n<meta name=\"twitter:label1\" content=\"Pre\u00e7o\" \/>\n\t<meta name=\"twitter:data1\" content=\"&#036;&nbsp;239.500,00\" \/>\n\t<meta name=\"twitter:label2\" content=\"Disponibilidade\" \/>\n\t<meta name=\"twitter:data2\" content=\"Em Estoque\" \/>\n<script type=\"application\/ld+json\" class=\"yoast-schema-graph\">{\"@context\":\"https:\/\/schema.org\",\"@graph\":[{\"@type\":[\"WebPage\",\"ItemPage\"],\"@id\":\"https:\/\/adventurecenter.com.ar\/product\/extremo-encantado\/\",\"url\":\"https:\/\/adventurecenter.com.ar\/product\/extremo-encantado\/\",\"name\":\"Nieve encantada: Aventura en la Nieve al Estilo Patag\u00f3nico - Adventure Center\",\"isPartOf\":{\"@id\":\"https:\/\/adventurecenter.com.ar\/#website\"},\"primaryImageOfPage\":{\"@id\":\"https:\/\/adventurecenter.com.ar\/product\/extremo-encantado\/#primaryimage\"},\"image\":{\"@id\":\"https:\/\/adventurecenter.com.ar\/product\/extremo-encantado\/#primaryimage\"},\"thumbnailUrl\":\"https:\/\/adventurecenter.com.ar\/wp-content\/uploads\/2025\/03\/1-A-thumb_13476_cactus_product_tours_by_locals_large.jpeg-scaled.jpg\",\"datePublished\":\"2025-03-20T23:29:57+00:00\",\"dateModified\":\"2026-04-10T19:41:11+00:00\",\"description\":\"Excursi\u00f3n Extremo Encantado: 4x4, trineos, raquetas y almuerzo o merienda en refugio de monta\u00f1a. Una aventura de nieve inolvidable en Bariloche.\",\"breadcrumb\":{\"@id\":\"https:\/\/adventurecenter.com.ar\/product\/extremo-encantado\/#breadcrumb\"},\"inLanguage\":\"pt-BR\",\"potentialAction\":[{\"@type\":\"ReadAction\",\"target\":[\"https:\/\/adventurecenter.com.ar\/product\/extremo-encantado\/\"]}]},{\"@type\":\"ImageObject\",\"inLanguage\":\"pt-BR\",\"@id\":\"https:\/\/adventurecenter.com.ar\/product\/extremo-encantado\/#primaryimage\",\"url\":\"https:\/\/adventurecenter.com.ar\/wp-content\/uploads\/2025\/03\/1-A-thumb_13476_cactus_product_tours_by_locals_large.jpeg-scaled.jpg\",\"contentUrl\":\"https:\/\/adventurecenter.com.ar\/wp-content\/uploads\/2025\/03\/1-A-thumb_13476_cactus_product_tours_by_locals_large.jpeg-scaled.jpg\",\"width\":1911,\"height\":2560},{\"@type\":\"BreadcrumbList\",\"@id\":\"https:\/\/adventurecenter.com.ar\/product\/extremo-encantado\/#breadcrumb\",\"itemListElement\":[{\"@type\":\"ListItem\",\"position\":1,\"name\":\"Home\",\"item\":\"https:\/\/adventurecenter.com.ar\/\"},{\"@type\":\"ListItem\",\"position\":2,\"name\":\"Lista de excursiones\",\"item\":\"https:\/\/adventurecenter.com.ar\/shop\/\"},{\"@type\":\"ListItem\",\"position\":3,\"name\":\"Nieve encantada: Aventura en la Nieve al Estilo Patag\u00f3nico\"}]},{\"@type\":\"WebSite\",\"@id\":\"https:\/\/adventurecenter.com.ar\/#website\",\"url\":\"https:\/\/adventurecenter.com.ar\/\",\"name\":\"Adventure Center\",\"description\":\"Turismo en Bariloche Patagonia Argentina\",\"publisher\":{\"@id\":\"https:\/\/adventurecenter.com.ar\/#organization\"},\"potentialAction\":[{\"@type\":\"SearchAction\",\"target\":{\"@type\":\"EntryPoint\",\"urlTemplate\":\"https:\/\/adventurecenter.com.ar\/?s={search_term_string}\"},\"query-input\":{\"@type\":\"PropertyValueSpecification\",\"valueRequired\":true,\"valueName\":\"search_term_string\"}}],\"inLanguage\":\"pt-BR\"},{\"@type\":\"Organization\",\"@id\":\"https:\/\/adventurecenter.com.ar\/#organization\",\"name\":\"Adventure Center\",\"url\":\"https:\/\/adventurecenter.com.ar\/\",\"logo\":{\"@type\":\"ImageObject\",\"inLanguage\":\"pt-BR\",\"@id\":\"https:\/\/adventurecenter.com.ar\/#\/schema\/logo\/image\/\",\"url\":\"https:\/\/adventurecenter.com.ar\/wp-content\/uploads\/2022\/10\/logo-definitivo-copia.png\",\"contentUrl\":\"https:\/\/adventurecenter.com.ar\/wp-content\/uploads\/2022\/10\/logo-definitivo-copia.png\",\"width\":150,\"height\":55,\"caption\":\"Adventure Center\"},\"image\":{\"@id\":\"https:\/\/adventurecenter.com.ar\/#\/schema\/logo\/image\/\"}}]}<\/script>\n<meta property=\"product:price:amount\" content=\"239500.00\" \/>\n<meta property=\"product:price:currency\" content=\"ARS\" \/>\n<meta property=\"og:availability\" content=\"instock\" \/>\n<meta property=\"product:availability\" content=\"instock\" \/>\n<meta property=\"product:retailer_item_id\" content=\"ADV2025EXENCL99\" \/>\n<meta property=\"product:condition\" content=\"new\" \/>\n<!-- \/ Yoast SEO Premium plugin. -->","yoast_head_json":{"title":"Enchanted Snow: Aventura na neve ao estilo da Patag\u00f4nia - Adventure Center","description":"Excurs\u00e3o Extremo Encantado: 4x4, tren\u00f3s, raquetes de neve e almo\u00e7o ou lanche em uma cabana na montanha. Uma aventura inesquec\u00edvel na neve em Bariloche.","robots":{"index":"index","follow":"follow","max-snippet":"max-snippet:-1","max-image-preview":"max-image-preview:large","max-video-preview":"max-video-preview:-1"},"canonical":"https:\/\/adventurecenter.com.ar\/pt\/product\/fim-encantado\/","og_locale":"pt_BR","og_type":"article","og_title":"Nieve encantada: Aventura en la Nieve al Estilo Patag\u00f3nico","og_description":"Excursi\u00f3n Extremo Encantado: 4x4, trineos, raquetas y almuerzo o merienda en refugio de monta\u00f1a. Una aventura de nieve inolvidable en Bariloche.","og_url":"https:\/\/adventurecenter.com.ar\/pt\/product\/fim-encantado\/","og_site_name":"Adventure Center","article_modified_time":"2026-04-10T19:41:11+00:00","og_image":[{"width":1911,"height":2560,"url":"https:\/\/adventurecenter.com.ar\/wp-content\/uploads\/2025\/03\/1-A-thumb_13476_cactus_product_tours_by_locals_large.jpeg-scaled.jpg","type":"image\/jpeg"}],"twitter_card":"summary_large_image","twitter_misc":{"Pre\u00e7o":"&#36;&nbsp;239.500,00","Disponibilidade":"Em Estoque"},"schema":{"@context":"https:\/\/schema.org","@graph":[{"@type":["WebPage","ItemPage"],"@id":"https:\/\/adventurecenter.com.ar\/product\/extremo-encantado\/","url":"https:\/\/adventurecenter.com.ar\/product\/extremo-encantado\/","name":"Enchanted Snow: Aventura na neve ao estilo da Patag\u00f4nia - Adventure Center","isPartOf":{"@id":"https:\/\/adventurecenter.com.ar\/#website"},"primaryImageOfPage":{"@id":"https:\/\/adventurecenter.com.ar\/product\/extremo-encantado\/#primaryimage"},"image":{"@id":"https:\/\/adventurecenter.com.ar\/product\/extremo-encantado\/#primaryimage"},"thumbnailUrl":"https:\/\/adventurecenter.com.ar\/wp-content\/uploads\/2025\/03\/1-A-thumb_13476_cactus_product_tours_by_locals_large.jpeg-scaled.jpg","datePublished":"2025-03-20T23:29:57+00:00","dateModified":"2026-04-10T19:41:11+00:00","description":"Excurs\u00e3o Extremo Encantado: 4x4, tren\u00f3s, raquetes de neve e almo\u00e7o ou lanche em uma cabana na montanha. Uma aventura inesquec\u00edvel na neve em Bariloche.","breadcrumb":{"@id":"https:\/\/adventurecenter.com.ar\/product\/extremo-encantado\/#breadcrumb"},"inLanguage":"pt-BR","potentialAction":[{"@type":"ReadAction","target":["https:\/\/adventurecenter.com.ar\/product\/extremo-encantado\/"]}]},{"@type":"ImageObject","inLanguage":"pt-BR","@id":"https:\/\/adventurecenter.com.ar\/product\/extremo-encantado\/#primaryimage","url":"https:\/\/adventurecenter.com.ar\/wp-content\/uploads\/2025\/03\/1-A-thumb_13476_cactus_product_tours_by_locals_large.jpeg-scaled.jpg","contentUrl":"https:\/\/adventurecenter.com.ar\/wp-content\/uploads\/2025\/03\/1-A-thumb_13476_cactus_product_tours_by_locals_large.jpeg-scaled.jpg","width":1911,"height":2560},{"@type":"BreadcrumbList","@id":"https:\/\/adventurecenter.com.ar\/product\/extremo-encantado\/#breadcrumb","itemListElement":[{"@type":"ListItem","position":1,"name":"Home","item":"https:\/\/adventurecenter.com.ar\/"},{"@type":"ListItem","position":2,"name":"Lista de excursiones","item":"https:\/\/adventurecenter.com.ar\/shop\/"},{"@type":"ListItem","position":3,"name":"Nieve encantada: Aventura en la Nieve al Estilo Patag\u00f3nico"}]},{"@type":"WebSite","@id":"https:\/\/adventurecenter.com.ar\/#website","url":"https:\/\/adventurecenter.com.ar\/","name":"Centro de Aventura","description":"Turismo em Bariloche Patag\u00f4nia Argentina","publisher":{"@id":"https:\/\/adventurecenter.com.ar\/#organization"},"potentialAction":[{"@type":"SearchAction","target":{"@type":"EntryPoint","urlTemplate":"https:\/\/adventurecenter.com.ar\/?s={search_term_string}"},"query-input":{"@type":"PropertyValueSpecification","valueRequired":true,"valueName":"search_term_string"}}],"inLanguage":"pt-BR"},{"@type":"Organization","@id":"https:\/\/adventurecenter.com.ar\/#organization","name":"Centro de Aventura","url":"https:\/\/adventurecenter.com.ar\/","logo":{"@type":"ImageObject","inLanguage":"pt-BR","@id":"https:\/\/adventurecenter.com.ar\/#\/schema\/logo\/image\/","url":"https:\/\/adventurecenter.com.ar\/wp-content\/uploads\/2022\/10\/logo-definitivo-copia.png","contentUrl":"https:\/\/adventurecenter.com.ar\/wp-content\/uploads\/2022\/10\/logo-definitivo-copia.png","width":150,"height":55,"caption":"Adventure Center"},"image":{"@id":"https:\/\/adventurecenter.com.ar\/#\/schema\/logo\/image\/"}}]},"product_price_amount":"239500.00","product_price_currency":"ARS","og_availability":"instock","product_availability":"instock","product_retailer_item_id":"ADV2025EXENCL99","product_condition":"new"},"_links":{"self":[{"href":"https:\/\/adventurecenter.com.ar\/pt\/wp-json\/wp\/v2\/product\/376928","targetHints":{"allow":["GET"]}}],"collection":[{"href":"https:\/\/adventurecenter.com.ar\/pt\/wp-json\/wp\/v2\/product"}],"about":[{"href":"https:\/\/adventurecenter.com.ar\/pt\/wp-json\/wp\/v2\/types\/product"}],"replies":[{"embeddable":true,"href":"https:\/\/adventurecenter.com.ar\/pt\/wp-json\/wp\/v2\/comments?post=376928"}],"wp:featuredmedia":[{"embeddable":true,"href":"https:\/\/adventurecenter.com.ar\/pt\/wp-json\/wp\/v2\/media\/379215"}],"wp:attachment":[{"href":"https:\/\/adventurecenter.com.ar\/pt\/wp-json\/wp\/v2\/media?parent=376928"}],"wp:term":[{"taxonomy":"product_brand","embeddable":true,"href":"https:\/\/adventurecenter.com.ar\/pt\/wp-json\/wp\/v2\/product_brand?post=376928"},{"taxonomy":"product_cat","embeddable":true,"href":"https:\/\/adventurecenter.com.ar\/pt\/wp-json\/wp\/v2\/product_cat?post=376928"},{"taxonomy":"product_tag","embeddable":true,"href":"https:\/\/adventurecenter.com.ar\/pt\/wp-json\/wp\/v2\/product_tag?post=376928"}],"curies":[{"name":"wp","href":"https:\/\/api.w.org\/{rel}","templated":true}]}}