{"id":376925,"date":"2026-04-09T20:12:17","date_gmt":"2026-04-09T23:12:17","guid":{"rendered":"https:\/\/adventurecenter.com.ar\/?post_type=product&#038;p=376925"},"modified":"2026-04-10T16:27:42","modified_gmt":"2026-04-10T19:27:42","slug":"traslado-cerro-catedral","status":"publish","type":"product","link":"https:\/\/adventurecenter.com.ar\/pt\/product\/traslado-de-cathedral-hill\/","title":{"rendered":"Cerro Catedral - Traslado confort\u00e1vel para aproveitar a aventura na neve"},"content":{"rendered":"<h3 data-start=\"574\" data-end=\"634\">Chegue \u00e0 esta\u00e7\u00e3o de esqui sem se preocupar com transporte<\/h3>\n<p data-start=\"636\" data-end=\"926\">Com esse traslado direto para o Cerro Catedral, voc\u00ea pode organizar seu dia de neve com total conforto. N\u00f3s o levamos de Bariloche at\u00e9 a maior esta\u00e7\u00e3o de esqui da Am\u00e9rica do Sul, onde voc\u00ea pode escolher suas atividades de aventura: esqui, snowboard, caminhadas ou simplesmente apreciar as paisagens nevadas.<\/p>\n<p data-start=\"928\" data-end=\"1030\">Esse traslado \u00e9 ideal para quem deseja otimizar seu tempo e dedicar o dia inteiro \u00e0 montanha.<\/p>\n<h3 data-start=\"1037\" data-end=\"1067\">O que est\u00e1 inclu\u00eddo na experi\u00eancia<\/h3>\n<ul data-start=\"1069\" data-end=\"1313\">\n<li data-start=\"1069\" data-end=\"1144\">\n<p data-start=\"1071\" data-end=\"1144\">Transporte de ida e volta de Bariloche at\u00e9 a base do Cerro Catedral.<\/p>\n<\/li>\n<li data-start=\"1145\" data-end=\"1236\">\n<p data-start=\"1147\" data-end=\"1236\">Organiza\u00e7\u00e3o eficiente, sem atrasos, para aproveitar ao m\u00e1ximo as atividades do dia.<\/p>\n<\/li>\n<li data-start=\"1237\" data-end=\"1313\">\n<p data-start=\"1239\" data-end=\"1313\">Tempo livre dentro do centro de esqui para escolher suas pr\u00f3prias atividades.<\/p>\n<\/li>\n<\/ul>\n<p data-start=\"1315\" data-end=\"1460\"><strong data-start=\"1315\" data-end=\"1324\">Observa\u00e7\u00e3o:<\/strong> O servi\u00e7o inclui apenas o traslado. Atividades, passes e servi\u00e7os dentro do complexo s\u00e3o contratados separadamente.<\/p>\n<h3 data-start=\"1467\" data-end=\"1491\">Informa\u00e7\u00f5es pr\u00e1ticas<\/h3>\n<p data-start=\"1493\" data-end=\"1518\"><strong data-start=\"1493\" data-end=\"1516\">Hor\u00e1rios de partida:<\/strong><\/p>\n<ul data-start=\"1519\" data-end=\"1585\">\n<li data-start=\"1519\" data-end=\"1553\">\n<p data-start=\"1521\" data-end=\"1553\">Turno da manh\u00e3: 08:00 a.m. \u00e0s 16:00 p.m.<\/p>\n<\/li>\n<li data-start=\"1554\" data-end=\"1585\">\n<p data-start=\"1556\" data-end=\"1585\">Turno da tarde: 13:00 \u00e0s 18:00 hs<\/p>\n<\/li>\n<\/ul>\n<p data-start=\"1587\" data-end=\"1610\"><strong data-start=\"1587\" data-end=\"1600\">Dura\u00e7\u00e3o:<\/strong> Meio dia<\/p>\n<p data-start=\"1612\" data-end=\"1762\"><strong data-start=\"1612\" data-end=\"1635\">Ponto de encontro:<\/strong> Coordenamos o ponto mais pr\u00f3ximo de sua acomoda\u00e7\u00e3o, no centro de Bariloche, no km 8 da Av. Bustillo ou Av. Pioneros.<\/p>\n<p data-start=\"1764\" data-end=\"1836\"><strong data-start=\"1764\" data-end=\"1776\">Ele inclui:<\/strong> Transporte de ida e volta do aeroporto em ve\u00edculos tur\u00edsticos autorizados.<\/p>\n<p data-start=\"1838\" data-end=\"1933\"><strong data-start=\"1838\" data-end=\"1853\">N\u00e3o inclu\u00eddo:<\/strong> Almo\u00e7o, passes de acesso ao Cerro Catedral, aluguel de equipamentos ou atividades.perguntas frequentes<\/p>\n<p data-start=\"1966\" data-end=\"2069\"><strong data-start=\"1966\" data-end=\"1998\">Onde come\u00e7a a transfer\u00eancia?<\/strong><br data-start=\"1998\" data-end=\"2001\" \/>Em pontos de encontro pr\u00e9-agendados de acordo com sua acomoda\u00e7\u00e3o.<\/p>\n<p data-start=\"2071\" data-end=\"2185\"><strong data-start=\"2071\" data-end=\"2112\">Isso inclui o passe de entrada para o Cerro?<\/strong><br data-start=\"2112\" data-end=\"2115\" \/>N\u00e3o, o traslado n\u00e3o inclui o passe. Os ingressos devem ser pagos no Cerro.<\/p>\n<p data-start=\"2187\" data-end=\"2286\"><strong data-start=\"2187\" data-end=\"2221\">H\u00e1 restaurantes no Hill?<\/strong><br data-start=\"2221\" data-end=\"2224\" \/>Sim, dentro do complexo h\u00e1 diferentes op\u00e7\u00f5es gastron\u00f4micas.<\/p>\n<p data-start=\"2288\" data-end=\"2394\"><strong data-start=\"2288\" data-end=\"2323\">\u00c9 poss\u00edvel levar seu pr\u00f3prio equipamento?<\/strong><br data-start=\"2323\" data-end=\"2326\" \/>Sim, voc\u00ea pode levar seu pr\u00f3prio equipamento de esqui ou snowboard no ve\u00edculo.<br \/>\nAviso importante: Este passeio j\u00e1 est\u00e1 dispon\u00edvel para pr\u00e9-reserva. As sa\u00eddas operam de 15 de junho a 20 de agosto, sujeitas ao calend\u00e1rio sazonal.<br \/>\nAviso importante: Este passeio j\u00e1 est\u00e1 dispon\u00edvel para pr\u00e9-reserva. As sa\u00eddas operam de 1\u00ba de junho a 20 de agosto, sujeitas ao calend\u00e1rio sazonal.<\/p>\n<p><strong>Aviso importante<\/strong>Este passeio j\u00e1 est\u00e1 dispon\u00edvel para pr\u00e9-reserva. As sa\u00eddas operam de 15 de junho a 20 de agosto, sujeitas ao calend\u00e1rio sazonal.<\/p>","protected":false},"excerpt":{"rendered":"<p data-start=\"2436\" data-end=\"2581\">Traslado ao Cerro Catedral desde Bariloche. Transporte de ida e volta para desfrutar de um dia de esqui, snowboard ou neve sem se preocupar com a viagem.<\/p>","protected":false},"featured_media":379286,"comment_status":"open","ping_status":"closed","template":"","meta":[],"product_brand":[],"product_cat":[85,70,79,74,90,101,78],"product_tag":[],"class_list":{"0":"post-376925","1":"product","2":"type-product","3":"status-publish","4":"has-post-thumbnail","6":"product_cat-adultos","7":"product_cat-con-traslado","8":"product_cat-familia","9":"product_cat-invierno","10":"product_cat-ninos","11":"product_cat-sin-comida","12":"product_cat-terrestre-tipo","14":"first","15":"instock","16":"virtual","17":"sold-individually","18":"purchasable","19":"product-type-booking"},"booking_location":"","booking_location_type":"","booking_duration":1,"booking_duration_unit":"hour","booking_buffer":0,"booking_cost":0,"booking_resources":[],"exclude_global_add_ons":false,"addons":[{"name":"ADU | Adulto","type":"input_multiplier","position":0,"required":false,"title_format":"label","default":"","description_enable":false,"description":"","placeholder_enable":false,"placeholder":"","display":"select","restrictions_type":"any_text","adjust_price":true,"price":"31200","price_type":"quantity_based","restrictions":false,"min":"0","max":"0","options":[],"id":1775838463}],"yoast_head":"<!-- This site is optimized with the Yoast SEO Premium plugin v24.5 (Yoast SEO v24.8) - https:\/\/yoast.com\/wordpress\/plugins\/seo\/ -->\n<title>Cerro Catedral \u2013 Traslado c\u00f3modo para disfrutar la aventura en la nieve - Adventure Center<\/title>\n<meta name=\"description\" content=\"Traslado ida y vuelta desde Bariloche al Cerro Catedral. Lleg\u00e1 f\u00e1cil al centro de ski y disfrut\u00e1 la nieve, el deporte y el paisaje sin complicarte.\" \/>\n<meta name=\"robots\" content=\"index, follow, max-snippet:-1, max-image-preview:large, max-video-preview:-1\" \/>\n<link rel=\"canonical\" href=\"https:\/\/adventurecenter.com.ar\/pt\/product\/traslado-de-cathedral-hill\/\" \/>\n<meta property=\"og:locale\" content=\"pt_BR\" \/>\n<meta property=\"og:type\" content=\"article\" \/>\n<meta property=\"og:title\" content=\"Cerro Catedral \u2013 Traslado c\u00f3modo para disfrutar la aventura en la nieve\" \/>\n<meta property=\"og:description\" content=\"Traslado ida y vuelta desde Bariloche al Cerro Catedral. Lleg\u00e1 f\u00e1cil al centro de ski y disfrut\u00e1 la nieve, el deporte y el paisaje sin complicarte.\" \/>\n<meta property=\"og:url\" content=\"https:\/\/adventurecenter.com.ar\/pt\/product\/traslado-de-cathedral-hill\/\" \/>\n<meta property=\"og:site_name\" content=\"Adventure Center\" \/>\n<meta property=\"article:modified_time\" content=\"2026-04-10T19:27:42+00:00\" \/>\n<meta property=\"og:image\" content=\"https:\/\/adventurecenter.com.ar\/wp-content\/uploads\/2025\/03\/1-D-cerro-catedral_37413885300_o-scaled.jpg\" \/>\n\t<meta property=\"og:image:width\" content=\"1920\" \/>\n\t<meta property=\"og:image:height\" content=\"2560\" \/>\n\t<meta property=\"og:image:type\" content=\"image\/jpeg\" \/>\n<meta name=\"twitter:card\" content=\"summary_large_image\" \/>\n<meta name=\"twitter:label1\" content=\"Pre\u00e7o\" \/>\n\t<meta name=\"twitter:data1\" content=\"&#036;&nbsp;31.200,00\" \/>\n\t<meta name=\"twitter:label2\" content=\"Disponibilidade\" \/>\n\t<meta name=\"twitter:data2\" content=\"Em Estoque\" \/>\n<script type=\"application\/ld+json\" class=\"yoast-schema-graph\">{\"@context\":\"https:\/\/schema.org\",\"@graph\":[{\"@type\":[\"WebPage\",\"ItemPage\"],\"@id\":\"https:\/\/adventurecenter.com.ar\/product\/traslado-cerro-catedral\/\",\"url\":\"https:\/\/adventurecenter.com.ar\/product\/traslado-cerro-catedral\/\",\"name\":\"Cerro Catedral \u2013 Traslado c\u00f3modo para disfrutar la aventura en la nieve - Adventure Center\",\"isPartOf\":{\"@id\":\"https:\/\/adventurecenter.com.ar\/#website\"},\"primaryImageOfPage\":{\"@id\":\"https:\/\/adventurecenter.com.ar\/product\/traslado-cerro-catedral\/#primaryimage\"},\"image\":{\"@id\":\"https:\/\/adventurecenter.com.ar\/product\/traslado-cerro-catedral\/#primaryimage\"},\"thumbnailUrl\":\"https:\/\/adventurecenter.com.ar\/wp-content\/uploads\/2025\/03\/1-D-cerro-catedral_37413885300_o-scaled.jpg\",\"datePublished\":\"2026-04-09T23:12:17+00:00\",\"dateModified\":\"2026-04-10T19:27:42+00:00\",\"description\":\"Traslado ida y vuelta desde Bariloche al Cerro Catedral. Lleg\u00e1 f\u00e1cil al centro de ski y disfrut\u00e1 la nieve, el deporte y el paisaje sin complicarte.\",\"breadcrumb\":{\"@id\":\"https:\/\/adventurecenter.com.ar\/product\/traslado-cerro-catedral\/#breadcrumb\"},\"inLanguage\":\"pt-BR\",\"potentialAction\":[{\"@type\":\"ReadAction\",\"target\":[\"https:\/\/adventurecenter.com.ar\/product\/traslado-cerro-catedral\/\"]}]},{\"@type\":\"ImageObject\",\"inLanguage\":\"pt-BR\",\"@id\":\"https:\/\/adventurecenter.com.ar\/product\/traslado-cerro-catedral\/#primaryimage\",\"url\":\"https:\/\/adventurecenter.com.ar\/wp-content\/uploads\/2025\/03\/1-D-cerro-catedral_37413885300_o-scaled.jpg\",\"contentUrl\":\"https:\/\/adventurecenter.com.ar\/wp-content\/uploads\/2025\/03\/1-D-cerro-catedral_37413885300_o-scaled.jpg\",\"width\":1920,\"height\":2560},{\"@type\":\"BreadcrumbList\",\"@id\":\"https:\/\/adventurecenter.com.ar\/product\/traslado-cerro-catedral\/#breadcrumb\",\"itemListElement\":[{\"@type\":\"ListItem\",\"position\":1,\"name\":\"Home\",\"item\":\"https:\/\/adventurecenter.com.ar\/\"},{\"@type\":\"ListItem\",\"position\":2,\"name\":\"Lista de excursiones\",\"item\":\"https:\/\/adventurecenter.com.ar\/shop\/\"},{\"@type\":\"ListItem\",\"position\":3,\"name\":\"Cerro Catedral \u2013 Traslado c\u00f3modo para disfrutar la aventura en la nieve\"}]},{\"@type\":\"WebSite\",\"@id\":\"https:\/\/adventurecenter.com.ar\/#website\",\"url\":\"https:\/\/adventurecenter.com.ar\/\",\"name\":\"Adventure Center\",\"description\":\"Turismo en Bariloche Patagonia Argentina\",\"publisher\":{\"@id\":\"https:\/\/adventurecenter.com.ar\/#organization\"},\"potentialAction\":[{\"@type\":\"SearchAction\",\"target\":{\"@type\":\"EntryPoint\",\"urlTemplate\":\"https:\/\/adventurecenter.com.ar\/?s={search_term_string}\"},\"query-input\":{\"@type\":\"PropertyValueSpecification\",\"valueRequired\":true,\"valueName\":\"search_term_string\"}}],\"inLanguage\":\"pt-BR\"},{\"@type\":\"Organization\",\"@id\":\"https:\/\/adventurecenter.com.ar\/#organization\",\"name\":\"Adventure Center\",\"url\":\"https:\/\/adventurecenter.com.ar\/\",\"logo\":{\"@type\":\"ImageObject\",\"inLanguage\":\"pt-BR\",\"@id\":\"https:\/\/adventurecenter.com.ar\/#\/schema\/logo\/image\/\",\"url\":\"https:\/\/adventurecenter.com.ar\/wp-content\/uploads\/2022\/10\/logo-definitivo-copia.png\",\"contentUrl\":\"https:\/\/adventurecenter.com.ar\/wp-content\/uploads\/2022\/10\/logo-definitivo-copia.png\",\"width\":150,\"height\":55,\"caption\":\"Adventure Center\"},\"image\":{\"@id\":\"https:\/\/adventurecenter.com.ar\/#\/schema\/logo\/image\/\"}}]}<\/script>\n<meta property=\"product:price:amount\" content=\"31200.00\" \/>\n<meta property=\"product:price:currency\" content=\"ARS\" \/>\n<meta property=\"og:availability\" content=\"instock\" \/>\n<meta property=\"product:availability\" content=\"instock\" \/>\n<meta property=\"product:retailer_item_id\" content=\"ADV2025TRALCESHGU\" \/>\n<meta property=\"product:condition\" content=\"new\" \/>\n<!-- \/ Yoast SEO Premium plugin. -->","yoast_head_json":{"title":"Cerro Catedral - Traslado confort\u00e1vel para aproveitar a aventura na neve - Centro de Aventura","description":"Traslado de ida e volta de Bariloche para Cerro Catedral. Chegue facilmente \u00e0 esta\u00e7\u00e3o de esqui e desfrute da neve, do esporte e da paisagem sem complica\u00e7\u00f5es.","robots":{"index":"index","follow":"follow","max-snippet":"max-snippet:-1","max-image-preview":"max-image-preview:large","max-video-preview":"max-video-preview:-1"},"canonical":"https:\/\/adventurecenter.com.ar\/pt\/product\/traslado-de-cathedral-hill\/","og_locale":"pt_BR","og_type":"article","og_title":"Cerro Catedral \u2013 Traslado c\u00f3modo para disfrutar la aventura en la nieve","og_description":"Traslado ida y vuelta desde Bariloche al Cerro Catedral. Lleg\u00e1 f\u00e1cil al centro de ski y disfrut\u00e1 la nieve, el deporte y el paisaje sin complicarte.","og_url":"https:\/\/adventurecenter.com.ar\/pt\/product\/traslado-de-cathedral-hill\/","og_site_name":"Adventure Center","article_modified_time":"2026-04-10T19:27:42+00:00","og_image":[{"width":1920,"height":2560,"url":"https:\/\/adventurecenter.com.ar\/wp-content\/uploads\/2025\/03\/1-D-cerro-catedral_37413885300_o-scaled.jpg","type":"image\/jpeg"}],"twitter_card":"summary_large_image","twitter_misc":{"Pre\u00e7o":"&#36;&nbsp;31.200,00","Disponibilidade":"Em Estoque"},"schema":{"@context":"https:\/\/schema.org","@graph":[{"@type":["WebPage","ItemPage"],"@id":"https:\/\/adventurecenter.com.ar\/product\/traslado-cerro-catedral\/","url":"https:\/\/adventurecenter.com.ar\/product\/traslado-cerro-catedral\/","name":"Cerro Catedral - Traslado confort\u00e1vel para aproveitar a aventura na neve - Centro de Aventura","isPartOf":{"@id":"https:\/\/adventurecenter.com.ar\/#website"},"primaryImageOfPage":{"@id":"https:\/\/adventurecenter.com.ar\/product\/traslado-cerro-catedral\/#primaryimage"},"image":{"@id":"https:\/\/adventurecenter.com.ar\/product\/traslado-cerro-catedral\/#primaryimage"},"thumbnailUrl":"https:\/\/adventurecenter.com.ar\/wp-content\/uploads\/2025\/03\/1-D-cerro-catedral_37413885300_o-scaled.jpg","datePublished":"2026-04-09T23:12:17+00:00","dateModified":"2026-04-10T19:27:42+00:00","description":"Traslado de ida e volta de Bariloche para Cerro Catedral. Chegue facilmente \u00e0 esta\u00e7\u00e3o de esqui e desfrute da neve, do esporte e da paisagem sem complica\u00e7\u00f5es.","breadcrumb":{"@id":"https:\/\/adventurecenter.com.ar\/product\/traslado-cerro-catedral\/#breadcrumb"},"inLanguage":"pt-BR","potentialAction":[{"@type":"ReadAction","target":["https:\/\/adventurecenter.com.ar\/product\/traslado-cerro-catedral\/"]}]},{"@type":"ImageObject","inLanguage":"pt-BR","@id":"https:\/\/adventurecenter.com.ar\/product\/traslado-cerro-catedral\/#primaryimage","url":"https:\/\/adventurecenter.com.ar\/wp-content\/uploads\/2025\/03\/1-D-cerro-catedral_37413885300_o-scaled.jpg","contentUrl":"https:\/\/adventurecenter.com.ar\/wp-content\/uploads\/2025\/03\/1-D-cerro-catedral_37413885300_o-scaled.jpg","width":1920,"height":2560},{"@type":"BreadcrumbList","@id":"https:\/\/adventurecenter.com.ar\/product\/traslado-cerro-catedral\/#breadcrumb","itemListElement":[{"@type":"ListItem","position":1,"name":"Home","item":"https:\/\/adventurecenter.com.ar\/"},{"@type":"ListItem","position":2,"name":"Lista de excursiones","item":"https:\/\/adventurecenter.com.ar\/shop\/"},{"@type":"ListItem","position":3,"name":"Cerro Catedral \u2013 Traslado c\u00f3modo para disfrutar la aventura en la nieve"}]},{"@type":"WebSite","@id":"https:\/\/adventurecenter.com.ar\/#website","url":"https:\/\/adventurecenter.com.ar\/","name":"Centro de Aventura","description":"Turismo em Bariloche Patag\u00f4nia Argentina","publisher":{"@id":"https:\/\/adventurecenter.com.ar\/#organization"},"potentialAction":[{"@type":"SearchAction","target":{"@type":"EntryPoint","urlTemplate":"https:\/\/adventurecenter.com.ar\/?s={search_term_string}"},"query-input":{"@type":"PropertyValueSpecification","valueRequired":true,"valueName":"search_term_string"}}],"inLanguage":"pt-BR"},{"@type":"Organization","@id":"https:\/\/adventurecenter.com.ar\/#organization","name":"Centro de Aventura","url":"https:\/\/adventurecenter.com.ar\/","logo":{"@type":"ImageObject","inLanguage":"pt-BR","@id":"https:\/\/adventurecenter.com.ar\/#\/schema\/logo\/image\/","url":"https:\/\/adventurecenter.com.ar\/wp-content\/uploads\/2022\/10\/logo-definitivo-copia.png","contentUrl":"https:\/\/adventurecenter.com.ar\/wp-content\/uploads\/2022\/10\/logo-definitivo-copia.png","width":150,"height":55,"caption":"Adventure Center"},"image":{"@id":"https:\/\/adventurecenter.com.ar\/#\/schema\/logo\/image\/"}}]},"product_price_amount":"31200.00","product_price_currency":"ARS","og_availability":"instock","product_availability":"instock","product_retailer_item_id":"ADV2025TRALCESHGU","product_condition":"new"},"_links":{"self":[{"href":"https:\/\/adventurecenter.com.ar\/pt\/wp-json\/wp\/v2\/product\/376925","targetHints":{"allow":["GET"]}}],"collection":[{"href":"https:\/\/adventurecenter.com.ar\/pt\/wp-json\/wp\/v2\/product"}],"about":[{"href":"https:\/\/adventurecenter.com.ar\/pt\/wp-json\/wp\/v2\/types\/product"}],"replies":[{"embeddable":true,"href":"https:\/\/adventurecenter.com.ar\/pt\/wp-json\/wp\/v2\/comments?post=376925"}],"wp:featuredmedia":[{"embeddable":true,"href":"https:\/\/adventurecenter.com.ar\/pt\/wp-json\/wp\/v2\/media\/379286"}],"wp:attachment":[{"href":"https:\/\/adventurecenter.com.ar\/pt\/wp-json\/wp\/v2\/media?parent=376925"}],"wp:term":[{"taxonomy":"product_brand","embeddable":true,"href":"https:\/\/adventurecenter.com.ar\/pt\/wp-json\/wp\/v2\/product_brand?post=376925"},{"taxonomy":"product_cat","embeddable":true,"href":"https:\/\/adventurecenter.com.ar\/pt\/wp-json\/wp\/v2\/product_cat?post=376925"},{"taxonomy":"product_tag","embeddable":true,"href":"https:\/\/adventurecenter.com.ar\/pt\/wp-json\/wp\/v2\/product_tag?post=376925"}],"curies":[{"name":"wp","href":"https:\/\/api.w.org\/{rel}","templated":true}]}}