{"id":376924,"date":"2026-04-09T20:12:16","date_gmt":"2026-04-09T23:12:16","guid":{"rendered":"https:\/\/adventurecenter.com.ar\/?post_type=product&#038;p=376924"},"modified":"2026-04-10T16:30:56","modified_gmt":"2026-04-10T19:30:56","slug":"traslado-al-cerro-piedras-blancas","status":"publish","type":"product","link":"https:\/\/adventurecenter.com.ar\/pt\/product\/traslado-para-o-cerro-piedras-blancas\/","title":{"rendered":"Comece a aventura na neve: Traslado para Piedras Blancas sem complica\u00e7\u00f5es"},"content":{"rendered":"<h2>Traslado para Piedras Blancas de Bariloche<\/h2>\n<p>Descubra a magia do inverno com nosso <strong>Traslado para Piedras Blancas<\/strong>localizado na imponente <strong>Cerro Otto<\/strong>. Essa excurs\u00e3o leva voc\u00ea do centro de Bariloche at\u00e9 <strong>Morro Piedras Blancas<\/strong>Um resort de inverno famoso por suas pistas de tobog\u00e3, vistas incr\u00edveis e f\u00e1cil acesso. Ideal para fam\u00edlias, amigos ou casais que procuram aventura na neve sem complica\u00e7\u00f5es.<\/p>\n<h3>Detalhes da transfer\u00eancia<\/h3>\n<ul>\n<li><strong>Itiner\u00e1rio:<\/strong> Do centro de Bariloche at\u00e9 <strong>Morro Piedras Blancas<\/strong>.<\/li>\n<li><strong>Hor\u00e1rios:<\/strong> Das 8:00 \u00e0s 16:00 e das 13:00 \u00e0s 18:00.<\/li>\n<li><strong>Ele inclui:<\/strong> Traslado de ida e volta para o aeroporto.<\/li>\n<li><strong>N\u00e3o inclu\u00eddo:<\/strong> Almo\u00e7o e passes para o telef\u00e9rico.<\/li>\n<\/ul>\n<h3>Por que escolher essa excurs\u00e3o ao Cerro Piedras Blancas?<\/h3>\n<p>Isso <strong>Traslado para Piedras Blancas<\/strong> \u00e9 ideal se voc\u00ea quiser aproveitar ao m\u00e1ximo seu dia na neve sem se preocupar com o transporte. Desfrute de um lugar m\u00e1gico em <strong>Cerro Otto Piedras Blancas Bariloche<\/strong>onde natureza e divers\u00e3o se combinam. Pode ser complementado com o Circuito Chico, para uma experi\u00eancia ainda mais completa em Bariloche.<\/p>\n<h3>Perguntas frequentes (FAQ)<\/h3>\n<ul>\n<li><strong>De onde come\u00e7a a transfer\u00eancia?<\/strong> Em um ponto central de Bariloche, de f\u00e1cil acesso para os turistas.<\/li>\n<li><strong>Que atividades posso fazer?<\/strong> Andar de tren\u00f3, andar com raquetes de neve e apreciar a paisagem.<\/li>\n<li><strong>O que o servi\u00e7o inclui?<\/strong> Apenas traslado de ida e volta. Almo\u00e7o e passes n\u00e3o est\u00e3o inclu\u00eddos.<strong>Aviso importante<\/strong>Este passeio j\u00e1 est\u00e1 dispon\u00edvel para pr\u00e9-reserva. As sa\u00eddas operam de 15 de junho a 20 de agosto, sujeitas ao calend\u00e1rio sazonal.<\/li>\n<\/ul>\n<p>&nbsp;<\/p>","protected":false},"excerpt":{"rendered":"<p>Experimente um traslado exclusivo de meio dia de Bariloche para Cerro Piedras Blancas, um dos principais resorts de esqui da Am\u00e9rica Latina. Aproveite essa oportunidade \u00fanica que combina aventura sem igual, conforto total e um cen\u00e1rio natural de tirar o f\u00f4lego.<\/p>","protected":false},"featured_media":379281,"comment_status":"open","ping_status":"closed","template":"","meta":[],"product_brand":[],"product_cat":[85,70,79,74,90,101,78],"product_tag":[],"class_list":{"0":"post-376924","1":"product","2":"type-product","3":"status-publish","4":"has-post-thumbnail","6":"product_cat-adultos","7":"product_cat-con-traslado","8":"product_cat-familia","9":"product_cat-invierno","10":"product_cat-ninos","11":"product_cat-sin-comida","12":"product_cat-terrestre-tipo","14":"first","15":"instock","16":"virtual","17":"sold-individually","18":"purchasable","19":"product-type-booking"},"booking_location":"","booking_location_type":"","booking_duration":1,"booking_duration_unit":"hour","booking_buffer":0,"booking_cost":0,"booking_resources":[],"exclude_global_add_ons":false,"addons":[{"name":"ADU | Adulto","type":"input_multiplier","position":0,"required":false,"title_format":"label","default":"","description_enable":false,"description":"","placeholder_enable":false,"placeholder":"","display":"select","restrictions_type":"any_text","adjust_price":true,"price":"31200","price_type":"quantity_based","restrictions":false,"min":"0","max":"0","options":[],"id":1775838656}],"yoast_head":"<!-- This site is optimized with the Yoast SEO Premium plugin v24.5 (Yoast SEO v24.8) - https:\/\/yoast.com\/wordpress\/plugins\/seo\/ -->\n<title>Empez\u00e1 la Aventura en la Nieve: Traslado a Piedras Blancas sin Complicaciones - Adventure Center<\/title>\n<meta name=\"description\" content=\"Viva la emoci\u00f3n de deslizarse por 3 km de pistas exclusivas en trineo en Cerro Piedras Blancas. Incluye traslado desde Bariloche y opci\u00f3n de sumar el Circuito Chico. \u00a1\u200bAventura y diversi\u00f3n en la nieve le esperan!\" \/>\n<meta name=\"robots\" content=\"index, follow, max-snippet:-1, max-image-preview:large, max-video-preview:-1\" \/>\n<link rel=\"canonical\" href=\"https:\/\/adventurecenter.com.ar\/pt\/product\/traslado-para-o-cerro-piedras-blancas\/\" \/>\n<meta property=\"og:locale\" content=\"pt_BR\" \/>\n<meta property=\"og:type\" content=\"article\" \/>\n<meta property=\"og:title\" content=\"Empez\u00e1 la Aventura en la Nieve: Traslado a Piedras Blancas sin Complicaciones\" \/>\n<meta property=\"og:description\" content=\"Viva la emoci\u00f3n de deslizarse por 3 km de pistas exclusivas en trineo en Cerro Piedras Blancas. Incluye traslado desde Bariloche y opci\u00f3n de sumar el Circuito Chico. \u00a1\u200bAventura y diversi\u00f3n en la nieve le esperan!\" \/>\n<meta property=\"og:url\" content=\"https:\/\/adventurecenter.com.ar\/pt\/product\/traslado-para-o-cerro-piedras-blancas\/\" \/>\n<meta property=\"og:site_name\" content=\"Adventure Center\" \/>\n<meta property=\"article:modified_time\" content=\"2026-04-10T19:30:56+00:00\" \/>\n<meta property=\"og:image\" content=\"https:\/\/adventurecenter.com.ar\/wp-content\/uploads\/2025\/03\/1-C-IMG_9730-scaled.jpg\" \/>\n\t<meta property=\"og:image:width\" content=\"1920\" \/>\n\t<meta property=\"og:image:height\" content=\"2560\" \/>\n\t<meta property=\"og:image:type\" content=\"image\/jpeg\" \/>\n<meta name=\"twitter:card\" content=\"summary_large_image\" \/>\n<meta name=\"twitter:label1\" content=\"Pre\u00e7o\" \/>\n\t<meta name=\"twitter:data1\" content=\"&#036;&nbsp;31.200,00\" \/>\n\t<meta name=\"twitter:label2\" content=\"Disponibilidade\" \/>\n\t<meta name=\"twitter:data2\" content=\"Em Estoque\" \/>\n<script type=\"application\/ld+json\" class=\"yoast-schema-graph\">{\"@context\":\"https:\/\/schema.org\",\"@graph\":[{\"@type\":[\"WebPage\",\"ItemPage\"],\"@id\":\"https:\/\/adventurecenter.com.ar\/product\/traslado-al-cerro-piedras-blancas\/\",\"url\":\"https:\/\/adventurecenter.com.ar\/product\/traslado-al-cerro-piedras-blancas\/\",\"name\":\"Empez\u00e1 la Aventura en la Nieve: Traslado a Piedras Blancas sin Complicaciones - Adventure Center\",\"isPartOf\":{\"@id\":\"https:\/\/adventurecenter.com.ar\/#website\"},\"primaryImageOfPage\":{\"@id\":\"https:\/\/adventurecenter.com.ar\/product\/traslado-al-cerro-piedras-blancas\/#primaryimage\"},\"image\":{\"@id\":\"https:\/\/adventurecenter.com.ar\/product\/traslado-al-cerro-piedras-blancas\/#primaryimage\"},\"thumbnailUrl\":\"https:\/\/adventurecenter.com.ar\/wp-content\/uploads\/2025\/03\/1-C-IMG_9730-scaled.jpg\",\"datePublished\":\"2026-04-09T23:12:16+00:00\",\"dateModified\":\"2026-04-10T19:30:56+00:00\",\"description\":\"Viva la emoci\u00f3n de deslizarse por 3 km de pistas exclusivas en trineo en Cerro Piedras Blancas. Incluye traslado desde Bariloche y opci\u00f3n de sumar el Circuito Chico. \u00a1\u200bAventura y diversi\u00f3n en la nieve le esperan!\",\"breadcrumb\":{\"@id\":\"https:\/\/adventurecenter.com.ar\/product\/traslado-al-cerro-piedras-blancas\/#breadcrumb\"},\"inLanguage\":\"pt-BR\",\"potentialAction\":[{\"@type\":\"ReadAction\",\"target\":[\"https:\/\/adventurecenter.com.ar\/product\/traslado-al-cerro-piedras-blancas\/\"]}]},{\"@type\":\"ImageObject\",\"inLanguage\":\"pt-BR\",\"@id\":\"https:\/\/adventurecenter.com.ar\/product\/traslado-al-cerro-piedras-blancas\/#primaryimage\",\"url\":\"https:\/\/adventurecenter.com.ar\/wp-content\/uploads\/2025\/03\/1-C-IMG_9730-scaled.jpg\",\"contentUrl\":\"https:\/\/adventurecenter.com.ar\/wp-content\/uploads\/2025\/03\/1-C-IMG_9730-scaled.jpg\",\"width\":1920,\"height\":2560},{\"@type\":\"BreadcrumbList\",\"@id\":\"https:\/\/adventurecenter.com.ar\/product\/traslado-al-cerro-piedras-blancas\/#breadcrumb\",\"itemListElement\":[{\"@type\":\"ListItem\",\"position\":1,\"name\":\"Home\",\"item\":\"https:\/\/adventurecenter.com.ar\/\"},{\"@type\":\"ListItem\",\"position\":2,\"name\":\"Lista de excursiones\",\"item\":\"https:\/\/adventurecenter.com.ar\/shop\/\"},{\"@type\":\"ListItem\",\"position\":3,\"name\":\"Empez\u00e1 la Aventura en la Nieve: Traslado a Piedras Blancas sin Complicaciones\"}]},{\"@type\":\"WebSite\",\"@id\":\"https:\/\/adventurecenter.com.ar\/#website\",\"url\":\"https:\/\/adventurecenter.com.ar\/\",\"name\":\"Adventure Center\",\"description\":\"Turismo en Bariloche Patagonia Argentina\",\"publisher\":{\"@id\":\"https:\/\/adventurecenter.com.ar\/#organization\"},\"potentialAction\":[{\"@type\":\"SearchAction\",\"target\":{\"@type\":\"EntryPoint\",\"urlTemplate\":\"https:\/\/adventurecenter.com.ar\/?s={search_term_string}\"},\"query-input\":{\"@type\":\"PropertyValueSpecification\",\"valueRequired\":true,\"valueName\":\"search_term_string\"}}],\"inLanguage\":\"pt-BR\"},{\"@type\":\"Organization\",\"@id\":\"https:\/\/adventurecenter.com.ar\/#organization\",\"name\":\"Adventure Center\",\"url\":\"https:\/\/adventurecenter.com.ar\/\",\"logo\":{\"@type\":\"ImageObject\",\"inLanguage\":\"pt-BR\",\"@id\":\"https:\/\/adventurecenter.com.ar\/#\/schema\/logo\/image\/\",\"url\":\"https:\/\/adventurecenter.com.ar\/wp-content\/uploads\/2022\/10\/logo-definitivo-copia.png\",\"contentUrl\":\"https:\/\/adventurecenter.com.ar\/wp-content\/uploads\/2022\/10\/logo-definitivo-copia.png\",\"width\":150,\"height\":55,\"caption\":\"Adventure Center\"},\"image\":{\"@id\":\"https:\/\/adventurecenter.com.ar\/#\/schema\/logo\/image\/\"}}]}<\/script>\n<meta property=\"product:price:amount\" content=\"31200.00\" \/>\n<meta property=\"product:price:currency\" content=\"ARS\" \/>\n<meta property=\"og:availability\" content=\"instock\" \/>\n<meta property=\"product:availability\" content=\"instock\" \/>\n<meta property=\"product:retailer_item_id\" content=\"ADV2025TRALCE1K3T\" \/>\n<meta property=\"product:condition\" content=\"new\" \/>\n<!-- \/ Yoast SEO Premium plugin. -->","yoast_head_json":{"title":"Comece a aventura na neve: Traslado para Piedras Blancas sem complica\u00e7\u00f5es - Adventure Center","description":"Experimente a emo\u00e7\u00e3o de deslizar por 3 km de pistas de tobog\u00e3 exclusivas no Cerro Piedras Blancas. Incluindo traslado de Bariloche e op\u00e7\u00e3o de adicionar o Circuito Chico, aventura e divers\u00e3o na neve esperam por voc\u00ea!","robots":{"index":"index","follow":"follow","max-snippet":"max-snippet:-1","max-image-preview":"max-image-preview:large","max-video-preview":"max-video-preview:-1"},"canonical":"https:\/\/adventurecenter.com.ar\/pt\/product\/traslado-para-o-cerro-piedras-blancas\/","og_locale":"pt_BR","og_type":"article","og_title":"Empez\u00e1 la Aventura en la Nieve: Traslado a Piedras Blancas sin Complicaciones","og_description":"Viva la emoci\u00f3n de deslizarse por 3 km de pistas exclusivas en trineo en Cerro Piedras Blancas. Incluye traslado desde Bariloche y opci\u00f3n de sumar el Circuito Chico. \u00a1\u200bAventura y diversi\u00f3n en la nieve le esperan!","og_url":"https:\/\/adventurecenter.com.ar\/pt\/product\/traslado-para-o-cerro-piedras-blancas\/","og_site_name":"Adventure Center","article_modified_time":"2026-04-10T19:30:56+00:00","og_image":[{"width":1920,"height":2560,"url":"https:\/\/adventurecenter.com.ar\/wp-content\/uploads\/2025\/03\/1-C-IMG_9730-scaled.jpg","type":"image\/jpeg"}],"twitter_card":"summary_large_image","twitter_misc":{"Pre\u00e7o":"&#36;&nbsp;31.200,00","Disponibilidade":"Em Estoque"},"schema":{"@context":"https:\/\/schema.org","@graph":[{"@type":["WebPage","ItemPage"],"@id":"https:\/\/adventurecenter.com.ar\/product\/traslado-al-cerro-piedras-blancas\/","url":"https:\/\/adventurecenter.com.ar\/product\/traslado-al-cerro-piedras-blancas\/","name":"Comece a aventura na neve: Traslado para Piedras Blancas sem complica\u00e7\u00f5es - Adventure Center","isPartOf":{"@id":"https:\/\/adventurecenter.com.ar\/#website"},"primaryImageOfPage":{"@id":"https:\/\/adventurecenter.com.ar\/product\/traslado-al-cerro-piedras-blancas\/#primaryimage"},"image":{"@id":"https:\/\/adventurecenter.com.ar\/product\/traslado-al-cerro-piedras-blancas\/#primaryimage"},"thumbnailUrl":"https:\/\/adventurecenter.com.ar\/wp-content\/uploads\/2025\/03\/1-C-IMG_9730-scaled.jpg","datePublished":"2026-04-09T23:12:16+00:00","dateModified":"2026-04-10T19:30:56+00:00","description":"Experimente a emo\u00e7\u00e3o de deslizar por 3 km de pistas de tobog\u00e3 exclusivas no Cerro Piedras Blancas. Incluindo traslado de Bariloche e op\u00e7\u00e3o de adicionar o Circuito Chico, aventura e divers\u00e3o na neve esperam por voc\u00ea!","breadcrumb":{"@id":"https:\/\/adventurecenter.com.ar\/product\/traslado-al-cerro-piedras-blancas\/#breadcrumb"},"inLanguage":"pt-BR","potentialAction":[{"@type":"ReadAction","target":["https:\/\/adventurecenter.com.ar\/product\/traslado-al-cerro-piedras-blancas\/"]}]},{"@type":"ImageObject","inLanguage":"pt-BR","@id":"https:\/\/adventurecenter.com.ar\/product\/traslado-al-cerro-piedras-blancas\/#primaryimage","url":"https:\/\/adventurecenter.com.ar\/wp-content\/uploads\/2025\/03\/1-C-IMG_9730-scaled.jpg","contentUrl":"https:\/\/adventurecenter.com.ar\/wp-content\/uploads\/2025\/03\/1-C-IMG_9730-scaled.jpg","width":1920,"height":2560},{"@type":"BreadcrumbList","@id":"https:\/\/adventurecenter.com.ar\/product\/traslado-al-cerro-piedras-blancas\/#breadcrumb","itemListElement":[{"@type":"ListItem","position":1,"name":"Home","item":"https:\/\/adventurecenter.com.ar\/"},{"@type":"ListItem","position":2,"name":"Lista de excursiones","item":"https:\/\/adventurecenter.com.ar\/shop\/"},{"@type":"ListItem","position":3,"name":"Empez\u00e1 la Aventura en la Nieve: Traslado a Piedras Blancas sin Complicaciones"}]},{"@type":"WebSite","@id":"https:\/\/adventurecenter.com.ar\/#website","url":"https:\/\/adventurecenter.com.ar\/","name":"Centro de Aventura","description":"Turismo em Bariloche Patag\u00f4nia Argentina","publisher":{"@id":"https:\/\/adventurecenter.com.ar\/#organization"},"potentialAction":[{"@type":"SearchAction","target":{"@type":"EntryPoint","urlTemplate":"https:\/\/adventurecenter.com.ar\/?s={search_term_string}"},"query-input":{"@type":"PropertyValueSpecification","valueRequired":true,"valueName":"search_term_string"}}],"inLanguage":"pt-BR"},{"@type":"Organization","@id":"https:\/\/adventurecenter.com.ar\/#organization","name":"Centro de Aventura","url":"https:\/\/adventurecenter.com.ar\/","logo":{"@type":"ImageObject","inLanguage":"pt-BR","@id":"https:\/\/adventurecenter.com.ar\/#\/schema\/logo\/image\/","url":"https:\/\/adventurecenter.com.ar\/wp-content\/uploads\/2022\/10\/logo-definitivo-copia.png","contentUrl":"https:\/\/adventurecenter.com.ar\/wp-content\/uploads\/2022\/10\/logo-definitivo-copia.png","width":150,"height":55,"caption":"Adventure Center"},"image":{"@id":"https:\/\/adventurecenter.com.ar\/#\/schema\/logo\/image\/"}}]},"product_price_amount":"31200.00","product_price_currency":"ARS","og_availability":"instock","product_availability":"instock","product_retailer_item_id":"ADV2025TRALCE1K3T","product_condition":"new"},"_links":{"self":[{"href":"https:\/\/adventurecenter.com.ar\/pt\/wp-json\/wp\/v2\/product\/376924","targetHints":{"allow":["GET"]}}],"collection":[{"href":"https:\/\/adventurecenter.com.ar\/pt\/wp-json\/wp\/v2\/product"}],"about":[{"href":"https:\/\/adventurecenter.com.ar\/pt\/wp-json\/wp\/v2\/types\/product"}],"replies":[{"embeddable":true,"href":"https:\/\/adventurecenter.com.ar\/pt\/wp-json\/wp\/v2\/comments?post=376924"}],"wp:featuredmedia":[{"embeddable":true,"href":"https:\/\/adventurecenter.com.ar\/pt\/wp-json\/wp\/v2\/media\/379281"}],"wp:attachment":[{"href":"https:\/\/adventurecenter.com.ar\/pt\/wp-json\/wp\/v2\/media?parent=376924"}],"wp:term":[{"taxonomy":"product_brand","embeddable":true,"href":"https:\/\/adventurecenter.com.ar\/pt\/wp-json\/wp\/v2\/product_brand?post=376924"},{"taxonomy":"product_cat","embeddable":true,"href":"https:\/\/adventurecenter.com.ar\/pt\/wp-json\/wp\/v2\/product_cat?post=376924"},{"taxonomy":"product_tag","embeddable":true,"href":"https:\/\/adventurecenter.com.ar\/pt\/wp-json\/wp\/v2\/product_tag?post=376924"}],"curies":[{"name":"wp","href":"https:\/\/api.w.org\/{rel}","templated":true}]}}