{"id":381404,"date":"2026-04-14T12:04:30","date_gmt":"2026-04-14T15:04:30","guid":{"rendered":"https:\/\/adventurecenter.com.ar\/?post_type=product&#038;p=381404"},"modified":"2026-04-16T15:20:03","modified_gmt":"2026-04-16T18:20:03","slug":"noche-encantada-cena-en-refugio-de-montana-con-ascenso-4x4","status":"publish","type":"product","link":"https:\/\/adventurecenter.com.ar\/en\/product\/enchanted-night-dinner-in-mountain-hut-with-4wd-ascent\/","title":{"rendered":"Enchanted Night: Dinner at Mountain Hut with 4\u00d74 Ascent"},"content":{"rendered":"<h3 class=\"ai-optimize-23\"><b>A unique nocturnal experience in the Patagonian mountains<\/b><\/h3>\n<p class=\"ai-optimize-25 ai-optimize-introduction\"><span style=\"font-weight: 400;\">The experience begins at sunset, when we go into the mountains aboard 4\u00d74 vehicles, crossing Patagonian forests in a completely different environment from that of the day.<\/span><\/p>\n<p class=\"ai-optimize-26\"><span style=\"font-weight: 400;\">As the vehicle ascends, the landscape is transformed and the city begins to light up in the distance, generating unique panoramic views under the starry sky.<\/span><\/p>\n<p class=\"ai-optimize-27\"><span style=\"font-weight: 400;\">Upon arrival at the mountain refuge, the warm and cozy atmosphere invites you to relax and enjoy a special gastronomic proposal: a typical dinner combining regional flavors in an exclusive environment.<\/span><\/p>\n<p class=\"ai-optimize-28\"><span style=\"font-weight: 400;\">The night continues with laughter, good food and nature, making it an unforgettable experience in Patagonia.<\/span><\/p>\n<p class=\"ai-optimize-29\"><b>\u00a0Practical information<\/b><\/p>\n<p class=\"ai-optimize-30\"><b>Schedule:<\/b><b><br \/>\n<\/b><span style=\"font-weight: 400;\"> 18:30 to 23:30 hs approx.<\/span><\/p>\n<p class=\"ai-optimize-31\"><b>Duration:<\/b><b><br \/>\n<\/b><span style=\"font-weight: 400;\"> Part-time at night.<\/span><\/p>\n<p class=\"ai-optimize-32\"><b>Meeting point:<\/b><b><br \/>\n<\/b><span style=\"font-weight: 400;\"> From downtown Bariloche to km 8 of Bustillo \/ Pioneros Av.<\/span><span style=\"font-weight: 400;\"><br \/>\n<\/span><span style=\"font-weight: 400;\"> Lodging in the direction of Colonia Suiza.<\/span><span style=\"font-weight: 400;\"><br \/>\n<\/span><span style=\"font-weight: 400;\"> (Other points to consult).<\/span><\/p>\n<p class=\"ai-optimize-33\"><b>\u00a0Includes:<\/b><\/p>\n<ul>\n<li class=\"ai-optimize-34\" style=\"font-weight: 400;\" aria-level=\"1\"><span style=\"font-weight: 400;\">Round trip transfer.<\/span><\/li>\n<li class=\"ai-optimize-35\" style=\"font-weight: 400;\" aria-level=\"1\"><span style=\"font-weight: 400;\">Ascent in 4\u00d74 vehicles.<\/span><\/li>\n<li class=\"ai-optimize-36\" style=\"font-weight: 400;\" aria-level=\"1\"><span style=\"font-weight: 400;\">Dinner at a mountain refuge:<\/span><span style=\"font-weight: 400;\">Meat Empanadas, Cheese Fondue, Strudel with cream.<\/span><\/li>\n<\/ul>\n<p class=\"ai-optimize-38\"><b>Does not include:<\/b><\/p>\n<ul>\n<li class=\"ai-optimize-39\" style=\"font-weight: 400;\" aria-level=\"1\"><span style=\"font-weight: 400;\">Beverages.<\/span><\/li>\n<li class=\"ai-optimize-40\" style=\"font-weight: 400;\" aria-level=\"1\"><span style=\"font-weight: 400;\">Snow clothing.<\/span><\/li>\n<\/ul>\n<h4 class=\"ai-optimize-41\"><b>Want to know more?<\/b><\/h4>\n<p class=\"ai-optimize-42\"><b>Can it be done without previous experience?<\/b><b><br \/>\n<\/b><span style=\"font-weight: 400;\"> Yes, it is an accessible excursion, it does not require physical effort.<\/span><\/p>\n<p class=\"ai-optimize-43\"><b>What clothing is recommended?<\/b><b><br \/>\n<\/b><span style=\"font-weight: 400;\"> Warm clothes and comfortable shoes. In winter, snow clothing is suggested.<\/span><\/p>\n<p class=\"ai-optimize-44\"><b>Is dinner included?<\/b><b><br \/>\n<\/b><span style=\"font-weight: 400;\"> Yes, it includes a full menu in a mountain refuge.<\/span><\/p>\n<p class=\"ai-optimize-45\"><b>Is it suspended due to weather?<\/b><b><br \/>\n<\/b><span style=\"font-weight: 400;\"> The activity operates under most conditions, but may be rescheduled for safety.<\/span><\/p>\n<p class=\"ai-optimize-50\"><strong>Important Notice<\/strong>This tour is now available for pre-booking. Departures operate from June 15 to August 20, subject to seasonal calendar.<\/p>\n<p><em>The images are illustrative and representative of the activity.<\/em><\/p>","protected":false},"excerpt":{"rendered":"<p class=\"ai-optimize-24\"><span style=\"font-weight: 400;\">Ascent in 4\u00d74 under the stars, unforgettable panoramic views and a gourmet dinner in a mountain refuge that combines adventure, nature and gastronomy.<\/span><\/p>","protected":false},"featured_media":381428,"comment_status":"closed","ping_status":"closed","template":"","meta":[],"product_brand":[],"product_cat":[85,84,70,79,74,90,101],"product_tag":[],"class_list":{"0":"post-381404","1":"product","2":"type-product","3":"status-publish","4":"has-post-thumbnail","6":"product_cat-adultos","7":"product_cat-aventura","8":"product_cat-con-traslado","9":"product_cat-familia","10":"product_cat-invierno","11":"product_cat-ninos","12":"product_cat-sin-comida","14":"first","15":"instock","16":"virtual","17":"sold-individually","18":"purchasable","19":"product-type-booking"},"booking_location":"","booking_location_type":"","booking_duration":1,"booking_duration_unit":"hour","booking_buffer":0,"booking_cost":0,"booking_resources":[],"exclude_global_add_ons":false,"addons":[{"name":"ADU | Adult","type":"input_multiplier","position":0,"required":false,"title_format":"label","default":"","description_enable":false,"description":"","placeholder_enable":false,"placeholder":"","display":"select","restrictions_type":"any_text","adjust_price":true,"price":"239500","price_type":"flat_fee","restrictions":false,"min":"0","max":"0","options":[],"id":1776168272},{"name":"MEN412 | from 4 to 12","type":"input_multiplier","position":1,"required":false,"title_format":"label","default":"","description_enable":false,"description":"","placeholder_enable":false,"placeholder":"","display":"select","restrictions_type":"any_text","adjust_price":true,"price":"179500","price_type":"quantity_based","restrictions":false,"min":"0","max":"0","options":[],"id":1776168273},{"name":"INF04 | From 0 to 4","type":"input_multiplier","position":2,"required":false,"title_format":"label","default":"","description_enable":false,"description":"","placeholder_enable":false,"placeholder":"","display":"select","restrictions_type":"any_text","adjust_price":true,"price":"","price_type":"quantity_based","restrictions":false,"min":"0","max":"0","options":[],"id":1776168274}],"yoast_head":"<!-- This site is optimized with the Yoast SEO Premium plugin v24.5 (Yoast SEO v24.8) - https:\/\/yoast.com\/wordpress\/plugins\/seo\/ -->\n<title>Noche Encantada: Cena en Refugio de Monta\u00f1a con Ascenso 4x4 - Adventure Center<\/title>\n<meta name=\"robots\" content=\"index, follow, max-snippet:-1, max-image-preview:large, max-video-preview:-1\" \/>\n<link rel=\"canonical\" href=\"https:\/\/adventurecenter.com.ar\/en\/product\/enchanted-night-dinner-in-mountain-hut-with-4wd-ascent\/\" \/>\n<meta property=\"og:locale\" content=\"en_US\" \/>\n<meta property=\"og:type\" content=\"article\" \/>\n<meta property=\"og:title\" content=\"Noche Encantada: Cena en Refugio de Monta\u00f1a con Ascenso 4x4\" \/>\n<meta property=\"og:description\" content=\"Ascenso en 4x4 bajo las estrellas, vistas panor\u00e1micas inolvidables y una cena gourmet en refugio de monta\u00f1a que combina aventura, naturaleza y gastronom\u00eda.\" \/>\n<meta property=\"og:url\" content=\"https:\/\/adventurecenter.com.ar\/en\/product\/enchanted-night-dinner-in-mountain-hut-with-4wd-ascent\/\" \/>\n<meta property=\"og:site_name\" content=\"Adventure Center\" \/>\n<meta property=\"article:modified_time\" content=\"2026-04-16T18:20:03+00:00\" \/>\n<meta property=\"og:image\" content=\"https:\/\/adventurecenter.com.ar\/wp-content\/uploads\/2026\/04\/20260416_1514_Image-Generation_remix_01kpbr0gg3e14by7pebwn29p0s-1.png\" \/>\n\t<meta property=\"og:image:width\" content=\"1024\" \/>\n\t<meta property=\"og:image:height\" content=\"1536\" \/>\n\t<meta property=\"og:image:type\" content=\"image\/png\" \/>\n<meta name=\"twitter:card\" content=\"summary_large_image\" \/>\n<meta name=\"twitter:label1\" content=\"Price\" \/>\n\t<meta name=\"twitter:data1\" content=\"&#036;&nbsp;239.500,00\" \/>\n\t<meta name=\"twitter:label2\" content=\"Availability\" \/>\n\t<meta name=\"twitter:data2\" content=\"In stock\" \/>\n<script type=\"application\/ld+json\" class=\"yoast-schema-graph\">{\"@context\":\"https:\/\/schema.org\",\"@graph\":[{\"@type\":[\"WebPage\",\"ItemPage\"],\"@id\":\"https:\/\/adventurecenter.com.ar\/product\/noche-encantada-cena-en-refugio-de-montana-con-ascenso-4x4\/\",\"url\":\"https:\/\/adventurecenter.com.ar\/product\/noche-encantada-cena-en-refugio-de-montana-con-ascenso-4x4\/\",\"name\":\"Noche Encantada: Cena en Refugio de Monta\u00f1a con Ascenso 4x4 - Adventure Center\",\"isPartOf\":{\"@id\":\"https:\/\/adventurecenter.com.ar\/#website\"},\"primaryImageOfPage\":{\"@id\":\"https:\/\/adventurecenter.com.ar\/product\/noche-encantada-cena-en-refugio-de-montana-con-ascenso-4x4\/#primaryimage\"},\"image\":{\"@id\":\"https:\/\/adventurecenter.com.ar\/product\/noche-encantada-cena-en-refugio-de-montana-con-ascenso-4x4\/#primaryimage\"},\"thumbnailUrl\":\"https:\/\/adventurecenter.com.ar\/wp-content\/uploads\/2026\/04\/20260416_1514_Image-Generation_remix_01kpbr0gg3e14by7pebwn29p0s-1.png\",\"datePublished\":\"2026-04-14T15:04:30+00:00\",\"dateModified\":\"2026-04-16T18:20:03+00:00\",\"breadcrumb\":{\"@id\":\"https:\/\/adventurecenter.com.ar\/product\/noche-encantada-cena-en-refugio-de-montana-con-ascenso-4x4\/#breadcrumb\"},\"inLanguage\":\"en-US\",\"potentialAction\":[{\"@type\":\"ReadAction\",\"target\":[\"https:\/\/adventurecenter.com.ar\/product\/noche-encantada-cena-en-refugio-de-montana-con-ascenso-4x4\/\"]}]},{\"@type\":\"ImageObject\",\"inLanguage\":\"en-US\",\"@id\":\"https:\/\/adventurecenter.com.ar\/product\/noche-encantada-cena-en-refugio-de-montana-con-ascenso-4x4\/#primaryimage\",\"url\":\"https:\/\/adventurecenter.com.ar\/wp-content\/uploads\/2026\/04\/20260416_1514_Image-Generation_remix_01kpbr0gg3e14by7pebwn29p0s-1.png\",\"contentUrl\":\"https:\/\/adventurecenter.com.ar\/wp-content\/uploads\/2026\/04\/20260416_1514_Image-Generation_remix_01kpbr0gg3e14by7pebwn29p0s-1.png\",\"width\":1024,\"height\":1536},{\"@type\":\"BreadcrumbList\",\"@id\":\"https:\/\/adventurecenter.com.ar\/product\/noche-encantada-cena-en-refugio-de-montana-con-ascenso-4x4\/#breadcrumb\",\"itemListElement\":[{\"@type\":\"ListItem\",\"position\":1,\"name\":\"Home\",\"item\":\"https:\/\/adventurecenter.com.ar\/\"},{\"@type\":\"ListItem\",\"position\":2,\"name\":\"Lista de excursiones\",\"item\":\"https:\/\/adventurecenter.com.ar\/shop\/\"},{\"@type\":\"ListItem\",\"position\":3,\"name\":\"Noche Encantada: Cena en Refugio de Monta\u00f1a con Ascenso 4&#215;4\"}]},{\"@type\":\"WebSite\",\"@id\":\"https:\/\/adventurecenter.com.ar\/#website\",\"url\":\"https:\/\/adventurecenter.com.ar\/\",\"name\":\"Adventure Center\",\"description\":\"Turismo en Bariloche Patagonia Argentina\",\"publisher\":{\"@id\":\"https:\/\/adventurecenter.com.ar\/#organization\"},\"potentialAction\":[{\"@type\":\"SearchAction\",\"target\":{\"@type\":\"EntryPoint\",\"urlTemplate\":\"https:\/\/adventurecenter.com.ar\/?s={search_term_string}\"},\"query-input\":{\"@type\":\"PropertyValueSpecification\",\"valueRequired\":true,\"valueName\":\"search_term_string\"}}],\"inLanguage\":\"en-US\"},{\"@type\":\"Organization\",\"@id\":\"https:\/\/adventurecenter.com.ar\/#organization\",\"name\":\"Adventure Center\",\"url\":\"https:\/\/adventurecenter.com.ar\/\",\"logo\":{\"@type\":\"ImageObject\",\"inLanguage\":\"en-US\",\"@id\":\"https:\/\/adventurecenter.com.ar\/#\/schema\/logo\/image\/\",\"url\":\"https:\/\/adventurecenter.com.ar\/wp-content\/uploads\/2022\/10\/logo-definitivo-copia.png\",\"contentUrl\":\"https:\/\/adventurecenter.com.ar\/wp-content\/uploads\/2022\/10\/logo-definitivo-copia.png\",\"width\":150,\"height\":55,\"caption\":\"Adventure Center\"},\"image\":{\"@id\":\"https:\/\/adventurecenter.com.ar\/#\/schema\/logo\/image\/\"}}]}<\/script>\n<meta property=\"product:price:amount\" content=\"239500.00\" \/>\n<meta property=\"product:price:currency\" content=\"ARS\" \/>\n<meta property=\"og:availability\" content=\"instock\" \/>\n<meta property=\"product:availability\" content=\"instock\" \/>\n<meta property=\"product:retailer_item_id\" content=\"ADV2026NOEN7K2Q\" \/>\n<meta property=\"product:condition\" content=\"new\" \/>\n<!-- \/ Yoast SEO Premium plugin. -->","yoast_head_json":{"title":"Enchanted Night: Dinner at Mountain Hut with 4x4 Climbing - Adventure Center","robots":{"index":"index","follow":"follow","max-snippet":"max-snippet:-1","max-image-preview":"max-image-preview:large","max-video-preview":"max-video-preview:-1"},"canonical":"https:\/\/adventurecenter.com.ar\/en\/product\/enchanted-night-dinner-in-mountain-hut-with-4wd-ascent\/","og_locale":"en_US","og_type":"article","og_title":"Noche Encantada: Cena en Refugio de Monta\u00f1a con Ascenso 4x4","og_description":"Ascenso en 4x4 bajo las estrellas, vistas panor\u00e1micas inolvidables y una cena gourmet en refugio de monta\u00f1a que combina aventura, naturaleza y gastronom\u00eda.","og_url":"https:\/\/adventurecenter.com.ar\/en\/product\/enchanted-night-dinner-in-mountain-hut-with-4wd-ascent\/","og_site_name":"Adventure Center","article_modified_time":"2026-04-16T18:20:03+00:00","og_image":[{"width":1024,"height":1536,"url":"https:\/\/adventurecenter.com.ar\/wp-content\/uploads\/2026\/04\/20260416_1514_Image-Generation_remix_01kpbr0gg3e14by7pebwn29p0s-1.png","type":"image\/png"}],"twitter_card":"summary_large_image","twitter_misc":{"Price":"&#36;&nbsp;239.500,00","Availability":"In stock"},"schema":{"@context":"https:\/\/schema.org","@graph":[{"@type":["WebPage","ItemPage"],"@id":"https:\/\/adventurecenter.com.ar\/product\/noche-encantada-cena-en-refugio-de-montana-con-ascenso-4x4\/","url":"https:\/\/adventurecenter.com.ar\/product\/noche-encantada-cena-en-refugio-de-montana-con-ascenso-4x4\/","name":"Enchanted Night: Dinner at Mountain Hut with 4x4 Climbing - Adventure Center","isPartOf":{"@id":"https:\/\/adventurecenter.com.ar\/#website"},"primaryImageOfPage":{"@id":"https:\/\/adventurecenter.com.ar\/product\/noche-encantada-cena-en-refugio-de-montana-con-ascenso-4x4\/#primaryimage"},"image":{"@id":"https:\/\/adventurecenter.com.ar\/product\/noche-encantada-cena-en-refugio-de-montana-con-ascenso-4x4\/#primaryimage"},"thumbnailUrl":"https:\/\/adventurecenter.com.ar\/wp-content\/uploads\/2026\/04\/20260416_1514_Image-Generation_remix_01kpbr0gg3e14by7pebwn29p0s-1.png","datePublished":"2026-04-14T15:04:30+00:00","dateModified":"2026-04-16T18:20:03+00:00","breadcrumb":{"@id":"https:\/\/adventurecenter.com.ar\/product\/noche-encantada-cena-en-refugio-de-montana-con-ascenso-4x4\/#breadcrumb"},"inLanguage":"en-US","potentialAction":[{"@type":"ReadAction","target":["https:\/\/adventurecenter.com.ar\/product\/noche-encantada-cena-en-refugio-de-montana-con-ascenso-4x4\/"]}]},{"@type":"ImageObject","inLanguage":"en-US","@id":"https:\/\/adventurecenter.com.ar\/product\/noche-encantada-cena-en-refugio-de-montana-con-ascenso-4x4\/#primaryimage","url":"https:\/\/adventurecenter.com.ar\/wp-content\/uploads\/2026\/04\/20260416_1514_Image-Generation_remix_01kpbr0gg3e14by7pebwn29p0s-1.png","contentUrl":"https:\/\/adventurecenter.com.ar\/wp-content\/uploads\/2026\/04\/20260416_1514_Image-Generation_remix_01kpbr0gg3e14by7pebwn29p0s-1.png","width":1024,"height":1536},{"@type":"BreadcrumbList","@id":"https:\/\/adventurecenter.com.ar\/product\/noche-encantada-cena-en-refugio-de-montana-con-ascenso-4x4\/#breadcrumb","itemListElement":[{"@type":"ListItem","position":1,"name":"Home","item":"https:\/\/adventurecenter.com.ar\/"},{"@type":"ListItem","position":2,"name":"Lista de excursiones","item":"https:\/\/adventurecenter.com.ar\/shop\/"},{"@type":"ListItem","position":3,"name":"Noche Encantada: Cena en Refugio de Monta\u00f1a con Ascenso 4&#215;4"}]},{"@type":"WebSite","@id":"https:\/\/adventurecenter.com.ar\/#website","url":"https:\/\/adventurecenter.com.ar\/","name":"Adventure Center","description":"Tourism in Bariloche Patagonia Argentina","publisher":{"@id":"https:\/\/adventurecenter.com.ar\/#organization"},"potentialAction":[{"@type":"SearchAction","target":{"@type":"EntryPoint","urlTemplate":"https:\/\/adventurecenter.com.ar\/?s={search_term_string}"},"query-input":{"@type":"PropertyValueSpecification","valueRequired":true,"valueName":"search_term_string"}}],"inLanguage":"en-US"},{"@type":"Organization","@id":"https:\/\/adventurecenter.com.ar\/#organization","name":"Adventure Center","url":"https:\/\/adventurecenter.com.ar\/","logo":{"@type":"ImageObject","inLanguage":"en-US","@id":"https:\/\/adventurecenter.com.ar\/#\/schema\/logo\/image\/","url":"https:\/\/adventurecenter.com.ar\/wp-content\/uploads\/2022\/10\/logo-definitivo-copia.png","contentUrl":"https:\/\/adventurecenter.com.ar\/wp-content\/uploads\/2022\/10\/logo-definitivo-copia.png","width":150,"height":55,"caption":"Adventure Center"},"image":{"@id":"https:\/\/adventurecenter.com.ar\/#\/schema\/logo\/image\/"}}]},"product_price_amount":"239500.00","product_price_currency":"ARS","og_availability":"instock","product_availability":"instock","product_retailer_item_id":"ADV2026NOEN7K2Q","product_condition":"new"},"_links":{"self":[{"href":"https:\/\/adventurecenter.com.ar\/en\/wp-json\/wp\/v2\/product\/381404","targetHints":{"allow":["GET"]}}],"collection":[{"href":"https:\/\/adventurecenter.com.ar\/en\/wp-json\/wp\/v2\/product"}],"about":[{"href":"https:\/\/adventurecenter.com.ar\/en\/wp-json\/wp\/v2\/types\/product"}],"replies":[{"embeddable":true,"href":"https:\/\/adventurecenter.com.ar\/en\/wp-json\/wp\/v2\/comments?post=381404"}],"wp:featuredmedia":[{"embeddable":true,"href":"https:\/\/adventurecenter.com.ar\/en\/wp-json\/wp\/v2\/media\/381428"}],"wp:attachment":[{"href":"https:\/\/adventurecenter.com.ar\/en\/wp-json\/wp\/v2\/media?parent=381404"}],"wp:term":[{"taxonomy":"product_brand","embeddable":true,"href":"https:\/\/adventurecenter.com.ar\/en\/wp-json\/wp\/v2\/product_brand?post=381404"},{"taxonomy":"product_cat","embeddable":true,"href":"https:\/\/adventurecenter.com.ar\/en\/wp-json\/wp\/v2\/product_cat?post=381404"},{"taxonomy":"product_tag","embeddable":true,"href":"https:\/\/adventurecenter.com.ar\/en\/wp-json\/wp\/v2\/product_tag?post=381404"}],"curies":[{"name":"wp","href":"https:\/\/api.w.org\/{rel}","templated":true}]}}