{"id":376952,"date":"2025-03-21T12:45:51","date_gmt":"2025-03-21T15:45:51","guid":{"rendered":"https:\/\/adventurecenter.com.ar\/?post_type=product&#038;p=376952"},"modified":"2026-04-09T09:13:40","modified_gmt":"2026-04-09T12:13:40","slug":"excursion-el-bolson-y-lago-puelo-desde-bariloche","status":"publish","type":"product","link":"https:\/\/adventurecenter.com.ar\/en\/product\/bolson-and-lago-puelo\/","title":{"rendered":"El Bols\u00f3n and Lago Puelo: scenic route, handicraft culture and living nature"},"content":{"rendered":"<h2>Exploring the Beauty of Bols\u00f3n and Lago Puelo<\/h2>\n<p>Venture into a unique experience that begins in the charming city of San Carlos de Bariloche, one of the most beautiful destinations in Patagonia. Following the prestigious National Route 40, the road will take you through breathtaking landscapes that include the magnificent Gutierrez, Mascardi and Guillelmo lakes. Every kilometer is a visual delight that will allow you to immerse yourself in the natural environment of the region.<\/p>\n<h3>El Bols\u00f3n: Culture and Nature<\/h3>\n<p><strong>El Bolson<\/strong>The area is famous for its unique climate that allows for the cultivation of exotic fine fruits and hops. Here you will find the renowned <strong>Artisans Fair<\/strong>a place where art and crafts come to life. Watch the artists as they create their works in a variety of materials, from metal and ceramics to traditional textiles.<\/p>\n<h3>Discovery in Lago Puelo National Park<\/h3>\n<p>The <strong>Lago Puelo National Park<\/strong> is the next stop, known for its emerald waters and breathtaking views. Only 26 kilometers from El Bols\u00f3n, this natural refuge marks the border between R\u00edo Negro and Chubut. The day ends with a return trip that promises a spectacular sunset over the mountains and lakes, an image that will remain engraved in your memory.<\/p>\n<h2>Excursion Information<\/h2>\n<ul>\n<li><strong>Route:<\/strong> Overland trip through Nahuel Huapi National Park, with stops in El Bols\u00f3n and Lago Puelo.<\/li>\n<li><strong>Duration:<\/strong> Approximately from 8:30 am to 6:30 pm.<\/li>\n<li><strong>Includes:<\/strong> Transportation, tour guide (Spanish or bilingual guide options at extra cost).<\/li>\n<li><strong>Does not include:<\/strong> Meals on the road and entrance fees to the national parks.<\/li>\n<\/ul>\n<h2>Frequently Asked Questions (FAQ)<\/h2>\n<h3>Does the excursion take place if it rains or snows?<\/h3>\n<p>Yes, the excursion is available in all weather conditions. Please note that Patagonia's climate is changeable and varied.<\/p>\n<h3>What is the entrance fee to the national park?<\/h3>\n<p>The entrance fee to Lago Puelo National Park is not included in the price of the excursion and is paid directly upon entering the park.<\/p>","protected":false},"excerpt":{"rendered":"<p>Immerse yourself in an extraordinary journey from Bariloche to the captivating Bolson and Lago Puelo. Delight your senses with majestic landscapes, local handicrafts and the unique essence of Patagonia in this exclusive experience.<\/p>","protected":false},"featured_media":379152,"comment_status":"open","ping_status":"closed","template":"","meta":[],"product_brand":[],"product_cat":[85,70,79,90,101,78,83],"product_tag":[],"class_list":{"0":"post-376952","1":"product","2":"type-product","3":"status-publish","4":"has-post-thumbnail","6":"product_cat-adultos","7":"product_cat-con-traslado","8":"product_cat-familia","9":"product_cat-ninos","10":"product_cat-sin-comida","11":"product_cat-terrestre-tipo","12":"product_cat-todo-el-ano","14":"first","15":"instock","16":"virtual","17":"sold-individually","18":"purchasable","19":"product-type-booking"},"booking_location":"","booking_location_type":"","booking_duration":1,"booking_duration_unit":"hour","booking_buffer":0,"booking_cost":0,"booking_resources":[],"exclude_global_add_ons":false,"addons":[{"name":"STD | Passengers","type":"input_multiplier","position":0,"required":false,"title_format":"label","default":"","description_enable":false,"description":"","placeholder_enable":false,"placeholder":"","display":"select","restrictions_type":"any_text","adjust_price":true,"price":"59400","price_type":"flat_fee","restrictions":false,"min":"0","max":"0","options":[],"id":1773237174}],"yoast_head":"<!-- This site is optimized with the Yoast SEO Premium plugin v24.5 (Yoast SEO v24.8) - https:\/\/yoast.com\/wordpress\/plugins\/seo\/ -->\n<title>Excursi\u00f3n El Bols\u00f3n y Lago Puelo desde Bariloche - Adventure Center<\/title>\n<meta name=\"description\" content=\"Excursi\u00f3n a El Bols\u00f3n y Lago Puelo desde Bariloche. Cultura, artesan\u00edas y paisajes \u00fanicos de la Patagonia en una experiencia inolvidable.\" \/>\n<meta name=\"robots\" content=\"index, follow, max-snippet:-1, max-image-preview:large, max-video-preview:-1\" \/>\n<link rel=\"canonical\" href=\"https:\/\/adventurecenter.com.ar\/en\/product\/bolson-and-lago-puelo\/\" \/>\n<meta property=\"og:locale\" content=\"en_US\" \/>\n<meta property=\"og:type\" content=\"article\" \/>\n<meta property=\"og:title\" content=\"El Bols\u00f3n y Lago Puelo: ruta esc\u00e9nica, cultura artesanal y naturaleza viva\" \/>\n<meta property=\"og:description\" content=\"Excursi\u00f3n a El Bols\u00f3n y Lago Puelo desde Bariloche. Cultura, artesan\u00edas y paisajes \u00fanicos de la Patagonia en una experiencia inolvidable.\" \/>\n<meta property=\"og:url\" content=\"https:\/\/adventurecenter.com.ar\/en\/product\/bolson-and-lago-puelo\/\" \/>\n<meta property=\"og:site_name\" content=\"Adventure Center\" \/>\n<meta property=\"article:modified_time\" content=\"2026-04-09T12:13:40+00:00\" \/>\n<meta property=\"og:image\" content=\"https:\/\/adventurecenter.com.ar\/wp-content\/uploads\/2025\/03\/1-A-Plaza-Pagano-El-Bolson-Ph-Comarca-Una-scaled.jpg\" \/>\n\t<meta property=\"og:image:width\" content=\"2061\" \/>\n\t<meta property=\"og:image:height\" content=\"2560\" \/>\n\t<meta property=\"og:image:type\" content=\"image\/jpeg\" \/>\n<meta name=\"twitter:card\" content=\"summary_large_image\" \/>\n<meta name=\"twitter:label1\" content=\"Price\" \/>\n\t<meta name=\"twitter:data1\" content=\"&#036;&nbsp;59.400,00\" \/>\n\t<meta name=\"twitter:label2\" content=\"Availability\" \/>\n\t<meta name=\"twitter:data2\" content=\"In stock\" \/>\n<script type=\"application\/ld+json\" class=\"yoast-schema-graph\">{\"@context\":\"https:\/\/schema.org\",\"@graph\":[{\"@type\":[\"WebPage\",\"ItemPage\"],\"@id\":\"https:\/\/adventurecenter.com.ar\/product\/excursion-el-bolson-y-lago-puelo-desde-bariloche\/\",\"url\":\"https:\/\/adventurecenter.com.ar\/product\/excursion-el-bolson-y-lago-puelo-desde-bariloche\/\",\"name\":\"Excursi\u00f3n El Bols\u00f3n y Lago Puelo desde Bariloche - Adventure Center\",\"isPartOf\":{\"@id\":\"https:\/\/adventurecenter.com.ar\/#website\"},\"primaryImageOfPage\":{\"@id\":\"https:\/\/adventurecenter.com.ar\/product\/excursion-el-bolson-y-lago-puelo-desde-bariloche\/#primaryimage\"},\"image\":{\"@id\":\"https:\/\/adventurecenter.com.ar\/product\/excursion-el-bolson-y-lago-puelo-desde-bariloche\/#primaryimage\"},\"thumbnailUrl\":\"https:\/\/adventurecenter.com.ar\/wp-content\/uploads\/2025\/03\/1-A-Plaza-Pagano-El-Bolson-Ph-Comarca-Una-scaled.jpg\",\"datePublished\":\"2025-03-21T15:45:51+00:00\",\"dateModified\":\"2026-04-09T12:13:40+00:00\",\"description\":\"Excursi\u00f3n a El Bols\u00f3n y Lago Puelo desde Bariloche. Cultura, artesan\u00edas y paisajes \u00fanicos de la Patagonia en una experiencia inolvidable.\",\"breadcrumb\":{\"@id\":\"https:\/\/adventurecenter.com.ar\/product\/excursion-el-bolson-y-lago-puelo-desde-bariloche\/#breadcrumb\"},\"inLanguage\":\"en-US\",\"potentialAction\":[{\"@type\":\"ReadAction\",\"target\":[\"https:\/\/adventurecenter.com.ar\/product\/excursion-el-bolson-y-lago-puelo-desde-bariloche\/\"]}]},{\"@type\":\"ImageObject\",\"inLanguage\":\"en-US\",\"@id\":\"https:\/\/adventurecenter.com.ar\/product\/excursion-el-bolson-y-lago-puelo-desde-bariloche\/#primaryimage\",\"url\":\"https:\/\/adventurecenter.com.ar\/wp-content\/uploads\/2025\/03\/1-A-Plaza-Pagano-El-Bolson-Ph-Comarca-Una-scaled.jpg\",\"contentUrl\":\"https:\/\/adventurecenter.com.ar\/wp-content\/uploads\/2025\/03\/1-A-Plaza-Pagano-El-Bolson-Ph-Comarca-Una-scaled.jpg\",\"width\":2061,\"height\":2560},{\"@type\":\"BreadcrumbList\",\"@id\":\"https:\/\/adventurecenter.com.ar\/product\/excursion-el-bolson-y-lago-puelo-desde-bariloche\/#breadcrumb\",\"itemListElement\":[{\"@type\":\"ListItem\",\"position\":1,\"name\":\"Home\",\"item\":\"https:\/\/adventurecenter.com.ar\/\"},{\"@type\":\"ListItem\",\"position\":2,\"name\":\"Lista de excursiones\",\"item\":\"https:\/\/adventurecenter.com.ar\/shop\/\"},{\"@type\":\"ListItem\",\"position\":3,\"name\":\"El Bols\u00f3n y Lago Puelo: ruta esc\u00e9nica, cultura artesanal y naturaleza viva\"}]},{\"@type\":\"WebSite\",\"@id\":\"https:\/\/adventurecenter.com.ar\/#website\",\"url\":\"https:\/\/adventurecenter.com.ar\/\",\"name\":\"Adventure Center\",\"description\":\"Turismo en Bariloche Patagonia Argentina\",\"publisher\":{\"@id\":\"https:\/\/adventurecenter.com.ar\/#organization\"},\"potentialAction\":[{\"@type\":\"SearchAction\",\"target\":{\"@type\":\"EntryPoint\",\"urlTemplate\":\"https:\/\/adventurecenter.com.ar\/?s={search_term_string}\"},\"query-input\":{\"@type\":\"PropertyValueSpecification\",\"valueRequired\":true,\"valueName\":\"search_term_string\"}}],\"inLanguage\":\"en-US\"},{\"@type\":\"Organization\",\"@id\":\"https:\/\/adventurecenter.com.ar\/#organization\",\"name\":\"Adventure Center\",\"url\":\"https:\/\/adventurecenter.com.ar\/\",\"logo\":{\"@type\":\"ImageObject\",\"inLanguage\":\"en-US\",\"@id\":\"https:\/\/adventurecenter.com.ar\/#\/schema\/logo\/image\/\",\"url\":\"https:\/\/adventurecenter.com.ar\/wp-content\/uploads\/2022\/10\/logo-definitivo-copia.png\",\"contentUrl\":\"https:\/\/adventurecenter.com.ar\/wp-content\/uploads\/2022\/10\/logo-definitivo-copia.png\",\"width\":150,\"height\":55,\"caption\":\"Adventure Center\"},\"image\":{\"@id\":\"https:\/\/adventurecenter.com.ar\/#\/schema\/logo\/image\/\"}}]}<\/script>\n<meta property=\"product:price:amount\" content=\"59400.00\" \/>\n<meta property=\"product:price:currency\" content=\"ARS\" \/>\n<meta property=\"og:availability\" content=\"instock\" \/>\n<meta property=\"product:availability\" content=\"instock\" \/>\n<meta property=\"product:retailer_item_id\" content=\"ADV2025BOYLAPYFHS\" \/>\n<meta property=\"product:condition\" content=\"new\" \/>\n<!-- \/ Yoast SEO Premium plugin. -->","yoast_head_json":{"title":"El Bols\u00f3n and Lago Puelo Excursion from Bariloche - Adventure Center","description":"Excursion to El Bols\u00f3n and Lago Puelo from Bariloche. Culture, handicrafts and unique landscapes of Patagonia in an unforgettable experience.","robots":{"index":"index","follow":"follow","max-snippet":"max-snippet:-1","max-image-preview":"max-image-preview:large","max-video-preview":"max-video-preview:-1"},"canonical":"https:\/\/adventurecenter.com.ar\/en\/product\/bolson-and-lago-puelo\/","og_locale":"en_US","og_type":"article","og_title":"El Bols\u00f3n y Lago Puelo: ruta esc\u00e9nica, cultura artesanal y naturaleza viva","og_description":"Excursi\u00f3n a El Bols\u00f3n y Lago Puelo desde Bariloche. Cultura, artesan\u00edas y paisajes \u00fanicos de la Patagonia en una experiencia inolvidable.","og_url":"https:\/\/adventurecenter.com.ar\/en\/product\/bolson-and-lago-puelo\/","og_site_name":"Adventure Center","article_modified_time":"2026-04-09T12:13:40+00:00","og_image":[{"width":2061,"height":2560,"url":"https:\/\/adventurecenter.com.ar\/wp-content\/uploads\/2025\/03\/1-A-Plaza-Pagano-El-Bolson-Ph-Comarca-Una-scaled.jpg","type":"image\/jpeg"}],"twitter_card":"summary_large_image","twitter_misc":{"Price":"&#36;&nbsp;59.400,00","Availability":"In stock"},"schema":{"@context":"https:\/\/schema.org","@graph":[{"@type":["WebPage","ItemPage"],"@id":"https:\/\/adventurecenter.com.ar\/product\/excursion-el-bolson-y-lago-puelo-desde-bariloche\/","url":"https:\/\/adventurecenter.com.ar\/product\/excursion-el-bolson-y-lago-puelo-desde-bariloche\/","name":"El Bols\u00f3n and Lago Puelo Excursion from Bariloche - Adventure Center","isPartOf":{"@id":"https:\/\/adventurecenter.com.ar\/#website"},"primaryImageOfPage":{"@id":"https:\/\/adventurecenter.com.ar\/product\/excursion-el-bolson-y-lago-puelo-desde-bariloche\/#primaryimage"},"image":{"@id":"https:\/\/adventurecenter.com.ar\/product\/excursion-el-bolson-y-lago-puelo-desde-bariloche\/#primaryimage"},"thumbnailUrl":"https:\/\/adventurecenter.com.ar\/wp-content\/uploads\/2025\/03\/1-A-Plaza-Pagano-El-Bolson-Ph-Comarca-Una-scaled.jpg","datePublished":"2025-03-21T15:45:51+00:00","dateModified":"2026-04-09T12:13:40+00:00","description":"Excursion to El Bols\u00f3n and Lago Puelo from Bariloche. Culture, handicrafts and unique landscapes of Patagonia in an unforgettable experience.","breadcrumb":{"@id":"https:\/\/adventurecenter.com.ar\/product\/excursion-el-bolson-y-lago-puelo-desde-bariloche\/#breadcrumb"},"inLanguage":"en-US","potentialAction":[{"@type":"ReadAction","target":["https:\/\/adventurecenter.com.ar\/product\/excursion-el-bolson-y-lago-puelo-desde-bariloche\/"]}]},{"@type":"ImageObject","inLanguage":"en-US","@id":"https:\/\/adventurecenter.com.ar\/product\/excursion-el-bolson-y-lago-puelo-desde-bariloche\/#primaryimage","url":"https:\/\/adventurecenter.com.ar\/wp-content\/uploads\/2025\/03\/1-A-Plaza-Pagano-El-Bolson-Ph-Comarca-Una-scaled.jpg","contentUrl":"https:\/\/adventurecenter.com.ar\/wp-content\/uploads\/2025\/03\/1-A-Plaza-Pagano-El-Bolson-Ph-Comarca-Una-scaled.jpg","width":2061,"height":2560},{"@type":"BreadcrumbList","@id":"https:\/\/adventurecenter.com.ar\/product\/excursion-el-bolson-y-lago-puelo-desde-bariloche\/#breadcrumb","itemListElement":[{"@type":"ListItem","position":1,"name":"Home","item":"https:\/\/adventurecenter.com.ar\/"},{"@type":"ListItem","position":2,"name":"Lista de excursiones","item":"https:\/\/adventurecenter.com.ar\/shop\/"},{"@type":"ListItem","position":3,"name":"El Bols\u00f3n y Lago Puelo: ruta esc\u00e9nica, cultura artesanal y naturaleza viva"}]},{"@type":"WebSite","@id":"https:\/\/adventurecenter.com.ar\/#website","url":"https:\/\/adventurecenter.com.ar\/","name":"Adventure Center","description":"Tourism in Bariloche Patagonia Argentina","publisher":{"@id":"https:\/\/adventurecenter.com.ar\/#organization"},"potentialAction":[{"@type":"SearchAction","target":{"@type":"EntryPoint","urlTemplate":"https:\/\/adventurecenter.com.ar\/?s={search_term_string}"},"query-input":{"@type":"PropertyValueSpecification","valueRequired":true,"valueName":"search_term_string"}}],"inLanguage":"en-US"},{"@type":"Organization","@id":"https:\/\/adventurecenter.com.ar\/#organization","name":"Adventure Center","url":"https:\/\/adventurecenter.com.ar\/","logo":{"@type":"ImageObject","inLanguage":"en-US","@id":"https:\/\/adventurecenter.com.ar\/#\/schema\/logo\/image\/","url":"https:\/\/adventurecenter.com.ar\/wp-content\/uploads\/2022\/10\/logo-definitivo-copia.png","contentUrl":"https:\/\/adventurecenter.com.ar\/wp-content\/uploads\/2022\/10\/logo-definitivo-copia.png","width":150,"height":55,"caption":"Adventure Center"},"image":{"@id":"https:\/\/adventurecenter.com.ar\/#\/schema\/logo\/image\/"}}]},"product_price_amount":"59400.00","product_price_currency":"ARS","og_availability":"instock","product_availability":"instock","product_retailer_item_id":"ADV2025BOYLAPYFHS","product_condition":"new"},"_links":{"self":[{"href":"https:\/\/adventurecenter.com.ar\/en\/wp-json\/wp\/v2\/product\/376952","targetHints":{"allow":["GET"]}}],"collection":[{"href":"https:\/\/adventurecenter.com.ar\/en\/wp-json\/wp\/v2\/product"}],"about":[{"href":"https:\/\/adventurecenter.com.ar\/en\/wp-json\/wp\/v2\/types\/product"}],"replies":[{"embeddable":true,"href":"https:\/\/adventurecenter.com.ar\/en\/wp-json\/wp\/v2\/comments?post=376952"}],"wp:featuredmedia":[{"embeddable":true,"href":"https:\/\/adventurecenter.com.ar\/en\/wp-json\/wp\/v2\/media\/379152"}],"wp:attachment":[{"href":"https:\/\/adventurecenter.com.ar\/en\/wp-json\/wp\/v2\/media?parent=376952"}],"wp:term":[{"taxonomy":"product_brand","embeddable":true,"href":"https:\/\/adventurecenter.com.ar\/en\/wp-json\/wp\/v2\/product_brand?post=376952"},{"taxonomy":"product_cat","embeddable":true,"href":"https:\/\/adventurecenter.com.ar\/en\/wp-json\/wp\/v2\/product_cat?post=376952"},{"taxonomy":"product_tag","embeddable":true,"href":"https:\/\/adventurecenter.com.ar\/en\/wp-json\/wp\/v2\/product_tag?post=376952"}],"curies":[{"name":"wp","href":"https:\/\/api.w.org\/{rel}","templated":true}]}}