{"id":376951,"date":"2025-03-20T20:36:21","date_gmt":"2025-03-20T23:36:21","guid":{"rendered":"https:\/\/adventurecenter.com.ar\/?post_type=product&#038;p=376951"},"modified":"2026-04-09T09:13:34","modified_gmt":"2026-04-09T12:13:34","slug":"cerro-tronador-y-ventisquero-negro","status":"publish","type":"product","link":"https:\/\/adventurecenter.com.ar\/en\/product\/cerro-tronador-and-ventisquero-negro\/","title":{"rendered":"Cerro Tronador and Ventisquero Negro: full exploration in the heart of Patagonia"},"content":{"rendered":"<h3 data-start=\"470\" data-end=\"552\"><strong data-start=\"474\" data-end=\"552\">A journey to one of the most imposing landscapes of the Patagonian Andes.<\/strong><\/h3>\n<p data-start=\"554\" data-end=\"888\">This excursion invites you to discover one of the most amazing corners of the Nahuel Huapi National Park. The <strong data-start=\"666\" data-end=\"684\">Cerro Tronador<\/strong>, The Patagonia, with its eternal snow and active glaciers, is an icon of the Argentine Patagonia and one of the most exciting destinations for those who enjoy intense landscapes and outdoor experiences.<\/p>\n<p data-start=\"890\" data-end=\"1248\">The tour starts from meeting points in Bariloche (between downtown and km 8 of Bustillo Av. or Pioneros Av.), moving along the route that borders the Gutierrez and Mascardi lakes. Along the way, photographic stops are made in places such as <strong data-start=\"1147\" data-end=\"1162\">Black Beach<\/strong> and the <strong data-start=\"1168\" data-end=\"1198\">Heart Island viewpoint<\/strong>, and a rest at Los R\u00e1pidos camping site.<\/p>\n<p data-start=\"1250\" data-end=\"1591\">The adventure continues until you reach the <strong data-start=\"1287\" data-end=\"1308\">Black Snowdrift<\/strong>, An active glacier that slides down from the heights of Cerro Tronador. From this point you will be able to observe the unique contrasts between the dark ice and the snow-capped mountains. At <strong data-start=\"1490\" data-end=\"1505\">Pampa Linda<\/strong>, After lunch, you will have free time to have lunch at the local inns and enjoy the surroundings.<\/p>\n<p data-start=\"1593\" data-end=\"1835\">The excursion takes place from 9:00 am to 6:30 pm approximately, and includes transportation, Spanish speaking guide and strategic stops to get to know this natural wonder in depth. It does not include meals or entrance to the National Park, which is paid separately.<\/p>\n<h3 data-start=\"1842\" data-end=\"1870\"><strong data-start=\"1846\" data-end=\"1870\">Frequently asked questions<\/strong><\/h3>\n<p data-start=\"1872\" data-end=\"2010\"><strong data-start=\"1872\" data-end=\"1908\">Is physical preparation required?<\/strong><br data-start=\"1908\" data-end=\"1911\" \/>No. It is a vehicle tour with short walks in panoramic points. Suitable for all public.<\/p>\n<p data-start=\"2012\" data-end=\"2124\"><strong data-start=\"2012\" data-end=\"2038\">Where can you eat?<\/strong><br data-start=\"2038\" data-end=\"2041\" \/>In Pampa Linda, there are inns where regional food and beverages are available.<\/p>\n<p data-start=\"2126\" data-end=\"2290\"><strong data-start=\"2126\" data-end=\"2160\">What to bring for the tour?<\/strong><br data-start=\"2160\" data-end=\"2163\" \/>Comfortable clothes, warm clothes, suitable walking shoes, sunscreen, water and some money for park entrance and meals.<\/p>\n<p data-start=\"2292\" data-end=\"2476\"><strong data-start=\"2292\" data-end=\"2322\">What is included in the tour?<\/strong><br data-start=\"2322\" data-end=\"2325\" \/>Round trip transportation from meeting points, tour guide and complete tour. Lunch and entrance fee to Nahuel Huapi National Park not included.<\/p>","protected":false},"excerpt":{"rendered":"<p>Embark on an unforgettable journey through the Nahuel Huapi National Park, discovering the majesty of Cerro Tronador and the Ventisquero Negro Glacier. A perfect fusion of nature, adventure and comfort.<\/p>","protected":false},"featured_media":379157,"comment_status":"open","ping_status":"closed","template":"","meta":[],"product_brand":[],"product_cat":[85,70,79,90,101,78,83],"product_tag":[],"class_list":{"0":"post-376951","1":"product","2":"type-product","3":"status-publish","4":"has-post-thumbnail","6":"product_cat-adultos","7":"product_cat-con-traslado","8":"product_cat-familia","9":"product_cat-ninos","10":"product_cat-sin-comida","11":"product_cat-terrestre-tipo","12":"product_cat-todo-el-ano","14":"first","15":"instock","16":"virtual","17":"sold-individually","18":"purchasable","19":"product-type-booking"},"booking_location":"","booking_location_type":"","booking_duration":1,"booking_duration_unit":"hour","booking_buffer":0,"booking_cost":0,"booking_resources":[],"exclude_global_add_ons":false,"addons":[{"name":"STD | Passengers","type":"input_multiplier","position":0,"required":false,"title_format":"label","default":"","description_enable":false,"description":"","placeholder_enable":false,"placeholder":"","display":"select","restrictions_type":"any_text","adjust_price":true,"price":"59400","price_type":"quantity_based","restrictions":false,"min":"0","max":"0","options":[],"id":1773237140}],"yoast_head":"<!-- This site is optimized with the Yoast SEO Premium plugin v24.5 (Yoast SEO v24.8) - https:\/\/yoast.com\/wordpress\/plugins\/seo\/ -->\n<title>Cerro Tronador y Ventisquero Negro - Adventure Center<\/title>\n<meta name=\"description\" content=\"Cerro Tronador y Ventisquero Negro. Excursi\u00f3n desde Bariloche con gu\u00eda para conocer glaciares, lagos y paisajes del Parque Nacional Nahuel Huapi.\" \/>\n<meta name=\"robots\" content=\"index, follow, max-snippet:-1, max-image-preview:large, max-video-preview:-1\" \/>\n<link rel=\"canonical\" href=\"https:\/\/adventurecenter.com.ar\/en\/product\/cerro-tronador-and-ventisquero-negro\/\" \/>\n<meta property=\"og:locale\" content=\"en_US\" \/>\n<meta property=\"og:type\" content=\"article\" \/>\n<meta property=\"og:title\" content=\"Cerro Tronador y Ventisquero Negro: exploraci\u00f3n total en el coraz\u00f3n de la Patagonia\" \/>\n<meta property=\"og:description\" content=\"Cerro Tronador y Ventisquero Negro. Excursi\u00f3n desde Bariloche con gu\u00eda para conocer glaciares, lagos y paisajes del Parque Nacional Nahuel Huapi.\" \/>\n<meta property=\"og:url\" content=\"https:\/\/adventurecenter.com.ar\/en\/product\/cerro-tronador-and-ventisquero-negro\/\" \/>\n<meta property=\"og:site_name\" content=\"Adventure Center\" \/>\n<meta property=\"article:modified_time\" content=\"2026-04-09T12:13:34+00:00\" \/>\n<meta property=\"og:image\" content=\"https:\/\/adventurecenter.com.ar\/wp-content\/uploads\/2025\/03\/1-D-DSC_0445-1-scaled.jpg\" \/>\n\t<meta property=\"og:image:width\" content=\"1935\" \/>\n\t<meta property=\"og:image:height\" content=\"2560\" \/>\n\t<meta property=\"og:image:type\" content=\"image\/jpeg\" \/>\n<meta name=\"twitter:card\" content=\"summary_large_image\" \/>\n<meta name=\"twitter:label1\" content=\"Price\" \/>\n\t<meta name=\"twitter:data1\" content=\"&#036;&nbsp;59.400,00\" \/>\n\t<meta name=\"twitter:label2\" content=\"Availability\" \/>\n\t<meta name=\"twitter:data2\" content=\"In stock\" \/>\n<script type=\"application\/ld+json\" class=\"yoast-schema-graph\">{\"@context\":\"https:\/\/schema.org\",\"@graph\":[{\"@type\":[\"WebPage\",\"ItemPage\"],\"@id\":\"https:\/\/adventurecenter.com.ar\/product\/cerro-tronador-y-ventisquero-negro\/\",\"url\":\"https:\/\/adventurecenter.com.ar\/product\/cerro-tronador-y-ventisquero-negro\/\",\"name\":\"Cerro Tronador y Ventisquero Negro - Adventure Center\",\"isPartOf\":{\"@id\":\"https:\/\/adventurecenter.com.ar\/#website\"},\"primaryImageOfPage\":{\"@id\":\"https:\/\/adventurecenter.com.ar\/product\/cerro-tronador-y-ventisquero-negro\/#primaryimage\"},\"image\":{\"@id\":\"https:\/\/adventurecenter.com.ar\/product\/cerro-tronador-y-ventisquero-negro\/#primaryimage\"},\"thumbnailUrl\":\"https:\/\/adventurecenter.com.ar\/wp-content\/uploads\/2025\/03\/1-D-DSC_0445-1-scaled.jpg\",\"datePublished\":\"2025-03-20T23:36:21+00:00\",\"dateModified\":\"2026-04-09T12:13:34+00:00\",\"description\":\"Cerro Tronador y Ventisquero Negro. Excursi\u00f3n desde Bariloche con gu\u00eda para conocer glaciares, lagos y paisajes del Parque Nacional Nahuel Huapi.\",\"breadcrumb\":{\"@id\":\"https:\/\/adventurecenter.com.ar\/product\/cerro-tronador-y-ventisquero-negro\/#breadcrumb\"},\"inLanguage\":\"en-US\",\"potentialAction\":[{\"@type\":\"ReadAction\",\"target\":[\"https:\/\/adventurecenter.com.ar\/product\/cerro-tronador-y-ventisquero-negro\/\"]}]},{\"@type\":\"ImageObject\",\"inLanguage\":\"en-US\",\"@id\":\"https:\/\/adventurecenter.com.ar\/product\/cerro-tronador-y-ventisquero-negro\/#primaryimage\",\"url\":\"https:\/\/adventurecenter.com.ar\/wp-content\/uploads\/2025\/03\/1-D-DSC_0445-1-scaled.jpg\",\"contentUrl\":\"https:\/\/adventurecenter.com.ar\/wp-content\/uploads\/2025\/03\/1-D-DSC_0445-1-scaled.jpg\",\"width\":1935,\"height\":2560},{\"@type\":\"BreadcrumbList\",\"@id\":\"https:\/\/adventurecenter.com.ar\/product\/cerro-tronador-y-ventisquero-negro\/#breadcrumb\",\"itemListElement\":[{\"@type\":\"ListItem\",\"position\":1,\"name\":\"Home\",\"item\":\"https:\/\/adventurecenter.com.ar\/\"},{\"@type\":\"ListItem\",\"position\":2,\"name\":\"Lista de excursiones\",\"item\":\"https:\/\/adventurecenter.com.ar\/shop\/\"},{\"@type\":\"ListItem\",\"position\":3,\"name\":\"Cerro Tronador y Ventisquero Negro: exploraci\u00f3n total en el coraz\u00f3n de la Patagonia\"}]},{\"@type\":\"WebSite\",\"@id\":\"https:\/\/adventurecenter.com.ar\/#website\",\"url\":\"https:\/\/adventurecenter.com.ar\/\",\"name\":\"Adventure Center\",\"description\":\"Turismo en Bariloche Patagonia Argentina\",\"publisher\":{\"@id\":\"https:\/\/adventurecenter.com.ar\/#organization\"},\"potentialAction\":[{\"@type\":\"SearchAction\",\"target\":{\"@type\":\"EntryPoint\",\"urlTemplate\":\"https:\/\/adventurecenter.com.ar\/?s={search_term_string}\"},\"query-input\":{\"@type\":\"PropertyValueSpecification\",\"valueRequired\":true,\"valueName\":\"search_term_string\"}}],\"inLanguage\":\"en-US\"},{\"@type\":\"Organization\",\"@id\":\"https:\/\/adventurecenter.com.ar\/#organization\",\"name\":\"Adventure Center\",\"url\":\"https:\/\/adventurecenter.com.ar\/\",\"logo\":{\"@type\":\"ImageObject\",\"inLanguage\":\"en-US\",\"@id\":\"https:\/\/adventurecenter.com.ar\/#\/schema\/logo\/image\/\",\"url\":\"https:\/\/adventurecenter.com.ar\/wp-content\/uploads\/2022\/10\/logo-definitivo-copia.png\",\"contentUrl\":\"https:\/\/adventurecenter.com.ar\/wp-content\/uploads\/2022\/10\/logo-definitivo-copia.png\",\"width\":150,\"height\":55,\"caption\":\"Adventure Center\"},\"image\":{\"@id\":\"https:\/\/adventurecenter.com.ar\/#\/schema\/logo\/image\/\"}}]}<\/script>\n<meta property=\"product:price:amount\" content=\"59400.00\" \/>\n<meta property=\"product:price:currency\" content=\"ARS\" \/>\n<meta property=\"og:availability\" content=\"instock\" \/>\n<meta property=\"product:availability\" content=\"instock\" \/>\n<meta property=\"product:retailer_item_id\" content=\"ADV2025CETRYVHMNO\" \/>\n<meta property=\"product:condition\" content=\"new\" \/>\n<!-- \/ Yoast SEO Premium plugin. -->","yoast_head_json":{"title":"Cerro Tronador and Ventisquero Negro - Adventure Center","description":"Cerro Tronador and Ventisquero Negro. Excursion from Bariloche with guide to visit glaciers, lakes and landscapes of Nahuel Huapi National Park.","robots":{"index":"index","follow":"follow","max-snippet":"max-snippet:-1","max-image-preview":"max-image-preview:large","max-video-preview":"max-video-preview:-1"},"canonical":"https:\/\/adventurecenter.com.ar\/en\/product\/cerro-tronador-and-ventisquero-negro\/","og_locale":"en_US","og_type":"article","og_title":"Cerro Tronador y Ventisquero Negro: exploraci\u00f3n total en el coraz\u00f3n de la Patagonia","og_description":"Cerro Tronador y Ventisquero Negro. Excursi\u00f3n desde Bariloche con gu\u00eda para conocer glaciares, lagos y paisajes del Parque Nacional Nahuel Huapi.","og_url":"https:\/\/adventurecenter.com.ar\/en\/product\/cerro-tronador-and-ventisquero-negro\/","og_site_name":"Adventure Center","article_modified_time":"2026-04-09T12:13:34+00:00","og_image":[{"width":1935,"height":2560,"url":"https:\/\/adventurecenter.com.ar\/wp-content\/uploads\/2025\/03\/1-D-DSC_0445-1-scaled.jpg","type":"image\/jpeg"}],"twitter_card":"summary_large_image","twitter_misc":{"Price":"&#36;&nbsp;59.400,00","Availability":"In stock"},"schema":{"@context":"https:\/\/schema.org","@graph":[{"@type":["WebPage","ItemPage"],"@id":"https:\/\/adventurecenter.com.ar\/product\/cerro-tronador-y-ventisquero-negro\/","url":"https:\/\/adventurecenter.com.ar\/product\/cerro-tronador-y-ventisquero-negro\/","name":"Cerro Tronador and Ventisquero Negro - Adventure Center","isPartOf":{"@id":"https:\/\/adventurecenter.com.ar\/#website"},"primaryImageOfPage":{"@id":"https:\/\/adventurecenter.com.ar\/product\/cerro-tronador-y-ventisquero-negro\/#primaryimage"},"image":{"@id":"https:\/\/adventurecenter.com.ar\/product\/cerro-tronador-y-ventisquero-negro\/#primaryimage"},"thumbnailUrl":"https:\/\/adventurecenter.com.ar\/wp-content\/uploads\/2025\/03\/1-D-DSC_0445-1-scaled.jpg","datePublished":"2025-03-20T23:36:21+00:00","dateModified":"2026-04-09T12:13:34+00:00","description":"Cerro Tronador and Ventisquero Negro. Excursion from Bariloche with guide to visit glaciers, lakes and landscapes of Nahuel Huapi National Park.","breadcrumb":{"@id":"https:\/\/adventurecenter.com.ar\/product\/cerro-tronador-y-ventisquero-negro\/#breadcrumb"},"inLanguage":"en-US","potentialAction":[{"@type":"ReadAction","target":["https:\/\/adventurecenter.com.ar\/product\/cerro-tronador-y-ventisquero-negro\/"]}]},{"@type":"ImageObject","inLanguage":"en-US","@id":"https:\/\/adventurecenter.com.ar\/product\/cerro-tronador-y-ventisquero-negro\/#primaryimage","url":"https:\/\/adventurecenter.com.ar\/wp-content\/uploads\/2025\/03\/1-D-DSC_0445-1-scaled.jpg","contentUrl":"https:\/\/adventurecenter.com.ar\/wp-content\/uploads\/2025\/03\/1-D-DSC_0445-1-scaled.jpg","width":1935,"height":2560},{"@type":"BreadcrumbList","@id":"https:\/\/adventurecenter.com.ar\/product\/cerro-tronador-y-ventisquero-negro\/#breadcrumb","itemListElement":[{"@type":"ListItem","position":1,"name":"Home","item":"https:\/\/adventurecenter.com.ar\/"},{"@type":"ListItem","position":2,"name":"Lista de excursiones","item":"https:\/\/adventurecenter.com.ar\/shop\/"},{"@type":"ListItem","position":3,"name":"Cerro Tronador y Ventisquero Negro: exploraci\u00f3n total en el coraz\u00f3n de la Patagonia"}]},{"@type":"WebSite","@id":"https:\/\/adventurecenter.com.ar\/#website","url":"https:\/\/adventurecenter.com.ar\/","name":"Adventure Center","description":"Tourism in Bariloche Patagonia Argentina","publisher":{"@id":"https:\/\/adventurecenter.com.ar\/#organization"},"potentialAction":[{"@type":"SearchAction","target":{"@type":"EntryPoint","urlTemplate":"https:\/\/adventurecenter.com.ar\/?s={search_term_string}"},"query-input":{"@type":"PropertyValueSpecification","valueRequired":true,"valueName":"search_term_string"}}],"inLanguage":"en-US"},{"@type":"Organization","@id":"https:\/\/adventurecenter.com.ar\/#organization","name":"Adventure Center","url":"https:\/\/adventurecenter.com.ar\/","logo":{"@type":"ImageObject","inLanguage":"en-US","@id":"https:\/\/adventurecenter.com.ar\/#\/schema\/logo\/image\/","url":"https:\/\/adventurecenter.com.ar\/wp-content\/uploads\/2022\/10\/logo-definitivo-copia.png","contentUrl":"https:\/\/adventurecenter.com.ar\/wp-content\/uploads\/2022\/10\/logo-definitivo-copia.png","width":150,"height":55,"caption":"Adventure Center"},"image":{"@id":"https:\/\/adventurecenter.com.ar\/#\/schema\/logo\/image\/"}}]},"product_price_amount":"59400.00","product_price_currency":"ARS","og_availability":"instock","product_availability":"instock","product_retailer_item_id":"ADV2025CETRYVHMNO","product_condition":"new"},"_links":{"self":[{"href":"https:\/\/adventurecenter.com.ar\/en\/wp-json\/wp\/v2\/product\/376951","targetHints":{"allow":["GET"]}}],"collection":[{"href":"https:\/\/adventurecenter.com.ar\/en\/wp-json\/wp\/v2\/product"}],"about":[{"href":"https:\/\/adventurecenter.com.ar\/en\/wp-json\/wp\/v2\/types\/product"}],"replies":[{"embeddable":true,"href":"https:\/\/adventurecenter.com.ar\/en\/wp-json\/wp\/v2\/comments?post=376951"}],"wp:featuredmedia":[{"embeddable":true,"href":"https:\/\/adventurecenter.com.ar\/en\/wp-json\/wp\/v2\/media\/379157"}],"wp:attachment":[{"href":"https:\/\/adventurecenter.com.ar\/en\/wp-json\/wp\/v2\/media?parent=376951"}],"wp:term":[{"taxonomy":"product_brand","embeddable":true,"href":"https:\/\/adventurecenter.com.ar\/en\/wp-json\/wp\/v2\/product_brand?post=376951"},{"taxonomy":"product_cat","embeddable":true,"href":"https:\/\/adventurecenter.com.ar\/en\/wp-json\/wp\/v2\/product_cat?post=376951"},{"taxonomy":"product_tag","embeddable":true,"href":"https:\/\/adventurecenter.com.ar\/en\/wp-json\/wp\/v2\/product_tag?post=376951"}],"curies":[{"name":"wp","href":"https:\/\/api.w.org\/{rel}","templated":true}]}}