{"id":376950,"date":"2025-03-20T20:36:09","date_gmt":"2025-03-20T23:36:09","guid":{"rendered":"https:\/\/adventurecenter.com.ar\/?post_type=product&#038;p=376950"},"modified":"2026-04-09T09:13:40","modified_gmt":"2026-04-09T12:13:40","slug":"excursion-san-martin-de-los-andes-7-lagos-desde-bariloche","status":"publish","type":"product","link":"https:\/\/adventurecenter.com.ar\/en\/product\/san-martin-de-los-andes-by-7-lakes\/","title":{"rendered":"San Mart\u00edn de los Andes by the 7 Lakes: Nature, Viewpoints and Unique Postcards of Patagonia"},"content":{"rendered":"<h2>Explore the wonderful route to San Mart\u00edn de los Andes.<\/h2>\n<p>Immerse yourself in an exceptional experience starting in Bariloche, venturing towards the picturesque San Martin de los Andes. This tour in the <strong>National Route 40<\/strong> will introduce you to idyllic scenery, from the captivating village of <strong>Dina Huapi<\/strong>passing over the river <strong>Limay<\/strong>and entering into the magnificence of the <strong>Nahuel Huapi National Park<\/strong>.<\/p>\n<h3>A natural spectacle without equal<\/h3>\n<p>During the journey, you will admire the captivating views of the <strong>lakes Espejo, Correntoso, Escondido, Villarino, Falkner, Mach\u00f3nico<\/strong> and the splendid <strong>Lake L\u00e1car<\/strong>located in the epicenter of the <strong>Lan\u00edn National Park<\/strong>. Each stop will allow you to appreciate the essence of nature and will offer you unforgettable memories.<\/p>\n<h3>The essence of San Mart\u00edn de los Andes<\/h3>\n<p>Arriving in San Martin de los Andes, you will discover a charming city surrounded by majestic mountains and crystal clear lakes. Stroll through its picturesque streets, visit the handicraft stores or relax in a caf\u00e9 with a cup of coffee. <strong>amazing view<\/strong> of Lake L\u00e1car.<\/p>\n<h3>Itinerary details<\/h3>\n<ul>\n<li><strong>Route:<\/strong> Guided land excursion visiting Villa La Angostura and the 7 Lakes Route.<\/li>\n<li><strong>Schedule:<\/strong> From 8:00 am until approximately 6:30 pm.<\/li>\n<li><strong>Service Included:<\/strong> Transportation and guide in Spanish (optional bilingual at additional cost).<\/li>\n<li><strong>Not included:<\/strong> Food (there are inns along the route).<\/li>\n<\/ul>\n<p>Don't miss this unique opportunity to get to know Patagonia at its best.<\/p>\n<h2>Frequently Asked Questions<\/h2>\n<ul>\n<li><strong>What happens if it rains or snows during the excursion?<\/strong><br \/>\nThe tour is carried out in spite of rain or snowfall, as these are common conditions in the Patagonian region.<\/li>\n<li><strong>Does the excursion include navigation on the lakes?<\/strong><br \/>\nNo, the experience is overland by minibus, with stops for photographs and visits in San Mart\u00edn de los Andes and Villa La Angostura.<\/li>\n<li><strong>Will there be stops along the way?<\/strong><br \/>\nYes, there are intermediate stops and a main stop in San Martin de los Andes to have lunch and explore the place.<\/li>\n<li><strong>Is it possible to finish my trip at another destination?<\/strong><br \/>\nYes, you can choose to end up in Villa La Angostura or San Mart\u00edn de los Andes, carrying your luggage with you.<\/li>\n<li><strong>Is it possible to come back the next day?<\/strong><br \/>\nThe excursion is completed the same day. If you wish to extend your stay, you will have to schedule and pay for the return trip.<\/li>\n<\/ul>","protected":false},"excerpt":{"rendered":"<h2>An unforgettable voyage awaits you<\/h2>\n<p>Let nature surprise you while you walk through the <strong>route of the 7 lakes<\/strong> to San Martin de los Andes. Discover breathtaking landscapes and explore an enchanting city surrounded by natural beauty, secure your place and live this unique experience!<\/p>","protected":false},"featured_media":379165,"comment_status":"open","ping_status":"closed","template":"","meta":[],"product_brand":[],"product_cat":[85,70,79,90,101,78,83],"product_tag":[],"class_list":{"0":"post-376950","1":"product","2":"type-product","3":"status-publish","4":"has-post-thumbnail","6":"product_cat-adultos","7":"product_cat-con-traslado","8":"product_cat-familia","9":"product_cat-ninos","10":"product_cat-sin-comida","11":"product_cat-terrestre-tipo","12":"product_cat-todo-el-ano","14":"first","15":"instock","16":"virtual","17":"sold-individually","18":"purchasable","19":"product-type-booking"},"booking_location":"","booking_location_type":"","booking_duration":1,"booking_duration_unit":"hour","booking_buffer":0,"booking_cost":0,"booking_resources":[],"exclude_global_add_ons":false,"addons":[{"name":"STD | Passengers","type":"input_multiplier","position":0,"required":false,"title_format":"label","default":"","description_enable":false,"description":"","placeholder_enable":false,"placeholder":"","display":"select","restrictions_type":"any_text","adjust_price":true,"price":"71400","price_type":"flat_fee","restrictions":false,"min":"0","max":"0","options":[],"id":1773237111}],"yoast_head":"<!-- This site is optimized with the Yoast SEO Premium plugin v24.5 (Yoast SEO v24.8) - https:\/\/yoast.com\/wordpress\/plugins\/seo\/ -->\n<title>Excursi\u00f3n San Mart\u00edn de los Andes por 7 Lagos desde Bariloche - Adventure Center<\/title>\n<meta name=\"description\" content=\"Excursi\u00f3n a San Mart\u00edn de los Andes por la Ruta de los 7 Lagos desde Bariloche. Miradores, Villa La Angostura y lagos cristalinos en un d\u00eda guiado.\" \/>\n<meta name=\"robots\" content=\"index, follow, max-snippet:-1, max-image-preview:large, max-video-preview:-1\" \/>\n<link rel=\"canonical\" href=\"https:\/\/adventurecenter.com.ar\/en\/product\/san-martin-de-los-andes-by-7-lakes\/\" \/>\n<meta property=\"og:locale\" content=\"en_US\" \/>\n<meta property=\"og:type\" content=\"article\" \/>\n<meta property=\"og:title\" content=\"San Mart\u00edn de los Andes por los 7 Lagos: Naturaleza, Miradores y Postales \u00danicas de la Patagonia\" \/>\n<meta property=\"og:description\" content=\"Excursi\u00f3n a San Mart\u00edn de los Andes por la Ruta de los 7 Lagos desde Bariloche. Miradores, Villa La Angostura y lagos cristalinos en un d\u00eda guiado.\" \/>\n<meta property=\"og:url\" content=\"https:\/\/adventurecenter.com.ar\/en\/product\/san-martin-de-los-andes-by-7-lakes\/\" \/>\n<meta property=\"og:site_name\" content=\"Adventure Center\" \/>\n<meta property=\"article:modified_time\" content=\"2026-04-09T12:13:40+00:00\" \/>\n<meta property=\"og:image\" content=\"https:\/\/adventurecenter.com.ar\/wp-content\/uploads\/2025\/03\/1-D-DSC_0103-scaled.jpg\" \/>\n\t<meta property=\"og:image:width\" content=\"2045\" \/>\n\t<meta property=\"og:image:height\" content=\"2560\" \/>\n\t<meta property=\"og:image:type\" content=\"image\/jpeg\" \/>\n<meta name=\"twitter:card\" content=\"summary_large_image\" \/>\n<meta name=\"twitter:label1\" content=\"Price\" \/>\n\t<meta name=\"twitter:data1\" content=\"&#036;&nbsp;71.400,00\" \/>\n\t<meta name=\"twitter:label2\" content=\"Availability\" \/>\n\t<meta name=\"twitter:data2\" content=\"In stock\" \/>\n<script type=\"application\/ld+json\" class=\"yoast-schema-graph\">{\"@context\":\"https:\/\/schema.org\",\"@graph\":[{\"@type\":[\"WebPage\",\"ItemPage\"],\"@id\":\"https:\/\/adventurecenter.com.ar\/product\/excursion-san-martin-de-los-andes-7-lagos-desde-bariloche\/\",\"url\":\"https:\/\/adventurecenter.com.ar\/product\/excursion-san-martin-de-los-andes-7-lagos-desde-bariloche\/\",\"name\":\"Excursi\u00f3n San Mart\u00edn de los Andes por 7 Lagos desde Bariloche - Adventure Center\",\"isPartOf\":{\"@id\":\"https:\/\/adventurecenter.com.ar\/#website\"},\"primaryImageOfPage\":{\"@id\":\"https:\/\/adventurecenter.com.ar\/product\/excursion-san-martin-de-los-andes-7-lagos-desde-bariloche\/#primaryimage\"},\"image\":{\"@id\":\"https:\/\/adventurecenter.com.ar\/product\/excursion-san-martin-de-los-andes-7-lagos-desde-bariloche\/#primaryimage\"},\"thumbnailUrl\":\"https:\/\/adventurecenter.com.ar\/wp-content\/uploads\/2025\/03\/1-D-DSC_0103-scaled.jpg\",\"datePublished\":\"2025-03-20T23:36:09+00:00\",\"dateModified\":\"2026-04-09T12:13:40+00:00\",\"description\":\"Excursi\u00f3n a San Mart\u00edn de los Andes por la Ruta de los 7 Lagos desde Bariloche. Miradores, Villa La Angostura y lagos cristalinos en un d\u00eda guiado.\",\"breadcrumb\":{\"@id\":\"https:\/\/adventurecenter.com.ar\/product\/excursion-san-martin-de-los-andes-7-lagos-desde-bariloche\/#breadcrumb\"},\"inLanguage\":\"en-US\",\"potentialAction\":[{\"@type\":\"ReadAction\",\"target\":[\"https:\/\/adventurecenter.com.ar\/product\/excursion-san-martin-de-los-andes-7-lagos-desde-bariloche\/\"]}]},{\"@type\":\"ImageObject\",\"inLanguage\":\"en-US\",\"@id\":\"https:\/\/adventurecenter.com.ar\/product\/excursion-san-martin-de-los-andes-7-lagos-desde-bariloche\/#primaryimage\",\"url\":\"https:\/\/adventurecenter.com.ar\/wp-content\/uploads\/2025\/03\/1-D-DSC_0103-scaled.jpg\",\"contentUrl\":\"https:\/\/adventurecenter.com.ar\/wp-content\/uploads\/2025\/03\/1-D-DSC_0103-scaled.jpg\",\"width\":2045,\"height\":2560},{\"@type\":\"BreadcrumbList\",\"@id\":\"https:\/\/adventurecenter.com.ar\/product\/excursion-san-martin-de-los-andes-7-lagos-desde-bariloche\/#breadcrumb\",\"itemListElement\":[{\"@type\":\"ListItem\",\"position\":1,\"name\":\"Home\",\"item\":\"https:\/\/adventurecenter.com.ar\/\"},{\"@type\":\"ListItem\",\"position\":2,\"name\":\"Lista de excursiones\",\"item\":\"https:\/\/adventurecenter.com.ar\/shop\/\"},{\"@type\":\"ListItem\",\"position\":3,\"name\":\"San Mart\u00edn de los Andes por los 7 Lagos: Naturaleza, Miradores y Postales \u00danicas de la Patagonia\"}]},{\"@type\":\"WebSite\",\"@id\":\"https:\/\/adventurecenter.com.ar\/#website\",\"url\":\"https:\/\/adventurecenter.com.ar\/\",\"name\":\"Adventure Center\",\"description\":\"Turismo en Bariloche Patagonia Argentina\",\"publisher\":{\"@id\":\"https:\/\/adventurecenter.com.ar\/#organization\"},\"potentialAction\":[{\"@type\":\"SearchAction\",\"target\":{\"@type\":\"EntryPoint\",\"urlTemplate\":\"https:\/\/adventurecenter.com.ar\/?s={search_term_string}\"},\"query-input\":{\"@type\":\"PropertyValueSpecification\",\"valueRequired\":true,\"valueName\":\"search_term_string\"}}],\"inLanguage\":\"en-US\"},{\"@type\":\"Organization\",\"@id\":\"https:\/\/adventurecenter.com.ar\/#organization\",\"name\":\"Adventure Center\",\"url\":\"https:\/\/adventurecenter.com.ar\/\",\"logo\":{\"@type\":\"ImageObject\",\"inLanguage\":\"en-US\",\"@id\":\"https:\/\/adventurecenter.com.ar\/#\/schema\/logo\/image\/\",\"url\":\"https:\/\/adventurecenter.com.ar\/wp-content\/uploads\/2022\/10\/logo-definitivo-copia.png\",\"contentUrl\":\"https:\/\/adventurecenter.com.ar\/wp-content\/uploads\/2022\/10\/logo-definitivo-copia.png\",\"width\":150,\"height\":55,\"caption\":\"Adventure Center\"},\"image\":{\"@id\":\"https:\/\/adventurecenter.com.ar\/#\/schema\/logo\/image\/\"}}]}<\/script>\n<meta property=\"product:price:amount\" content=\"71400.00\" \/>\n<meta property=\"product:price:currency\" content=\"ARS\" \/>\n<meta property=\"og:availability\" content=\"instock\" \/>\n<meta property=\"product:availability\" content=\"instock\" \/>\n<meta property=\"product:retailer_item_id\" content=\"ADV2025SAMADEQ219\" \/>\n<meta property=\"product:condition\" content=\"new\" \/>\n<!-- \/ Yoast SEO Premium plugin. -->","yoast_head_json":{"title":"San Mart\u00edn de los Andes 7 Lakes Excursion from Bariloche - Adventure Center","description":"Excursion to San Martin de los Andes along the 7 Lakes Route from Bariloche. Viewpoints, Villa La Angostura and crystal clear lakes in a guided day.","robots":{"index":"index","follow":"follow","max-snippet":"max-snippet:-1","max-image-preview":"max-image-preview:large","max-video-preview":"max-video-preview:-1"},"canonical":"https:\/\/adventurecenter.com.ar\/en\/product\/san-martin-de-los-andes-by-7-lakes\/","og_locale":"en_US","og_type":"article","og_title":"San Mart\u00edn de los Andes por los 7 Lagos: Naturaleza, Miradores y Postales \u00danicas de la Patagonia","og_description":"Excursi\u00f3n a San Mart\u00edn de los Andes por la Ruta de los 7 Lagos desde Bariloche. Miradores, Villa La Angostura y lagos cristalinos en un d\u00eda guiado.","og_url":"https:\/\/adventurecenter.com.ar\/en\/product\/san-martin-de-los-andes-by-7-lakes\/","og_site_name":"Adventure Center","article_modified_time":"2026-04-09T12:13:40+00:00","og_image":[{"width":2045,"height":2560,"url":"https:\/\/adventurecenter.com.ar\/wp-content\/uploads\/2025\/03\/1-D-DSC_0103-scaled.jpg","type":"image\/jpeg"}],"twitter_card":"summary_large_image","twitter_misc":{"Price":"&#36;&nbsp;71.400,00","Availability":"In stock"},"schema":{"@context":"https:\/\/schema.org","@graph":[{"@type":["WebPage","ItemPage"],"@id":"https:\/\/adventurecenter.com.ar\/product\/excursion-san-martin-de-los-andes-7-lagos-desde-bariloche\/","url":"https:\/\/adventurecenter.com.ar\/product\/excursion-san-martin-de-los-andes-7-lagos-desde-bariloche\/","name":"San Mart\u00edn de los Andes 7 Lakes Excursion from Bariloche - Adventure Center","isPartOf":{"@id":"https:\/\/adventurecenter.com.ar\/#website"},"primaryImageOfPage":{"@id":"https:\/\/adventurecenter.com.ar\/product\/excursion-san-martin-de-los-andes-7-lagos-desde-bariloche\/#primaryimage"},"image":{"@id":"https:\/\/adventurecenter.com.ar\/product\/excursion-san-martin-de-los-andes-7-lagos-desde-bariloche\/#primaryimage"},"thumbnailUrl":"https:\/\/adventurecenter.com.ar\/wp-content\/uploads\/2025\/03\/1-D-DSC_0103-scaled.jpg","datePublished":"2025-03-20T23:36:09+00:00","dateModified":"2026-04-09T12:13:40+00:00","description":"Excursion to San Martin de los Andes along the 7 Lakes Route from Bariloche. Viewpoints, Villa La Angostura and crystal clear lakes in a guided day.","breadcrumb":{"@id":"https:\/\/adventurecenter.com.ar\/product\/excursion-san-martin-de-los-andes-7-lagos-desde-bariloche\/#breadcrumb"},"inLanguage":"en-US","potentialAction":[{"@type":"ReadAction","target":["https:\/\/adventurecenter.com.ar\/product\/excursion-san-martin-de-los-andes-7-lagos-desde-bariloche\/"]}]},{"@type":"ImageObject","inLanguage":"en-US","@id":"https:\/\/adventurecenter.com.ar\/product\/excursion-san-martin-de-los-andes-7-lagos-desde-bariloche\/#primaryimage","url":"https:\/\/adventurecenter.com.ar\/wp-content\/uploads\/2025\/03\/1-D-DSC_0103-scaled.jpg","contentUrl":"https:\/\/adventurecenter.com.ar\/wp-content\/uploads\/2025\/03\/1-D-DSC_0103-scaled.jpg","width":2045,"height":2560},{"@type":"BreadcrumbList","@id":"https:\/\/adventurecenter.com.ar\/product\/excursion-san-martin-de-los-andes-7-lagos-desde-bariloche\/#breadcrumb","itemListElement":[{"@type":"ListItem","position":1,"name":"Home","item":"https:\/\/adventurecenter.com.ar\/"},{"@type":"ListItem","position":2,"name":"Lista de excursiones","item":"https:\/\/adventurecenter.com.ar\/shop\/"},{"@type":"ListItem","position":3,"name":"San Mart\u00edn de los Andes por los 7 Lagos: Naturaleza, Miradores y Postales \u00danicas de la Patagonia"}]},{"@type":"WebSite","@id":"https:\/\/adventurecenter.com.ar\/#website","url":"https:\/\/adventurecenter.com.ar\/","name":"Adventure Center","description":"Tourism in Bariloche Patagonia Argentina","publisher":{"@id":"https:\/\/adventurecenter.com.ar\/#organization"},"potentialAction":[{"@type":"SearchAction","target":{"@type":"EntryPoint","urlTemplate":"https:\/\/adventurecenter.com.ar\/?s={search_term_string}"},"query-input":{"@type":"PropertyValueSpecification","valueRequired":true,"valueName":"search_term_string"}}],"inLanguage":"en-US"},{"@type":"Organization","@id":"https:\/\/adventurecenter.com.ar\/#organization","name":"Adventure Center","url":"https:\/\/adventurecenter.com.ar\/","logo":{"@type":"ImageObject","inLanguage":"en-US","@id":"https:\/\/adventurecenter.com.ar\/#\/schema\/logo\/image\/","url":"https:\/\/adventurecenter.com.ar\/wp-content\/uploads\/2022\/10\/logo-definitivo-copia.png","contentUrl":"https:\/\/adventurecenter.com.ar\/wp-content\/uploads\/2022\/10\/logo-definitivo-copia.png","width":150,"height":55,"caption":"Adventure Center"},"image":{"@id":"https:\/\/adventurecenter.com.ar\/#\/schema\/logo\/image\/"}}]},"product_price_amount":"71400.00","product_price_currency":"ARS","og_availability":"instock","product_availability":"instock","product_retailer_item_id":"ADV2025SAMADEQ219","product_condition":"new"},"_links":{"self":[{"href":"https:\/\/adventurecenter.com.ar\/en\/wp-json\/wp\/v2\/product\/376950","targetHints":{"allow":["GET"]}}],"collection":[{"href":"https:\/\/adventurecenter.com.ar\/en\/wp-json\/wp\/v2\/product"}],"about":[{"href":"https:\/\/adventurecenter.com.ar\/en\/wp-json\/wp\/v2\/types\/product"}],"replies":[{"embeddable":true,"href":"https:\/\/adventurecenter.com.ar\/en\/wp-json\/wp\/v2\/comments?post=376950"}],"wp:featuredmedia":[{"embeddable":true,"href":"https:\/\/adventurecenter.com.ar\/en\/wp-json\/wp\/v2\/media\/379165"}],"wp:attachment":[{"href":"https:\/\/adventurecenter.com.ar\/en\/wp-json\/wp\/v2\/media?parent=376950"}],"wp:term":[{"taxonomy":"product_brand","embeddable":true,"href":"https:\/\/adventurecenter.com.ar\/en\/wp-json\/wp\/v2\/product_brand?post=376950"},{"taxonomy":"product_cat","embeddable":true,"href":"https:\/\/adventurecenter.com.ar\/en\/wp-json\/wp\/v2\/product_cat?post=376950"},{"taxonomy":"product_tag","embeddable":true,"href":"https:\/\/adventurecenter.com.ar\/en\/wp-json\/wp\/v2\/product_tag?post=376950"}],"curies":[{"name":"wp","href":"https:\/\/api.w.org\/{rel}","templated":true}]}}