{"id":376947,"date":"2025-03-20T20:35:34","date_gmt":"2025-03-20T23:35:34","guid":{"rendered":"https:\/\/adventurecenter.com.ar\/?post_type=product&#038;p=376947"},"modified":"2026-04-14T11:57:50","modified_gmt":"2026-04-14T14:57:50","slug":"rafting-light-en-el-rio-manso-sin-traslado","status":"publish","type":"product","link":"https:\/\/adventurecenter.com.ar\/en\/product\/light-rafting-on-the-manso-river-without-transfer\/","title":{"rendered":"Light Rafting on the Manso River without Transfer"},"content":{"rendered":"<h2>Family Adventure on the Manso River<\/h2>\n<p>Embark on a unique journey with our proposal of <strong>light rafting on the Manso River<\/strong>, specially designed to be enjoyed by the whole family. This water ride is designed to be accessible and safe, ideal for children as young as 5 years old. The gentle category 1 and 2 rapids promise excitement in a controlled environment, perfect for beginners to this water sport or for those who long for a moment of serenity in contact with nature.<\/p>\n<h3>Activity Information<\/h3>\n<ul>\n<li><strong>Duration:<\/strong> Approximately 90 minutes of pure fun and adventure.<\/li>\n<li><strong>Route:<\/strong> Explore 40 km of natural landscapes and calm rapids that provide an unforgettable experience.<\/li>\n<li><strong>Equipment provided:<\/strong> It includes a complete safety kit: neoprene wetsuit, helmet and life jacket.<\/li>\n<\/ul>\n<h3>Beginning of the Tour<\/h3>\n<p>Upon arrival at the meeting point, you will be greeted by our specialized staff who will give you a warm welcome and a brief but clear explanation on how to control the raft. The experience is designed for you to enjoy without worrying about your previous skill level.<\/p>\n<h3>Suggestions<\/h3>\n<p>Consider bringing:<\/p>\n<ul>\n<li>Personal towel.<\/li>\n<li>Dry clothes to change after the activity.<\/li>\n<li>Footwear that can get wet without inconvenience.<\/li>\n<\/ul>\n<h3>Independent Access<\/h3>\n<p>For the adventurers without transportation included, the initial meeting is at the <strong>Villegas Base <\/strong>located in the<strong> Route 83 Km 1.<\/strong> <a class=\"theme markdown__link\" href=\"https:\/\/maps.app.goo.gl\/NqbsUN6VB5Fnt7hVA\" target=\"_blank\" rel=\"noopener noreferrer\">https:\/\/maps.app.goo.gl\/NqbsUN6VB5Fnt7hVA<\/a> this is the link to the location of the parador.<\/p>\n<h3>What's Included and What's Not<\/h3>\n<ul>\n<li><strong>Includes:<\/strong> The rafting activity along with all the necessary equipment: wetsuit, life jacket, dry jacket, neoprene boots, paddles and protective helmet.<\/li>\n<li><strong>Does not include:<\/strong> Transportation, meals (lunch, snack or breakfast).<\/li>\n<\/ul>\n<h2>Frequently Asked Questions<\/h2>\n<h3>How is it organized if I choose the option without transfer?<\/h3>\n<p data-pm-slice=\"1 1 []\">If you decide to hire the option without transfer, you must be at our hostel where the rafting excursion takes place on the <strong>Villegas Base Route 83 Km 1.<\/strong><\/p>\n<h3>Is it possible to include someone who will not participate in the rafting?<\/h3>\n<p>Of course, it is allowed to attend with an accompanying person, who will have to pay the <strong>50% of cost<\/strong> of the activity.<\/p>\n<p><strong>Important Notice<\/strong>This tour is currently available and has departures until April 30, according to the operating calendar.<\/p>","protected":false},"excerpt":{"rendered":"<h2>Discover the Emotion of Rafting in the Manso River<\/h2>\n<p>Enjoy an unforgettable day with our light rafting in the Manso River, ideal for families and children from 5 years old. Experience the tranquility and beauty of nature while you navigate category 1 and 2 rapids. Also, if you come on your own, we will be waiting for you at the YPF-ACA station. Join us in this adventure!<\/p>","protected":false},"featured_media":379555,"comment_status":"open","ping_status":"closed","template":"","meta":[],"product_brand":[],"product_cat":[85,84,79,90,82,101,81,80],"product_tag":[],"class_list":{"0":"post-376947","1":"product","2":"type-product","3":"status-publish","4":"has-post-thumbnail","6":"product_cat-adultos","7":"product_cat-aventura","8":"product_cat-familia","9":"product_cat-ninos","10":"product_cat-primavera","11":"product_cat-sin-comida","12":"product_cat-sin-traslado","13":"product_cat-verano","15":"first","16":"instock","17":"virtual","18":"sold-individually","19":"purchasable","20":"product-type-booking"},"booking_location":"","booking_location_type":"","booking_duration":1,"booking_duration_unit":"hour","booking_buffer":0,"booking_cost":0,"booking_resources":[],"exclude_global_add_ons":false,"addons":[{"name":"ADU | Adult","type":"input_multiplier","position":0,"required":false,"title_format":"label","default":"","description_enable":false,"description":"","placeholder_enable":false,"placeholder":"","display":"select","restrictions_type":"any_text","adjust_price":true,"price":"75000","price_type":"quantity_based","restrictions":false,"min":"0","max":"0","options":[],"id":1773079069},{"name":"EXTRA | Companion","type":"input_multiplier","position":1,"required":false,"title_format":"label","default":"","description_enable":false,"description":"","placeholder_enable":false,"placeholder":"","display":"select","restrictions_type":"any_text","adjust_price":true,"price":"37500","price_type":"quantity_based","restrictions":false,"min":"0","max":"0","options":[],"id":1773079070},{"name":"MEN512 | from 5 to 12","type":"input_multiplier","position":2,"required":false,"title_format":"label","default":"","description_enable":false,"description":"","placeholder_enable":false,"placeholder":"","display":"select","restrictions_type":"any_text","adjust_price":true,"price":"75000","price_type":"quantity_based","restrictions":false,"min":"0","max":"0","options":[],"id":1773079071}],"yoast_head":"<!-- This site is optimized with the Yoast SEO Premium plugin v24.5 (Yoast SEO v24.8) - https:\/\/yoast.com\/wordpress\/plugins\/seo\/ -->\n<title>Rafting Light en el R\u00edo Manso sin Traslado - Adventure Center<\/title>\n<meta name=\"description\" content=\"Rafting R\u00edo Manso. Naveg\u00e1 r\u00e1pidos suaves y descubr\u00ed paisajes patag\u00f3nicos \u00fanicos. Ideal para familias y principiantes. Reserv\u00e1 ahora.\" \/>\n<meta name=\"robots\" content=\"index, follow, max-snippet:-1, max-image-preview:large, max-video-preview:-1\" \/>\n<link rel=\"canonical\" href=\"https:\/\/adventurecenter.com.ar\/en\/product\/light-rafting-on-the-manso-river-without-transfer\/\" \/>\n<meta property=\"og:locale\" content=\"en_US\" \/>\n<meta property=\"og:type\" content=\"article\" \/>\n<meta property=\"og:title\" content=\"Rafting Light en el R\u00edo Manso sin Traslado\" \/>\n<meta property=\"og:description\" content=\"Rafting R\u00edo Manso. Naveg\u00e1 r\u00e1pidos suaves y descubr\u00ed paisajes patag\u00f3nicos \u00fanicos. Ideal para familias y principiantes. Reserv\u00e1 ahora.\" \/>\n<meta property=\"og:url\" content=\"https:\/\/adventurecenter.com.ar\/en\/product\/light-rafting-on-the-manso-river-without-transfer\/\" \/>\n<meta property=\"og:site_name\" content=\"Adventure Center\" \/>\n<meta property=\"article:modified_time\" content=\"2026-04-14T14:57:50+00:00\" \/>\n<meta property=\"og:image\" content=\"https:\/\/adventurecenter.com.ar\/wp-content\/uploads\/2025\/03\/1-B-GOPR8473-scaled.jpg\" \/>\n\t<meta property=\"og:image:width\" content=\"1920\" \/>\n\t<meta property=\"og:image:height\" content=\"2560\" \/>\n\t<meta property=\"og:image:type\" content=\"image\/jpeg\" \/>\n<meta name=\"twitter:card\" content=\"summary_large_image\" \/>\n<meta name=\"twitter:label1\" content=\"Price\" \/>\n\t<meta name=\"twitter:data1\" content=\"&#036;&nbsp;75.000,00\" \/>\n\t<meta name=\"twitter:label2\" content=\"Availability\" \/>\n\t<meta name=\"twitter:data2\" content=\"In stock\" \/>\n<script type=\"application\/ld+json\" class=\"yoast-schema-graph\">{\"@context\":\"https:\/\/schema.org\",\"@graph\":[{\"@type\":[\"WebPage\",\"ItemPage\"],\"@id\":\"https:\/\/adventurecenter.com.ar\/product\/rafting-light-en-el-rio-manso-sin-traslado\/\",\"url\":\"https:\/\/adventurecenter.com.ar\/product\/rafting-light-en-el-rio-manso-sin-traslado\/\",\"name\":\"Rafting Light en el R\u00edo Manso sin Traslado - Adventure Center\",\"isPartOf\":{\"@id\":\"https:\/\/adventurecenter.com.ar\/#website\"},\"primaryImageOfPage\":{\"@id\":\"https:\/\/adventurecenter.com.ar\/product\/rafting-light-en-el-rio-manso-sin-traslado\/#primaryimage\"},\"image\":{\"@id\":\"https:\/\/adventurecenter.com.ar\/product\/rafting-light-en-el-rio-manso-sin-traslado\/#primaryimage\"},\"thumbnailUrl\":\"https:\/\/adventurecenter.com.ar\/wp-content\/uploads\/2025\/03\/1-B-GOPR8473-scaled.jpg\",\"datePublished\":\"2025-03-20T23:35:34+00:00\",\"dateModified\":\"2026-04-14T14:57:50+00:00\",\"description\":\"Rafting R\u00edo Manso. Naveg\u00e1 r\u00e1pidos suaves y descubr\u00ed paisajes patag\u00f3nicos \u00fanicos. Ideal para familias y principiantes. Reserv\u00e1 ahora.\",\"breadcrumb\":{\"@id\":\"https:\/\/adventurecenter.com.ar\/product\/rafting-light-en-el-rio-manso-sin-traslado\/#breadcrumb\"},\"inLanguage\":\"en-US\",\"potentialAction\":[{\"@type\":\"ReadAction\",\"target\":[\"https:\/\/adventurecenter.com.ar\/product\/rafting-light-en-el-rio-manso-sin-traslado\/\"]}]},{\"@type\":\"ImageObject\",\"inLanguage\":\"en-US\",\"@id\":\"https:\/\/adventurecenter.com.ar\/product\/rafting-light-en-el-rio-manso-sin-traslado\/#primaryimage\",\"url\":\"https:\/\/adventurecenter.com.ar\/wp-content\/uploads\/2025\/03\/1-B-GOPR8473-scaled.jpg\",\"contentUrl\":\"https:\/\/adventurecenter.com.ar\/wp-content\/uploads\/2025\/03\/1-B-GOPR8473-scaled.jpg\",\"width\":1920,\"height\":2560,\"caption\":\"DCIM100GOPROGOPR8473.JPG\"},{\"@type\":\"BreadcrumbList\",\"@id\":\"https:\/\/adventurecenter.com.ar\/product\/rafting-light-en-el-rio-manso-sin-traslado\/#breadcrumb\",\"itemListElement\":[{\"@type\":\"ListItem\",\"position\":1,\"name\":\"Home\",\"item\":\"https:\/\/adventurecenter.com.ar\/\"},{\"@type\":\"ListItem\",\"position\":2,\"name\":\"Lista de excursiones\",\"item\":\"https:\/\/adventurecenter.com.ar\/shop\/\"},{\"@type\":\"ListItem\",\"position\":3,\"name\":\"Rafting Light en el R\u00edo Manso sin Traslado\"}]},{\"@type\":\"WebSite\",\"@id\":\"https:\/\/adventurecenter.com.ar\/#website\",\"url\":\"https:\/\/adventurecenter.com.ar\/\",\"name\":\"Adventure Center\",\"description\":\"Turismo en Bariloche Patagonia Argentina\",\"publisher\":{\"@id\":\"https:\/\/adventurecenter.com.ar\/#organization\"},\"potentialAction\":[{\"@type\":\"SearchAction\",\"target\":{\"@type\":\"EntryPoint\",\"urlTemplate\":\"https:\/\/adventurecenter.com.ar\/?s={search_term_string}\"},\"query-input\":{\"@type\":\"PropertyValueSpecification\",\"valueRequired\":true,\"valueName\":\"search_term_string\"}}],\"inLanguage\":\"en-US\"},{\"@type\":\"Organization\",\"@id\":\"https:\/\/adventurecenter.com.ar\/#organization\",\"name\":\"Adventure Center\",\"url\":\"https:\/\/adventurecenter.com.ar\/\",\"logo\":{\"@type\":\"ImageObject\",\"inLanguage\":\"en-US\",\"@id\":\"https:\/\/adventurecenter.com.ar\/#\/schema\/logo\/image\/\",\"url\":\"https:\/\/adventurecenter.com.ar\/wp-content\/uploads\/2022\/10\/logo-definitivo-copia.png\",\"contentUrl\":\"https:\/\/adventurecenter.com.ar\/wp-content\/uploads\/2022\/10\/logo-definitivo-copia.png\",\"width\":150,\"height\":55,\"caption\":\"Adventure Center\"},\"image\":{\"@id\":\"https:\/\/adventurecenter.com.ar\/#\/schema\/logo\/image\/\"}}]}<\/script>\n<meta property=\"product:price:amount\" content=\"75000.00\" \/>\n<meta property=\"product:price:currency\" content=\"ARS\" \/>\n<meta property=\"og:availability\" content=\"instock\" \/>\n<meta property=\"product:availability\" content=\"instock\" \/>\n<meta property=\"product:retailer_item_id\" content=\"ADV2025RALIENTUFA\" \/>\n<meta property=\"product:condition\" content=\"new\" \/>\n<!-- \/ Yoast SEO Premium plugin. -->","yoast_head_json":{"title":"Light Rafting on the Manso River without Transfer - Adventure Center","description":"Manso River Rafting. Navigate gentle rapids and discover unique Patagonian landscapes. Ideal for families and beginners. Book now.","robots":{"index":"index","follow":"follow","max-snippet":"max-snippet:-1","max-image-preview":"max-image-preview:large","max-video-preview":"max-video-preview:-1"},"canonical":"https:\/\/adventurecenter.com.ar\/en\/product\/light-rafting-on-the-manso-river-without-transfer\/","og_locale":"en_US","og_type":"article","og_title":"Rafting Light en el R\u00edo Manso sin Traslado","og_description":"Rafting R\u00edo Manso. Naveg\u00e1 r\u00e1pidos suaves y descubr\u00ed paisajes patag\u00f3nicos \u00fanicos. Ideal para familias y principiantes. Reserv\u00e1 ahora.","og_url":"https:\/\/adventurecenter.com.ar\/en\/product\/light-rafting-on-the-manso-river-without-transfer\/","og_site_name":"Adventure Center","article_modified_time":"2026-04-14T14:57:50+00:00","og_image":[{"width":1920,"height":2560,"url":"https:\/\/adventurecenter.com.ar\/wp-content\/uploads\/2025\/03\/1-B-GOPR8473-scaled.jpg","type":"image\/jpeg"}],"twitter_card":"summary_large_image","twitter_misc":{"Price":"&#36;&nbsp;75.000,00","Availability":"In stock"},"schema":{"@context":"https:\/\/schema.org","@graph":[{"@type":["WebPage","ItemPage"],"@id":"https:\/\/adventurecenter.com.ar\/product\/rafting-light-en-el-rio-manso-sin-traslado\/","url":"https:\/\/adventurecenter.com.ar\/product\/rafting-light-en-el-rio-manso-sin-traslado\/","name":"Light Rafting on the Manso River without Transfer - Adventure Center","isPartOf":{"@id":"https:\/\/adventurecenter.com.ar\/#website"},"primaryImageOfPage":{"@id":"https:\/\/adventurecenter.com.ar\/product\/rafting-light-en-el-rio-manso-sin-traslado\/#primaryimage"},"image":{"@id":"https:\/\/adventurecenter.com.ar\/product\/rafting-light-en-el-rio-manso-sin-traslado\/#primaryimage"},"thumbnailUrl":"https:\/\/adventurecenter.com.ar\/wp-content\/uploads\/2025\/03\/1-B-GOPR8473-scaled.jpg","datePublished":"2025-03-20T23:35:34+00:00","dateModified":"2026-04-14T14:57:50+00:00","description":"Manso River Rafting. Navigate gentle rapids and discover unique Patagonian landscapes. Ideal for families and beginners. Book now.","breadcrumb":{"@id":"https:\/\/adventurecenter.com.ar\/product\/rafting-light-en-el-rio-manso-sin-traslado\/#breadcrumb"},"inLanguage":"en-US","potentialAction":[{"@type":"ReadAction","target":["https:\/\/adventurecenter.com.ar\/product\/rafting-light-en-el-rio-manso-sin-traslado\/"]}]},{"@type":"ImageObject","inLanguage":"en-US","@id":"https:\/\/adventurecenter.com.ar\/product\/rafting-light-en-el-rio-manso-sin-traslado\/#primaryimage","url":"https:\/\/adventurecenter.com.ar\/wp-content\/uploads\/2025\/03\/1-B-GOPR8473-scaled.jpg","contentUrl":"https:\/\/adventurecenter.com.ar\/wp-content\/uploads\/2025\/03\/1-B-GOPR8473-scaled.jpg","width":1920,"height":2560,"caption":"DCIM100GOPROGOPR8473.JPG"},{"@type":"BreadcrumbList","@id":"https:\/\/adventurecenter.com.ar\/product\/rafting-light-en-el-rio-manso-sin-traslado\/#breadcrumb","itemListElement":[{"@type":"ListItem","position":1,"name":"Home","item":"https:\/\/adventurecenter.com.ar\/"},{"@type":"ListItem","position":2,"name":"Lista de excursiones","item":"https:\/\/adventurecenter.com.ar\/shop\/"},{"@type":"ListItem","position":3,"name":"Rafting Light en el R\u00edo Manso sin Traslado"}]},{"@type":"WebSite","@id":"https:\/\/adventurecenter.com.ar\/#website","url":"https:\/\/adventurecenter.com.ar\/","name":"Adventure Center","description":"Tourism in Bariloche Patagonia Argentina","publisher":{"@id":"https:\/\/adventurecenter.com.ar\/#organization"},"potentialAction":[{"@type":"SearchAction","target":{"@type":"EntryPoint","urlTemplate":"https:\/\/adventurecenter.com.ar\/?s={search_term_string}"},"query-input":{"@type":"PropertyValueSpecification","valueRequired":true,"valueName":"search_term_string"}}],"inLanguage":"en-US"},{"@type":"Organization","@id":"https:\/\/adventurecenter.com.ar\/#organization","name":"Adventure Center","url":"https:\/\/adventurecenter.com.ar\/","logo":{"@type":"ImageObject","inLanguage":"en-US","@id":"https:\/\/adventurecenter.com.ar\/#\/schema\/logo\/image\/","url":"https:\/\/adventurecenter.com.ar\/wp-content\/uploads\/2022\/10\/logo-definitivo-copia.png","contentUrl":"https:\/\/adventurecenter.com.ar\/wp-content\/uploads\/2022\/10\/logo-definitivo-copia.png","width":150,"height":55,"caption":"Adventure Center"},"image":{"@id":"https:\/\/adventurecenter.com.ar\/#\/schema\/logo\/image\/"}}]},"product_price_amount":"75000.00","product_price_currency":"ARS","og_availability":"instock","product_availability":"instock","product_retailer_item_id":"ADV2025RALIENTUFA","product_condition":"new"},"_links":{"self":[{"href":"https:\/\/adventurecenter.com.ar\/en\/wp-json\/wp\/v2\/product\/376947","targetHints":{"allow":["GET"]}}],"collection":[{"href":"https:\/\/adventurecenter.com.ar\/en\/wp-json\/wp\/v2\/product"}],"about":[{"href":"https:\/\/adventurecenter.com.ar\/en\/wp-json\/wp\/v2\/types\/product"}],"replies":[{"embeddable":true,"href":"https:\/\/adventurecenter.com.ar\/en\/wp-json\/wp\/v2\/comments?post=376947"}],"wp:featuredmedia":[{"embeddable":true,"href":"https:\/\/adventurecenter.com.ar\/en\/wp-json\/wp\/v2\/media\/379555"}],"wp:attachment":[{"href":"https:\/\/adventurecenter.com.ar\/en\/wp-json\/wp\/v2\/media?parent=376947"}],"wp:term":[{"taxonomy":"product_brand","embeddable":true,"href":"https:\/\/adventurecenter.com.ar\/en\/wp-json\/wp\/v2\/product_brand?post=376947"},{"taxonomy":"product_cat","embeddable":true,"href":"https:\/\/adventurecenter.com.ar\/en\/wp-json\/wp\/v2\/product_cat?post=376947"},{"taxonomy":"product_tag","embeddable":true,"href":"https:\/\/adventurecenter.com.ar\/en\/wp-json\/wp\/v2\/product_tag?post=376947"}],"curies":[{"name":"wp","href":"https:\/\/api.w.org\/{rel}","templated":true}]}}