{"id":376946,"date":"2025-03-20T20:35:21","date_gmt":"2025-03-20T23:35:21","guid":{"rendered":"https:\/\/adventurecenter.com.ar\/?post_type=product&#038;p=376946"},"modified":"2026-04-14T11:58:19","modified_gmt":"2026-04-14T14:58:19","slug":"rafting-rio-manso-limite-con-chile","status":"publish","type":"product","link":"https:\/\/adventurecenter.com.ar\/en\/product\/rafting-manso-river-border-with-chile\/","title":{"rendered":"Rafting to the Chilean border with transfer"},"content":{"rendered":"<h2>Unique Rafting Experience on the Manso River<\/h2>\n<p>Discover the <strong>pure rafting emotion<\/strong> exploring the impressive Manso river, an environment full of <strong>natural beauty<\/strong> and challenge. This rafting tour, with rapids that reach grades 3 and 4, culminates at the <strong>border with Chile<\/strong>, offering a unique experience full of adrenaline and incomparable landscapes.<\/p>\n<h3>Activity Plan<\/h3>\n<ul>\n<li><strong>Start time:<\/strong> The adventure starts at 8:00 a.m. from the center of the city of San Carlos de Bariloche.<\/li>\n<li><strong>Provision of equipment:<\/strong> Equipped with wetsuits, helmets and life jackets, provided by our expert guides.<\/li>\n<li><strong>Duration of the tour:<\/strong> Racing against the rapids for a stretch of 11 km, which takes approximately 2 hours.<\/li>\n<li><strong>Lunch option:<\/strong> At the conclusion of the rafting, optionally enjoy a barbecue or an assortment of salads, subject to additional charge.<\/li>\n<li><strong>Guaranteed safety:<\/strong> Accompaniment of safety kayakers along the route for your peace of mind.<\/li>\n<\/ul>\n<h3>Essential Information<\/h3>\n<ul>\n<li><strong>Recommendations:<\/strong> It is suggested to bring a towel and a change of clothes.<\/li>\n<li><strong>Age restriction:<\/strong> Suitable for participants from 14 years of age and older.<\/li>\n<\/ul>\n<h3>Schedules<\/h3>\n<p>The itinerary starts at 8:00 am and ends around 6:00 pm.<\/p>\n<h3>Includes<\/h3>\n<ul>\n<li>Complete rafting activity.<\/li>\n<li>Provision of equipment: wetsuit, safety vest, dry jacket, neoprene boots, paddles and helmets.<\/li>\n<\/ul>\n<h3>Frequently Asked Questions<\/h3>\n<h4>Is it possible to arrive on my own?<\/h4>\n<p>Those who prefer to drive on their own should report to the rafting excursion at the Villegas Base, Route 83 Km 1, where the rafting excursion takes place.<\/p>\n<p><a class=\"theme markdown__link\" href=\"https:\/\/maps.app.goo.gl\/NqbsUN6VB5Fnt7hVA\" target=\"_blank\" rel=\"noopener noreferrer\">https:\/\/maps.app.goo.gl\/NqbsUN6VB5Fnt7hVA<\/a> this is the link to the location of the parador.<\/p>\n<h4>Are non-participating companions allowed to attend?<\/h4>\n<p>Yes, companions can enjoy the day on the river paying only the 50% fee, without having to participate in the rafting.<\/p>","protected":false},"excerpt":{"rendered":"<p>Immerse yourself in a <strong>unforgettable rafting adventure<\/strong> to the Chilean border. Conquer the challenging rapids of the <strong>Manso River<\/strong> while preparing all the necessary equipment. Safety guaranteed by expert kayakers. Perfect for those looking for an intense connection with nature.<\/p>","protected":false},"featured_media":379553,"comment_status":"open","ping_status":"closed","template":"","meta":[],"product_brand":[],"product_cat":[85,84,70,79,92,82,101,80],"product_tag":[],"class_list":{"0":"post-376946","1":"product","2":"type-product","3":"status-publish","4":"has-post-thumbnail","6":"product_cat-adultos","7":"product_cat-aventura","8":"product_cat-con-traslado","9":"product_cat-familia","10":"product_cat-otono","11":"product_cat-primavera","12":"product_cat-sin-comida","13":"product_cat-verano","15":"first","16":"instock","17":"virtual","18":"sold-individually","19":"purchasable","20":"product-type-booking"},"booking_location":"","booking_location_type":"","booking_duration":1,"booking_duration_unit":"hour","booking_buffer":0,"booking_cost":0,"booking_resources":[],"exclude_global_add_ons":false,"addons":[{"name":"ADU | Adult","type":"input_multiplier","position":0,"required":false,"title_format":"label","default":"","description_enable":false,"description":"","placeholder_enable":false,"placeholder":"","display":"select","restrictions_type":"any_text","adjust_price":true,"price":"155400","price_type":"quantity_based","restrictions":false,"min":"0","max":"0","options":[],"id":1773236614},{"name":"EXTRA | Companion","type":"input_multiplier","position":1,"required":false,"title_format":"label","default":"","description_enable":false,"description":"","placeholder_enable":false,"placeholder":"","display":"select","restrictions_type":"any_text","adjust_price":true,"price":"77700","price_type":"quantity_based","restrictions":false,"min":"0","max":"0","options":[],"id":1773236615},{"name":"MEN1418 | from 14 to 18","type":"input_multiplier","position":2,"required":false,"title_format":"label","default":"","description_enable":false,"description":"","placeholder_enable":false,"placeholder":"","display":"select","restrictions_type":"any_text","adjust_price":true,"price":"155400","price_type":"quantity_based","restrictions":false,"min":"0","max":"0","options":[],"id":1773236616}],"yoast_head":"<!-- This site is optimized with the Yoast SEO Premium plugin v24.5 (Yoast SEO v24.8) - https:\/\/yoast.com\/wordpress\/plugins\/seo\/ -->\n<title>Rafting al L\u00edmite con Chile | R\u00edo Manso Clase IV desde Bariloche - Adventure Center<\/title>\n<meta name=\"description\" content=\"Rafting R\u00edo Manso al l\u00edmite con Chile. R\u00e1pidos clase III-IV y ensue\u00f1o patag\u00f3nico. Incluye traslado desde Bariloche. Reserv\u00e1 tu aventura.\" \/>\n<meta name=\"robots\" content=\"index, follow, max-snippet:-1, max-image-preview:large, max-video-preview:-1\" \/>\n<link rel=\"canonical\" href=\"https:\/\/adventurecenter.com.ar\/en\/product\/rafting-manso-river-border-with-chile\/\" \/>\n<meta property=\"og:locale\" content=\"en_US\" \/>\n<meta property=\"og:type\" content=\"article\" \/>\n<meta property=\"og:title\" content=\"Rafting al l\u00edmite con Chile con traslado\" \/>\n<meta property=\"og:description\" content=\"Rafting R\u00edo Manso al l\u00edmite con Chile. R\u00e1pidos clase III-IV y ensue\u00f1o patag\u00f3nico. Incluye traslado desde Bariloche. Reserv\u00e1 tu aventura.\" \/>\n<meta property=\"og:url\" content=\"https:\/\/adventurecenter.com.ar\/en\/product\/rafting-manso-river-border-with-chile\/\" \/>\n<meta property=\"og:site_name\" content=\"Adventure Center\" \/>\n<meta property=\"article:modified_time\" content=\"2026-04-14T14:58:19+00:00\" \/>\n<meta property=\"og:image\" content=\"https:\/\/adventurecenter.com.ar\/wp-content\/uploads\/2025\/03\/1-B-RaftingLightrioManso_image4_1140_1601836150-copia-scaled.jpg\" \/>\n\t<meta property=\"og:image:width\" content=\"1920\" \/>\n\t<meta property=\"og:image:height\" content=\"2560\" \/>\n\t<meta property=\"og:image:type\" content=\"image\/jpeg\" \/>\n<meta name=\"twitter:card\" content=\"summary_large_image\" \/>\n<meta name=\"twitter:label1\" content=\"Price\" \/>\n\t<meta name=\"twitter:data1\" content=\"&#036;&nbsp;155.400,00\" \/>\n\t<meta name=\"twitter:label2\" content=\"Availability\" \/>\n\t<meta name=\"twitter:data2\" content=\"In stock\" \/>\n<script type=\"application\/ld+json\" class=\"yoast-schema-graph\">{\"@context\":\"https:\/\/schema.org\",\"@graph\":[{\"@type\":[\"WebPage\",\"ItemPage\"],\"@id\":\"https:\/\/adventurecenter.com.ar\/product\/rafting-rio-manso-limite-con-chile\/\",\"url\":\"https:\/\/adventurecenter.com.ar\/product\/rafting-rio-manso-limite-con-chile\/\",\"name\":\"Rafting al L\u00edmite con Chile | R\u00edo Manso Clase IV desde Bariloche - Adventure Center\",\"isPartOf\":{\"@id\":\"https:\/\/adventurecenter.com.ar\/#website\"},\"primaryImageOfPage\":{\"@id\":\"https:\/\/adventurecenter.com.ar\/product\/rafting-rio-manso-limite-con-chile\/#primaryimage\"},\"image\":{\"@id\":\"https:\/\/adventurecenter.com.ar\/product\/rafting-rio-manso-limite-con-chile\/#primaryimage\"},\"thumbnailUrl\":\"https:\/\/adventurecenter.com.ar\/wp-content\/uploads\/2025\/03\/1-B-RaftingLightrioManso_image4_1140_1601836150-copia-scaled.jpg\",\"datePublished\":\"2025-03-20T23:35:21+00:00\",\"dateModified\":\"2026-04-14T14:58:19+00:00\",\"description\":\"Rafting R\u00edo Manso al l\u00edmite con Chile. R\u00e1pidos clase III-IV y ensue\u00f1o patag\u00f3nico. Incluye traslado desde Bariloche. Reserv\u00e1 tu aventura.\",\"breadcrumb\":{\"@id\":\"https:\/\/adventurecenter.com.ar\/product\/rafting-rio-manso-limite-con-chile\/#breadcrumb\"},\"inLanguage\":\"en-US\",\"potentialAction\":[{\"@type\":\"ReadAction\",\"target\":[\"https:\/\/adventurecenter.com.ar\/product\/rafting-rio-manso-limite-con-chile\/\"]}]},{\"@type\":\"ImageObject\",\"inLanguage\":\"en-US\",\"@id\":\"https:\/\/adventurecenter.com.ar\/product\/rafting-rio-manso-limite-con-chile\/#primaryimage\",\"url\":\"https:\/\/adventurecenter.com.ar\/wp-content\/uploads\/2025\/03\/1-B-RaftingLightrioManso_image4_1140_1601836150-copia-scaled.jpg\",\"contentUrl\":\"https:\/\/adventurecenter.com.ar\/wp-content\/uploads\/2025\/03\/1-B-RaftingLightrioManso_image4_1140_1601836150-copia-scaled.jpg\",\"width\":1920,\"height\":2560},{\"@type\":\"BreadcrumbList\",\"@id\":\"https:\/\/adventurecenter.com.ar\/product\/rafting-rio-manso-limite-con-chile\/#breadcrumb\",\"itemListElement\":[{\"@type\":\"ListItem\",\"position\":1,\"name\":\"Home\",\"item\":\"https:\/\/adventurecenter.com.ar\/\"},{\"@type\":\"ListItem\",\"position\":2,\"name\":\"Lista de excursiones\",\"item\":\"https:\/\/adventurecenter.com.ar\/shop\/\"},{\"@type\":\"ListItem\",\"position\":3,\"name\":\"Rafting al l\u00edmite con Chile con traslado\"}]},{\"@type\":\"WebSite\",\"@id\":\"https:\/\/adventurecenter.com.ar\/#website\",\"url\":\"https:\/\/adventurecenter.com.ar\/\",\"name\":\"Adventure Center\",\"description\":\"Turismo en Bariloche Patagonia Argentina\",\"publisher\":{\"@id\":\"https:\/\/adventurecenter.com.ar\/#organization\"},\"potentialAction\":[{\"@type\":\"SearchAction\",\"target\":{\"@type\":\"EntryPoint\",\"urlTemplate\":\"https:\/\/adventurecenter.com.ar\/?s={search_term_string}\"},\"query-input\":{\"@type\":\"PropertyValueSpecification\",\"valueRequired\":true,\"valueName\":\"search_term_string\"}}],\"inLanguage\":\"en-US\"},{\"@type\":\"Organization\",\"@id\":\"https:\/\/adventurecenter.com.ar\/#organization\",\"name\":\"Adventure Center\",\"url\":\"https:\/\/adventurecenter.com.ar\/\",\"logo\":{\"@type\":\"ImageObject\",\"inLanguage\":\"en-US\",\"@id\":\"https:\/\/adventurecenter.com.ar\/#\/schema\/logo\/image\/\",\"url\":\"https:\/\/adventurecenter.com.ar\/wp-content\/uploads\/2022\/10\/logo-definitivo-copia.png\",\"contentUrl\":\"https:\/\/adventurecenter.com.ar\/wp-content\/uploads\/2022\/10\/logo-definitivo-copia.png\",\"width\":150,\"height\":55,\"caption\":\"Adventure Center\"},\"image\":{\"@id\":\"https:\/\/adventurecenter.com.ar\/#\/schema\/logo\/image\/\"}}]}<\/script>\n<meta property=\"product:price:amount\" content=\"155400.00\" \/>\n<meta property=\"product:price:currency\" content=\"ARS\" \/>\n<meta property=\"og:availability\" content=\"instock\" \/>\n<meta property=\"product:availability\" content=\"instock\" \/>\n<meta property=\"product:retailer_item_id\" content=\"ADV2025RAALL\u00cd7HIR\" \/>\n<meta property=\"product:condition\" content=\"new\" \/>\n<!-- \/ Yoast SEO Premium plugin. -->","yoast_head_json":{"title":"Rafting to the Chilean Border | Manso River Class IV from Bariloche - Adventure Center","description":"Rafting Manso River to the border with Chile. Class III-IV rapids and Patagonian dream. Includes transfer from Bariloche. Book your adventure.","robots":{"index":"index","follow":"follow","max-snippet":"max-snippet:-1","max-image-preview":"max-image-preview:large","max-video-preview":"max-video-preview:-1"},"canonical":"https:\/\/adventurecenter.com.ar\/en\/product\/rafting-manso-river-border-with-chile\/","og_locale":"en_US","og_type":"article","og_title":"Rafting al l\u00edmite con Chile con traslado","og_description":"Rafting R\u00edo Manso al l\u00edmite con Chile. R\u00e1pidos clase III-IV y ensue\u00f1o patag\u00f3nico. Incluye traslado desde Bariloche. Reserv\u00e1 tu aventura.","og_url":"https:\/\/adventurecenter.com.ar\/en\/product\/rafting-manso-river-border-with-chile\/","og_site_name":"Adventure Center","article_modified_time":"2026-04-14T14:58:19+00:00","og_image":[{"width":1920,"height":2560,"url":"https:\/\/adventurecenter.com.ar\/wp-content\/uploads\/2025\/03\/1-B-RaftingLightrioManso_image4_1140_1601836150-copia-scaled.jpg","type":"image\/jpeg"}],"twitter_card":"summary_large_image","twitter_misc":{"Price":"&#36;&nbsp;155.400,00","Availability":"In stock"},"schema":{"@context":"https:\/\/schema.org","@graph":[{"@type":["WebPage","ItemPage"],"@id":"https:\/\/adventurecenter.com.ar\/product\/rafting-rio-manso-limite-con-chile\/","url":"https:\/\/adventurecenter.com.ar\/product\/rafting-rio-manso-limite-con-chile\/","name":"Rafting to the Chilean Border | Manso River Class IV from Bariloche - Adventure Center","isPartOf":{"@id":"https:\/\/adventurecenter.com.ar\/#website"},"primaryImageOfPage":{"@id":"https:\/\/adventurecenter.com.ar\/product\/rafting-rio-manso-limite-con-chile\/#primaryimage"},"image":{"@id":"https:\/\/adventurecenter.com.ar\/product\/rafting-rio-manso-limite-con-chile\/#primaryimage"},"thumbnailUrl":"https:\/\/adventurecenter.com.ar\/wp-content\/uploads\/2025\/03\/1-B-RaftingLightrioManso_image4_1140_1601836150-copia-scaled.jpg","datePublished":"2025-03-20T23:35:21+00:00","dateModified":"2026-04-14T14:58:19+00:00","description":"Rafting Manso River to the border with Chile. Class III-IV rapids and Patagonian dream. Includes transfer from Bariloche. Book your adventure.","breadcrumb":{"@id":"https:\/\/adventurecenter.com.ar\/product\/rafting-rio-manso-limite-con-chile\/#breadcrumb"},"inLanguage":"en-US","potentialAction":[{"@type":"ReadAction","target":["https:\/\/adventurecenter.com.ar\/product\/rafting-rio-manso-limite-con-chile\/"]}]},{"@type":"ImageObject","inLanguage":"en-US","@id":"https:\/\/adventurecenter.com.ar\/product\/rafting-rio-manso-limite-con-chile\/#primaryimage","url":"https:\/\/adventurecenter.com.ar\/wp-content\/uploads\/2025\/03\/1-B-RaftingLightrioManso_image4_1140_1601836150-copia-scaled.jpg","contentUrl":"https:\/\/adventurecenter.com.ar\/wp-content\/uploads\/2025\/03\/1-B-RaftingLightrioManso_image4_1140_1601836150-copia-scaled.jpg","width":1920,"height":2560},{"@type":"BreadcrumbList","@id":"https:\/\/adventurecenter.com.ar\/product\/rafting-rio-manso-limite-con-chile\/#breadcrumb","itemListElement":[{"@type":"ListItem","position":1,"name":"Home","item":"https:\/\/adventurecenter.com.ar\/"},{"@type":"ListItem","position":2,"name":"Lista de excursiones","item":"https:\/\/adventurecenter.com.ar\/shop\/"},{"@type":"ListItem","position":3,"name":"Rafting al l\u00edmite con Chile con traslado"}]},{"@type":"WebSite","@id":"https:\/\/adventurecenter.com.ar\/#website","url":"https:\/\/adventurecenter.com.ar\/","name":"Adventure Center","description":"Tourism in Bariloche Patagonia Argentina","publisher":{"@id":"https:\/\/adventurecenter.com.ar\/#organization"},"potentialAction":[{"@type":"SearchAction","target":{"@type":"EntryPoint","urlTemplate":"https:\/\/adventurecenter.com.ar\/?s={search_term_string}"},"query-input":{"@type":"PropertyValueSpecification","valueRequired":true,"valueName":"search_term_string"}}],"inLanguage":"en-US"},{"@type":"Organization","@id":"https:\/\/adventurecenter.com.ar\/#organization","name":"Adventure Center","url":"https:\/\/adventurecenter.com.ar\/","logo":{"@type":"ImageObject","inLanguage":"en-US","@id":"https:\/\/adventurecenter.com.ar\/#\/schema\/logo\/image\/","url":"https:\/\/adventurecenter.com.ar\/wp-content\/uploads\/2022\/10\/logo-definitivo-copia.png","contentUrl":"https:\/\/adventurecenter.com.ar\/wp-content\/uploads\/2022\/10\/logo-definitivo-copia.png","width":150,"height":55,"caption":"Adventure Center"},"image":{"@id":"https:\/\/adventurecenter.com.ar\/#\/schema\/logo\/image\/"}}]},"product_price_amount":"155400.00","product_price_currency":"ARS","og_availability":"instock","product_availability":"instock","product_retailer_item_id":"ADV2025RAALL\u00cd7HIR","product_condition":"new"},"_links":{"self":[{"href":"https:\/\/adventurecenter.com.ar\/en\/wp-json\/wp\/v2\/product\/376946","targetHints":{"allow":["GET"]}}],"collection":[{"href":"https:\/\/adventurecenter.com.ar\/en\/wp-json\/wp\/v2\/product"}],"about":[{"href":"https:\/\/adventurecenter.com.ar\/en\/wp-json\/wp\/v2\/types\/product"}],"replies":[{"embeddable":true,"href":"https:\/\/adventurecenter.com.ar\/en\/wp-json\/wp\/v2\/comments?post=376946"}],"wp:featuredmedia":[{"embeddable":true,"href":"https:\/\/adventurecenter.com.ar\/en\/wp-json\/wp\/v2\/media\/379553"}],"wp:attachment":[{"href":"https:\/\/adventurecenter.com.ar\/en\/wp-json\/wp\/v2\/media?parent=376946"}],"wp:term":[{"taxonomy":"product_brand","embeddable":true,"href":"https:\/\/adventurecenter.com.ar\/en\/wp-json\/wp\/v2\/product_brand?post=376946"},{"taxonomy":"product_cat","embeddable":true,"href":"https:\/\/adventurecenter.com.ar\/en\/wp-json\/wp\/v2\/product_cat?post=376946"},{"taxonomy":"product_tag","embeddable":true,"href":"https:\/\/adventurecenter.com.ar\/en\/wp-json\/wp\/v2\/product_tag?post=376946"}],"curies":[{"name":"wp","href":"https:\/\/api.w.org\/{rel}","templated":true}]}}