{"id":376945,"date":"2025-03-20T20:35:07","date_gmt":"2025-03-20T23:35:07","guid":{"rendered":"https:\/\/adventurecenter.com.ar\/?post_type=product&#038;p=376945"},"modified":"2026-04-14T11:59:00","modified_gmt":"2026-04-14T14:59:00","slug":"rafting-rio-manso-limite-chile-sin-traslado","status":"publish","type":"product","link":"https:\/\/adventurecenter.com.ar\/en\/product\/rafting-manso-river-limit-chile-without-transfer\/","title":{"rendered":"Rafting to the border with Chile No transfer"},"content":{"rendered":"<h2>Fluvial Exploration in the Border with Chile<\/h2>\n<p>Get ready to experience a <strong>exciting rafting day<\/strong> that will connect you with nature in its maximum expression. In this tour, we highlight the majesty of the Manso River, where the rapids of level <strong>3 y 4<\/strong> are the protagonists, taking the adventure to the Chilean border.<\/p>\n<h3>Beginning of the Experience<\/h3>\n<p>The day begins at our designated meeting point. Before starting, our expert guides will provide you with the necessary equipment: wetsuits, helmets and life jackets, always prioritizing your safety.<\/p>\n<h3>Manso River Navigation<\/h3>\n<ul>\n<li><strong>Route:<\/strong> An aquatic tour of <strong>10 km<\/strong> on the Manso River, with an approximate duration of <strong>2 hours<\/strong>.<\/li>\n<li><strong>Intensity:<\/strong> Descend through throbbing category rapids <strong>III\/IV<\/strong>.<\/li>\n<li>Once we reach the border with Chile, we will organize the transfer back to the starting point.<\/li>\n<\/ul>\n<h3>Gastronomic Proposals<\/h3>\n<p>At the end of the activity, you may choose to have lunch at the parador. This is not included in the cost of the excursion, but we offer options of <strong>roasted<\/strong>, <strong>pasta<\/strong> or salad, each with an additional price.<\/p>\n<h3>Suggestions for Participants<\/h3>\n<ul>\n<li>Activity aimed at <strong>youth and adults<\/strong> as of <strong>14 years<\/strong>.<\/li>\n<li>We recommend carrying a <strong>towel<\/strong> and change of clothes for after the excursion.<\/li>\n<\/ul>\n<h3>Details for the Non-Transfer Modality<\/h3>\n<p>For those who choose the option without transportation, the meeting point is at our parador, located at the <strong data-start=\"372\" data-end=\"389\">Villegas Base<\/strong>, on the <strong data-start=\"400\" data-end=\"417\">Route 83, Km 1, San Carlos de Bariloche, R\u00edo Negro.\u00a0<\/strong>.<br data-start=\"418\" data-end=\"421\" \/>\ud83d\udccdLocation on Google Maps: <a class=\"\" href=\"https:\/\/maps.app.goo.gl\/NqbsUN6VB5Fnt7hVA\" target=\"_new\" rel=\"noopener\" data-start=\"449\" data-end=\"535\">https:\/\/maps.app.goo.gl\/NqbsUN6VB5Fnt7hVA<\/a><\/p>\n<h3>Essential Information<\/h3>\n<ul>\n<li><strong>Duration:<\/strong> From the <strong>9:00 a.m. to 6:00 p.m.<\/strong> approximately.<\/li>\n<li><strong>Includes:<\/strong> Rafting activity, full breakfast and equipment (wetsuit, vest, waterproof jacket, neoprene shoes, paddle and helmet).<\/li>\n<li><strong>Does not include:<\/strong> Transfer, search in lodging, lunch and breakfast.<\/li>\n<\/ul>\n<h2>Frequently Asked Questions<\/h2>\n<ul>\n<li><strong>What is the minimum age to participate?<\/strong><br \/>\nThe activity is designed for people from 14 years of age.<\/li>\n<li><strong>What type of equipment is provided?<\/strong><br \/>\nWe provide wetsuits, life jackets, helmets, boots and paddles.<\/li>\n<li><strong>Is lunch included in the price?<\/strong><br \/>\nNo, lunch is not included; however, you can enjoy various options at an additional cost.<\/li>\n<li><strong>Where is the meeting point?<\/strong><br \/>\nIf you choose the option without relocation, you must contact the <strong data-start=\"372\" data-end=\"389\">Villegas Base<\/strong>, on the <strong data-start=\"400\" data-end=\"417\">Route 83, Km 1, San Carlos de Bariloche, R\u00edo Negro.<br \/>\nLocation on Google Maps: <a class=\"\" href=\"https:\/\/maps.app.goo.gl\/NqbsUN6VB5Fnt7hVA\" target=\"_new\" rel=\"noopener\" data-start=\"449\" data-end=\"535\">https:\/\/maps.app.goo.gl\/NqbsUN6VB5Fnt7hVA<\/a><br \/>\n<\/strong><\/li>\n<\/ul>\n<p><strong>Important Notice<\/strong>This tour is currently available and has departures until April 30, according to the operating calendar.<\/p>","protected":false},"excerpt":{"rendered":"<p>Experience the thrill of navigating the Manso River without the inconvenience of transfers. This adventure offers adrenaline and splendid scenery, ideal for those who are at least 14 years old.<\/p>","protected":false},"featured_media":379552,"comment_status":"open","ping_status":"closed","template":"","meta":[],"product_brand":[],"product_cat":[85,84,79,82,101,81,80],"product_tag":[],"class_list":{"0":"post-376945","1":"product","2":"type-product","3":"status-publish","4":"has-post-thumbnail","6":"product_cat-adultos","7":"product_cat-aventura","8":"product_cat-familia","9":"product_cat-primavera","10":"product_cat-sin-comida","11":"product_cat-sin-traslado","12":"product_cat-verano","14":"first","15":"instock","16":"virtual","17":"sold-individually","18":"purchasable","19":"product-type-booking"},"booking_location":"","booking_location_type":"","booking_duration":1,"booking_duration_unit":"hour","booking_buffer":0,"booking_cost":0,"booking_resources":[],"exclude_global_add_ons":false,"addons":[{"name":"ADU | Adult","type":"input_multiplier","position":0,"required":false,"title_format":"label","default":"","description_enable":false,"description":"","placeholder_enable":false,"placeholder":"","display":"select","restrictions_type":"any_text","adjust_price":true,"price":"140400","price_type":"quantity_based","restrictions":false,"min":"0","max":"0","options":[],"id":1773236380},{"name":"EXTRA | Companion","type":"input_multiplier","position":1,"required":false,"title_format":"label","default":"","description_enable":false,"description":"","placeholder_enable":false,"placeholder":"","display":"select","restrictions_type":"any_text","adjust_price":true,"price":"70200","price_type":"quantity_based","restrictions":false,"min":"0","max":"0","options":[],"id":1773236381},{"name":"MEN1418 | from 14 to 18","type":"input_multiplier","position":2,"required":false,"title_format":"label","default":"","description_enable":false,"description":"","placeholder_enable":false,"placeholder":"","display":"select","restrictions_type":"any_text","adjust_price":true,"price":"140400","price_type":"quantity_based","restrictions":false,"min":"0","max":"0","options":[],"id":1773236382}],"yoast_head":"<!-- This site is optimized with the Yoast SEO Premium plugin v24.5 (Yoast SEO v24.8) - https:\/\/yoast.com\/wordpress\/plugins\/seo\/ -->\n<title>Rafting R\u00edo Manso L\u00edmite con Chile | Sin traslado Bariloche - Adventure Center<\/title>\n<meta name=\"description\" content=\"Rafting R\u00edo Manso sin traslado. R\u00e1pidos clase III-IV y almuerzo opcional en la frontera con Chile. Aventura imperdible desde Bariloche.\" \/>\n<meta name=\"robots\" content=\"index, follow, max-snippet:-1, max-image-preview:large, max-video-preview:-1\" \/>\n<link rel=\"canonical\" href=\"https:\/\/adventurecenter.com.ar\/en\/product\/rafting-manso-river-limit-chile-without-transfer\/\" \/>\n<meta property=\"og:locale\" content=\"en_US\" \/>\n<meta property=\"og:type\" content=\"article\" \/>\n<meta property=\"og:title\" content=\"Rafting al l\u00edmite con Chile Sin traslado\" \/>\n<meta property=\"og:description\" content=\"Rafting R\u00edo Manso sin traslado. R\u00e1pidos clase III-IV y almuerzo opcional en la frontera con Chile. Aventura imperdible desde Bariloche.\" \/>\n<meta property=\"og:url\" content=\"https:\/\/adventurecenter.com.ar\/en\/product\/rafting-manso-river-limit-chile-without-transfer\/\" \/>\n<meta property=\"og:site_name\" content=\"Adventure Center\" \/>\n<meta property=\"article:modified_time\" content=\"2026-04-14T14:59:00+00:00\" \/>\n<meta property=\"og:image\" content=\"https:\/\/adventurecenter.com.ar\/wp-content\/uploads\/2025\/03\/1-C-RaftingAlLimiteconChile_image7_1140_1601674682-copia-1-scaled.jpg\" \/>\n\t<meta property=\"og:image:width\" content=\"1920\" \/>\n\t<meta property=\"og:image:height\" content=\"2560\" \/>\n\t<meta property=\"og:image:type\" content=\"image\/jpeg\" \/>\n<meta name=\"twitter:card\" content=\"summary_large_image\" \/>\n<meta name=\"twitter:label1\" content=\"Price\" \/>\n\t<meta name=\"twitter:data1\" content=\"&#036;&nbsp;140.400,00\" \/>\n\t<meta name=\"twitter:label2\" content=\"Availability\" \/>\n\t<meta name=\"twitter:data2\" content=\"In stock\" \/>\n<script type=\"application\/ld+json\" class=\"yoast-schema-graph\">{\"@context\":\"https:\/\/schema.org\",\"@graph\":[{\"@type\":[\"WebPage\",\"ItemPage\"],\"@id\":\"https:\/\/adventurecenter.com.ar\/product\/rafting-rio-manso-limite-chile-sin-traslado\/\",\"url\":\"https:\/\/adventurecenter.com.ar\/product\/rafting-rio-manso-limite-chile-sin-traslado\/\",\"name\":\"Rafting R\u00edo Manso L\u00edmite con Chile | Sin traslado Bariloche - Adventure Center\",\"isPartOf\":{\"@id\":\"https:\/\/adventurecenter.com.ar\/#website\"},\"primaryImageOfPage\":{\"@id\":\"https:\/\/adventurecenter.com.ar\/product\/rafting-rio-manso-limite-chile-sin-traslado\/#primaryimage\"},\"image\":{\"@id\":\"https:\/\/adventurecenter.com.ar\/product\/rafting-rio-manso-limite-chile-sin-traslado\/#primaryimage\"},\"thumbnailUrl\":\"https:\/\/adventurecenter.com.ar\/wp-content\/uploads\/2025\/03\/1-C-RaftingAlLimiteconChile_image7_1140_1601674682-copia-1-scaled.jpg\",\"datePublished\":\"2025-03-20T23:35:07+00:00\",\"dateModified\":\"2026-04-14T14:59:00+00:00\",\"description\":\"Rafting R\u00edo Manso sin traslado. R\u00e1pidos clase III-IV y almuerzo opcional en la frontera con Chile. Aventura imperdible desde Bariloche.\",\"breadcrumb\":{\"@id\":\"https:\/\/adventurecenter.com.ar\/product\/rafting-rio-manso-limite-chile-sin-traslado\/#breadcrumb\"},\"inLanguage\":\"en-US\",\"potentialAction\":[{\"@type\":\"ReadAction\",\"target\":[\"https:\/\/adventurecenter.com.ar\/product\/rafting-rio-manso-limite-chile-sin-traslado\/\"]}]},{\"@type\":\"ImageObject\",\"inLanguage\":\"en-US\",\"@id\":\"https:\/\/adventurecenter.com.ar\/product\/rafting-rio-manso-limite-chile-sin-traslado\/#primaryimage\",\"url\":\"https:\/\/adventurecenter.com.ar\/wp-content\/uploads\/2025\/03\/1-C-RaftingAlLimiteconChile_image7_1140_1601674682-copia-1-scaled.jpg\",\"contentUrl\":\"https:\/\/adventurecenter.com.ar\/wp-content\/uploads\/2025\/03\/1-C-RaftingAlLimiteconChile_image7_1140_1601674682-copia-1-scaled.jpg\",\"width\":1920,\"height\":2560},{\"@type\":\"BreadcrumbList\",\"@id\":\"https:\/\/adventurecenter.com.ar\/product\/rafting-rio-manso-limite-chile-sin-traslado\/#breadcrumb\",\"itemListElement\":[{\"@type\":\"ListItem\",\"position\":1,\"name\":\"Home\",\"item\":\"https:\/\/adventurecenter.com.ar\/\"},{\"@type\":\"ListItem\",\"position\":2,\"name\":\"Lista de excursiones\",\"item\":\"https:\/\/adventurecenter.com.ar\/shop\/\"},{\"@type\":\"ListItem\",\"position\":3,\"name\":\"Rafting al l\u00edmite con Chile Sin traslado\"}]},{\"@type\":\"WebSite\",\"@id\":\"https:\/\/adventurecenter.com.ar\/#website\",\"url\":\"https:\/\/adventurecenter.com.ar\/\",\"name\":\"Adventure Center\",\"description\":\"Turismo en Bariloche Patagonia Argentina\",\"publisher\":{\"@id\":\"https:\/\/adventurecenter.com.ar\/#organization\"},\"potentialAction\":[{\"@type\":\"SearchAction\",\"target\":{\"@type\":\"EntryPoint\",\"urlTemplate\":\"https:\/\/adventurecenter.com.ar\/?s={search_term_string}\"},\"query-input\":{\"@type\":\"PropertyValueSpecification\",\"valueRequired\":true,\"valueName\":\"search_term_string\"}}],\"inLanguage\":\"en-US\"},{\"@type\":\"Organization\",\"@id\":\"https:\/\/adventurecenter.com.ar\/#organization\",\"name\":\"Adventure Center\",\"url\":\"https:\/\/adventurecenter.com.ar\/\",\"logo\":{\"@type\":\"ImageObject\",\"inLanguage\":\"en-US\",\"@id\":\"https:\/\/adventurecenter.com.ar\/#\/schema\/logo\/image\/\",\"url\":\"https:\/\/adventurecenter.com.ar\/wp-content\/uploads\/2022\/10\/logo-definitivo-copia.png\",\"contentUrl\":\"https:\/\/adventurecenter.com.ar\/wp-content\/uploads\/2022\/10\/logo-definitivo-copia.png\",\"width\":150,\"height\":55,\"caption\":\"Adventure Center\"},\"image\":{\"@id\":\"https:\/\/adventurecenter.com.ar\/#\/schema\/logo\/image\/\"}}]}<\/script>\n<meta property=\"product:price:amount\" content=\"140400.00\" \/>\n<meta property=\"product:price:currency\" content=\"ARS\" \/>\n<meta property=\"og:availability\" content=\"instock\" \/>\n<meta property=\"product:availability\" content=\"instock\" \/>\n<meta property=\"product:retailer_item_id\" content=\"ADV2025RAALL\u00cd530P\" \/>\n<meta property=\"product:condition\" content=\"new\" \/>\n<!-- \/ Yoast SEO Premium plugin. -->","yoast_head_json":{"title":"Rafting Manso River - Border with Chile | No transfer Bariloche - Adventure Center","description":"Rafting Manso River without transfer. Class III-IV rapids and optional lunch at the border with Chile. Unmissable adventure from Bariloche.","robots":{"index":"index","follow":"follow","max-snippet":"max-snippet:-1","max-image-preview":"max-image-preview:large","max-video-preview":"max-video-preview:-1"},"canonical":"https:\/\/adventurecenter.com.ar\/en\/product\/rafting-manso-river-limit-chile-without-transfer\/","og_locale":"en_US","og_type":"article","og_title":"Rafting al l\u00edmite con Chile Sin traslado","og_description":"Rafting R\u00edo Manso sin traslado. R\u00e1pidos clase III-IV y almuerzo opcional en la frontera con Chile. Aventura imperdible desde Bariloche.","og_url":"https:\/\/adventurecenter.com.ar\/en\/product\/rafting-manso-river-limit-chile-without-transfer\/","og_site_name":"Adventure Center","article_modified_time":"2026-04-14T14:59:00+00:00","og_image":[{"width":1920,"height":2560,"url":"https:\/\/adventurecenter.com.ar\/wp-content\/uploads\/2025\/03\/1-C-RaftingAlLimiteconChile_image7_1140_1601674682-copia-1-scaled.jpg","type":"image\/jpeg"}],"twitter_card":"summary_large_image","twitter_misc":{"Price":"&#36;&nbsp;140.400,00","Availability":"In stock"},"schema":{"@context":"https:\/\/schema.org","@graph":[{"@type":["WebPage","ItemPage"],"@id":"https:\/\/adventurecenter.com.ar\/product\/rafting-rio-manso-limite-chile-sin-traslado\/","url":"https:\/\/adventurecenter.com.ar\/product\/rafting-rio-manso-limite-chile-sin-traslado\/","name":"Rafting Manso River - Border with Chile | No transfer Bariloche - Adventure Center","isPartOf":{"@id":"https:\/\/adventurecenter.com.ar\/#website"},"primaryImageOfPage":{"@id":"https:\/\/adventurecenter.com.ar\/product\/rafting-rio-manso-limite-chile-sin-traslado\/#primaryimage"},"image":{"@id":"https:\/\/adventurecenter.com.ar\/product\/rafting-rio-manso-limite-chile-sin-traslado\/#primaryimage"},"thumbnailUrl":"https:\/\/adventurecenter.com.ar\/wp-content\/uploads\/2025\/03\/1-C-RaftingAlLimiteconChile_image7_1140_1601674682-copia-1-scaled.jpg","datePublished":"2025-03-20T23:35:07+00:00","dateModified":"2026-04-14T14:59:00+00:00","description":"Rafting Manso River without transfer. Class III-IV rapids and optional lunch at the border with Chile. Unmissable adventure from Bariloche.","breadcrumb":{"@id":"https:\/\/adventurecenter.com.ar\/product\/rafting-rio-manso-limite-chile-sin-traslado\/#breadcrumb"},"inLanguage":"en-US","potentialAction":[{"@type":"ReadAction","target":["https:\/\/adventurecenter.com.ar\/product\/rafting-rio-manso-limite-chile-sin-traslado\/"]}]},{"@type":"ImageObject","inLanguage":"en-US","@id":"https:\/\/adventurecenter.com.ar\/product\/rafting-rio-manso-limite-chile-sin-traslado\/#primaryimage","url":"https:\/\/adventurecenter.com.ar\/wp-content\/uploads\/2025\/03\/1-C-RaftingAlLimiteconChile_image7_1140_1601674682-copia-1-scaled.jpg","contentUrl":"https:\/\/adventurecenter.com.ar\/wp-content\/uploads\/2025\/03\/1-C-RaftingAlLimiteconChile_image7_1140_1601674682-copia-1-scaled.jpg","width":1920,"height":2560},{"@type":"BreadcrumbList","@id":"https:\/\/adventurecenter.com.ar\/product\/rafting-rio-manso-limite-chile-sin-traslado\/#breadcrumb","itemListElement":[{"@type":"ListItem","position":1,"name":"Home","item":"https:\/\/adventurecenter.com.ar\/"},{"@type":"ListItem","position":2,"name":"Lista de excursiones","item":"https:\/\/adventurecenter.com.ar\/shop\/"},{"@type":"ListItem","position":3,"name":"Rafting al l\u00edmite con Chile Sin traslado"}]},{"@type":"WebSite","@id":"https:\/\/adventurecenter.com.ar\/#website","url":"https:\/\/adventurecenter.com.ar\/","name":"Adventure Center","description":"Tourism in Bariloche Patagonia Argentina","publisher":{"@id":"https:\/\/adventurecenter.com.ar\/#organization"},"potentialAction":[{"@type":"SearchAction","target":{"@type":"EntryPoint","urlTemplate":"https:\/\/adventurecenter.com.ar\/?s={search_term_string}"},"query-input":{"@type":"PropertyValueSpecification","valueRequired":true,"valueName":"search_term_string"}}],"inLanguage":"en-US"},{"@type":"Organization","@id":"https:\/\/adventurecenter.com.ar\/#organization","name":"Adventure Center","url":"https:\/\/adventurecenter.com.ar\/","logo":{"@type":"ImageObject","inLanguage":"en-US","@id":"https:\/\/adventurecenter.com.ar\/#\/schema\/logo\/image\/","url":"https:\/\/adventurecenter.com.ar\/wp-content\/uploads\/2022\/10\/logo-definitivo-copia.png","contentUrl":"https:\/\/adventurecenter.com.ar\/wp-content\/uploads\/2022\/10\/logo-definitivo-copia.png","width":150,"height":55,"caption":"Adventure Center"},"image":{"@id":"https:\/\/adventurecenter.com.ar\/#\/schema\/logo\/image\/"}}]},"product_price_amount":"140400.00","product_price_currency":"ARS","og_availability":"instock","product_availability":"instock","product_retailer_item_id":"ADV2025RAALL\u00cd530P","product_condition":"new"},"_links":{"self":[{"href":"https:\/\/adventurecenter.com.ar\/en\/wp-json\/wp\/v2\/product\/376945","targetHints":{"allow":["GET"]}}],"collection":[{"href":"https:\/\/adventurecenter.com.ar\/en\/wp-json\/wp\/v2\/product"}],"about":[{"href":"https:\/\/adventurecenter.com.ar\/en\/wp-json\/wp\/v2\/types\/product"}],"replies":[{"embeddable":true,"href":"https:\/\/adventurecenter.com.ar\/en\/wp-json\/wp\/v2\/comments?post=376945"}],"wp:featuredmedia":[{"embeddable":true,"href":"https:\/\/adventurecenter.com.ar\/en\/wp-json\/wp\/v2\/media\/379552"}],"wp:attachment":[{"href":"https:\/\/adventurecenter.com.ar\/en\/wp-json\/wp\/v2\/media?parent=376945"}],"wp:term":[{"taxonomy":"product_brand","embeddable":true,"href":"https:\/\/adventurecenter.com.ar\/en\/wp-json\/wp\/v2\/product_brand?post=376945"},{"taxonomy":"product_cat","embeddable":true,"href":"https:\/\/adventurecenter.com.ar\/en\/wp-json\/wp\/v2\/product_cat?post=376945"},{"taxonomy":"product_tag","embeddable":true,"href":"https:\/\/adventurecenter.com.ar\/en\/wp-json\/wp\/v2\/product_tag?post=376945"}],"curies":[{"name":"wp","href":"https:\/\/api.w.org\/{rel}","templated":true}]}}