{"id":376938,"date":"2025-03-20T20:33:15","date_gmt":"2025-03-20T23:33:15","guid":{"rendered":"https:\/\/adventurecenter.com.ar\/?post_type=product&#038;p=376938"},"modified":"2026-04-09T09:13:42","modified_gmt":"2026-04-09T12:13:42","slug":"puerto-blest-cascada-los-cantaros-bariloche","status":"publish","type":"product","link":"https:\/\/adventurecenter.com.ar\/en\/product\/puerto-blest-los-cantaros-waterfall-with-transfer\/","title":{"rendered":"Puerto Blest and \"Los Cantaros\" Waterfall with transfer"},"content":{"rendered":"<h2>Explore the majesty of Puerto Blest and the waterfall \"Los C\u00e1ntaros\".<\/h2>\n<p>Immerse yourself in a unique experience in Argentine Patagonia. When you select your transfer, you will depart from the heart of Bariloche to the iconic Puerto Pa\u00f1uelo, just 25 km from downtown. On the way, let yourself be captivated by the indescribable beauty of the Andean landscape and the tranquility of the Patagonian lakes.<\/p>\n<h3>An Unforgettable Journey<\/h3>\n<p>I boarded a catamaran to set sail for about an hour. During the trip, I discovered the Centinela islet, a place full of history that houses the remains of the illustrious Perito Moreno. The tour culminates in the walkways that lead to the impressive <strong>Los C\u00e1ntaros Waterfall<\/strong>The park, with its imposing granite walls sculpted by glaciers, reflects the power of nature.<\/p>\n<h3>Charms of Puerto Blest<\/h3>\n<ul>\n<li><strong>Charming Bay:<\/strong> Admire the breathtaking views of the Bay and the green-tinted waters of Lake Frias, fed by the glaciers of the majestic Cerro Tronador.<\/li>\n<li><strong>Walks in the Valdivian Rainforest:<\/strong> Walking along its trails, you will connect with the rich biodiversity of a unique ecosystem in the world.<\/li>\n<\/ul>\n<h3>A Memorable Adventure<\/h3>\n<p>Your excursion culminates with the return through the Blest Arm, while Cerro Tronador says goodbye at sunset, providing the perfect image to remember this experience.<\/p>\n<h3>Important Details<\/h3>\n<ul>\n<li><strong>Schedule:<\/strong> From 9:00 a.m. to 5:00 p.m. approximately.<\/li>\n<li><strong>Includes:<\/strong> Round trip transfer, guided catamaran ride and guided walks in the forest.<\/li>\n<li><strong>Does not include:<\/strong> Meals (there are gastronomic options during the tour), entrance fees to National Parks and boarding fees.<\/li>\n<\/ul>\n<h3>Frequently Asked Questions<\/h3>\n<h4>Is the tour suitable for all ages?<\/h4>\n<p>Yes, the tour is designed to be enjoyed by visitors of all ages.<\/p>\n<h4>What clothes should I wear?<\/h4>\n<p>Comfortable clothing and appropriate footwear for walking are recommended, as well as a jacket for possible weather changes.<\/p>\n<h4>Is the \"Los C\u00e1ntaros\" waterfall accessible all year round?<\/h4>\n<p>Generally, the excursion is available all year round, but it is advisable to check availability during the winter season.<\/p>","protected":false},"excerpt":{"rendered":"<p>Embark on an adventure to Puerto Blest and the impressive \"Los C\u00e1ntaros\" waterfall. Sail on a catamaran on the Nahuel Huapi Lake and explore the majestic Valdivian rainforest. This trip offers unforgettable landscapes and moments of total connection with nature. Reserve your place and experience Patagonia in an incomparable way.<\/p>","protected":false},"featured_media":379186,"comment_status":"open","ping_status":"closed","template":"","meta":[],"product_brand":[],"product_cat":[85,70,79,71,73,90,101,83],"product_tag":[],"class_list":{"0":"post-376938","1":"product","2":"type-product","3":"status-publish","4":"has-post-thumbnail","6":"product_cat-adultos","7":"product_cat-con-traslado","8":"product_cat-familia","9":"product_cat-jubilados","10":"product_cat-lacustre","11":"product_cat-ninos","12":"product_cat-sin-comida","13":"product_cat-todo-el-ano","15":"first","16":"instock","17":"virtual","18":"sold-individually","19":"purchasable","20":"product-type-booking"},"booking_location":"","booking_location_type":"","booking_duration":60,"booking_duration_unit":"minute","booking_buffer":0,"booking_cost":0,"booking_resources":[],"exclude_global_add_ons":false,"addons":[{"name":"ADU | Adult","type":"input_multiplier","position":0,"required":false,"title_format":"label","default":"","description_enable":false,"description":"","placeholder_enable":false,"placeholder":"","display":"select","restrictions_type":"any_text","adjust_price":true,"price":"158000","price_type":"quantity_based","restrictions":false,"min":"0","max":"0","options":[],"id":1773234438},{"name":"MEN512 | from 5 to 12","type":"input_multiplier","position":1,"required":false,"title_format":"label","default":"","description_enable":false,"description":"","placeholder_enable":false,"placeholder":"","display":"select","restrictions_type":"any_text","adjust_price":true,"price":"92000","price_type":"quantity_based","restrictions":false,"min":"0","max":"0","options":[],"id":1773234439},{"name":"ADUJ : Retired","type":"input_multiplier","position":2,"required":false,"title_format":"label","default":"","description_enable":false,"description":"","placeholder_enable":false,"placeholder":"","display":"select","restrictions_type":"any_text","adjust_price":true,"price":"92000","price_type":"quantity_based","restrictions":false,"min":"0","max":"0","options":[],"id":1773234440}],"yoast_head":"<!-- This site is optimized with the Yoast SEO Premium plugin v24.5 (Yoast SEO v24.8) - https:\/\/yoast.com\/wordpress\/plugins\/seo\/ -->\n<title>Puerto Blest y Cascada Los C\u00e1ntaros | Excursi\u00f3n desde Bariloche - Adventure Center<\/title>\n<meta name=\"description\" content=\"Explor\u00e1 Puerto Blest y la Cascada Los C\u00e1ntaros en una excursi\u00f3n desde Bariloche. Naveg\u00e1 el Nahuel Huapi y camin\u00e1 entre alerces milenarios.\" \/>\n<meta name=\"robots\" content=\"index, follow, max-snippet:-1, max-image-preview:large, max-video-preview:-1\" \/>\n<link rel=\"canonical\" href=\"https:\/\/adventurecenter.com.ar\/en\/product\/puerto-blest-los-cantaros-waterfall-with-transfer\/\" \/>\n<meta property=\"og:locale\" content=\"en_US\" \/>\n<meta property=\"og:type\" content=\"article\" \/>\n<meta property=\"og:title\" content=\"Puerto Blest y Cascada &quot;Los Cantaros&quot; con traslado\" \/>\n<meta property=\"og:description\" content=\"Explor\u00e1 Puerto Blest y la Cascada Los C\u00e1ntaros en una excursi\u00f3n desde Bariloche. Naveg\u00e1 el Nahuel Huapi y camin\u00e1 entre alerces milenarios.\" \/>\n<meta property=\"og:url\" content=\"https:\/\/adventurecenter.com.ar\/en\/product\/puerto-blest-los-cantaros-waterfall-with-transfer\/\" \/>\n<meta property=\"og:site_name\" content=\"Adventure Center\" \/>\n<meta property=\"article:modified_time\" content=\"2026-04-09T12:13:42+00:00\" \/>\n<meta property=\"og:image\" content=\"https:\/\/adventurecenter.com.ar\/wp-content\/uploads\/2025\/03\/1-A-0211209_105801-copia-scaled.jpg\" \/>\n\t<meta property=\"og:image:width\" content=\"1848\" \/>\n\t<meta property=\"og:image:height\" content=\"2560\" \/>\n\t<meta property=\"og:image:type\" content=\"image\/jpeg\" \/>\n<meta name=\"twitter:card\" content=\"summary_large_image\" \/>\n<meta name=\"twitter:label1\" content=\"Price\" \/>\n\t<meta name=\"twitter:data1\" content=\"&#036;&nbsp;158.000,00\" \/>\n\t<meta name=\"twitter:label2\" content=\"Availability\" \/>\n\t<meta name=\"twitter:data2\" content=\"In stock\" \/>\n<script type=\"application\/ld+json\" class=\"yoast-schema-graph\">{\"@context\":\"https:\/\/schema.org\",\"@graph\":[{\"@type\":[\"WebPage\",\"ItemPage\"],\"@id\":\"https:\/\/adventurecenter.com.ar\/product\/puerto-blest-cascada-los-cantaros-bariloche\/\",\"url\":\"https:\/\/adventurecenter.com.ar\/product\/puerto-blest-cascada-los-cantaros-bariloche\/\",\"name\":\"Puerto Blest y Cascada Los C\u00e1ntaros | Excursi\u00f3n desde Bariloche - Adventure Center\",\"isPartOf\":{\"@id\":\"https:\/\/adventurecenter.com.ar\/#website\"},\"primaryImageOfPage\":{\"@id\":\"https:\/\/adventurecenter.com.ar\/product\/puerto-blest-cascada-los-cantaros-bariloche\/#primaryimage\"},\"image\":{\"@id\":\"https:\/\/adventurecenter.com.ar\/product\/puerto-blest-cascada-los-cantaros-bariloche\/#primaryimage\"},\"thumbnailUrl\":\"https:\/\/adventurecenter.com.ar\/wp-content\/uploads\/2025\/03\/1-A-0211209_105801-copia-scaled.jpg\",\"datePublished\":\"2025-03-20T23:33:15+00:00\",\"dateModified\":\"2026-04-09T12:13:42+00:00\",\"description\":\"Explor\u00e1 Puerto Blest y la Cascada Los C\u00e1ntaros en una excursi\u00f3n desde Bariloche. Naveg\u00e1 el Nahuel Huapi y camin\u00e1 entre alerces milenarios.\",\"breadcrumb\":{\"@id\":\"https:\/\/adventurecenter.com.ar\/product\/puerto-blest-cascada-los-cantaros-bariloche\/#breadcrumb\"},\"inLanguage\":\"en-US\",\"potentialAction\":[{\"@type\":\"ReadAction\",\"target\":[\"https:\/\/adventurecenter.com.ar\/product\/puerto-blest-cascada-los-cantaros-bariloche\/\"]}]},{\"@type\":\"ImageObject\",\"inLanguage\":\"en-US\",\"@id\":\"https:\/\/adventurecenter.com.ar\/product\/puerto-blest-cascada-los-cantaros-bariloche\/#primaryimage\",\"url\":\"https:\/\/adventurecenter.com.ar\/wp-content\/uploads\/2025\/03\/1-A-0211209_105801-copia-scaled.jpg\",\"contentUrl\":\"https:\/\/adventurecenter.com.ar\/wp-content\/uploads\/2025\/03\/1-A-0211209_105801-copia-scaled.jpg\",\"width\":1848,\"height\":2560},{\"@type\":\"BreadcrumbList\",\"@id\":\"https:\/\/adventurecenter.com.ar\/product\/puerto-blest-cascada-los-cantaros-bariloche\/#breadcrumb\",\"itemListElement\":[{\"@type\":\"ListItem\",\"position\":1,\"name\":\"Home\",\"item\":\"https:\/\/adventurecenter.com.ar\/\"},{\"@type\":\"ListItem\",\"position\":2,\"name\":\"Lista de excursiones\",\"item\":\"https:\/\/adventurecenter.com.ar\/shop\/\"},{\"@type\":\"ListItem\",\"position\":3,\"name\":\"Puerto Blest y Cascada \u00abLos Cantaros\u00bb con traslado\"}]},{\"@type\":\"WebSite\",\"@id\":\"https:\/\/adventurecenter.com.ar\/#website\",\"url\":\"https:\/\/adventurecenter.com.ar\/\",\"name\":\"Adventure Center\",\"description\":\"Turismo en Bariloche Patagonia Argentina\",\"publisher\":{\"@id\":\"https:\/\/adventurecenter.com.ar\/#organization\"},\"potentialAction\":[{\"@type\":\"SearchAction\",\"target\":{\"@type\":\"EntryPoint\",\"urlTemplate\":\"https:\/\/adventurecenter.com.ar\/?s={search_term_string}\"},\"query-input\":{\"@type\":\"PropertyValueSpecification\",\"valueRequired\":true,\"valueName\":\"search_term_string\"}}],\"inLanguage\":\"en-US\"},{\"@type\":\"Organization\",\"@id\":\"https:\/\/adventurecenter.com.ar\/#organization\",\"name\":\"Adventure Center\",\"url\":\"https:\/\/adventurecenter.com.ar\/\",\"logo\":{\"@type\":\"ImageObject\",\"inLanguage\":\"en-US\",\"@id\":\"https:\/\/adventurecenter.com.ar\/#\/schema\/logo\/image\/\",\"url\":\"https:\/\/adventurecenter.com.ar\/wp-content\/uploads\/2022\/10\/logo-definitivo-copia.png\",\"contentUrl\":\"https:\/\/adventurecenter.com.ar\/wp-content\/uploads\/2022\/10\/logo-definitivo-copia.png\",\"width\":150,\"height\":55,\"caption\":\"Adventure Center\"},\"image\":{\"@id\":\"https:\/\/adventurecenter.com.ar\/#\/schema\/logo\/image\/\"}}]}<\/script>\n<meta property=\"product:price:amount\" content=\"158000.00\" \/>\n<meta property=\"product:price:currency\" content=\"ARS\" \/>\n<meta property=\"og:availability\" content=\"instock\" \/>\n<meta property=\"product:availability\" content=\"instock\" \/>\n<meta property=\"product:retailer_item_id\" content=\"ADV2025PUBLYCO2Q8\" \/>\n<meta property=\"product:condition\" content=\"new\" \/>\n<!-- \/ Yoast SEO Premium plugin. -->","yoast_head_json":{"title":"Puerto Blest and Los C\u00e1ntaros Waterfall - Excursion from Bariloche - Adventure Center","description":"Explore Puerto Blest and Los C\u00e1ntaros Waterfall on an excursion from Bariloche. Navigate the Nahuel Huapi and walk among millenary alerce trees.","robots":{"index":"index","follow":"follow","max-snippet":"max-snippet:-1","max-image-preview":"max-image-preview:large","max-video-preview":"max-video-preview:-1"},"canonical":"https:\/\/adventurecenter.com.ar\/en\/product\/puerto-blest-los-cantaros-waterfall-with-transfer\/","og_locale":"en_US","og_type":"article","og_title":"Puerto Blest y Cascada \"Los Cantaros\" con traslado","og_description":"Explor\u00e1 Puerto Blest y la Cascada Los C\u00e1ntaros en una excursi\u00f3n desde Bariloche. Naveg\u00e1 el Nahuel Huapi y camin\u00e1 entre alerces milenarios.","og_url":"https:\/\/adventurecenter.com.ar\/en\/product\/puerto-blest-los-cantaros-waterfall-with-transfer\/","og_site_name":"Adventure Center","article_modified_time":"2026-04-09T12:13:42+00:00","og_image":[{"width":1848,"height":2560,"url":"https:\/\/adventurecenter.com.ar\/wp-content\/uploads\/2025\/03\/1-A-0211209_105801-copia-scaled.jpg","type":"image\/jpeg"}],"twitter_card":"summary_large_image","twitter_misc":{"Price":"&#36;&nbsp;158.000,00","Availability":"In stock"},"schema":{"@context":"https:\/\/schema.org","@graph":[{"@type":["WebPage","ItemPage"],"@id":"https:\/\/adventurecenter.com.ar\/product\/puerto-blest-cascada-los-cantaros-bariloche\/","url":"https:\/\/adventurecenter.com.ar\/product\/puerto-blest-cascada-los-cantaros-bariloche\/","name":"Puerto Blest and Los C\u00e1ntaros Waterfall - Excursion from Bariloche - Adventure Center","isPartOf":{"@id":"https:\/\/adventurecenter.com.ar\/#website"},"primaryImageOfPage":{"@id":"https:\/\/adventurecenter.com.ar\/product\/puerto-blest-cascada-los-cantaros-bariloche\/#primaryimage"},"image":{"@id":"https:\/\/adventurecenter.com.ar\/product\/puerto-blest-cascada-los-cantaros-bariloche\/#primaryimage"},"thumbnailUrl":"https:\/\/adventurecenter.com.ar\/wp-content\/uploads\/2025\/03\/1-A-0211209_105801-copia-scaled.jpg","datePublished":"2025-03-20T23:33:15+00:00","dateModified":"2026-04-09T12:13:42+00:00","description":"Explore Puerto Blest and Los C\u00e1ntaros Waterfall on an excursion from Bariloche. Navigate the Nahuel Huapi and walk among millenary alerce trees.","breadcrumb":{"@id":"https:\/\/adventurecenter.com.ar\/product\/puerto-blest-cascada-los-cantaros-bariloche\/#breadcrumb"},"inLanguage":"en-US","potentialAction":[{"@type":"ReadAction","target":["https:\/\/adventurecenter.com.ar\/product\/puerto-blest-cascada-los-cantaros-bariloche\/"]}]},{"@type":"ImageObject","inLanguage":"en-US","@id":"https:\/\/adventurecenter.com.ar\/product\/puerto-blest-cascada-los-cantaros-bariloche\/#primaryimage","url":"https:\/\/adventurecenter.com.ar\/wp-content\/uploads\/2025\/03\/1-A-0211209_105801-copia-scaled.jpg","contentUrl":"https:\/\/adventurecenter.com.ar\/wp-content\/uploads\/2025\/03\/1-A-0211209_105801-copia-scaled.jpg","width":1848,"height":2560},{"@type":"BreadcrumbList","@id":"https:\/\/adventurecenter.com.ar\/product\/puerto-blest-cascada-los-cantaros-bariloche\/#breadcrumb","itemListElement":[{"@type":"ListItem","position":1,"name":"Home","item":"https:\/\/adventurecenter.com.ar\/"},{"@type":"ListItem","position":2,"name":"Lista de excursiones","item":"https:\/\/adventurecenter.com.ar\/shop\/"},{"@type":"ListItem","position":3,"name":"Puerto Blest y Cascada \u00abLos Cantaros\u00bb con traslado"}]},{"@type":"WebSite","@id":"https:\/\/adventurecenter.com.ar\/#website","url":"https:\/\/adventurecenter.com.ar\/","name":"Adventure Center","description":"Tourism in Bariloche Patagonia Argentina","publisher":{"@id":"https:\/\/adventurecenter.com.ar\/#organization"},"potentialAction":[{"@type":"SearchAction","target":{"@type":"EntryPoint","urlTemplate":"https:\/\/adventurecenter.com.ar\/?s={search_term_string}"},"query-input":{"@type":"PropertyValueSpecification","valueRequired":true,"valueName":"search_term_string"}}],"inLanguage":"en-US"},{"@type":"Organization","@id":"https:\/\/adventurecenter.com.ar\/#organization","name":"Adventure Center","url":"https:\/\/adventurecenter.com.ar\/","logo":{"@type":"ImageObject","inLanguage":"en-US","@id":"https:\/\/adventurecenter.com.ar\/#\/schema\/logo\/image\/","url":"https:\/\/adventurecenter.com.ar\/wp-content\/uploads\/2022\/10\/logo-definitivo-copia.png","contentUrl":"https:\/\/adventurecenter.com.ar\/wp-content\/uploads\/2022\/10\/logo-definitivo-copia.png","width":150,"height":55,"caption":"Adventure Center"},"image":{"@id":"https:\/\/adventurecenter.com.ar\/#\/schema\/logo\/image\/"}}]},"product_price_amount":"158000.00","product_price_currency":"ARS","og_availability":"instock","product_availability":"instock","product_retailer_item_id":"ADV2025PUBLYCO2Q8","product_condition":"new"},"_links":{"self":[{"href":"https:\/\/adventurecenter.com.ar\/en\/wp-json\/wp\/v2\/product\/376938","targetHints":{"allow":["GET"]}}],"collection":[{"href":"https:\/\/adventurecenter.com.ar\/en\/wp-json\/wp\/v2\/product"}],"about":[{"href":"https:\/\/adventurecenter.com.ar\/en\/wp-json\/wp\/v2\/types\/product"}],"replies":[{"embeddable":true,"href":"https:\/\/adventurecenter.com.ar\/en\/wp-json\/wp\/v2\/comments?post=376938"}],"wp:featuredmedia":[{"embeddable":true,"href":"https:\/\/adventurecenter.com.ar\/en\/wp-json\/wp\/v2\/media\/379186"}],"wp:attachment":[{"href":"https:\/\/adventurecenter.com.ar\/en\/wp-json\/wp\/v2\/media?parent=376938"}],"wp:term":[{"taxonomy":"product_brand","embeddable":true,"href":"https:\/\/adventurecenter.com.ar\/en\/wp-json\/wp\/v2\/product_brand?post=376938"},{"taxonomy":"product_cat","embeddable":true,"href":"https:\/\/adventurecenter.com.ar\/en\/wp-json\/wp\/v2\/product_cat?post=376938"},{"taxonomy":"product_tag","embeddable":true,"href":"https:\/\/adventurecenter.com.ar\/en\/wp-json\/wp\/v2\/product_tag?post=376938"}],"curies":[{"name":"wp","href":"https:\/\/api.w.org\/{rel}","templated":true}]}}