{"id":376937,"date":"2025-03-20T20:33:03","date_gmt":"2025-03-20T23:33:03","guid":{"rendered":"https:\/\/adventurecenter.com.ar\/?post_type=product&#038;p=376937"},"modified":"2026-04-09T09:13:45","modified_gmt":"2026-04-09T12:13:45","slug":"puerto-blest-lago-frias-bariloche","status":"publish","type":"product","link":"https:\/\/adventurecenter.com.ar\/en\/product\/puerto-blest-los-cantaros-waterfall-frias-lake\/","title":{"rendered":"Excursion to Puerto Blest and Frias Lake with transfer"},"content":{"rendered":"<h2>Explore the majesty of Puerto Blest and the waterfall \"Los C\u00e1ntaros\".<\/h2>\n<p>Start an unforgettable voyage from the picturesque <strong>Puerto Pa\u00f1uelo<\/strong>located a few kilometers from the heart of San Carlos de Bariloche. During a captivating boat trip of approximately sixty minutes, you will have the opportunity to visit the emblematic <strong>Sentinel Islet<\/strong>known as the resting place of the legendary Perito Moreno.<\/p>\n<p>We will continue on to a network of walkways that will provide you with a privileged view of the impressive <strong>Los C\u00e1ntaros Waterfall<\/strong>. This amazing natural phenomenon is framed by majestic granite walls and guards a thousand-year-old larch tree, a witness of more than 1500 years of history.<\/p>\n<h3>Scenic Lake Navigation<\/h3>\n<p>On board of a modern catamaran, you will be delighted with <strong>unparalleled views of Nahuel Huapi lake<\/strong> and the majestic peaks of the <strong>Andes mountain range<\/strong>. Immerse yourself in the wonders of its islands and the unique landscapes that characterize the region.<\/p>\n<h2>Discover Lake Frias: A Hidden Paradise<\/h2>\n<p>When you arrive at Puerto Blest, a destination that has fascinated visitors from all over the world, the splendor of the <strong>Lake Frias<\/strong>. Its surprising green hue is a product of the sediments transported by the Cerro Tronador glacier.<\/p>\n<p>If you wish to extend the experience, a short 3 km bus ride will take you to <strong>Puerto Alegre<\/strong>where you will embark to explore even more closely its astonishingly beautiful waters.<\/p>\n<h3>Countless Entertainment Options<\/h3>\n<ul>\n<li>Guided walks through the Valdivian rainforest, a refuge of exceptional biodiversity.<\/li>\n<li>Sailing on the peaceful Frias Lake, discovering fascinating landscapes.<\/li>\n<\/ul>\n<h2>Important Tour Information<\/h2>\n<ul>\n<li><strong>Duration:<\/strong> From 9:00 a.m. to 17:30 p.m. approximately.<\/li>\n<li><strong>Includes:<\/strong> Roundtrip transfer, water guiding and hiking.<\/li>\n<li><strong>Does not include:<\/strong> Meals (available at Paradores) and entrance fees to National Parks.<\/li>\n<\/ul>\n<h2>Frequently Asked Questions<\/h2>\n<ul>\n<li><strong>How are National Park entrance fees paid?<\/strong><br \/>\nFees are payable on the same day of the activity at Puerto Pa\u00f1uelo, only in cash and in Argentine pesos. Exemptions are offered for locals and children under five years of age.<\/li>\n<li><strong>Are there any discounts for foreign retirees?<\/strong><br \/>\nNo, discounts are reserved for Argentine retirees, who must present their ID card at the time of boarding.<\/li>\n<li><strong>Are you allowed to bring your own food?<\/strong><br \/>\nYes, it is possible to bring your own food or purchase food on the boat and at the visit points.<\/li>\n<li><strong>Which boat is used for these excursions?<\/strong><br \/>\nThe historic Modesta Victoria is generally used, although it may be subject to change without notice.<\/li>\n<li><strong>Can it be combined with other activities?<\/strong><br \/>\nYes, especially if your reservation is set for the afternoon. It is highly recommended to combine it with the Circuito Chico for a complete experience.<\/li>\n<\/ul>","protected":false},"excerpt":{"rendered":"<p>Experience an exclusive adventure in Puerto Blest and the \"Los C\u00e1ntaros\" waterfall. Experience the thrill of a lake crossing and discover the incomparable beauty of Lake Frias. Book your ticket today and immerse yourself in a fascinating world of nature.<\/p>","protected":false},"featured_media":379188,"comment_status":"open","ping_status":"closed","template":"","meta":[],"product_brand":[],"product_cat":[85,70,79,71,73,90,101,83],"product_tag":[],"class_list":{"0":"post-376937","1":"product","2":"type-product","3":"status-publish","4":"has-post-thumbnail","6":"product_cat-adultos","7":"product_cat-con-traslado","8":"product_cat-familia","9":"product_cat-jubilados","10":"product_cat-lacustre","11":"product_cat-ninos","12":"product_cat-sin-comida","13":"product_cat-todo-el-ano","15":"first","16":"instock","17":"virtual","18":"sold-individually","19":"purchasable","20":"product-type-booking"},"booking_location":"","booking_location_type":"","booking_duration":60,"booking_duration_unit":"minute","booking_buffer":0,"booking_cost":0,"booking_resources":[],"exclude_global_add_ons":false,"addons":[{"name":"ADU | Adult","type":"input_multiplier","position":0,"required":true,"title_format":"label","default":"","description_enable":false,"description":"","placeholder_enable":false,"placeholder":"","display":"select","restrictions_type":"any_text","adjust_price":true,"price":"212000","price_type":"quantity_based","restrictions":false,"min":"0","max":"0","options":[],"id":1773233993},{"name":"MEN512 | from 5 to 12","type":"input_multiplier","position":1,"required":false,"title_format":"label","default":"","description_enable":false,"description":"","placeholder_enable":false,"placeholder":"","display":"select","restrictions_type":"any_text","adjust_price":true,"price":"119000","price_type":"quantity_based","restrictions":false,"min":"0","max":"0","options":[],"id":1773233994},{"name":"ADUJ : Retired","type":"input_multiplier","position":2,"required":false,"title_format":"label","default":"","description_enable":false,"description":"","placeholder_enable":false,"placeholder":"","display":"select","restrictions_type":"any_text","adjust_price":true,"price":"119000","price_type":"quantity_based","restrictions":false,"min":"0","max":"0","options":[],"id":1773233995}],"yoast_head":"<!-- This site is optimized with the Yoast SEO Premium plugin v24.5 (Yoast SEO v24.8) - https:\/\/yoast.com\/wordpress\/plugins\/seo\/ -->\n<title>Puerto Blest y Lago Fr\u00edas | Excursi\u00f3n desde Bariloche - Adventure Center<\/title>\n<meta name=\"description\" content=\"Viv\u00ed la Patagonia navegando desde Bariloche hasta Puerto Blest y Lago Fr\u00edas. Caminatas, cascadas y lagos de color esmeralda rodeados por la cordillera.\" \/>\n<meta name=\"robots\" content=\"index, follow, max-snippet:-1, max-image-preview:large, max-video-preview:-1\" \/>\n<link rel=\"canonical\" href=\"https:\/\/adventurecenter.com.ar\/en\/product\/puerto-blest-los-cantaros-waterfall-frias-lake\/\" \/>\n<meta property=\"og:locale\" content=\"en_US\" \/>\n<meta property=\"og:type\" content=\"article\" \/>\n<meta property=\"og:title\" content=\"Excursi\u00f3n a Puerto Blest y Lago Fr\u00edas con traslado\" \/>\n<meta property=\"og:description\" content=\"Viv\u00ed la Patagonia navegando desde Bariloche hasta Puerto Blest y Lago Fr\u00edas. Caminatas, cascadas y lagos de color esmeralda rodeados por la cordillera.\" \/>\n<meta property=\"og:url\" content=\"https:\/\/adventurecenter.com.ar\/en\/product\/puerto-blest-los-cantaros-waterfall-frias-lake\/\" \/>\n<meta property=\"og:site_name\" content=\"Adventure Center\" \/>\n<meta property=\"article:modified_time\" content=\"2026-04-09T12:13:45+00:00\" \/>\n<meta property=\"og:image\" content=\"https:\/\/adventurecenter.com.ar\/wp-content\/uploads\/2025\/03\/1-D-20211209_105925-scaled.jpg\" \/>\n\t<meta property=\"og:image:width\" content=\"1920\" \/>\n\t<meta property=\"og:image:height\" content=\"2560\" \/>\n\t<meta property=\"og:image:type\" content=\"image\/jpeg\" \/>\n<meta name=\"twitter:card\" content=\"summary_large_image\" \/>\n<meta name=\"twitter:label1\" content=\"Price\" \/>\n\t<meta name=\"twitter:data1\" content=\"&#036;&nbsp;212.000,00\" \/>\n\t<meta name=\"twitter:label2\" content=\"Availability\" \/>\n\t<meta name=\"twitter:data2\" content=\"In stock\" \/>\n<script type=\"application\/ld+json\" class=\"yoast-schema-graph\">{\"@context\":\"https:\/\/schema.org\",\"@graph\":[{\"@type\":[\"WebPage\",\"ItemPage\"],\"@id\":\"https:\/\/adventurecenter.com.ar\/product\/puerto-blest-lago-frias-bariloche\/\",\"url\":\"https:\/\/adventurecenter.com.ar\/product\/puerto-blest-lago-frias-bariloche\/\",\"name\":\"Puerto Blest y Lago Fr\u00edas | Excursi\u00f3n desde Bariloche - Adventure Center\",\"isPartOf\":{\"@id\":\"https:\/\/adventurecenter.com.ar\/#website\"},\"primaryImageOfPage\":{\"@id\":\"https:\/\/adventurecenter.com.ar\/product\/puerto-blest-lago-frias-bariloche\/#primaryimage\"},\"image\":{\"@id\":\"https:\/\/adventurecenter.com.ar\/product\/puerto-blest-lago-frias-bariloche\/#primaryimage\"},\"thumbnailUrl\":\"https:\/\/adventurecenter.com.ar\/wp-content\/uploads\/2025\/03\/1-D-20211209_105925-scaled.jpg\",\"datePublished\":\"2025-03-20T23:33:03+00:00\",\"dateModified\":\"2026-04-09T12:13:45+00:00\",\"description\":\"Viv\u00ed la Patagonia navegando desde Bariloche hasta Puerto Blest y Lago Fr\u00edas. Caminatas, cascadas y lagos de color esmeralda rodeados por la cordillera.\",\"breadcrumb\":{\"@id\":\"https:\/\/adventurecenter.com.ar\/product\/puerto-blest-lago-frias-bariloche\/#breadcrumb\"},\"inLanguage\":\"en-US\",\"potentialAction\":[{\"@type\":\"ReadAction\",\"target\":[\"https:\/\/adventurecenter.com.ar\/product\/puerto-blest-lago-frias-bariloche\/\"]}]},{\"@type\":\"ImageObject\",\"inLanguage\":\"en-US\",\"@id\":\"https:\/\/adventurecenter.com.ar\/product\/puerto-blest-lago-frias-bariloche\/#primaryimage\",\"url\":\"https:\/\/adventurecenter.com.ar\/wp-content\/uploads\/2025\/03\/1-D-20211209_105925-scaled.jpg\",\"contentUrl\":\"https:\/\/adventurecenter.com.ar\/wp-content\/uploads\/2025\/03\/1-D-20211209_105925-scaled.jpg\",\"width\":1920,\"height\":2560},{\"@type\":\"BreadcrumbList\",\"@id\":\"https:\/\/adventurecenter.com.ar\/product\/puerto-blest-lago-frias-bariloche\/#breadcrumb\",\"itemListElement\":[{\"@type\":\"ListItem\",\"position\":1,\"name\":\"Home\",\"item\":\"https:\/\/adventurecenter.com.ar\/\"},{\"@type\":\"ListItem\",\"position\":2,\"name\":\"Lista de excursiones\",\"item\":\"https:\/\/adventurecenter.com.ar\/shop\/\"},{\"@type\":\"ListItem\",\"position\":3,\"name\":\"Excursi\u00f3n a Puerto Blest y Lago Fr\u00edas con traslado\"}]},{\"@type\":\"WebSite\",\"@id\":\"https:\/\/adventurecenter.com.ar\/#website\",\"url\":\"https:\/\/adventurecenter.com.ar\/\",\"name\":\"Adventure Center\",\"description\":\"Turismo en Bariloche Patagonia Argentina\",\"publisher\":{\"@id\":\"https:\/\/adventurecenter.com.ar\/#organization\"},\"potentialAction\":[{\"@type\":\"SearchAction\",\"target\":{\"@type\":\"EntryPoint\",\"urlTemplate\":\"https:\/\/adventurecenter.com.ar\/?s={search_term_string}\"},\"query-input\":{\"@type\":\"PropertyValueSpecification\",\"valueRequired\":true,\"valueName\":\"search_term_string\"}}],\"inLanguage\":\"en-US\"},{\"@type\":\"Organization\",\"@id\":\"https:\/\/adventurecenter.com.ar\/#organization\",\"name\":\"Adventure Center\",\"url\":\"https:\/\/adventurecenter.com.ar\/\",\"logo\":{\"@type\":\"ImageObject\",\"inLanguage\":\"en-US\",\"@id\":\"https:\/\/adventurecenter.com.ar\/#\/schema\/logo\/image\/\",\"url\":\"https:\/\/adventurecenter.com.ar\/wp-content\/uploads\/2022\/10\/logo-definitivo-copia.png\",\"contentUrl\":\"https:\/\/adventurecenter.com.ar\/wp-content\/uploads\/2022\/10\/logo-definitivo-copia.png\",\"width\":150,\"height\":55,\"caption\":\"Adventure Center\"},\"image\":{\"@id\":\"https:\/\/adventurecenter.com.ar\/#\/schema\/logo\/image\/\"}}]}<\/script>\n<meta property=\"product:price:amount\" content=\"212000.00\" \/>\n<meta property=\"product:price:currency\" content=\"ARS\" \/>\n<meta property=\"og:availability\" content=\"instock\" \/>\n<meta property=\"product:availability\" content=\"instock\" \/>\n<meta property=\"product:retailer_item_id\" content=\"ADV2025PUBLYC9CR1\" \/>\n<meta property=\"product:condition\" content=\"new\" \/>\n<!-- \/ Yoast SEO Premium plugin. -->","yoast_head_json":{"title":"Puerto Blest and Lake Frias | Excursion from Bariloche - Adventure Center","description":"Experience Patagonia sailing from Bariloche to Puerto Blest and Lago Frias. Hikes, waterfalls and emerald lakes surrounded by the mountain range.","robots":{"index":"index","follow":"follow","max-snippet":"max-snippet:-1","max-image-preview":"max-image-preview:large","max-video-preview":"max-video-preview:-1"},"canonical":"https:\/\/adventurecenter.com.ar\/en\/product\/puerto-blest-los-cantaros-waterfall-frias-lake\/","og_locale":"en_US","og_type":"article","og_title":"Excursi\u00f3n a Puerto Blest y Lago Fr\u00edas con traslado","og_description":"Viv\u00ed la Patagonia navegando desde Bariloche hasta Puerto Blest y Lago Fr\u00edas. Caminatas, cascadas y lagos de color esmeralda rodeados por la cordillera.","og_url":"https:\/\/adventurecenter.com.ar\/en\/product\/puerto-blest-los-cantaros-waterfall-frias-lake\/","og_site_name":"Adventure Center","article_modified_time":"2026-04-09T12:13:45+00:00","og_image":[{"width":1920,"height":2560,"url":"https:\/\/adventurecenter.com.ar\/wp-content\/uploads\/2025\/03\/1-D-20211209_105925-scaled.jpg","type":"image\/jpeg"}],"twitter_card":"summary_large_image","twitter_misc":{"Price":"&#36;&nbsp;212.000,00","Availability":"In stock"},"schema":{"@context":"https:\/\/schema.org","@graph":[{"@type":["WebPage","ItemPage"],"@id":"https:\/\/adventurecenter.com.ar\/product\/puerto-blest-lago-frias-bariloche\/","url":"https:\/\/adventurecenter.com.ar\/product\/puerto-blest-lago-frias-bariloche\/","name":"Puerto Blest and Lake Frias | Excursion from Bariloche - Adventure Center","isPartOf":{"@id":"https:\/\/adventurecenter.com.ar\/#website"},"primaryImageOfPage":{"@id":"https:\/\/adventurecenter.com.ar\/product\/puerto-blest-lago-frias-bariloche\/#primaryimage"},"image":{"@id":"https:\/\/adventurecenter.com.ar\/product\/puerto-blest-lago-frias-bariloche\/#primaryimage"},"thumbnailUrl":"https:\/\/adventurecenter.com.ar\/wp-content\/uploads\/2025\/03\/1-D-20211209_105925-scaled.jpg","datePublished":"2025-03-20T23:33:03+00:00","dateModified":"2026-04-09T12:13:45+00:00","description":"Experience Patagonia sailing from Bariloche to Puerto Blest and Lago Frias. Hikes, waterfalls and emerald lakes surrounded by the mountain range.","breadcrumb":{"@id":"https:\/\/adventurecenter.com.ar\/product\/puerto-blest-lago-frias-bariloche\/#breadcrumb"},"inLanguage":"en-US","potentialAction":[{"@type":"ReadAction","target":["https:\/\/adventurecenter.com.ar\/product\/puerto-blest-lago-frias-bariloche\/"]}]},{"@type":"ImageObject","inLanguage":"en-US","@id":"https:\/\/adventurecenter.com.ar\/product\/puerto-blest-lago-frias-bariloche\/#primaryimage","url":"https:\/\/adventurecenter.com.ar\/wp-content\/uploads\/2025\/03\/1-D-20211209_105925-scaled.jpg","contentUrl":"https:\/\/adventurecenter.com.ar\/wp-content\/uploads\/2025\/03\/1-D-20211209_105925-scaled.jpg","width":1920,"height":2560},{"@type":"BreadcrumbList","@id":"https:\/\/adventurecenter.com.ar\/product\/puerto-blest-lago-frias-bariloche\/#breadcrumb","itemListElement":[{"@type":"ListItem","position":1,"name":"Home","item":"https:\/\/adventurecenter.com.ar\/"},{"@type":"ListItem","position":2,"name":"Lista de excursiones","item":"https:\/\/adventurecenter.com.ar\/shop\/"},{"@type":"ListItem","position":3,"name":"Excursi\u00f3n a Puerto Blest y Lago Fr\u00edas con traslado"}]},{"@type":"WebSite","@id":"https:\/\/adventurecenter.com.ar\/#website","url":"https:\/\/adventurecenter.com.ar\/","name":"Adventure Center","description":"Tourism in Bariloche Patagonia Argentina","publisher":{"@id":"https:\/\/adventurecenter.com.ar\/#organization"},"potentialAction":[{"@type":"SearchAction","target":{"@type":"EntryPoint","urlTemplate":"https:\/\/adventurecenter.com.ar\/?s={search_term_string}"},"query-input":{"@type":"PropertyValueSpecification","valueRequired":true,"valueName":"search_term_string"}}],"inLanguage":"en-US"},{"@type":"Organization","@id":"https:\/\/adventurecenter.com.ar\/#organization","name":"Adventure Center","url":"https:\/\/adventurecenter.com.ar\/","logo":{"@type":"ImageObject","inLanguage":"en-US","@id":"https:\/\/adventurecenter.com.ar\/#\/schema\/logo\/image\/","url":"https:\/\/adventurecenter.com.ar\/wp-content\/uploads\/2022\/10\/logo-definitivo-copia.png","contentUrl":"https:\/\/adventurecenter.com.ar\/wp-content\/uploads\/2022\/10\/logo-definitivo-copia.png","width":150,"height":55,"caption":"Adventure Center"},"image":{"@id":"https:\/\/adventurecenter.com.ar\/#\/schema\/logo\/image\/"}}]},"product_price_amount":"212000.00","product_price_currency":"ARS","og_availability":"instock","product_availability":"instock","product_retailer_item_id":"ADV2025PUBLYC9CR1","product_condition":"new"},"_links":{"self":[{"href":"https:\/\/adventurecenter.com.ar\/en\/wp-json\/wp\/v2\/product\/376937","targetHints":{"allow":["GET"]}}],"collection":[{"href":"https:\/\/adventurecenter.com.ar\/en\/wp-json\/wp\/v2\/product"}],"about":[{"href":"https:\/\/adventurecenter.com.ar\/en\/wp-json\/wp\/v2\/types\/product"}],"replies":[{"embeddable":true,"href":"https:\/\/adventurecenter.com.ar\/en\/wp-json\/wp\/v2\/comments?post=376937"}],"wp:featuredmedia":[{"embeddable":true,"href":"https:\/\/adventurecenter.com.ar\/en\/wp-json\/wp\/v2\/media\/379188"}],"wp:attachment":[{"href":"https:\/\/adventurecenter.com.ar\/en\/wp-json\/wp\/v2\/media?parent=376937"}],"wp:term":[{"taxonomy":"product_brand","embeddable":true,"href":"https:\/\/adventurecenter.com.ar\/en\/wp-json\/wp\/v2\/product_brand?post=376937"},{"taxonomy":"product_cat","embeddable":true,"href":"https:\/\/adventurecenter.com.ar\/en\/wp-json\/wp\/v2\/product_cat?post=376937"},{"taxonomy":"product_tag","embeddable":true,"href":"https:\/\/adventurecenter.com.ar\/en\/wp-json\/wp\/v2\/product_tag?post=376937"}],"curies":[{"name":"wp","href":"https:\/\/api.w.org\/{rel}","templated":true}]}}