{"id":376936,"date":"2025-03-20T20:32:43","date_gmt":"2025-03-20T23:32:43","guid":{"rendered":"https:\/\/adventurecenter.com.ar\/?post_type=product&#038;p=376936"},"modified":"2026-04-09T09:13:45","modified_gmt":"2026-04-09T12:13:45","slug":"isla-victoria-y-bosque-de-arrayanes-sin-traslado","status":"publish","type":"product","link":"https:\/\/adventurecenter.com.ar\/en\/product\/victoria-island-and-arrayanes-forest-without-relocation\/","title":{"rendered":"Nahuel Huapi navigation: Victoria Island and Arrayanes Forest without transfer"},"content":{"rendered":"<h3 data-start=\"304\" data-end=\"381\">A Patagonian classic, with the full support of Bariloche Excursiones<\/h3>\n<p data-start=\"383\" data-end=\"761\">Navigate the waters of Lake Nahuel Huapi and discover two of the most emblematic destinations in the region: the imposing Victoria Island and the mystical Arrayanes Forest. This option, ideal for those who are already in Bariloche and prefer to go directly to Puerto Pa\u00f1uelo, allows you to enjoy the excursion with total autonomy and the quality of our specialized service.<\/p>\n<h3 data-start=\"763\" data-end=\"808\">Tour and main points of interest<\/h3>\n<p data-start=\"810\" data-end=\"1136\">Departure from <strong data-start=\"832\" data-end=\"850\">Puerto Pa\u00f1uelo<\/strong>, located at km 25 of Bustillo Avenue. There you embark on a panoramic catamaran to start a journey across the Nahuel Huapi Lake. The first destination is the <strong data-start=\"1006\" data-end=\"1032\">Quetrihu\u00e9 Peninsula<\/strong>, where you will walk along perfectly preserved trails in the only myrtle forest in the world.<\/p>\n<p data-start=\"1138\" data-end=\"1365\">The excursion continues to <strong data-start=\"1166\" data-end=\"1183\">Victoria Island<\/strong>, a unique natural space with trails that lead you to the <strong data-start=\"1246\" data-end=\"1264\">El Toro Beach<\/strong>, A special corner with volcanic sands and vestiges of ancient cultures, such as cave paintings.<\/p>\n<h3 data-start=\"1367\" data-end=\"1387\">Useful information<\/h3>\n<ul data-start=\"1389\" data-end=\"1663\">\n<li data-start=\"1389\" data-end=\"1435\">\n<p data-start=\"1391\" data-end=\"1435\"><strong data-start=\"1391\" data-end=\"1412\">Estimated duration<\/strong>: from 13:00 to 19:00 hs.<\/p>\n<\/li>\n<li data-start=\"1436\" data-end=\"1521\">\n<p data-start=\"1438\" data-end=\"1521\"><strong data-start=\"1438\" data-end=\"1449\">Includes<\/strong>Navigation in catamaran and professional guide during the whole tour.<\/p>\n<\/li>\n<li data-start=\"1522\" data-end=\"1663\">\n<p data-start=\"1524\" data-end=\"1663\"><strong data-start=\"1524\" data-end=\"1538\">Does not include<\/strong>Transfer to Puerto Pa\u00f1uelo, boarding fees and entrance to the National Park, meals (there are options on the boat and on the island).<\/p>\n<\/li>\n<\/ul>\n<h3 data-start=\"1665\" data-end=\"1694\">How to get there on your own<\/h3>\n<p data-start=\"1696\" data-end=\"1943\">Puerto Pa\u00f1uelo is located only 30 minutes from downtown Bariloche, at km 25 of Bustillo Avenue. You can get there by private vehicle, remis or bus. At the time of booking, we will tell you how to do it in a clear and simple way.<\/p>\n<h3 data-start=\"1950\" data-end=\"1974\">Frequently Asked Questions<\/h3>\n<p data-start=\"1976\" data-end=\"2212\"><strong data-start=\"1976\" data-end=\"2028\">Where do I pay the Park and boarding fees?<\/strong><br data-start=\"2028\" data-end=\"2031\" \/>Payment must be made in cash on the same day, upon arrival at Puerto Pa\u00f1uelo. Residents of Bariloche, disabled people, children under 6 years old and Argentinean pensioners are exempt.<\/p>\n<p data-start=\"2214\" data-end=\"2368\"><strong data-start=\"2214\" data-end=\"2260\">Are there any benefits for foreign tourists?<\/strong><br data-start=\"2260\" data-end=\"2263\" \/>No. Discounts on fees are exclusive for residents of Argentina with the corresponding accreditation.<\/p>\n<p data-start=\"2370\" data-end=\"2524\"><strong data-start=\"2370\" data-end=\"2402\">Which vessel is used?<\/strong><br data-start=\"2402\" data-end=\"2405\" \/>In most cases, the history is used. <strong data-start=\"2457\" data-end=\"2477\">Modesta Victoria<\/strong>, The price could be changed according to availability.<\/p>\n<p data-start=\"2526\" data-end=\"2689\"><strong data-start=\"2526\" data-end=\"2587\">Can I bring food or are there options during the tour?<\/strong><br data-start=\"2587\" data-end=\"2590\" \/>You can bring your own lunch or buy food and drinks on board the catamaran or in Victoria Island.<\/p>","protected":false},"excerpt":{"rendered":"<p>Embark on a unique journey to the <strong>Victoria Island<\/strong> and the <strong>Arrayanes Forest<\/strong>located in dazzling Patagonia. Experience the majesty of the <strong>Nahuel Huapi Lake<\/strong> as you explore lush nature trails and find the vestiges of ancient civilizations. This is a unique opportunity in a dream landscape.<\/p>","protected":false},"featured_media":379191,"comment_status":"open","ping_status":"closed","template":"","meta":[],"product_brand":[],"product_cat":[85,79,71,73,90,101,81,83],"product_tag":[],"class_list":{"0":"post-376936","1":"product","2":"type-product","3":"status-publish","4":"has-post-thumbnail","6":"product_cat-adultos","7":"product_cat-familia","8":"product_cat-jubilados","9":"product_cat-lacustre","10":"product_cat-ninos","11":"product_cat-sin-comida","12":"product_cat-sin-traslado","13":"product_cat-todo-el-ano","15":"first","16":"instock","17":"virtual","18":"sold-individually","19":"purchasable","20":"product-type-booking"},"booking_location":"","booking_location_type":"","booking_duration":60,"booking_duration_unit":"minute","booking_buffer":0,"booking_cost":0,"booking_resources":[],"exclude_global_add_ons":false,"addons":[{"name":"ADU | Adult","type":"input_multiplier","position":0,"required":false,"title_format":"label","default":"","description_enable":false,"description":"","placeholder_enable":false,"placeholder":"","display":"select","restrictions_type":"any_text","adjust_price":true,"price":"136000","price_type":"quantity_based","restrictions":false,"min":"0","max":"0","options":[],"id":1773233738},{"name":"MEN512 | from 5 to 12","type":"input_multiplier","position":1,"required":false,"title_format":"label","default":"","description_enable":false,"description":"","placeholder_enable":false,"placeholder":"","display":"select","restrictions_type":"any_text","adjust_price":true,"price":"70000","price_type":"quantity_based","restrictions":false,"min":"0","max":"0","options":[],"id":1773233739},{"name":"ADUJ : Retired","type":"input_multiplier","position":2,"required":false,"title_format":"label","default":"","description_enable":false,"description":"","placeholder_enable":false,"placeholder":"","display":"select","restrictions_type":"any_text","adjust_price":true,"price":"70000","price_type":"quantity_based","restrictions":false,"min":"0","max":"0","options":[],"id":1773233740}],"yoast_head":"<!-- This site is optimized with the Yoast SEO Premium plugin v24.5 (Yoast SEO v24.8) - https:\/\/yoast.com\/wordpress\/plugins\/seo\/ -->\n<title>Isla Victoria y Bosque de Arrayanes | Excursi\u00f3n sin traslado - Adventure Center<\/title>\n<meta name=\"description\" content=\"Naveg\u00e1 el Nahuel Huapi desde Puerto Pa\u00f1uelo y descubr\u00ed Isla Victoria y el Bosque de Arrayanes. Excursi\u00f3n sin traslado, ideal si ya est\u00e1s en Bariloche.\" \/>\n<meta name=\"robots\" content=\"index, follow, max-snippet:-1, max-image-preview:large, max-video-preview:-1\" \/>\n<link rel=\"canonical\" href=\"https:\/\/adventurecenter.com.ar\/en\/product\/victoria-island-and-arrayanes-forest-without-relocation\/\" \/>\n<meta property=\"og:locale\" content=\"en_US\" \/>\n<meta property=\"og:type\" content=\"article\" \/>\n<meta property=\"og:title\" content=\"Navegaci\u00f3n por Nahuel Huapi: Isla Victoria y Bosque de Arrayanes sin traslado\" \/>\n<meta property=\"og:description\" content=\"Naveg\u00e1 el Nahuel Huapi desde Puerto Pa\u00f1uelo y descubr\u00ed Isla Victoria y el Bosque de Arrayanes. Excursi\u00f3n sin traslado, ideal si ya est\u00e1s en Bariloche.\" \/>\n<meta property=\"og:url\" content=\"https:\/\/adventurecenter.com.ar\/en\/product\/victoria-island-and-arrayanes-forest-without-relocation\/\" \/>\n<meta property=\"og:site_name\" content=\"Adventure Center\" \/>\n<meta property=\"article:modified_time\" content=\"2026-04-09T12:13:45+00:00\" \/>\n<meta property=\"og:image\" content=\"https:\/\/adventurecenter.com.ar\/wp-content\/uploads\/2025\/03\/1-C-20230902_154300-1-scaled.jpg\" \/>\n\t<meta property=\"og:image:width\" content=\"1968\" \/>\n\t<meta property=\"og:image:height\" content=\"2560\" \/>\n\t<meta property=\"og:image:type\" content=\"image\/jpeg\" \/>\n<meta name=\"twitter:card\" content=\"summary_large_image\" \/>\n<meta name=\"twitter:label1\" content=\"Price\" \/>\n\t<meta name=\"twitter:data1\" content=\"&#036;&nbsp;163.200,00\" \/>\n\t<meta name=\"twitter:label2\" content=\"Availability\" \/>\n\t<meta name=\"twitter:data2\" content=\"In stock\" \/>\n<script type=\"application\/ld+json\" class=\"yoast-schema-graph\">{\"@context\":\"https:\/\/schema.org\",\"@graph\":[{\"@type\":[\"WebPage\",\"ItemPage\"],\"@id\":\"https:\/\/adventurecenter.com.ar\/product\/isla-victoria-y-bosque-de-arrayanes-sin-traslado\/\",\"url\":\"https:\/\/adventurecenter.com.ar\/product\/isla-victoria-y-bosque-de-arrayanes-sin-traslado\/\",\"name\":\"Isla Victoria y Bosque de Arrayanes | Excursi\u00f3n sin traslado - Adventure Center\",\"isPartOf\":{\"@id\":\"https:\/\/adventurecenter.com.ar\/#website\"},\"primaryImageOfPage\":{\"@id\":\"https:\/\/adventurecenter.com.ar\/product\/isla-victoria-y-bosque-de-arrayanes-sin-traslado\/#primaryimage\"},\"image\":{\"@id\":\"https:\/\/adventurecenter.com.ar\/product\/isla-victoria-y-bosque-de-arrayanes-sin-traslado\/#primaryimage\"},\"thumbnailUrl\":\"https:\/\/adventurecenter.com.ar\/wp-content\/uploads\/2025\/03\/1-C-20230902_154300-1-scaled.jpg\",\"datePublished\":\"2025-03-20T23:32:43+00:00\",\"dateModified\":\"2026-04-09T12:13:45+00:00\",\"description\":\"Naveg\u00e1 el Nahuel Huapi desde Puerto Pa\u00f1uelo y descubr\u00ed Isla Victoria y el Bosque de Arrayanes. Excursi\u00f3n sin traslado, ideal si ya est\u00e1s en Bariloche.\",\"breadcrumb\":{\"@id\":\"https:\/\/adventurecenter.com.ar\/product\/isla-victoria-y-bosque-de-arrayanes-sin-traslado\/#breadcrumb\"},\"inLanguage\":\"en-US\",\"potentialAction\":[{\"@type\":\"ReadAction\",\"target\":[\"https:\/\/adventurecenter.com.ar\/product\/isla-victoria-y-bosque-de-arrayanes-sin-traslado\/\"]}]},{\"@type\":\"ImageObject\",\"inLanguage\":\"en-US\",\"@id\":\"https:\/\/adventurecenter.com.ar\/product\/isla-victoria-y-bosque-de-arrayanes-sin-traslado\/#primaryimage\",\"url\":\"https:\/\/adventurecenter.com.ar\/wp-content\/uploads\/2025\/03\/1-C-20230902_154300-1-scaled.jpg\",\"contentUrl\":\"https:\/\/adventurecenter.com.ar\/wp-content\/uploads\/2025\/03\/1-C-20230902_154300-1-scaled.jpg\",\"width\":1968,\"height\":2560},{\"@type\":\"BreadcrumbList\",\"@id\":\"https:\/\/adventurecenter.com.ar\/product\/isla-victoria-y-bosque-de-arrayanes-sin-traslado\/#breadcrumb\",\"itemListElement\":[{\"@type\":\"ListItem\",\"position\":1,\"name\":\"Home\",\"item\":\"https:\/\/adventurecenter.com.ar\/\"},{\"@type\":\"ListItem\",\"position\":2,\"name\":\"Lista de excursiones\",\"item\":\"https:\/\/adventurecenter.com.ar\/shop\/\"},{\"@type\":\"ListItem\",\"position\":3,\"name\":\"Navegaci\u00f3n por Nahuel Huapi: Isla Victoria y Bosque de Arrayanes sin traslado\"}]},{\"@type\":\"WebSite\",\"@id\":\"https:\/\/adventurecenter.com.ar\/#website\",\"url\":\"https:\/\/adventurecenter.com.ar\/\",\"name\":\"Adventure Center\",\"description\":\"Turismo en Bariloche Patagonia Argentina\",\"publisher\":{\"@id\":\"https:\/\/adventurecenter.com.ar\/#organization\"},\"potentialAction\":[{\"@type\":\"SearchAction\",\"target\":{\"@type\":\"EntryPoint\",\"urlTemplate\":\"https:\/\/adventurecenter.com.ar\/?s={search_term_string}\"},\"query-input\":{\"@type\":\"PropertyValueSpecification\",\"valueRequired\":true,\"valueName\":\"search_term_string\"}}],\"inLanguage\":\"en-US\"},{\"@type\":\"Organization\",\"@id\":\"https:\/\/adventurecenter.com.ar\/#organization\",\"name\":\"Adventure Center\",\"url\":\"https:\/\/adventurecenter.com.ar\/\",\"logo\":{\"@type\":\"ImageObject\",\"inLanguage\":\"en-US\",\"@id\":\"https:\/\/adventurecenter.com.ar\/#\/schema\/logo\/image\/\",\"url\":\"https:\/\/adventurecenter.com.ar\/wp-content\/uploads\/2022\/10\/logo-definitivo-copia.png\",\"contentUrl\":\"https:\/\/adventurecenter.com.ar\/wp-content\/uploads\/2022\/10\/logo-definitivo-copia.png\",\"width\":150,\"height\":55,\"caption\":\"Adventure Center\"},\"image\":{\"@id\":\"https:\/\/adventurecenter.com.ar\/#\/schema\/logo\/image\/\"}}]}<\/script>\n<meta property=\"product:price:amount\" content=\"163200.00\" \/>\n<meta property=\"product:price:currency\" content=\"ARS\" \/>\n<meta property=\"og:availability\" content=\"instock\" \/>\n<meta property=\"product:availability\" content=\"instock\" \/>\n<meta property=\"product:retailer_item_id\" content=\"ADV2025ISVIYB4A10\" \/>\n<meta property=\"product:condition\" content=\"new\" \/>\n<!-- \/ Yoast SEO Premium plugin. -->","yoast_head_json":{"title":"Isla Victoria and Bosque de Arrayanes : Excursion without transfer - Adventure Center","description":"Navigate the Nahuel Huapi from Puerto Pa\u00f1uelo and discover Victoria Island and the Arrayanes Forest. Excursion without transfer, ideal if you are already in Bariloche.","robots":{"index":"index","follow":"follow","max-snippet":"max-snippet:-1","max-image-preview":"max-image-preview:large","max-video-preview":"max-video-preview:-1"},"canonical":"https:\/\/adventurecenter.com.ar\/en\/product\/victoria-island-and-arrayanes-forest-without-relocation\/","og_locale":"en_US","og_type":"article","og_title":"Navegaci\u00f3n por Nahuel Huapi: Isla Victoria y Bosque de Arrayanes sin traslado","og_description":"Naveg\u00e1 el Nahuel Huapi desde Puerto Pa\u00f1uelo y descubr\u00ed Isla Victoria y el Bosque de Arrayanes. Excursi\u00f3n sin traslado, ideal si ya est\u00e1s en Bariloche.","og_url":"https:\/\/adventurecenter.com.ar\/en\/product\/victoria-island-and-arrayanes-forest-without-relocation\/","og_site_name":"Adventure Center","article_modified_time":"2026-04-09T12:13:45+00:00","og_image":[{"width":1968,"height":2560,"url":"https:\/\/adventurecenter.com.ar\/wp-content\/uploads\/2025\/03\/1-C-20230902_154300-1-scaled.jpg","type":"image\/jpeg"}],"twitter_card":"summary_large_image","twitter_misc":{"Price":"&#36;&nbsp;163.200,00","Availability":"In stock"},"schema":{"@context":"https:\/\/schema.org","@graph":[{"@type":["WebPage","ItemPage"],"@id":"https:\/\/adventurecenter.com.ar\/product\/isla-victoria-y-bosque-de-arrayanes-sin-traslado\/","url":"https:\/\/adventurecenter.com.ar\/product\/isla-victoria-y-bosque-de-arrayanes-sin-traslado\/","name":"Isla Victoria and Bosque de Arrayanes : Excursion without transfer - Adventure Center","isPartOf":{"@id":"https:\/\/adventurecenter.com.ar\/#website"},"primaryImageOfPage":{"@id":"https:\/\/adventurecenter.com.ar\/product\/isla-victoria-y-bosque-de-arrayanes-sin-traslado\/#primaryimage"},"image":{"@id":"https:\/\/adventurecenter.com.ar\/product\/isla-victoria-y-bosque-de-arrayanes-sin-traslado\/#primaryimage"},"thumbnailUrl":"https:\/\/adventurecenter.com.ar\/wp-content\/uploads\/2025\/03\/1-C-20230902_154300-1-scaled.jpg","datePublished":"2025-03-20T23:32:43+00:00","dateModified":"2026-04-09T12:13:45+00:00","description":"Navigate the Nahuel Huapi from Puerto Pa\u00f1uelo and discover Victoria Island and the Arrayanes Forest. Excursion without transfer, ideal if you are already in Bariloche.","breadcrumb":{"@id":"https:\/\/adventurecenter.com.ar\/product\/isla-victoria-y-bosque-de-arrayanes-sin-traslado\/#breadcrumb"},"inLanguage":"en-US","potentialAction":[{"@type":"ReadAction","target":["https:\/\/adventurecenter.com.ar\/product\/isla-victoria-y-bosque-de-arrayanes-sin-traslado\/"]}]},{"@type":"ImageObject","inLanguage":"en-US","@id":"https:\/\/adventurecenter.com.ar\/product\/isla-victoria-y-bosque-de-arrayanes-sin-traslado\/#primaryimage","url":"https:\/\/adventurecenter.com.ar\/wp-content\/uploads\/2025\/03\/1-C-20230902_154300-1-scaled.jpg","contentUrl":"https:\/\/adventurecenter.com.ar\/wp-content\/uploads\/2025\/03\/1-C-20230902_154300-1-scaled.jpg","width":1968,"height":2560},{"@type":"BreadcrumbList","@id":"https:\/\/adventurecenter.com.ar\/product\/isla-victoria-y-bosque-de-arrayanes-sin-traslado\/#breadcrumb","itemListElement":[{"@type":"ListItem","position":1,"name":"Home","item":"https:\/\/adventurecenter.com.ar\/"},{"@type":"ListItem","position":2,"name":"Lista de excursiones","item":"https:\/\/adventurecenter.com.ar\/shop\/"},{"@type":"ListItem","position":3,"name":"Navegaci\u00f3n por Nahuel Huapi: Isla Victoria y Bosque de Arrayanes sin traslado"}]},{"@type":"WebSite","@id":"https:\/\/adventurecenter.com.ar\/#website","url":"https:\/\/adventurecenter.com.ar\/","name":"Adventure Center","description":"Tourism in Bariloche Patagonia Argentina","publisher":{"@id":"https:\/\/adventurecenter.com.ar\/#organization"},"potentialAction":[{"@type":"SearchAction","target":{"@type":"EntryPoint","urlTemplate":"https:\/\/adventurecenter.com.ar\/?s={search_term_string}"},"query-input":{"@type":"PropertyValueSpecification","valueRequired":true,"valueName":"search_term_string"}}],"inLanguage":"en-US"},{"@type":"Organization","@id":"https:\/\/adventurecenter.com.ar\/#organization","name":"Adventure Center","url":"https:\/\/adventurecenter.com.ar\/","logo":{"@type":"ImageObject","inLanguage":"en-US","@id":"https:\/\/adventurecenter.com.ar\/#\/schema\/logo\/image\/","url":"https:\/\/adventurecenter.com.ar\/wp-content\/uploads\/2022\/10\/logo-definitivo-copia.png","contentUrl":"https:\/\/adventurecenter.com.ar\/wp-content\/uploads\/2022\/10\/logo-definitivo-copia.png","width":150,"height":55,"caption":"Adventure Center"},"image":{"@id":"https:\/\/adventurecenter.com.ar\/#\/schema\/logo\/image\/"}}]},"product_price_amount":"163200.00","product_price_currency":"ARS","og_availability":"instock","product_availability":"instock","product_retailer_item_id":"ADV2025ISVIYB4A10","product_condition":"new"},"_links":{"self":[{"href":"https:\/\/adventurecenter.com.ar\/en\/wp-json\/wp\/v2\/product\/376936","targetHints":{"allow":["GET"]}}],"collection":[{"href":"https:\/\/adventurecenter.com.ar\/en\/wp-json\/wp\/v2\/product"}],"about":[{"href":"https:\/\/adventurecenter.com.ar\/en\/wp-json\/wp\/v2\/types\/product"}],"replies":[{"embeddable":true,"href":"https:\/\/adventurecenter.com.ar\/en\/wp-json\/wp\/v2\/comments?post=376936"}],"wp:featuredmedia":[{"embeddable":true,"href":"https:\/\/adventurecenter.com.ar\/en\/wp-json\/wp\/v2\/media\/379191"}],"wp:attachment":[{"href":"https:\/\/adventurecenter.com.ar\/en\/wp-json\/wp\/v2\/media?parent=376936"}],"wp:term":[{"taxonomy":"product_brand","embeddable":true,"href":"https:\/\/adventurecenter.com.ar\/en\/wp-json\/wp\/v2\/product_brand?post=376936"},{"taxonomy":"product_cat","embeddable":true,"href":"https:\/\/adventurecenter.com.ar\/en\/wp-json\/wp\/v2\/product_cat?post=376936"},{"taxonomy":"product_tag","embeddable":true,"href":"https:\/\/adventurecenter.com.ar\/en\/wp-json\/wp\/v2\/product_tag?post=376936"}],"curies":[{"name":"wp","href":"https:\/\/api.w.org\/{rel}","templated":true}]}}