{"id":376935,"date":"2025-03-20T20:32:24","date_gmt":"2025-03-20T23:32:24","guid":{"rendered":"https:\/\/adventurecenter.com.ar\/?post_type=product&#038;p=376935"},"modified":"2026-04-09T09:13:48","modified_gmt":"2026-04-09T12:13:48","slug":"puerto-blest-cascada-los-cantaros-sin-traslado","status":"publish","type":"product","link":"https:\/\/adventurecenter.com.ar\/en\/product\/puerto-blest-los-cantaros-waterfall-without-relocation\/","title":{"rendered":"Puerto Blest and \"Los Cantaros\" Waterfall No Transfer"},"content":{"rendered":"<h2>Explore the Virgin Nature of Puerto Blest<\/h2>\n<p>Enter into an unforgettable experience by visiting <strong>Puerto Blest<\/strong> and the magnificent <strong>Los C\u00e1ntaros Waterfall<\/strong>The environment where the authentic natural essence resonates. This excursion, which does not include transportation, is ideal for those who prefer to arrive on their own at <strong>Puerto Pa\u00f1uelo<\/strong>located at <strong>Bustillo Avenue, Kilometer 25, San Carlos de Bariloche<\/strong>.<\/p>\n<h3>La Travesia<\/h3>\n<ul>\n<li><strong>Catamaran sailing:<\/strong> Slide down the serene <strong>Nahuel Huapi Lake<\/strong>surrounded by spectacular islands and scenery, protected by the imposing <strong>Andes Mountains<\/strong>.<\/li>\n<li><strong>Visit to Los C\u00e1ntaros Waterfall:<\/strong> Privileged access to this amazing waterfall will allow you to admire its spectacular waterfall, flanked by granite walls sculpted by ancient glaciers.<\/li>\n<li><strong>Guided walks:<\/strong> Explore the trails that reveal the vast biological richness of the <strong>valdivian forest<\/strong> in the vicinity of <strong>Puerto Blest<\/strong>.<\/li>\n<\/ul>\n<h3>Details and Schedules<\/h3>\n<p>The excursion extends from <strong>9:00 a.m. to 5:00 p.m. <\/strong>approximately, giving you a full day to immerse yourself in nature.<\/p>\n<ul>\n<li><strong>Includes:<\/strong> Guided tour of the lake and interpretative walks in the forest.<\/li>\n<li><strong>Does not include:<\/strong> Transfer to Puerto Pa\u00f1uelo, meals and entrance fees to national parks.<\/li>\n<\/ul>\n<h3>Spectacular Staging<\/h3>\n<p>The day culminates with a splendid navigation along the <strong>Blest Arm<\/strong>the imposing <strong>Cerro Tronador<\/strong>The sunset is an unparalleled visual spectacle, providing an unparalleled visual spectacle as the sun sets.<\/p>\n<h3>Frequently Asked Questions<\/h3>\n<ul>\n<li><strong>How can I get to Puerto Pa\u00f1uelo?<\/strong><br \/>\nYou should go directly to Avenida Bustillo, Kilometer 25. We recommend using your own transportation or cab services.<\/li>\n<li><strong>What clothing is advisable to wear?<\/strong><br \/>\nIt is suggested to dress in layers, comfortable shoes and warm clothes, considering the typical climatic variables of Patagonia.<\/li>\n<li><strong>Is it possible to bring food?<\/strong><br \/>\nYes, you can bring your own food, although you have options to buy it in the area.<\/li>\n<\/ul>","protected":false},"excerpt":{"rendered":"<p>Immerse yourself in a unique experience touring Puerto Blest and the majestic Cascada de Los C\u00e1ntaros. Enjoy a catamaran ride and hikes through the Valdivian rainforest, living unforgettable moments in the heart of the Argentine Patagonia.<\/p>","protected":false},"featured_media":379182,"comment_status":"open","ping_status":"closed","template":"","meta":[],"product_brand":[],"product_cat":[85,79,71,73,90,101,81,83],"product_tag":[],"class_list":{"0":"post-376935","1":"product","2":"type-product","3":"status-publish","4":"has-post-thumbnail","6":"product_cat-adultos","7":"product_cat-familia","8":"product_cat-jubilados","9":"product_cat-lacustre","10":"product_cat-ninos","11":"product_cat-sin-comida","12":"product_cat-sin-traslado","13":"product_cat-todo-el-ano","15":"first","16":"instock","17":"virtual","18":"sold-individually","19":"purchasable","20":"product-type-booking"},"booking_location":"","booking_location_type":"","booking_duration":60,"booking_duration_unit":"minute","booking_buffer":0,"booking_cost":0,"booking_resources":[],"exclude_global_add_ons":false,"addons":[{"name":"ADU | Adult","type":"input_multiplier","position":0,"required":false,"title_format":"label","default":"","description_enable":false,"description":"","placeholder_enable":false,"placeholder":"","display":"select","restrictions_type":"any_text","adjust_price":true,"price":"136000","price_type":"quantity_based","restrictions":false,"min":"0","max":"0","options":[],"id":1773233626},{"name":"MEN512 | from 5 to 12","type":"input_multiplier","position":1,"required":false,"title_format":"label","default":"","description_enable":false,"description":"","placeholder_enable":false,"placeholder":"","display":"select","restrictions_type":"any_text","adjust_price":true,"price":"70000","price_type":"quantity_based","restrictions":false,"min":"0","max":"0","options":[],"id":1773233627},{"name":"ADUJ : Retired","type":"input_multiplier","position":2,"required":false,"title_format":"label","default":"","description_enable":false,"description":"","placeholder_enable":false,"placeholder":"","display":"select","restrictions_type":"any_text","adjust_price":true,"price":"70000","price_type":"quantity_based","restrictions":false,"min":"0","max":"0","options":[],"id":1773233628}],"yoast_head":"<!-- This site is optimized with the Yoast SEO Premium plugin v24.5 (Yoast SEO v24.8) - https:\/\/yoast.com\/wordpress\/plugins\/seo\/ -->\n<title>Puerto Blest y Cascada Los C\u00e1ntaros | Excursi\u00f3n sin traslado - Adventure Center<\/title>\n<meta name=\"description\" content=\"Viv\u00ed Puerto Blest y la Cascada Los C\u00e1ntaros en una excursi\u00f3n sin traslado desde Bariloche. Incluye navegaci\u00f3n guiada por el Nahuel Huapi. Reserv\u00e1 ahora.\" \/>\n<meta name=\"robots\" content=\"index, follow, max-snippet:-1, max-image-preview:large, max-video-preview:-1\" \/>\n<link rel=\"canonical\" href=\"https:\/\/adventurecenter.com.ar\/en\/product\/puerto-blest-los-cantaros-waterfall-without-relocation\/\" \/>\n<meta property=\"og:locale\" content=\"en_US\" \/>\n<meta property=\"og:type\" content=\"article\" \/>\n<meta property=\"og:title\" content=\"Puerto Blest y Cascada \u201cLos Cantaros\u201d Sin Traslado\" \/>\n<meta property=\"og:description\" content=\"Viv\u00ed Puerto Blest y la Cascada Los C\u00e1ntaros en una excursi\u00f3n sin traslado desde Bariloche. Incluye navegaci\u00f3n guiada por el Nahuel Huapi. Reserv\u00e1 ahora.\" \/>\n<meta property=\"og:url\" content=\"https:\/\/adventurecenter.com.ar\/en\/product\/puerto-blest-los-cantaros-waterfall-without-relocation\/\" \/>\n<meta property=\"og:site_name\" content=\"Adventure Center\" \/>\n<meta property=\"article:modified_time\" content=\"2026-04-09T12:13:48+00:00\" \/>\n<meta property=\"og:image\" content=\"https:\/\/adventurecenter.com.ar\/wp-content\/uploads\/2025\/03\/1-A-20230902_164753-scaled.jpg\" \/>\n\t<meta property=\"og:image:width\" content=\"1901\" \/>\n\t<meta property=\"og:image:height\" content=\"2560\" \/>\n\t<meta property=\"og:image:type\" content=\"image\/jpeg\" \/>\n<meta name=\"twitter:card\" content=\"summary_large_image\" \/>\n<meta name=\"twitter:label1\" content=\"Price\" \/>\n\t<meta name=\"twitter:data1\" content=\"&#036;&nbsp;136.000,00\" \/>\n\t<meta name=\"twitter:label2\" content=\"Availability\" \/>\n\t<meta name=\"twitter:data2\" content=\"In stock\" \/>\n<script type=\"application\/ld+json\" class=\"yoast-schema-graph\">{\"@context\":\"https:\/\/schema.org\",\"@graph\":[{\"@type\":[\"WebPage\",\"ItemPage\"],\"@id\":\"https:\/\/adventurecenter.com.ar\/product\/puerto-blest-cascada-los-cantaros-sin-traslado\/\",\"url\":\"https:\/\/adventurecenter.com.ar\/product\/puerto-blest-cascada-los-cantaros-sin-traslado\/\",\"name\":\"Puerto Blest y Cascada Los C\u00e1ntaros | Excursi\u00f3n sin traslado - Adventure Center\",\"isPartOf\":{\"@id\":\"https:\/\/adventurecenter.com.ar\/#website\"},\"primaryImageOfPage\":{\"@id\":\"https:\/\/adventurecenter.com.ar\/product\/puerto-blest-cascada-los-cantaros-sin-traslado\/#primaryimage\"},\"image\":{\"@id\":\"https:\/\/adventurecenter.com.ar\/product\/puerto-blest-cascada-los-cantaros-sin-traslado\/#primaryimage\"},\"thumbnailUrl\":\"https:\/\/adventurecenter.com.ar\/wp-content\/uploads\/2025\/03\/1-A-20230902_164753-scaled.jpg\",\"datePublished\":\"2025-03-20T23:32:24+00:00\",\"dateModified\":\"2026-04-09T12:13:48+00:00\",\"description\":\"Viv\u00ed Puerto Blest y la Cascada Los C\u00e1ntaros en una excursi\u00f3n sin traslado desde Bariloche. Incluye navegaci\u00f3n guiada por el Nahuel Huapi. Reserv\u00e1 ahora.\",\"breadcrumb\":{\"@id\":\"https:\/\/adventurecenter.com.ar\/product\/puerto-blest-cascada-los-cantaros-sin-traslado\/#breadcrumb\"},\"inLanguage\":\"en-US\",\"potentialAction\":[{\"@type\":\"ReadAction\",\"target\":[\"https:\/\/adventurecenter.com.ar\/product\/puerto-blest-cascada-los-cantaros-sin-traslado\/\"]}]},{\"@type\":\"ImageObject\",\"inLanguage\":\"en-US\",\"@id\":\"https:\/\/adventurecenter.com.ar\/product\/puerto-blest-cascada-los-cantaros-sin-traslado\/#primaryimage\",\"url\":\"https:\/\/adventurecenter.com.ar\/wp-content\/uploads\/2025\/03\/1-A-20230902_164753-scaled.jpg\",\"contentUrl\":\"https:\/\/adventurecenter.com.ar\/wp-content\/uploads\/2025\/03\/1-A-20230902_164753-scaled.jpg\",\"width\":1901,\"height\":2560},{\"@type\":\"BreadcrumbList\",\"@id\":\"https:\/\/adventurecenter.com.ar\/product\/puerto-blest-cascada-los-cantaros-sin-traslado\/#breadcrumb\",\"itemListElement\":[{\"@type\":\"ListItem\",\"position\":1,\"name\":\"Home\",\"item\":\"https:\/\/adventurecenter.com.ar\/\"},{\"@type\":\"ListItem\",\"position\":2,\"name\":\"Lista de excursiones\",\"item\":\"https:\/\/adventurecenter.com.ar\/shop\/\"},{\"@type\":\"ListItem\",\"position\":3,\"name\":\"Puerto Blest y Cascada \u201cLos Cantaros\u201d Sin Traslado\"}]},{\"@type\":\"WebSite\",\"@id\":\"https:\/\/adventurecenter.com.ar\/#website\",\"url\":\"https:\/\/adventurecenter.com.ar\/\",\"name\":\"Adventure Center\",\"description\":\"Turismo en Bariloche Patagonia Argentina\",\"publisher\":{\"@id\":\"https:\/\/adventurecenter.com.ar\/#organization\"},\"potentialAction\":[{\"@type\":\"SearchAction\",\"target\":{\"@type\":\"EntryPoint\",\"urlTemplate\":\"https:\/\/adventurecenter.com.ar\/?s={search_term_string}\"},\"query-input\":{\"@type\":\"PropertyValueSpecification\",\"valueRequired\":true,\"valueName\":\"search_term_string\"}}],\"inLanguage\":\"en-US\"},{\"@type\":\"Organization\",\"@id\":\"https:\/\/adventurecenter.com.ar\/#organization\",\"name\":\"Adventure Center\",\"url\":\"https:\/\/adventurecenter.com.ar\/\",\"logo\":{\"@type\":\"ImageObject\",\"inLanguage\":\"en-US\",\"@id\":\"https:\/\/adventurecenter.com.ar\/#\/schema\/logo\/image\/\",\"url\":\"https:\/\/adventurecenter.com.ar\/wp-content\/uploads\/2022\/10\/logo-definitivo-copia.png\",\"contentUrl\":\"https:\/\/adventurecenter.com.ar\/wp-content\/uploads\/2022\/10\/logo-definitivo-copia.png\",\"width\":150,\"height\":55,\"caption\":\"Adventure Center\"},\"image\":{\"@id\":\"https:\/\/adventurecenter.com.ar\/#\/schema\/logo\/image\/\"}}]}<\/script>\n<meta property=\"product:price:amount\" content=\"136000.00\" \/>\n<meta property=\"product:price:currency\" content=\"ARS\" \/>\n<meta property=\"og:availability\" content=\"instock\" \/>\n<meta property=\"product:availability\" content=\"instock\" \/>\n<meta property=\"product:retailer_item_id\" content=\"ADV2025PUBLYC297O\" \/>\n<meta property=\"product:condition\" content=\"new\" \/>\n<!-- \/ Yoast SEO Premium plugin. -->","yoast_head_json":{"title":"Puerto Blest and Los C\u00e1ntaros Waterfall - Excursion without transfer - Adventure Center","description":"Experience Puerto Blest and Los C\u00e1ntaros Waterfall in a tour without transfer from Bariloche. Includes guided navigation on the Nahuel Huapi. Book now.","robots":{"index":"index","follow":"follow","max-snippet":"max-snippet:-1","max-image-preview":"max-image-preview:large","max-video-preview":"max-video-preview:-1"},"canonical":"https:\/\/adventurecenter.com.ar\/en\/product\/puerto-blest-los-cantaros-waterfall-without-relocation\/","og_locale":"en_US","og_type":"article","og_title":"Puerto Blest y Cascada \u201cLos Cantaros\u201d Sin Traslado","og_description":"Viv\u00ed Puerto Blest y la Cascada Los C\u00e1ntaros en una excursi\u00f3n sin traslado desde Bariloche. Incluye navegaci\u00f3n guiada por el Nahuel Huapi. Reserv\u00e1 ahora.","og_url":"https:\/\/adventurecenter.com.ar\/en\/product\/puerto-blest-los-cantaros-waterfall-without-relocation\/","og_site_name":"Adventure Center","article_modified_time":"2026-04-09T12:13:48+00:00","og_image":[{"width":1901,"height":2560,"url":"https:\/\/adventurecenter.com.ar\/wp-content\/uploads\/2025\/03\/1-A-20230902_164753-scaled.jpg","type":"image\/jpeg"}],"twitter_card":"summary_large_image","twitter_misc":{"Price":"&#36;&nbsp;136.000,00","Availability":"In stock"},"schema":{"@context":"https:\/\/schema.org","@graph":[{"@type":["WebPage","ItemPage"],"@id":"https:\/\/adventurecenter.com.ar\/product\/puerto-blest-cascada-los-cantaros-sin-traslado\/","url":"https:\/\/adventurecenter.com.ar\/product\/puerto-blest-cascada-los-cantaros-sin-traslado\/","name":"Puerto Blest and Los C\u00e1ntaros Waterfall - Excursion without transfer - Adventure Center","isPartOf":{"@id":"https:\/\/adventurecenter.com.ar\/#website"},"primaryImageOfPage":{"@id":"https:\/\/adventurecenter.com.ar\/product\/puerto-blest-cascada-los-cantaros-sin-traslado\/#primaryimage"},"image":{"@id":"https:\/\/adventurecenter.com.ar\/product\/puerto-blest-cascada-los-cantaros-sin-traslado\/#primaryimage"},"thumbnailUrl":"https:\/\/adventurecenter.com.ar\/wp-content\/uploads\/2025\/03\/1-A-20230902_164753-scaled.jpg","datePublished":"2025-03-20T23:32:24+00:00","dateModified":"2026-04-09T12:13:48+00:00","description":"Experience Puerto Blest and Los C\u00e1ntaros Waterfall in a tour without transfer from Bariloche. Includes guided navigation on the Nahuel Huapi. Book now.","breadcrumb":{"@id":"https:\/\/adventurecenter.com.ar\/product\/puerto-blest-cascada-los-cantaros-sin-traslado\/#breadcrumb"},"inLanguage":"en-US","potentialAction":[{"@type":"ReadAction","target":["https:\/\/adventurecenter.com.ar\/product\/puerto-blest-cascada-los-cantaros-sin-traslado\/"]}]},{"@type":"ImageObject","inLanguage":"en-US","@id":"https:\/\/adventurecenter.com.ar\/product\/puerto-blest-cascada-los-cantaros-sin-traslado\/#primaryimage","url":"https:\/\/adventurecenter.com.ar\/wp-content\/uploads\/2025\/03\/1-A-20230902_164753-scaled.jpg","contentUrl":"https:\/\/adventurecenter.com.ar\/wp-content\/uploads\/2025\/03\/1-A-20230902_164753-scaled.jpg","width":1901,"height":2560},{"@type":"BreadcrumbList","@id":"https:\/\/adventurecenter.com.ar\/product\/puerto-blest-cascada-los-cantaros-sin-traslado\/#breadcrumb","itemListElement":[{"@type":"ListItem","position":1,"name":"Home","item":"https:\/\/adventurecenter.com.ar\/"},{"@type":"ListItem","position":2,"name":"Lista de excursiones","item":"https:\/\/adventurecenter.com.ar\/shop\/"},{"@type":"ListItem","position":3,"name":"Puerto Blest y Cascada \u201cLos Cantaros\u201d Sin Traslado"}]},{"@type":"WebSite","@id":"https:\/\/adventurecenter.com.ar\/#website","url":"https:\/\/adventurecenter.com.ar\/","name":"Adventure Center","description":"Tourism in Bariloche Patagonia Argentina","publisher":{"@id":"https:\/\/adventurecenter.com.ar\/#organization"},"potentialAction":[{"@type":"SearchAction","target":{"@type":"EntryPoint","urlTemplate":"https:\/\/adventurecenter.com.ar\/?s={search_term_string}"},"query-input":{"@type":"PropertyValueSpecification","valueRequired":true,"valueName":"search_term_string"}}],"inLanguage":"en-US"},{"@type":"Organization","@id":"https:\/\/adventurecenter.com.ar\/#organization","name":"Adventure Center","url":"https:\/\/adventurecenter.com.ar\/","logo":{"@type":"ImageObject","inLanguage":"en-US","@id":"https:\/\/adventurecenter.com.ar\/#\/schema\/logo\/image\/","url":"https:\/\/adventurecenter.com.ar\/wp-content\/uploads\/2022\/10\/logo-definitivo-copia.png","contentUrl":"https:\/\/adventurecenter.com.ar\/wp-content\/uploads\/2022\/10\/logo-definitivo-copia.png","width":150,"height":55,"caption":"Adventure Center"},"image":{"@id":"https:\/\/adventurecenter.com.ar\/#\/schema\/logo\/image\/"}}]},"product_price_amount":"136000.00","product_price_currency":"ARS","og_availability":"instock","product_availability":"instock","product_retailer_item_id":"ADV2025PUBLYC297O","product_condition":"new"},"_links":{"self":[{"href":"https:\/\/adventurecenter.com.ar\/en\/wp-json\/wp\/v2\/product\/376935","targetHints":{"allow":["GET"]}}],"collection":[{"href":"https:\/\/adventurecenter.com.ar\/en\/wp-json\/wp\/v2\/product"}],"about":[{"href":"https:\/\/adventurecenter.com.ar\/en\/wp-json\/wp\/v2\/types\/product"}],"replies":[{"embeddable":true,"href":"https:\/\/adventurecenter.com.ar\/en\/wp-json\/wp\/v2\/comments?post=376935"}],"wp:featuredmedia":[{"embeddable":true,"href":"https:\/\/adventurecenter.com.ar\/en\/wp-json\/wp\/v2\/media\/379182"}],"wp:attachment":[{"href":"https:\/\/adventurecenter.com.ar\/en\/wp-json\/wp\/v2\/media?parent=376935"}],"wp:term":[{"taxonomy":"product_brand","embeddable":true,"href":"https:\/\/adventurecenter.com.ar\/en\/wp-json\/wp\/v2\/product_brand?post=376935"},{"taxonomy":"product_cat","embeddable":true,"href":"https:\/\/adventurecenter.com.ar\/en\/wp-json\/wp\/v2\/product_cat?post=376935"},{"taxonomy":"product_tag","embeddable":true,"href":"https:\/\/adventurecenter.com.ar\/en\/wp-json\/wp\/v2\/product_tag?post=376935"}],"curies":[{"name":"wp","href":"https:\/\/api.w.org\/{rel}","templated":true}]}}