{"id":376934,"date":"2025-03-20T20:32:08","date_gmt":"2025-03-20T23:32:08","guid":{"rendered":"https:\/\/adventurecenter.com.ar\/?post_type=product&#038;p=376934"},"modified":"2026-04-09T09:13:48","modified_gmt":"2026-04-09T12:13:48","slug":"puerto-blest-cascada-los-cantaros-lago-frias-sin-traslado","status":"publish","type":"product","link":"https:\/\/adventurecenter.com.ar\/en\/product\/puerto-blest-waterfall-cantaros-lake-frias-without-transfer\/","title":{"rendered":"Puerto Blest and \"Los Cantaros\" Waterfall + Lake Frias without Transfer"},"content":{"rendered":"<h2>Immerse yourself in the serenity of Puerto Blest and the Cascada de los C\u00e1ntaros.<\/h2>\n<p>Start from <strong>Puerto Pa\u00f1uelo<\/strong>located only 25 km from <strong>San Carlos de Bariloche<\/strong>to experience an unparalleled voyage through the waters of the <strong>Nahuel Huapi Lake<\/strong>. During the tour, admire the <strong>Sentinel Islet<\/strong>the resting place of the celebrated <strong>Perito Moreno<\/strong>and walk along fascinating walkways that will guide you to the spectacular <strong>Los C\u00e1ntaros Waterfall<\/strong>surrounded by imposing granite walls.<\/p>\n<h3>A Journey of Connection with Nature<\/h3>\n<p>While cruising, enjoy splendid views of the <strong>Andes mountain range<\/strong> and the islands that populate this majestic region. At <strong>Puerto Blest<\/strong>explore the serenity of the <strong>Bay<\/strong> and contemplate the emerald waters of the <strong>Lake Frias<\/strong>stained by the erosion of the glaciers of the <strong>Cerro Tronador<\/strong>.<\/p>\n<h3>Adventure Experiences<\/h3>\n<ul>\n<li><strong>Guided walks<\/strong> through the exuberant Valdivian rainforest, home to an incredible biodiversity.<\/li>\n<li><strong>Trails<\/strong> that adapt to a variety of abilities, allowing you to explore at your own pace.<\/li>\n<\/ul>\n<h2>Navigation Alternatives and Conveniences<\/h2>\n<p>Their odyssey concludes with the return to <strong>Puerto Pa\u00f1uelo<\/strong> navigating the <strong>Blest Arm<\/strong>where the <strong>Cerro Tronador<\/strong> offers a captivating sunset. The extension to the <strong>Lake Frias<\/strong> includes a short bus ride of 3 km to <strong>Puerto Alegre<\/strong>From there, you will set sail in a modern boat to admire this beautiful lake.<\/p>\n<h3>Useful Data<\/h3>\n<ul>\n<li><strong>Duration:<\/strong> 9:00 a.m. to 5:00 p.m. approximately.<\/li>\n<li><strong>Includes:<\/strong> Guided nautical excursions, walks in the forest, sailing on Lake Frias.<\/li>\n<li><strong>Does not include:<\/strong> Transfer to <strong>Puerto Pa\u00f1uelo<\/strong>meals (paradors are available) and National Park entrance fees.<\/li>\n<\/ul>\n<h2>Frequently Asked Questions<\/h2>\n<ul>\n<li><strong>Where do I pay the National Park entrance and boarding fee?<\/strong><br \/>\nThese docks are cancelled in <strong>Puerto Pa\u00f1uelo<\/strong>The only way to pay is in cash in Argentine pesos on the day of the activity. Residents of <strong>San Carlos de Bariloche<\/strong>The tax is exempted for persons with disabilities, persons under five years of age, and retirees.<\/li>\n<li><strong>Is the discount for retirees exclusive for Argentines?<\/strong><br \/>\nYes, the reduced fare is only for Argentine retirees, and the corresponding ID card must be presented upon boarding.<\/li>\n<li><strong>How long are the walks?<\/strong><br \/>\nThe walks in <strong>Puerto Blest<\/strong> vary in difficulty. The route to the <strong>Los C\u00e1ntaros Waterfall<\/strong> includes about 700 steps, with viewpoints and rest areas.<\/li>\n<\/ul>","protected":false},"excerpt":{"rendered":"<h2>Exploration in Puerto Blest and \"Los C\u00e1ntaros\" Waterfall<\/h2>\n<p>Start from <strong>Puerto Pa\u00f1uelo<\/strong> on an unforgettable journey towards the <strong>Los C\u00e1ntaros Waterfall<\/strong>sailing the serene waters of the <strong>Nahuel Huapi Lake<\/strong>. Discover the enigmatic <strong>Lake Frias<\/strong> and walk along the paths of the <strong>valdivian forest<\/strong> under the imposing majesty of the <strong>Andes mountain range<\/strong>.<\/p>","protected":false},"featured_media":379184,"comment_status":"open","ping_status":"closed","template":"","meta":[],"product_brand":[],"product_cat":[85,79,71,73,90,101,81,83],"product_tag":[],"class_list":{"0":"post-376934","1":"product","2":"type-product","3":"status-publish","4":"has-post-thumbnail","6":"product_cat-adultos","7":"product_cat-familia","8":"product_cat-jubilados","9":"product_cat-lacustre","10":"product_cat-ninos","11":"product_cat-sin-comida","12":"product_cat-sin-traslado","13":"product_cat-todo-el-ano","15":"first","16":"instock","17":"virtual","18":"sold-individually","19":"purchasable","20":"product-type-booking"},"booking_location":"","booking_location_type":"","booking_duration":60,"booking_duration_unit":"minute","booking_buffer":0,"booking_cost":0,"booking_resources":[],"exclude_global_add_ons":false,"addons":[{"name":"ADU | Adult","type":"input_multiplier","position":0,"required":false,"title_format":"label","default":"","description_enable":false,"description":"","placeholder_enable":false,"placeholder":"","display":"select","restrictions_type":"any_text","adjust_price":true,"price":"190000","price_type":"quantity_based","restrictions":false,"min":"0","max":"0","options":[],"id":1773233364},{"name":"MEN512 | from 5 to 12","type":"input_multiplier","position":1,"required":false,"title_format":"label","default":"","description_enable":false,"description":"","placeholder_enable":false,"placeholder":"","display":"select","restrictions_type":"any_text","adjust_price":true,"price":"97000","price_type":"quantity_based","restrictions":false,"min":"0","max":"0","options":[],"id":1773233365},{"name":"ADUJ : Retired","type":"input_multiplier","position":2,"required":false,"title_format":"label","default":"","description_enable":false,"description":"","placeholder_enable":false,"placeholder":"","display":"select","restrictions_type":"any_text","adjust_price":true,"price":"97000","price_type":"quantity_based","restrictions":false,"min":"0","max":"0","options":[],"id":1773233366}],"yoast_head":"<!-- This site is optimized with the Yoast SEO Premium plugin v24.5 (Yoast SEO v24.8) - https:\/\/yoast.com\/wordpress\/plugins\/seo\/ -->\n<title>Puerto Blest, Los C\u00e1ntaros y Lago Fr\u00edas | Sin traslado - Adventure Center<\/title>\n<meta name=\"description\" content=\"Naveg\u00e1 desde Puerto Pa\u00f1uelo por el Nahuel Huapi y descubr\u00ed Puerto Blest, la Cascada Los C\u00e1ntaros y el Lago Fr\u00edas. Excursi\u00f3n sin traslado ideal.\" \/>\n<meta name=\"robots\" content=\"index, follow, max-snippet:-1, max-image-preview:large, max-video-preview:-1\" \/>\n<link rel=\"canonical\" href=\"https:\/\/adventurecenter.com.ar\/en\/product\/puerto-blest-waterfall-cantaros-lake-frias-without-transfer\/\" \/>\n<meta property=\"og:locale\" content=\"en_US\" \/>\n<meta property=\"og:type\" content=\"article\" \/>\n<meta property=\"og:title\" content=\"Puerto Blest y Cascada \u201cLos Cantaros\u201d + Lago Frias sin Traslado\" \/>\n<meta property=\"og:description\" content=\"Naveg\u00e1 desde Puerto Pa\u00f1uelo por el Nahuel Huapi y descubr\u00ed Puerto Blest, la Cascada Los C\u00e1ntaros y el Lago Fr\u00edas. Excursi\u00f3n sin traslado ideal.\" \/>\n<meta property=\"og:url\" content=\"https:\/\/adventurecenter.com.ar\/en\/product\/puerto-blest-waterfall-cantaros-lake-frias-without-transfer\/\" \/>\n<meta property=\"og:site_name\" content=\"Adventure Center\" \/>\n<meta property=\"article:modified_time\" content=\"2026-04-09T12:13:48+00:00\" \/>\n<meta property=\"og:image\" content=\"https:\/\/adventurecenter.com.ar\/wp-content\/uploads\/2025\/03\/1-C-Cascada-de-los-Cantaros-scaled.jpg\" \/>\n\t<meta property=\"og:image:width\" content=\"2016\" \/>\n\t<meta property=\"og:image:height\" content=\"2560\" \/>\n\t<meta property=\"og:image:type\" content=\"image\/jpeg\" \/>\n<meta name=\"twitter:card\" content=\"summary_large_image\" \/>\n<meta name=\"twitter:label1\" content=\"Price\" \/>\n\t<meta name=\"twitter:data1\" content=\"&#036;&nbsp;190.000,00\" \/>\n\t<meta name=\"twitter:label2\" content=\"Availability\" \/>\n\t<meta name=\"twitter:data2\" content=\"In stock\" \/>\n<script type=\"application\/ld+json\" class=\"yoast-schema-graph\">{\"@context\":\"https:\/\/schema.org\",\"@graph\":[{\"@type\":[\"WebPage\",\"ItemPage\"],\"@id\":\"https:\/\/adventurecenter.com.ar\/product\/puerto-blest-cascada-los-cantaros-lago-frias-sin-traslado\/\",\"url\":\"https:\/\/adventurecenter.com.ar\/product\/puerto-blest-cascada-los-cantaros-lago-frias-sin-traslado\/\",\"name\":\"Puerto Blest, Los C\u00e1ntaros y Lago Fr\u00edas | Sin traslado - Adventure Center\",\"isPartOf\":{\"@id\":\"https:\/\/adventurecenter.com.ar\/#website\"},\"primaryImageOfPage\":{\"@id\":\"https:\/\/adventurecenter.com.ar\/product\/puerto-blest-cascada-los-cantaros-lago-frias-sin-traslado\/#primaryimage\"},\"image\":{\"@id\":\"https:\/\/adventurecenter.com.ar\/product\/puerto-blest-cascada-los-cantaros-lago-frias-sin-traslado\/#primaryimage\"},\"thumbnailUrl\":\"https:\/\/adventurecenter.com.ar\/wp-content\/uploads\/2025\/03\/1-C-Cascada-de-los-Cantaros-scaled.jpg\",\"datePublished\":\"2025-03-20T23:32:08+00:00\",\"dateModified\":\"2026-04-09T12:13:48+00:00\",\"description\":\"Naveg\u00e1 desde Puerto Pa\u00f1uelo por el Nahuel Huapi y descubr\u00ed Puerto Blest, la Cascada Los C\u00e1ntaros y el Lago Fr\u00edas. Excursi\u00f3n sin traslado ideal.\",\"breadcrumb\":{\"@id\":\"https:\/\/adventurecenter.com.ar\/product\/puerto-blest-cascada-los-cantaros-lago-frias-sin-traslado\/#breadcrumb\"},\"inLanguage\":\"en-US\",\"potentialAction\":[{\"@type\":\"ReadAction\",\"target\":[\"https:\/\/adventurecenter.com.ar\/product\/puerto-blest-cascada-los-cantaros-lago-frias-sin-traslado\/\"]}]},{\"@type\":\"ImageObject\",\"inLanguage\":\"en-US\",\"@id\":\"https:\/\/adventurecenter.com.ar\/product\/puerto-blest-cascada-los-cantaros-lago-frias-sin-traslado\/#primaryimage\",\"url\":\"https:\/\/adventurecenter.com.ar\/wp-content\/uploads\/2025\/03\/1-C-Cascada-de-los-Cantaros-scaled.jpg\",\"contentUrl\":\"https:\/\/adventurecenter.com.ar\/wp-content\/uploads\/2025\/03\/1-C-Cascada-de-los-Cantaros-scaled.jpg\",\"width\":2016,\"height\":2560},{\"@type\":\"BreadcrumbList\",\"@id\":\"https:\/\/adventurecenter.com.ar\/product\/puerto-blest-cascada-los-cantaros-lago-frias-sin-traslado\/#breadcrumb\",\"itemListElement\":[{\"@type\":\"ListItem\",\"position\":1,\"name\":\"Home\",\"item\":\"https:\/\/adventurecenter.com.ar\/\"},{\"@type\":\"ListItem\",\"position\":2,\"name\":\"Lista de excursiones\",\"item\":\"https:\/\/adventurecenter.com.ar\/shop\/\"},{\"@type\":\"ListItem\",\"position\":3,\"name\":\"Puerto Blest y Cascada \u201cLos Cantaros\u201d + Lago Frias sin Traslado\"}]},{\"@type\":\"WebSite\",\"@id\":\"https:\/\/adventurecenter.com.ar\/#website\",\"url\":\"https:\/\/adventurecenter.com.ar\/\",\"name\":\"Adventure Center\",\"description\":\"Turismo en Bariloche Patagonia Argentina\",\"publisher\":{\"@id\":\"https:\/\/adventurecenter.com.ar\/#organization\"},\"potentialAction\":[{\"@type\":\"SearchAction\",\"target\":{\"@type\":\"EntryPoint\",\"urlTemplate\":\"https:\/\/adventurecenter.com.ar\/?s={search_term_string}\"},\"query-input\":{\"@type\":\"PropertyValueSpecification\",\"valueRequired\":true,\"valueName\":\"search_term_string\"}}],\"inLanguage\":\"en-US\"},{\"@type\":\"Organization\",\"@id\":\"https:\/\/adventurecenter.com.ar\/#organization\",\"name\":\"Adventure Center\",\"url\":\"https:\/\/adventurecenter.com.ar\/\",\"logo\":{\"@type\":\"ImageObject\",\"inLanguage\":\"en-US\",\"@id\":\"https:\/\/adventurecenter.com.ar\/#\/schema\/logo\/image\/\",\"url\":\"https:\/\/adventurecenter.com.ar\/wp-content\/uploads\/2022\/10\/logo-definitivo-copia.png\",\"contentUrl\":\"https:\/\/adventurecenter.com.ar\/wp-content\/uploads\/2022\/10\/logo-definitivo-copia.png\",\"width\":150,\"height\":55,\"caption\":\"Adventure Center\"},\"image\":{\"@id\":\"https:\/\/adventurecenter.com.ar\/#\/schema\/logo\/image\/\"}}]}<\/script>\n<meta property=\"product:price:amount\" content=\"190000.00\" \/>\n<meta property=\"product:price:currency\" content=\"ARS\" \/>\n<meta property=\"og:availability\" content=\"instock\" \/>\n<meta property=\"product:availability\" content=\"instock\" \/>\n<meta property=\"product:retailer_item_id\" content=\"ADV2025PUBLYC33V7\" \/>\n<meta property=\"product:condition\" content=\"new\" \/>\n<!-- \/ Yoast SEO Premium plugin. -->","yoast_head_json":{"title":"Puerto Blest, Los C\u00e1ntaros and Lago Fr\u00edas | No transfer - Adventure Center","description":"Sail from Puerto Pa\u00f1uelo on the Nahuel Huapi and discover Puerto Blest, Los C\u00e1ntaros Waterfall and Fr\u00edas Lake. Ideal excursion without transfer.","robots":{"index":"index","follow":"follow","max-snippet":"max-snippet:-1","max-image-preview":"max-image-preview:large","max-video-preview":"max-video-preview:-1"},"canonical":"https:\/\/adventurecenter.com.ar\/en\/product\/puerto-blest-waterfall-cantaros-lake-frias-without-transfer\/","og_locale":"en_US","og_type":"article","og_title":"Puerto Blest y Cascada \u201cLos Cantaros\u201d + Lago Frias sin Traslado","og_description":"Naveg\u00e1 desde Puerto Pa\u00f1uelo por el Nahuel Huapi y descubr\u00ed Puerto Blest, la Cascada Los C\u00e1ntaros y el Lago Fr\u00edas. Excursi\u00f3n sin traslado ideal.","og_url":"https:\/\/adventurecenter.com.ar\/en\/product\/puerto-blest-waterfall-cantaros-lake-frias-without-transfer\/","og_site_name":"Adventure Center","article_modified_time":"2026-04-09T12:13:48+00:00","og_image":[{"width":2016,"height":2560,"url":"https:\/\/adventurecenter.com.ar\/wp-content\/uploads\/2025\/03\/1-C-Cascada-de-los-Cantaros-scaled.jpg","type":"image\/jpeg"}],"twitter_card":"summary_large_image","twitter_misc":{"Price":"&#36;&nbsp;190.000,00","Availability":"In stock"},"schema":{"@context":"https:\/\/schema.org","@graph":[{"@type":["WebPage","ItemPage"],"@id":"https:\/\/adventurecenter.com.ar\/product\/puerto-blest-cascada-los-cantaros-lago-frias-sin-traslado\/","url":"https:\/\/adventurecenter.com.ar\/product\/puerto-blest-cascada-los-cantaros-lago-frias-sin-traslado\/","name":"Puerto Blest, Los C\u00e1ntaros and Lago Fr\u00edas | No transfer - Adventure Center","isPartOf":{"@id":"https:\/\/adventurecenter.com.ar\/#website"},"primaryImageOfPage":{"@id":"https:\/\/adventurecenter.com.ar\/product\/puerto-blest-cascada-los-cantaros-lago-frias-sin-traslado\/#primaryimage"},"image":{"@id":"https:\/\/adventurecenter.com.ar\/product\/puerto-blest-cascada-los-cantaros-lago-frias-sin-traslado\/#primaryimage"},"thumbnailUrl":"https:\/\/adventurecenter.com.ar\/wp-content\/uploads\/2025\/03\/1-C-Cascada-de-los-Cantaros-scaled.jpg","datePublished":"2025-03-20T23:32:08+00:00","dateModified":"2026-04-09T12:13:48+00:00","description":"Sail from Puerto Pa\u00f1uelo on the Nahuel Huapi and discover Puerto Blest, Los C\u00e1ntaros Waterfall and Fr\u00edas Lake. Ideal excursion without transfer.","breadcrumb":{"@id":"https:\/\/adventurecenter.com.ar\/product\/puerto-blest-cascada-los-cantaros-lago-frias-sin-traslado\/#breadcrumb"},"inLanguage":"en-US","potentialAction":[{"@type":"ReadAction","target":["https:\/\/adventurecenter.com.ar\/product\/puerto-blest-cascada-los-cantaros-lago-frias-sin-traslado\/"]}]},{"@type":"ImageObject","inLanguage":"en-US","@id":"https:\/\/adventurecenter.com.ar\/product\/puerto-blest-cascada-los-cantaros-lago-frias-sin-traslado\/#primaryimage","url":"https:\/\/adventurecenter.com.ar\/wp-content\/uploads\/2025\/03\/1-C-Cascada-de-los-Cantaros-scaled.jpg","contentUrl":"https:\/\/adventurecenter.com.ar\/wp-content\/uploads\/2025\/03\/1-C-Cascada-de-los-Cantaros-scaled.jpg","width":2016,"height":2560},{"@type":"BreadcrumbList","@id":"https:\/\/adventurecenter.com.ar\/product\/puerto-blest-cascada-los-cantaros-lago-frias-sin-traslado\/#breadcrumb","itemListElement":[{"@type":"ListItem","position":1,"name":"Home","item":"https:\/\/adventurecenter.com.ar\/"},{"@type":"ListItem","position":2,"name":"Lista de excursiones","item":"https:\/\/adventurecenter.com.ar\/shop\/"},{"@type":"ListItem","position":3,"name":"Puerto Blest y Cascada \u201cLos Cantaros\u201d + Lago Frias sin Traslado"}]},{"@type":"WebSite","@id":"https:\/\/adventurecenter.com.ar\/#website","url":"https:\/\/adventurecenter.com.ar\/","name":"Adventure Center","description":"Tourism in Bariloche Patagonia Argentina","publisher":{"@id":"https:\/\/adventurecenter.com.ar\/#organization"},"potentialAction":[{"@type":"SearchAction","target":{"@type":"EntryPoint","urlTemplate":"https:\/\/adventurecenter.com.ar\/?s={search_term_string}"},"query-input":{"@type":"PropertyValueSpecification","valueRequired":true,"valueName":"search_term_string"}}],"inLanguage":"en-US"},{"@type":"Organization","@id":"https:\/\/adventurecenter.com.ar\/#organization","name":"Adventure Center","url":"https:\/\/adventurecenter.com.ar\/","logo":{"@type":"ImageObject","inLanguage":"en-US","@id":"https:\/\/adventurecenter.com.ar\/#\/schema\/logo\/image\/","url":"https:\/\/adventurecenter.com.ar\/wp-content\/uploads\/2022\/10\/logo-definitivo-copia.png","contentUrl":"https:\/\/adventurecenter.com.ar\/wp-content\/uploads\/2022\/10\/logo-definitivo-copia.png","width":150,"height":55,"caption":"Adventure Center"},"image":{"@id":"https:\/\/adventurecenter.com.ar\/#\/schema\/logo\/image\/"}}]},"product_price_amount":"190000.00","product_price_currency":"ARS","og_availability":"instock","product_availability":"instock","product_retailer_item_id":"ADV2025PUBLYC33V7","product_condition":"new"},"_links":{"self":[{"href":"https:\/\/adventurecenter.com.ar\/en\/wp-json\/wp\/v2\/product\/376934","targetHints":{"allow":["GET"]}}],"collection":[{"href":"https:\/\/adventurecenter.com.ar\/en\/wp-json\/wp\/v2\/product"}],"about":[{"href":"https:\/\/adventurecenter.com.ar\/en\/wp-json\/wp\/v2\/types\/product"}],"replies":[{"embeddable":true,"href":"https:\/\/adventurecenter.com.ar\/en\/wp-json\/wp\/v2\/comments?post=376934"}],"wp:featuredmedia":[{"embeddable":true,"href":"https:\/\/adventurecenter.com.ar\/en\/wp-json\/wp\/v2\/media\/379184"}],"wp:attachment":[{"href":"https:\/\/adventurecenter.com.ar\/en\/wp-json\/wp\/v2\/media?parent=376934"}],"wp:term":[{"taxonomy":"product_brand","embeddable":true,"href":"https:\/\/adventurecenter.com.ar\/en\/wp-json\/wp\/v2\/product_brand?post=376934"},{"taxonomy":"product_cat","embeddable":true,"href":"https:\/\/adventurecenter.com.ar\/en\/wp-json\/wp\/v2\/product_cat?post=376934"},{"taxonomy":"product_tag","embeddable":true,"href":"https:\/\/adventurecenter.com.ar\/en\/wp-json\/wp\/v2\/product_tag?post=376934"}],"curies":[{"name":"wp","href":"https:\/\/api.w.org\/{rel}","templated":true}]}}