{"id":376931,"date":"2025-03-20T20:31:07","date_gmt":"2025-03-20T23:31:07","guid":{"rendered":"https:\/\/adventurecenter.com.ar\/?post_type=product&#038;p=376931"},"modified":"2026-04-10T16:23:47","modified_gmt":"2026-04-10T19:23:47","slug":"roca-negra-exclusivo","status":"publish","type":"product","link":"https:\/\/adventurecenter.com.ar\/en\/product\/exclusive-black-rock\/","title":{"rendered":"Roca Negra: Mountain flavors with paradise view"},"content":{"rendered":"<h2>Explore the Enchantment of Roca Negra Exclusive<\/h2>\n<p>We invite you to discover an unforgettable journey in Nahuel Huapi National Park. Only 25 km from San Carlos de Bariloche, this excursion starts at the base of the imposing Cerro Lopez, where our 4\u00d74 vehicles will take you through breathtaking mountain trails with spectacular views.<\/p>\n<h3>Tour Details<\/h3>\n<ul>\n<li><strong>Exclusive Transfer:<\/strong> Start the day with a comfortable transfer from your hotel to the start of the adventure.<\/li>\n<li><strong>Ascent 4\u00d74:<\/strong> Ride through mountainous routes and delight yourself with fascinating landscapes.<\/li>\n<li><strong>Hiking with snowshoes:<\/strong> Explore snowy landscapes in the company of expert guides, ensuring a safe and enriching experience.<\/li>\n<li><strong>Reception at the lodge:<\/strong> Savor authentic Andean dishes, from cheese fondue to delicious mountain desserts.<\/li>\n<\/ul>\n<h3>Frequently Asked Questions (FAQ)<\/h3>\n<ul>\n<li><strong>What is included in the itinerary?<\/strong>The tour includes transfer from the meeting point, ascent by 4\u00d74, guided snowshoe hike and reception at the refuge with lunch or snack.<\/li>\n<li><strong>What is not included in the offer?<\/strong>The package does not include beverages and snow gear, which must be purchased separately.<\/li>\n<li><strong>What are the available schedules for the excursion?<\/strong>The timetable options are from 10:00 to 16:30 or from 14:00 to 20:30, approximately.<\/li>\n<\/ul>\n<p>Roca Negra Exclusivo's proposal is an invitation to get into nature and connect with the environment in a unique and exclusive way.<\/p>\n<p><strong>Important notice:<\/strong> This tour is now available for advance booking. Departures operate from June 15 through August 20, subject to seasonal schedule.<\/p>","protected":false},"excerpt":{"rendered":"<p>Immerse yourself in an exclusive winter experience at Roca Negra. Adventure in 4\u00d74, snowshoeing through snowy landscapes and warm arrival at the refuge with a tasting of mountain delicacies. A unique opportunity to immerse yourself in the natural splendor.<\/p>","protected":false},"featured_media":379209,"comment_status":"open","ping_status":"closed","template":"","meta":[],"product_brand":[],"product_cat":[85,84,100,70,79,74,90,78],"product_tag":[],"class_list":{"0":"post-376931","1":"product","2":"type-product","3":"status-publish","4":"has-post-thumbnail","6":"product_cat-adultos","7":"product_cat-aventura","8":"product_cat-con-comida","9":"product_cat-con-traslado","10":"product_cat-familia","11":"product_cat-invierno","12":"product_cat-ninos","13":"product_cat-terrestre-tipo","15":"first","16":"instock","17":"virtual","18":"sold-individually","19":"purchasable","20":"product-type-booking"},"booking_location":"","booking_location_type":"","booking_duration":1,"booking_duration_unit":"hour","booking_buffer":0,"booking_cost":0,"booking_resources":[],"exclude_global_add_ons":false,"addons":[{"name":"ADU | Adult","type":"input_multiplier","position":0,"required":false,"title_format":"label","default":"","description_enable":false,"description":"","placeholder_enable":false,"placeholder":"","display":"select","restrictions_type":"any_text","adjust_price":true,"price":"288000","price_type":"quantity_based","restrictions":false,"min":"0","max":"0","options":[],"id":1775838228},{"name":"MEN412 | From 4 to 12","type":"input_multiplier","position":1,"required":false,"title_format":"label","default":"","description_enable":false,"description":"","placeholder_enable":false,"placeholder":"","display":"select","restrictions_type":"any_text","adjust_price":false,"price":"240000","price_type":"quantity_based","restrictions":false,"min":"0","max":"0","options":[],"id":1775838229}],"yoast_head":"<!-- This site is optimized with the Yoast SEO Premium plugin v24.5 (Yoast SEO v24.8) - https:\/\/yoast.com\/wordpress\/plugins\/seo\/ -->\n<title>Roca Negra: Sabores de monta\u00f1a con vista al para\u00edso - Adventure Center<\/title>\n<meta name=\"description\" content=\"Viv\u00ed una experiencia exclusiva en Roca Negra: ascenso en 4x4 al Cerro L\u00f3pez, caminata con raquetas por paisajes nevados y fondue en un refugio con vistas al Nahuel Huapi. \u00a1Reserv\u00e1 tu aventura invernal en Bariloche!\" \/>\n<meta name=\"robots\" content=\"index, follow, max-snippet:-1, max-image-preview:large, max-video-preview:-1\" \/>\n<link rel=\"canonical\" href=\"https:\/\/adventurecenter.com.ar\/en\/product\/exclusive-black-rock\/\" \/>\n<meta property=\"og:locale\" content=\"en_US\" \/>\n<meta property=\"og:type\" content=\"article\" \/>\n<meta property=\"og:title\" content=\"Roca Negra: Sabores de monta\u00f1a con vista al para\u00edso\" \/>\n<meta property=\"og:description\" content=\"Viv\u00ed una experiencia exclusiva en Roca Negra: ascenso en 4x4 al Cerro L\u00f3pez, caminata con raquetas por paisajes nevados y fondue en un refugio con vistas al Nahuel Huapi. \u00a1Reserv\u00e1 tu aventura invernal en Bariloche!\" \/>\n<meta property=\"og:url\" content=\"https:\/\/adventurecenter.com.ar\/en\/product\/exclusive-black-rock\/\" \/>\n<meta property=\"og:site_name\" content=\"Adventure Center\" \/>\n<meta property=\"article:modified_time\" content=\"2026-04-10T19:23:47+00:00\" \/>\n<meta property=\"og:image\" content=\"https:\/\/adventurecenter.com.ar\/wp-content\/uploads\/2025\/03\/1-B-WhatsApp-Image-2025-06-16-at-1dfdf-scaled.jpg\" \/>\n\t<meta property=\"og:image:width\" content=\"1986\" \/>\n\t<meta property=\"og:image:height\" content=\"2560\" \/>\n\t<meta property=\"og:image:type\" content=\"image\/jpeg\" \/>\n<meta name=\"twitter:card\" content=\"summary_large_image\" \/>\n<meta name=\"twitter:label1\" content=\"Price\" \/>\n\t<meta name=\"twitter:data1\" content=\"&#036;&nbsp;288.000,00\" \/>\n\t<meta name=\"twitter:label2\" content=\"Availability\" \/>\n\t<meta name=\"twitter:data2\" content=\"In stock\" \/>\n<script type=\"application\/ld+json\" class=\"yoast-schema-graph\">{\"@context\":\"https:\/\/schema.org\",\"@graph\":[{\"@type\":[\"WebPage\",\"ItemPage\"],\"@id\":\"https:\/\/adventurecenter.com.ar\/product\/roca-negra-exclusivo\/\",\"url\":\"https:\/\/adventurecenter.com.ar\/product\/roca-negra-exclusivo\/\",\"name\":\"Roca Negra: Sabores de monta\u00f1a con vista al para\u00edso - Adventure Center\",\"isPartOf\":{\"@id\":\"https:\/\/adventurecenter.com.ar\/#website\"},\"primaryImageOfPage\":{\"@id\":\"https:\/\/adventurecenter.com.ar\/product\/roca-negra-exclusivo\/#primaryimage\"},\"image\":{\"@id\":\"https:\/\/adventurecenter.com.ar\/product\/roca-negra-exclusivo\/#primaryimage\"},\"thumbnailUrl\":\"https:\/\/adventurecenter.com.ar\/wp-content\/uploads\/2025\/03\/1-B-WhatsApp-Image-2025-06-16-at-1dfdf-scaled.jpg\",\"datePublished\":\"2025-03-20T23:31:07+00:00\",\"dateModified\":\"2026-04-10T19:23:47+00:00\",\"description\":\"Viv\u00ed una experiencia exclusiva en Roca Negra: ascenso en 4x4 al Cerro L\u00f3pez, caminata con raquetas por paisajes nevados y fondue en un refugio con vistas al Nahuel Huapi. \u00a1Reserv\u00e1 tu aventura invernal en Bariloche!\",\"breadcrumb\":{\"@id\":\"https:\/\/adventurecenter.com.ar\/product\/roca-negra-exclusivo\/#breadcrumb\"},\"inLanguage\":\"en-US\",\"potentialAction\":[{\"@type\":\"ReadAction\",\"target\":[\"https:\/\/adventurecenter.com.ar\/product\/roca-negra-exclusivo\/\"]}]},{\"@type\":\"ImageObject\",\"inLanguage\":\"en-US\",\"@id\":\"https:\/\/adventurecenter.com.ar\/product\/roca-negra-exclusivo\/#primaryimage\",\"url\":\"https:\/\/adventurecenter.com.ar\/wp-content\/uploads\/2025\/03\/1-B-WhatsApp-Image-2025-06-16-at-1dfdf-scaled.jpg\",\"contentUrl\":\"https:\/\/adventurecenter.com.ar\/wp-content\/uploads\/2025\/03\/1-B-WhatsApp-Image-2025-06-16-at-1dfdf-scaled.jpg\",\"width\":1986,\"height\":2560},{\"@type\":\"BreadcrumbList\",\"@id\":\"https:\/\/adventurecenter.com.ar\/product\/roca-negra-exclusivo\/#breadcrumb\",\"itemListElement\":[{\"@type\":\"ListItem\",\"position\":1,\"name\":\"Home\",\"item\":\"https:\/\/adventurecenter.com.ar\/\"},{\"@type\":\"ListItem\",\"position\":2,\"name\":\"Lista de excursiones\",\"item\":\"https:\/\/adventurecenter.com.ar\/shop\/\"},{\"@type\":\"ListItem\",\"position\":3,\"name\":\"Roca Negra: Sabores de monta\u00f1a con vista al para\u00edso\"}]},{\"@type\":\"WebSite\",\"@id\":\"https:\/\/adventurecenter.com.ar\/#website\",\"url\":\"https:\/\/adventurecenter.com.ar\/\",\"name\":\"Adventure Center\",\"description\":\"Turismo en Bariloche Patagonia Argentina\",\"publisher\":{\"@id\":\"https:\/\/adventurecenter.com.ar\/#organization\"},\"potentialAction\":[{\"@type\":\"SearchAction\",\"target\":{\"@type\":\"EntryPoint\",\"urlTemplate\":\"https:\/\/adventurecenter.com.ar\/?s={search_term_string}\"},\"query-input\":{\"@type\":\"PropertyValueSpecification\",\"valueRequired\":true,\"valueName\":\"search_term_string\"}}],\"inLanguage\":\"en-US\"},{\"@type\":\"Organization\",\"@id\":\"https:\/\/adventurecenter.com.ar\/#organization\",\"name\":\"Adventure Center\",\"url\":\"https:\/\/adventurecenter.com.ar\/\",\"logo\":{\"@type\":\"ImageObject\",\"inLanguage\":\"en-US\",\"@id\":\"https:\/\/adventurecenter.com.ar\/#\/schema\/logo\/image\/\",\"url\":\"https:\/\/adventurecenter.com.ar\/wp-content\/uploads\/2022\/10\/logo-definitivo-copia.png\",\"contentUrl\":\"https:\/\/adventurecenter.com.ar\/wp-content\/uploads\/2022\/10\/logo-definitivo-copia.png\",\"width\":150,\"height\":55,\"caption\":\"Adventure Center\"},\"image\":{\"@id\":\"https:\/\/adventurecenter.com.ar\/#\/schema\/logo\/image\/\"}}]}<\/script>\n<meta property=\"product:price:amount\" content=\"288000.00\" \/>\n<meta property=\"product:price:currency\" content=\"ARS\" \/>\n<meta property=\"og:availability\" content=\"instock\" \/>\n<meta property=\"product:availability\" content=\"instock\" \/>\n<meta property=\"product:retailer_item_id\" content=\"ADV2025RONEEXHQG7\" \/>\n<meta property=\"product:condition\" content=\"new\" \/>\n<!-- \/ Yoast SEO Premium plugin. -->","yoast_head_json":{"title":"Roca Negra: Mountain flavors with a view to paradise - Adventure Center","description":"Live an exclusive experience in Roca Negra: 4x4 ascent to Cerro Lopez, snowshoeing through snowy landscapes and fondue in a shelter overlooking the Nahuel Huapi. Book your winter adventure in Bariloche!","robots":{"index":"index","follow":"follow","max-snippet":"max-snippet:-1","max-image-preview":"max-image-preview:large","max-video-preview":"max-video-preview:-1"},"canonical":"https:\/\/adventurecenter.com.ar\/en\/product\/exclusive-black-rock\/","og_locale":"en_US","og_type":"article","og_title":"Roca Negra: Sabores de monta\u00f1a con vista al para\u00edso","og_description":"Viv\u00ed una experiencia exclusiva en Roca Negra: ascenso en 4x4 al Cerro L\u00f3pez, caminata con raquetas por paisajes nevados y fondue en un refugio con vistas al Nahuel Huapi. \u00a1Reserv\u00e1 tu aventura invernal en Bariloche!","og_url":"https:\/\/adventurecenter.com.ar\/en\/product\/exclusive-black-rock\/","og_site_name":"Adventure Center","article_modified_time":"2026-04-10T19:23:47+00:00","og_image":[{"width":1986,"height":2560,"url":"https:\/\/adventurecenter.com.ar\/wp-content\/uploads\/2025\/03\/1-B-WhatsApp-Image-2025-06-16-at-1dfdf-scaled.jpg","type":"image\/jpeg"}],"twitter_card":"summary_large_image","twitter_misc":{"Price":"&#36;&nbsp;288.000,00","Availability":"In stock"},"schema":{"@context":"https:\/\/schema.org","@graph":[{"@type":["WebPage","ItemPage"],"@id":"https:\/\/adventurecenter.com.ar\/product\/roca-negra-exclusivo\/","url":"https:\/\/adventurecenter.com.ar\/product\/roca-negra-exclusivo\/","name":"Roca Negra: Mountain flavors with a view to paradise - Adventure Center","isPartOf":{"@id":"https:\/\/adventurecenter.com.ar\/#website"},"primaryImageOfPage":{"@id":"https:\/\/adventurecenter.com.ar\/product\/roca-negra-exclusivo\/#primaryimage"},"image":{"@id":"https:\/\/adventurecenter.com.ar\/product\/roca-negra-exclusivo\/#primaryimage"},"thumbnailUrl":"https:\/\/adventurecenter.com.ar\/wp-content\/uploads\/2025\/03\/1-B-WhatsApp-Image-2025-06-16-at-1dfdf-scaled.jpg","datePublished":"2025-03-20T23:31:07+00:00","dateModified":"2026-04-10T19:23:47+00:00","description":"Live an exclusive experience in Roca Negra: 4x4 ascent to Cerro Lopez, snowshoeing through snowy landscapes and fondue in a shelter overlooking the Nahuel Huapi. Book your winter adventure in Bariloche!","breadcrumb":{"@id":"https:\/\/adventurecenter.com.ar\/product\/roca-negra-exclusivo\/#breadcrumb"},"inLanguage":"en-US","potentialAction":[{"@type":"ReadAction","target":["https:\/\/adventurecenter.com.ar\/product\/roca-negra-exclusivo\/"]}]},{"@type":"ImageObject","inLanguage":"en-US","@id":"https:\/\/adventurecenter.com.ar\/product\/roca-negra-exclusivo\/#primaryimage","url":"https:\/\/adventurecenter.com.ar\/wp-content\/uploads\/2025\/03\/1-B-WhatsApp-Image-2025-06-16-at-1dfdf-scaled.jpg","contentUrl":"https:\/\/adventurecenter.com.ar\/wp-content\/uploads\/2025\/03\/1-B-WhatsApp-Image-2025-06-16-at-1dfdf-scaled.jpg","width":1986,"height":2560},{"@type":"BreadcrumbList","@id":"https:\/\/adventurecenter.com.ar\/product\/roca-negra-exclusivo\/#breadcrumb","itemListElement":[{"@type":"ListItem","position":1,"name":"Home","item":"https:\/\/adventurecenter.com.ar\/"},{"@type":"ListItem","position":2,"name":"Lista de excursiones","item":"https:\/\/adventurecenter.com.ar\/shop\/"},{"@type":"ListItem","position":3,"name":"Roca Negra: Sabores de monta\u00f1a con vista al para\u00edso"}]},{"@type":"WebSite","@id":"https:\/\/adventurecenter.com.ar\/#website","url":"https:\/\/adventurecenter.com.ar\/","name":"Adventure Center","description":"Tourism in Bariloche Patagonia Argentina","publisher":{"@id":"https:\/\/adventurecenter.com.ar\/#organization"},"potentialAction":[{"@type":"SearchAction","target":{"@type":"EntryPoint","urlTemplate":"https:\/\/adventurecenter.com.ar\/?s={search_term_string}"},"query-input":{"@type":"PropertyValueSpecification","valueRequired":true,"valueName":"search_term_string"}}],"inLanguage":"en-US"},{"@type":"Organization","@id":"https:\/\/adventurecenter.com.ar\/#organization","name":"Adventure Center","url":"https:\/\/adventurecenter.com.ar\/","logo":{"@type":"ImageObject","inLanguage":"en-US","@id":"https:\/\/adventurecenter.com.ar\/#\/schema\/logo\/image\/","url":"https:\/\/adventurecenter.com.ar\/wp-content\/uploads\/2022\/10\/logo-definitivo-copia.png","contentUrl":"https:\/\/adventurecenter.com.ar\/wp-content\/uploads\/2022\/10\/logo-definitivo-copia.png","width":150,"height":55,"caption":"Adventure Center"},"image":{"@id":"https:\/\/adventurecenter.com.ar\/#\/schema\/logo\/image\/"}}]},"product_price_amount":"288000.00","product_price_currency":"ARS","og_availability":"instock","product_availability":"instock","product_retailer_item_id":"ADV2025RONEEXHQG7","product_condition":"new"},"_links":{"self":[{"href":"https:\/\/adventurecenter.com.ar\/en\/wp-json\/wp\/v2\/product\/376931","targetHints":{"allow":["GET"]}}],"collection":[{"href":"https:\/\/adventurecenter.com.ar\/en\/wp-json\/wp\/v2\/product"}],"about":[{"href":"https:\/\/adventurecenter.com.ar\/en\/wp-json\/wp\/v2\/types\/product"}],"replies":[{"embeddable":true,"href":"https:\/\/adventurecenter.com.ar\/en\/wp-json\/wp\/v2\/comments?post=376931"}],"wp:featuredmedia":[{"embeddable":true,"href":"https:\/\/adventurecenter.com.ar\/en\/wp-json\/wp\/v2\/media\/379209"}],"wp:attachment":[{"href":"https:\/\/adventurecenter.com.ar\/en\/wp-json\/wp\/v2\/media?parent=376931"}],"wp:term":[{"taxonomy":"product_brand","embeddable":true,"href":"https:\/\/adventurecenter.com.ar\/en\/wp-json\/wp\/v2\/product_brand?post=376931"},{"taxonomy":"product_cat","embeddable":true,"href":"https:\/\/adventurecenter.com.ar\/en\/wp-json\/wp\/v2\/product_cat?post=376931"},{"taxonomy":"product_tag","embeddable":true,"href":"https:\/\/adventurecenter.com.ar\/en\/wp-json\/wp\/v2\/product_tag?post=376931"}],"curies":[{"name":"wp","href":"https:\/\/api.w.org\/{rel}","templated":true}]}}