{"id":376930,"date":"2026-04-09T20:12:22","date_gmt":"2026-04-09T23:12:22","guid":{"rendered":"https:\/\/adventurecenter.com.ar\/?post_type=product&#038;p=376930"},"modified":"2026-04-10T15:59:58","modified_gmt":"2026-04-10T18:59:58","slug":"piedras-blancas-trineos-culipatin-traslado","status":"publish","type":"product","link":"https:\/\/adventurecenter.com.ar\/en\/product\/piedras-blancas-sledges-culipatin-transfer\/","title":{"rendered":"Snow Adventure: Sledding and Culipatin at Piedras Blancas with Transfer"},"content":{"rendered":"<h2>Live an Unparalleled Winter Adventure in Bariloche<\/h2>\n<p>We invite you to participate in a unique winter experience in the iconic Cerro Otto. Immerse yourself in the thrill of descending through the snow while you enter a dazzling natural landscape. From the beginning of your trip in Bariloche to the moment you sled, every second has been planned to maximize your enjoyment and connection with nature.<\/p>\n<h2>Activity Details<\/h2>\n<ul>\n<li><strong>Starting Point:<\/strong> Bariloche<\/li>\n<li><strong>Destination:<\/strong> Complex at Piedras Blancas, Cerro Otto<\/li>\n<li><strong>Activities:<\/strong> Descents by sled (Culipatin) with four chairlift ascents<\/li>\n<li><strong>Available shifts:<\/strong> 8:30 a.m. to 12:30 p.m. and 11:00 a.m. to 3:30 p.m.<\/li>\n<\/ul>\n<h2>Main Features<\/h2>\n<ul>\n<li><strong>Single Tracks:<\/strong> More than 3000 meters designed exclusively for sleds.<\/li>\n<li><strong>Transport Capacity:<\/strong> Lifting for up to 1200 people per hour.<\/li>\n<li><strong>Adaptability:<\/strong> Diversity of trails for all levels and ages.<\/li>\n<li><strong>Equipment Quality:<\/strong> Sleds and chairlifts that prioritize comfort and safety.<\/li>\n<\/ul>\n<h2>Additional Information and Conditions<\/h2>\n<ul>\n<li><strong>Prices by age:<\/strong>\n<ul>\n<li>0 to 11 months: Free (limited to escort, no drop-offs)<\/li>\n<li>1 to 4 years old: Access to children's track<\/li>\n<li>5 to 12 years old: Full access at special rate<\/li>\n<li>13 years and older: Full access<\/li>\n<\/ul>\n<\/li>\n<li><strong>Important Notice:<\/strong> Pregnant women may attend, but not sledding.<\/li>\n<\/ul>\n<h2>Included in the Experience<\/h2>\n<ul>\n<li><strong>Includes:<\/strong> Sledding, six chairlift ascents and controlled descents.<\/li>\n<li><strong>Excludes:<\/strong> Snow clothing, shuttle service and meals.<\/li>\n<\/ul>\n<h2>Frequently Asked Questions<\/h2>\n<div>\n<h3>What is the schedule for the excursion?<\/h3>\n<p>Departure is in two shifts: 8:30 a.m. to 12:30 p.m. and 11:00 a.m. to 3:30 p.m., allowing flexibility for different agendas.<\/p>\n<h3>What equipment is included?<\/h3>\n<p>We provide sleds made of high quality plastic and an aerial system to ascend safely and comfortably.<\/p>\n<h3>Is the activity suitable for children?<\/h3>\n<p>Without a doubt, we have differentiated slopes for each age group and ability. Children under 11 months old can attend, without participating in the descents.<\/p>\n<h3>What is not covered in the offer?<\/h3>\n<p>It does not include snow clothing, transportation to and from the site and food.<\/p>\n<p><strong>Important notice:<\/strong> This tour is now available for advance booking. Departures operate from June 15 through August 20, subject to seasonal schedule.<\/p>\n<\/div>","protected":false},"excerpt":{"rendered":"<p><strong>Experience the winter thrill at Cerro Otto in Bariloche<\/strong>. Slide safely through more than 3000 meters of trails, specially designed for sledding and experience a day full of adventure, nature and comfort. An unmissable plan to create unforgettable family memories.<\/p>","protected":false},"featured_media":379211,"comment_status":"open","ping_status":"closed","template":"","meta":[],"product_brand":[],"product_cat":[85,84,70,79,74,90,101,78],"product_tag":[],"class_list":{"0":"post-376930","1":"product","2":"type-product","3":"status-publish","4":"has-post-thumbnail","6":"product_cat-adultos","7":"product_cat-aventura","8":"product_cat-con-traslado","9":"product_cat-familia","10":"product_cat-invierno","11":"product_cat-ninos","12":"product_cat-sin-comida","13":"product_cat-terrestre-tipo","15":"first","16":"instock","17":"virtual","18":"sold-individually","19":"purchasable","20":"product-type-booking"},"booking_location":"","booking_location_type":"","booking_duration":1,"booking_duration_unit":"hour","booking_buffer":0,"booking_cost":174000,"booking_resources":[],"exclude_global_add_ons":false,"addons":[{"name":"ADU | Adult","type":"input_multiplier","position":0,"required":false,"title_format":"label","default":"","description_enable":false,"description":"","placeholder_enable":false,"placeholder":"","display":"select","restrictions_type":"any_text","adjust_price":true,"price":"174000","price_type":"quantity_based","restrictions":false,"min":"0","max":"0","options":[],"id":1775836799},{"name":"MEN13 | From 1 to 3","type":"input_multiplier","position":1,"required":false,"title_format":"label","default":"","description_enable":false,"description":"","placeholder_enable":false,"placeholder":"","display":"select","restrictions_type":"any_text","adjust_price":true,"price":"90000","price_type":"quantity_based","restrictions":false,"min":"0","max":"0","options":[],"id":1775836800}],"yoast_head":"<!-- This site is optimized with the Yoast SEO Premium plugin v24.5 (Yoast SEO v24.8) - https:\/\/yoast.com\/wordpress\/plugins\/seo\/ -->\n<title>Aventura en la Nieve: Trineos y Culipatin en Piedras Blancas con Traslado - Adventure Center<\/title>\n<meta name=\"description\" content=\"Viv\u00ed una experiencia invernal \u00fanica en Bariloche con la excursi\u00f3n Roca Negra Exclusivo: ascenso en 4x4 al Cerro L\u00f3pez, caminata con raquetas de nieve y fondue de chocolate en un refugio de monta\u00f1a con vistas al Lago Nahuel Huapi. \u00a1Reserv\u00e1 ahora tu aventura patag\u00f3nica!\" \/>\n<meta name=\"robots\" content=\"index, follow, max-snippet:-1, max-image-preview:large, max-video-preview:-1\" \/>\n<link rel=\"canonical\" href=\"https:\/\/adventurecenter.com.ar\/en\/product\/piedras-blancas-sledges-culipatin-transfer\/\" \/>\n<meta property=\"og:locale\" content=\"en_US\" \/>\n<meta property=\"og:type\" content=\"article\" \/>\n<meta property=\"og:title\" content=\"Aventura en la Nieve: Trineos y Culipatin en Piedras Blancas con Traslado\" \/>\n<meta property=\"og:description\" content=\"Viv\u00ed una experiencia invernal \u00fanica en Bariloche con la excursi\u00f3n Roca Negra Exclusivo: ascenso en 4x4 al Cerro L\u00f3pez, caminata con raquetas de nieve y fondue de chocolate en un refugio de monta\u00f1a con vistas al Lago Nahuel Huapi. \u00a1Reserv\u00e1 ahora tu aventura patag\u00f3nica!\" \/>\n<meta property=\"og:url\" content=\"https:\/\/adventurecenter.com.ar\/en\/product\/piedras-blancas-sledges-culipatin-transfer\/\" \/>\n<meta property=\"og:site_name\" content=\"Adventure Center\" \/>\n<meta property=\"article:modified_time\" content=\"2026-04-10T18:59:58+00:00\" \/>\n<meta property=\"og:image\" content=\"https:\/\/adventurecenter.com.ar\/wp-content\/uploads\/2025\/03\/1-A-piedras-blancas-3-scaled.jpg\" \/>\n\t<meta property=\"og:image:width\" content=\"1971\" \/>\n\t<meta property=\"og:image:height\" content=\"2560\" \/>\n\t<meta property=\"og:image:type\" content=\"image\/jpeg\" \/>\n<meta name=\"twitter:card\" content=\"summary_large_image\" \/>\n<meta name=\"twitter:label1\" content=\"Price\" \/>\n\t<meta name=\"twitter:data1\" content=\"&#036;&nbsp;174.000,00\" \/>\n\t<meta name=\"twitter:label2\" content=\"Availability\" \/>\n\t<meta name=\"twitter:data2\" content=\"In stock\" \/>\n<script type=\"application\/ld+json\" class=\"yoast-schema-graph\">{\"@context\":\"https:\/\/schema.org\",\"@graph\":[{\"@type\":[\"WebPage\",\"ItemPage\"],\"@id\":\"https:\/\/adventurecenter.com.ar\/product\/piedras-blancas-trineos-culipatin-traslado\/\",\"url\":\"https:\/\/adventurecenter.com.ar\/product\/piedras-blancas-trineos-culipatin-traslado\/\",\"name\":\"Aventura en la Nieve: Trineos y Culipatin en Piedras Blancas con Traslado - Adventure Center\",\"isPartOf\":{\"@id\":\"https:\/\/adventurecenter.com.ar\/#website\"},\"primaryImageOfPage\":{\"@id\":\"https:\/\/adventurecenter.com.ar\/product\/piedras-blancas-trineos-culipatin-traslado\/#primaryimage\"},\"image\":{\"@id\":\"https:\/\/adventurecenter.com.ar\/product\/piedras-blancas-trineos-culipatin-traslado\/#primaryimage\"},\"thumbnailUrl\":\"https:\/\/adventurecenter.com.ar\/wp-content\/uploads\/2025\/03\/1-A-piedras-blancas-3-scaled.jpg\",\"datePublished\":\"2026-04-09T23:12:22+00:00\",\"dateModified\":\"2026-04-10T18:59:58+00:00\",\"description\":\"Viv\u00ed una experiencia invernal \u00fanica en Bariloche con la excursi\u00f3n Roca Negra Exclusivo: ascenso en 4x4 al Cerro L\u00f3pez, caminata con raquetas de nieve y fondue de chocolate en un refugio de monta\u00f1a con vistas al Lago Nahuel Huapi. \u00a1Reserv\u00e1 ahora tu aventura patag\u00f3nica!\",\"breadcrumb\":{\"@id\":\"https:\/\/adventurecenter.com.ar\/product\/piedras-blancas-trineos-culipatin-traslado\/#breadcrumb\"},\"inLanguage\":\"en-US\",\"potentialAction\":[{\"@type\":\"ReadAction\",\"target\":[\"https:\/\/adventurecenter.com.ar\/product\/piedras-blancas-trineos-culipatin-traslado\/\"]}]},{\"@type\":\"ImageObject\",\"inLanguage\":\"en-US\",\"@id\":\"https:\/\/adventurecenter.com.ar\/product\/piedras-blancas-trineos-culipatin-traslado\/#primaryimage\",\"url\":\"https:\/\/adventurecenter.com.ar\/wp-content\/uploads\/2025\/03\/1-A-piedras-blancas-3-scaled.jpg\",\"contentUrl\":\"https:\/\/adventurecenter.com.ar\/wp-content\/uploads\/2025\/03\/1-A-piedras-blancas-3-scaled.jpg\",\"width\":1971,\"height\":2560},{\"@type\":\"BreadcrumbList\",\"@id\":\"https:\/\/adventurecenter.com.ar\/product\/piedras-blancas-trineos-culipatin-traslado\/#breadcrumb\",\"itemListElement\":[{\"@type\":\"ListItem\",\"position\":1,\"name\":\"Home\",\"item\":\"https:\/\/adventurecenter.com.ar\/\"},{\"@type\":\"ListItem\",\"position\":2,\"name\":\"Lista de excursiones\",\"item\":\"https:\/\/adventurecenter.com.ar\/shop\/\"},{\"@type\":\"ListItem\",\"position\":3,\"name\":\"Aventura en la Nieve: Trineos y Culipatin en Piedras Blancas con Traslado\"}]},{\"@type\":\"WebSite\",\"@id\":\"https:\/\/adventurecenter.com.ar\/#website\",\"url\":\"https:\/\/adventurecenter.com.ar\/\",\"name\":\"Adventure Center\",\"description\":\"Turismo en Bariloche Patagonia Argentina\",\"publisher\":{\"@id\":\"https:\/\/adventurecenter.com.ar\/#organization\"},\"potentialAction\":[{\"@type\":\"SearchAction\",\"target\":{\"@type\":\"EntryPoint\",\"urlTemplate\":\"https:\/\/adventurecenter.com.ar\/?s={search_term_string}\"},\"query-input\":{\"@type\":\"PropertyValueSpecification\",\"valueRequired\":true,\"valueName\":\"search_term_string\"}}],\"inLanguage\":\"en-US\"},{\"@type\":\"Organization\",\"@id\":\"https:\/\/adventurecenter.com.ar\/#organization\",\"name\":\"Adventure Center\",\"url\":\"https:\/\/adventurecenter.com.ar\/\",\"logo\":{\"@type\":\"ImageObject\",\"inLanguage\":\"en-US\",\"@id\":\"https:\/\/adventurecenter.com.ar\/#\/schema\/logo\/image\/\",\"url\":\"https:\/\/adventurecenter.com.ar\/wp-content\/uploads\/2022\/10\/logo-definitivo-copia.png\",\"contentUrl\":\"https:\/\/adventurecenter.com.ar\/wp-content\/uploads\/2022\/10\/logo-definitivo-copia.png\",\"width\":150,\"height\":55,\"caption\":\"Adventure Center\"},\"image\":{\"@id\":\"https:\/\/adventurecenter.com.ar\/#\/schema\/logo\/image\/\"}}]}<\/script>\n<meta property=\"product:price:amount\" content=\"174000.00\" \/>\n<meta property=\"product:price:currency\" content=\"ARS\" \/>\n<meta property=\"og:availability\" content=\"instock\" \/>\n<meta property=\"product:availability\" content=\"instock\" \/>\n<meta property=\"product:retailer_item_id\" content=\"ADV2025PIBLTR3QM1\" \/>\n<meta property=\"product:condition\" content=\"new\" \/>\n<!-- \/ Yoast SEO Premium plugin. -->","yoast_head_json":{"title":"Snow Adventure: Sledding and Culipatin in Piedras Blancas with Transfer - Adventure Center","description":"Live a unique winter experience in Bariloche with the Roca Negra Exclusive excursion: 4x4 ascent to Cerro L\u00f3pez, snowshoeing and chocolate fondue in a mountain hut overlooking Nahuel Huapi Lake. Book your Patagonian adventure now!","robots":{"index":"index","follow":"follow","max-snippet":"max-snippet:-1","max-image-preview":"max-image-preview:large","max-video-preview":"max-video-preview:-1"},"canonical":"https:\/\/adventurecenter.com.ar\/en\/product\/piedras-blancas-sledges-culipatin-transfer\/","og_locale":"en_US","og_type":"article","og_title":"Aventura en la Nieve: Trineos y Culipatin en Piedras Blancas con Traslado","og_description":"Viv\u00ed una experiencia invernal \u00fanica en Bariloche con la excursi\u00f3n Roca Negra Exclusivo: ascenso en 4x4 al Cerro L\u00f3pez, caminata con raquetas de nieve y fondue de chocolate en un refugio de monta\u00f1a con vistas al Lago Nahuel Huapi. \u00a1Reserv\u00e1 ahora tu aventura patag\u00f3nica!","og_url":"https:\/\/adventurecenter.com.ar\/en\/product\/piedras-blancas-sledges-culipatin-transfer\/","og_site_name":"Adventure Center","article_modified_time":"2026-04-10T18:59:58+00:00","og_image":[{"width":1971,"height":2560,"url":"https:\/\/adventurecenter.com.ar\/wp-content\/uploads\/2025\/03\/1-A-piedras-blancas-3-scaled.jpg","type":"image\/jpeg"}],"twitter_card":"summary_large_image","twitter_misc":{"Price":"&#36;&nbsp;174.000,00","Availability":"In stock"},"schema":{"@context":"https:\/\/schema.org","@graph":[{"@type":["WebPage","ItemPage"],"@id":"https:\/\/adventurecenter.com.ar\/product\/piedras-blancas-trineos-culipatin-traslado\/","url":"https:\/\/adventurecenter.com.ar\/product\/piedras-blancas-trineos-culipatin-traslado\/","name":"Snow Adventure: Sledding and Culipatin in Piedras Blancas with Transfer - Adventure Center","isPartOf":{"@id":"https:\/\/adventurecenter.com.ar\/#website"},"primaryImageOfPage":{"@id":"https:\/\/adventurecenter.com.ar\/product\/piedras-blancas-trineos-culipatin-traslado\/#primaryimage"},"image":{"@id":"https:\/\/adventurecenter.com.ar\/product\/piedras-blancas-trineos-culipatin-traslado\/#primaryimage"},"thumbnailUrl":"https:\/\/adventurecenter.com.ar\/wp-content\/uploads\/2025\/03\/1-A-piedras-blancas-3-scaled.jpg","datePublished":"2026-04-09T23:12:22+00:00","dateModified":"2026-04-10T18:59:58+00:00","description":"Live a unique winter experience in Bariloche with the Roca Negra Exclusive excursion: 4x4 ascent to Cerro L\u00f3pez, snowshoeing and chocolate fondue in a mountain hut overlooking Nahuel Huapi Lake. Book your Patagonian adventure now!","breadcrumb":{"@id":"https:\/\/adventurecenter.com.ar\/product\/piedras-blancas-trineos-culipatin-traslado\/#breadcrumb"},"inLanguage":"en-US","potentialAction":[{"@type":"ReadAction","target":["https:\/\/adventurecenter.com.ar\/product\/piedras-blancas-trineos-culipatin-traslado\/"]}]},{"@type":"ImageObject","inLanguage":"en-US","@id":"https:\/\/adventurecenter.com.ar\/product\/piedras-blancas-trineos-culipatin-traslado\/#primaryimage","url":"https:\/\/adventurecenter.com.ar\/wp-content\/uploads\/2025\/03\/1-A-piedras-blancas-3-scaled.jpg","contentUrl":"https:\/\/adventurecenter.com.ar\/wp-content\/uploads\/2025\/03\/1-A-piedras-blancas-3-scaled.jpg","width":1971,"height":2560},{"@type":"BreadcrumbList","@id":"https:\/\/adventurecenter.com.ar\/product\/piedras-blancas-trineos-culipatin-traslado\/#breadcrumb","itemListElement":[{"@type":"ListItem","position":1,"name":"Home","item":"https:\/\/adventurecenter.com.ar\/"},{"@type":"ListItem","position":2,"name":"Lista de excursiones","item":"https:\/\/adventurecenter.com.ar\/shop\/"},{"@type":"ListItem","position":3,"name":"Aventura en la Nieve: Trineos y Culipatin en Piedras Blancas con Traslado"}]},{"@type":"WebSite","@id":"https:\/\/adventurecenter.com.ar\/#website","url":"https:\/\/adventurecenter.com.ar\/","name":"Adventure Center","description":"Tourism in Bariloche Patagonia Argentina","publisher":{"@id":"https:\/\/adventurecenter.com.ar\/#organization"},"potentialAction":[{"@type":"SearchAction","target":{"@type":"EntryPoint","urlTemplate":"https:\/\/adventurecenter.com.ar\/?s={search_term_string}"},"query-input":{"@type":"PropertyValueSpecification","valueRequired":true,"valueName":"search_term_string"}}],"inLanguage":"en-US"},{"@type":"Organization","@id":"https:\/\/adventurecenter.com.ar\/#organization","name":"Adventure Center","url":"https:\/\/adventurecenter.com.ar\/","logo":{"@type":"ImageObject","inLanguage":"en-US","@id":"https:\/\/adventurecenter.com.ar\/#\/schema\/logo\/image\/","url":"https:\/\/adventurecenter.com.ar\/wp-content\/uploads\/2022\/10\/logo-definitivo-copia.png","contentUrl":"https:\/\/adventurecenter.com.ar\/wp-content\/uploads\/2022\/10\/logo-definitivo-copia.png","width":150,"height":55,"caption":"Adventure Center"},"image":{"@id":"https:\/\/adventurecenter.com.ar\/#\/schema\/logo\/image\/"}}]},"product_price_amount":"174000.00","product_price_currency":"ARS","og_availability":"instock","product_availability":"instock","product_retailer_item_id":"ADV2025PIBLTR3QM1","product_condition":"new"},"_links":{"self":[{"href":"https:\/\/adventurecenter.com.ar\/en\/wp-json\/wp\/v2\/product\/376930","targetHints":{"allow":["GET"]}}],"collection":[{"href":"https:\/\/adventurecenter.com.ar\/en\/wp-json\/wp\/v2\/product"}],"about":[{"href":"https:\/\/adventurecenter.com.ar\/en\/wp-json\/wp\/v2\/types\/product"}],"replies":[{"embeddable":true,"href":"https:\/\/adventurecenter.com.ar\/en\/wp-json\/wp\/v2\/comments?post=376930"}],"wp:featuredmedia":[{"embeddable":true,"href":"https:\/\/adventurecenter.com.ar\/en\/wp-json\/wp\/v2\/media\/379211"}],"wp:attachment":[{"href":"https:\/\/adventurecenter.com.ar\/en\/wp-json\/wp\/v2\/media?parent=376930"}],"wp:term":[{"taxonomy":"product_brand","embeddable":true,"href":"https:\/\/adventurecenter.com.ar\/en\/wp-json\/wp\/v2\/product_brand?post=376930"},{"taxonomy":"product_cat","embeddable":true,"href":"https:\/\/adventurecenter.com.ar\/en\/wp-json\/wp\/v2\/product_cat?post=376930"},{"taxonomy":"product_tag","embeddable":true,"href":"https:\/\/adventurecenter.com.ar\/en\/wp-json\/wp\/v2\/product_tag?post=376930"}],"curies":[{"name":"wp","href":"https:\/\/api.w.org\/{rel}","templated":true}]}}