{"id":376928,"date":"2025-03-20T20:29:57","date_gmt":"2025-03-20T23:29:57","guid":{"rendered":"https:\/\/adventurecenter.com.ar\/?post_type=product&#038;p=376928"},"modified":"2026-04-10T16:41:11","modified_gmt":"2026-04-10T19:41:11","slug":"extremo-encantado","status":"publish","type":"product","link":"https:\/\/adventurecenter.com.ar\/en\/product\/enchanted-end\/","title":{"rendered":"Enchanted Snow: Snow Adventure Patagonian Style"},"content":{"rendered":"<h3 data-start=\"414\" data-end=\"496\"><strong data-start=\"418\" data-end=\"496\">A unique winter experience, among white landscapes, adrenaline and flavor.<\/strong><\/h3>\n<p data-start=\"498\" data-end=\"860\">Nieve Encantada is a comprehensive adventure proposal, designed for those who want to experience snowy Patagonia in all its intensity. From the moment you get into the 4\u00d74, you know that something different awaits you: a mountain environment that invites you to connect with nature, play with the snow and close the day with good food and unforgettable moments.<\/p>\n<p data-start=\"862\" data-end=\"1084\">Available <strong data-start=\"873\" data-end=\"926\">from June 10 to August 20, 2026<\/strong>, This experience combines outdoor emotions and comfort in an exclusive refuge in Cerro Lopez. Ideal to share as a couple, with family or friends.<\/p>\n<h3 data-start=\"1091\" data-end=\"1127\">Moments that make a difference<\/h3>\n<p data-start=\"1129\" data-end=\"1286\"><strong data-start=\"1129\" data-end=\"1149\">4\u00d74 crossing:<\/strong> The ascent is part of the charm. We climb along mountain roads until we reach the Traves\u00eda Refuge, surrounded by forests and snowy views.<\/p>\n<p data-start=\"1288\" data-end=\"1418\"><strong data-start=\"1288\" data-end=\"1314\">Sledding fun:<\/strong> Enjoy the downhill with culipatines on natural slopes, guaranteed laughter for all ages!<\/p>\n<p data-start=\"1420\" data-end=\"1539\"><strong data-start=\"1420\" data-end=\"1446\">Snowshoeing:<\/strong> Walk along snowy trails with special snowshoes in a short hike, but full of magic.<\/p>\n<p data-start=\"1541\" data-end=\"1719\"><strong data-start=\"1541\" data-end=\"1566\">Regional gastronomy:<\/strong> Choose between lunch or afternoon snack, with a typical menu that may include empanadas, fondue or local specialties, in a warm atmosphere with live music.<\/p>\n<h3 data-start=\"1726\" data-end=\"1745\">When and how?<\/h3>\n<p data-start=\"1747\" data-end=\"1779\">You can choose between two schedules:<\/p>\n<ul data-start=\"1780\" data-end=\"1844\">\n<li data-start=\"1780\" data-end=\"1812\">\n<p data-start=\"1782\" data-end=\"1812\">Morning shift: 09 a.m. to 3 p.m.<\/p>\n<\/li>\n<li data-start=\"1813\" data-end=\"1844\">\n<p data-start=\"1815\" data-end=\"1844\">Afternoon shift: 13:00 to 18:30 hs.<\/p>\n<\/li>\n<\/ul>\n<p data-start=\"1846\" data-end=\"1980\">Transfers depart from meeting points within the radius between downtown Bariloche and km 8 of Bustillo Av. or Pioneros Av.<\/p>\n<h3 data-start=\"1987\" data-end=\"2019\">What is included in this adventure<\/h3>\n<ul data-start=\"2021\" data-end=\"2230\">\n<li data-start=\"2021\" data-end=\"2070\">\n<p data-start=\"2023\" data-end=\"2070\">Round trip transportation from agreed points.<\/p>\n<\/li>\n<li data-start=\"2071\" data-end=\"2098\">\n<p data-start=\"2073\" data-end=\"2098\">Ascent in 4\u00d74 vehicles.<\/p>\n<\/li>\n<li data-start=\"2099\" data-end=\"2130\">\n<p data-start=\"2101\" data-end=\"2130\">Guided hike with snowshoes.<\/p>\n<\/li>\n<li data-start=\"2131\" data-end=\"2151\">\n<p data-start=\"2133\" data-end=\"2151\">Sledding.<\/p>\n<\/li>\n<li data-start=\"2152\" data-end=\"2183\">\n<p data-start=\"2154\" data-end=\"2183\">Live music at the shelter.<\/p>\n<\/li>\n<li data-start=\"2184\" data-end=\"2230\">\n<p data-start=\"2186\" data-end=\"2230\">Lunch or snack, depending on the chosen shift.<\/p>\n<\/li>\n<\/ul>\n<p data-start=\"2232\" data-end=\"2291\"><strong data-start=\"2232\" data-end=\"2247\">Does not include:<\/strong> snow clothes and beverages during the meal.<\/p>\n<h3 data-start=\"2298\" data-end=\"2322\">Frequently Asked Questions<\/h3>\n<p data-start=\"2324\" data-end=\"2482\"><strong data-start=\"2324\" data-end=\"2359\">Is it suitable for all ages?<\/strong><br data-start=\"2359\" data-end=\"2362\" \/>Yes, it is an ideal experience for both adults and children from 5 years old. No special physical condition is required.<\/p>\n<p data-start=\"2484\" data-end=\"2640\"><strong data-start=\"2484\" data-end=\"2510\">What do I need to bring?<\/strong><br data-start=\"2510\" data-end=\"2513\" \/>Warm clothing suitable for snow, waterproof footwear, hat, gloves and sunglasses. Technical clothing is not included.<\/p>\n<p data-start=\"2642\" data-end=\"2758\"><strong data-start=\"2642\" data-end=\"2677\">Is the transfer from the hotel?<\/strong><br data-start=\"2677\" data-end=\"2680\" \/>No, the transfer departs from nearby meeting points depending on your accommodation.<\/p>\n<p data-start=\"2642\" data-end=\"2758\"><strong>Important notice:<\/strong> This tour is now available for advance booking. Departures operate from June 15 through August 20, subject to seasonal schedule.<\/p>","protected":false},"excerpt":{"rendered":"<p><strong>Enchanted Extreme<\/strong> offers a unique winter experience. Get involved in 4\u00d74 crossings, sledding and guided hikes, culminating with an authentic gastronomic break. An unparalleled opportunity to immerse yourself in a privileged natural environment.<\/p>","protected":false},"featured_media":379215,"comment_status":"open","ping_status":"closed","template":"","meta":[],"product_brand":[],"product_cat":[85,84,70,79,74,90,78],"product_tag":[],"class_list":{"0":"post-376928","1":"product","2":"type-product","3":"status-publish","4":"has-post-thumbnail","6":"product_cat-adultos","7":"product_cat-aventura","8":"product_cat-con-traslado","9":"product_cat-familia","10":"product_cat-invierno","11":"product_cat-ninos","12":"product_cat-terrestre-tipo","14":"first","15":"instock","16":"virtual","17":"sold-individually","18":"purchasable","19":"product-type-booking"},"booking_location":"","booking_location_type":"","booking_duration":1,"booking_duration_unit":"hour","booking_buffer":0,"booking_cost":0,"booking_resources":[],"exclude_global_add_ons":false,"addons":[{"name":"ADU | Adult","type":"input_multiplier","position":0,"required":false,"title_format":"label","default":"","description_enable":false,"description":"","placeholder_enable":false,"placeholder":"","display":"select","restrictions_type":"any_text","adjust_price":true,"price":"239500","price_type":"quantity_based","restrictions":true,"min":"0","max":"0","options":[],"id":1775839272},{"name":"MEN412 | from 04 to 12","type":"input_multiplier","position":1,"required":false,"title_format":"label","default":"","description_enable":false,"description":"","placeholder_enable":false,"placeholder":"","display":"select","restrictions_type":"any_text","adjust_price":true,"price":"179500","price_type":"quantity_based","restrictions":false,"min":"0","max":"0","options":[],"id":1775839273}],"yoast_head":"<!-- This site is optimized with the Yoast SEO Premium plugin v24.5 (Yoast SEO v24.8) - https:\/\/yoast.com\/wordpress\/plugins\/seo\/ -->\n<title>Nieve encantada: Aventura en la Nieve al Estilo Patag\u00f3nico - Adventure Center<\/title>\n<meta name=\"description\" content=\"Excursi\u00f3n Extremo Encantado: 4x4, trineos, raquetas y almuerzo o merienda en refugio de monta\u00f1a. Una aventura de nieve inolvidable en Bariloche.\" \/>\n<meta name=\"robots\" content=\"index, follow, max-snippet:-1, max-image-preview:large, max-video-preview:-1\" \/>\n<link rel=\"canonical\" href=\"https:\/\/adventurecenter.com.ar\/en\/product\/enchanted-end\/\" \/>\n<meta property=\"og:locale\" content=\"en_US\" \/>\n<meta property=\"og:type\" content=\"article\" \/>\n<meta property=\"og:title\" content=\"Nieve encantada: Aventura en la Nieve al Estilo Patag\u00f3nico\" \/>\n<meta property=\"og:description\" content=\"Excursi\u00f3n Extremo Encantado: 4x4, trineos, raquetas y almuerzo o merienda en refugio de monta\u00f1a. Una aventura de nieve inolvidable en Bariloche.\" \/>\n<meta property=\"og:url\" content=\"https:\/\/adventurecenter.com.ar\/en\/product\/enchanted-end\/\" \/>\n<meta property=\"og:site_name\" content=\"Adventure Center\" \/>\n<meta property=\"article:modified_time\" content=\"2026-04-10T19:41:11+00:00\" \/>\n<meta property=\"og:image\" content=\"https:\/\/adventurecenter.com.ar\/wp-content\/uploads\/2025\/03\/1-A-thumb_13476_cactus_product_tours_by_locals_large.jpeg-scaled.jpg\" \/>\n\t<meta property=\"og:image:width\" content=\"1911\" \/>\n\t<meta property=\"og:image:height\" content=\"2560\" \/>\n\t<meta property=\"og:image:type\" content=\"image\/jpeg\" \/>\n<meta name=\"twitter:card\" content=\"summary_large_image\" \/>\n<meta name=\"twitter:label1\" content=\"Price\" \/>\n\t<meta name=\"twitter:data1\" content=\"&#036;&nbsp;239.500,00\" \/>\n\t<meta name=\"twitter:label2\" content=\"Availability\" \/>\n\t<meta name=\"twitter:data2\" content=\"In stock\" \/>\n<script type=\"application\/ld+json\" class=\"yoast-schema-graph\">{\"@context\":\"https:\/\/schema.org\",\"@graph\":[{\"@type\":[\"WebPage\",\"ItemPage\"],\"@id\":\"https:\/\/adventurecenter.com.ar\/product\/extremo-encantado\/\",\"url\":\"https:\/\/adventurecenter.com.ar\/product\/extremo-encantado\/\",\"name\":\"Nieve encantada: Aventura en la Nieve al Estilo Patag\u00f3nico - Adventure Center\",\"isPartOf\":{\"@id\":\"https:\/\/adventurecenter.com.ar\/#website\"},\"primaryImageOfPage\":{\"@id\":\"https:\/\/adventurecenter.com.ar\/product\/extremo-encantado\/#primaryimage\"},\"image\":{\"@id\":\"https:\/\/adventurecenter.com.ar\/product\/extremo-encantado\/#primaryimage\"},\"thumbnailUrl\":\"https:\/\/adventurecenter.com.ar\/wp-content\/uploads\/2025\/03\/1-A-thumb_13476_cactus_product_tours_by_locals_large.jpeg-scaled.jpg\",\"datePublished\":\"2025-03-20T23:29:57+00:00\",\"dateModified\":\"2026-04-10T19:41:11+00:00\",\"description\":\"Excursi\u00f3n Extremo Encantado: 4x4, trineos, raquetas y almuerzo o merienda en refugio de monta\u00f1a. Una aventura de nieve inolvidable en Bariloche.\",\"breadcrumb\":{\"@id\":\"https:\/\/adventurecenter.com.ar\/product\/extremo-encantado\/#breadcrumb\"},\"inLanguage\":\"en-US\",\"potentialAction\":[{\"@type\":\"ReadAction\",\"target\":[\"https:\/\/adventurecenter.com.ar\/product\/extremo-encantado\/\"]}]},{\"@type\":\"ImageObject\",\"inLanguage\":\"en-US\",\"@id\":\"https:\/\/adventurecenter.com.ar\/product\/extremo-encantado\/#primaryimage\",\"url\":\"https:\/\/adventurecenter.com.ar\/wp-content\/uploads\/2025\/03\/1-A-thumb_13476_cactus_product_tours_by_locals_large.jpeg-scaled.jpg\",\"contentUrl\":\"https:\/\/adventurecenter.com.ar\/wp-content\/uploads\/2025\/03\/1-A-thumb_13476_cactus_product_tours_by_locals_large.jpeg-scaled.jpg\",\"width\":1911,\"height\":2560},{\"@type\":\"BreadcrumbList\",\"@id\":\"https:\/\/adventurecenter.com.ar\/product\/extremo-encantado\/#breadcrumb\",\"itemListElement\":[{\"@type\":\"ListItem\",\"position\":1,\"name\":\"Home\",\"item\":\"https:\/\/adventurecenter.com.ar\/\"},{\"@type\":\"ListItem\",\"position\":2,\"name\":\"Lista de excursiones\",\"item\":\"https:\/\/adventurecenter.com.ar\/shop\/\"},{\"@type\":\"ListItem\",\"position\":3,\"name\":\"Nieve encantada: Aventura en la Nieve al Estilo Patag\u00f3nico\"}]},{\"@type\":\"WebSite\",\"@id\":\"https:\/\/adventurecenter.com.ar\/#website\",\"url\":\"https:\/\/adventurecenter.com.ar\/\",\"name\":\"Adventure Center\",\"description\":\"Turismo en Bariloche Patagonia Argentina\",\"publisher\":{\"@id\":\"https:\/\/adventurecenter.com.ar\/#organization\"},\"potentialAction\":[{\"@type\":\"SearchAction\",\"target\":{\"@type\":\"EntryPoint\",\"urlTemplate\":\"https:\/\/adventurecenter.com.ar\/?s={search_term_string}\"},\"query-input\":{\"@type\":\"PropertyValueSpecification\",\"valueRequired\":true,\"valueName\":\"search_term_string\"}}],\"inLanguage\":\"en-US\"},{\"@type\":\"Organization\",\"@id\":\"https:\/\/adventurecenter.com.ar\/#organization\",\"name\":\"Adventure Center\",\"url\":\"https:\/\/adventurecenter.com.ar\/\",\"logo\":{\"@type\":\"ImageObject\",\"inLanguage\":\"en-US\",\"@id\":\"https:\/\/adventurecenter.com.ar\/#\/schema\/logo\/image\/\",\"url\":\"https:\/\/adventurecenter.com.ar\/wp-content\/uploads\/2022\/10\/logo-definitivo-copia.png\",\"contentUrl\":\"https:\/\/adventurecenter.com.ar\/wp-content\/uploads\/2022\/10\/logo-definitivo-copia.png\",\"width\":150,\"height\":55,\"caption\":\"Adventure Center\"},\"image\":{\"@id\":\"https:\/\/adventurecenter.com.ar\/#\/schema\/logo\/image\/\"}}]}<\/script>\n<meta property=\"product:price:amount\" content=\"239500.00\" \/>\n<meta property=\"product:price:currency\" content=\"ARS\" \/>\n<meta property=\"og:availability\" content=\"instock\" \/>\n<meta property=\"product:availability\" content=\"instock\" \/>\n<meta property=\"product:retailer_item_id\" content=\"ADV2025EXENCL99\" \/>\n<meta property=\"product:condition\" content=\"new\" \/>\n<!-- \/ Yoast SEO Premium plugin. -->","yoast_head_json":{"title":"Enchanted Snow: Snow Adventure, Patagonian Style - Adventure Center","description":"Extremo Encantado Excursion: 4x4, sledges, snowshoes and lunch or snack at the mountain refuge. An unforgettable snow adventure in Bariloche.","robots":{"index":"index","follow":"follow","max-snippet":"max-snippet:-1","max-image-preview":"max-image-preview:large","max-video-preview":"max-video-preview:-1"},"canonical":"https:\/\/adventurecenter.com.ar\/en\/product\/enchanted-end\/","og_locale":"en_US","og_type":"article","og_title":"Nieve encantada: Aventura en la Nieve al Estilo Patag\u00f3nico","og_description":"Excursi\u00f3n Extremo Encantado: 4x4, trineos, raquetas y almuerzo o merienda en refugio de monta\u00f1a. Una aventura de nieve inolvidable en Bariloche.","og_url":"https:\/\/adventurecenter.com.ar\/en\/product\/enchanted-end\/","og_site_name":"Adventure Center","article_modified_time":"2026-04-10T19:41:11+00:00","og_image":[{"width":1911,"height":2560,"url":"https:\/\/adventurecenter.com.ar\/wp-content\/uploads\/2025\/03\/1-A-thumb_13476_cactus_product_tours_by_locals_large.jpeg-scaled.jpg","type":"image\/jpeg"}],"twitter_card":"summary_large_image","twitter_misc":{"Price":"&#36;&nbsp;239.500,00","Availability":"In stock"},"schema":{"@context":"https:\/\/schema.org","@graph":[{"@type":["WebPage","ItemPage"],"@id":"https:\/\/adventurecenter.com.ar\/product\/extremo-encantado\/","url":"https:\/\/adventurecenter.com.ar\/product\/extremo-encantado\/","name":"Enchanted Snow: Snow Adventure, Patagonian Style - Adventure Center","isPartOf":{"@id":"https:\/\/adventurecenter.com.ar\/#website"},"primaryImageOfPage":{"@id":"https:\/\/adventurecenter.com.ar\/product\/extremo-encantado\/#primaryimage"},"image":{"@id":"https:\/\/adventurecenter.com.ar\/product\/extremo-encantado\/#primaryimage"},"thumbnailUrl":"https:\/\/adventurecenter.com.ar\/wp-content\/uploads\/2025\/03\/1-A-thumb_13476_cactus_product_tours_by_locals_large.jpeg-scaled.jpg","datePublished":"2025-03-20T23:29:57+00:00","dateModified":"2026-04-10T19:41:11+00:00","description":"Extremo Encantado Excursion: 4x4, sledges, snowshoes and lunch or snack at the mountain refuge. An unforgettable snow adventure in Bariloche.","breadcrumb":{"@id":"https:\/\/adventurecenter.com.ar\/product\/extremo-encantado\/#breadcrumb"},"inLanguage":"en-US","potentialAction":[{"@type":"ReadAction","target":["https:\/\/adventurecenter.com.ar\/product\/extremo-encantado\/"]}]},{"@type":"ImageObject","inLanguage":"en-US","@id":"https:\/\/adventurecenter.com.ar\/product\/extremo-encantado\/#primaryimage","url":"https:\/\/adventurecenter.com.ar\/wp-content\/uploads\/2025\/03\/1-A-thumb_13476_cactus_product_tours_by_locals_large.jpeg-scaled.jpg","contentUrl":"https:\/\/adventurecenter.com.ar\/wp-content\/uploads\/2025\/03\/1-A-thumb_13476_cactus_product_tours_by_locals_large.jpeg-scaled.jpg","width":1911,"height":2560},{"@type":"BreadcrumbList","@id":"https:\/\/adventurecenter.com.ar\/product\/extremo-encantado\/#breadcrumb","itemListElement":[{"@type":"ListItem","position":1,"name":"Home","item":"https:\/\/adventurecenter.com.ar\/"},{"@type":"ListItem","position":2,"name":"Lista de excursiones","item":"https:\/\/adventurecenter.com.ar\/shop\/"},{"@type":"ListItem","position":3,"name":"Nieve encantada: Aventura en la Nieve al Estilo Patag\u00f3nico"}]},{"@type":"WebSite","@id":"https:\/\/adventurecenter.com.ar\/#website","url":"https:\/\/adventurecenter.com.ar\/","name":"Adventure Center","description":"Tourism in Bariloche Patagonia Argentina","publisher":{"@id":"https:\/\/adventurecenter.com.ar\/#organization"},"potentialAction":[{"@type":"SearchAction","target":{"@type":"EntryPoint","urlTemplate":"https:\/\/adventurecenter.com.ar\/?s={search_term_string}"},"query-input":{"@type":"PropertyValueSpecification","valueRequired":true,"valueName":"search_term_string"}}],"inLanguage":"en-US"},{"@type":"Organization","@id":"https:\/\/adventurecenter.com.ar\/#organization","name":"Adventure Center","url":"https:\/\/adventurecenter.com.ar\/","logo":{"@type":"ImageObject","inLanguage":"en-US","@id":"https:\/\/adventurecenter.com.ar\/#\/schema\/logo\/image\/","url":"https:\/\/adventurecenter.com.ar\/wp-content\/uploads\/2022\/10\/logo-definitivo-copia.png","contentUrl":"https:\/\/adventurecenter.com.ar\/wp-content\/uploads\/2022\/10\/logo-definitivo-copia.png","width":150,"height":55,"caption":"Adventure Center"},"image":{"@id":"https:\/\/adventurecenter.com.ar\/#\/schema\/logo\/image\/"}}]},"product_price_amount":"239500.00","product_price_currency":"ARS","og_availability":"instock","product_availability":"instock","product_retailer_item_id":"ADV2025EXENCL99","product_condition":"new"},"_links":{"self":[{"href":"https:\/\/adventurecenter.com.ar\/en\/wp-json\/wp\/v2\/product\/376928","targetHints":{"allow":["GET"]}}],"collection":[{"href":"https:\/\/adventurecenter.com.ar\/en\/wp-json\/wp\/v2\/product"}],"about":[{"href":"https:\/\/adventurecenter.com.ar\/en\/wp-json\/wp\/v2\/types\/product"}],"replies":[{"embeddable":true,"href":"https:\/\/adventurecenter.com.ar\/en\/wp-json\/wp\/v2\/comments?post=376928"}],"wp:featuredmedia":[{"embeddable":true,"href":"https:\/\/adventurecenter.com.ar\/en\/wp-json\/wp\/v2\/media\/379215"}],"wp:attachment":[{"href":"https:\/\/adventurecenter.com.ar\/en\/wp-json\/wp\/v2\/media?parent=376928"}],"wp:term":[{"taxonomy":"product_brand","embeddable":true,"href":"https:\/\/adventurecenter.com.ar\/en\/wp-json\/wp\/v2\/product_brand?post=376928"},{"taxonomy":"product_cat","embeddable":true,"href":"https:\/\/adventurecenter.com.ar\/en\/wp-json\/wp\/v2\/product_cat?post=376928"},{"taxonomy":"product_tag","embeddable":true,"href":"https:\/\/adventurecenter.com.ar\/en\/wp-json\/wp\/v2\/product_tag?post=376928"}],"curies":[{"name":"wp","href":"https:\/\/api.w.org\/{rel}","templated":true}]}}