{"id":376925,"date":"2026-04-09T20:12:17","date_gmt":"2026-04-09T23:12:17","guid":{"rendered":"https:\/\/adventurecenter.com.ar\/?post_type=product&#038;p=376925"},"modified":"2026-04-10T16:27:42","modified_gmt":"2026-04-10T19:27:42","slug":"traslado-cerro-catedral","status":"publish","type":"product","link":"https:\/\/adventurecenter.com.ar\/en\/product\/cathedral-hill-transfer\/","title":{"rendered":"Cerro Catedral - Comfortable transfer to enjoy the adventure in the snow"},"content":{"rendered":"<h3 data-start=\"574\" data-end=\"634\">Get to the ski center without worrying about transportation<\/h3>\n<p data-start=\"636\" data-end=\"926\">With this direct transfer to Cerro Catedral you can organize your snow day with total comfort. We take you from Bariloche to the largest ski center in South America, where you can choose your adventure activities: skiing, snowboarding, hiking or just enjoy the snowy landscapes.<\/p>\n<p data-start=\"928\" data-end=\"1030\">This transfer is ideal for those who want to optimize their time and dedicate the whole day to the mountain.<\/p>\n<h3 data-start=\"1037\" data-end=\"1067\">What is included in the experience<\/h3>\n<ul data-start=\"1069\" data-end=\"1313\">\n<li data-start=\"1069\" data-end=\"1144\">\n<p data-start=\"1071\" data-end=\"1144\">Round trip transportation from Bariloche to the base of Cerro Catedral.<\/p>\n<\/li>\n<li data-start=\"1145\" data-end=\"1236\">\n<p data-start=\"1147\" data-end=\"1236\">Efficient organization, without delays, to make the most of the day's activities.<\/p>\n<\/li>\n<li data-start=\"1237\" data-end=\"1313\">\n<p data-start=\"1239\" data-end=\"1313\">Free time inside the ski center to choose your own activities.<\/p>\n<\/li>\n<\/ul>\n<p data-start=\"1315\" data-end=\"1460\"><strong data-start=\"1315\" data-end=\"1324\">Note:<\/strong> The service includes only the transfer. Activities, passes and services within the complex are contracted independently.<\/p>\n<h3 data-start=\"1467\" data-end=\"1491\">Practical information<\/h3>\n<p data-start=\"1493\" data-end=\"1518\"><strong data-start=\"1493\" data-end=\"1516\">Departure times:<\/strong><\/p>\n<ul data-start=\"1519\" data-end=\"1585\">\n<li data-start=\"1519\" data-end=\"1553\">\n<p data-start=\"1521\" data-end=\"1553\">Morning shift: 08:00 a.m. to 4:00 p.m.<\/p>\n<\/li>\n<li data-start=\"1554\" data-end=\"1585\">\n<p data-start=\"1556\" data-end=\"1585\">Afternoon shift: 13:00 to 18:00 hs.<\/p>\n<\/li>\n<\/ul>\n<p data-start=\"1587\" data-end=\"1610\"><strong data-start=\"1587\" data-end=\"1600\">Duration:<\/strong> Half day<\/p>\n<p data-start=\"1612\" data-end=\"1762\"><strong data-start=\"1612\" data-end=\"1635\">Meeting point:<\/strong> We coordinate the closest point to your lodging, within the center of Bariloche at km 8 of Bustillo Av. or Pioneros Av.<\/p>\n<p data-start=\"1764\" data-end=\"1836\"><strong data-start=\"1764\" data-end=\"1776\">Includes:<\/strong> Round trip transportation in authorized tourist units.<\/p>\n<p data-start=\"1838\" data-end=\"1933\"><strong data-start=\"1838\" data-end=\"1853\">Does not include:<\/strong> Lunch, access passes to Cerro Catedral, equipment rental or activities.frequent questions<\/p>\n<p data-start=\"1966\" data-end=\"2069\"><strong data-start=\"1966\" data-end=\"1998\">Where does the transfer begin?<\/strong><br data-start=\"1998\" data-end=\"2001\" \/>At meeting points previously coordinated according to your accommodation.<\/p>\n<p data-start=\"2071\" data-end=\"2185\"><strong data-start=\"2071\" data-end=\"2112\">Does it include the entrance pass to the Cerro?<\/strong><br data-start=\"2112\" data-end=\"2115\" \/>No, the transfer does not include the pass. Tickets are paid at the Cerro.<\/p>\n<p data-start=\"2187\" data-end=\"2286\"><strong data-start=\"2187\" data-end=\"2221\">Are there restaurants on the Hill?<\/strong><br data-start=\"2221\" data-end=\"2224\" \/>Yes, within the complex there are different gastronomic options.<\/p>\n<p data-start=\"2288\" data-end=\"2394\"><strong data-start=\"2288\" data-end=\"2323\">Can I bring my own equipment?<\/strong><br data-start=\"2323\" data-end=\"2326\" \/>Yes, you can bring your own ski or snowboard equipment in the vehicle.<br \/>\nImportant notice: This tour is now available for advance booking. Departures operate from June 15 through August 20, subject to seasonal calendar.<br \/>\nImportant notice: This tour is now available for advance booking. Departures operate from June 1 through August 20, subject to seasonal calendar.<\/p>\n<p><strong>Important Notice<\/strong>This tour is now available for pre-booking. Departures operate from June 15 to August 20, subject to seasonal calendar.<\/p>","protected":false},"excerpt":{"rendered":"<p data-start=\"2436\" data-end=\"2581\">Transfer to Cerro Catedral from Bariloche. Round trip transportation to enjoy a day of skiing, snowboarding or snow without worrying about the trip.<\/p>","protected":false},"featured_media":379286,"comment_status":"open","ping_status":"closed","template":"","meta":[],"product_brand":[],"product_cat":[85,70,79,74,90,101,78],"product_tag":[],"class_list":{"0":"post-376925","1":"product","2":"type-product","3":"status-publish","4":"has-post-thumbnail","6":"product_cat-adultos","7":"product_cat-con-traslado","8":"product_cat-familia","9":"product_cat-invierno","10":"product_cat-ninos","11":"product_cat-sin-comida","12":"product_cat-terrestre-tipo","14":"first","15":"instock","16":"virtual","17":"sold-individually","18":"purchasable","19":"product-type-booking"},"booking_location":"","booking_location_type":"","booking_duration":1,"booking_duration_unit":"hour","booking_buffer":0,"booking_cost":0,"booking_resources":[],"exclude_global_add_ons":false,"addons":[{"name":"ADU | Adult","type":"input_multiplier","position":0,"required":false,"title_format":"label","default":"","description_enable":false,"description":"","placeholder_enable":false,"placeholder":"","display":"select","restrictions_type":"any_text","adjust_price":true,"price":"31200","price_type":"quantity_based","restrictions":false,"min":"0","max":"0","options":[],"id":1775838463}],"yoast_head":"<!-- This site is optimized with the Yoast SEO Premium plugin v24.5 (Yoast SEO v24.8) - https:\/\/yoast.com\/wordpress\/plugins\/seo\/ -->\n<title>Cerro Catedral \u2013 Traslado c\u00f3modo para disfrutar la aventura en la nieve - Adventure Center<\/title>\n<meta name=\"description\" content=\"Traslado ida y vuelta desde Bariloche al Cerro Catedral. Lleg\u00e1 f\u00e1cil al centro de ski y disfrut\u00e1 la nieve, el deporte y el paisaje sin complicarte.\" \/>\n<meta name=\"robots\" content=\"index, follow, max-snippet:-1, max-image-preview:large, max-video-preview:-1\" \/>\n<link rel=\"canonical\" href=\"https:\/\/adventurecenter.com.ar\/en\/product\/cathedral-hill-transfer\/\" \/>\n<meta property=\"og:locale\" content=\"en_US\" \/>\n<meta property=\"og:type\" content=\"article\" \/>\n<meta property=\"og:title\" content=\"Cerro Catedral \u2013 Traslado c\u00f3modo para disfrutar la aventura en la nieve\" \/>\n<meta property=\"og:description\" content=\"Traslado ida y vuelta desde Bariloche al Cerro Catedral. Lleg\u00e1 f\u00e1cil al centro de ski y disfrut\u00e1 la nieve, el deporte y el paisaje sin complicarte.\" \/>\n<meta property=\"og:url\" content=\"https:\/\/adventurecenter.com.ar\/en\/product\/cathedral-hill-transfer\/\" \/>\n<meta property=\"og:site_name\" content=\"Adventure Center\" \/>\n<meta property=\"article:modified_time\" content=\"2026-04-10T19:27:42+00:00\" \/>\n<meta property=\"og:image\" content=\"https:\/\/adventurecenter.com.ar\/wp-content\/uploads\/2025\/03\/1-D-cerro-catedral_37413885300_o-scaled.jpg\" \/>\n\t<meta property=\"og:image:width\" content=\"1920\" \/>\n\t<meta property=\"og:image:height\" content=\"2560\" \/>\n\t<meta property=\"og:image:type\" content=\"image\/jpeg\" \/>\n<meta name=\"twitter:card\" content=\"summary_large_image\" \/>\n<meta name=\"twitter:label1\" content=\"Price\" \/>\n\t<meta name=\"twitter:data1\" content=\"&#036;&nbsp;31.200,00\" \/>\n\t<meta name=\"twitter:label2\" content=\"Availability\" \/>\n\t<meta name=\"twitter:data2\" content=\"In stock\" \/>\n<script type=\"application\/ld+json\" class=\"yoast-schema-graph\">{\"@context\":\"https:\/\/schema.org\",\"@graph\":[{\"@type\":[\"WebPage\",\"ItemPage\"],\"@id\":\"https:\/\/adventurecenter.com.ar\/product\/traslado-cerro-catedral\/\",\"url\":\"https:\/\/adventurecenter.com.ar\/product\/traslado-cerro-catedral\/\",\"name\":\"Cerro Catedral \u2013 Traslado c\u00f3modo para disfrutar la aventura en la nieve - Adventure Center\",\"isPartOf\":{\"@id\":\"https:\/\/adventurecenter.com.ar\/#website\"},\"primaryImageOfPage\":{\"@id\":\"https:\/\/adventurecenter.com.ar\/product\/traslado-cerro-catedral\/#primaryimage\"},\"image\":{\"@id\":\"https:\/\/adventurecenter.com.ar\/product\/traslado-cerro-catedral\/#primaryimage\"},\"thumbnailUrl\":\"https:\/\/adventurecenter.com.ar\/wp-content\/uploads\/2025\/03\/1-D-cerro-catedral_37413885300_o-scaled.jpg\",\"datePublished\":\"2026-04-09T23:12:17+00:00\",\"dateModified\":\"2026-04-10T19:27:42+00:00\",\"description\":\"Traslado ida y vuelta desde Bariloche al Cerro Catedral. Lleg\u00e1 f\u00e1cil al centro de ski y disfrut\u00e1 la nieve, el deporte y el paisaje sin complicarte.\",\"breadcrumb\":{\"@id\":\"https:\/\/adventurecenter.com.ar\/product\/traslado-cerro-catedral\/#breadcrumb\"},\"inLanguage\":\"en-US\",\"potentialAction\":[{\"@type\":\"ReadAction\",\"target\":[\"https:\/\/adventurecenter.com.ar\/product\/traslado-cerro-catedral\/\"]}]},{\"@type\":\"ImageObject\",\"inLanguage\":\"en-US\",\"@id\":\"https:\/\/adventurecenter.com.ar\/product\/traslado-cerro-catedral\/#primaryimage\",\"url\":\"https:\/\/adventurecenter.com.ar\/wp-content\/uploads\/2025\/03\/1-D-cerro-catedral_37413885300_o-scaled.jpg\",\"contentUrl\":\"https:\/\/adventurecenter.com.ar\/wp-content\/uploads\/2025\/03\/1-D-cerro-catedral_37413885300_o-scaled.jpg\",\"width\":1920,\"height\":2560},{\"@type\":\"BreadcrumbList\",\"@id\":\"https:\/\/adventurecenter.com.ar\/product\/traslado-cerro-catedral\/#breadcrumb\",\"itemListElement\":[{\"@type\":\"ListItem\",\"position\":1,\"name\":\"Home\",\"item\":\"https:\/\/adventurecenter.com.ar\/\"},{\"@type\":\"ListItem\",\"position\":2,\"name\":\"Lista de excursiones\",\"item\":\"https:\/\/adventurecenter.com.ar\/shop\/\"},{\"@type\":\"ListItem\",\"position\":3,\"name\":\"Cerro Catedral \u2013 Traslado c\u00f3modo para disfrutar la aventura en la nieve\"}]},{\"@type\":\"WebSite\",\"@id\":\"https:\/\/adventurecenter.com.ar\/#website\",\"url\":\"https:\/\/adventurecenter.com.ar\/\",\"name\":\"Adventure Center\",\"description\":\"Turismo en Bariloche Patagonia Argentina\",\"publisher\":{\"@id\":\"https:\/\/adventurecenter.com.ar\/#organization\"},\"potentialAction\":[{\"@type\":\"SearchAction\",\"target\":{\"@type\":\"EntryPoint\",\"urlTemplate\":\"https:\/\/adventurecenter.com.ar\/?s={search_term_string}\"},\"query-input\":{\"@type\":\"PropertyValueSpecification\",\"valueRequired\":true,\"valueName\":\"search_term_string\"}}],\"inLanguage\":\"en-US\"},{\"@type\":\"Organization\",\"@id\":\"https:\/\/adventurecenter.com.ar\/#organization\",\"name\":\"Adventure Center\",\"url\":\"https:\/\/adventurecenter.com.ar\/\",\"logo\":{\"@type\":\"ImageObject\",\"inLanguage\":\"en-US\",\"@id\":\"https:\/\/adventurecenter.com.ar\/#\/schema\/logo\/image\/\",\"url\":\"https:\/\/adventurecenter.com.ar\/wp-content\/uploads\/2022\/10\/logo-definitivo-copia.png\",\"contentUrl\":\"https:\/\/adventurecenter.com.ar\/wp-content\/uploads\/2022\/10\/logo-definitivo-copia.png\",\"width\":150,\"height\":55,\"caption\":\"Adventure Center\"},\"image\":{\"@id\":\"https:\/\/adventurecenter.com.ar\/#\/schema\/logo\/image\/\"}}]}<\/script>\n<meta property=\"product:price:amount\" content=\"31200.00\" \/>\n<meta property=\"product:price:currency\" content=\"ARS\" \/>\n<meta property=\"og:availability\" content=\"instock\" \/>\n<meta property=\"product:availability\" content=\"instock\" \/>\n<meta property=\"product:retailer_item_id\" content=\"ADV2025TRALCESHGU\" \/>\n<meta property=\"product:condition\" content=\"new\" \/>\n<!-- \/ Yoast SEO Premium plugin. -->","yoast_head_json":{"title":"Cerro Catedral - Comfortable transportation to enjoy the adventure in the snow - Adventure Center","description":"Round trip transfer from Bariloche to Cerro Catedral. Get to the ski center easily and enjoy the snow, the sport and the scenery without complications.","robots":{"index":"index","follow":"follow","max-snippet":"max-snippet:-1","max-image-preview":"max-image-preview:large","max-video-preview":"max-video-preview:-1"},"canonical":"https:\/\/adventurecenter.com.ar\/en\/product\/cathedral-hill-transfer\/","og_locale":"en_US","og_type":"article","og_title":"Cerro Catedral \u2013 Traslado c\u00f3modo para disfrutar la aventura en la nieve","og_description":"Traslado ida y vuelta desde Bariloche al Cerro Catedral. Lleg\u00e1 f\u00e1cil al centro de ski y disfrut\u00e1 la nieve, el deporte y el paisaje sin complicarte.","og_url":"https:\/\/adventurecenter.com.ar\/en\/product\/cathedral-hill-transfer\/","og_site_name":"Adventure Center","article_modified_time":"2026-04-10T19:27:42+00:00","og_image":[{"width":1920,"height":2560,"url":"https:\/\/adventurecenter.com.ar\/wp-content\/uploads\/2025\/03\/1-D-cerro-catedral_37413885300_o-scaled.jpg","type":"image\/jpeg"}],"twitter_card":"summary_large_image","twitter_misc":{"Price":"&#36;&nbsp;31.200,00","Availability":"In stock"},"schema":{"@context":"https:\/\/schema.org","@graph":[{"@type":["WebPage","ItemPage"],"@id":"https:\/\/adventurecenter.com.ar\/product\/traslado-cerro-catedral\/","url":"https:\/\/adventurecenter.com.ar\/product\/traslado-cerro-catedral\/","name":"Cerro Catedral - Comfortable transportation to enjoy the adventure in the snow - Adventure Center","isPartOf":{"@id":"https:\/\/adventurecenter.com.ar\/#website"},"primaryImageOfPage":{"@id":"https:\/\/adventurecenter.com.ar\/product\/traslado-cerro-catedral\/#primaryimage"},"image":{"@id":"https:\/\/adventurecenter.com.ar\/product\/traslado-cerro-catedral\/#primaryimage"},"thumbnailUrl":"https:\/\/adventurecenter.com.ar\/wp-content\/uploads\/2025\/03\/1-D-cerro-catedral_37413885300_o-scaled.jpg","datePublished":"2026-04-09T23:12:17+00:00","dateModified":"2026-04-10T19:27:42+00:00","description":"Round trip transfer from Bariloche to Cerro Catedral. Get to the ski center easily and enjoy the snow, the sport and the scenery without complications.","breadcrumb":{"@id":"https:\/\/adventurecenter.com.ar\/product\/traslado-cerro-catedral\/#breadcrumb"},"inLanguage":"en-US","potentialAction":[{"@type":"ReadAction","target":["https:\/\/adventurecenter.com.ar\/product\/traslado-cerro-catedral\/"]}]},{"@type":"ImageObject","inLanguage":"en-US","@id":"https:\/\/adventurecenter.com.ar\/product\/traslado-cerro-catedral\/#primaryimage","url":"https:\/\/adventurecenter.com.ar\/wp-content\/uploads\/2025\/03\/1-D-cerro-catedral_37413885300_o-scaled.jpg","contentUrl":"https:\/\/adventurecenter.com.ar\/wp-content\/uploads\/2025\/03\/1-D-cerro-catedral_37413885300_o-scaled.jpg","width":1920,"height":2560},{"@type":"BreadcrumbList","@id":"https:\/\/adventurecenter.com.ar\/product\/traslado-cerro-catedral\/#breadcrumb","itemListElement":[{"@type":"ListItem","position":1,"name":"Home","item":"https:\/\/adventurecenter.com.ar\/"},{"@type":"ListItem","position":2,"name":"Lista de excursiones","item":"https:\/\/adventurecenter.com.ar\/shop\/"},{"@type":"ListItem","position":3,"name":"Cerro Catedral \u2013 Traslado c\u00f3modo para disfrutar la aventura en la nieve"}]},{"@type":"WebSite","@id":"https:\/\/adventurecenter.com.ar\/#website","url":"https:\/\/adventurecenter.com.ar\/","name":"Adventure Center","description":"Tourism in Bariloche Patagonia Argentina","publisher":{"@id":"https:\/\/adventurecenter.com.ar\/#organization"},"potentialAction":[{"@type":"SearchAction","target":{"@type":"EntryPoint","urlTemplate":"https:\/\/adventurecenter.com.ar\/?s={search_term_string}"},"query-input":{"@type":"PropertyValueSpecification","valueRequired":true,"valueName":"search_term_string"}}],"inLanguage":"en-US"},{"@type":"Organization","@id":"https:\/\/adventurecenter.com.ar\/#organization","name":"Adventure Center","url":"https:\/\/adventurecenter.com.ar\/","logo":{"@type":"ImageObject","inLanguage":"en-US","@id":"https:\/\/adventurecenter.com.ar\/#\/schema\/logo\/image\/","url":"https:\/\/adventurecenter.com.ar\/wp-content\/uploads\/2022\/10\/logo-definitivo-copia.png","contentUrl":"https:\/\/adventurecenter.com.ar\/wp-content\/uploads\/2022\/10\/logo-definitivo-copia.png","width":150,"height":55,"caption":"Adventure Center"},"image":{"@id":"https:\/\/adventurecenter.com.ar\/#\/schema\/logo\/image\/"}}]},"product_price_amount":"31200.00","product_price_currency":"ARS","og_availability":"instock","product_availability":"instock","product_retailer_item_id":"ADV2025TRALCESHGU","product_condition":"new"},"_links":{"self":[{"href":"https:\/\/adventurecenter.com.ar\/en\/wp-json\/wp\/v2\/product\/376925","targetHints":{"allow":["GET"]}}],"collection":[{"href":"https:\/\/adventurecenter.com.ar\/en\/wp-json\/wp\/v2\/product"}],"about":[{"href":"https:\/\/adventurecenter.com.ar\/en\/wp-json\/wp\/v2\/types\/product"}],"replies":[{"embeddable":true,"href":"https:\/\/adventurecenter.com.ar\/en\/wp-json\/wp\/v2\/comments?post=376925"}],"wp:featuredmedia":[{"embeddable":true,"href":"https:\/\/adventurecenter.com.ar\/en\/wp-json\/wp\/v2\/media\/379286"}],"wp:attachment":[{"href":"https:\/\/adventurecenter.com.ar\/en\/wp-json\/wp\/v2\/media?parent=376925"}],"wp:term":[{"taxonomy":"product_brand","embeddable":true,"href":"https:\/\/adventurecenter.com.ar\/en\/wp-json\/wp\/v2\/product_brand?post=376925"},{"taxonomy":"product_cat","embeddable":true,"href":"https:\/\/adventurecenter.com.ar\/en\/wp-json\/wp\/v2\/product_cat?post=376925"},{"taxonomy":"product_tag","embeddable":true,"href":"https:\/\/adventurecenter.com.ar\/en\/wp-json\/wp\/v2\/product_tag?post=376925"}],"curies":[{"name":"wp","href":"https:\/\/api.w.org\/{rel}","templated":true}]}}